{"id":188306,"date":"2019-10-08T13:04:47","date_gmt":"2019-10-08T11:04:47","guid":{"rendered":"https:\/\/moto-screenies.de\/produkt\/yamaha-mt-10sp-displayschutz-folie-moto-screenies-tachoschutzfolie-schutzglas-folie-displayfolie-made-in-germany\/"},"modified":"2026-01-26T15:26:06","modified_gmt":"2026-01-26T14:26:06","slug":"yamaha-mt-10sp-displayschutz-folie-moto-screenies-tachoschutzfolie-schutzglas-folie-displayfolie-made-in-germany","status":"publish","type":"product","link":"https:\/\/moto-screenies.de\/en\/produkt\/yamaha-mt-10sp-displayschutz-folie-moto-screenies-tachoschutzfolie-schutzglas-folie-displayfolie-made-in-germany\/","title":{"rendered":"Yamaha MT-10SP  Displayschutz-Folie  Moto Screenies Tachoschutzfolie Schutzglas-Folie Displayfolie Made in Germany"},"content":{"rendered":"<p>Erleben Sie optimalen Schutz f\u00fcr das Display Ihrer Yamaha MT-10SP mit unserer hochwertigen Tachoschutzfolie. Diese Displayschutzfolie bietet kratzfesten und langlebigen Schutz, der Ihr Display vor allt\u00e4glichen Abnutzungen und Besch\u00e4digungen bewahrt. Die passgenaue Folie l\u00e4sst sich einfach anbringen und sorgt f\u00fcr klare Sicht ohne Blasenbildung. Investieren Sie in den Werterhalt Ihres Motorrads und genie\u00dfen Sie ungetr\u00fcbte Fahrfreude. Passend f\u00fcr: Yamaha MT-10SP Tachoschutzfolie Displayschutzfolie.<\/p>\n","protected":false},"excerpt":{"rendered":"<p>Erleben Sie optimalen Schutz f\u00fcr das Display Ihrer Yamaha MT-10SP mit unserer hochwertigen Tachoschutzfolie. Diese Displayschutzfolie bietet kratzfesten und langlebigen Schutz, der Ihr Display vor allt\u00e4glichen Abnutzungen und Besch\u00e4digungen bewahrt. Die passgenaue Folie l\u00e4sst sich einfach anbringen und sorgt f\u00fcr klare Sicht ohne Blasenbildung. Investieren Sie in den Werterhalt Ihres Motorrads und genie\u00dfen Sie ungetr\u00fcbte [&hellip;]<\/p>\n","protected":false},"featured_media":192226,"comment_status":"open","ping_status":"closed","template":"","meta":{"_et_pb_use_builder":"","_et_pb_old_content":"","_et_gb_content_width":"","_uf_show_specific_survey":0,"_uf_disable_surveys":false},"product_brand":[],"product_cat":[429],"product_tag":[117],"class_list":{"0":"post-188306","1":"product","2":"type-product","3":"status-publish","4":"has-post-thumbnail","6":"product_cat-yamaha-schutzfolie-fuer-dein-motorrad","7":"product_tag-tachoschutzfolie","8":"product_shipping_class-standard","10":"first","11":"instock","12":"taxable","13":"shipping-taxable","14":"purchasable","15":"product-type-variable"},"yoast_head":"<!-- This site is optimized with the Yoast SEO plugin v27.2 - https:\/\/yoast.com\/product\/yoast-seo-wordpress\/ -->\n<title>Yamaha MT-10SP Displayschutz-Folie Moto Screenies Tachoschutzfolie Schutzglas-Folie Displayfolie Made in Germany<\/title>\n<meta name=\"description\" content=\"Entdecken Sie die perfekte Tachoschutzfolie f\u00fcr Ihre Yamaha MT-10SP. Sch\u00fctzen Sie Ihr Display vor Kratzern und Abnutzung mit unserer hochwertigen Displayschutzfolie. Ideal f\u00fcr langanhaltende Klarheit und Schutz.\" \/>\n<meta name=\"robots\" content=\"index, follow, max-snippet:-1, max-image-preview:large, max-video-preview:-1\" \/>\n<link rel=\"canonical\" href=\"https:\/\/moto-screenies.de\/en\/produkt\/yamaha-mt-10sp-displayschutz-folie-moto-screenies-tachoschutzfolie-schutzglas-folie-displayfolie-made-in-germany\/\" \/>\n<meta property=\"og:locale\" content=\"en_US\" \/>\n<meta property=\"og:type\" content=\"article\" \/>\n<meta property=\"og:title\" content=\"Yamaha MT-10SP Displayschutz-Folie Moto Screenies Tachoschutzfolie Schutzglas-Folie Displayfolie Made in Germany\" \/>\n<meta property=\"og:description\" content=\"Entdecken Sie die perfekte Tachoschutzfolie f\u00fcr Ihre Yamaha MT-10SP. Sch\u00fctzen Sie Ihr Display vor Kratzern und Abnutzung mit unserer hochwertigen Displayschutzfolie. Ideal f\u00fcr langanhaltende Klarheit und Schutz.\" \/>\n<meta property=\"og:url\" content=\"https:\/\/moto-screenies.de\/en\/produkt\/yamaha-mt-10sp-displayschutz-folie-moto-screenies-tachoschutzfolie-schutzglas-folie-displayfolie-made-in-germany\/\" \/>\n<meta property=\"og:site_name\" content=\"Moto Screenies\" \/>\n<meta property=\"article:modified_time\" content=\"2026-01-26T14:26:06+00:00\" \/>\n<meta property=\"og:image\" content=\"https:\/\/moto-screenies.de\/wp-content\/uploads\/2025\/11\/327461_Product.png\" \/>\n\t<meta property=\"og:image:width\" content=\"1500\" \/>\n\t<meta property=\"og:image:height\" content=\"1600\" \/>\n\t<meta property=\"og:image:type\" content=\"image\/png\" \/>\n<meta name=\"twitter:card\" content=\"summary_large_image\" \/>\n<script type=\"application\/ld+json\" class=\"yoast-schema-graph\">{\"@context\":\"https:\/\/schema.org\",\"@graph\":[{\"@type\":\"WebPage\",\"@id\":\"https:\/\/moto-screenies.de\/en\/produkt\/yamaha-mt-10sp-displayschutz-folie-moto-screenies-tachoschutzfolie-schutzglas-folie-displayfolie-made-in-germany\/\",\"url\":\"https:\/\/moto-screenies.de\/en\/produkt\/yamaha-mt-10sp-displayschutz-folie-moto-screenies-tachoschutzfolie-schutzglas-folie-displayfolie-made-in-germany\/\",\"name\":\"Yamaha MT-10SP Displayschutz-Folie Moto Screenies Tachoschutzfolie Schutzglas-Folie Displayfolie Made in Germany\",\"isPartOf\":{\"@id\":\"https:\/\/moto-screenies.de\/en\/#website\"},\"primaryImageOfPage\":{\"@id\":\"https:\/\/moto-screenies.de\/en\/produkt\/yamaha-mt-10sp-displayschutz-folie-moto-screenies-tachoschutzfolie-schutzglas-folie-displayfolie-made-in-germany\/#primaryimage\"},\"image\":{\"@id\":\"https:\/\/moto-screenies.de\/en\/produkt\/yamaha-mt-10sp-displayschutz-folie-moto-screenies-tachoschutzfolie-schutzglas-folie-displayfolie-made-in-germany\/#primaryimage\"},\"thumbnailUrl\":\"https:\/\/moto-screenies.de\/wp-content\/uploads\/2025\/11\/327461_Product.png\",\"datePublished\":\"2019-10-08T11:04:47+00:00\",\"dateModified\":\"2026-01-26T14:26:06+00:00\",\"description\":\"Entdecken Sie die perfekte Tachoschutzfolie f\u00fcr Ihre Yamaha MT-10SP. Sch\u00fctzen Sie Ihr Display vor Kratzern und Abnutzung mit unserer hochwertigen Displayschutzfolie. Ideal f\u00fcr langanhaltende Klarheit und Schutz.\",\"breadcrumb\":{\"@id\":\"https:\/\/moto-screenies.de\/en\/produkt\/yamaha-mt-10sp-displayschutz-folie-moto-screenies-tachoschutzfolie-schutzglas-folie-displayfolie-made-in-germany\/#breadcrumb\"},\"inLanguage\":\"en-US\",\"potentialAction\":[{\"@type\":\"ReadAction\",\"target\":[\"https:\/\/moto-screenies.de\/en\/produkt\/yamaha-mt-10sp-displayschutz-folie-moto-screenies-tachoschutzfolie-schutzglas-folie-displayfolie-made-in-germany\/\"]}]},{\"@type\":\"ImageObject\",\"inLanguage\":\"en-US\",\"@id\":\"https:\/\/moto-screenies.de\/en\/produkt\/yamaha-mt-10sp-displayschutz-folie-moto-screenies-tachoschutzfolie-schutzglas-folie-displayfolie-made-in-germany\/#primaryimage\",\"url\":\"https:\/\/moto-screenies.de\/wp-content\/uploads\/2025\/11\/327461_Product.png\",\"contentUrl\":\"https:\/\/moto-screenies.de\/wp-content\/uploads\/2025\/11\/327461_Product.png\",\"width\":1500,\"height\":1600,\"caption\":\"dashboard+folie\"},{\"@type\":\"BreadcrumbList\",\"@id\":\"https:\/\/moto-screenies.de\/en\/produkt\/yamaha-mt-10sp-displayschutz-folie-moto-screenies-tachoschutzfolie-schutzglas-folie-displayfolie-made-in-germany\/#breadcrumb\",\"itemListElement\":[{\"@type\":\"ListItem\",\"position\":1,\"name\":\"Startseite\",\"item\":\"https:\/\/moto-screenies.de\/en\/\"},{\"@type\":\"ListItem\",\"position\":2,\"name\":\"Store\",\"item\":\"https:\/\/moto-screenies.com\/shop\/\"},{\"@type\":\"ListItem\",\"position\":3,\"name\":\"Yamaha MT-10SP Displayschutz-Folie Moto Screenies Tachoschutzfolie Schutzglas-Folie Displayfolie Made in Germany\"}]},{\"@type\":\"WebSite\",\"@id\":\"https:\/\/moto-screenies.de\/en\/#website\",\"url\":\"https:\/\/moto-screenies.de\/en\/\",\"name\":\"Moto Screenies\",\"description\":\"Die Displayschutzfolie f\u00fcr dein Motorrad\",\"publisher\":{\"@id\":\"https:\/\/moto-screenies.de\/en\/#organization\"},\"alternateName\":\"MS\",\"potentialAction\":[{\"@type\":\"SearchAction\",\"target\":{\"@type\":\"EntryPoint\",\"urlTemplate\":\"https:\/\/moto-screenies.de\/en\/?s={search_term_string}\"},\"query-input\":{\"@type\":\"PropertyValueSpecification\",\"valueRequired\":true,\"valueName\":\"search_term_string\"}}],\"inLanguage\":\"en-US\"},{\"@type\":\"Organization\",\"@id\":\"https:\/\/moto-screenies.de\/en\/#organization\",\"name\":\"Moto Screenies\",\"url\":\"https:\/\/moto-screenies.de\/en\/\",\"logo\":{\"@type\":\"ImageObject\",\"inLanguage\":\"en-US\",\"@id\":\"https:\/\/moto-screenies.de\/en\/#\/schema\/logo\/image\/\",\"url\":\"\",\"contentUrl\":\"\",\"caption\":\"Moto Screenies\"},\"image\":{\"@id\":\"https:\/\/moto-screenies.de\/en\/#\/schema\/logo\/image\/\"}}]}<\/script>\n<!-- \/ Yoast SEO plugin. -->","yoast_head_json":{"title":"Yamaha MT-10SP Displayschutz-Folie Moto Screenies Tachoschutzfolie Schutzglas-Folie Displayfolie Made in Germany","description":"Entdecken Sie die perfekte Tachoschutzfolie f\u00fcr Ihre Yamaha MT-10SP. Sch\u00fctzen Sie Ihr Display vor Kratzern und Abnutzung mit unserer hochwertigen Displayschutzfolie. Ideal f\u00fcr langanhaltende Klarheit und Schutz.","robots":{"index":"index","follow":"follow","max-snippet":"max-snippet:-1","max-image-preview":"max-image-preview:large","max-video-preview":"max-video-preview:-1"},"canonical":"https:\/\/moto-screenies.de\/en\/produkt\/yamaha-mt-10sp-displayschutz-folie-moto-screenies-tachoschutzfolie-schutzglas-folie-displayfolie-made-in-germany\/","og_locale":"en_US","og_type":"article","og_title":"Yamaha MT-10SP Displayschutz-Folie Moto Screenies Tachoschutzfolie Schutzglas-Folie Displayfolie Made in Germany","og_description":"Entdecken Sie die perfekte Tachoschutzfolie f\u00fcr Ihre Yamaha MT-10SP. Sch\u00fctzen Sie Ihr Display vor Kratzern und Abnutzung mit unserer hochwertigen Displayschutzfolie. Ideal f\u00fcr langanhaltende Klarheit und Schutz.","og_url":"https:\/\/moto-screenies.de\/en\/produkt\/yamaha-mt-10sp-displayschutz-folie-moto-screenies-tachoschutzfolie-schutzglas-folie-displayfolie-made-in-germany\/","og_site_name":"Moto Screenies","article_modified_time":"2026-01-26T14:26:06+00:00","og_image":[{"width":1500,"height":1600,"url":"https:\/\/moto-screenies.de\/wp-content\/uploads\/2025\/11\/327461_Product.png","type":"image\/png"}],"twitter_card":"summary_large_image","schema":{"@context":"https:\/\/schema.org","@graph":[{"@type":"WebPage","@id":"https:\/\/moto-screenies.de\/en\/produkt\/yamaha-mt-10sp-displayschutz-folie-moto-screenies-tachoschutzfolie-schutzglas-folie-displayfolie-made-in-germany\/","url":"https:\/\/moto-screenies.de\/en\/produkt\/yamaha-mt-10sp-displayschutz-folie-moto-screenies-tachoschutzfolie-schutzglas-folie-displayfolie-made-in-germany\/","name":"Yamaha MT-10SP Displayschutz-Folie Moto Screenies Tachoschutzfolie Schutzglas-Folie Displayfolie Made in Germany","isPartOf":{"@id":"https:\/\/moto-screenies.de\/en\/#website"},"primaryImageOfPage":{"@id":"https:\/\/moto-screenies.de\/en\/produkt\/yamaha-mt-10sp-displayschutz-folie-moto-screenies-tachoschutzfolie-schutzglas-folie-displayfolie-made-in-germany\/#primaryimage"},"image":{"@id":"https:\/\/moto-screenies.de\/en\/produkt\/yamaha-mt-10sp-displayschutz-folie-moto-screenies-tachoschutzfolie-schutzglas-folie-displayfolie-made-in-germany\/#primaryimage"},"thumbnailUrl":"https:\/\/moto-screenies.de\/wp-content\/uploads\/2025\/11\/327461_Product.png","datePublished":"2019-10-08T11:04:47+00:00","dateModified":"2026-01-26T14:26:06+00:00","description":"Entdecken Sie die perfekte Tachoschutzfolie f\u00fcr Ihre Yamaha MT-10SP. Sch\u00fctzen Sie Ihr Display vor Kratzern und Abnutzung mit unserer hochwertigen Displayschutzfolie. Ideal f\u00fcr langanhaltende Klarheit und Schutz.","breadcrumb":{"@id":"https:\/\/moto-screenies.de\/en\/produkt\/yamaha-mt-10sp-displayschutz-folie-moto-screenies-tachoschutzfolie-schutzglas-folie-displayfolie-made-in-germany\/#breadcrumb"},"inLanguage":"en-US","potentialAction":[{"@type":"ReadAction","target":["https:\/\/moto-screenies.de\/en\/produkt\/yamaha-mt-10sp-displayschutz-folie-moto-screenies-tachoschutzfolie-schutzglas-folie-displayfolie-made-in-germany\/"]}]},{"@type":"ImageObject","inLanguage":"en-US","@id":"https:\/\/moto-screenies.de\/en\/produkt\/yamaha-mt-10sp-displayschutz-folie-moto-screenies-tachoschutzfolie-schutzglas-folie-displayfolie-made-in-germany\/#primaryimage","url":"https:\/\/moto-screenies.de\/wp-content\/uploads\/2025\/11\/327461_Product.png","contentUrl":"https:\/\/moto-screenies.de\/wp-content\/uploads\/2025\/11\/327461_Product.png","width":1500,"height":1600,"caption":"dashboard+folie"},{"@type":"BreadcrumbList","@id":"https:\/\/moto-screenies.de\/en\/produkt\/yamaha-mt-10sp-displayschutz-folie-moto-screenies-tachoschutzfolie-schutzglas-folie-displayfolie-made-in-germany\/#breadcrumb","itemListElement":[{"@type":"ListItem","position":1,"name":"Startseite","item":"https:\/\/moto-screenies.de\/en\/"},{"@type":"ListItem","position":2,"name":"Store","item":"https:\/\/moto-screenies.com\/shop\/"},{"@type":"ListItem","position":3,"name":"Yamaha MT-10SP Displayschutz-Folie Moto Screenies Tachoschutzfolie Schutzglas-Folie Displayfolie Made in Germany"}]},{"@type":"WebSite","@id":"https:\/\/moto-screenies.de\/en\/#website","url":"https:\/\/moto-screenies.de\/en\/","name":"Moto Screenies","description":"Die Displayschutzfolie f\u00fcr dein Motorrad","publisher":{"@id":"https:\/\/moto-screenies.de\/en\/#organization"},"alternateName":"MS","potentialAction":[{"@type":"SearchAction","target":{"@type":"EntryPoint","urlTemplate":"https:\/\/moto-screenies.de\/en\/?s={search_term_string}"},"query-input":{"@type":"PropertyValueSpecification","valueRequired":true,"valueName":"search_term_string"}}],"inLanguage":"en-US"},{"@type":"Organization","@id":"https:\/\/moto-screenies.de\/en\/#organization","name":"Moto Screenies","url":"https:\/\/moto-screenies.de\/en\/","logo":{"@type":"ImageObject","inLanguage":"en-US","@id":"https:\/\/moto-screenies.de\/en\/#\/schema\/logo\/image\/","url":"","contentUrl":"","caption":"Moto Screenies"},"image":{"@id":"https:\/\/moto-screenies.de\/en\/#\/schema\/logo\/image\/"}}]}},"_links":{"self":[{"href":"https:\/\/moto-screenies.de\/en\/wp-json\/wp\/v2\/product\/188306","targetHints":{"allow":["GET"]}}],"collection":[{"href":"https:\/\/moto-screenies.de\/en\/wp-json\/wp\/v2\/product"}],"about":[{"href":"https:\/\/moto-screenies.de\/en\/wp-json\/wp\/v2\/types\/product"}],"replies":[{"embeddable":true,"href":"https:\/\/moto-screenies.de\/en\/wp-json\/wp\/v2\/comments?post=188306"}],"wp:featuredmedia":[{"embeddable":true,"href":"https:\/\/moto-screenies.de\/en\/wp-json\/wp\/v2\/media\/192226"}],"wp:attachment":[{"href":"https:\/\/moto-screenies.de\/en\/wp-json\/wp\/v2\/media?parent=188306"}],"wp:term":[{"taxonomy":"product_brand","embeddable":true,"href":"https:\/\/moto-screenies.de\/en\/wp-json\/wp\/v2\/product_brand?post=188306"},{"taxonomy":"product_cat","embeddable":true,"href":"https:\/\/moto-screenies.de\/en\/wp-json\/wp\/v2\/product_cat?post=188306"},{"taxonomy":"product_tag","embeddable":true,"href":"https:\/\/moto-screenies.de\/en\/wp-json\/wp\/v2\/product_tag?post=188306"}],"curies":[{"name":"wp","href":"https:\/\/api.w.org\/{rel}","templated":true}]}}