{"id":188507,"date":"2021-07-07T18:20:01","date_gmt":"2021-07-07T16:20:01","guid":{"rendered":"https:\/\/moto-screenies.de\/produkt\/cfmoto-cf-250sr-250nk-250-nk-250-sr-400gt-650gt-gt-400-gt-650-gt-displayschutz-folie-moto-screenies-tachoschutzfolie-schutzglas-folie-displayfolie-made-in-germany\/"},"modified":"2026-01-26T15:30:05","modified_gmt":"2026-01-26T14:30:05","slug":"cfmoto-cf-250sr-250nk-250-nk-250-sr-400gt-650gt-gt-400-gt-650-gt-displayschutz-folie-moto-screenies-tachoschutzfolie-schutzglas-folie-displayfolie-made-in-germany","status":"publish","type":"product","link":"https:\/\/moto-screenies.de\/en\/produkt\/cfmoto-cf-250sr-250nk-250-nk-250-sr-400gt-650gt-gt-400-gt-650-gt-displayschutz-folie-moto-screenies-tachoschutzfolie-schutzglas-folie-displayfolie-made-in-germany\/","title":{"rendered":"CFMOTO CF 250SR 250NK 250 NK 250 SR 400GT 650GT GT 400 GT 650 GT Displayschutz-Folie  Moto Screenies Tachoschutzfolie Schutzglas-Folie Displayfolie Made in Germany"},"content":{"rendered":"<p>Entdecken Sie den ultimativen Schutz f\u00fcr Ihr Motorrad-Display mit unserer Tachoschutzfolie. Diese hochwertige Displayschutzfolie bietet einen zuverl\u00e4ssigen Schutz vor Kratzern, Staub und Schmutz, sodass Ihr Display stets klar und gut lesbar bleibt. Die einfache Installation erm\u00f6glicht es Ihnen, die Folie m\u00fchelos anzubringen, ohne Blasen oder R\u00fcckst\u00e4nde zu hinterlassen. Genie\u00dfen Sie eine langlebige L\u00f6sung, die speziell f\u00fcr die Anforderungen von Motorradfahrern entwickelt wurde. Investieren Sie in den Werterhalt Ihres Fahrzeugs und fahren Sie sorgenfrei. Passend f\u00fcr: Tachoschutzfolie Displayschutzfolie CFMOTO CF 250SR 250NK 250 NK 250 SR 400GT 650GT GT 400 GT 650 GT.<\/p>\n","protected":false},"excerpt":{"rendered":"<p>Entdecken Sie den ultimativen Schutz f\u00fcr Ihr Motorrad-Display mit unserer Tachoschutzfolie. Diese hochwertige Displayschutzfolie bietet einen zuverl\u00e4ssigen Schutz vor Kratzern, Staub und Schmutz, sodass Ihr Display stets klar und gut lesbar bleibt. Die einfache Installation erm\u00f6glicht es Ihnen, die Folie m\u00fchelos anzubringen, ohne Blasen oder R\u00fcckst\u00e4nde zu hinterlassen. Genie\u00dfen Sie eine langlebige L\u00f6sung, die speziell [&hellip;]<\/p>\n","protected":false},"featured_media":197650,"comment_status":"open","ping_status":"closed","template":"","meta":{"_et_pb_use_builder":"","_et_pb_old_content":"","_et_gb_content_width":"","_uf_show_specific_survey":0,"_uf_disable_surveys":false},"product_brand":[],"product_cat":[427],"product_tag":[117],"class_list":{"0":"post-188507","1":"product","2":"type-product","3":"status-publish","4":"has-post-thumbnail","6":"product_cat-cfmoto-schutzfolie-fuer-dein-motorrad","7":"product_tag-tachoschutzfolie","8":"product_shipping_class-standard","10":"first","11":"instock","12":"taxable","13":"shipping-taxable","14":"purchasable","15":"product-type-variable"},"yoast_head":"<!-- This site is optimized with the Yoast SEO plugin v27.2 - https:\/\/yoast.com\/product\/yoast-seo-wordpress\/ -->\n<title>CFMOTO CF 250SR 250NK 250 NK 250 SR 400GT 650GT GT 400 GT 650 GT Displayschutz-Folie Moto Screenies Tachoschutzfolie Schutzglas-Folie Displayfolie Made in Germany<\/title>\n<meta name=\"description\" content=\"Sch\u00fctzen Sie Ihr CFMOTO Motorrad mit unserer hochwertigen Tachoschutzfolie. Perfekt passend f\u00fcr Modelle wie CF 250SR, 250NK, 400GT und 650GT. Kratzfest und langlebig. Jetzt entdecken!\" \/>\n<meta name=\"robots\" content=\"index, follow, max-snippet:-1, max-image-preview:large, max-video-preview:-1\" \/>\n<link rel=\"canonical\" href=\"https:\/\/moto-screenies.de\/en\/produkt\/cfmoto-cf-250sr-250nk-250-nk-250-sr-400gt-650gt-gt-400-gt-650-gt-displayschutz-folie-moto-screenies-tachoschutzfolie-schutzglas-folie-displayfolie-made-in-germany\/\" \/>\n<meta property=\"og:locale\" content=\"en_US\" \/>\n<meta property=\"og:type\" content=\"article\" \/>\n<meta property=\"og:title\" content=\"CFMOTO CF 250SR 250NK 250 NK 250 SR 400GT 650GT GT 400 GT 650 GT Displayschutz-Folie Moto Screenies Tachoschutzfolie Schutzglas-Folie Displayfolie Made in Germany\" \/>\n<meta property=\"og:description\" content=\"Sch\u00fctzen Sie Ihr CFMOTO Motorrad mit unserer hochwertigen Tachoschutzfolie. Perfekt passend f\u00fcr Modelle wie CF 250SR, 250NK, 400GT und 650GT. Kratzfest und langlebig. Jetzt entdecken!\" \/>\n<meta property=\"og:url\" content=\"https:\/\/moto-screenies.de\/en\/produkt\/cfmoto-cf-250sr-250nk-250-nk-250-sr-400gt-650gt-gt-400-gt-650-gt-displayschutz-folie-moto-screenies-tachoschutzfolie-schutzglas-folie-displayfolie-made-in-germany\/\" \/>\n<meta property=\"og:site_name\" content=\"Moto Screenies\" \/>\n<meta property=\"article:modified_time\" content=\"2026-01-26T14:30:05+00:00\" \/>\n<meta property=\"og:image\" content=\"https:\/\/moto-screenies.de\/wp-content\/uploads\/2025\/11\/329243_Product.png\" \/>\n\t<meta property=\"og:image:width\" content=\"1500\" \/>\n\t<meta property=\"og:image:height\" content=\"1500\" \/>\n\t<meta property=\"og:image:type\" content=\"image\/png\" \/>\n<meta name=\"twitter:card\" content=\"summary_large_image\" \/>\n<script type=\"application\/ld+json\" class=\"yoast-schema-graph\">{\"@context\":\"https:\/\/schema.org\",\"@graph\":[{\"@type\":\"WebPage\",\"@id\":\"https:\/\/moto-screenies.de\/en\/produkt\/cfmoto-cf-250sr-250nk-250-nk-250-sr-400gt-650gt-gt-400-gt-650-gt-displayschutz-folie-moto-screenies-tachoschutzfolie-schutzglas-folie-displayfolie-made-in-germany\/\",\"url\":\"https:\/\/moto-screenies.de\/en\/produkt\/cfmoto-cf-250sr-250nk-250-nk-250-sr-400gt-650gt-gt-400-gt-650-gt-displayschutz-folie-moto-screenies-tachoschutzfolie-schutzglas-folie-displayfolie-made-in-germany\/\",\"name\":\"CFMOTO CF 250SR 250NK 250 NK 250 SR 400GT 650GT GT 400 GT 650 GT Displayschutz-Folie Moto Screenies Tachoschutzfolie Schutzglas-Folie Displayfolie Made in Germany\",\"isPartOf\":{\"@id\":\"https:\/\/moto-screenies.de\/en\/#website\"},\"primaryImageOfPage\":{\"@id\":\"https:\/\/moto-screenies.de\/en\/produkt\/cfmoto-cf-250sr-250nk-250-nk-250-sr-400gt-650gt-gt-400-gt-650-gt-displayschutz-folie-moto-screenies-tachoschutzfolie-schutzglas-folie-displayfolie-made-in-germany\/#primaryimage\"},\"image\":{\"@id\":\"https:\/\/moto-screenies.de\/en\/produkt\/cfmoto-cf-250sr-250nk-250-nk-250-sr-400gt-650gt-gt-400-gt-650-gt-displayschutz-folie-moto-screenies-tachoschutzfolie-schutzglas-folie-displayfolie-made-in-germany\/#primaryimage\"},\"thumbnailUrl\":\"https:\/\/moto-screenies.de\/wp-content\/uploads\/2025\/11\/329243_Product.png\",\"datePublished\":\"2021-07-07T16:20:01+00:00\",\"dateModified\":\"2026-01-26T14:30:05+00:00\",\"description\":\"Sch\u00fctzen Sie Ihr CFMOTO Motorrad mit unserer hochwertigen Tachoschutzfolie. Perfekt passend f\u00fcr Modelle wie CF 250SR, 250NK, 400GT und 650GT. Kratzfest und langlebig. Jetzt entdecken!\",\"breadcrumb\":{\"@id\":\"https:\/\/moto-screenies.de\/en\/produkt\/cfmoto-cf-250sr-250nk-250-nk-250-sr-400gt-650gt-gt-400-gt-650-gt-displayschutz-folie-moto-screenies-tachoschutzfolie-schutzglas-folie-displayfolie-made-in-germany\/#breadcrumb\"},\"inLanguage\":\"en-US\",\"potentialAction\":[{\"@type\":\"ReadAction\",\"target\":[\"https:\/\/moto-screenies.de\/en\/produkt\/cfmoto-cf-250sr-250nk-250-nk-250-sr-400gt-650gt-gt-400-gt-650-gt-displayschutz-folie-moto-screenies-tachoschutzfolie-schutzglas-folie-displayfolie-made-in-germany\/\"]}]},{\"@type\":\"ImageObject\",\"inLanguage\":\"en-US\",\"@id\":\"https:\/\/moto-screenies.de\/en\/produkt\/cfmoto-cf-250sr-250nk-250-nk-250-sr-400gt-650gt-gt-400-gt-650-gt-displayschutz-folie-moto-screenies-tachoschutzfolie-schutzglas-folie-displayfolie-made-in-germany\/#primaryimage\",\"url\":\"https:\/\/moto-screenies.de\/wp-content\/uploads\/2025\/11\/329243_Product.png\",\"contentUrl\":\"https:\/\/moto-screenies.de\/wp-content\/uploads\/2025\/11\/329243_Product.png\",\"width\":1500,\"height\":1500,\"caption\":\"main\"},{\"@type\":\"BreadcrumbList\",\"@id\":\"https:\/\/moto-screenies.de\/en\/produkt\/cfmoto-cf-250sr-250nk-250-nk-250-sr-400gt-650gt-gt-400-gt-650-gt-displayschutz-folie-moto-screenies-tachoschutzfolie-schutzglas-folie-displayfolie-made-in-germany\/#breadcrumb\",\"itemListElement\":[{\"@type\":\"ListItem\",\"position\":1,\"name\":\"Startseite\",\"item\":\"https:\/\/moto-screenies.de\/en\/\"},{\"@type\":\"ListItem\",\"position\":2,\"name\":\"Store\",\"item\":\"https:\/\/moto-screenies.com\/shop\/\"},{\"@type\":\"ListItem\",\"position\":3,\"name\":\"CFMOTO CF 250SR 250NK 250 NK 250 SR 400GT 650GT GT 400 GT 650 GT Displayschutz-Folie Moto Screenies Tachoschutzfolie Schutzglas-Folie Displayfolie Made in Germany\"}]},{\"@type\":\"WebSite\",\"@id\":\"https:\/\/moto-screenies.de\/en\/#website\",\"url\":\"https:\/\/moto-screenies.de\/en\/\",\"name\":\"Moto Screenies\",\"description\":\"Die Displayschutzfolie f\u00fcr dein Motorrad\",\"publisher\":{\"@id\":\"https:\/\/moto-screenies.de\/en\/#organization\"},\"alternateName\":\"MS\",\"potentialAction\":[{\"@type\":\"SearchAction\",\"target\":{\"@type\":\"EntryPoint\",\"urlTemplate\":\"https:\/\/moto-screenies.de\/en\/?s={search_term_string}\"},\"query-input\":{\"@type\":\"PropertyValueSpecification\",\"valueRequired\":true,\"valueName\":\"search_term_string\"}}],\"inLanguage\":\"en-US\"},{\"@type\":\"Organization\",\"@id\":\"https:\/\/moto-screenies.de\/en\/#organization\",\"name\":\"Moto Screenies\",\"url\":\"https:\/\/moto-screenies.de\/en\/\",\"logo\":{\"@type\":\"ImageObject\",\"inLanguage\":\"en-US\",\"@id\":\"https:\/\/moto-screenies.de\/en\/#\/schema\/logo\/image\/\",\"url\":\"\",\"contentUrl\":\"\",\"caption\":\"Moto Screenies\"},\"image\":{\"@id\":\"https:\/\/moto-screenies.de\/en\/#\/schema\/logo\/image\/\"}}]}<\/script>\n<!-- \/ Yoast SEO plugin. -->","yoast_head_json":{"title":"CFMOTO CF 250SR 250NK 250 NK 250 SR 400GT 650GT GT 400 GT 650 GT Displayschutz-Folie Moto Screenies Tachoschutzfolie Schutzglas-Folie Displayfolie Made in Germany","description":"Sch\u00fctzen Sie Ihr CFMOTO Motorrad mit unserer hochwertigen Tachoschutzfolie. Perfekt passend f\u00fcr Modelle wie CF 250SR, 250NK, 400GT und 650GT. Kratzfest und langlebig. Jetzt entdecken!","robots":{"index":"index","follow":"follow","max-snippet":"max-snippet:-1","max-image-preview":"max-image-preview:large","max-video-preview":"max-video-preview:-1"},"canonical":"https:\/\/moto-screenies.de\/en\/produkt\/cfmoto-cf-250sr-250nk-250-nk-250-sr-400gt-650gt-gt-400-gt-650-gt-displayschutz-folie-moto-screenies-tachoschutzfolie-schutzglas-folie-displayfolie-made-in-germany\/","og_locale":"en_US","og_type":"article","og_title":"CFMOTO CF 250SR 250NK 250 NK 250 SR 400GT 650GT GT 400 GT 650 GT Displayschutz-Folie Moto Screenies Tachoschutzfolie Schutzglas-Folie Displayfolie Made in Germany","og_description":"Sch\u00fctzen Sie Ihr CFMOTO Motorrad mit unserer hochwertigen Tachoschutzfolie. Perfekt passend f\u00fcr Modelle wie CF 250SR, 250NK, 400GT und 650GT. Kratzfest und langlebig. Jetzt entdecken!","og_url":"https:\/\/moto-screenies.de\/en\/produkt\/cfmoto-cf-250sr-250nk-250-nk-250-sr-400gt-650gt-gt-400-gt-650-gt-displayschutz-folie-moto-screenies-tachoschutzfolie-schutzglas-folie-displayfolie-made-in-germany\/","og_site_name":"Moto Screenies","article_modified_time":"2026-01-26T14:30:05+00:00","og_image":[{"width":1500,"height":1500,"url":"https:\/\/moto-screenies.de\/wp-content\/uploads\/2025\/11\/329243_Product.png","type":"image\/png"}],"twitter_card":"summary_large_image","schema":{"@context":"https:\/\/schema.org","@graph":[{"@type":"WebPage","@id":"https:\/\/moto-screenies.de\/en\/produkt\/cfmoto-cf-250sr-250nk-250-nk-250-sr-400gt-650gt-gt-400-gt-650-gt-displayschutz-folie-moto-screenies-tachoschutzfolie-schutzglas-folie-displayfolie-made-in-germany\/","url":"https:\/\/moto-screenies.de\/en\/produkt\/cfmoto-cf-250sr-250nk-250-nk-250-sr-400gt-650gt-gt-400-gt-650-gt-displayschutz-folie-moto-screenies-tachoschutzfolie-schutzglas-folie-displayfolie-made-in-germany\/","name":"CFMOTO CF 250SR 250NK 250 NK 250 SR 400GT 650GT GT 400 GT 650 GT Displayschutz-Folie Moto Screenies Tachoschutzfolie Schutzglas-Folie Displayfolie Made in Germany","isPartOf":{"@id":"https:\/\/moto-screenies.de\/en\/#website"},"primaryImageOfPage":{"@id":"https:\/\/moto-screenies.de\/en\/produkt\/cfmoto-cf-250sr-250nk-250-nk-250-sr-400gt-650gt-gt-400-gt-650-gt-displayschutz-folie-moto-screenies-tachoschutzfolie-schutzglas-folie-displayfolie-made-in-germany\/#primaryimage"},"image":{"@id":"https:\/\/moto-screenies.de\/en\/produkt\/cfmoto-cf-250sr-250nk-250-nk-250-sr-400gt-650gt-gt-400-gt-650-gt-displayschutz-folie-moto-screenies-tachoschutzfolie-schutzglas-folie-displayfolie-made-in-germany\/#primaryimage"},"thumbnailUrl":"https:\/\/moto-screenies.de\/wp-content\/uploads\/2025\/11\/329243_Product.png","datePublished":"2021-07-07T16:20:01+00:00","dateModified":"2026-01-26T14:30:05+00:00","description":"Sch\u00fctzen Sie Ihr CFMOTO Motorrad mit unserer hochwertigen Tachoschutzfolie. Perfekt passend f\u00fcr Modelle wie CF 250SR, 250NK, 400GT und 650GT. Kratzfest und langlebig. Jetzt entdecken!","breadcrumb":{"@id":"https:\/\/moto-screenies.de\/en\/produkt\/cfmoto-cf-250sr-250nk-250-nk-250-sr-400gt-650gt-gt-400-gt-650-gt-displayschutz-folie-moto-screenies-tachoschutzfolie-schutzglas-folie-displayfolie-made-in-germany\/#breadcrumb"},"inLanguage":"en-US","potentialAction":[{"@type":"ReadAction","target":["https:\/\/moto-screenies.de\/en\/produkt\/cfmoto-cf-250sr-250nk-250-nk-250-sr-400gt-650gt-gt-400-gt-650-gt-displayschutz-folie-moto-screenies-tachoschutzfolie-schutzglas-folie-displayfolie-made-in-germany\/"]}]},{"@type":"ImageObject","inLanguage":"en-US","@id":"https:\/\/moto-screenies.de\/en\/produkt\/cfmoto-cf-250sr-250nk-250-nk-250-sr-400gt-650gt-gt-400-gt-650-gt-displayschutz-folie-moto-screenies-tachoschutzfolie-schutzglas-folie-displayfolie-made-in-germany\/#primaryimage","url":"https:\/\/moto-screenies.de\/wp-content\/uploads\/2025\/11\/329243_Product.png","contentUrl":"https:\/\/moto-screenies.de\/wp-content\/uploads\/2025\/11\/329243_Product.png","width":1500,"height":1500,"caption":"main"},{"@type":"BreadcrumbList","@id":"https:\/\/moto-screenies.de\/en\/produkt\/cfmoto-cf-250sr-250nk-250-nk-250-sr-400gt-650gt-gt-400-gt-650-gt-displayschutz-folie-moto-screenies-tachoschutzfolie-schutzglas-folie-displayfolie-made-in-germany\/#breadcrumb","itemListElement":[{"@type":"ListItem","position":1,"name":"Startseite","item":"https:\/\/moto-screenies.de\/en\/"},{"@type":"ListItem","position":2,"name":"Store","item":"https:\/\/moto-screenies.com\/shop\/"},{"@type":"ListItem","position":3,"name":"CFMOTO CF 250SR 250NK 250 NK 250 SR 400GT 650GT GT 400 GT 650 GT Displayschutz-Folie Moto Screenies Tachoschutzfolie Schutzglas-Folie Displayfolie Made in Germany"}]},{"@type":"WebSite","@id":"https:\/\/moto-screenies.de\/en\/#website","url":"https:\/\/moto-screenies.de\/en\/","name":"Moto Screenies","description":"Die Displayschutzfolie f\u00fcr dein Motorrad","publisher":{"@id":"https:\/\/moto-screenies.de\/en\/#organization"},"alternateName":"MS","potentialAction":[{"@type":"SearchAction","target":{"@type":"EntryPoint","urlTemplate":"https:\/\/moto-screenies.de\/en\/?s={search_term_string}"},"query-input":{"@type":"PropertyValueSpecification","valueRequired":true,"valueName":"search_term_string"}}],"inLanguage":"en-US"},{"@type":"Organization","@id":"https:\/\/moto-screenies.de\/en\/#organization","name":"Moto Screenies","url":"https:\/\/moto-screenies.de\/en\/","logo":{"@type":"ImageObject","inLanguage":"en-US","@id":"https:\/\/moto-screenies.de\/en\/#\/schema\/logo\/image\/","url":"","contentUrl":"","caption":"Moto Screenies"},"image":{"@id":"https:\/\/moto-screenies.de\/en\/#\/schema\/logo\/image\/"}}]}},"_links":{"self":[{"href":"https:\/\/moto-screenies.de\/en\/wp-json\/wp\/v2\/product\/188507","targetHints":{"allow":["GET"]}}],"collection":[{"href":"https:\/\/moto-screenies.de\/en\/wp-json\/wp\/v2\/product"}],"about":[{"href":"https:\/\/moto-screenies.de\/en\/wp-json\/wp\/v2\/types\/product"}],"replies":[{"embeddable":true,"href":"https:\/\/moto-screenies.de\/en\/wp-json\/wp\/v2\/comments?post=188507"}],"wp:featuredmedia":[{"embeddable":true,"href":"https:\/\/moto-screenies.de\/en\/wp-json\/wp\/v2\/media\/197650"}],"wp:attachment":[{"href":"https:\/\/moto-screenies.de\/en\/wp-json\/wp\/v2\/media?parent=188507"}],"wp:term":[{"taxonomy":"product_brand","embeddable":true,"href":"https:\/\/moto-screenies.de\/en\/wp-json\/wp\/v2\/product_brand?post=188507"},{"taxonomy":"product_cat","embeddable":true,"href":"https:\/\/moto-screenies.de\/en\/wp-json\/wp\/v2\/product_cat?post=188507"},{"taxonomy":"product_tag","embeddable":true,"href":"https:\/\/moto-screenies.de\/en\/wp-json\/wp\/v2\/product_tag?post=188507"}],"curies":[{"name":"wp","href":"https:\/\/api.w.org\/{rel}","templated":true}]}}