{"id":188513,"date":"2021-08-13T12:57:03","date_gmt":"2021-08-13T10:57:03","guid":{"rendered":"https:\/\/moto-screenies.de\/produkt\/honda-cb1100ex-cb1100rs-cb1300-2014-displayschutz-folie-moto-screenies-tachoschutzfolie-schutzglas-folie-displayfolie-made-in-germany\/"},"modified":"2026-03-28T23:53:53","modified_gmt":"2026-03-28T22:53:53","slug":"honda-cb1100ex-cb1100rs-cb1300-2014-displayschutz-folie-moto-screenies-tachoschutzfolie-schutzglas-folie-displayfolie-made-in-germany","status":"publish","type":"product","link":"https:\/\/moto-screenies.de\/en\/produkt\/honda-cb1100ex-cb1100rs-cb1300-2014-displayschutz-folie-moto-screenies-tachoschutzfolie-schutzglas-folie-displayfolie-made-in-germany\/","title":{"rendered":"Honda CB1100EX CB1100RS CB1300 2014+ Displayschutz-Folie  Moto Screenies Tachoschutzfolie Schutzglas-Folie Displayfolie Made in Germany"},"content":{"rendered":"<p>Entdecken Sie den ultimativen Schutz f\u00fcr Ihren Motorrad-Tacho mit unserer hochwertigen Displayschutz-Folie, speziell entwickelt f\u00fcr die Modelle Honda CB1100EX, CB1100RS und CB1300 ab Baujahr 2014. Diese in Deutschland hergestellte Schutzfolie bietet optimalen Kratzschutz und sorgt daf\u00fcr, dass Ihr Tacho auch unter extremen Bedingungen klar und lesbar bleibt. Einfach anzubringen und nahezu unsichtbar, bewahrt sie den Wert und die Funktionalit\u00e4t Ihres Motorrads. Vertrauen Sie auf deutsche Qualit\u00e4t und sichern Sie sich diesen unverzichtbaren Schutz f\u00fcr Ihr Bike. <\/p>\n<p>Passend f\u00fcr: Displayschutz-Folie f\u00fcr Motorrad Tacho-Schutzfolie Made in Germany, Kratschutz geeignet f\u00fcr Honda CB1100EX CB1100RS CB1300 2014+.<\/p>\n","protected":false},"excerpt":{"rendered":"<p>Entdecken Sie den ultimativen Schutz f\u00fcr Ihren Motorrad-Tacho mit unserer hochwertigen Displayschutz-Folie, speziell entwickelt f\u00fcr die Modelle Honda CB1100EX, CB1100RS und CB1300 ab Baujahr 2014. Diese in Deutschland hergestellte Schutzfolie bietet optimalen Kratzschutz und sorgt daf\u00fcr, dass Ihr Tacho auch unter extremen Bedingungen klar und lesbar bleibt. Einfach anzubringen und nahezu unsichtbar, bewahrt sie den [&hellip;]<\/p>\n","protected":false},"featured_media":198250,"comment_status":"open","ping_status":"closed","template":"","meta":{"_et_pb_use_builder":"","_et_pb_old_content":"","_et_gb_content_width":"","_uf_show_specific_survey":0,"_uf_disable_surveys":false},"product_brand":[],"product_cat":[422],"product_tag":[117],"class_list":{"0":"post-188513","1":"product","2":"type-product","3":"status-publish","4":"has-post-thumbnail","6":"product_cat-honda-schutzfolie-fuer-dein-motorrad","7":"product_tag-tachoschutzfolie","8":"product_shipping_class-standard","10":"first","11":"instock","12":"taxable","13":"shipping-taxable","14":"purchasable","15":"product-type-variable"},"yoast_head":"<!-- This site is optimized with the Yoast SEO plugin v27.2 - https:\/\/yoast.com\/product\/yoast-seo-wordpress\/ -->\n<title>Honda CB1100EX CB1100RS CB1300 2014+ Displayschutz-Folie Moto Screenies Tachoschutzfolie Schutzglas-Folie Displayfolie Made in Germany<\/title>\n<meta name=\"description\" content=\"Entdecken Sie hochwertigen Tacho-Schutz f\u00fcr Ihre Honda CB1100EX, CB1100RS und CB1300. Unsere kratzfeste Displayschutz-Folie, Made in Germany, bietet optimalen Schutz und Langlebigkeit.\" \/>\n<meta name=\"robots\" content=\"index, follow, max-snippet:-1, max-image-preview:large, max-video-preview:-1\" \/>\n<link rel=\"canonical\" href=\"https:\/\/moto-screenies.de\/en\/produkt\/honda-cb1100ex-cb1100rs-cb1300-2014-displayschutz-folie-moto-screenies-tachoschutzfolie-schutzglas-folie-displayfolie-made-in-germany\/\" \/>\n<meta property=\"og:locale\" content=\"en_US\" \/>\n<meta property=\"og:type\" content=\"article\" \/>\n<meta property=\"og:title\" content=\"Honda CB1100EX CB1100RS CB1300 2014+ Displayschutz-Folie Moto Screenies Tachoschutzfolie Schutzglas-Folie Displayfolie Made in Germany\" \/>\n<meta property=\"og:description\" content=\"Entdecken Sie hochwertigen Tacho-Schutz f\u00fcr Ihre Honda CB1100EX, CB1100RS und CB1300. Unsere kratzfeste Displayschutz-Folie, Made in Germany, bietet optimalen Schutz und Langlebigkeit.\" \/>\n<meta property=\"og:url\" content=\"https:\/\/moto-screenies.de\/en\/produkt\/honda-cb1100ex-cb1100rs-cb1300-2014-displayschutz-folie-moto-screenies-tachoschutzfolie-schutzglas-folie-displayfolie-made-in-germany\/\" \/>\n<meta property=\"og:site_name\" content=\"Moto Screenies\" \/>\n<meta property=\"article:modified_time\" content=\"2026-03-28T22:53:53+00:00\" \/>\n<meta property=\"og:image\" content=\"https:\/\/moto-screenies.de\/wp-content\/uploads\/2025\/11\/329443_Product.png\" \/>\n\t<meta property=\"og:image:width\" content=\"1500\" \/>\n\t<meta property=\"og:image:height\" content=\"1500\" \/>\n\t<meta property=\"og:image:type\" content=\"image\/png\" \/>\n<meta name=\"twitter:card\" content=\"summary_large_image\" \/>\n<meta name=\"twitter:label1\" content=\"Est. reading time\" \/>\n\t<meta name=\"twitter:data1\" content=\"1 minute\" \/>\n<script type=\"application\/ld+json\" class=\"yoast-schema-graph\">{\"@context\":\"https:\/\/schema.org\",\"@graph\":[{\"@type\":\"WebPage\",\"@id\":\"https:\/\/moto-screenies.de\/en\/produkt\/honda-cb1100ex-cb1100rs-cb1300-2014-displayschutz-folie-moto-screenies-tachoschutzfolie-schutzglas-folie-displayfolie-made-in-germany\/\",\"url\":\"https:\/\/moto-screenies.de\/en\/produkt\/honda-cb1100ex-cb1100rs-cb1300-2014-displayschutz-folie-moto-screenies-tachoschutzfolie-schutzglas-folie-displayfolie-made-in-germany\/\",\"name\":\"Honda CB1100EX CB1100RS CB1300 2014+ Displayschutz-Folie Moto Screenies Tachoschutzfolie Schutzglas-Folie Displayfolie Made in Germany\",\"isPartOf\":{\"@id\":\"https:\/\/moto-screenies.de\/en\/#website\"},\"primaryImageOfPage\":{\"@id\":\"https:\/\/moto-screenies.de\/en\/produkt\/honda-cb1100ex-cb1100rs-cb1300-2014-displayschutz-folie-moto-screenies-tachoschutzfolie-schutzglas-folie-displayfolie-made-in-germany\/#primaryimage\"},\"image\":{\"@id\":\"https:\/\/moto-screenies.de\/en\/produkt\/honda-cb1100ex-cb1100rs-cb1300-2014-displayschutz-folie-moto-screenies-tachoschutzfolie-schutzglas-folie-displayfolie-made-in-germany\/#primaryimage\"},\"thumbnailUrl\":\"https:\/\/moto-screenies.de\/wp-content\/uploads\/2025\/11\/329443_Product.png\",\"datePublished\":\"2021-08-13T10:57:03+00:00\",\"dateModified\":\"2026-03-28T22:53:53+00:00\",\"description\":\"Entdecken Sie hochwertigen Tacho-Schutz f\u00fcr Ihre Honda CB1100EX, CB1100RS und CB1300. Unsere kratzfeste Displayschutz-Folie, Made in Germany, bietet optimalen Schutz und Langlebigkeit.\",\"breadcrumb\":{\"@id\":\"https:\/\/moto-screenies.de\/en\/produkt\/honda-cb1100ex-cb1100rs-cb1300-2014-displayschutz-folie-moto-screenies-tachoschutzfolie-schutzglas-folie-displayfolie-made-in-germany\/#breadcrumb\"},\"inLanguage\":\"en-US\",\"potentialAction\":[{\"@type\":\"ReadAction\",\"target\":[\"https:\/\/moto-screenies.de\/en\/produkt\/honda-cb1100ex-cb1100rs-cb1300-2014-displayschutz-folie-moto-screenies-tachoschutzfolie-schutzglas-folie-displayfolie-made-in-germany\/\"]}]},{\"@type\":\"ImageObject\",\"inLanguage\":\"en-US\",\"@id\":\"https:\/\/moto-screenies.de\/en\/produkt\/honda-cb1100ex-cb1100rs-cb1300-2014-displayschutz-folie-moto-screenies-tachoschutzfolie-schutzglas-folie-displayfolie-made-in-germany\/#primaryimage\",\"url\":\"https:\/\/moto-screenies.de\/wp-content\/uploads\/2025\/11\/329443_Product.png\",\"contentUrl\":\"https:\/\/moto-screenies.de\/wp-content\/uploads\/2025\/11\/329443_Product.png\",\"width\":1500,\"height\":1500,\"caption\":\"blanco_foil\"},{\"@type\":\"BreadcrumbList\",\"@id\":\"https:\/\/moto-screenies.de\/en\/produkt\/honda-cb1100ex-cb1100rs-cb1300-2014-displayschutz-folie-moto-screenies-tachoschutzfolie-schutzglas-folie-displayfolie-made-in-germany\/#breadcrumb\",\"itemListElement\":[{\"@type\":\"ListItem\",\"position\":1,\"name\":\"Startseite\",\"item\":\"https:\/\/moto-screenies.de\/en\/\"},{\"@type\":\"ListItem\",\"position\":2,\"name\":\"Store\",\"item\":\"https:\/\/moto-screenies.com\/shop\/\"},{\"@type\":\"ListItem\",\"position\":3,\"name\":\"Honda CB1100EX CB1100RS CB1300 2014+ Displayschutz-Folie Moto Screenies Tachoschutzfolie Schutzglas-Folie Displayfolie Made in Germany\"}]},{\"@type\":\"WebSite\",\"@id\":\"https:\/\/moto-screenies.de\/en\/#website\",\"url\":\"https:\/\/moto-screenies.de\/en\/\",\"name\":\"Moto Screenies\",\"description\":\"Die Displayschutzfolie f\u00fcr dein Motorrad\",\"publisher\":{\"@id\":\"https:\/\/moto-screenies.de\/en\/#organization\"},\"alternateName\":\"MS\",\"potentialAction\":[{\"@type\":\"SearchAction\",\"target\":{\"@type\":\"EntryPoint\",\"urlTemplate\":\"https:\/\/moto-screenies.de\/en\/?s={search_term_string}\"},\"query-input\":{\"@type\":\"PropertyValueSpecification\",\"valueRequired\":true,\"valueName\":\"search_term_string\"}}],\"inLanguage\":\"en-US\"},{\"@type\":\"Organization\",\"@id\":\"https:\/\/moto-screenies.de\/en\/#organization\",\"name\":\"Moto Screenies\",\"url\":\"https:\/\/moto-screenies.de\/en\/\",\"logo\":{\"@type\":\"ImageObject\",\"inLanguage\":\"en-US\",\"@id\":\"https:\/\/moto-screenies.de\/en\/#\/schema\/logo\/image\/\",\"url\":\"\",\"contentUrl\":\"\",\"caption\":\"Moto Screenies\"},\"image\":{\"@id\":\"https:\/\/moto-screenies.de\/en\/#\/schema\/logo\/image\/\"}}]}<\/script>\n<!-- \/ Yoast SEO plugin. -->","yoast_head_json":{"title":"Honda CB1100EX CB1100RS CB1300 2014+ Displayschutz-Folie Moto Screenies Tachoschutzfolie Schutzglas-Folie Displayfolie Made in Germany","description":"Entdecken Sie hochwertigen Tacho-Schutz f\u00fcr Ihre Honda CB1100EX, CB1100RS und CB1300. Unsere kratzfeste Displayschutz-Folie, Made in Germany, bietet optimalen Schutz und Langlebigkeit.","robots":{"index":"index","follow":"follow","max-snippet":"max-snippet:-1","max-image-preview":"max-image-preview:large","max-video-preview":"max-video-preview:-1"},"canonical":"https:\/\/moto-screenies.de\/en\/produkt\/honda-cb1100ex-cb1100rs-cb1300-2014-displayschutz-folie-moto-screenies-tachoschutzfolie-schutzglas-folie-displayfolie-made-in-germany\/","og_locale":"en_US","og_type":"article","og_title":"Honda CB1100EX CB1100RS CB1300 2014+ Displayschutz-Folie Moto Screenies Tachoschutzfolie Schutzglas-Folie Displayfolie Made in Germany","og_description":"Entdecken Sie hochwertigen Tacho-Schutz f\u00fcr Ihre Honda CB1100EX, CB1100RS und CB1300. Unsere kratzfeste Displayschutz-Folie, Made in Germany, bietet optimalen Schutz und Langlebigkeit.","og_url":"https:\/\/moto-screenies.de\/en\/produkt\/honda-cb1100ex-cb1100rs-cb1300-2014-displayschutz-folie-moto-screenies-tachoschutzfolie-schutzglas-folie-displayfolie-made-in-germany\/","og_site_name":"Moto Screenies","article_modified_time":"2026-03-28T22:53:53+00:00","og_image":[{"width":1500,"height":1500,"url":"https:\/\/moto-screenies.de\/wp-content\/uploads\/2025\/11\/329443_Product.png","type":"image\/png"}],"twitter_card":"summary_large_image","twitter_misc":{"Est. reading time":"1 minute"},"schema":{"@context":"https:\/\/schema.org","@graph":[{"@type":"WebPage","@id":"https:\/\/moto-screenies.de\/en\/produkt\/honda-cb1100ex-cb1100rs-cb1300-2014-displayschutz-folie-moto-screenies-tachoschutzfolie-schutzglas-folie-displayfolie-made-in-germany\/","url":"https:\/\/moto-screenies.de\/en\/produkt\/honda-cb1100ex-cb1100rs-cb1300-2014-displayschutz-folie-moto-screenies-tachoschutzfolie-schutzglas-folie-displayfolie-made-in-germany\/","name":"Honda CB1100EX CB1100RS CB1300 2014+ Displayschutz-Folie Moto Screenies Tachoschutzfolie Schutzglas-Folie Displayfolie Made in Germany","isPartOf":{"@id":"https:\/\/moto-screenies.de\/en\/#website"},"primaryImageOfPage":{"@id":"https:\/\/moto-screenies.de\/en\/produkt\/honda-cb1100ex-cb1100rs-cb1300-2014-displayschutz-folie-moto-screenies-tachoschutzfolie-schutzglas-folie-displayfolie-made-in-germany\/#primaryimage"},"image":{"@id":"https:\/\/moto-screenies.de\/en\/produkt\/honda-cb1100ex-cb1100rs-cb1300-2014-displayschutz-folie-moto-screenies-tachoschutzfolie-schutzglas-folie-displayfolie-made-in-germany\/#primaryimage"},"thumbnailUrl":"https:\/\/moto-screenies.de\/wp-content\/uploads\/2025\/11\/329443_Product.png","datePublished":"2021-08-13T10:57:03+00:00","dateModified":"2026-03-28T22:53:53+00:00","description":"Entdecken Sie hochwertigen Tacho-Schutz f\u00fcr Ihre Honda CB1100EX, CB1100RS und CB1300. Unsere kratzfeste Displayschutz-Folie, Made in Germany, bietet optimalen Schutz und Langlebigkeit.","breadcrumb":{"@id":"https:\/\/moto-screenies.de\/en\/produkt\/honda-cb1100ex-cb1100rs-cb1300-2014-displayschutz-folie-moto-screenies-tachoschutzfolie-schutzglas-folie-displayfolie-made-in-germany\/#breadcrumb"},"inLanguage":"en-US","potentialAction":[{"@type":"ReadAction","target":["https:\/\/moto-screenies.de\/en\/produkt\/honda-cb1100ex-cb1100rs-cb1300-2014-displayschutz-folie-moto-screenies-tachoschutzfolie-schutzglas-folie-displayfolie-made-in-germany\/"]}]},{"@type":"ImageObject","inLanguage":"en-US","@id":"https:\/\/moto-screenies.de\/en\/produkt\/honda-cb1100ex-cb1100rs-cb1300-2014-displayschutz-folie-moto-screenies-tachoschutzfolie-schutzglas-folie-displayfolie-made-in-germany\/#primaryimage","url":"https:\/\/moto-screenies.de\/wp-content\/uploads\/2025\/11\/329443_Product.png","contentUrl":"https:\/\/moto-screenies.de\/wp-content\/uploads\/2025\/11\/329443_Product.png","width":1500,"height":1500,"caption":"blanco_foil"},{"@type":"BreadcrumbList","@id":"https:\/\/moto-screenies.de\/en\/produkt\/honda-cb1100ex-cb1100rs-cb1300-2014-displayschutz-folie-moto-screenies-tachoschutzfolie-schutzglas-folie-displayfolie-made-in-germany\/#breadcrumb","itemListElement":[{"@type":"ListItem","position":1,"name":"Startseite","item":"https:\/\/moto-screenies.de\/en\/"},{"@type":"ListItem","position":2,"name":"Store","item":"https:\/\/moto-screenies.com\/shop\/"},{"@type":"ListItem","position":3,"name":"Honda CB1100EX CB1100RS CB1300 2014+ Displayschutz-Folie Moto Screenies Tachoschutzfolie Schutzglas-Folie Displayfolie Made in Germany"}]},{"@type":"WebSite","@id":"https:\/\/moto-screenies.de\/en\/#website","url":"https:\/\/moto-screenies.de\/en\/","name":"Moto Screenies","description":"Die Displayschutzfolie f\u00fcr dein Motorrad","publisher":{"@id":"https:\/\/moto-screenies.de\/en\/#organization"},"alternateName":"MS","potentialAction":[{"@type":"SearchAction","target":{"@type":"EntryPoint","urlTemplate":"https:\/\/moto-screenies.de\/en\/?s={search_term_string}"},"query-input":{"@type":"PropertyValueSpecification","valueRequired":true,"valueName":"search_term_string"}}],"inLanguage":"en-US"},{"@type":"Organization","@id":"https:\/\/moto-screenies.de\/en\/#organization","name":"Moto Screenies","url":"https:\/\/moto-screenies.de\/en\/","logo":{"@type":"ImageObject","inLanguage":"en-US","@id":"https:\/\/moto-screenies.de\/en\/#\/schema\/logo\/image\/","url":"","contentUrl":"","caption":"Moto Screenies"},"image":{"@id":"https:\/\/moto-screenies.de\/en\/#\/schema\/logo\/image\/"}}]}},"_links":{"self":[{"href":"https:\/\/moto-screenies.de\/en\/wp-json\/wp\/v2\/product\/188513","targetHints":{"allow":["GET"]}}],"collection":[{"href":"https:\/\/moto-screenies.de\/en\/wp-json\/wp\/v2\/product"}],"about":[{"href":"https:\/\/moto-screenies.de\/en\/wp-json\/wp\/v2\/types\/product"}],"replies":[{"embeddable":true,"href":"https:\/\/moto-screenies.de\/en\/wp-json\/wp\/v2\/comments?post=188513"}],"wp:featuredmedia":[{"embeddable":true,"href":"https:\/\/moto-screenies.de\/en\/wp-json\/wp\/v2\/media\/198250"}],"wp:attachment":[{"href":"https:\/\/moto-screenies.de\/en\/wp-json\/wp\/v2\/media?parent=188513"}],"wp:term":[{"taxonomy":"product_brand","embeddable":true,"href":"https:\/\/moto-screenies.de\/en\/wp-json\/wp\/v2\/product_brand?post=188513"},{"taxonomy":"product_cat","embeddable":true,"href":"https:\/\/moto-screenies.de\/en\/wp-json\/wp\/v2\/product_cat?post=188513"},{"taxonomy":"product_tag","embeddable":true,"href":"https:\/\/moto-screenies.de\/en\/wp-json\/wp\/v2\/product_tag?post=188513"}],"curies":[{"name":"wp","href":"https:\/\/api.w.org\/{rel}","templated":true}]}}