{"id":188637,"date":"2024-06-14T13:41:06","date_gmt":"2024-06-14T11:41:06","guid":{"rendered":"https:\/\/moto-screenies.de\/produkt\/tachoschutzfolie-displayschutzfolie-passend-fuer-yamaha-mt-09-2024\/"},"modified":"2026-02-08T17:41:43","modified_gmt":"2026-02-08T16:41:43","slug":"tachoschutzfolie-displayschutzfolie-passend-fuer-yamaha-mt-09-2024","status":"publish","type":"product","link":"https:\/\/moto-screenies.de\/en\/produkt\/tachoschutzfolie-displayschutzfolie-passend-fuer-yamaha-mt-09-2024\/","title":{"rendered":"Tachoschutzfolie Displayschutzfolie passend f\u00fcr Yamaha MT-09 2024+"},"content":{"rendered":"<p>Erleben Sie optimalen Schutz und klare Sicht mit unserer hochwertigen Tachoschutzfolie Displayschutzfolie, speziell entwickelt f\u00fcr die Yamaha MT-09 2024+. Diese Schutzfolie bewahrt das Display Ihres Motorrads vor Kratzern, Staub und Fingerabdr\u00fccken, ohne die Sicht oder Bedienbarkeit zu beeintr\u00e4chtigen. Die einfache Installation sorgt f\u00fcr einen blasenfreien Sitz, w\u00e4hrend die langlebige Qualit\u00e4t f\u00fcr best\u00e4ndigen Schutz sorgt. Investieren Sie in den Werterhalt Ihres Motorrads und genie\u00dfen Sie ungetr\u00fcbte Fahrten. Passend f\u00fcr: Tachoschutzfolie Displayschutzfolie passend f\u00fcr Yamaha MT-09 2024+.<\/p>\n","protected":false},"excerpt":{"rendered":"<p>Erleben Sie optimalen Schutz und klare Sicht mit unserer hochwertigen Tachoschutzfolie Displayschutzfolie, speziell entwickelt f\u00fcr die Yamaha MT-09 2024+. Diese Schutzfolie bewahrt das Display Ihres Motorrads vor Kratzern, Staub und Fingerabdr\u00fccken, ohne die Sicht oder Bedienbarkeit zu beeintr\u00e4chtigen. Die einfache Installation sorgt f\u00fcr einen blasenfreien Sitz, w\u00e4hrend die langlebige Qualit\u00e4t f\u00fcr best\u00e4ndigen Schutz sorgt. Investieren [&hellip;]<\/p>\n","protected":false},"featured_media":221260,"comment_status":"open","ping_status":"closed","template":"","meta":{"_et_pb_use_builder":"","_et_pb_old_content":"","_et_gb_content_width":"","_uf_show_specific_survey":0,"_uf_disable_surveys":false},"product_brand":[],"product_cat":[429],"product_tag":[117],"class_list":{"0":"post-188637","1":"product","2":"type-product","3":"status-publish","4":"has-post-thumbnail","6":"product_cat-yamaha-schutzfolie-fuer-dein-motorrad","7":"product_tag-tachoschutzfolie","8":"product_shipping_class-standard","10":"first","11":"instock","12":"taxable","13":"shipping-taxable","14":"purchasable","15":"product-type-variable"},"yoast_head":"<!-- This site is optimized with the Yoast SEO plugin v27.2 - https:\/\/yoast.com\/product\/yoast-seo-wordpress\/ -->\n<title>Tachoschutzfolie Displayschutzfolie passend f\u00fcr Yamaha MT-09 2024+<\/title>\n<meta name=\"description\" content=\"Entdecken Sie die perfekte Tachoschutzfolie f\u00fcr Ihre Yamaha MT-09 2024+. Sch\u00fctzen Sie Ihr Display vor Kratzern und Abnutzung mit unserer hochwertigen Displayschutzfolie. Ideal f\u00fcr Motorradliebhaber!\" \/>\n<meta name=\"robots\" content=\"index, follow, max-snippet:-1, max-image-preview:large, max-video-preview:-1\" \/>\n<link rel=\"canonical\" href=\"https:\/\/moto-screenies.de\/en\/produkt\/tachoschutzfolie-displayschutzfolie-passend-fuer-yamaha-mt-09-2024\/\" \/>\n<meta property=\"og:locale\" content=\"en_US\" \/>\n<meta property=\"og:type\" content=\"article\" \/>\n<meta property=\"og:title\" content=\"Tachoschutzfolie Displayschutzfolie passend f\u00fcr Yamaha MT-09 2024+\" \/>\n<meta property=\"og:description\" content=\"Entdecken Sie die perfekte Tachoschutzfolie f\u00fcr Ihre Yamaha MT-09 2024+. Sch\u00fctzen Sie Ihr Display vor Kratzern und Abnutzung mit unserer hochwertigen Displayschutzfolie. Ideal f\u00fcr Motorradliebhaber!\" \/>\n<meta property=\"og:url\" content=\"https:\/\/moto-screenies.de\/en\/produkt\/tachoschutzfolie-displayschutzfolie-passend-fuer-yamaha-mt-09-2024\/\" \/>\n<meta property=\"og:site_name\" content=\"Moto Screenies\" \/>\n<meta property=\"article:modified_time\" content=\"2026-02-08T16:41:43+00:00\" \/>\n<meta property=\"og:image\" content=\"https:\/\/moto-screenies.de\/wp-content\/uploads\/2025\/11\/353600_Product.png\" \/>\n\t<meta property=\"og:image:width\" content=\"1500\" \/>\n\t<meta property=\"og:image:height\" content=\"1500\" \/>\n\t<meta property=\"og:image:type\" content=\"image\/png\" \/>\n<meta name=\"twitter:card\" content=\"summary_large_image\" \/>\n<script type=\"application\/ld+json\" class=\"yoast-schema-graph\">{\"@context\":\"https:\/\/schema.org\",\"@graph\":[{\"@type\":\"WebPage\",\"@id\":\"https:\/\/moto-screenies.de\/en\/produkt\/tachoschutzfolie-displayschutzfolie-passend-fuer-yamaha-mt-09-2024\/\",\"url\":\"https:\/\/moto-screenies.de\/en\/produkt\/tachoschutzfolie-displayschutzfolie-passend-fuer-yamaha-mt-09-2024\/\",\"name\":\"Tachoschutzfolie Displayschutzfolie passend f\u00fcr Yamaha MT-09 2024+\",\"isPartOf\":{\"@id\":\"https:\/\/moto-screenies.de\/en\/#website\"},\"primaryImageOfPage\":{\"@id\":\"https:\/\/moto-screenies.de\/en\/produkt\/tachoschutzfolie-displayschutzfolie-passend-fuer-yamaha-mt-09-2024\/#primaryimage\"},\"image\":{\"@id\":\"https:\/\/moto-screenies.de\/en\/produkt\/tachoschutzfolie-displayschutzfolie-passend-fuer-yamaha-mt-09-2024\/#primaryimage\"},\"thumbnailUrl\":\"https:\/\/moto-screenies.de\/wp-content\/uploads\/2025\/11\/353600_Product.png\",\"datePublished\":\"2024-06-14T11:41:06+00:00\",\"dateModified\":\"2026-02-08T16:41:43+00:00\",\"description\":\"Entdecken Sie die perfekte Tachoschutzfolie f\u00fcr Ihre Yamaha MT-09 2024+. Sch\u00fctzen Sie Ihr Display vor Kratzern und Abnutzung mit unserer hochwertigen Displayschutzfolie. Ideal f\u00fcr Motorradliebhaber!\",\"breadcrumb\":{\"@id\":\"https:\/\/moto-screenies.de\/en\/produkt\/tachoschutzfolie-displayschutzfolie-passend-fuer-yamaha-mt-09-2024\/#breadcrumb\"},\"inLanguage\":\"en-US\",\"potentialAction\":[{\"@type\":\"ReadAction\",\"target\":[\"https:\/\/moto-screenies.de\/en\/produkt\/tachoschutzfolie-displayschutzfolie-passend-fuer-yamaha-mt-09-2024\/\"]}]},{\"@type\":\"ImageObject\",\"inLanguage\":\"en-US\",\"@id\":\"https:\/\/moto-screenies.de\/en\/produkt\/tachoschutzfolie-displayschutzfolie-passend-fuer-yamaha-mt-09-2024\/#primaryimage\",\"url\":\"https:\/\/moto-screenies.de\/wp-content\/uploads\/2025\/11\/353600_Product.png\",\"contentUrl\":\"https:\/\/moto-screenies.de\/wp-content\/uploads\/2025\/11\/353600_Product.png\",\"width\":1500,\"height\":1500,\"caption\":\"1 MAIN (ANTI GLARE).png\"},{\"@type\":\"BreadcrumbList\",\"@id\":\"https:\/\/moto-screenies.de\/en\/produkt\/tachoschutzfolie-displayschutzfolie-passend-fuer-yamaha-mt-09-2024\/#breadcrumb\",\"itemListElement\":[{\"@type\":\"ListItem\",\"position\":1,\"name\":\"Startseite\",\"item\":\"https:\/\/moto-screenies.de\/en\/\"},{\"@type\":\"ListItem\",\"position\":2,\"name\":\"Store\",\"item\":\"https:\/\/moto-screenies.com\/shop\/\"},{\"@type\":\"ListItem\",\"position\":3,\"name\":\"Tachoschutzfolie Displayschutzfolie passend f\u00fcr Yamaha MT-09 2024+\"}]},{\"@type\":\"WebSite\",\"@id\":\"https:\/\/moto-screenies.de\/en\/#website\",\"url\":\"https:\/\/moto-screenies.de\/en\/\",\"name\":\"Moto Screenies\",\"description\":\"Die Displayschutzfolie f\u00fcr dein Motorrad\",\"publisher\":{\"@id\":\"https:\/\/moto-screenies.de\/en\/#organization\"},\"alternateName\":\"MS\",\"potentialAction\":[{\"@type\":\"SearchAction\",\"target\":{\"@type\":\"EntryPoint\",\"urlTemplate\":\"https:\/\/moto-screenies.de\/en\/?s={search_term_string}\"},\"query-input\":{\"@type\":\"PropertyValueSpecification\",\"valueRequired\":true,\"valueName\":\"search_term_string\"}}],\"inLanguage\":\"en-US\"},{\"@type\":\"Organization\",\"@id\":\"https:\/\/moto-screenies.de\/en\/#organization\",\"name\":\"Moto Screenies\",\"url\":\"https:\/\/moto-screenies.de\/en\/\",\"logo\":{\"@type\":\"ImageObject\",\"inLanguage\":\"en-US\",\"@id\":\"https:\/\/moto-screenies.de\/en\/#\/schema\/logo\/image\/\",\"url\":\"\",\"contentUrl\":\"\",\"caption\":\"Moto Screenies\"},\"image\":{\"@id\":\"https:\/\/moto-screenies.de\/en\/#\/schema\/logo\/image\/\"}}]}<\/script>\n<!-- \/ Yoast SEO plugin. -->","yoast_head_json":{"title":"Tachoschutzfolie Displayschutzfolie passend f\u00fcr Yamaha MT-09 2024+","description":"Entdecken Sie die perfekte Tachoschutzfolie f\u00fcr Ihre Yamaha MT-09 2024+. Sch\u00fctzen Sie Ihr Display vor Kratzern und Abnutzung mit unserer hochwertigen Displayschutzfolie. Ideal f\u00fcr Motorradliebhaber!","robots":{"index":"index","follow":"follow","max-snippet":"max-snippet:-1","max-image-preview":"max-image-preview:large","max-video-preview":"max-video-preview:-1"},"canonical":"https:\/\/moto-screenies.de\/en\/produkt\/tachoschutzfolie-displayschutzfolie-passend-fuer-yamaha-mt-09-2024\/","og_locale":"en_US","og_type":"article","og_title":"Tachoschutzfolie Displayschutzfolie passend f\u00fcr Yamaha MT-09 2024+","og_description":"Entdecken Sie die perfekte Tachoschutzfolie f\u00fcr Ihre Yamaha MT-09 2024+. Sch\u00fctzen Sie Ihr Display vor Kratzern und Abnutzung mit unserer hochwertigen Displayschutzfolie. Ideal f\u00fcr Motorradliebhaber!","og_url":"https:\/\/moto-screenies.de\/en\/produkt\/tachoschutzfolie-displayschutzfolie-passend-fuer-yamaha-mt-09-2024\/","og_site_name":"Moto Screenies","article_modified_time":"2026-02-08T16:41:43+00:00","og_image":[{"width":1500,"height":1500,"url":"https:\/\/moto-screenies.de\/wp-content\/uploads\/2025\/11\/353600_Product.png","type":"image\/png"}],"twitter_card":"summary_large_image","schema":{"@context":"https:\/\/schema.org","@graph":[{"@type":"WebPage","@id":"https:\/\/moto-screenies.de\/en\/produkt\/tachoschutzfolie-displayschutzfolie-passend-fuer-yamaha-mt-09-2024\/","url":"https:\/\/moto-screenies.de\/en\/produkt\/tachoschutzfolie-displayschutzfolie-passend-fuer-yamaha-mt-09-2024\/","name":"Tachoschutzfolie Displayschutzfolie passend f\u00fcr Yamaha MT-09 2024+","isPartOf":{"@id":"https:\/\/moto-screenies.de\/en\/#website"},"primaryImageOfPage":{"@id":"https:\/\/moto-screenies.de\/en\/produkt\/tachoschutzfolie-displayschutzfolie-passend-fuer-yamaha-mt-09-2024\/#primaryimage"},"image":{"@id":"https:\/\/moto-screenies.de\/en\/produkt\/tachoschutzfolie-displayschutzfolie-passend-fuer-yamaha-mt-09-2024\/#primaryimage"},"thumbnailUrl":"https:\/\/moto-screenies.de\/wp-content\/uploads\/2025\/11\/353600_Product.png","datePublished":"2024-06-14T11:41:06+00:00","dateModified":"2026-02-08T16:41:43+00:00","description":"Entdecken Sie die perfekte Tachoschutzfolie f\u00fcr Ihre Yamaha MT-09 2024+. Sch\u00fctzen Sie Ihr Display vor Kratzern und Abnutzung mit unserer hochwertigen Displayschutzfolie. Ideal f\u00fcr Motorradliebhaber!","breadcrumb":{"@id":"https:\/\/moto-screenies.de\/en\/produkt\/tachoschutzfolie-displayschutzfolie-passend-fuer-yamaha-mt-09-2024\/#breadcrumb"},"inLanguage":"en-US","potentialAction":[{"@type":"ReadAction","target":["https:\/\/moto-screenies.de\/en\/produkt\/tachoschutzfolie-displayschutzfolie-passend-fuer-yamaha-mt-09-2024\/"]}]},{"@type":"ImageObject","inLanguage":"en-US","@id":"https:\/\/moto-screenies.de\/en\/produkt\/tachoschutzfolie-displayschutzfolie-passend-fuer-yamaha-mt-09-2024\/#primaryimage","url":"https:\/\/moto-screenies.de\/wp-content\/uploads\/2025\/11\/353600_Product.png","contentUrl":"https:\/\/moto-screenies.de\/wp-content\/uploads\/2025\/11\/353600_Product.png","width":1500,"height":1500,"caption":"1 MAIN (ANTI GLARE).png"},{"@type":"BreadcrumbList","@id":"https:\/\/moto-screenies.de\/en\/produkt\/tachoschutzfolie-displayschutzfolie-passend-fuer-yamaha-mt-09-2024\/#breadcrumb","itemListElement":[{"@type":"ListItem","position":1,"name":"Startseite","item":"https:\/\/moto-screenies.de\/en\/"},{"@type":"ListItem","position":2,"name":"Store","item":"https:\/\/moto-screenies.com\/shop\/"},{"@type":"ListItem","position":3,"name":"Tachoschutzfolie Displayschutzfolie passend f\u00fcr Yamaha MT-09 2024+"}]},{"@type":"WebSite","@id":"https:\/\/moto-screenies.de\/en\/#website","url":"https:\/\/moto-screenies.de\/en\/","name":"Moto Screenies","description":"Die Displayschutzfolie f\u00fcr dein Motorrad","publisher":{"@id":"https:\/\/moto-screenies.de\/en\/#organization"},"alternateName":"MS","potentialAction":[{"@type":"SearchAction","target":{"@type":"EntryPoint","urlTemplate":"https:\/\/moto-screenies.de\/en\/?s={search_term_string}"},"query-input":{"@type":"PropertyValueSpecification","valueRequired":true,"valueName":"search_term_string"}}],"inLanguage":"en-US"},{"@type":"Organization","@id":"https:\/\/moto-screenies.de\/en\/#organization","name":"Moto Screenies","url":"https:\/\/moto-screenies.de\/en\/","logo":{"@type":"ImageObject","inLanguage":"en-US","@id":"https:\/\/moto-screenies.de\/en\/#\/schema\/logo\/image\/","url":"","contentUrl":"","caption":"Moto Screenies"},"image":{"@id":"https:\/\/moto-screenies.de\/en\/#\/schema\/logo\/image\/"}}]}},"_links":{"self":[{"href":"https:\/\/moto-screenies.de\/en\/wp-json\/wp\/v2\/product\/188637","targetHints":{"allow":["GET"]}}],"collection":[{"href":"https:\/\/moto-screenies.de\/en\/wp-json\/wp\/v2\/product"}],"about":[{"href":"https:\/\/moto-screenies.de\/en\/wp-json\/wp\/v2\/types\/product"}],"replies":[{"embeddable":true,"href":"https:\/\/moto-screenies.de\/en\/wp-json\/wp\/v2\/comments?post=188637"}],"wp:featuredmedia":[{"embeddable":true,"href":"https:\/\/moto-screenies.de\/en\/wp-json\/wp\/v2\/media\/221260"}],"wp:attachment":[{"href":"https:\/\/moto-screenies.de\/en\/wp-json\/wp\/v2\/media?parent=188637"}],"wp:term":[{"taxonomy":"product_brand","embeddable":true,"href":"https:\/\/moto-screenies.de\/en\/wp-json\/wp\/v2\/product_brand?post=188637"},{"taxonomy":"product_cat","embeddable":true,"href":"https:\/\/moto-screenies.de\/en\/wp-json\/wp\/v2\/product_cat?post=188637"},{"taxonomy":"product_tag","embeddable":true,"href":"https:\/\/moto-screenies.de\/en\/wp-json\/wp\/v2\/product_tag?post=188637"}],"curies":[{"name":"wp","href":"https:\/\/api.w.org\/{rel}","templated":true}]}}