{"id":188640,"date":"2024-06-14T14:06:46","date_gmt":"2024-06-14T12:06:46","guid":{"rendered":"https:\/\/moto-screenies.de\/produkt\/folie-fuer-motorrad-tacho-schutzfolie-made-in-germany-kratschutz-geeignet-fuer-royal-enfield-himalayan-450-2024\/"},"modified":"2026-03-22T17:55:22","modified_gmt":"2026-03-22T16:55:22","slug":"folie-fuer-motorrad-tacho-schutzfolie-made-in-germany-kratschutz-geeignet-fuer-royal-enfield-himalayan-450-2024","status":"publish","type":"product","link":"https:\/\/moto-screenies.de\/en\/produkt\/folie-fuer-motorrad-tacho-schutzfolie-made-in-germany-kratschutz-geeignet-fuer-royal-enfield-himalayan-450-2024\/","title":{"rendered":"Folie f\u00fcr Motorrad Tacho-Schutzfolie Made in Germany, Kratschutz geeignet f\u00fcr Royal Enfield Himalayan 450 2024+"},"content":{"rendered":"<p>Entdecken Sie den optimalen Schutz f\u00fcr Ihren Motorrad-Tacho mit unserer hochwertigen Displayschutz-Folie, speziell entwickelt f\u00fcr die Royal Enfield Himalayan 450 2024+. Diese in Deutschland hergestellte Schutzfolie bietet erstklassigen Kratzschutz und bewahrt die Klarheit und Funktionalit\u00e4t Ihres Tachos. Dank pr\u00e4ziser Passform und einfacher Installation bleibt Ihr Display in makellosem Zustand, ohne Blasen oder R\u00fcckst\u00e4nde. Vertrauen Sie auf deutsche Qualit\u00e4t und sichern Sie sich den besten Schutz f\u00fcr Ihr Motorrad. Passend f\u00fcr: Displayschutz-Folie f\u00fcr Motorrad Tacho-Schutzfolie Made in Germany, Kratschutz geeignet f\u00fcr Royal Enfield Himalayan 450 2024+.<\/p>\n","protected":false},"excerpt":{"rendered":"<p>Entdecken Sie den optimalen Schutz f\u00fcr Ihren Motorrad-Tacho mit unserer hochwertigen Displayschutz-Folie, speziell entwickelt f\u00fcr die Royal Enfield Himalayan 450 2024+. Diese in Deutschland hergestellte Schutzfolie bietet erstklassigen Kratzschutz und bewahrt die Klarheit und Funktionalit\u00e4t Ihres Tachos. Dank pr\u00e4ziser Passform und einfacher Installation bleibt Ihr Display in makellosem Zustand, ohne Blasen oder R\u00fcckst\u00e4nde. Vertrauen Sie [&hellip;]<\/p>\n","protected":false},"featured_media":265454,"comment_status":"open","ping_status":"closed","template":"","meta":{"_et_pb_use_builder":"","_et_pb_old_content":"","_et_gb_content_width":"","_uf_show_specific_survey":0,"_uf_disable_surveys":false},"product_brand":[],"product_cat":[432],"product_tag":[117],"class_list":{"0":"post-188640","1":"product","2":"type-product","3":"status-publish","4":"has-post-thumbnail","6":"product_cat-sonstige-modelle","7":"product_tag-tachoschutzfolie","8":"product_shipping_class-standard","10":"first","11":"instock","12":"taxable","13":"shipping-taxable","14":"purchasable","15":"product-type-variable"},"yoast_head":"<!-- This site is optimized with the Yoast SEO plugin v27.2 - https:\/\/yoast.com\/product\/yoast-seo-wordpress\/ -->\n<title>Folie f\u00fcr Motorrad Tacho-Schutzfolie Made in Germany, Kratschutz geeignet f\u00fcr Royal Enfield Himalayan 450 2024+<\/title>\n<meta name=\"description\" content=\"Entdecken Sie die hochwertige Displayschutzfolie f\u00fcr den Motorrad-Tacho der Royal Enfield Himalayan 450 2024+. Made in Germany, bietet sie optimalen Kratzschutz und Langlebigkeit. Perfekte Passform und einfache Installation!\" \/>\n<meta name=\"robots\" content=\"index, follow, max-snippet:-1, max-image-preview:large, max-video-preview:-1\" \/>\n<link rel=\"canonical\" href=\"https:\/\/moto-screenies.de\/en\/produkt\/folie-fuer-motorrad-tacho-schutzfolie-made-in-germany-kratschutz-geeignet-fuer-royal-enfield-himalayan-450-2024\/\" \/>\n<meta property=\"og:locale\" content=\"en_US\" \/>\n<meta property=\"og:type\" content=\"article\" \/>\n<meta property=\"og:title\" content=\"Folie f\u00fcr Motorrad Tacho-Schutzfolie Made in Germany, Kratschutz geeignet f\u00fcr Royal Enfield Himalayan 450 2024+\" \/>\n<meta property=\"og:description\" content=\"Entdecken Sie die hochwertige Displayschutzfolie f\u00fcr den Motorrad-Tacho der Royal Enfield Himalayan 450 2024+. Made in Germany, bietet sie optimalen Kratzschutz und Langlebigkeit. Perfekte Passform und einfache Installation!\" \/>\n<meta property=\"og:url\" content=\"https:\/\/moto-screenies.de\/en\/produkt\/folie-fuer-motorrad-tacho-schutzfolie-made-in-germany-kratschutz-geeignet-fuer-royal-enfield-himalayan-450-2024\/\" \/>\n<meta property=\"og:site_name\" content=\"Moto Screenies\" \/>\n<meta property=\"article:modified_time\" content=\"2026-03-22T16:55:22+00:00\" \/>\n<meta property=\"og:image\" content=\"https:\/\/moto-screenies.de\/wp-content\/uploads\/2024\/06\/MS274v5.png\" \/>\n\t<meta property=\"og:image:width\" content=\"1500\" \/>\n\t<meta property=\"og:image:height\" content=\"1500\" \/>\n\t<meta property=\"og:image:type\" content=\"image\/png\" \/>\n<meta name=\"twitter:card\" content=\"summary_large_image\" \/>\n<meta name=\"twitter:label1\" content=\"Est. reading time\" \/>\n\t<meta name=\"twitter:data1\" content=\"1 minute\" \/>\n<script type=\"application\/ld+json\" class=\"yoast-schema-graph\">{\"@context\":\"https:\/\/schema.org\",\"@graph\":[{\"@type\":\"WebPage\",\"@id\":\"https:\/\/moto-screenies.de\/en\/produkt\/folie-fuer-motorrad-tacho-schutzfolie-made-in-germany-kratschutz-geeignet-fuer-royal-enfield-himalayan-450-2024\/\",\"url\":\"https:\/\/moto-screenies.de\/en\/produkt\/folie-fuer-motorrad-tacho-schutzfolie-made-in-germany-kratschutz-geeignet-fuer-royal-enfield-himalayan-450-2024\/\",\"name\":\"Folie f\u00fcr Motorrad Tacho-Schutzfolie Made in Germany, Kratschutz geeignet f\u00fcr Royal Enfield Himalayan 450 2024+\",\"isPartOf\":{\"@id\":\"https:\/\/moto-screenies.de\/en\/#website\"},\"primaryImageOfPage\":{\"@id\":\"https:\/\/moto-screenies.de\/en\/produkt\/folie-fuer-motorrad-tacho-schutzfolie-made-in-germany-kratschutz-geeignet-fuer-royal-enfield-himalayan-450-2024\/#primaryimage\"},\"image\":{\"@id\":\"https:\/\/moto-screenies.de\/en\/produkt\/folie-fuer-motorrad-tacho-schutzfolie-made-in-germany-kratschutz-geeignet-fuer-royal-enfield-himalayan-450-2024\/#primaryimage\"},\"thumbnailUrl\":\"https:\/\/moto-screenies.de\/wp-content\/uploads\/2024\/06\/MS274v5.png\",\"datePublished\":\"2024-06-14T12:06:46+00:00\",\"dateModified\":\"2026-03-22T16:55:22+00:00\",\"description\":\"Entdecken Sie die hochwertige Displayschutzfolie f\u00fcr den Motorrad-Tacho der Royal Enfield Himalayan 450 2024+. Made in Germany, bietet sie optimalen Kratzschutz und Langlebigkeit. Perfekte Passform und einfache Installation!\",\"breadcrumb\":{\"@id\":\"https:\/\/moto-screenies.de\/en\/produkt\/folie-fuer-motorrad-tacho-schutzfolie-made-in-germany-kratschutz-geeignet-fuer-royal-enfield-himalayan-450-2024\/#breadcrumb\"},\"inLanguage\":\"en-US\",\"potentialAction\":[{\"@type\":\"ReadAction\",\"target\":[\"https:\/\/moto-screenies.de\/en\/produkt\/folie-fuer-motorrad-tacho-schutzfolie-made-in-germany-kratschutz-geeignet-fuer-royal-enfield-himalayan-450-2024\/\"]}]},{\"@type\":\"ImageObject\",\"inLanguage\":\"en-US\",\"@id\":\"https:\/\/moto-screenies.de\/en\/produkt\/folie-fuer-motorrad-tacho-schutzfolie-made-in-germany-kratschutz-geeignet-fuer-royal-enfield-himalayan-450-2024\/#primaryimage\",\"url\":\"https:\/\/moto-screenies.de\/wp-content\/uploads\/2024\/06\/MS274v5.png\",\"contentUrl\":\"https:\/\/moto-screenies.de\/wp-content\/uploads\/2024\/06\/MS274v5.png\",\"width\":1500,\"height\":1500,\"caption\":\"Moto Screenies\"},{\"@type\":\"BreadcrumbList\",\"@id\":\"https:\/\/moto-screenies.de\/en\/produkt\/folie-fuer-motorrad-tacho-schutzfolie-made-in-germany-kratschutz-geeignet-fuer-royal-enfield-himalayan-450-2024\/#breadcrumb\",\"itemListElement\":[{\"@type\":\"ListItem\",\"position\":1,\"name\":\"Startseite\",\"item\":\"https:\/\/moto-screenies.de\/en\/\"},{\"@type\":\"ListItem\",\"position\":2,\"name\":\"Store\",\"item\":\"https:\/\/moto-screenies.com\/shop\/\"},{\"@type\":\"ListItem\",\"position\":3,\"name\":\"Folie f\u00fcr Motorrad Tacho-Schutzfolie Made in Germany, Kratschutz geeignet f\u00fcr Royal Enfield Himalayan 450 2024+\"}]},{\"@type\":\"WebSite\",\"@id\":\"https:\/\/moto-screenies.de\/en\/#website\",\"url\":\"https:\/\/moto-screenies.de\/en\/\",\"name\":\"Moto Screenies\",\"description\":\"Die Displayschutzfolie f\u00fcr dein Motorrad\",\"publisher\":{\"@id\":\"https:\/\/moto-screenies.de\/en\/#organization\"},\"alternateName\":\"MS\",\"potentialAction\":[{\"@type\":\"SearchAction\",\"target\":{\"@type\":\"EntryPoint\",\"urlTemplate\":\"https:\/\/moto-screenies.de\/en\/?s={search_term_string}\"},\"query-input\":{\"@type\":\"PropertyValueSpecification\",\"valueRequired\":true,\"valueName\":\"search_term_string\"}}],\"inLanguage\":\"en-US\"},{\"@type\":\"Organization\",\"@id\":\"https:\/\/moto-screenies.de\/en\/#organization\",\"name\":\"Moto Screenies\",\"url\":\"https:\/\/moto-screenies.de\/en\/\",\"logo\":{\"@type\":\"ImageObject\",\"inLanguage\":\"en-US\",\"@id\":\"https:\/\/moto-screenies.de\/en\/#\/schema\/logo\/image\/\",\"url\":\"\",\"contentUrl\":\"\",\"caption\":\"Moto Screenies\"},\"image\":{\"@id\":\"https:\/\/moto-screenies.de\/en\/#\/schema\/logo\/image\/\"}}]}<\/script>\n<!-- \/ Yoast SEO plugin. -->","yoast_head_json":{"title":"Folie f\u00fcr Motorrad Tacho-Schutzfolie Made in Germany, Kratschutz geeignet f\u00fcr Royal Enfield Himalayan 450 2024+","description":"Entdecken Sie die hochwertige Displayschutzfolie f\u00fcr den Motorrad-Tacho der Royal Enfield Himalayan 450 2024+. Made in Germany, bietet sie optimalen Kratzschutz und Langlebigkeit. Perfekte Passform und einfache Installation!","robots":{"index":"index","follow":"follow","max-snippet":"max-snippet:-1","max-image-preview":"max-image-preview:large","max-video-preview":"max-video-preview:-1"},"canonical":"https:\/\/moto-screenies.de\/en\/produkt\/folie-fuer-motorrad-tacho-schutzfolie-made-in-germany-kratschutz-geeignet-fuer-royal-enfield-himalayan-450-2024\/","og_locale":"en_US","og_type":"article","og_title":"Folie f\u00fcr Motorrad Tacho-Schutzfolie Made in Germany, Kratschutz geeignet f\u00fcr Royal Enfield Himalayan 450 2024+","og_description":"Entdecken Sie die hochwertige Displayschutzfolie f\u00fcr den Motorrad-Tacho der Royal Enfield Himalayan 450 2024+. Made in Germany, bietet sie optimalen Kratzschutz und Langlebigkeit. Perfekte Passform und einfache Installation!","og_url":"https:\/\/moto-screenies.de\/en\/produkt\/folie-fuer-motorrad-tacho-schutzfolie-made-in-germany-kratschutz-geeignet-fuer-royal-enfield-himalayan-450-2024\/","og_site_name":"Moto Screenies","article_modified_time":"2026-03-22T16:55:22+00:00","og_image":[{"width":1500,"height":1500,"url":"https:\/\/moto-screenies.de\/wp-content\/uploads\/2024\/06\/MS274v5.png","type":"image\/png"}],"twitter_card":"summary_large_image","twitter_misc":{"Est. reading time":"1 minute"},"schema":{"@context":"https:\/\/schema.org","@graph":[{"@type":"WebPage","@id":"https:\/\/moto-screenies.de\/en\/produkt\/folie-fuer-motorrad-tacho-schutzfolie-made-in-germany-kratschutz-geeignet-fuer-royal-enfield-himalayan-450-2024\/","url":"https:\/\/moto-screenies.de\/en\/produkt\/folie-fuer-motorrad-tacho-schutzfolie-made-in-germany-kratschutz-geeignet-fuer-royal-enfield-himalayan-450-2024\/","name":"Folie f\u00fcr Motorrad Tacho-Schutzfolie Made in Germany, Kratschutz geeignet f\u00fcr Royal Enfield Himalayan 450 2024+","isPartOf":{"@id":"https:\/\/moto-screenies.de\/en\/#website"},"primaryImageOfPage":{"@id":"https:\/\/moto-screenies.de\/en\/produkt\/folie-fuer-motorrad-tacho-schutzfolie-made-in-germany-kratschutz-geeignet-fuer-royal-enfield-himalayan-450-2024\/#primaryimage"},"image":{"@id":"https:\/\/moto-screenies.de\/en\/produkt\/folie-fuer-motorrad-tacho-schutzfolie-made-in-germany-kratschutz-geeignet-fuer-royal-enfield-himalayan-450-2024\/#primaryimage"},"thumbnailUrl":"https:\/\/moto-screenies.de\/wp-content\/uploads\/2024\/06\/MS274v5.png","datePublished":"2024-06-14T12:06:46+00:00","dateModified":"2026-03-22T16:55:22+00:00","description":"Entdecken Sie die hochwertige Displayschutzfolie f\u00fcr den Motorrad-Tacho der Royal Enfield Himalayan 450 2024+. Made in Germany, bietet sie optimalen Kratzschutz und Langlebigkeit. Perfekte Passform und einfache Installation!","breadcrumb":{"@id":"https:\/\/moto-screenies.de\/en\/produkt\/folie-fuer-motorrad-tacho-schutzfolie-made-in-germany-kratschutz-geeignet-fuer-royal-enfield-himalayan-450-2024\/#breadcrumb"},"inLanguage":"en-US","potentialAction":[{"@type":"ReadAction","target":["https:\/\/moto-screenies.de\/en\/produkt\/folie-fuer-motorrad-tacho-schutzfolie-made-in-germany-kratschutz-geeignet-fuer-royal-enfield-himalayan-450-2024\/"]}]},{"@type":"ImageObject","inLanguage":"en-US","@id":"https:\/\/moto-screenies.de\/en\/produkt\/folie-fuer-motorrad-tacho-schutzfolie-made-in-germany-kratschutz-geeignet-fuer-royal-enfield-himalayan-450-2024\/#primaryimage","url":"https:\/\/moto-screenies.de\/wp-content\/uploads\/2024\/06\/MS274v5.png","contentUrl":"https:\/\/moto-screenies.de\/wp-content\/uploads\/2024\/06\/MS274v5.png","width":1500,"height":1500,"caption":"Moto Screenies"},{"@type":"BreadcrumbList","@id":"https:\/\/moto-screenies.de\/en\/produkt\/folie-fuer-motorrad-tacho-schutzfolie-made-in-germany-kratschutz-geeignet-fuer-royal-enfield-himalayan-450-2024\/#breadcrumb","itemListElement":[{"@type":"ListItem","position":1,"name":"Startseite","item":"https:\/\/moto-screenies.de\/en\/"},{"@type":"ListItem","position":2,"name":"Store","item":"https:\/\/moto-screenies.com\/shop\/"},{"@type":"ListItem","position":3,"name":"Folie f\u00fcr Motorrad Tacho-Schutzfolie Made in Germany, Kratschutz geeignet f\u00fcr Royal Enfield Himalayan 450 2024+"}]},{"@type":"WebSite","@id":"https:\/\/moto-screenies.de\/en\/#website","url":"https:\/\/moto-screenies.de\/en\/","name":"Moto Screenies","description":"Die Displayschutzfolie f\u00fcr dein Motorrad","publisher":{"@id":"https:\/\/moto-screenies.de\/en\/#organization"},"alternateName":"MS","potentialAction":[{"@type":"SearchAction","target":{"@type":"EntryPoint","urlTemplate":"https:\/\/moto-screenies.de\/en\/?s={search_term_string}"},"query-input":{"@type":"PropertyValueSpecification","valueRequired":true,"valueName":"search_term_string"}}],"inLanguage":"en-US"},{"@type":"Organization","@id":"https:\/\/moto-screenies.de\/en\/#organization","name":"Moto Screenies","url":"https:\/\/moto-screenies.de\/en\/","logo":{"@type":"ImageObject","inLanguage":"en-US","@id":"https:\/\/moto-screenies.de\/en\/#\/schema\/logo\/image\/","url":"","contentUrl":"","caption":"Moto Screenies"},"image":{"@id":"https:\/\/moto-screenies.de\/en\/#\/schema\/logo\/image\/"}}]}},"_links":{"self":[{"href":"https:\/\/moto-screenies.de\/en\/wp-json\/wp\/v2\/product\/188640","targetHints":{"allow":["GET"]}}],"collection":[{"href":"https:\/\/moto-screenies.de\/en\/wp-json\/wp\/v2\/product"}],"about":[{"href":"https:\/\/moto-screenies.de\/en\/wp-json\/wp\/v2\/types\/product"}],"replies":[{"embeddable":true,"href":"https:\/\/moto-screenies.de\/en\/wp-json\/wp\/v2\/comments?post=188640"}],"wp:featuredmedia":[{"embeddable":true,"href":"https:\/\/moto-screenies.de\/en\/wp-json\/wp\/v2\/media\/265454"}],"wp:attachment":[{"href":"https:\/\/moto-screenies.de\/en\/wp-json\/wp\/v2\/media?parent=188640"}],"wp:term":[{"taxonomy":"product_brand","embeddable":true,"href":"https:\/\/moto-screenies.de\/en\/wp-json\/wp\/v2\/product_brand?post=188640"},{"taxonomy":"product_cat","embeddable":true,"href":"https:\/\/moto-screenies.de\/en\/wp-json\/wp\/v2\/product_cat?post=188640"},{"taxonomy":"product_tag","embeddable":true,"href":"https:\/\/moto-screenies.de\/en\/wp-json\/wp\/v2\/product_tag?post=188640"}],"curies":[{"name":"wp","href":"https:\/\/api.w.org\/{rel}","templated":true}]}}