{"id":188648,"date":"2024-07-03T12:21:57","date_gmt":"2024-07-03T10:21:57","guid":{"rendered":"https:\/\/moto-screenies.de\/produkt\/tachoschutzfolie-displayschutzfolie-passend-fuer-cf-moto-cforce-1000-2023\/"},"modified":"2026-01-26T15:48:30","modified_gmt":"2026-01-26T14:48:30","slug":"tachoschutzfolie-displayschutzfolie-passend-fuer-cf-moto-cforce-1000-2023","status":"publish","type":"product","link":"https:\/\/moto-screenies.de\/en\/produkt\/tachoschutzfolie-displayschutzfolie-passend-fuer-cf-moto-cforce-1000-2023\/","title":{"rendered":"Tachoschutzfolie Displayschutzfolie passend f\u00fcr CF Moto CForce 1000  2023"},"content":{"rendered":"<p>Sch\u00fctzen Sie das empfindliche Display Ihres CF Moto CForce 1000 2023 mit unserer hochwertigen Tachoschutzfolie Displayschutzfolie. Diese speziell angefertigte Folie bietet optimalen Schutz vor Kratzern, Staub und Fingerabdr\u00fccken, ohne die Sicht oder Bedienung zu beeintr\u00e4chtigen. Die einfache Installation garantiert eine blasenfreie Anbringung und sorgt f\u00fcr eine langanhaltende Klarheit. Vertrauen Sie auf den perfekten Schutz f\u00fcr Ihr Fahrzeug, damit Sie sich auf das Wesentliche konzentrieren k\u00f6nnen \u2013 das Fahren. Passend f\u00fcr: Tachoschutzfolie Displayschutzfolie passend f\u00fcr CF Moto CForce 1000 2023.<\/p>\n","protected":false},"excerpt":{"rendered":"<p>Sch\u00fctzen Sie das empfindliche Display Ihres CF Moto CForce 1000 2023 mit unserer hochwertigen Tachoschutzfolie Displayschutzfolie. Diese speziell angefertigte Folie bietet optimalen Schutz vor Kratzern, Staub und Fingerabdr\u00fccken, ohne die Sicht oder Bedienung zu beeintr\u00e4chtigen. Die einfache Installation garantiert eine blasenfreie Anbringung und sorgt f\u00fcr eine langanhaltende Klarheit. Vertrauen Sie auf den perfekten Schutz f\u00fcr [&hellip;]<\/p>\n","protected":false},"featured_media":221074,"comment_status":"open","ping_status":"closed","template":"","meta":{"_et_pb_use_builder":"","_et_pb_old_content":"","_et_gb_content_width":"","_uf_show_specific_survey":0,"_uf_disable_surveys":false},"product_brand":[],"product_cat":[427],"product_tag":[117],"class_list":{"0":"post-188648","1":"product","2":"type-product","3":"status-publish","4":"has-post-thumbnail","6":"product_cat-cfmoto-schutzfolie-fuer-dein-motorrad","7":"product_tag-tachoschutzfolie","8":"product_shipping_class-standard","10":"first","11":"instock","12":"taxable","13":"shipping-taxable","14":"purchasable","15":"product-type-variable"},"yoast_head":"<!-- This site is optimized with the Yoast SEO plugin v27.2 - https:\/\/yoast.com\/product\/yoast-seo-wordpress\/ -->\n<title>Tachoschutzfolie Displayschutzfolie passend f\u00fcr CF Moto CForce 1000 2023<\/title>\n<meta name=\"description\" content=\"Entdecken Sie die perfekte Tachoschutzfolie f\u00fcr Ihre CF Moto CForce 1000 (2023). Sch\u00fctzen Sie Ihr Display mit unserer hochwertigen Displayschutzfolie vor Kratzern und Abnutzung. Ideal f\u00fcr eine klare Sicht und langanhaltenden Schutz.\" \/>\n<meta name=\"robots\" content=\"index, follow, max-snippet:-1, max-image-preview:large, max-video-preview:-1\" \/>\n<link rel=\"canonical\" href=\"https:\/\/moto-screenies.de\/en\/produkt\/tachoschutzfolie-displayschutzfolie-passend-fuer-cf-moto-cforce-1000-2023\/\" \/>\n<meta property=\"og:locale\" content=\"en_US\" \/>\n<meta property=\"og:type\" content=\"article\" \/>\n<meta property=\"og:title\" content=\"Tachoschutzfolie Displayschutzfolie passend f\u00fcr CF Moto CForce 1000 2023\" \/>\n<meta property=\"og:description\" content=\"Entdecken Sie die perfekte Tachoschutzfolie f\u00fcr Ihre CF Moto CForce 1000 (2023). Sch\u00fctzen Sie Ihr Display mit unserer hochwertigen Displayschutzfolie vor Kratzern und Abnutzung. Ideal f\u00fcr eine klare Sicht und langanhaltenden Schutz.\" \/>\n<meta property=\"og:url\" content=\"https:\/\/moto-screenies.de\/en\/produkt\/tachoschutzfolie-displayschutzfolie-passend-fuer-cf-moto-cforce-1000-2023\/\" \/>\n<meta property=\"og:site_name\" content=\"Moto Screenies\" \/>\n<meta property=\"article:modified_time\" content=\"2026-01-26T14:48:30+00:00\" \/>\n<meta property=\"og:image\" content=\"https:\/\/moto-screenies.de\/wp-content\/uploads\/2025\/11\/349171_Product.png\" \/>\n\t<meta property=\"og:image:width\" content=\"1500\" \/>\n\t<meta property=\"og:image:height\" content=\"1500\" \/>\n\t<meta property=\"og:image:type\" content=\"image\/png\" \/>\n<meta name=\"twitter:card\" content=\"summary_large_image\" \/>\n<script type=\"application\/ld+json\" class=\"yoast-schema-graph\">{\"@context\":\"https:\/\/schema.org\",\"@graph\":[{\"@type\":\"WebPage\",\"@id\":\"https:\/\/moto-screenies.de\/en\/produkt\/tachoschutzfolie-displayschutzfolie-passend-fuer-cf-moto-cforce-1000-2023\/\",\"url\":\"https:\/\/moto-screenies.de\/en\/produkt\/tachoschutzfolie-displayschutzfolie-passend-fuer-cf-moto-cforce-1000-2023\/\",\"name\":\"Tachoschutzfolie Displayschutzfolie passend f\u00fcr CF Moto CForce 1000 2023\",\"isPartOf\":{\"@id\":\"https:\/\/moto-screenies.de\/en\/#website\"},\"primaryImageOfPage\":{\"@id\":\"https:\/\/moto-screenies.de\/en\/produkt\/tachoschutzfolie-displayschutzfolie-passend-fuer-cf-moto-cforce-1000-2023\/#primaryimage\"},\"image\":{\"@id\":\"https:\/\/moto-screenies.de\/en\/produkt\/tachoschutzfolie-displayschutzfolie-passend-fuer-cf-moto-cforce-1000-2023\/#primaryimage\"},\"thumbnailUrl\":\"https:\/\/moto-screenies.de\/wp-content\/uploads\/2025\/11\/349171_Product.png\",\"datePublished\":\"2024-07-03T10:21:57+00:00\",\"dateModified\":\"2026-01-26T14:48:30+00:00\",\"description\":\"Entdecken Sie die perfekte Tachoschutzfolie f\u00fcr Ihre CF Moto CForce 1000 (2023). Sch\u00fctzen Sie Ihr Display mit unserer hochwertigen Displayschutzfolie vor Kratzern und Abnutzung. Ideal f\u00fcr eine klare Sicht und langanhaltenden Schutz.\",\"breadcrumb\":{\"@id\":\"https:\/\/moto-screenies.de\/en\/produkt\/tachoschutzfolie-displayschutzfolie-passend-fuer-cf-moto-cforce-1000-2023\/#breadcrumb\"},\"inLanguage\":\"en-US\",\"potentialAction\":[{\"@type\":\"ReadAction\",\"target\":[\"https:\/\/moto-screenies.de\/en\/produkt\/tachoschutzfolie-displayschutzfolie-passend-fuer-cf-moto-cforce-1000-2023\/\"]}]},{\"@type\":\"ImageObject\",\"inLanguage\":\"en-US\",\"@id\":\"https:\/\/moto-screenies.de\/en\/produkt\/tachoschutzfolie-displayschutzfolie-passend-fuer-cf-moto-cforce-1000-2023\/#primaryimage\",\"url\":\"https:\/\/moto-screenies.de\/wp-content\/uploads\/2025\/11\/349171_Product.png\",\"contentUrl\":\"https:\/\/moto-screenies.de\/wp-content\/uploads\/2025\/11\/349171_Product.png\",\"width\":1500,\"height\":1500,\"caption\":\"1 MAIN (ANTI GLARE).png\"},{\"@type\":\"BreadcrumbList\",\"@id\":\"https:\/\/moto-screenies.de\/en\/produkt\/tachoschutzfolie-displayschutzfolie-passend-fuer-cf-moto-cforce-1000-2023\/#breadcrumb\",\"itemListElement\":[{\"@type\":\"ListItem\",\"position\":1,\"name\":\"Startseite\",\"item\":\"https:\/\/moto-screenies.de\/en\/\"},{\"@type\":\"ListItem\",\"position\":2,\"name\":\"Store\",\"item\":\"https:\/\/moto-screenies.com\/shop\/\"},{\"@type\":\"ListItem\",\"position\":3,\"name\":\"Tachoschutzfolie Displayschutzfolie passend f\u00fcr CF Moto CForce 1000 2023\"}]},{\"@type\":\"WebSite\",\"@id\":\"https:\/\/moto-screenies.de\/en\/#website\",\"url\":\"https:\/\/moto-screenies.de\/en\/\",\"name\":\"Moto Screenies\",\"description\":\"Die Displayschutzfolie f\u00fcr dein Motorrad\",\"publisher\":{\"@id\":\"https:\/\/moto-screenies.de\/en\/#organization\"},\"alternateName\":\"MS\",\"potentialAction\":[{\"@type\":\"SearchAction\",\"target\":{\"@type\":\"EntryPoint\",\"urlTemplate\":\"https:\/\/moto-screenies.de\/en\/?s={search_term_string}\"},\"query-input\":{\"@type\":\"PropertyValueSpecification\",\"valueRequired\":true,\"valueName\":\"search_term_string\"}}],\"inLanguage\":\"en-US\"},{\"@type\":\"Organization\",\"@id\":\"https:\/\/moto-screenies.de\/en\/#organization\",\"name\":\"Moto Screenies\",\"url\":\"https:\/\/moto-screenies.de\/en\/\",\"logo\":{\"@type\":\"ImageObject\",\"inLanguage\":\"en-US\",\"@id\":\"https:\/\/moto-screenies.de\/en\/#\/schema\/logo\/image\/\",\"url\":\"\",\"contentUrl\":\"\",\"caption\":\"Moto Screenies\"},\"image\":{\"@id\":\"https:\/\/moto-screenies.de\/en\/#\/schema\/logo\/image\/\"}}]}<\/script>\n<!-- \/ Yoast SEO plugin. -->","yoast_head_json":{"title":"Tachoschutzfolie Displayschutzfolie passend f\u00fcr CF Moto CForce 1000 2023","description":"Entdecken Sie die perfekte Tachoschutzfolie f\u00fcr Ihre CF Moto CForce 1000 (2023). Sch\u00fctzen Sie Ihr Display mit unserer hochwertigen Displayschutzfolie vor Kratzern und Abnutzung. Ideal f\u00fcr eine klare Sicht und langanhaltenden Schutz.","robots":{"index":"index","follow":"follow","max-snippet":"max-snippet:-1","max-image-preview":"max-image-preview:large","max-video-preview":"max-video-preview:-1"},"canonical":"https:\/\/moto-screenies.de\/en\/produkt\/tachoschutzfolie-displayschutzfolie-passend-fuer-cf-moto-cforce-1000-2023\/","og_locale":"en_US","og_type":"article","og_title":"Tachoschutzfolie Displayschutzfolie passend f\u00fcr CF Moto CForce 1000 2023","og_description":"Entdecken Sie die perfekte Tachoschutzfolie f\u00fcr Ihre CF Moto CForce 1000 (2023). Sch\u00fctzen Sie Ihr Display mit unserer hochwertigen Displayschutzfolie vor Kratzern und Abnutzung. Ideal f\u00fcr eine klare Sicht und langanhaltenden Schutz.","og_url":"https:\/\/moto-screenies.de\/en\/produkt\/tachoschutzfolie-displayschutzfolie-passend-fuer-cf-moto-cforce-1000-2023\/","og_site_name":"Moto Screenies","article_modified_time":"2026-01-26T14:48:30+00:00","og_image":[{"width":1500,"height":1500,"url":"https:\/\/moto-screenies.de\/wp-content\/uploads\/2025\/11\/349171_Product.png","type":"image\/png"}],"twitter_card":"summary_large_image","schema":{"@context":"https:\/\/schema.org","@graph":[{"@type":"WebPage","@id":"https:\/\/moto-screenies.de\/en\/produkt\/tachoschutzfolie-displayschutzfolie-passend-fuer-cf-moto-cforce-1000-2023\/","url":"https:\/\/moto-screenies.de\/en\/produkt\/tachoschutzfolie-displayschutzfolie-passend-fuer-cf-moto-cforce-1000-2023\/","name":"Tachoschutzfolie Displayschutzfolie passend f\u00fcr CF Moto CForce 1000 2023","isPartOf":{"@id":"https:\/\/moto-screenies.de\/en\/#website"},"primaryImageOfPage":{"@id":"https:\/\/moto-screenies.de\/en\/produkt\/tachoschutzfolie-displayschutzfolie-passend-fuer-cf-moto-cforce-1000-2023\/#primaryimage"},"image":{"@id":"https:\/\/moto-screenies.de\/en\/produkt\/tachoschutzfolie-displayschutzfolie-passend-fuer-cf-moto-cforce-1000-2023\/#primaryimage"},"thumbnailUrl":"https:\/\/moto-screenies.de\/wp-content\/uploads\/2025\/11\/349171_Product.png","datePublished":"2024-07-03T10:21:57+00:00","dateModified":"2026-01-26T14:48:30+00:00","description":"Entdecken Sie die perfekte Tachoschutzfolie f\u00fcr Ihre CF Moto CForce 1000 (2023). Sch\u00fctzen Sie Ihr Display mit unserer hochwertigen Displayschutzfolie vor Kratzern und Abnutzung. Ideal f\u00fcr eine klare Sicht und langanhaltenden Schutz.","breadcrumb":{"@id":"https:\/\/moto-screenies.de\/en\/produkt\/tachoschutzfolie-displayschutzfolie-passend-fuer-cf-moto-cforce-1000-2023\/#breadcrumb"},"inLanguage":"en-US","potentialAction":[{"@type":"ReadAction","target":["https:\/\/moto-screenies.de\/en\/produkt\/tachoschutzfolie-displayschutzfolie-passend-fuer-cf-moto-cforce-1000-2023\/"]}]},{"@type":"ImageObject","inLanguage":"en-US","@id":"https:\/\/moto-screenies.de\/en\/produkt\/tachoschutzfolie-displayschutzfolie-passend-fuer-cf-moto-cforce-1000-2023\/#primaryimage","url":"https:\/\/moto-screenies.de\/wp-content\/uploads\/2025\/11\/349171_Product.png","contentUrl":"https:\/\/moto-screenies.de\/wp-content\/uploads\/2025\/11\/349171_Product.png","width":1500,"height":1500,"caption":"1 MAIN (ANTI GLARE).png"},{"@type":"BreadcrumbList","@id":"https:\/\/moto-screenies.de\/en\/produkt\/tachoschutzfolie-displayschutzfolie-passend-fuer-cf-moto-cforce-1000-2023\/#breadcrumb","itemListElement":[{"@type":"ListItem","position":1,"name":"Startseite","item":"https:\/\/moto-screenies.de\/en\/"},{"@type":"ListItem","position":2,"name":"Store","item":"https:\/\/moto-screenies.com\/shop\/"},{"@type":"ListItem","position":3,"name":"Tachoschutzfolie Displayschutzfolie passend f\u00fcr CF Moto CForce 1000 2023"}]},{"@type":"WebSite","@id":"https:\/\/moto-screenies.de\/en\/#website","url":"https:\/\/moto-screenies.de\/en\/","name":"Moto Screenies","description":"Die Displayschutzfolie f\u00fcr dein Motorrad","publisher":{"@id":"https:\/\/moto-screenies.de\/en\/#organization"},"alternateName":"MS","potentialAction":[{"@type":"SearchAction","target":{"@type":"EntryPoint","urlTemplate":"https:\/\/moto-screenies.de\/en\/?s={search_term_string}"},"query-input":{"@type":"PropertyValueSpecification","valueRequired":true,"valueName":"search_term_string"}}],"inLanguage":"en-US"},{"@type":"Organization","@id":"https:\/\/moto-screenies.de\/en\/#organization","name":"Moto Screenies","url":"https:\/\/moto-screenies.de\/en\/","logo":{"@type":"ImageObject","inLanguage":"en-US","@id":"https:\/\/moto-screenies.de\/en\/#\/schema\/logo\/image\/","url":"","contentUrl":"","caption":"Moto Screenies"},"image":{"@id":"https:\/\/moto-screenies.de\/en\/#\/schema\/logo\/image\/"}}]}},"_links":{"self":[{"href":"https:\/\/moto-screenies.de\/en\/wp-json\/wp\/v2\/product\/188648","targetHints":{"allow":["GET"]}}],"collection":[{"href":"https:\/\/moto-screenies.de\/en\/wp-json\/wp\/v2\/product"}],"about":[{"href":"https:\/\/moto-screenies.de\/en\/wp-json\/wp\/v2\/types\/product"}],"replies":[{"embeddable":true,"href":"https:\/\/moto-screenies.de\/en\/wp-json\/wp\/v2\/comments?post=188648"}],"wp:featuredmedia":[{"embeddable":true,"href":"https:\/\/moto-screenies.de\/en\/wp-json\/wp\/v2\/media\/221074"}],"wp:attachment":[{"href":"https:\/\/moto-screenies.de\/en\/wp-json\/wp\/v2\/media?parent=188648"}],"wp:term":[{"taxonomy":"product_brand","embeddable":true,"href":"https:\/\/moto-screenies.de\/en\/wp-json\/wp\/v2\/product_brand?post=188648"},{"taxonomy":"product_cat","embeddable":true,"href":"https:\/\/moto-screenies.de\/en\/wp-json\/wp\/v2\/product_cat?post=188648"},{"taxonomy":"product_tag","embeddable":true,"href":"https:\/\/moto-screenies.de\/en\/wp-json\/wp\/v2\/product_tag?post=188648"}],"curies":[{"name":"wp","href":"https:\/\/api.w.org\/{rel}","templated":true}]}}