{"id":188663,"date":"2025-01-07T12:49:43","date_gmt":"2025-01-07T11:49:43","guid":{"rendered":"https:\/\/moto-screenies.de\/produkt\/display-tacho-schutzfolie-zugeschnitten-fuer-suzuki-dr-z4s-2025-displayschutzfolie\/"},"modified":"2026-01-26T15:49:32","modified_gmt":"2026-01-26T14:49:32","slug":"display-tacho-schutzfolie-zugeschnitten-fuer-suzuki-dr-z4s-2025-displayschutzfolie","status":"publish","type":"product","link":"https:\/\/moto-screenies.de\/en\/produkt\/display-tacho-schutzfolie-zugeschnitten-fuer-suzuki-dr-z4s-2025-displayschutzfolie\/","title":{"rendered":"Display Tacho Schutzfolie zugeschnitten f\u00fcr Suzuki DR-Z4S 2025+ Displayschutzfolie"},"content":{"rendered":"<p>Entdecken Sie die perfekte L\u00f6sung, um das Display Ihrer Suzuki DR-Z4S 2025+ zu sch\u00fctzen. Unsere hochwertige Tachoschutzfolie bietet einen zuverl\u00e4ssigen Schutz vor Kratzern, Staub und anderen Besch\u00e4digungen, die im t\u00e4glichen Gebrauch auftreten k\u00f6nnen. Die Displayschutzfolie ist pr\u00e4zise zugeschnitten, um eine nahtlose Passform zu gew\u00e4hrleisten, sodass die Funktionalit\u00e4t und Klarheit des Bildschirms nicht beeintr\u00e4chtigt werden. Mit einfacher Installation und langanhaltender Haltbarkeit ist diese Schutzfolie ein Muss f\u00fcr jeden stolzen Besitzer einer Suzuki DR-Z4S 2025+. Investieren Sie in den Schutz Ihres Fahrzeugs und bewahren Sie den Wert Ihres Tachodisplays. <\/p>\n<p>Passend f\u00fcr: Tachoschutzfolie Displayschutzfolie passend f\u00fcr Suzuki DR-Z4S 2025+.<\/p>\n","protected":false},"excerpt":{"rendered":"<p>Entdecken Sie die perfekte L\u00f6sung, um das Display Ihrer Suzuki DR-Z4S 2025+ zu sch\u00fctzen. Unsere hochwertige Tachoschutzfolie bietet einen zuverl\u00e4ssigen Schutz vor Kratzern, Staub und anderen Besch\u00e4digungen, die im t\u00e4glichen Gebrauch auftreten k\u00f6nnen. Die Displayschutzfolie ist pr\u00e4zise zugeschnitten, um eine nahtlose Passform zu gew\u00e4hrleisten, sodass die Funktionalit\u00e4t und Klarheit des Bildschirms nicht beeintr\u00e4chtigt werden. Mit [&hellip;]<\/p>\n","protected":false},"featured_media":222478,"comment_status":"open","ping_status":"closed","template":"","meta":{"_et_pb_use_builder":"","_et_pb_old_content":"","_et_gb_content_width":"","_uf_show_specific_survey":0,"_uf_disable_surveys":false},"product_brand":[],"product_cat":[426],"product_tag":[117],"class_list":{"0":"post-188663","1":"product","2":"type-product","3":"status-publish","4":"has-post-thumbnail","6":"product_cat-suzuki-schutzfolie-fuer-dein-motorrad","7":"product_tag-tachoschutzfolie","8":"product_shipping_class-standard","10":"first","11":"instock","12":"taxable","13":"shipping-taxable","14":"purchasable","15":"product-type-variable"},"yoast_head":"<!-- This site is optimized with the Yoast SEO plugin v27.2 - https:\/\/yoast.com\/product\/yoast-seo-wordpress\/ -->\n<title>Display Tacho Schutzfolie zugeschnitten f\u00fcr Suzuki DR-Z4S 2025+ Displayschutzfolie<\/title>\n<meta name=\"description\" content=\"Entdecken Sie die perfekte Tachoschutzfolie f\u00fcr Ihre Suzuki DR-Z4S 2025+. Unsere hochwertige Displayschutzfolie bietet optimalen Schutz und klare Sicht. Ideal f\u00fcr Motorradliebhaber!\" \/>\n<meta name=\"robots\" content=\"index, follow, max-snippet:-1, max-image-preview:large, max-video-preview:-1\" \/>\n<link rel=\"canonical\" href=\"https:\/\/moto-screenies.de\/en\/produkt\/display-tacho-schutzfolie-zugeschnitten-fuer-suzuki-dr-z4s-2025-displayschutzfolie\/\" \/>\n<meta property=\"og:locale\" content=\"en_US\" \/>\n<meta property=\"og:type\" content=\"article\" \/>\n<meta property=\"og:title\" content=\"Display Tacho Schutzfolie zugeschnitten f\u00fcr Suzuki DR-Z4S 2025+ Displayschutzfolie\" \/>\n<meta property=\"og:description\" content=\"Entdecken Sie die perfekte Tachoschutzfolie f\u00fcr Ihre Suzuki DR-Z4S 2025+. Unsere hochwertige Displayschutzfolie bietet optimalen Schutz und klare Sicht. Ideal f\u00fcr Motorradliebhaber!\" \/>\n<meta property=\"og:url\" content=\"https:\/\/moto-screenies.de\/en\/produkt\/display-tacho-schutzfolie-zugeschnitten-fuer-suzuki-dr-z4s-2025-displayschutzfolie\/\" \/>\n<meta property=\"og:site_name\" content=\"Moto Screenies\" \/>\n<meta property=\"article:modified_time\" content=\"2026-01-26T14:49:32+00:00\" \/>\n<meta property=\"og:image\" content=\"https:\/\/moto-screenies.de\/wp-content\/uploads\/2025\/11\/358218_Product.png\" \/>\n\t<meta property=\"og:image:width\" content=\"1600\" \/>\n\t<meta property=\"og:image:height\" content=\"1600\" \/>\n\t<meta property=\"og:image:type\" content=\"image\/png\" \/>\n<meta name=\"twitter:card\" content=\"summary_large_image\" \/>\n<meta name=\"twitter:label1\" content=\"Est. reading time\" \/>\n\t<meta name=\"twitter:data1\" content=\"1 minute\" \/>\n<script type=\"application\/ld+json\" class=\"yoast-schema-graph\">{\"@context\":\"https:\/\/schema.org\",\"@graph\":[{\"@type\":\"WebPage\",\"@id\":\"https:\/\/moto-screenies.de\/en\/produkt\/display-tacho-schutzfolie-zugeschnitten-fuer-suzuki-dr-z4s-2025-displayschutzfolie\/\",\"url\":\"https:\/\/moto-screenies.de\/en\/produkt\/display-tacho-schutzfolie-zugeschnitten-fuer-suzuki-dr-z4s-2025-displayschutzfolie\/\",\"name\":\"Display Tacho Schutzfolie zugeschnitten f\u00fcr Suzuki DR-Z4S 2025+ Displayschutzfolie\",\"isPartOf\":{\"@id\":\"https:\/\/moto-screenies.de\/en\/#website\"},\"primaryImageOfPage\":{\"@id\":\"https:\/\/moto-screenies.de\/en\/produkt\/display-tacho-schutzfolie-zugeschnitten-fuer-suzuki-dr-z4s-2025-displayschutzfolie\/#primaryimage\"},\"image\":{\"@id\":\"https:\/\/moto-screenies.de\/en\/produkt\/display-tacho-schutzfolie-zugeschnitten-fuer-suzuki-dr-z4s-2025-displayschutzfolie\/#primaryimage\"},\"thumbnailUrl\":\"https:\/\/moto-screenies.de\/wp-content\/uploads\/2025\/11\/358218_Product.png\",\"datePublished\":\"2025-01-07T11:49:43+00:00\",\"dateModified\":\"2026-01-26T14:49:32+00:00\",\"description\":\"Entdecken Sie die perfekte Tachoschutzfolie f\u00fcr Ihre Suzuki DR-Z4S 2025+. Unsere hochwertige Displayschutzfolie bietet optimalen Schutz und klare Sicht. Ideal f\u00fcr Motorradliebhaber!\",\"breadcrumb\":{\"@id\":\"https:\/\/moto-screenies.de\/en\/produkt\/display-tacho-schutzfolie-zugeschnitten-fuer-suzuki-dr-z4s-2025-displayschutzfolie\/#breadcrumb\"},\"inLanguage\":\"en-US\",\"potentialAction\":[{\"@type\":\"ReadAction\",\"target\":[\"https:\/\/moto-screenies.de\/en\/produkt\/display-tacho-schutzfolie-zugeschnitten-fuer-suzuki-dr-z4s-2025-displayschutzfolie\/\"]}]},{\"@type\":\"ImageObject\",\"inLanguage\":\"en-US\",\"@id\":\"https:\/\/moto-screenies.de\/en\/produkt\/display-tacho-schutzfolie-zugeschnitten-fuer-suzuki-dr-z4s-2025-displayschutzfolie\/#primaryimage\",\"url\":\"https:\/\/moto-screenies.de\/wp-content\/uploads\/2025\/11\/358218_Product.png\",\"contentUrl\":\"https:\/\/moto-screenies.de\/wp-content\/uploads\/2025\/11\/358218_Product.png\",\"width\":1600,\"height\":1600,\"caption\":\"1\"},{\"@type\":\"BreadcrumbList\",\"@id\":\"https:\/\/moto-screenies.de\/en\/produkt\/display-tacho-schutzfolie-zugeschnitten-fuer-suzuki-dr-z4s-2025-displayschutzfolie\/#breadcrumb\",\"itemListElement\":[{\"@type\":\"ListItem\",\"position\":1,\"name\":\"Startseite\",\"item\":\"https:\/\/moto-screenies.de\/en\/\"},{\"@type\":\"ListItem\",\"position\":2,\"name\":\"Store\",\"item\":\"https:\/\/moto-screenies.com\/shop\/\"},{\"@type\":\"ListItem\",\"position\":3,\"name\":\"Display Tacho Schutzfolie zugeschnitten f\u00fcr Suzuki DR-Z4S 2025+ Displayschutzfolie\"}]},{\"@type\":\"WebSite\",\"@id\":\"https:\/\/moto-screenies.de\/en\/#website\",\"url\":\"https:\/\/moto-screenies.de\/en\/\",\"name\":\"Moto Screenies\",\"description\":\"Die Displayschutzfolie f\u00fcr dein Motorrad\",\"publisher\":{\"@id\":\"https:\/\/moto-screenies.de\/en\/#organization\"},\"alternateName\":\"MS\",\"potentialAction\":[{\"@type\":\"SearchAction\",\"target\":{\"@type\":\"EntryPoint\",\"urlTemplate\":\"https:\/\/moto-screenies.de\/en\/?s={search_term_string}\"},\"query-input\":{\"@type\":\"PropertyValueSpecification\",\"valueRequired\":true,\"valueName\":\"search_term_string\"}}],\"inLanguage\":\"en-US\"},{\"@type\":\"Organization\",\"@id\":\"https:\/\/moto-screenies.de\/en\/#organization\",\"name\":\"Moto Screenies\",\"url\":\"https:\/\/moto-screenies.de\/en\/\",\"logo\":{\"@type\":\"ImageObject\",\"inLanguage\":\"en-US\",\"@id\":\"https:\/\/moto-screenies.de\/en\/#\/schema\/logo\/image\/\",\"url\":\"\",\"contentUrl\":\"\",\"caption\":\"Moto Screenies\"},\"image\":{\"@id\":\"https:\/\/moto-screenies.de\/en\/#\/schema\/logo\/image\/\"}}]}<\/script>\n<!-- \/ Yoast SEO plugin. -->","yoast_head_json":{"title":"Display Tacho Schutzfolie zugeschnitten f\u00fcr Suzuki DR-Z4S 2025+ Displayschutzfolie","description":"Entdecken Sie die perfekte Tachoschutzfolie f\u00fcr Ihre Suzuki DR-Z4S 2025+. Unsere hochwertige Displayschutzfolie bietet optimalen Schutz und klare Sicht. Ideal f\u00fcr Motorradliebhaber!","robots":{"index":"index","follow":"follow","max-snippet":"max-snippet:-1","max-image-preview":"max-image-preview:large","max-video-preview":"max-video-preview:-1"},"canonical":"https:\/\/moto-screenies.de\/en\/produkt\/display-tacho-schutzfolie-zugeschnitten-fuer-suzuki-dr-z4s-2025-displayschutzfolie\/","og_locale":"en_US","og_type":"article","og_title":"Display Tacho Schutzfolie zugeschnitten f\u00fcr Suzuki DR-Z4S 2025+ Displayschutzfolie","og_description":"Entdecken Sie die perfekte Tachoschutzfolie f\u00fcr Ihre Suzuki DR-Z4S 2025+. Unsere hochwertige Displayschutzfolie bietet optimalen Schutz und klare Sicht. Ideal f\u00fcr Motorradliebhaber!","og_url":"https:\/\/moto-screenies.de\/en\/produkt\/display-tacho-schutzfolie-zugeschnitten-fuer-suzuki-dr-z4s-2025-displayschutzfolie\/","og_site_name":"Moto Screenies","article_modified_time":"2026-01-26T14:49:32+00:00","og_image":[{"width":1600,"height":1600,"url":"https:\/\/moto-screenies.de\/wp-content\/uploads\/2025\/11\/358218_Product.png","type":"image\/png"}],"twitter_card":"summary_large_image","twitter_misc":{"Est. reading time":"1 minute"},"schema":{"@context":"https:\/\/schema.org","@graph":[{"@type":"WebPage","@id":"https:\/\/moto-screenies.de\/en\/produkt\/display-tacho-schutzfolie-zugeschnitten-fuer-suzuki-dr-z4s-2025-displayschutzfolie\/","url":"https:\/\/moto-screenies.de\/en\/produkt\/display-tacho-schutzfolie-zugeschnitten-fuer-suzuki-dr-z4s-2025-displayschutzfolie\/","name":"Display Tacho Schutzfolie zugeschnitten f\u00fcr Suzuki DR-Z4S 2025+ Displayschutzfolie","isPartOf":{"@id":"https:\/\/moto-screenies.de\/en\/#website"},"primaryImageOfPage":{"@id":"https:\/\/moto-screenies.de\/en\/produkt\/display-tacho-schutzfolie-zugeschnitten-fuer-suzuki-dr-z4s-2025-displayschutzfolie\/#primaryimage"},"image":{"@id":"https:\/\/moto-screenies.de\/en\/produkt\/display-tacho-schutzfolie-zugeschnitten-fuer-suzuki-dr-z4s-2025-displayschutzfolie\/#primaryimage"},"thumbnailUrl":"https:\/\/moto-screenies.de\/wp-content\/uploads\/2025\/11\/358218_Product.png","datePublished":"2025-01-07T11:49:43+00:00","dateModified":"2026-01-26T14:49:32+00:00","description":"Entdecken Sie die perfekte Tachoschutzfolie f\u00fcr Ihre Suzuki DR-Z4S 2025+. Unsere hochwertige Displayschutzfolie bietet optimalen Schutz und klare Sicht. Ideal f\u00fcr Motorradliebhaber!","breadcrumb":{"@id":"https:\/\/moto-screenies.de\/en\/produkt\/display-tacho-schutzfolie-zugeschnitten-fuer-suzuki-dr-z4s-2025-displayschutzfolie\/#breadcrumb"},"inLanguage":"en-US","potentialAction":[{"@type":"ReadAction","target":["https:\/\/moto-screenies.de\/en\/produkt\/display-tacho-schutzfolie-zugeschnitten-fuer-suzuki-dr-z4s-2025-displayschutzfolie\/"]}]},{"@type":"ImageObject","inLanguage":"en-US","@id":"https:\/\/moto-screenies.de\/en\/produkt\/display-tacho-schutzfolie-zugeschnitten-fuer-suzuki-dr-z4s-2025-displayschutzfolie\/#primaryimage","url":"https:\/\/moto-screenies.de\/wp-content\/uploads\/2025\/11\/358218_Product.png","contentUrl":"https:\/\/moto-screenies.de\/wp-content\/uploads\/2025\/11\/358218_Product.png","width":1600,"height":1600,"caption":"1"},{"@type":"BreadcrumbList","@id":"https:\/\/moto-screenies.de\/en\/produkt\/display-tacho-schutzfolie-zugeschnitten-fuer-suzuki-dr-z4s-2025-displayschutzfolie\/#breadcrumb","itemListElement":[{"@type":"ListItem","position":1,"name":"Startseite","item":"https:\/\/moto-screenies.de\/en\/"},{"@type":"ListItem","position":2,"name":"Store","item":"https:\/\/moto-screenies.com\/shop\/"},{"@type":"ListItem","position":3,"name":"Display Tacho Schutzfolie zugeschnitten f\u00fcr Suzuki DR-Z4S 2025+ Displayschutzfolie"}]},{"@type":"WebSite","@id":"https:\/\/moto-screenies.de\/en\/#website","url":"https:\/\/moto-screenies.de\/en\/","name":"Moto Screenies","description":"Die Displayschutzfolie f\u00fcr dein Motorrad","publisher":{"@id":"https:\/\/moto-screenies.de\/en\/#organization"},"alternateName":"MS","potentialAction":[{"@type":"SearchAction","target":{"@type":"EntryPoint","urlTemplate":"https:\/\/moto-screenies.de\/en\/?s={search_term_string}"},"query-input":{"@type":"PropertyValueSpecification","valueRequired":true,"valueName":"search_term_string"}}],"inLanguage":"en-US"},{"@type":"Organization","@id":"https:\/\/moto-screenies.de\/en\/#organization","name":"Moto Screenies","url":"https:\/\/moto-screenies.de\/en\/","logo":{"@type":"ImageObject","inLanguage":"en-US","@id":"https:\/\/moto-screenies.de\/en\/#\/schema\/logo\/image\/","url":"","contentUrl":"","caption":"Moto Screenies"},"image":{"@id":"https:\/\/moto-screenies.de\/en\/#\/schema\/logo\/image\/"}}]}},"_links":{"self":[{"href":"https:\/\/moto-screenies.de\/en\/wp-json\/wp\/v2\/product\/188663","targetHints":{"allow":["GET"]}}],"collection":[{"href":"https:\/\/moto-screenies.de\/en\/wp-json\/wp\/v2\/product"}],"about":[{"href":"https:\/\/moto-screenies.de\/en\/wp-json\/wp\/v2\/types\/product"}],"replies":[{"embeddable":true,"href":"https:\/\/moto-screenies.de\/en\/wp-json\/wp\/v2\/comments?post=188663"}],"wp:featuredmedia":[{"embeddable":true,"href":"https:\/\/moto-screenies.de\/en\/wp-json\/wp\/v2\/media\/222478"}],"wp:attachment":[{"href":"https:\/\/moto-screenies.de\/en\/wp-json\/wp\/v2\/media?parent=188663"}],"wp:term":[{"taxonomy":"product_brand","embeddable":true,"href":"https:\/\/moto-screenies.de\/en\/wp-json\/wp\/v2\/product_brand?post=188663"},{"taxonomy":"product_cat","embeddable":true,"href":"https:\/\/moto-screenies.de\/en\/wp-json\/wp\/v2\/product_cat?post=188663"},{"taxonomy":"product_tag","embeddable":true,"href":"https:\/\/moto-screenies.de\/en\/wp-json\/wp\/v2\/product_tag?post=188663"}],"curies":[{"name":"wp","href":"https:\/\/api.w.org\/{rel}","templated":true}]}}