{"id":188685,"date":"2025-01-28T13:40:24","date_gmt":"2025-01-28T12:40:24","guid":{"rendered":"https:\/\/moto-screenies.de\/produkt\/display-tacho-schutzfolie-zugeschnitten-fuer-royal-enfield-hunter-350-2022\/"},"modified":"2026-03-05T18:34:40","modified_gmt":"2026-03-05T17:34:40","slug":"display-tacho-schutzfolie-zugeschnitten-fuer-royal-enfield-hunter-350-2022","status":"publish","type":"product","link":"https:\/\/moto-screenies.de\/en\/produkt\/display-tacho-schutzfolie-zugeschnitten-fuer-royal-enfield-hunter-350-2022\/","title":{"rendered":"Display Tacho Schutzfolie zugeschnitten f\u00fcr Royal Enfield Hunter 350 2022+"},"content":{"rendered":"<p>Displayschutz-Folie f\u00fcr Motorrad Tacho-Schutzfolie Made in Germany, Kratschutz geeignet f\u00fcr Royal Enfield Hunter 350 2022+<\/p>\n<p>Sch\u00fctzen Sie das Herzst\u00fcck Ihres Motorrads mit unserer hochwertigen Displayschutz-Folie, speziell entwickelt f\u00fcr den Royal Enfield Hunter 350 ab Baujahr 2022. Diese in Deutschland hergestellte Schutzfolie bietet erstklassigen Kratzschutz und bewahrt das Display Ihres Tachos vor Abnutzung und Besch\u00e4digungen. Die pr\u00e4zise Passform und einfache Anbringung sorgen f\u00fcr eine nahtlose Integration, w\u00e4hrend die kristallklare Transparenz die Ablesbarkeit nicht beeintr\u00e4chtigt. Investieren Sie in Langlebigkeit und \u00c4sthetik Ihres Motorrads und genie\u00dfen Sie jede Fahrt mit einem makellosen Tacho. <\/p>\n<p>Passend f\u00fcr: Displayschutz-Folie f\u00fcr Motorrad Tacho-Schutzfolie Made in Germany, Kratschutz geeignet f\u00fcr Royal Enfield Hunter 350 2022+<\/p>\n","protected":false},"excerpt":{"rendered":"<p>Displayschutz-Folie f\u00fcr Motorrad Tacho-Schutzfolie Made in Germany, Kratschutz geeignet f\u00fcr Royal Enfield Hunter 350 2022+ Sch\u00fctzen Sie das Herzst\u00fcck Ihres Motorrads mit unserer hochwertigen Displayschutz-Folie, speziell entwickelt f\u00fcr den Royal Enfield Hunter 350 ab Baujahr 2022. Diese in Deutschland hergestellte Schutzfolie bietet erstklassigen Kratzschutz und bewahrt das Display Ihres Tachos vor Abnutzung und Besch\u00e4digungen. Die [&hellip;]<\/p>\n","protected":false},"featured_media":265393,"comment_status":"open","ping_status":"closed","template":"","meta":{"_et_pb_use_builder":"","_et_pb_old_content":"","_et_gb_content_width":"","_uf_show_specific_survey":0,"_uf_disable_surveys":false},"product_brand":[],"product_cat":[432],"product_tag":[117],"class_list":{"0":"post-188685","1":"product","2":"type-product","3":"status-publish","4":"has-post-thumbnail","6":"product_cat-sonstige-modelle","7":"product_tag-tachoschutzfolie","8":"product_shipping_class-standard","10":"first","11":"instock","12":"taxable","13":"shipping-taxable","14":"purchasable","15":"product-type-variable"},"yoast_head":"<!-- This site is optimized with the Yoast SEO plugin v27.2 - https:\/\/yoast.com\/product\/yoast-seo-wordpress\/ -->\n<title>Display Tacho Schutzfolie zugeschnitten f\u00fcr Royal Enfield Hunter 350 2022+<\/title>\n<meta name=\"description\" content=\"Entdecken Sie die hochwertige Displayschutz-Folie f\u00fcr den Tacho Ihrer Royal Enfield Hunter 350 (2022+). Made in Germany, bietet sie optimalen Kratzschutz und Langlebigkeit. Perfekter Schutz f\u00fcr Ihr Motorrad!\" \/>\n<meta name=\"robots\" content=\"index, follow, max-snippet:-1, max-image-preview:large, max-video-preview:-1\" \/>\n<link rel=\"canonical\" href=\"https:\/\/moto-screenies.de\/en\/produkt\/display-tacho-schutzfolie-zugeschnitten-fuer-royal-enfield-hunter-350-2022\/\" \/>\n<meta property=\"og:locale\" content=\"en_US\" \/>\n<meta property=\"og:type\" content=\"article\" \/>\n<meta property=\"og:title\" content=\"Display Tacho Schutzfolie zugeschnitten f\u00fcr Royal Enfield Hunter 350 2022+\" \/>\n<meta property=\"og:description\" content=\"Entdecken Sie die hochwertige Displayschutz-Folie f\u00fcr den Tacho Ihrer Royal Enfield Hunter 350 (2022+). Made in Germany, bietet sie optimalen Kratzschutz und Langlebigkeit. Perfekter Schutz f\u00fcr Ihr Motorrad!\" \/>\n<meta property=\"og:url\" content=\"https:\/\/moto-screenies.de\/en\/produkt\/display-tacho-schutzfolie-zugeschnitten-fuer-royal-enfield-hunter-350-2022\/\" \/>\n<meta property=\"og:site_name\" content=\"Moto Screenies\" \/>\n<meta property=\"article:modified_time\" content=\"2026-03-05T17:34:40+00:00\" \/>\n<meta property=\"og:image\" content=\"https:\/\/moto-screenies.de\/wp-content\/uploads\/2025\/01\/MS300v1.png\" \/>\n\t<meta property=\"og:image:width\" content=\"1500\" \/>\n\t<meta property=\"og:image:height\" content=\"1500\" \/>\n\t<meta property=\"og:image:type\" content=\"image\/png\" \/>\n<meta name=\"twitter:card\" content=\"summary_large_image\" \/>\n<meta name=\"twitter:label1\" content=\"Est. reading time\" \/>\n\t<meta name=\"twitter:data1\" content=\"1 minute\" \/>\n<script type=\"application\/ld+json\" class=\"yoast-schema-graph\">{\"@context\":\"https:\/\/schema.org\",\"@graph\":[{\"@type\":\"WebPage\",\"@id\":\"https:\/\/moto-screenies.de\/en\/produkt\/display-tacho-schutzfolie-zugeschnitten-fuer-royal-enfield-hunter-350-2022\/\",\"url\":\"https:\/\/moto-screenies.de\/en\/produkt\/display-tacho-schutzfolie-zugeschnitten-fuer-royal-enfield-hunter-350-2022\/\",\"name\":\"Display Tacho Schutzfolie zugeschnitten f\u00fcr Royal Enfield Hunter 350 2022+\",\"isPartOf\":{\"@id\":\"https:\/\/moto-screenies.de\/en\/#website\"},\"primaryImageOfPage\":{\"@id\":\"https:\/\/moto-screenies.de\/en\/produkt\/display-tacho-schutzfolie-zugeschnitten-fuer-royal-enfield-hunter-350-2022\/#primaryimage\"},\"image\":{\"@id\":\"https:\/\/moto-screenies.de\/en\/produkt\/display-tacho-schutzfolie-zugeschnitten-fuer-royal-enfield-hunter-350-2022\/#primaryimage\"},\"thumbnailUrl\":\"https:\/\/moto-screenies.de\/wp-content\/uploads\/2025\/01\/MS300v1.png\",\"datePublished\":\"2025-01-28T12:40:24+00:00\",\"dateModified\":\"2026-03-05T17:34:40+00:00\",\"description\":\"Entdecken Sie die hochwertige Displayschutz-Folie f\u00fcr den Tacho Ihrer Royal Enfield Hunter 350 (2022+). Made in Germany, bietet sie optimalen Kratzschutz und Langlebigkeit. Perfekter Schutz f\u00fcr Ihr Motorrad!\",\"breadcrumb\":{\"@id\":\"https:\/\/moto-screenies.de\/en\/produkt\/display-tacho-schutzfolie-zugeschnitten-fuer-royal-enfield-hunter-350-2022\/#breadcrumb\"},\"inLanguage\":\"en-US\",\"potentialAction\":[{\"@type\":\"ReadAction\",\"target\":[\"https:\/\/moto-screenies.de\/en\/produkt\/display-tacho-schutzfolie-zugeschnitten-fuer-royal-enfield-hunter-350-2022\/\"]}]},{\"@type\":\"ImageObject\",\"inLanguage\":\"en-US\",\"@id\":\"https:\/\/moto-screenies.de\/en\/produkt\/display-tacho-schutzfolie-zugeschnitten-fuer-royal-enfield-hunter-350-2022\/#primaryimage\",\"url\":\"https:\/\/moto-screenies.de\/wp-content\/uploads\/2025\/01\/MS300v1.png\",\"contentUrl\":\"https:\/\/moto-screenies.de\/wp-content\/uploads\/2025\/01\/MS300v1.png\",\"width\":1500,\"height\":1500,\"caption\":\"Moto Screenies\"},{\"@type\":\"BreadcrumbList\",\"@id\":\"https:\/\/moto-screenies.de\/en\/produkt\/display-tacho-schutzfolie-zugeschnitten-fuer-royal-enfield-hunter-350-2022\/#breadcrumb\",\"itemListElement\":[{\"@type\":\"ListItem\",\"position\":1,\"name\":\"Startseite\",\"item\":\"https:\/\/moto-screenies.de\/en\/\"},{\"@type\":\"ListItem\",\"position\":2,\"name\":\"Store\",\"item\":\"https:\/\/moto-screenies.com\/shop\/\"},{\"@type\":\"ListItem\",\"position\":3,\"name\":\"Display Tacho Schutzfolie zugeschnitten f\u00fcr Royal Enfield Hunter 350 2022+\"}]},{\"@type\":\"WebSite\",\"@id\":\"https:\/\/moto-screenies.de\/en\/#website\",\"url\":\"https:\/\/moto-screenies.de\/en\/\",\"name\":\"Moto Screenies\",\"description\":\"Die Displayschutzfolie f\u00fcr dein Motorrad\",\"publisher\":{\"@id\":\"https:\/\/moto-screenies.de\/en\/#organization\"},\"alternateName\":\"MS\",\"potentialAction\":[{\"@type\":\"SearchAction\",\"target\":{\"@type\":\"EntryPoint\",\"urlTemplate\":\"https:\/\/moto-screenies.de\/en\/?s={search_term_string}\"},\"query-input\":{\"@type\":\"PropertyValueSpecification\",\"valueRequired\":true,\"valueName\":\"search_term_string\"}}],\"inLanguage\":\"en-US\"},{\"@type\":\"Organization\",\"@id\":\"https:\/\/moto-screenies.de\/en\/#organization\",\"name\":\"Moto Screenies\",\"url\":\"https:\/\/moto-screenies.de\/en\/\",\"logo\":{\"@type\":\"ImageObject\",\"inLanguage\":\"en-US\",\"@id\":\"https:\/\/moto-screenies.de\/en\/#\/schema\/logo\/image\/\",\"url\":\"\",\"contentUrl\":\"\",\"caption\":\"Moto Screenies\"},\"image\":{\"@id\":\"https:\/\/moto-screenies.de\/en\/#\/schema\/logo\/image\/\"}}]}<\/script>\n<!-- \/ Yoast SEO plugin. -->","yoast_head_json":{"title":"Display Tacho Schutzfolie zugeschnitten f\u00fcr Royal Enfield Hunter 350 2022+","description":"Entdecken Sie die hochwertige Displayschutz-Folie f\u00fcr den Tacho Ihrer Royal Enfield Hunter 350 (2022+). Made in Germany, bietet sie optimalen Kratzschutz und Langlebigkeit. Perfekter Schutz f\u00fcr Ihr Motorrad!","robots":{"index":"index","follow":"follow","max-snippet":"max-snippet:-1","max-image-preview":"max-image-preview:large","max-video-preview":"max-video-preview:-1"},"canonical":"https:\/\/moto-screenies.de\/en\/produkt\/display-tacho-schutzfolie-zugeschnitten-fuer-royal-enfield-hunter-350-2022\/","og_locale":"en_US","og_type":"article","og_title":"Display Tacho Schutzfolie zugeschnitten f\u00fcr Royal Enfield Hunter 350 2022+","og_description":"Entdecken Sie die hochwertige Displayschutz-Folie f\u00fcr den Tacho Ihrer Royal Enfield Hunter 350 (2022+). Made in Germany, bietet sie optimalen Kratzschutz und Langlebigkeit. Perfekter Schutz f\u00fcr Ihr Motorrad!","og_url":"https:\/\/moto-screenies.de\/en\/produkt\/display-tacho-schutzfolie-zugeschnitten-fuer-royal-enfield-hunter-350-2022\/","og_site_name":"Moto Screenies","article_modified_time":"2026-03-05T17:34:40+00:00","og_image":[{"width":1500,"height":1500,"url":"https:\/\/moto-screenies.de\/wp-content\/uploads\/2025\/01\/MS300v1.png","type":"image\/png"}],"twitter_card":"summary_large_image","twitter_misc":{"Est. reading time":"1 minute"},"schema":{"@context":"https:\/\/schema.org","@graph":[{"@type":"WebPage","@id":"https:\/\/moto-screenies.de\/en\/produkt\/display-tacho-schutzfolie-zugeschnitten-fuer-royal-enfield-hunter-350-2022\/","url":"https:\/\/moto-screenies.de\/en\/produkt\/display-tacho-schutzfolie-zugeschnitten-fuer-royal-enfield-hunter-350-2022\/","name":"Display Tacho Schutzfolie zugeschnitten f\u00fcr Royal Enfield Hunter 350 2022+","isPartOf":{"@id":"https:\/\/moto-screenies.de\/en\/#website"},"primaryImageOfPage":{"@id":"https:\/\/moto-screenies.de\/en\/produkt\/display-tacho-schutzfolie-zugeschnitten-fuer-royal-enfield-hunter-350-2022\/#primaryimage"},"image":{"@id":"https:\/\/moto-screenies.de\/en\/produkt\/display-tacho-schutzfolie-zugeschnitten-fuer-royal-enfield-hunter-350-2022\/#primaryimage"},"thumbnailUrl":"https:\/\/moto-screenies.de\/wp-content\/uploads\/2025\/01\/MS300v1.png","datePublished":"2025-01-28T12:40:24+00:00","dateModified":"2026-03-05T17:34:40+00:00","description":"Entdecken Sie die hochwertige Displayschutz-Folie f\u00fcr den Tacho Ihrer Royal Enfield Hunter 350 (2022+). Made in Germany, bietet sie optimalen Kratzschutz und Langlebigkeit. Perfekter Schutz f\u00fcr Ihr Motorrad!","breadcrumb":{"@id":"https:\/\/moto-screenies.de\/en\/produkt\/display-tacho-schutzfolie-zugeschnitten-fuer-royal-enfield-hunter-350-2022\/#breadcrumb"},"inLanguage":"en-US","potentialAction":[{"@type":"ReadAction","target":["https:\/\/moto-screenies.de\/en\/produkt\/display-tacho-schutzfolie-zugeschnitten-fuer-royal-enfield-hunter-350-2022\/"]}]},{"@type":"ImageObject","inLanguage":"en-US","@id":"https:\/\/moto-screenies.de\/en\/produkt\/display-tacho-schutzfolie-zugeschnitten-fuer-royal-enfield-hunter-350-2022\/#primaryimage","url":"https:\/\/moto-screenies.de\/wp-content\/uploads\/2025\/01\/MS300v1.png","contentUrl":"https:\/\/moto-screenies.de\/wp-content\/uploads\/2025\/01\/MS300v1.png","width":1500,"height":1500,"caption":"Moto Screenies"},{"@type":"BreadcrumbList","@id":"https:\/\/moto-screenies.de\/en\/produkt\/display-tacho-schutzfolie-zugeschnitten-fuer-royal-enfield-hunter-350-2022\/#breadcrumb","itemListElement":[{"@type":"ListItem","position":1,"name":"Startseite","item":"https:\/\/moto-screenies.de\/en\/"},{"@type":"ListItem","position":2,"name":"Store","item":"https:\/\/moto-screenies.com\/shop\/"},{"@type":"ListItem","position":3,"name":"Display Tacho Schutzfolie zugeschnitten f\u00fcr Royal Enfield Hunter 350 2022+"}]},{"@type":"WebSite","@id":"https:\/\/moto-screenies.de\/en\/#website","url":"https:\/\/moto-screenies.de\/en\/","name":"Moto Screenies","description":"Die Displayschutzfolie f\u00fcr dein Motorrad","publisher":{"@id":"https:\/\/moto-screenies.de\/en\/#organization"},"alternateName":"MS","potentialAction":[{"@type":"SearchAction","target":{"@type":"EntryPoint","urlTemplate":"https:\/\/moto-screenies.de\/en\/?s={search_term_string}"},"query-input":{"@type":"PropertyValueSpecification","valueRequired":true,"valueName":"search_term_string"}}],"inLanguage":"en-US"},{"@type":"Organization","@id":"https:\/\/moto-screenies.de\/en\/#organization","name":"Moto Screenies","url":"https:\/\/moto-screenies.de\/en\/","logo":{"@type":"ImageObject","inLanguage":"en-US","@id":"https:\/\/moto-screenies.de\/en\/#\/schema\/logo\/image\/","url":"","contentUrl":"","caption":"Moto Screenies"},"image":{"@id":"https:\/\/moto-screenies.de\/en\/#\/schema\/logo\/image\/"}}]}},"_links":{"self":[{"href":"https:\/\/moto-screenies.de\/en\/wp-json\/wp\/v2\/product\/188685","targetHints":{"allow":["GET"]}}],"collection":[{"href":"https:\/\/moto-screenies.de\/en\/wp-json\/wp\/v2\/product"}],"about":[{"href":"https:\/\/moto-screenies.de\/en\/wp-json\/wp\/v2\/types\/product"}],"replies":[{"embeddable":true,"href":"https:\/\/moto-screenies.de\/en\/wp-json\/wp\/v2\/comments?post=188685"}],"wp:featuredmedia":[{"embeddable":true,"href":"https:\/\/moto-screenies.de\/en\/wp-json\/wp\/v2\/media\/265393"}],"wp:attachment":[{"href":"https:\/\/moto-screenies.de\/en\/wp-json\/wp\/v2\/media?parent=188685"}],"wp:term":[{"taxonomy":"product_brand","embeddable":true,"href":"https:\/\/moto-screenies.de\/en\/wp-json\/wp\/v2\/product_brand?post=188685"},{"taxonomy":"product_cat","embeddable":true,"href":"https:\/\/moto-screenies.de\/en\/wp-json\/wp\/v2\/product_cat?post=188685"},{"taxonomy":"product_tag","embeddable":true,"href":"https:\/\/moto-screenies.de\/en\/wp-json\/wp\/v2\/product_tag?post=188685"}],"curies":[{"name":"wp","href":"https:\/\/api.w.org\/{rel}","templated":true}]}}