{"id":189223,"date":"2024-04-19T16:54:12","date_gmt":"2024-04-19T14:54:12","guid":{"rendered":"https:\/\/moto-screenies.de\/produkt\/motorrad-tacho-gehaeuse-tachogehaeuse-passend-fuer-suzuki-gsxr600-gsx-r-600-gsxr750-gsx-r-750-2006-2010\/"},"modified":"2025-11-27T11:37:24","modified_gmt":"2025-11-27T10:37:24","slug":"motorrad-tacho-gehaeuse-tachogehaeuse-passend-fuer-suzuki-gsxr600-gsx-r-600-gsxr750-gsx-r-750-2006-2010","status":"publish","type":"product","link":"https:\/\/moto-screenies.de\/en\/produkt\/motorrad-tacho-gehaeuse-tachogehaeuse-passend-fuer-suzuki-gsxr600-gsx-r-600-gsxr750-gsx-r-750-2006-2010\/","title":{"rendered":"Motorrad Tacho Geh\u00e4use Tachogeh\u00e4use passend f\u00fcr Suzuki GSXR600 \/ GSX R 600 \/ GSXR750 \/ GSX-R 750 2006-2010"},"content":{"rendered":"<p>Entdecken Sie das hochwertige Motorrad Tacho Geh\u00e4use, speziell entwickelt f\u00fcr Ihre Suzuki GSXR600 \/ GSX R 600 \/ GSXR750 \/ GSX-R 750 Modelle von 2006 bis 2010. Dieses Tachogeh\u00e4use bietet nicht nur optimalen Schutz f\u00fcr Ihren Tachometer, sondern verleiht Ihrem Motorrad auch einen stilvollen Look. Hergestellt aus robusten Materialien, garantiert es Langlebigkeit und Widerstandsf\u00e4higkeit gegen Witterungseinfl\u00fcsse. Die passgenaue Form sorgt f\u00fcr eine einfache Montage und perfekten Sitz, sodass Sie sich voll und ganz auf die Stra\u00dfe konzentrieren k\u00f6nnen. Investieren Sie in Qualit\u00e4t und Design, um Ihr Fahrerlebnis zu optimieren.<\/p>\n<p>Passend f\u00fcr: Motorrad Tacho Geh\u00e4use Tachogeh\u00e4use passend f\u00fcr Suzuki GSXR600 \/ GSX R 600 \/ GSXR750 \/ GSX-R 750 2006-2010.<\/p>\n","protected":false},"excerpt":{"rendered":"<p>Entdecken Sie das hochwertige Motorrad Tacho Geh\u00e4use, speziell entwickelt f\u00fcr Ihre Suzuki GSXR600 \/ GSX R 600 \/ GSXR750 \/ GSX-R 750 Modelle von 2006 bis 2010. Dieses Tachogeh\u00e4use bietet nicht nur optimalen Schutz f\u00fcr Ihren Tachometer, sondern verleiht Ihrem Motorrad auch einen stilvollen Look. Hergestellt aus robusten Materialien, garantiert es Langlebigkeit und Widerstandsf\u00e4higkeit gegen [&hellip;]<\/p>\n","protected":false},"featured_media":265646,"comment_status":"open","ping_status":"closed","template":"","meta":{"_et_pb_use_builder":"","_et_pb_old_content":"","_et_gb_content_width":"","_uf_show_specific_survey":0,"_uf_disable_surveys":false},"product_brand":[],"product_cat":[426],"product_tag":[165],"class_list":{"0":"post-189223","1":"product","2":"type-product","3":"status-publish","4":"has-post-thumbnail","6":"product_cat-suzuki-schutzfolie-fuer-dein-motorrad","7":"product_tag-tachogehaeuse","8":"product_shipping_class-standard","10":"first","11":"instock","12":"taxable","13":"shipping-taxable","14":"purchasable","15":"product-type-simple"},"yoast_head":"<!-- This site is optimized with the Yoast SEO plugin v27.2 - https:\/\/yoast.com\/product\/yoast-seo-wordpress\/ -->\n<title>Motorrad Tacho Geh\u00e4use Tachogeh\u00e4use passend f\u00fcr Suzuki GSXR600 \/ GSX R 600 \/ GSXR750 \/ GSX-R 750 2006-2010<\/title>\n<meta name=\"description\" content=\"Entdecken Sie das perfekte Motorrad Tacho Geh\u00e4use f\u00fcr Suzuki GSXR600 und GSXR750 (2006-2010). Hochwertige Verarbeitung und passgenaues Design f\u00fcr optimale Leistung und Schutz.\" \/>\n<meta name=\"robots\" content=\"index, follow, max-snippet:-1, max-image-preview:large, max-video-preview:-1\" \/>\n<link rel=\"canonical\" href=\"https:\/\/moto-screenies.de\/en\/produkt\/motorrad-tacho-gehaeuse-tachogehaeuse-passend-fuer-suzuki-gsxr600-gsx-r-600-gsxr750-gsx-r-750-2006-2010\/\" \/>\n<meta property=\"og:locale\" content=\"en_US\" \/>\n<meta property=\"og:type\" content=\"article\" \/>\n<meta property=\"og:title\" content=\"Motorrad Tacho Geh\u00e4use Tachogeh\u00e4use passend f\u00fcr Suzuki GSXR600 \/ GSX R 600 \/ GSXR750 \/ GSX-R 750 2006-2010\" \/>\n<meta property=\"og:description\" content=\"Entdecken Sie das perfekte Motorrad Tacho Geh\u00e4use f\u00fcr Suzuki GSXR600 und GSXR750 (2006-2010). Hochwertige Verarbeitung und passgenaues Design f\u00fcr optimale Leistung und Schutz.\" \/>\n<meta property=\"og:url\" content=\"https:\/\/moto-screenies.de\/en\/produkt\/motorrad-tacho-gehaeuse-tachogehaeuse-passend-fuer-suzuki-gsxr600-gsx-r-600-gsxr750-gsx-r-750-2006-2010\/\" \/>\n<meta property=\"og:site_name\" content=\"Moto Screenies\" \/>\n<meta property=\"article:modified_time\" content=\"2025-11-27T10:37:24+00:00\" \/>\n<meta property=\"og:image\" content=\"https:\/\/moto-screenies.de\/wp-content\/uploads\/2024\/04\/MTG25.png\" \/>\n\t<meta property=\"og:image:width\" content=\"1500\" \/>\n\t<meta property=\"og:image:height\" content=\"1500\" \/>\n\t<meta property=\"og:image:type\" content=\"image\/png\" \/>\n<meta name=\"twitter:card\" content=\"summary_large_image\" \/>\n<meta name=\"twitter:label1\" content=\"Est. reading time\" \/>\n\t<meta name=\"twitter:data1\" content=\"1 minute\" \/>\n<script type=\"application\/ld+json\" class=\"yoast-schema-graph\">{\"@context\":\"https:\/\/schema.org\",\"@graph\":[{\"@type\":\"WebPage\",\"@id\":\"https:\/\/moto-screenies.de\/en\/produkt\/motorrad-tacho-gehaeuse-tachogehaeuse-passend-fuer-suzuki-gsxr600-gsx-r-600-gsxr750-gsx-r-750-2006-2010\/\",\"url\":\"https:\/\/moto-screenies.de\/en\/produkt\/motorrad-tacho-gehaeuse-tachogehaeuse-passend-fuer-suzuki-gsxr600-gsx-r-600-gsxr750-gsx-r-750-2006-2010\/\",\"name\":\"Motorrad Tacho Geh\u00e4use Tachogeh\u00e4use passend f\u00fcr Suzuki GSXR600 \/ GSX R 600 \/ GSXR750 \/ GSX-R 750 2006-2010\",\"isPartOf\":{\"@id\":\"https:\/\/moto-screenies.de\/en\/#website\"},\"primaryImageOfPage\":{\"@id\":\"https:\/\/moto-screenies.de\/en\/produkt\/motorrad-tacho-gehaeuse-tachogehaeuse-passend-fuer-suzuki-gsxr600-gsx-r-600-gsxr750-gsx-r-750-2006-2010\/#primaryimage\"},\"image\":{\"@id\":\"https:\/\/moto-screenies.de\/en\/produkt\/motorrad-tacho-gehaeuse-tachogehaeuse-passend-fuer-suzuki-gsxr600-gsx-r-600-gsxr750-gsx-r-750-2006-2010\/#primaryimage\"},\"thumbnailUrl\":\"https:\/\/moto-screenies.de\/wp-content\/uploads\/2024\/04\/MTG25.png\",\"datePublished\":\"2024-04-19T14:54:12+00:00\",\"dateModified\":\"2025-11-27T10:37:24+00:00\",\"description\":\"Entdecken Sie das perfekte Motorrad Tacho Geh\u00e4use f\u00fcr Suzuki GSXR600 und GSXR750 (2006-2010). Hochwertige Verarbeitung und passgenaues Design f\u00fcr optimale Leistung und Schutz.\",\"breadcrumb\":{\"@id\":\"https:\/\/moto-screenies.de\/en\/produkt\/motorrad-tacho-gehaeuse-tachogehaeuse-passend-fuer-suzuki-gsxr600-gsx-r-600-gsxr750-gsx-r-750-2006-2010\/#breadcrumb\"},\"inLanguage\":\"en-US\",\"potentialAction\":[{\"@type\":\"ReadAction\",\"target\":[\"https:\/\/moto-screenies.de\/en\/produkt\/motorrad-tacho-gehaeuse-tachogehaeuse-passend-fuer-suzuki-gsxr600-gsx-r-600-gsxr750-gsx-r-750-2006-2010\/\"]}]},{\"@type\":\"ImageObject\",\"inLanguage\":\"en-US\",\"@id\":\"https:\/\/moto-screenies.de\/en\/produkt\/motorrad-tacho-gehaeuse-tachogehaeuse-passend-fuer-suzuki-gsxr600-gsx-r-600-gsxr750-gsx-r-750-2006-2010\/#primaryimage\",\"url\":\"https:\/\/moto-screenies.de\/wp-content\/uploads\/2024\/04\/MTG25.png\",\"contentUrl\":\"https:\/\/moto-screenies.de\/wp-content\/uploads\/2024\/04\/MTG25.png\",\"width\":1500,\"height\":1500,\"caption\":\"Moto Screenies\"},{\"@type\":\"BreadcrumbList\",\"@id\":\"https:\/\/moto-screenies.de\/en\/produkt\/motorrad-tacho-gehaeuse-tachogehaeuse-passend-fuer-suzuki-gsxr600-gsx-r-600-gsxr750-gsx-r-750-2006-2010\/#breadcrumb\",\"itemListElement\":[{\"@type\":\"ListItem\",\"position\":1,\"name\":\"Startseite\",\"item\":\"https:\/\/moto-screenies.de\/en\/\"},{\"@type\":\"ListItem\",\"position\":2,\"name\":\"Store\",\"item\":\"https:\/\/moto-screenies.com\/shop\/\"},{\"@type\":\"ListItem\",\"position\":3,\"name\":\"Motorrad Tacho Geh\u00e4use Tachogeh\u00e4use passend f\u00fcr Suzuki GSXR600 \/ GSX R 600 \/ GSXR750 \/ GSX-R 750 2006-2010\"}]},{\"@type\":\"WebSite\",\"@id\":\"https:\/\/moto-screenies.de\/en\/#website\",\"url\":\"https:\/\/moto-screenies.de\/en\/\",\"name\":\"Moto Screenies\",\"description\":\"Die Displayschutzfolie f\u00fcr dein Motorrad\",\"publisher\":{\"@id\":\"https:\/\/moto-screenies.de\/en\/#organization\"},\"alternateName\":\"MS\",\"potentialAction\":[{\"@type\":\"SearchAction\",\"target\":{\"@type\":\"EntryPoint\",\"urlTemplate\":\"https:\/\/moto-screenies.de\/en\/?s={search_term_string}\"},\"query-input\":{\"@type\":\"PropertyValueSpecification\",\"valueRequired\":true,\"valueName\":\"search_term_string\"}}],\"inLanguage\":\"en-US\"},{\"@type\":\"Organization\",\"@id\":\"https:\/\/moto-screenies.de\/en\/#organization\",\"name\":\"Moto Screenies\",\"url\":\"https:\/\/moto-screenies.de\/en\/\",\"logo\":{\"@type\":\"ImageObject\",\"inLanguage\":\"en-US\",\"@id\":\"https:\/\/moto-screenies.de\/en\/#\/schema\/logo\/image\/\",\"url\":\"\",\"contentUrl\":\"\",\"caption\":\"Moto Screenies\"},\"image\":{\"@id\":\"https:\/\/moto-screenies.de\/en\/#\/schema\/logo\/image\/\"}}]}<\/script>\n<!-- \/ Yoast SEO plugin. -->","yoast_head_json":{"title":"Motorrad Tacho Geh\u00e4use Tachogeh\u00e4use passend f\u00fcr Suzuki GSXR600 \/ GSX R 600 \/ GSXR750 \/ GSX-R 750 2006-2010","description":"Entdecken Sie das perfekte Motorrad Tacho Geh\u00e4use f\u00fcr Suzuki GSXR600 und GSXR750 (2006-2010). Hochwertige Verarbeitung und passgenaues Design f\u00fcr optimale Leistung und Schutz.","robots":{"index":"index","follow":"follow","max-snippet":"max-snippet:-1","max-image-preview":"max-image-preview:large","max-video-preview":"max-video-preview:-1"},"canonical":"https:\/\/moto-screenies.de\/en\/produkt\/motorrad-tacho-gehaeuse-tachogehaeuse-passend-fuer-suzuki-gsxr600-gsx-r-600-gsxr750-gsx-r-750-2006-2010\/","og_locale":"en_US","og_type":"article","og_title":"Motorrad Tacho Geh\u00e4use Tachogeh\u00e4use passend f\u00fcr Suzuki GSXR600 \/ GSX R 600 \/ GSXR750 \/ GSX-R 750 2006-2010","og_description":"Entdecken Sie das perfekte Motorrad Tacho Geh\u00e4use f\u00fcr Suzuki GSXR600 und GSXR750 (2006-2010). Hochwertige Verarbeitung und passgenaues Design f\u00fcr optimale Leistung und Schutz.","og_url":"https:\/\/moto-screenies.de\/en\/produkt\/motorrad-tacho-gehaeuse-tachogehaeuse-passend-fuer-suzuki-gsxr600-gsx-r-600-gsxr750-gsx-r-750-2006-2010\/","og_site_name":"Moto Screenies","article_modified_time":"2025-11-27T10:37:24+00:00","og_image":[{"width":1500,"height":1500,"url":"https:\/\/moto-screenies.de\/wp-content\/uploads\/2024\/04\/MTG25.png","type":"image\/png"}],"twitter_card":"summary_large_image","twitter_misc":{"Est. reading time":"1 minute"},"schema":{"@context":"https:\/\/schema.org","@graph":[{"@type":"WebPage","@id":"https:\/\/moto-screenies.de\/en\/produkt\/motorrad-tacho-gehaeuse-tachogehaeuse-passend-fuer-suzuki-gsxr600-gsx-r-600-gsxr750-gsx-r-750-2006-2010\/","url":"https:\/\/moto-screenies.de\/en\/produkt\/motorrad-tacho-gehaeuse-tachogehaeuse-passend-fuer-suzuki-gsxr600-gsx-r-600-gsxr750-gsx-r-750-2006-2010\/","name":"Motorrad Tacho Geh\u00e4use Tachogeh\u00e4use passend f\u00fcr Suzuki GSXR600 \/ GSX R 600 \/ GSXR750 \/ GSX-R 750 2006-2010","isPartOf":{"@id":"https:\/\/moto-screenies.de\/en\/#website"},"primaryImageOfPage":{"@id":"https:\/\/moto-screenies.de\/en\/produkt\/motorrad-tacho-gehaeuse-tachogehaeuse-passend-fuer-suzuki-gsxr600-gsx-r-600-gsxr750-gsx-r-750-2006-2010\/#primaryimage"},"image":{"@id":"https:\/\/moto-screenies.de\/en\/produkt\/motorrad-tacho-gehaeuse-tachogehaeuse-passend-fuer-suzuki-gsxr600-gsx-r-600-gsxr750-gsx-r-750-2006-2010\/#primaryimage"},"thumbnailUrl":"https:\/\/moto-screenies.de\/wp-content\/uploads\/2024\/04\/MTG25.png","datePublished":"2024-04-19T14:54:12+00:00","dateModified":"2025-11-27T10:37:24+00:00","description":"Entdecken Sie das perfekte Motorrad Tacho Geh\u00e4use f\u00fcr Suzuki GSXR600 und GSXR750 (2006-2010). Hochwertige Verarbeitung und passgenaues Design f\u00fcr optimale Leistung und Schutz.","breadcrumb":{"@id":"https:\/\/moto-screenies.de\/en\/produkt\/motorrad-tacho-gehaeuse-tachogehaeuse-passend-fuer-suzuki-gsxr600-gsx-r-600-gsxr750-gsx-r-750-2006-2010\/#breadcrumb"},"inLanguage":"en-US","potentialAction":[{"@type":"ReadAction","target":["https:\/\/moto-screenies.de\/en\/produkt\/motorrad-tacho-gehaeuse-tachogehaeuse-passend-fuer-suzuki-gsxr600-gsx-r-600-gsxr750-gsx-r-750-2006-2010\/"]}]},{"@type":"ImageObject","inLanguage":"en-US","@id":"https:\/\/moto-screenies.de\/en\/produkt\/motorrad-tacho-gehaeuse-tachogehaeuse-passend-fuer-suzuki-gsxr600-gsx-r-600-gsxr750-gsx-r-750-2006-2010\/#primaryimage","url":"https:\/\/moto-screenies.de\/wp-content\/uploads\/2024\/04\/MTG25.png","contentUrl":"https:\/\/moto-screenies.de\/wp-content\/uploads\/2024\/04\/MTG25.png","width":1500,"height":1500,"caption":"Moto Screenies"},{"@type":"BreadcrumbList","@id":"https:\/\/moto-screenies.de\/en\/produkt\/motorrad-tacho-gehaeuse-tachogehaeuse-passend-fuer-suzuki-gsxr600-gsx-r-600-gsxr750-gsx-r-750-2006-2010\/#breadcrumb","itemListElement":[{"@type":"ListItem","position":1,"name":"Startseite","item":"https:\/\/moto-screenies.de\/en\/"},{"@type":"ListItem","position":2,"name":"Store","item":"https:\/\/moto-screenies.com\/shop\/"},{"@type":"ListItem","position":3,"name":"Motorrad Tacho Geh\u00e4use Tachogeh\u00e4use passend f\u00fcr Suzuki GSXR600 \/ GSX R 600 \/ GSXR750 \/ GSX-R 750 2006-2010"}]},{"@type":"WebSite","@id":"https:\/\/moto-screenies.de\/en\/#website","url":"https:\/\/moto-screenies.de\/en\/","name":"Moto Screenies","description":"Die Displayschutzfolie f\u00fcr dein Motorrad","publisher":{"@id":"https:\/\/moto-screenies.de\/en\/#organization"},"alternateName":"MS","potentialAction":[{"@type":"SearchAction","target":{"@type":"EntryPoint","urlTemplate":"https:\/\/moto-screenies.de\/en\/?s={search_term_string}"},"query-input":{"@type":"PropertyValueSpecification","valueRequired":true,"valueName":"search_term_string"}}],"inLanguage":"en-US"},{"@type":"Organization","@id":"https:\/\/moto-screenies.de\/en\/#organization","name":"Moto Screenies","url":"https:\/\/moto-screenies.de\/en\/","logo":{"@type":"ImageObject","inLanguage":"en-US","@id":"https:\/\/moto-screenies.de\/en\/#\/schema\/logo\/image\/","url":"","contentUrl":"","caption":"Moto Screenies"},"image":{"@id":"https:\/\/moto-screenies.de\/en\/#\/schema\/logo\/image\/"}}]}},"_links":{"self":[{"href":"https:\/\/moto-screenies.de\/en\/wp-json\/wp\/v2\/product\/189223","targetHints":{"allow":["GET"]}}],"collection":[{"href":"https:\/\/moto-screenies.de\/en\/wp-json\/wp\/v2\/product"}],"about":[{"href":"https:\/\/moto-screenies.de\/en\/wp-json\/wp\/v2\/types\/product"}],"replies":[{"embeddable":true,"href":"https:\/\/moto-screenies.de\/en\/wp-json\/wp\/v2\/comments?post=189223"}],"wp:featuredmedia":[{"embeddable":true,"href":"https:\/\/moto-screenies.de\/en\/wp-json\/wp\/v2\/media\/265646"}],"wp:attachment":[{"href":"https:\/\/moto-screenies.de\/en\/wp-json\/wp\/v2\/media?parent=189223"}],"wp:term":[{"taxonomy":"product_brand","embeddable":true,"href":"https:\/\/moto-screenies.de\/en\/wp-json\/wp\/v2\/product_brand?post=189223"},{"taxonomy":"product_cat","embeddable":true,"href":"https:\/\/moto-screenies.de\/en\/wp-json\/wp\/v2\/product_cat?post=189223"},{"taxonomy":"product_tag","embeddable":true,"href":"https:\/\/moto-screenies.de\/en\/wp-json\/wp\/v2\/product_tag?post=189223"}],"curies":[{"name":"wp","href":"https:\/\/api.w.org\/{rel}","templated":true}]}}