{"id":189231,"date":"2024-04-25T14:44:36","date_gmt":"2024-04-25T12:44:36","guid":{"rendered":"https:\/\/moto-screenies.de\/produkt\/motorrad-tacho-gehaeuse-tachogehaeuse-passend-fuer-bmw-f650-f800-gs-f-800gs-2008-2018-f800-r-f-800r-2009-2016-f800-r-f-800r-2009-2016-f700-gs-f-700gs-2013-2018-f-800-st-2006-20\/"},"modified":"2026-03-05T18:32:14","modified_gmt":"2026-03-05T17:32:14","slug":"motorrad-tacho-gehaeuse-tachogehaeuse-passend-fuer-bmw-f650-f800-gs-f-800gs-2008-2018-f800-r-f-800r-2009-2016-f800-r-f-800r-2009-2016-f700-gs-f-700gs-2013-2018-f-800-st-2006-20","status":"publish","type":"product","link":"https:\/\/moto-screenies.de\/en\/produkt\/motorrad-tacho-gehaeuse-tachogehaeuse-passend-fuer-bmw-f650-f800-gs-f-800gs-2008-2018-f800-r-f-800r-2009-2016-f800-r-f-800r-2009-2016-f700-gs-f-700gs-2013-2018-f-800-st-2006-20\/","title":{"rendered":"Motorrad Tacho Geh\u00e4use Tachogeh\u00e4use passend f\u00fcr BMW F650\/ F800 GS \/ F 800GS 2008 &#8211; 2018   F800 R \/ F 800R 2009 &#8211; 2016  F800 R \/ F 800R 2009 &#8211; 2016  F700 GS \/ F 700GS 2013 &#8211; 2018  F-800 ST 2006 &#8211; 2012  F 800 S 2006 &#8211; 2009"},"content":{"rendered":"<p>Entdecken Sie das hochwertige Motorrad Tacho Geh\u00e4use, das speziell f\u00fcr Ihre BMW Modelle entwickelt wurde. Dieses Tachogeh\u00e4use bietet nicht nur optimalen Schutz f\u00fcr Ihren Tacho, sondern verleiht Ihrem Motorrad auch einen stilvollen Look. Hergestellt aus robusten Materialien, garantiert es Langlebigkeit und Widerstandsf\u00e4higkeit gegen Witterungseinfl\u00fcsse. Einfache Montage und passgenaue Verarbeitung sorgen f\u00fcr eine nahtlose Integration in Ihr Motorrad. <\/p>\n<p>Passend f\u00fcr: Motorrad Tacho Geh\u00e4use Tachogeh\u00e4use passend f\u00fcr BMW F650\/ F800 GS \/ F 800GS 2008 &#8211; 2018, F800 R \/ F 800R 2009 &#8211; 2016, F700 GS \/ F 700GS 2013 &#8211; 2018, F-800 ST 2006 &#8211; 2012, F 800 S 2006 &#8211; 2009.<\/p>\n","protected":false},"excerpt":{"rendered":"<p>Entdecken Sie das hochwertige Motorrad Tacho Geh\u00e4use, das speziell f\u00fcr Ihre BMW Modelle entwickelt wurde. Dieses Tachogeh\u00e4use bietet nicht nur optimalen Schutz f\u00fcr Ihren Tacho, sondern verleiht Ihrem Motorrad auch einen stilvollen Look. Hergestellt aus robusten Materialien, garantiert es Langlebigkeit und Widerstandsf\u00e4higkeit gegen Witterungseinfl\u00fcsse. Einfache Montage und passgenaue Verarbeitung sorgen f\u00fcr eine nahtlose Integration in [&hellip;]<\/p>\n","protected":false},"featured_media":221194,"comment_status":"open","ping_status":"closed","template":"","meta":{"_et_pb_use_builder":"","_et_pb_old_content":"","_et_gb_content_width":"","_uf_show_specific_survey":0,"_uf_disable_surveys":false},"product_brand":[],"product_cat":[418],"product_tag":[165],"class_list":{"0":"post-189231","1":"product","2":"type-product","3":"status-publish","4":"has-post-thumbnail","6":"product_cat-bmw-schutzfolie-fuer-dein-motorrad","7":"product_tag-tachogehaeuse","8":"product_shipping_class-standard","10":"first","11":"instock","12":"taxable","13":"shipping-taxable","14":"purchasable","15":"product-type-simple"},"yoast_head":"<!-- This site is optimized with the Yoast SEO plugin v27.2 - https:\/\/yoast.com\/product\/yoast-seo-wordpress\/ -->\n<title>Motorrad Tacho Geh\u00e4use Tachogeh\u00e4use passend f\u00fcr BMW F650\/ F800 GS \/ F 800GS 2008 - 2018  F800 R \/ F 800R 2009 - 2016 F800 R \/ F 800R 2009 - 2016 F700 GS \/ F 700GS 2013 - 2018 F-800 ST 2006 - 2012 F 800 S 2006 - 2009<\/title>\n<meta name=\"description\" content=\"Entdecken Sie hochwertige Motorrad Tacho Geh\u00e4use f\u00fcr BMW Modelle: F650\/F800 GS (2008-2018), F800 R (2009-2016), F700 GS (2013-2018), F800 ST (2006-2012), F800 S (2006-2009). Perfekte Passform und Schutz!\" \/>\n<meta name=\"robots\" content=\"index, follow, max-snippet:-1, max-image-preview:large, max-video-preview:-1\" \/>\n<link rel=\"canonical\" href=\"https:\/\/moto-screenies.de\/en\/produkt\/motorrad-tacho-gehaeuse-tachogehaeuse-passend-fuer-bmw-f650-f800-gs-f-800gs-2008-2018-f800-r-f-800r-2009-2016-f800-r-f-800r-2009-2016-f700-gs-f-700gs-2013-2018-f-800-st-2006-20\/\" \/>\n<meta property=\"og:locale\" content=\"en_US\" \/>\n<meta property=\"og:type\" content=\"article\" \/>\n<meta property=\"og:title\" content=\"Motorrad Tacho Geh\u00e4use Tachogeh\u00e4use passend f\u00fcr BMW F650\/ F800 GS \/ F 800GS 2008 - 2018  F800 R \/ F 800R 2009 - 2016 F800 R \/ F 800R 2009 - 2016 F700 GS \/ F 700GS 2013 - 2018 F-800 ST 2006 - 2012 F 800 S 2006 - 2009\" \/>\n<meta property=\"og:description\" content=\"Entdecken Sie hochwertige Motorrad Tacho Geh\u00e4use f\u00fcr BMW Modelle: F650\/F800 GS (2008-2018), F800 R (2009-2016), F700 GS (2013-2018), F800 ST (2006-2012), F800 S (2006-2009). Perfekte Passform und Schutz!\" \/>\n<meta property=\"og:url\" content=\"https:\/\/moto-screenies.de\/en\/produkt\/motorrad-tacho-gehaeuse-tachogehaeuse-passend-fuer-bmw-f650-f800-gs-f-800gs-2008-2018-f800-r-f-800r-2009-2016-f800-r-f-800r-2009-2016-f700-gs-f-700gs-2013-2018-f-800-st-2006-20\/\" \/>\n<meta property=\"og:site_name\" content=\"Moto Screenies\" \/>\n<meta property=\"article:modified_time\" content=\"2026-03-05T17:32:14+00:00\" \/>\n<meta property=\"og:image\" content=\"https:\/\/moto-screenies.de\/wp-content\/uploads\/2025\/11\/353963_Product.png\" \/>\n\t<meta property=\"og:image:width\" content=\"1500\" \/>\n\t<meta property=\"og:image:height\" content=\"1500\" \/>\n\t<meta property=\"og:image:type\" content=\"image\/png\" \/>\n<meta name=\"twitter:card\" content=\"summary_large_image\" \/>\n<script type=\"application\/ld+json\" class=\"yoast-schema-graph\">{\"@context\":\"https:\/\/schema.org\",\"@graph\":[{\"@type\":\"WebPage\",\"@id\":\"https:\/\/moto-screenies.de\/en\/produkt\/motorrad-tacho-gehaeuse-tachogehaeuse-passend-fuer-bmw-f650-f800-gs-f-800gs-2008-2018-f800-r-f-800r-2009-2016-f800-r-f-800r-2009-2016-f700-gs-f-700gs-2013-2018-f-800-st-2006-20\/\",\"url\":\"https:\/\/moto-screenies.de\/en\/produkt\/motorrad-tacho-gehaeuse-tachogehaeuse-passend-fuer-bmw-f650-f800-gs-f-800gs-2008-2018-f800-r-f-800r-2009-2016-f800-r-f-800r-2009-2016-f700-gs-f-700gs-2013-2018-f-800-st-2006-20\/\",\"name\":\"Motorrad Tacho Geh\u00e4use Tachogeh\u00e4use passend f\u00fcr BMW F650\/ F800 GS \/ F 800GS 2008 - 2018 F800 R \/ F 800R 2009 - 2016 F800 R \/ F 800R 2009 - 2016 F700 GS \/ F 700GS 2013 - 2018 F-800 ST 2006 - 2012 F 800 S 2006 - 2009\",\"isPartOf\":{\"@id\":\"https:\/\/moto-screenies.de\/en\/#website\"},\"primaryImageOfPage\":{\"@id\":\"https:\/\/moto-screenies.de\/en\/produkt\/motorrad-tacho-gehaeuse-tachogehaeuse-passend-fuer-bmw-f650-f800-gs-f-800gs-2008-2018-f800-r-f-800r-2009-2016-f800-r-f-800r-2009-2016-f700-gs-f-700gs-2013-2018-f-800-st-2006-20\/#primaryimage\"},\"image\":{\"@id\":\"https:\/\/moto-screenies.de\/en\/produkt\/motorrad-tacho-gehaeuse-tachogehaeuse-passend-fuer-bmw-f650-f800-gs-f-800gs-2008-2018-f800-r-f-800r-2009-2016-f800-r-f-800r-2009-2016-f700-gs-f-700gs-2013-2018-f-800-st-2006-20\/#primaryimage\"},\"thumbnailUrl\":\"https:\/\/moto-screenies.de\/wp-content\/uploads\/2025\/11\/353963_Product.png\",\"datePublished\":\"2024-04-25T12:44:36+00:00\",\"dateModified\":\"2026-03-05T17:32:14+00:00\",\"description\":\"Entdecken Sie hochwertige Motorrad Tacho Geh\u00e4use f\u00fcr BMW Modelle: F650\/F800 GS (2008-2018), F800 R (2009-2016), F700 GS (2013-2018), F800 ST (2006-2012), F800 S (2006-2009). Perfekte Passform und Schutz!\",\"breadcrumb\":{\"@id\":\"https:\/\/moto-screenies.de\/en\/produkt\/motorrad-tacho-gehaeuse-tachogehaeuse-passend-fuer-bmw-f650-f800-gs-f-800gs-2008-2018-f800-r-f-800r-2009-2016-f800-r-f-800r-2009-2016-f700-gs-f-700gs-2013-2018-f-800-st-2006-20\/#breadcrumb\"},\"inLanguage\":\"en-US\",\"potentialAction\":[{\"@type\":\"ReadAction\",\"target\":[\"https:\/\/moto-screenies.de\/en\/produkt\/motorrad-tacho-gehaeuse-tachogehaeuse-passend-fuer-bmw-f650-f800-gs-f-800gs-2008-2018-f800-r-f-800r-2009-2016-f800-r-f-800r-2009-2016-f700-gs-f-700gs-2013-2018-f-800-st-2006-20\/\"]}]},{\"@type\":\"ImageObject\",\"inLanguage\":\"en-US\",\"@id\":\"https:\/\/moto-screenies.de\/en\/produkt\/motorrad-tacho-gehaeuse-tachogehaeuse-passend-fuer-bmw-f650-f800-gs-f-800gs-2008-2018-f800-r-f-800r-2009-2016-f800-r-f-800r-2009-2016-f700-gs-f-700gs-2013-2018-f-800-st-2006-20\/#primaryimage\",\"url\":\"https:\/\/moto-screenies.de\/wp-content\/uploads\/2025\/11\/353963_Product.png\",\"contentUrl\":\"https:\/\/moto-screenies.de\/wp-content\/uploads\/2025\/11\/353963_Product.png\",\"width\":1500,\"height\":1500,\"caption\":\"MTG31-tinified.png\"},{\"@type\":\"BreadcrumbList\",\"@id\":\"https:\/\/moto-screenies.de\/en\/produkt\/motorrad-tacho-gehaeuse-tachogehaeuse-passend-fuer-bmw-f650-f800-gs-f-800gs-2008-2018-f800-r-f-800r-2009-2016-f800-r-f-800r-2009-2016-f700-gs-f-700gs-2013-2018-f-800-st-2006-20\/#breadcrumb\",\"itemListElement\":[{\"@type\":\"ListItem\",\"position\":1,\"name\":\"Startseite\",\"item\":\"https:\/\/moto-screenies.de\/en\/\"},{\"@type\":\"ListItem\",\"position\":2,\"name\":\"Store\",\"item\":\"https:\/\/moto-screenies.com\/shop\/\"},{\"@type\":\"ListItem\",\"position\":3,\"name\":\"Motorrad Tacho Geh\u00e4use Tachogeh\u00e4use passend f\u00fcr BMW F650\/ F800 GS \/ F 800GS 2008 &#8211; 2018 F800 R \/ F 800R 2009 &#8211; 2016 F800 R \/ F 800R 2009 &#8211; 2016 F700 GS \/ F 700GS 2013 &#8211; 2018 F-800 ST 2006 &#8211; 2012 F 800 S 2006 &#8211; 2009\"}]},{\"@type\":\"WebSite\",\"@id\":\"https:\/\/moto-screenies.de\/en\/#website\",\"url\":\"https:\/\/moto-screenies.de\/en\/\",\"name\":\"Moto Screenies\",\"description\":\"Die Displayschutzfolie f\u00fcr dein Motorrad\",\"publisher\":{\"@id\":\"https:\/\/moto-screenies.de\/en\/#organization\"},\"alternateName\":\"MS\",\"potentialAction\":[{\"@type\":\"SearchAction\",\"target\":{\"@type\":\"EntryPoint\",\"urlTemplate\":\"https:\/\/moto-screenies.de\/en\/?s={search_term_string}\"},\"query-input\":{\"@type\":\"PropertyValueSpecification\",\"valueRequired\":true,\"valueName\":\"search_term_string\"}}],\"inLanguage\":\"en-US\"},{\"@type\":\"Organization\",\"@id\":\"https:\/\/moto-screenies.de\/en\/#organization\",\"name\":\"Moto Screenies\",\"url\":\"https:\/\/moto-screenies.de\/en\/\",\"logo\":{\"@type\":\"ImageObject\",\"inLanguage\":\"en-US\",\"@id\":\"https:\/\/moto-screenies.de\/en\/#\/schema\/logo\/image\/\",\"url\":\"\",\"contentUrl\":\"\",\"caption\":\"Moto Screenies\"},\"image\":{\"@id\":\"https:\/\/moto-screenies.de\/en\/#\/schema\/logo\/image\/\"}}]}<\/script>\n<!-- \/ Yoast SEO plugin. -->","yoast_head_json":{"title":"Motorrad Tacho Geh\u00e4use Tachogeh\u00e4use passend f\u00fcr BMW F650\/ F800 GS \/ F 800GS 2008 - 2018  F800 R \/ F 800R 2009 - 2016 F800 R \/ F 800R 2009 - 2016 F700 GS \/ F 700GS 2013 - 2018 F-800 ST 2006 - 2012 F 800 S 2006 - 2009","description":"Entdecken Sie hochwertige Motorrad Tacho Geh\u00e4use f\u00fcr BMW Modelle: F650\/F800 GS (2008-2018), F800 R (2009-2016), F700 GS (2013-2018), F800 ST (2006-2012), F800 S (2006-2009). Perfekte Passform und Schutz!","robots":{"index":"index","follow":"follow","max-snippet":"max-snippet:-1","max-image-preview":"max-image-preview:large","max-video-preview":"max-video-preview:-1"},"canonical":"https:\/\/moto-screenies.de\/en\/produkt\/motorrad-tacho-gehaeuse-tachogehaeuse-passend-fuer-bmw-f650-f800-gs-f-800gs-2008-2018-f800-r-f-800r-2009-2016-f800-r-f-800r-2009-2016-f700-gs-f-700gs-2013-2018-f-800-st-2006-20\/","og_locale":"en_US","og_type":"article","og_title":"Motorrad Tacho Geh\u00e4use Tachogeh\u00e4use passend f\u00fcr BMW F650\/ F800 GS \/ F 800GS 2008 - 2018  F800 R \/ F 800R 2009 - 2016 F800 R \/ F 800R 2009 - 2016 F700 GS \/ F 700GS 2013 - 2018 F-800 ST 2006 - 2012 F 800 S 2006 - 2009","og_description":"Entdecken Sie hochwertige Motorrad Tacho Geh\u00e4use f\u00fcr BMW Modelle: F650\/F800 GS (2008-2018), F800 R (2009-2016), F700 GS (2013-2018), F800 ST (2006-2012), F800 S (2006-2009). Perfekte Passform und Schutz!","og_url":"https:\/\/moto-screenies.de\/en\/produkt\/motorrad-tacho-gehaeuse-tachogehaeuse-passend-fuer-bmw-f650-f800-gs-f-800gs-2008-2018-f800-r-f-800r-2009-2016-f800-r-f-800r-2009-2016-f700-gs-f-700gs-2013-2018-f-800-st-2006-20\/","og_site_name":"Moto Screenies","article_modified_time":"2026-03-05T17:32:14+00:00","og_image":[{"width":1500,"height":1500,"url":"https:\/\/moto-screenies.de\/wp-content\/uploads\/2025\/11\/353963_Product.png","type":"image\/png"}],"twitter_card":"summary_large_image","schema":{"@context":"https:\/\/schema.org","@graph":[{"@type":"WebPage","@id":"https:\/\/moto-screenies.de\/en\/produkt\/motorrad-tacho-gehaeuse-tachogehaeuse-passend-fuer-bmw-f650-f800-gs-f-800gs-2008-2018-f800-r-f-800r-2009-2016-f800-r-f-800r-2009-2016-f700-gs-f-700gs-2013-2018-f-800-st-2006-20\/","url":"https:\/\/moto-screenies.de\/en\/produkt\/motorrad-tacho-gehaeuse-tachogehaeuse-passend-fuer-bmw-f650-f800-gs-f-800gs-2008-2018-f800-r-f-800r-2009-2016-f800-r-f-800r-2009-2016-f700-gs-f-700gs-2013-2018-f-800-st-2006-20\/","name":"Motorrad Tacho Geh\u00e4use Tachogeh\u00e4use passend f\u00fcr BMW F650\/ F800 GS \/ F 800GS 2008 - 2018 F800 R \/ F 800R 2009 - 2016 F800 R \/ F 800R 2009 - 2016 F700 GS \/ F 700GS 2013 - 2018 F-800 ST 2006 - 2012 F 800 S 2006 - 2009","isPartOf":{"@id":"https:\/\/moto-screenies.de\/en\/#website"},"primaryImageOfPage":{"@id":"https:\/\/moto-screenies.de\/en\/produkt\/motorrad-tacho-gehaeuse-tachogehaeuse-passend-fuer-bmw-f650-f800-gs-f-800gs-2008-2018-f800-r-f-800r-2009-2016-f800-r-f-800r-2009-2016-f700-gs-f-700gs-2013-2018-f-800-st-2006-20\/#primaryimage"},"image":{"@id":"https:\/\/moto-screenies.de\/en\/produkt\/motorrad-tacho-gehaeuse-tachogehaeuse-passend-fuer-bmw-f650-f800-gs-f-800gs-2008-2018-f800-r-f-800r-2009-2016-f800-r-f-800r-2009-2016-f700-gs-f-700gs-2013-2018-f-800-st-2006-20\/#primaryimage"},"thumbnailUrl":"https:\/\/moto-screenies.de\/wp-content\/uploads\/2025\/11\/353963_Product.png","datePublished":"2024-04-25T12:44:36+00:00","dateModified":"2026-03-05T17:32:14+00:00","description":"Entdecken Sie hochwertige Motorrad Tacho Geh\u00e4use f\u00fcr BMW Modelle: F650\/F800 GS (2008-2018), F800 R (2009-2016), F700 GS (2013-2018), F800 ST (2006-2012), F800 S (2006-2009). Perfekte Passform und Schutz!","breadcrumb":{"@id":"https:\/\/moto-screenies.de\/en\/produkt\/motorrad-tacho-gehaeuse-tachogehaeuse-passend-fuer-bmw-f650-f800-gs-f-800gs-2008-2018-f800-r-f-800r-2009-2016-f800-r-f-800r-2009-2016-f700-gs-f-700gs-2013-2018-f-800-st-2006-20\/#breadcrumb"},"inLanguage":"en-US","potentialAction":[{"@type":"ReadAction","target":["https:\/\/moto-screenies.de\/en\/produkt\/motorrad-tacho-gehaeuse-tachogehaeuse-passend-fuer-bmw-f650-f800-gs-f-800gs-2008-2018-f800-r-f-800r-2009-2016-f800-r-f-800r-2009-2016-f700-gs-f-700gs-2013-2018-f-800-st-2006-20\/"]}]},{"@type":"ImageObject","inLanguage":"en-US","@id":"https:\/\/moto-screenies.de\/en\/produkt\/motorrad-tacho-gehaeuse-tachogehaeuse-passend-fuer-bmw-f650-f800-gs-f-800gs-2008-2018-f800-r-f-800r-2009-2016-f800-r-f-800r-2009-2016-f700-gs-f-700gs-2013-2018-f-800-st-2006-20\/#primaryimage","url":"https:\/\/moto-screenies.de\/wp-content\/uploads\/2025\/11\/353963_Product.png","contentUrl":"https:\/\/moto-screenies.de\/wp-content\/uploads\/2025\/11\/353963_Product.png","width":1500,"height":1500,"caption":"MTG31-tinified.png"},{"@type":"BreadcrumbList","@id":"https:\/\/moto-screenies.de\/en\/produkt\/motorrad-tacho-gehaeuse-tachogehaeuse-passend-fuer-bmw-f650-f800-gs-f-800gs-2008-2018-f800-r-f-800r-2009-2016-f800-r-f-800r-2009-2016-f700-gs-f-700gs-2013-2018-f-800-st-2006-20\/#breadcrumb","itemListElement":[{"@type":"ListItem","position":1,"name":"Startseite","item":"https:\/\/moto-screenies.de\/en\/"},{"@type":"ListItem","position":2,"name":"Store","item":"https:\/\/moto-screenies.com\/shop\/"},{"@type":"ListItem","position":3,"name":"Motorrad Tacho Geh\u00e4use Tachogeh\u00e4use passend f\u00fcr BMW F650\/ F800 GS \/ F 800GS 2008 &#8211; 2018 F800 R \/ F 800R 2009 &#8211; 2016 F800 R \/ F 800R 2009 &#8211; 2016 F700 GS \/ F 700GS 2013 &#8211; 2018 F-800 ST 2006 &#8211; 2012 F 800 S 2006 &#8211; 2009"}]},{"@type":"WebSite","@id":"https:\/\/moto-screenies.de\/en\/#website","url":"https:\/\/moto-screenies.de\/en\/","name":"Moto Screenies","description":"Die Displayschutzfolie f\u00fcr dein Motorrad","publisher":{"@id":"https:\/\/moto-screenies.de\/en\/#organization"},"alternateName":"MS","potentialAction":[{"@type":"SearchAction","target":{"@type":"EntryPoint","urlTemplate":"https:\/\/moto-screenies.de\/en\/?s={search_term_string}"},"query-input":{"@type":"PropertyValueSpecification","valueRequired":true,"valueName":"search_term_string"}}],"inLanguage":"en-US"},{"@type":"Organization","@id":"https:\/\/moto-screenies.de\/en\/#organization","name":"Moto Screenies","url":"https:\/\/moto-screenies.de\/en\/","logo":{"@type":"ImageObject","inLanguage":"en-US","@id":"https:\/\/moto-screenies.de\/en\/#\/schema\/logo\/image\/","url":"","contentUrl":"","caption":"Moto Screenies"},"image":{"@id":"https:\/\/moto-screenies.de\/en\/#\/schema\/logo\/image\/"}}]}},"_links":{"self":[{"href":"https:\/\/moto-screenies.de\/en\/wp-json\/wp\/v2\/product\/189231","targetHints":{"allow":["GET"]}}],"collection":[{"href":"https:\/\/moto-screenies.de\/en\/wp-json\/wp\/v2\/product"}],"about":[{"href":"https:\/\/moto-screenies.de\/en\/wp-json\/wp\/v2\/types\/product"}],"replies":[{"embeddable":true,"href":"https:\/\/moto-screenies.de\/en\/wp-json\/wp\/v2\/comments?post=189231"}],"wp:featuredmedia":[{"embeddable":true,"href":"https:\/\/moto-screenies.de\/en\/wp-json\/wp\/v2\/media\/221194"}],"wp:attachment":[{"href":"https:\/\/moto-screenies.de\/en\/wp-json\/wp\/v2\/media?parent=189231"}],"wp:term":[{"taxonomy":"product_brand","embeddable":true,"href":"https:\/\/moto-screenies.de\/en\/wp-json\/wp\/v2\/product_brand?post=189231"},{"taxonomy":"product_cat","embeddable":true,"href":"https:\/\/moto-screenies.de\/en\/wp-json\/wp\/v2\/product_cat?post=189231"},{"taxonomy":"product_tag","embeddable":true,"href":"https:\/\/moto-screenies.de\/en\/wp-json\/wp\/v2\/product_tag?post=189231"}],"curies":[{"name":"wp","href":"https:\/\/api.w.org\/{rel}","templated":true}]}}