{"id":189240,"date":"2024-05-03T14:41:04","date_gmt":"2024-05-03T12:41:04","guid":{"rendered":"https:\/\/moto-screenies.de\/produkt\/motorrad-tacho-gehaeuse-tachogehaeuse-passend-fuer-kawasaki-zrx-400-1998-2004-er-5-2000-2002-750-1998-2000-zephyr\/"},"modified":"2025-11-26T13:54:19","modified_gmt":"2025-11-26T12:54:19","slug":"motorrad-tacho-gehaeuse-tachogehaeuse-passend-fuer-kawasaki-zrx-400-1998-2004-er-5-2000-2002-750-1998-2000-zephyr","status":"publish","type":"product","link":"https:\/\/moto-screenies.de\/en\/produkt\/motorrad-tacho-gehaeuse-tachogehaeuse-passend-fuer-kawasaki-zrx-400-1998-2004-er-5-2000-2002-750-1998-2000-zephyr\/","title":{"rendered":"Motorrad Tacho Geh\u00e4use Tachogeh\u00e4use passend f\u00fcr Kawasaki  ZRX 400  1998-2004\/  ER-5 2000-2002\/  750  1998-2000 ZEPHYR"},"content":{"rendered":"<p>Das Motorrad Tacho Geh\u00e4use ist die ideale L\u00f6sung f\u00fcr alle, die Wert auf Qualit\u00e4t und Pr\u00e4zision legen. Dieses Tachogeh\u00e4use bietet nicht nur optimalen Schutz f\u00fcr Ihr Tachometer, sondern verleiht Ihrem Motorrad auch einen stilvollen Look. Hergestellt aus robusten Materialien, garantiert es Langlebigkeit und Widerstandsf\u00e4higkeit gegen \u00e4u\u00dfere Einfl\u00fcsse. Die passgenaue Form sorgt f\u00fcr eine einfache Montage und eine perfekte Integration in das Design Ihres Motorrads. Passend f\u00fcr: Motorrad Tacho Geh\u00e4use Tachogeh\u00e4use passend f\u00fcr Kawasaki ZRX 400 1998-2004\/ ER-5 2000-2002\/ 750 1998-2000 ZEPHYR. Verleihen Sie Ihrem Motorrad den letzten Schliff mit diesem hochwertigen Tachogeh\u00e4use.<\/p>\n","protected":false},"excerpt":{"rendered":"<p>Das Motorrad Tacho Geh\u00e4use ist die ideale L\u00f6sung f\u00fcr alle, die Wert auf Qualit\u00e4t und Pr\u00e4zision legen. Dieses Tachogeh\u00e4use bietet nicht nur optimalen Schutz f\u00fcr Ihr Tachometer, sondern verleiht Ihrem Motorrad auch einen stilvollen Look. Hergestellt aus robusten Materialien, garantiert es Langlebigkeit und Widerstandsf\u00e4higkeit gegen \u00e4u\u00dfere Einfl\u00fcsse. Die passgenaue Form sorgt f\u00fcr eine einfache Montage [&hellip;]<\/p>\n","protected":false},"featured_media":265520,"comment_status":"open","ping_status":"closed","template":"","meta":{"_et_pb_use_builder":"","_et_pb_old_content":"","_et_gb_content_width":"","_uf_show_specific_survey":0,"_uf_disable_surveys":false},"product_brand":[],"product_cat":[424],"product_tag":[165],"class_list":{"0":"post-189240","1":"product","2":"type-product","3":"status-publish","4":"has-post-thumbnail","6":"product_cat-kawasaki-schutzfolie-fuer-dein-motorrad","7":"product_tag-tachogehaeuse","8":"product_shipping_class-standard","10":"first","11":"instock","12":"taxable","13":"shipping-taxable","14":"purchasable","15":"product-type-simple"},"yoast_head":"<!-- This site is optimized with the Yoast SEO plugin v27.2 - https:\/\/yoast.com\/product\/yoast-seo-wordpress\/ -->\n<title>Motorrad Tacho Geh\u00e4use Tachogeh\u00e4use passend f\u00fcr Kawasaki ZRX 400 1998-2004\/ ER-5 2000-2002\/ 750 1998-2000 ZEPHYR<\/title>\n<meta name=\"description\" content=\"Entdecken Sie hochwertige Motorrad Tacho Geh\u00e4use f\u00fcr Kawasaki Modelle: ZRX 400 (1998-2004), ER-5 (2000-2002) und 750 ZEPHYR (1998-2000). Perfekte Passform und langlebige Materialien f\u00fcr optimalen Schutz.\" \/>\n<meta name=\"robots\" content=\"index, follow, max-snippet:-1, max-image-preview:large, max-video-preview:-1\" \/>\n<link rel=\"canonical\" href=\"https:\/\/moto-screenies.de\/en\/produkt\/motorrad-tacho-gehaeuse-tachogehaeuse-passend-fuer-kawasaki-zrx-400-1998-2004-er-5-2000-2002-750-1998-2000-zephyr\/\" \/>\n<meta property=\"og:locale\" content=\"en_US\" \/>\n<meta property=\"og:type\" content=\"article\" \/>\n<meta property=\"og:title\" content=\"Motorrad Tacho Geh\u00e4use Tachogeh\u00e4use passend f\u00fcr Kawasaki ZRX 400 1998-2004\/ ER-5 2000-2002\/ 750 1998-2000 ZEPHYR\" \/>\n<meta property=\"og:description\" content=\"Entdecken Sie hochwertige Motorrad Tacho Geh\u00e4use f\u00fcr Kawasaki Modelle: ZRX 400 (1998-2004), ER-5 (2000-2002) und 750 ZEPHYR (1998-2000). Perfekte Passform und langlebige Materialien f\u00fcr optimalen Schutz.\" \/>\n<meta property=\"og:url\" content=\"https:\/\/moto-screenies.de\/en\/produkt\/motorrad-tacho-gehaeuse-tachogehaeuse-passend-fuer-kawasaki-zrx-400-1998-2004-er-5-2000-2002-750-1998-2000-zephyr\/\" \/>\n<meta property=\"og:site_name\" content=\"Moto Screenies\" \/>\n<meta property=\"article:modified_time\" content=\"2025-11-26T12:54:19+00:00\" \/>\n<meta property=\"og:image\" content=\"https:\/\/moto-screenies.de\/wp-content\/uploads\/2024\/05\/MTG23.png\" \/>\n\t<meta property=\"og:image:width\" content=\"1500\" \/>\n\t<meta property=\"og:image:height\" content=\"1500\" \/>\n\t<meta property=\"og:image:type\" content=\"image\/png\" \/>\n<meta name=\"twitter:card\" content=\"summary_large_image\" \/>\n<meta name=\"twitter:label1\" content=\"Est. reading time\" \/>\n\t<meta name=\"twitter:data1\" content=\"1 minute\" \/>\n<script type=\"application\/ld+json\" class=\"yoast-schema-graph\">{\"@context\":\"https:\/\/schema.org\",\"@graph\":[{\"@type\":\"WebPage\",\"@id\":\"https:\/\/moto-screenies.de\/en\/produkt\/motorrad-tacho-gehaeuse-tachogehaeuse-passend-fuer-kawasaki-zrx-400-1998-2004-er-5-2000-2002-750-1998-2000-zephyr\/\",\"url\":\"https:\/\/moto-screenies.de\/en\/produkt\/motorrad-tacho-gehaeuse-tachogehaeuse-passend-fuer-kawasaki-zrx-400-1998-2004-er-5-2000-2002-750-1998-2000-zephyr\/\",\"name\":\"Motorrad Tacho Geh\u00e4use Tachogeh\u00e4use passend f\u00fcr Kawasaki ZRX 400 1998-2004\/ ER-5 2000-2002\/ 750 1998-2000 ZEPHYR\",\"isPartOf\":{\"@id\":\"https:\/\/moto-screenies.de\/en\/#website\"},\"primaryImageOfPage\":{\"@id\":\"https:\/\/moto-screenies.de\/en\/produkt\/motorrad-tacho-gehaeuse-tachogehaeuse-passend-fuer-kawasaki-zrx-400-1998-2004-er-5-2000-2002-750-1998-2000-zephyr\/#primaryimage\"},\"image\":{\"@id\":\"https:\/\/moto-screenies.de\/en\/produkt\/motorrad-tacho-gehaeuse-tachogehaeuse-passend-fuer-kawasaki-zrx-400-1998-2004-er-5-2000-2002-750-1998-2000-zephyr\/#primaryimage\"},\"thumbnailUrl\":\"https:\/\/moto-screenies.de\/wp-content\/uploads\/2024\/05\/MTG23.png\",\"datePublished\":\"2024-05-03T12:41:04+00:00\",\"dateModified\":\"2025-11-26T12:54:19+00:00\",\"description\":\"Entdecken Sie hochwertige Motorrad Tacho Geh\u00e4use f\u00fcr Kawasaki Modelle: ZRX 400 (1998-2004), ER-5 (2000-2002) und 750 ZEPHYR (1998-2000). Perfekte Passform und langlebige Materialien f\u00fcr optimalen Schutz.\",\"breadcrumb\":{\"@id\":\"https:\/\/moto-screenies.de\/en\/produkt\/motorrad-tacho-gehaeuse-tachogehaeuse-passend-fuer-kawasaki-zrx-400-1998-2004-er-5-2000-2002-750-1998-2000-zephyr\/#breadcrumb\"},\"inLanguage\":\"en-US\",\"potentialAction\":[{\"@type\":\"ReadAction\",\"target\":[\"https:\/\/moto-screenies.de\/en\/produkt\/motorrad-tacho-gehaeuse-tachogehaeuse-passend-fuer-kawasaki-zrx-400-1998-2004-er-5-2000-2002-750-1998-2000-zephyr\/\"]}]},{\"@type\":\"ImageObject\",\"inLanguage\":\"en-US\",\"@id\":\"https:\/\/moto-screenies.de\/en\/produkt\/motorrad-tacho-gehaeuse-tachogehaeuse-passend-fuer-kawasaki-zrx-400-1998-2004-er-5-2000-2002-750-1998-2000-zephyr\/#primaryimage\",\"url\":\"https:\/\/moto-screenies.de\/wp-content\/uploads\/2024\/05\/MTG23.png\",\"contentUrl\":\"https:\/\/moto-screenies.de\/wp-content\/uploads\/2024\/05\/MTG23.png\",\"width\":1500,\"height\":1500,\"caption\":\"Moto Screenies\"},{\"@type\":\"BreadcrumbList\",\"@id\":\"https:\/\/moto-screenies.de\/en\/produkt\/motorrad-tacho-gehaeuse-tachogehaeuse-passend-fuer-kawasaki-zrx-400-1998-2004-er-5-2000-2002-750-1998-2000-zephyr\/#breadcrumb\",\"itemListElement\":[{\"@type\":\"ListItem\",\"position\":1,\"name\":\"Startseite\",\"item\":\"https:\/\/moto-screenies.de\/en\/\"},{\"@type\":\"ListItem\",\"position\":2,\"name\":\"Store\",\"item\":\"https:\/\/moto-screenies.com\/shop\/\"},{\"@type\":\"ListItem\",\"position\":3,\"name\":\"Motorrad Tacho Geh\u00e4use Tachogeh\u00e4use passend f\u00fcr Kawasaki ZRX 400 1998-2004\/ ER-5 2000-2002\/ 750 1998-2000 ZEPHYR\"}]},{\"@type\":\"WebSite\",\"@id\":\"https:\/\/moto-screenies.de\/en\/#website\",\"url\":\"https:\/\/moto-screenies.de\/en\/\",\"name\":\"Moto Screenies\",\"description\":\"Die Displayschutzfolie f\u00fcr dein Motorrad\",\"publisher\":{\"@id\":\"https:\/\/moto-screenies.de\/en\/#organization\"},\"alternateName\":\"MS\",\"potentialAction\":[{\"@type\":\"SearchAction\",\"target\":{\"@type\":\"EntryPoint\",\"urlTemplate\":\"https:\/\/moto-screenies.de\/en\/?s={search_term_string}\"},\"query-input\":{\"@type\":\"PropertyValueSpecification\",\"valueRequired\":true,\"valueName\":\"search_term_string\"}}],\"inLanguage\":\"en-US\"},{\"@type\":\"Organization\",\"@id\":\"https:\/\/moto-screenies.de\/en\/#organization\",\"name\":\"Moto Screenies\",\"url\":\"https:\/\/moto-screenies.de\/en\/\",\"logo\":{\"@type\":\"ImageObject\",\"inLanguage\":\"en-US\",\"@id\":\"https:\/\/moto-screenies.de\/en\/#\/schema\/logo\/image\/\",\"url\":\"\",\"contentUrl\":\"\",\"caption\":\"Moto Screenies\"},\"image\":{\"@id\":\"https:\/\/moto-screenies.de\/en\/#\/schema\/logo\/image\/\"}}]}<\/script>\n<!-- \/ Yoast SEO plugin. -->","yoast_head_json":{"title":"Motorrad Tacho Geh\u00e4use Tachogeh\u00e4use passend f\u00fcr Kawasaki ZRX 400 1998-2004\/ ER-5 2000-2002\/ 750 1998-2000 ZEPHYR","description":"Entdecken Sie hochwertige Motorrad Tacho Geh\u00e4use f\u00fcr Kawasaki Modelle: ZRX 400 (1998-2004), ER-5 (2000-2002) und 750 ZEPHYR (1998-2000). Perfekte Passform und langlebige Materialien f\u00fcr optimalen Schutz.","robots":{"index":"index","follow":"follow","max-snippet":"max-snippet:-1","max-image-preview":"max-image-preview:large","max-video-preview":"max-video-preview:-1"},"canonical":"https:\/\/moto-screenies.de\/en\/produkt\/motorrad-tacho-gehaeuse-tachogehaeuse-passend-fuer-kawasaki-zrx-400-1998-2004-er-5-2000-2002-750-1998-2000-zephyr\/","og_locale":"en_US","og_type":"article","og_title":"Motorrad Tacho Geh\u00e4use Tachogeh\u00e4use passend f\u00fcr Kawasaki ZRX 400 1998-2004\/ ER-5 2000-2002\/ 750 1998-2000 ZEPHYR","og_description":"Entdecken Sie hochwertige Motorrad Tacho Geh\u00e4use f\u00fcr Kawasaki Modelle: ZRX 400 (1998-2004), ER-5 (2000-2002) und 750 ZEPHYR (1998-2000). Perfekte Passform und langlebige Materialien f\u00fcr optimalen Schutz.","og_url":"https:\/\/moto-screenies.de\/en\/produkt\/motorrad-tacho-gehaeuse-tachogehaeuse-passend-fuer-kawasaki-zrx-400-1998-2004-er-5-2000-2002-750-1998-2000-zephyr\/","og_site_name":"Moto Screenies","article_modified_time":"2025-11-26T12:54:19+00:00","og_image":[{"width":1500,"height":1500,"url":"https:\/\/moto-screenies.de\/wp-content\/uploads\/2024\/05\/MTG23.png","type":"image\/png"}],"twitter_card":"summary_large_image","twitter_misc":{"Est. reading time":"1 minute"},"schema":{"@context":"https:\/\/schema.org","@graph":[{"@type":"WebPage","@id":"https:\/\/moto-screenies.de\/en\/produkt\/motorrad-tacho-gehaeuse-tachogehaeuse-passend-fuer-kawasaki-zrx-400-1998-2004-er-5-2000-2002-750-1998-2000-zephyr\/","url":"https:\/\/moto-screenies.de\/en\/produkt\/motorrad-tacho-gehaeuse-tachogehaeuse-passend-fuer-kawasaki-zrx-400-1998-2004-er-5-2000-2002-750-1998-2000-zephyr\/","name":"Motorrad Tacho Geh\u00e4use Tachogeh\u00e4use passend f\u00fcr Kawasaki ZRX 400 1998-2004\/ ER-5 2000-2002\/ 750 1998-2000 ZEPHYR","isPartOf":{"@id":"https:\/\/moto-screenies.de\/en\/#website"},"primaryImageOfPage":{"@id":"https:\/\/moto-screenies.de\/en\/produkt\/motorrad-tacho-gehaeuse-tachogehaeuse-passend-fuer-kawasaki-zrx-400-1998-2004-er-5-2000-2002-750-1998-2000-zephyr\/#primaryimage"},"image":{"@id":"https:\/\/moto-screenies.de\/en\/produkt\/motorrad-tacho-gehaeuse-tachogehaeuse-passend-fuer-kawasaki-zrx-400-1998-2004-er-5-2000-2002-750-1998-2000-zephyr\/#primaryimage"},"thumbnailUrl":"https:\/\/moto-screenies.de\/wp-content\/uploads\/2024\/05\/MTG23.png","datePublished":"2024-05-03T12:41:04+00:00","dateModified":"2025-11-26T12:54:19+00:00","description":"Entdecken Sie hochwertige Motorrad Tacho Geh\u00e4use f\u00fcr Kawasaki Modelle: ZRX 400 (1998-2004), ER-5 (2000-2002) und 750 ZEPHYR (1998-2000). Perfekte Passform und langlebige Materialien f\u00fcr optimalen Schutz.","breadcrumb":{"@id":"https:\/\/moto-screenies.de\/en\/produkt\/motorrad-tacho-gehaeuse-tachogehaeuse-passend-fuer-kawasaki-zrx-400-1998-2004-er-5-2000-2002-750-1998-2000-zephyr\/#breadcrumb"},"inLanguage":"en-US","potentialAction":[{"@type":"ReadAction","target":["https:\/\/moto-screenies.de\/en\/produkt\/motorrad-tacho-gehaeuse-tachogehaeuse-passend-fuer-kawasaki-zrx-400-1998-2004-er-5-2000-2002-750-1998-2000-zephyr\/"]}]},{"@type":"ImageObject","inLanguage":"en-US","@id":"https:\/\/moto-screenies.de\/en\/produkt\/motorrad-tacho-gehaeuse-tachogehaeuse-passend-fuer-kawasaki-zrx-400-1998-2004-er-5-2000-2002-750-1998-2000-zephyr\/#primaryimage","url":"https:\/\/moto-screenies.de\/wp-content\/uploads\/2024\/05\/MTG23.png","contentUrl":"https:\/\/moto-screenies.de\/wp-content\/uploads\/2024\/05\/MTG23.png","width":1500,"height":1500,"caption":"Moto Screenies"},{"@type":"BreadcrumbList","@id":"https:\/\/moto-screenies.de\/en\/produkt\/motorrad-tacho-gehaeuse-tachogehaeuse-passend-fuer-kawasaki-zrx-400-1998-2004-er-5-2000-2002-750-1998-2000-zephyr\/#breadcrumb","itemListElement":[{"@type":"ListItem","position":1,"name":"Startseite","item":"https:\/\/moto-screenies.de\/en\/"},{"@type":"ListItem","position":2,"name":"Store","item":"https:\/\/moto-screenies.com\/shop\/"},{"@type":"ListItem","position":3,"name":"Motorrad Tacho Geh\u00e4use Tachogeh\u00e4use passend f\u00fcr Kawasaki ZRX 400 1998-2004\/ ER-5 2000-2002\/ 750 1998-2000 ZEPHYR"}]},{"@type":"WebSite","@id":"https:\/\/moto-screenies.de\/en\/#website","url":"https:\/\/moto-screenies.de\/en\/","name":"Moto Screenies","description":"Die Displayschutzfolie f\u00fcr dein Motorrad","publisher":{"@id":"https:\/\/moto-screenies.de\/en\/#organization"},"alternateName":"MS","potentialAction":[{"@type":"SearchAction","target":{"@type":"EntryPoint","urlTemplate":"https:\/\/moto-screenies.de\/en\/?s={search_term_string}"},"query-input":{"@type":"PropertyValueSpecification","valueRequired":true,"valueName":"search_term_string"}}],"inLanguage":"en-US"},{"@type":"Organization","@id":"https:\/\/moto-screenies.de\/en\/#organization","name":"Moto Screenies","url":"https:\/\/moto-screenies.de\/en\/","logo":{"@type":"ImageObject","inLanguage":"en-US","@id":"https:\/\/moto-screenies.de\/en\/#\/schema\/logo\/image\/","url":"","contentUrl":"","caption":"Moto Screenies"},"image":{"@id":"https:\/\/moto-screenies.de\/en\/#\/schema\/logo\/image\/"}}]}},"_links":{"self":[{"href":"https:\/\/moto-screenies.de\/en\/wp-json\/wp\/v2\/product\/189240","targetHints":{"allow":["GET"]}}],"collection":[{"href":"https:\/\/moto-screenies.de\/en\/wp-json\/wp\/v2\/product"}],"about":[{"href":"https:\/\/moto-screenies.de\/en\/wp-json\/wp\/v2\/types\/product"}],"replies":[{"embeddable":true,"href":"https:\/\/moto-screenies.de\/en\/wp-json\/wp\/v2\/comments?post=189240"}],"wp:featuredmedia":[{"embeddable":true,"href":"https:\/\/moto-screenies.de\/en\/wp-json\/wp\/v2\/media\/265520"}],"wp:attachment":[{"href":"https:\/\/moto-screenies.de\/en\/wp-json\/wp\/v2\/media?parent=189240"}],"wp:term":[{"taxonomy":"product_brand","embeddable":true,"href":"https:\/\/moto-screenies.de\/en\/wp-json\/wp\/v2\/product_brand?post=189240"},{"taxonomy":"product_cat","embeddable":true,"href":"https:\/\/moto-screenies.de\/en\/wp-json\/wp\/v2\/product_cat?post=189240"},{"taxonomy":"product_tag","embeddable":true,"href":"https:\/\/moto-screenies.de\/en\/wp-json\/wp\/v2\/product_tag?post=189240"}],"curies":[{"name":"wp","href":"https:\/\/api.w.org\/{rel}","templated":true}]}}