{"id":189244,"date":"2024-05-03T15:37:17","date_gmt":"2024-05-03T13:37:17","guid":{"rendered":"https:\/\/moto-screenies.de\/produkt\/motorrad-tacho-gehaeuse-tachogehaeuse-passend-fuer-yamaha-yzf-r1-2009-2014-r6-2017-2021\/"},"modified":"2025-11-26T13:43:48","modified_gmt":"2025-11-26T12:43:48","slug":"motorrad-tacho-gehaeuse-tachogehaeuse-passend-fuer-yamaha-yzf-r1-2009-2014-r6-2017-2021","status":"publish","type":"product","link":"https:\/\/moto-screenies.de\/en\/produkt\/motorrad-tacho-gehaeuse-tachogehaeuse-passend-fuer-yamaha-yzf-r1-2009-2014-r6-2017-2021\/","title":{"rendered":"Motorrad Tacho Geh\u00e4use Tachogeh\u00e4use passend f\u00fcr Yamaha YZF-R1 2009-2014  R6 2017-2021"},"content":{"rendered":"<p>Entdecken Sie das hochwertige Motorrad Tacho Geh\u00e4use, das speziell f\u00fcr die Modelle Yamaha YZF-R1 2009-2014 und R6 2017-2021 entwickelt wurde. Dieses Tachogeh\u00e4use \u00fcberzeugt durch seine pr\u00e4zise Passform und die robuste Bauweise, die optimalen Schutz f\u00fcr Ihren Tacho bietet. Hergestellt aus langlebigen Materialien, garantiert es eine lange Lebensdauer und widersteht den Herausforderungen jeder Fahrt. Das elegante Design f\u00fcgt sich nahtlos in das Erscheinungsbild Ihres Motorrads ein und sorgt f\u00fcr einen stilvollen Look. Erh\u00f6hen Sie die Langlebigkeit und Funktionalit\u00e4t Ihres Motorrads mit diesem unverzichtbaren Zubeh\u00f6r. Passend f\u00fcr: Motorrad Tacho Geh\u00e4use Tachogeh\u00e4use passend f\u00fcr Yamaha YZF-R1 2009-2014 R6 2017-2021.<\/p>\n","protected":false},"excerpt":{"rendered":"<p>Entdecken Sie das hochwertige Motorrad Tacho Geh\u00e4use, das speziell f\u00fcr die Modelle Yamaha YZF-R1 2009-2014 und R6 2017-2021 entwickelt wurde. Dieses Tachogeh\u00e4use \u00fcberzeugt durch seine pr\u00e4zise Passform und die robuste Bauweise, die optimalen Schutz f\u00fcr Ihren Tacho bietet. Hergestellt aus langlebigen Materialien, garantiert es eine lange Lebensdauer und widersteht den Herausforderungen jeder Fahrt. Das elegante [&hellip;]<\/p>\n","protected":false},"featured_media":265495,"comment_status":"open","ping_status":"closed","template":"","meta":{"_et_pb_use_builder":"","_et_pb_old_content":"","_et_gb_content_width":"","_uf_show_specific_survey":0,"_uf_disable_surveys":false},"product_brand":[],"product_cat":[429],"product_tag":[165],"class_list":{"0":"post-189244","1":"product","2":"type-product","3":"status-publish","4":"has-post-thumbnail","6":"product_cat-yamaha-schutzfolie-fuer-dein-motorrad","7":"product_tag-tachogehaeuse","8":"product_shipping_class-standard","10":"first","11":"instock","12":"taxable","13":"shipping-taxable","14":"purchasable","15":"product-type-simple"},"yoast_head":"<!-- This site is optimized with the Yoast SEO plugin v27.2 - https:\/\/yoast.com\/product\/yoast-seo-wordpress\/ -->\n<title>Motorrad Tacho Geh\u00e4use Tachogeh\u00e4use passend f\u00fcr Yamaha YZF-R1 2009-2014 R6 2017-2021<\/title>\n<meta name=\"description\" content=\"Entdecken Sie hochwertige Motorrad Tacho Geh\u00e4use f\u00fcr Yamaha YZF-R1 (2009-2014) und R6 (2017-2021). Perfekte Passform, langlebig und stilvoll. Jetzt mehr erfahren!\" \/>\n<meta name=\"robots\" content=\"index, follow, max-snippet:-1, max-image-preview:large, max-video-preview:-1\" \/>\n<link rel=\"canonical\" href=\"https:\/\/moto-screenies.de\/en\/produkt\/motorrad-tacho-gehaeuse-tachogehaeuse-passend-fuer-yamaha-yzf-r1-2009-2014-r6-2017-2021\/\" \/>\n<meta property=\"og:locale\" content=\"en_US\" \/>\n<meta property=\"og:type\" content=\"article\" \/>\n<meta property=\"og:title\" content=\"Motorrad Tacho Geh\u00e4use Tachogeh\u00e4use passend f\u00fcr Yamaha YZF-R1 2009-2014 R6 2017-2021\" \/>\n<meta property=\"og:description\" content=\"Entdecken Sie hochwertige Motorrad Tacho Geh\u00e4use f\u00fcr Yamaha YZF-R1 (2009-2014) und R6 (2017-2021). Perfekte Passform, langlebig und stilvoll. Jetzt mehr erfahren!\" \/>\n<meta property=\"og:url\" content=\"https:\/\/moto-screenies.de\/en\/produkt\/motorrad-tacho-gehaeuse-tachogehaeuse-passend-fuer-yamaha-yzf-r1-2009-2014-r6-2017-2021\/\" \/>\n<meta property=\"og:site_name\" content=\"Moto Screenies\" \/>\n<meta property=\"article:modified_time\" content=\"2025-11-26T12:43:48+00:00\" \/>\n<meta property=\"og:image\" content=\"https:\/\/moto-screenies.de\/wp-content\/uploads\/2024\/05\/MTG40.png\" \/>\n\t<meta property=\"og:image:width\" content=\"1500\" \/>\n\t<meta property=\"og:image:height\" content=\"1500\" \/>\n\t<meta property=\"og:image:type\" content=\"image\/png\" \/>\n<meta name=\"twitter:card\" content=\"summary_large_image\" \/>\n<meta name=\"twitter:label1\" content=\"Est. reading time\" \/>\n\t<meta name=\"twitter:data1\" content=\"1 minute\" \/>\n<script type=\"application\/ld+json\" class=\"yoast-schema-graph\">{\"@context\":\"https:\/\/schema.org\",\"@graph\":[{\"@type\":\"WebPage\",\"@id\":\"https:\/\/moto-screenies.de\/en\/produkt\/motorrad-tacho-gehaeuse-tachogehaeuse-passend-fuer-yamaha-yzf-r1-2009-2014-r6-2017-2021\/\",\"url\":\"https:\/\/moto-screenies.de\/en\/produkt\/motorrad-tacho-gehaeuse-tachogehaeuse-passend-fuer-yamaha-yzf-r1-2009-2014-r6-2017-2021\/\",\"name\":\"Motorrad Tacho Geh\u00e4use Tachogeh\u00e4use passend f\u00fcr Yamaha YZF-R1 2009-2014 R6 2017-2021\",\"isPartOf\":{\"@id\":\"https:\/\/moto-screenies.de\/en\/#website\"},\"primaryImageOfPage\":{\"@id\":\"https:\/\/moto-screenies.de\/en\/produkt\/motorrad-tacho-gehaeuse-tachogehaeuse-passend-fuer-yamaha-yzf-r1-2009-2014-r6-2017-2021\/#primaryimage\"},\"image\":{\"@id\":\"https:\/\/moto-screenies.de\/en\/produkt\/motorrad-tacho-gehaeuse-tachogehaeuse-passend-fuer-yamaha-yzf-r1-2009-2014-r6-2017-2021\/#primaryimage\"},\"thumbnailUrl\":\"https:\/\/moto-screenies.de\/wp-content\/uploads\/2024\/05\/MTG40.png\",\"datePublished\":\"2024-05-03T13:37:17+00:00\",\"dateModified\":\"2025-11-26T12:43:48+00:00\",\"description\":\"Entdecken Sie hochwertige Motorrad Tacho Geh\u00e4use f\u00fcr Yamaha YZF-R1 (2009-2014) und R6 (2017-2021). Perfekte Passform, langlebig und stilvoll. Jetzt mehr erfahren!\",\"breadcrumb\":{\"@id\":\"https:\/\/moto-screenies.de\/en\/produkt\/motorrad-tacho-gehaeuse-tachogehaeuse-passend-fuer-yamaha-yzf-r1-2009-2014-r6-2017-2021\/#breadcrumb\"},\"inLanguage\":\"en-US\",\"potentialAction\":[{\"@type\":\"ReadAction\",\"target\":[\"https:\/\/moto-screenies.de\/en\/produkt\/motorrad-tacho-gehaeuse-tachogehaeuse-passend-fuer-yamaha-yzf-r1-2009-2014-r6-2017-2021\/\"]}]},{\"@type\":\"ImageObject\",\"inLanguage\":\"en-US\",\"@id\":\"https:\/\/moto-screenies.de\/en\/produkt\/motorrad-tacho-gehaeuse-tachogehaeuse-passend-fuer-yamaha-yzf-r1-2009-2014-r6-2017-2021\/#primaryimage\",\"url\":\"https:\/\/moto-screenies.de\/wp-content\/uploads\/2024\/05\/MTG40.png\",\"contentUrl\":\"https:\/\/moto-screenies.de\/wp-content\/uploads\/2024\/05\/MTG40.png\",\"width\":1500,\"height\":1500,\"caption\":\"Moto Screenies\"},{\"@type\":\"BreadcrumbList\",\"@id\":\"https:\/\/moto-screenies.de\/en\/produkt\/motorrad-tacho-gehaeuse-tachogehaeuse-passend-fuer-yamaha-yzf-r1-2009-2014-r6-2017-2021\/#breadcrumb\",\"itemListElement\":[{\"@type\":\"ListItem\",\"position\":1,\"name\":\"Startseite\",\"item\":\"https:\/\/moto-screenies.de\/en\/\"},{\"@type\":\"ListItem\",\"position\":2,\"name\":\"Store\",\"item\":\"https:\/\/moto-screenies.com\/shop\/\"},{\"@type\":\"ListItem\",\"position\":3,\"name\":\"Motorrad Tacho Geh\u00e4use Tachogeh\u00e4use passend f\u00fcr Yamaha YZF-R1 2009-2014 R6 2017-2021\"}]},{\"@type\":\"WebSite\",\"@id\":\"https:\/\/moto-screenies.de\/en\/#website\",\"url\":\"https:\/\/moto-screenies.de\/en\/\",\"name\":\"Moto Screenies\",\"description\":\"Die Displayschutzfolie f\u00fcr dein Motorrad\",\"publisher\":{\"@id\":\"https:\/\/moto-screenies.de\/en\/#organization\"},\"alternateName\":\"MS\",\"potentialAction\":[{\"@type\":\"SearchAction\",\"target\":{\"@type\":\"EntryPoint\",\"urlTemplate\":\"https:\/\/moto-screenies.de\/en\/?s={search_term_string}\"},\"query-input\":{\"@type\":\"PropertyValueSpecification\",\"valueRequired\":true,\"valueName\":\"search_term_string\"}}],\"inLanguage\":\"en-US\"},{\"@type\":\"Organization\",\"@id\":\"https:\/\/moto-screenies.de\/en\/#organization\",\"name\":\"Moto Screenies\",\"url\":\"https:\/\/moto-screenies.de\/en\/\",\"logo\":{\"@type\":\"ImageObject\",\"inLanguage\":\"en-US\",\"@id\":\"https:\/\/moto-screenies.de\/en\/#\/schema\/logo\/image\/\",\"url\":\"\",\"contentUrl\":\"\",\"caption\":\"Moto Screenies\"},\"image\":{\"@id\":\"https:\/\/moto-screenies.de\/en\/#\/schema\/logo\/image\/\"}}]}<\/script>\n<!-- \/ Yoast SEO plugin. -->","yoast_head_json":{"title":"Motorrad Tacho Geh\u00e4use Tachogeh\u00e4use passend f\u00fcr Yamaha YZF-R1 2009-2014 R6 2017-2021","description":"Entdecken Sie hochwertige Motorrad Tacho Geh\u00e4use f\u00fcr Yamaha YZF-R1 (2009-2014) und R6 (2017-2021). Perfekte Passform, langlebig und stilvoll. Jetzt mehr erfahren!","robots":{"index":"index","follow":"follow","max-snippet":"max-snippet:-1","max-image-preview":"max-image-preview:large","max-video-preview":"max-video-preview:-1"},"canonical":"https:\/\/moto-screenies.de\/en\/produkt\/motorrad-tacho-gehaeuse-tachogehaeuse-passend-fuer-yamaha-yzf-r1-2009-2014-r6-2017-2021\/","og_locale":"en_US","og_type":"article","og_title":"Motorrad Tacho Geh\u00e4use Tachogeh\u00e4use passend f\u00fcr Yamaha YZF-R1 2009-2014 R6 2017-2021","og_description":"Entdecken Sie hochwertige Motorrad Tacho Geh\u00e4use f\u00fcr Yamaha YZF-R1 (2009-2014) und R6 (2017-2021). Perfekte Passform, langlebig und stilvoll. Jetzt mehr erfahren!","og_url":"https:\/\/moto-screenies.de\/en\/produkt\/motorrad-tacho-gehaeuse-tachogehaeuse-passend-fuer-yamaha-yzf-r1-2009-2014-r6-2017-2021\/","og_site_name":"Moto Screenies","article_modified_time":"2025-11-26T12:43:48+00:00","og_image":[{"width":1500,"height":1500,"url":"https:\/\/moto-screenies.de\/wp-content\/uploads\/2024\/05\/MTG40.png","type":"image\/png"}],"twitter_card":"summary_large_image","twitter_misc":{"Est. reading time":"1 minute"},"schema":{"@context":"https:\/\/schema.org","@graph":[{"@type":"WebPage","@id":"https:\/\/moto-screenies.de\/en\/produkt\/motorrad-tacho-gehaeuse-tachogehaeuse-passend-fuer-yamaha-yzf-r1-2009-2014-r6-2017-2021\/","url":"https:\/\/moto-screenies.de\/en\/produkt\/motorrad-tacho-gehaeuse-tachogehaeuse-passend-fuer-yamaha-yzf-r1-2009-2014-r6-2017-2021\/","name":"Motorrad Tacho Geh\u00e4use Tachogeh\u00e4use passend f\u00fcr Yamaha YZF-R1 2009-2014 R6 2017-2021","isPartOf":{"@id":"https:\/\/moto-screenies.de\/en\/#website"},"primaryImageOfPage":{"@id":"https:\/\/moto-screenies.de\/en\/produkt\/motorrad-tacho-gehaeuse-tachogehaeuse-passend-fuer-yamaha-yzf-r1-2009-2014-r6-2017-2021\/#primaryimage"},"image":{"@id":"https:\/\/moto-screenies.de\/en\/produkt\/motorrad-tacho-gehaeuse-tachogehaeuse-passend-fuer-yamaha-yzf-r1-2009-2014-r6-2017-2021\/#primaryimage"},"thumbnailUrl":"https:\/\/moto-screenies.de\/wp-content\/uploads\/2024\/05\/MTG40.png","datePublished":"2024-05-03T13:37:17+00:00","dateModified":"2025-11-26T12:43:48+00:00","description":"Entdecken Sie hochwertige Motorrad Tacho Geh\u00e4use f\u00fcr Yamaha YZF-R1 (2009-2014) und R6 (2017-2021). Perfekte Passform, langlebig und stilvoll. Jetzt mehr erfahren!","breadcrumb":{"@id":"https:\/\/moto-screenies.de\/en\/produkt\/motorrad-tacho-gehaeuse-tachogehaeuse-passend-fuer-yamaha-yzf-r1-2009-2014-r6-2017-2021\/#breadcrumb"},"inLanguage":"en-US","potentialAction":[{"@type":"ReadAction","target":["https:\/\/moto-screenies.de\/en\/produkt\/motorrad-tacho-gehaeuse-tachogehaeuse-passend-fuer-yamaha-yzf-r1-2009-2014-r6-2017-2021\/"]}]},{"@type":"ImageObject","inLanguage":"en-US","@id":"https:\/\/moto-screenies.de\/en\/produkt\/motorrad-tacho-gehaeuse-tachogehaeuse-passend-fuer-yamaha-yzf-r1-2009-2014-r6-2017-2021\/#primaryimage","url":"https:\/\/moto-screenies.de\/wp-content\/uploads\/2024\/05\/MTG40.png","contentUrl":"https:\/\/moto-screenies.de\/wp-content\/uploads\/2024\/05\/MTG40.png","width":1500,"height":1500,"caption":"Moto Screenies"},{"@type":"BreadcrumbList","@id":"https:\/\/moto-screenies.de\/en\/produkt\/motorrad-tacho-gehaeuse-tachogehaeuse-passend-fuer-yamaha-yzf-r1-2009-2014-r6-2017-2021\/#breadcrumb","itemListElement":[{"@type":"ListItem","position":1,"name":"Startseite","item":"https:\/\/moto-screenies.de\/en\/"},{"@type":"ListItem","position":2,"name":"Store","item":"https:\/\/moto-screenies.com\/shop\/"},{"@type":"ListItem","position":3,"name":"Motorrad Tacho Geh\u00e4use Tachogeh\u00e4use passend f\u00fcr Yamaha YZF-R1 2009-2014 R6 2017-2021"}]},{"@type":"WebSite","@id":"https:\/\/moto-screenies.de\/en\/#website","url":"https:\/\/moto-screenies.de\/en\/","name":"Moto Screenies","description":"Die Displayschutzfolie f\u00fcr dein Motorrad","publisher":{"@id":"https:\/\/moto-screenies.de\/en\/#organization"},"alternateName":"MS","potentialAction":[{"@type":"SearchAction","target":{"@type":"EntryPoint","urlTemplate":"https:\/\/moto-screenies.de\/en\/?s={search_term_string}"},"query-input":{"@type":"PropertyValueSpecification","valueRequired":true,"valueName":"search_term_string"}}],"inLanguage":"en-US"},{"@type":"Organization","@id":"https:\/\/moto-screenies.de\/en\/#organization","name":"Moto Screenies","url":"https:\/\/moto-screenies.de\/en\/","logo":{"@type":"ImageObject","inLanguage":"en-US","@id":"https:\/\/moto-screenies.de\/en\/#\/schema\/logo\/image\/","url":"","contentUrl":"","caption":"Moto Screenies"},"image":{"@id":"https:\/\/moto-screenies.de\/en\/#\/schema\/logo\/image\/"}}]}},"_links":{"self":[{"href":"https:\/\/moto-screenies.de\/en\/wp-json\/wp\/v2\/product\/189244","targetHints":{"allow":["GET"]}}],"collection":[{"href":"https:\/\/moto-screenies.de\/en\/wp-json\/wp\/v2\/product"}],"about":[{"href":"https:\/\/moto-screenies.de\/en\/wp-json\/wp\/v2\/types\/product"}],"replies":[{"embeddable":true,"href":"https:\/\/moto-screenies.de\/en\/wp-json\/wp\/v2\/comments?post=189244"}],"wp:featuredmedia":[{"embeddable":true,"href":"https:\/\/moto-screenies.de\/en\/wp-json\/wp\/v2\/media\/265495"}],"wp:attachment":[{"href":"https:\/\/moto-screenies.de\/en\/wp-json\/wp\/v2\/media?parent=189244"}],"wp:term":[{"taxonomy":"product_brand","embeddable":true,"href":"https:\/\/moto-screenies.de\/en\/wp-json\/wp\/v2\/product_brand?post=189244"},{"taxonomy":"product_cat","embeddable":true,"href":"https:\/\/moto-screenies.de\/en\/wp-json\/wp\/v2\/product_cat?post=189244"},{"taxonomy":"product_tag","embeddable":true,"href":"https:\/\/moto-screenies.de\/en\/wp-json\/wp\/v2\/product_tag?post=189244"}],"curies":[{"name":"wp","href":"https:\/\/api.w.org\/{rel}","templated":true}]}}