{"id":189250,"date":"2024-05-03T16:31:18","date_gmt":"2024-05-03T14:31:18","guid":{"rendered":"https:\/\/moto-screenies.de\/produkt\/motorrad-tacho-gehaeuse-tachogehaeuse-passend-fuer-yamaha-xjr-1300-pr10-2003-2008-xjr1300-rp19-2007-2014\/"},"modified":"2025-11-19T20:47:07","modified_gmt":"2025-11-19T19:47:07","slug":"motorrad-tacho-gehaeuse-tachogehaeuse-passend-fuer-yamaha-xjr-1300-pr10-2003-2008-xjr1300-rp19-2007-2014","status":"publish","type":"product","link":"https:\/\/moto-screenies.de\/en\/produkt\/motorrad-tacho-gehaeuse-tachogehaeuse-passend-fuer-yamaha-xjr-1300-pr10-2003-2008-xjr1300-rp19-2007-2014\/","title":{"rendered":"Motorrad Tacho Geh\u00e4use Tachogeh\u00e4use passend f\u00fcr Yamaha  XJR 1300 PR10  2003-2008 \/ XJR1300 RP19  2007-2014"},"content":{"rendered":"<p>Erleben Sie die perfekte Kombination aus Funktionalit\u00e4t und Stil mit unserem Motorrad Tacho Geh\u00e4use. Speziell entwickelt f\u00fcr die Yamaha XJR 1300 PR10 (2003-2008) und XJR1300 RP19 (2007-2014), bietet dieses Tachogeh\u00e4use optimalen Schutz und eine nahtlose Passform f\u00fcr Ihr Motorrad. Gefertigt aus hochwertigen Materialien, gew\u00e4hrleistet es Langlebigkeit und Best\u00e4ndigkeit gegen die Elemente. Die pr\u00e4zise Verarbeitung sorgt f\u00fcr eine einfache Montage und passt sich harmonisch dem Design Ihres Motorrads an. Investieren Sie in Qualit\u00e4t und verbessern Sie das Erscheinungsbild Ihrer Yamaha mit diesem unverzichtbaren Zubeh\u00f6r. Passend f\u00fcr: Motorrad Tacho Geh\u00e4use Tachogeh\u00e4use passend f\u00fcr Yamaha XJR 1300 PR10 2003-2008 \/ XJR1300 RP19 2007-2014.<\/p>\n","protected":false},"excerpt":{"rendered":"<p>Erleben Sie die perfekte Kombination aus Funktionalit\u00e4t und Stil mit unserem Motorrad Tacho Geh\u00e4use. Speziell entwickelt f\u00fcr die Yamaha XJR 1300 PR10 (2003-2008) und XJR1300 RP19 (2007-2014), bietet dieses Tachogeh\u00e4use optimalen Schutz und eine nahtlose Passform f\u00fcr Ihr Motorrad. Gefertigt aus hochwertigen Materialien, gew\u00e4hrleistet es Langlebigkeit und Best\u00e4ndigkeit gegen die Elemente. Die pr\u00e4zise Verarbeitung sorgt [&hellip;]<\/p>\n","protected":false},"featured_media":221251,"comment_status":"open","ping_status":"closed","template":"","meta":{"_et_pb_use_builder":"","_et_pb_old_content":"","_et_gb_content_width":"","_uf_show_specific_survey":0,"_uf_disable_surveys":false},"product_brand":[],"product_cat":[429],"product_tag":[165],"class_list":{"0":"post-189250","1":"product","2":"type-product","3":"status-publish","4":"has-post-thumbnail","6":"product_cat-yamaha-schutzfolie-fuer-dein-motorrad","7":"product_tag-tachogehaeuse","8":"product_shipping_class-standard","10":"first","11":"instock","12":"taxable","13":"shipping-taxable","14":"purchasable","15":"product-type-simple"},"yoast_head":"<!-- This site is optimized with the Yoast SEO plugin v27.2 - https:\/\/yoast.com\/product\/yoast-seo-wordpress\/ -->\n<title>Motorrad Tacho Geh\u00e4use Tachogeh\u00e4use passend f\u00fcr Yamaha XJR 1300 PR10 2003-2008 \/ XJR1300 RP19 2007-2014<\/title>\n<meta name=\"description\" content=\"Entdecken Sie das hochwertige Motorrad Tacho Geh\u00e4use f\u00fcr Yamaha XJR 1300 PR10 (2003-2008) und XJR1300 RP19 (2007-2014). Perfekte Passform, langlebig und stilvoll f\u00fcr Ihr Bike.\" \/>\n<meta name=\"robots\" content=\"index, follow, max-snippet:-1, max-image-preview:large, max-video-preview:-1\" \/>\n<link rel=\"canonical\" href=\"https:\/\/moto-screenies.de\/en\/produkt\/motorrad-tacho-gehaeuse-tachogehaeuse-passend-fuer-yamaha-xjr-1300-pr10-2003-2008-xjr1300-rp19-2007-2014\/\" \/>\n<meta property=\"og:locale\" content=\"en_US\" \/>\n<meta property=\"og:type\" content=\"article\" \/>\n<meta property=\"og:title\" content=\"Motorrad Tacho Geh\u00e4use Tachogeh\u00e4use passend f\u00fcr Yamaha XJR 1300 PR10 2003-2008 \/ XJR1300 RP19 2007-2014\" \/>\n<meta property=\"og:description\" content=\"Entdecken Sie das hochwertige Motorrad Tacho Geh\u00e4use f\u00fcr Yamaha XJR 1300 PR10 (2003-2008) und XJR1300 RP19 (2007-2014). Perfekte Passform, langlebig und stilvoll f\u00fcr Ihr Bike.\" \/>\n<meta property=\"og:url\" content=\"https:\/\/moto-screenies.de\/en\/produkt\/motorrad-tacho-gehaeuse-tachogehaeuse-passend-fuer-yamaha-xjr-1300-pr10-2003-2008-xjr1300-rp19-2007-2014\/\" \/>\n<meta property=\"og:site_name\" content=\"Moto Screenies\" \/>\n<meta property=\"article:modified_time\" content=\"2025-11-19T19:47:07+00:00\" \/>\n<meta name=\"twitter:card\" content=\"summary_large_image\" \/>\n<meta name=\"twitter:label1\" content=\"Est. reading time\" \/>\n\t<meta name=\"twitter:data1\" content=\"1 minute\" \/>\n<script type=\"application\/ld+json\" class=\"yoast-schema-graph\">{\"@context\":\"https:\/\/schema.org\",\"@graph\":[{\"@type\":\"WebPage\",\"@id\":\"https:\/\/moto-screenies.de\/en\/produkt\/motorrad-tacho-gehaeuse-tachogehaeuse-passend-fuer-yamaha-xjr-1300-pr10-2003-2008-xjr1300-rp19-2007-2014\/\",\"url\":\"https:\/\/moto-screenies.de\/en\/produkt\/motorrad-tacho-gehaeuse-tachogehaeuse-passend-fuer-yamaha-xjr-1300-pr10-2003-2008-xjr1300-rp19-2007-2014\/\",\"name\":\"Motorrad Tacho Geh\u00e4use Tachogeh\u00e4use passend f\u00fcr Yamaha XJR 1300 PR10 2003-2008 \/ XJR1300 RP19 2007-2014\",\"isPartOf\":{\"@id\":\"https:\/\/moto-screenies.de\/en\/#website\"},\"primaryImageOfPage\":{\"@id\":\"https:\/\/moto-screenies.de\/en\/produkt\/motorrad-tacho-gehaeuse-tachogehaeuse-passend-fuer-yamaha-xjr-1300-pr10-2003-2008-xjr1300-rp19-2007-2014\/#primaryimage\"},\"image\":{\"@id\":\"https:\/\/moto-screenies.de\/en\/produkt\/motorrad-tacho-gehaeuse-tachogehaeuse-passend-fuer-yamaha-xjr-1300-pr10-2003-2008-xjr1300-rp19-2007-2014\/#primaryimage\"},\"thumbnailUrl\":\"https:\/\/moto-screenies.de\/wp-content\/uploads\/2025\/11\/354183_Product.png\",\"datePublished\":\"2024-05-03T14:31:18+00:00\",\"dateModified\":\"2025-11-19T19:47:07+00:00\",\"description\":\"Entdecken Sie das hochwertige Motorrad Tacho Geh\u00e4use f\u00fcr Yamaha XJR 1300 PR10 (2003-2008) und XJR1300 RP19 (2007-2014). Perfekte Passform, langlebig und stilvoll f\u00fcr Ihr Bike.\",\"breadcrumb\":{\"@id\":\"https:\/\/moto-screenies.de\/en\/produkt\/motorrad-tacho-gehaeuse-tachogehaeuse-passend-fuer-yamaha-xjr-1300-pr10-2003-2008-xjr1300-rp19-2007-2014\/#breadcrumb\"},\"inLanguage\":\"en-US\",\"potentialAction\":[{\"@type\":\"ReadAction\",\"target\":[\"https:\/\/moto-screenies.de\/en\/produkt\/motorrad-tacho-gehaeuse-tachogehaeuse-passend-fuer-yamaha-xjr-1300-pr10-2003-2008-xjr1300-rp19-2007-2014\/\"]}]},{\"@type\":\"ImageObject\",\"inLanguage\":\"en-US\",\"@id\":\"https:\/\/moto-screenies.de\/en\/produkt\/motorrad-tacho-gehaeuse-tachogehaeuse-passend-fuer-yamaha-xjr-1300-pr10-2003-2008-xjr1300-rp19-2007-2014\/#primaryimage\",\"url\":\"https:\/\/moto-screenies.de\/wp-content\/uploads\/2025\/11\/354183_Product.png\",\"contentUrl\":\"https:\/\/moto-screenies.de\/wp-content\/uploads\/2025\/11\/354183_Product.png\",\"width\":1500,\"height\":1500,\"caption\":\"MTG 46-tinified.png\"},{\"@type\":\"BreadcrumbList\",\"@id\":\"https:\/\/moto-screenies.de\/en\/produkt\/motorrad-tacho-gehaeuse-tachogehaeuse-passend-fuer-yamaha-xjr-1300-pr10-2003-2008-xjr1300-rp19-2007-2014\/#breadcrumb\",\"itemListElement\":[{\"@type\":\"ListItem\",\"position\":1,\"name\":\"Startseite\",\"item\":\"https:\/\/moto-screenies.de\/en\/\"},{\"@type\":\"ListItem\",\"position\":2,\"name\":\"Store\",\"item\":\"https:\/\/moto-screenies.com\/shop\/\"},{\"@type\":\"ListItem\",\"position\":3,\"name\":\"Motorrad Tacho Geh\u00e4use Tachogeh\u00e4use passend f\u00fcr Yamaha XJR 1300 PR10 2003-2008 \/ XJR1300 RP19 2007-2014\"}]},{\"@type\":\"WebSite\",\"@id\":\"https:\/\/moto-screenies.de\/en\/#website\",\"url\":\"https:\/\/moto-screenies.de\/en\/\",\"name\":\"Moto Screenies\",\"description\":\"Die Displayschutzfolie f\u00fcr dein Motorrad\",\"publisher\":{\"@id\":\"https:\/\/moto-screenies.de\/en\/#organization\"},\"alternateName\":\"MS\",\"potentialAction\":[{\"@type\":\"SearchAction\",\"target\":{\"@type\":\"EntryPoint\",\"urlTemplate\":\"https:\/\/moto-screenies.de\/en\/?s={search_term_string}\"},\"query-input\":{\"@type\":\"PropertyValueSpecification\",\"valueRequired\":true,\"valueName\":\"search_term_string\"}}],\"inLanguage\":\"en-US\"},{\"@type\":\"Organization\",\"@id\":\"https:\/\/moto-screenies.de\/en\/#organization\",\"name\":\"Moto Screenies\",\"url\":\"https:\/\/moto-screenies.de\/en\/\",\"logo\":{\"@type\":\"ImageObject\",\"inLanguage\":\"en-US\",\"@id\":\"https:\/\/moto-screenies.de\/en\/#\/schema\/logo\/image\/\",\"url\":\"\",\"contentUrl\":\"\",\"caption\":\"Moto Screenies\"},\"image\":{\"@id\":\"https:\/\/moto-screenies.de\/en\/#\/schema\/logo\/image\/\"}}]}<\/script>\n<!-- \/ Yoast SEO plugin. -->","yoast_head_json":{"title":"Motorrad Tacho Geh\u00e4use Tachogeh\u00e4use passend f\u00fcr Yamaha XJR 1300 PR10 2003-2008 \/ XJR1300 RP19 2007-2014","description":"Entdecken Sie das hochwertige Motorrad Tacho Geh\u00e4use f\u00fcr Yamaha XJR 1300 PR10 (2003-2008) und XJR1300 RP19 (2007-2014). Perfekte Passform, langlebig und stilvoll f\u00fcr Ihr Bike.","robots":{"index":"index","follow":"follow","max-snippet":"max-snippet:-1","max-image-preview":"max-image-preview:large","max-video-preview":"max-video-preview:-1"},"canonical":"https:\/\/moto-screenies.de\/en\/produkt\/motorrad-tacho-gehaeuse-tachogehaeuse-passend-fuer-yamaha-xjr-1300-pr10-2003-2008-xjr1300-rp19-2007-2014\/","og_locale":"en_US","og_type":"article","og_title":"Motorrad Tacho Geh\u00e4use Tachogeh\u00e4use passend f\u00fcr Yamaha XJR 1300 PR10 2003-2008 \/ XJR1300 RP19 2007-2014","og_description":"Entdecken Sie das hochwertige Motorrad Tacho Geh\u00e4use f\u00fcr Yamaha XJR 1300 PR10 (2003-2008) und XJR1300 RP19 (2007-2014). Perfekte Passform, langlebig und stilvoll f\u00fcr Ihr Bike.","og_url":"https:\/\/moto-screenies.de\/en\/produkt\/motorrad-tacho-gehaeuse-tachogehaeuse-passend-fuer-yamaha-xjr-1300-pr10-2003-2008-xjr1300-rp19-2007-2014\/","og_site_name":"Moto Screenies","article_modified_time":"2025-11-19T19:47:07+00:00","twitter_card":"summary_large_image","twitter_misc":{"Est. reading time":"1 minute"},"schema":{"@context":"https:\/\/schema.org","@graph":[{"@type":"WebPage","@id":"https:\/\/moto-screenies.de\/en\/produkt\/motorrad-tacho-gehaeuse-tachogehaeuse-passend-fuer-yamaha-xjr-1300-pr10-2003-2008-xjr1300-rp19-2007-2014\/","url":"https:\/\/moto-screenies.de\/en\/produkt\/motorrad-tacho-gehaeuse-tachogehaeuse-passend-fuer-yamaha-xjr-1300-pr10-2003-2008-xjr1300-rp19-2007-2014\/","name":"Motorrad Tacho Geh\u00e4use Tachogeh\u00e4use passend f\u00fcr Yamaha XJR 1300 PR10 2003-2008 \/ XJR1300 RP19 2007-2014","isPartOf":{"@id":"https:\/\/moto-screenies.de\/en\/#website"},"primaryImageOfPage":{"@id":"https:\/\/moto-screenies.de\/en\/produkt\/motorrad-tacho-gehaeuse-tachogehaeuse-passend-fuer-yamaha-xjr-1300-pr10-2003-2008-xjr1300-rp19-2007-2014\/#primaryimage"},"image":{"@id":"https:\/\/moto-screenies.de\/en\/produkt\/motorrad-tacho-gehaeuse-tachogehaeuse-passend-fuer-yamaha-xjr-1300-pr10-2003-2008-xjr1300-rp19-2007-2014\/#primaryimage"},"thumbnailUrl":"https:\/\/moto-screenies.de\/wp-content\/uploads\/2025\/11\/354183_Product.png","datePublished":"2024-05-03T14:31:18+00:00","dateModified":"2025-11-19T19:47:07+00:00","description":"Entdecken Sie das hochwertige Motorrad Tacho Geh\u00e4use f\u00fcr Yamaha XJR 1300 PR10 (2003-2008) und XJR1300 RP19 (2007-2014). Perfekte Passform, langlebig und stilvoll f\u00fcr Ihr Bike.","breadcrumb":{"@id":"https:\/\/moto-screenies.de\/en\/produkt\/motorrad-tacho-gehaeuse-tachogehaeuse-passend-fuer-yamaha-xjr-1300-pr10-2003-2008-xjr1300-rp19-2007-2014\/#breadcrumb"},"inLanguage":"en-US","potentialAction":[{"@type":"ReadAction","target":["https:\/\/moto-screenies.de\/en\/produkt\/motorrad-tacho-gehaeuse-tachogehaeuse-passend-fuer-yamaha-xjr-1300-pr10-2003-2008-xjr1300-rp19-2007-2014\/"]}]},{"@type":"ImageObject","inLanguage":"en-US","@id":"https:\/\/moto-screenies.de\/en\/produkt\/motorrad-tacho-gehaeuse-tachogehaeuse-passend-fuer-yamaha-xjr-1300-pr10-2003-2008-xjr1300-rp19-2007-2014\/#primaryimage","url":"https:\/\/moto-screenies.de\/wp-content\/uploads\/2025\/11\/354183_Product.png","contentUrl":"https:\/\/moto-screenies.de\/wp-content\/uploads\/2025\/11\/354183_Product.png","width":1500,"height":1500,"caption":"MTG 46-tinified.png"},{"@type":"BreadcrumbList","@id":"https:\/\/moto-screenies.de\/en\/produkt\/motorrad-tacho-gehaeuse-tachogehaeuse-passend-fuer-yamaha-xjr-1300-pr10-2003-2008-xjr1300-rp19-2007-2014\/#breadcrumb","itemListElement":[{"@type":"ListItem","position":1,"name":"Startseite","item":"https:\/\/moto-screenies.de\/en\/"},{"@type":"ListItem","position":2,"name":"Store","item":"https:\/\/moto-screenies.com\/shop\/"},{"@type":"ListItem","position":3,"name":"Motorrad Tacho Geh\u00e4use Tachogeh\u00e4use passend f\u00fcr Yamaha XJR 1300 PR10 2003-2008 \/ XJR1300 RP19 2007-2014"}]},{"@type":"WebSite","@id":"https:\/\/moto-screenies.de\/en\/#website","url":"https:\/\/moto-screenies.de\/en\/","name":"Moto Screenies","description":"Die Displayschutzfolie f\u00fcr dein Motorrad","publisher":{"@id":"https:\/\/moto-screenies.de\/en\/#organization"},"alternateName":"MS","potentialAction":[{"@type":"SearchAction","target":{"@type":"EntryPoint","urlTemplate":"https:\/\/moto-screenies.de\/en\/?s={search_term_string}"},"query-input":{"@type":"PropertyValueSpecification","valueRequired":true,"valueName":"search_term_string"}}],"inLanguage":"en-US"},{"@type":"Organization","@id":"https:\/\/moto-screenies.de\/en\/#organization","name":"Moto Screenies","url":"https:\/\/moto-screenies.de\/en\/","logo":{"@type":"ImageObject","inLanguage":"en-US","@id":"https:\/\/moto-screenies.de\/en\/#\/schema\/logo\/image\/","url":"","contentUrl":"","caption":"Moto Screenies"},"image":{"@id":"https:\/\/moto-screenies.de\/en\/#\/schema\/logo\/image\/"}}]}},"_links":{"self":[{"href":"https:\/\/moto-screenies.de\/en\/wp-json\/wp\/v2\/product\/189250","targetHints":{"allow":["GET"]}}],"collection":[{"href":"https:\/\/moto-screenies.de\/en\/wp-json\/wp\/v2\/product"}],"about":[{"href":"https:\/\/moto-screenies.de\/en\/wp-json\/wp\/v2\/types\/product"}],"replies":[{"embeddable":true,"href":"https:\/\/moto-screenies.de\/en\/wp-json\/wp\/v2\/comments?post=189250"}],"wp:featuredmedia":[{"embeddable":true,"href":"https:\/\/moto-screenies.de\/en\/wp-json\/wp\/v2\/media\/221251"}],"wp:attachment":[{"href":"https:\/\/moto-screenies.de\/en\/wp-json\/wp\/v2\/media?parent=189250"}],"wp:term":[{"taxonomy":"product_brand","embeddable":true,"href":"https:\/\/moto-screenies.de\/en\/wp-json\/wp\/v2\/product_brand?post=189250"},{"taxonomy":"product_cat","embeddable":true,"href":"https:\/\/moto-screenies.de\/en\/wp-json\/wp\/v2\/product_cat?post=189250"},{"taxonomy":"product_tag","embeddable":true,"href":"https:\/\/moto-screenies.de\/en\/wp-json\/wp\/v2\/product_tag?post=189250"}],"curies":[{"name":"wp","href":"https:\/\/api.w.org\/{rel}","templated":true}]}}