{"id":238335,"date":"2025-10-31T10:11:39","date_gmt":"2025-10-31T09:11:39","guid":{"rendered":"https:\/\/moto-screenies.de\/produkt\/steinschlag-lackschutz-tankschutzfolie-ppf-schutzfolie-fuer-honda-africa-twin-1100-adv-sports-2024-2025\/"},"modified":"2026-01-26T16:06:55","modified_gmt":"2026-01-26T15:06:55","slug":"steinschlag-lackschutz-tankschutzfolie-ppf-schutzfolie-fuer-honda-africa-twin-1100-adv-sports-2024-2025","status":"publish","type":"product","link":"https:\/\/moto-screenies.de\/en\/produkt\/steinschlag-lackschutz-tankschutzfolie-ppf-schutzfolie-fuer-honda-africa-twin-1100-adv-sports-2024-2025\/","title":{"rendered":"Steinschlag Lackschutz &#8211; Tankschutzfolie PPF Schutzfolie f\u00fcr Honda Africa Twin 1100 Adv. Sports 2024-2025"},"content":{"rendered":"<p>Erlebe den optimalen Lackschutz f\u00fcr dein Motorrad mit unserer hochwertigen Schutzfolie \u2013 entwickelt f\u00fcr h\u00f6chste Anspr\u00fcche und eine perfekte Passform.<\/p>\n<p>Unsere ma\u00dfgeschneiderte Lackschutzfolie f\u00fcr Honda Africa Twin 1100 Adv. Sports 2024-2025 vereint modernste Materialien mit pr\u00e4ziser Fertigung, um dein Bike zuverl\u00e4ssig vor Steinschl\u00e4gen, Kratzern und Witterungseinfl\u00fcssen zu sch\u00fctzen \u2013 ohne die Optik zu ver\u00e4ndern.<br \/>\nDie Folie besteht aus hochwertigem Oraguard-TPU-Material, das Aufprallenergie effektiv absorbiert und selbst unter extremen Bedingungen formstabil bleibt.<br \/>\nDie glatte, schmutzabweisende Oberfl\u00e4che erm\u00f6glicht eine einfache Reinigung \u2013 ein feuchtes Tuch gen\u00fcgt.<br \/>\nDank der Technologie aus der Automobil- und Luftfahrtindustrie profitierst du von einer au\u00dfergew\u00f6hnlich langen Lebensdauer und dauerhafter Transparenz.<br \/>\nIm kompletten Montagekit ist alles enthalten: passgenaue Schutzfolien, Montageanleitung, Videoguide und Reinigungstuch.<\/p>\n","protected":false},"excerpt":{"rendered":"<p>Passgenaue Lackschutzfolie f\u00fcr Honda Africa Twin 1100 Adv. Sports 2024-2025 \u2013 sch\u00fctzt zuverl\u00e4ssig vor Steinschl\u00e4gen und Kratzern. Hochwertiges TPU-Material mit einfacher Reinigung und langer Lebensdauer.<\/p>\n","protected":false},"featured_media":242955,"comment_status":"open","ping_status":"closed","template":"","meta":{"_et_pb_use_builder":"","_et_pb_old_content":"","_et_gb_content_width":"","_uf_show_specific_survey":0,"_uf_disable_surveys":false},"product_brand":[],"product_cat":[422],"product_tag":[189],"class_list":{"0":"post-238335","1":"product","2":"type-product","3":"status-publish","4":"has-post-thumbnail","6":"product_cat-honda-schutzfolie-fuer-dein-motorrad","7":"product_tag-lackschutzfolie","8":"product_shipping_class-standard","10":"first","11":"instock","12":"taxable","13":"shipping-taxable","14":"purchasable","15":"product-type-variable"},"yoast_head":"<!-- This site is optimized with the Yoast SEO plugin v27.2 - https:\/\/yoast.com\/product\/yoast-seo-wordpress\/ -->\n<title>Steinschlag Lackschutz - Tankschutzfolie PPF Schutzfolie f\u00fcr Honda Africa Twin 1100 Adv. Sports 2024-2025<\/title>\n<meta name=\"description\" content=\"Ma\u00dfgeschneiderte Lackschutzfolie f\u00fcr Honda Africa Twin 1100 Adv. Sports 2024-2025. Hochwertiger TPU-Schutz gegen Kratzer, Steinschl\u00e4ge und Witterungseinfl\u00fcsse.\" \/>\n<meta name=\"robots\" content=\"index, follow, max-snippet:-1, max-image-preview:large, max-video-preview:-1\" \/>\n<link rel=\"canonical\" href=\"https:\/\/moto-screenies.de\/en\/produkt\/steinschlag-lackschutz-tankschutzfolie-ppf-schutzfolie-fuer-honda-africa-twin-1100-adv-sports-2024-2025\/\" \/>\n<meta property=\"og:locale\" content=\"en_US\" \/>\n<meta property=\"og:type\" content=\"article\" \/>\n<meta property=\"og:title\" content=\"Steinschlag Lackschutz - Tankschutzfolie PPF Schutzfolie f\u00fcr Honda Africa Twin 1100 Adv. Sports 2024-2025\" \/>\n<meta property=\"og:description\" content=\"Ma\u00dfgeschneiderte Lackschutzfolie f\u00fcr Honda Africa Twin 1100 Adv. Sports 2024-2025. Hochwertiger TPU-Schutz gegen Kratzer, Steinschl\u00e4ge und Witterungseinfl\u00fcsse.\" \/>\n<meta property=\"og:url\" content=\"https:\/\/moto-screenies.de\/en\/produkt\/steinschlag-lackschutz-tankschutzfolie-ppf-schutzfolie-fuer-honda-africa-twin-1100-adv-sports-2024-2025\/\" \/>\n<meta property=\"og:site_name\" content=\"Moto Screenies\" \/>\n<meta property=\"article:modified_time\" content=\"2026-01-26T15:06:55+00:00\" \/>\n<meta name=\"twitter:card\" content=\"summary_large_image\" \/>\n<meta name=\"twitter:label1\" content=\"Est. reading time\" \/>\n\t<meta name=\"twitter:data1\" content=\"1 minute\" \/>\n<script type=\"application\/ld+json\" class=\"yoast-schema-graph\">{\"@context\":\"https:\/\/schema.org\",\"@graph\":[{\"@type\":\"WebPage\",\"@id\":\"https:\/\/moto-screenies.de\/en\/produkt\/steinschlag-lackschutz-tankschutzfolie-ppf-schutzfolie-fuer-honda-africa-twin-1100-adv-sports-2024-2025\/\",\"url\":\"https:\/\/moto-screenies.de\/en\/produkt\/steinschlag-lackschutz-tankschutzfolie-ppf-schutzfolie-fuer-honda-africa-twin-1100-adv-sports-2024-2025\/\",\"name\":\"Steinschlag Lackschutz - Tankschutzfolie PPF Schutzfolie f\u00fcr Honda Africa Twin 1100 Adv. Sports 2024-2025\",\"isPartOf\":{\"@id\":\"https:\/\/moto-screenies.de\/en\/#website\"},\"primaryImageOfPage\":{\"@id\":\"https:\/\/moto-screenies.de\/en\/produkt\/steinschlag-lackschutz-tankschutzfolie-ppf-schutzfolie-fuer-honda-africa-twin-1100-adv-sports-2024-2025\/#primaryimage\"},\"image\":{\"@id\":\"https:\/\/moto-screenies.de\/en\/produkt\/steinschlag-lackschutz-tankschutzfolie-ppf-schutzfolie-fuer-honda-africa-twin-1100-adv-sports-2024-2025\/#primaryimage\"},\"thumbnailUrl\":\"https:\/\/moto-screenies.de\/wp-content\/uploads\/2025\/11\/1153792_Product.jpg\",\"datePublished\":\"2025-10-31T09:11:39+00:00\",\"dateModified\":\"2026-01-26T15:06:55+00:00\",\"description\":\"Ma\u00dfgeschneiderte Lackschutzfolie f\u00fcr Honda Africa Twin 1100 Adv. Sports 2024-2025. Hochwertiger TPU-Schutz gegen Kratzer, Steinschl\u00e4ge und Witterungseinfl\u00fcsse.\",\"breadcrumb\":{\"@id\":\"https:\/\/moto-screenies.de\/en\/produkt\/steinschlag-lackschutz-tankschutzfolie-ppf-schutzfolie-fuer-honda-africa-twin-1100-adv-sports-2024-2025\/#breadcrumb\"},\"inLanguage\":\"en-US\",\"potentialAction\":[{\"@type\":\"ReadAction\",\"target\":[\"https:\/\/moto-screenies.de\/en\/produkt\/steinschlag-lackschutz-tankschutzfolie-ppf-schutzfolie-fuer-honda-africa-twin-1100-adv-sports-2024-2025\/\"]}]},{\"@type\":\"ImageObject\",\"inLanguage\":\"en-US\",\"@id\":\"https:\/\/moto-screenies.de\/en\/produkt\/steinschlag-lackschutz-tankschutzfolie-ppf-schutzfolie-fuer-honda-africa-twin-1100-adv-sports-2024-2025\/#primaryimage\",\"url\":\"https:\/\/moto-screenies.de\/wp-content\/uploads\/2025\/11\/1153792_Product.jpg\",\"contentUrl\":\"https:\/\/moto-screenies.de\/wp-content\/uploads\/2025\/11\/1153792_Product.jpg\",\"width\":1600,\"height\":1600,\"caption\":\"PP458-1\"},{\"@type\":\"BreadcrumbList\",\"@id\":\"https:\/\/moto-screenies.de\/en\/produkt\/steinschlag-lackschutz-tankschutzfolie-ppf-schutzfolie-fuer-honda-africa-twin-1100-adv-sports-2024-2025\/#breadcrumb\",\"itemListElement\":[{\"@type\":\"ListItem\",\"position\":1,\"name\":\"Startseite\",\"item\":\"https:\/\/moto-screenies.de\/en\/\"},{\"@type\":\"ListItem\",\"position\":2,\"name\":\"Store\",\"item\":\"https:\/\/moto-screenies.com\/shop\/\"},{\"@type\":\"ListItem\",\"position\":3,\"name\":\"Steinschlag Lackschutz &#8211; Tankschutzfolie PPF Schutzfolie f\u00fcr Honda Africa Twin 1100 Adv. Sports 2024-2025\"}]},{\"@type\":\"WebSite\",\"@id\":\"https:\/\/moto-screenies.de\/en\/#website\",\"url\":\"https:\/\/moto-screenies.de\/en\/\",\"name\":\"Moto Screenies\",\"description\":\"Die Displayschutzfolie f\u00fcr dein Motorrad\",\"publisher\":{\"@id\":\"https:\/\/moto-screenies.de\/en\/#organization\"},\"alternateName\":\"MS\",\"potentialAction\":[{\"@type\":\"SearchAction\",\"target\":{\"@type\":\"EntryPoint\",\"urlTemplate\":\"https:\/\/moto-screenies.de\/en\/?s={search_term_string}\"},\"query-input\":{\"@type\":\"PropertyValueSpecification\",\"valueRequired\":true,\"valueName\":\"search_term_string\"}}],\"inLanguage\":\"en-US\"},{\"@type\":\"Organization\",\"@id\":\"https:\/\/moto-screenies.de\/en\/#organization\",\"name\":\"Moto Screenies\",\"url\":\"https:\/\/moto-screenies.de\/en\/\",\"logo\":{\"@type\":\"ImageObject\",\"inLanguage\":\"en-US\",\"@id\":\"https:\/\/moto-screenies.de\/en\/#\/schema\/logo\/image\/\",\"url\":\"\",\"contentUrl\":\"\",\"caption\":\"Moto Screenies\"},\"image\":{\"@id\":\"https:\/\/moto-screenies.de\/en\/#\/schema\/logo\/image\/\"}}]}<\/script>\n<!-- \/ Yoast SEO plugin. -->","yoast_head_json":{"title":"Steinschlag Lackschutz - Tankschutzfolie PPF Schutzfolie f\u00fcr Honda Africa Twin 1100 Adv. Sports 2024-2025","description":"Ma\u00dfgeschneiderte Lackschutzfolie f\u00fcr Honda Africa Twin 1100 Adv. Sports 2024-2025. Hochwertiger TPU-Schutz gegen Kratzer, Steinschl\u00e4ge und Witterungseinfl\u00fcsse.","robots":{"index":"index","follow":"follow","max-snippet":"max-snippet:-1","max-image-preview":"max-image-preview:large","max-video-preview":"max-video-preview:-1"},"canonical":"https:\/\/moto-screenies.de\/en\/produkt\/steinschlag-lackschutz-tankschutzfolie-ppf-schutzfolie-fuer-honda-africa-twin-1100-adv-sports-2024-2025\/","og_locale":"en_US","og_type":"article","og_title":"Steinschlag Lackschutz - Tankschutzfolie PPF Schutzfolie f\u00fcr Honda Africa Twin 1100 Adv. Sports 2024-2025","og_description":"Ma\u00dfgeschneiderte Lackschutzfolie f\u00fcr Honda Africa Twin 1100 Adv. Sports 2024-2025. Hochwertiger TPU-Schutz gegen Kratzer, Steinschl\u00e4ge und Witterungseinfl\u00fcsse.","og_url":"https:\/\/moto-screenies.de\/en\/produkt\/steinschlag-lackschutz-tankschutzfolie-ppf-schutzfolie-fuer-honda-africa-twin-1100-adv-sports-2024-2025\/","og_site_name":"Moto Screenies","article_modified_time":"2026-01-26T15:06:55+00:00","twitter_card":"summary_large_image","twitter_misc":{"Est. reading time":"1 minute"},"schema":{"@context":"https:\/\/schema.org","@graph":[{"@type":"WebPage","@id":"https:\/\/moto-screenies.de\/en\/produkt\/steinschlag-lackschutz-tankschutzfolie-ppf-schutzfolie-fuer-honda-africa-twin-1100-adv-sports-2024-2025\/","url":"https:\/\/moto-screenies.de\/en\/produkt\/steinschlag-lackschutz-tankschutzfolie-ppf-schutzfolie-fuer-honda-africa-twin-1100-adv-sports-2024-2025\/","name":"Steinschlag Lackschutz - Tankschutzfolie PPF Schutzfolie f\u00fcr Honda Africa Twin 1100 Adv. Sports 2024-2025","isPartOf":{"@id":"https:\/\/moto-screenies.de\/en\/#website"},"primaryImageOfPage":{"@id":"https:\/\/moto-screenies.de\/en\/produkt\/steinschlag-lackschutz-tankschutzfolie-ppf-schutzfolie-fuer-honda-africa-twin-1100-adv-sports-2024-2025\/#primaryimage"},"image":{"@id":"https:\/\/moto-screenies.de\/en\/produkt\/steinschlag-lackschutz-tankschutzfolie-ppf-schutzfolie-fuer-honda-africa-twin-1100-adv-sports-2024-2025\/#primaryimage"},"thumbnailUrl":"https:\/\/moto-screenies.de\/wp-content\/uploads\/2025\/11\/1153792_Product.jpg","datePublished":"2025-10-31T09:11:39+00:00","dateModified":"2026-01-26T15:06:55+00:00","description":"Ma\u00dfgeschneiderte Lackschutzfolie f\u00fcr Honda Africa Twin 1100 Adv. Sports 2024-2025. Hochwertiger TPU-Schutz gegen Kratzer, Steinschl\u00e4ge und Witterungseinfl\u00fcsse.","breadcrumb":{"@id":"https:\/\/moto-screenies.de\/en\/produkt\/steinschlag-lackschutz-tankschutzfolie-ppf-schutzfolie-fuer-honda-africa-twin-1100-adv-sports-2024-2025\/#breadcrumb"},"inLanguage":"en-US","potentialAction":[{"@type":"ReadAction","target":["https:\/\/moto-screenies.de\/en\/produkt\/steinschlag-lackschutz-tankschutzfolie-ppf-schutzfolie-fuer-honda-africa-twin-1100-adv-sports-2024-2025\/"]}]},{"@type":"ImageObject","inLanguage":"en-US","@id":"https:\/\/moto-screenies.de\/en\/produkt\/steinschlag-lackschutz-tankschutzfolie-ppf-schutzfolie-fuer-honda-africa-twin-1100-adv-sports-2024-2025\/#primaryimage","url":"https:\/\/moto-screenies.de\/wp-content\/uploads\/2025\/11\/1153792_Product.jpg","contentUrl":"https:\/\/moto-screenies.de\/wp-content\/uploads\/2025\/11\/1153792_Product.jpg","width":1600,"height":1600,"caption":"PP458-1"},{"@type":"BreadcrumbList","@id":"https:\/\/moto-screenies.de\/en\/produkt\/steinschlag-lackschutz-tankschutzfolie-ppf-schutzfolie-fuer-honda-africa-twin-1100-adv-sports-2024-2025\/#breadcrumb","itemListElement":[{"@type":"ListItem","position":1,"name":"Startseite","item":"https:\/\/moto-screenies.de\/en\/"},{"@type":"ListItem","position":2,"name":"Store","item":"https:\/\/moto-screenies.com\/shop\/"},{"@type":"ListItem","position":3,"name":"Steinschlag Lackschutz &#8211; Tankschutzfolie PPF Schutzfolie f\u00fcr Honda Africa Twin 1100 Adv. Sports 2024-2025"}]},{"@type":"WebSite","@id":"https:\/\/moto-screenies.de\/en\/#website","url":"https:\/\/moto-screenies.de\/en\/","name":"Moto Screenies","description":"Die Displayschutzfolie f\u00fcr dein Motorrad","publisher":{"@id":"https:\/\/moto-screenies.de\/en\/#organization"},"alternateName":"MS","potentialAction":[{"@type":"SearchAction","target":{"@type":"EntryPoint","urlTemplate":"https:\/\/moto-screenies.de\/en\/?s={search_term_string}"},"query-input":{"@type":"PropertyValueSpecification","valueRequired":true,"valueName":"search_term_string"}}],"inLanguage":"en-US"},{"@type":"Organization","@id":"https:\/\/moto-screenies.de\/en\/#organization","name":"Moto Screenies","url":"https:\/\/moto-screenies.de\/en\/","logo":{"@type":"ImageObject","inLanguage":"en-US","@id":"https:\/\/moto-screenies.de\/en\/#\/schema\/logo\/image\/","url":"","contentUrl":"","caption":"Moto Screenies"},"image":{"@id":"https:\/\/moto-screenies.de\/en\/#\/schema\/logo\/image\/"}}]}},"_links":{"self":[{"href":"https:\/\/moto-screenies.de\/en\/wp-json\/wp\/v2\/product\/238335","targetHints":{"allow":["GET"]}}],"collection":[{"href":"https:\/\/moto-screenies.de\/en\/wp-json\/wp\/v2\/product"}],"about":[{"href":"https:\/\/moto-screenies.de\/en\/wp-json\/wp\/v2\/types\/product"}],"replies":[{"embeddable":true,"href":"https:\/\/moto-screenies.de\/en\/wp-json\/wp\/v2\/comments?post=238335"}],"wp:featuredmedia":[{"embeddable":true,"href":"https:\/\/moto-screenies.de\/en\/wp-json\/wp\/v2\/media\/242955"}],"wp:attachment":[{"href":"https:\/\/moto-screenies.de\/en\/wp-json\/wp\/v2\/media?parent=238335"}],"wp:term":[{"taxonomy":"product_brand","embeddable":true,"href":"https:\/\/moto-screenies.de\/en\/wp-json\/wp\/v2\/product_brand?post=238335"},{"taxonomy":"product_cat","embeddable":true,"href":"https:\/\/moto-screenies.de\/en\/wp-json\/wp\/v2\/product_cat?post=238335"},{"taxonomy":"product_tag","embeddable":true,"href":"https:\/\/moto-screenies.de\/en\/wp-json\/wp\/v2\/product_tag?post=238335"}],"curies":[{"name":"wp","href":"https:\/\/api.w.org\/{rel}","templated":true}]}}