{"id":264287,"date":"2023-11-19T14:14:11","date_gmt":"2023-11-19T13:14:11","guid":{"rendered":"https:\/\/moto-screenies.de\/impresion\/"},"modified":"2025-11-25T08:29:29","modified_gmt":"2025-11-25T07:29:29","slug":"impresion","status":"publish","type":"page","link":"https:\/\/moto-screenies.de\/es\/impresion\/","title":{"rendered":"Impresi\u00f3n"},"content":{"rendered":"<p>[et_pb_section fb_built=\u00bb1&#8243; _builder_version=\u00bb4.23.1&#8243; _module_preset=\u00bbdefault\u00bb global_colors_info=\u00bb{}\u00bb][et_pb_row _builder_version=\u00bb4.23.1&#8243; _module_preset=\u00bbdefault\u00bb global_colors_info=\u00bb{}\u00bb][et_pb_column type=\u00bb4_4&#8243; _builder_version=\u00bb4.23.1&#8243; _module_preset=\u00bbdefault\u00bb global_colors_info=\u00bb{}\u00bb][et_pb_text _builder_version=\u00bb4.25.1&#8243; _module_preset=\u00bbdefault\u00bb hover_enabled=\u00bb0&#8243; global_colors_info=\u00bb{}\u00bb sticky_enabled=\u00bb0&#8243;]<\/p>\n<p>Moto Screenies es una marca de<br \/>eCOM Farm GmbH<br \/>Mersmanns Stiege 6<br \/>48341 Altenberge<br \/>Alemania<\/p>\n<p>Tel\u00e9fono: +15678 423502<br \/>Correo electr\u00f3nico: help@ecom-farm.de<\/p>\n<p>Director General: Moraczewski, Lukas Dominik<\/p>\n<p>Registro Mercantil: Tribunal de Distrito de Steinfurt, HRB 13283<br \/>N\u00famero de IVA: DE343916595<\/p>\n<p>La Comisi\u00f3n Europea ofrece una plataforma para la resoluci\u00f3n de disputas en l\u00ednea (ODR), que https:\/\/ec.europa.eu\/consumers\/odr encontrar<span> <\/span> aqu\u00ed<a href=\"https:\/\/ec.europa.eu\/consumers\/odr.\">.<\/a><br \/>No estamos obligados ni dispuestos a participar en procedimientos de resoluci\u00f3n de conflictos ante una junta de arbitraje de consumidores.<\/p>\n<p>[\/et_pb_text][\/et_pb_column][\/et_pb_row][\/et_pb_section]<\/p>\n","protected":false},"excerpt":{"rendered":"<p>Moto Screenies es una marca deeCOM Farm GmbHMersmanns Stiege 648341 AltenbergeAlemania Tel\u00e9fono: +15678 423502Correo electr\u00f3nico: help@ecom-farm.de Director General: Moraczewski, Lukas Dominik Registro Mercantil: Tribunal de Distrito de Steinfurt, HRB 13283N\u00famero de IVA: DE343916595 La Comisi\u00f3n Europea ofrece una plataforma para la resoluci\u00f3n de disputas en l\u00ednea (ODR), que https:\/\/ec.europa.eu\/consumers\/odr encontrar aqu\u00ed.No estamos obligados ni dispuestos [&hellip;]<\/p>\n","protected":false},"author":1,"featured_media":0,"parent":0,"menu_order":0,"comment_status":"closed","ping_status":"closed","template":"","meta":{"_et_pb_use_builder":"on","_et_pb_old_content":"","_et_gb_content_width":"","_uf_show_specific_survey":0,"_uf_disable_surveys":false,"footnotes":""},"class_list":["post-264287","page","type-page","status-publish","hentry"],"yoast_head":"<!-- This site is optimized with the Yoast SEO plugin v27.2 - https:\/\/yoast.com\/product\/yoast-seo-wordpress\/ -->\n<title>Impresi\u00f3n - Moto Screenies<\/title>\n<meta name=\"robots\" content=\"noindex, follow\" \/>\n<meta property=\"og:locale\" content=\"es_ES\" \/>\n<meta property=\"og:type\" content=\"article\" \/>\n<meta property=\"og:title\" content=\"Impresi\u00f3n - Moto Screenies\" \/>\n<meta property=\"og:description\" content=\"Moto Screenies es una marca deeCOM Farm GmbHMersmanns Stiege 648341 AltenbergeAlemania Tel\u00e9fono: +15678 423502Correo electr\u00f3nico: help@ecom-farm.de Director General: Moraczewski, Lukas Dominik Registro Mercantil: Tribunal de Distrito de Steinfurt, HRB 13283N\u00famero de IVA: DE343916595 La Comisi\u00f3n Europea ofrece una plataforma para la resoluci\u00f3n de disputas en l\u00ednea (ODR), que https:\/\/ec.europa.eu\/consumers\/odr encontrar aqu\u00ed.No estamos obligados ni dispuestos [&hellip;]\" \/>\n<meta property=\"og:url\" content=\"https:\/\/moto-screenies.de\/es\/impresion\/\" \/>\n<meta property=\"og:site_name\" content=\"Moto Screenies\" \/>\n<meta property=\"article:modified_time\" content=\"2025-11-25T07:29:29+00:00\" \/>\n<meta name=\"twitter:card\" content=\"summary_large_image\" \/>\n<meta name=\"twitter:label1\" content=\"Tiempo de lectura\" \/>\n\t<meta name=\"twitter:data1\" content=\"1 minuto\" \/>\n<script type=\"application\/ld+json\" class=\"yoast-schema-graph\">{\"@context\":\"https:\/\/schema.org\",\"@graph\":[{\"@type\":\"WebPage\",\"@id\":\"https:\/\/moto-screenies.de\/es\/impresion\/\",\"url\":\"https:\/\/moto-screenies.de\/es\/impresion\/\",\"name\":\"Impresi\u00f3n - Moto Screenies\",\"isPartOf\":{\"@id\":\"https:\/\/moto-screenies.de\/es\/#website\"},\"datePublished\":\"2023-11-19T13:14:11+00:00\",\"dateModified\":\"2025-11-25T07:29:29+00:00\",\"breadcrumb\":{\"@id\":\"https:\/\/moto-screenies.de\/es\/impresion\/#breadcrumb\"},\"inLanguage\":\"es\",\"potentialAction\":[{\"@type\":\"ReadAction\",\"target\":[\"https:\/\/moto-screenies.de\/es\/impresion\/\"]}]},{\"@type\":\"BreadcrumbList\",\"@id\":\"https:\/\/moto-screenies.de\/es\/impresion\/#breadcrumb\",\"itemListElement\":[{\"@type\":\"ListItem\",\"position\":1,\"name\":\"Startseite\",\"item\":\"https:\/\/moto-screenies.de\/es\/\"},{\"@type\":\"ListItem\",\"position\":2,\"name\":\"Impresi\u00f3n\"}]},{\"@type\":\"WebSite\",\"@id\":\"https:\/\/moto-screenies.de\/es\/#website\",\"url\":\"https:\/\/moto-screenies.de\/es\/\",\"name\":\"Moto Screenies\",\"description\":\"Die Displayschutzfolie f\u00fcr dein Motorrad\",\"publisher\":{\"@id\":\"https:\/\/moto-screenies.de\/es\/#organization\"},\"alternateName\":\"MS\",\"potentialAction\":[{\"@type\":\"SearchAction\",\"target\":{\"@type\":\"EntryPoint\",\"urlTemplate\":\"https:\/\/moto-screenies.de\/es\/?s={search_term_string}\"},\"query-input\":{\"@type\":\"PropertyValueSpecification\",\"valueRequired\":true,\"valueName\":\"search_term_string\"}}],\"inLanguage\":\"es\"},{\"@type\":\"Organization\",\"@id\":\"https:\/\/moto-screenies.de\/es\/#organization\",\"name\":\"Moto Screenies\",\"url\":\"https:\/\/moto-screenies.de\/es\/\",\"logo\":{\"@type\":\"ImageObject\",\"inLanguage\":\"es\",\"@id\":\"https:\/\/moto-screenies.de\/es\/#\/schema\/logo\/image\/\",\"url\":\"\",\"contentUrl\":\"\",\"caption\":\"Moto Screenies\"},\"image\":{\"@id\":\"https:\/\/moto-screenies.de\/es\/#\/schema\/logo\/image\/\"}}]}<\/script>\n<!-- \/ Yoast SEO plugin. -->","yoast_head_json":{"title":"Impresi\u00f3n - Moto Screenies","robots":{"index":"noindex","follow":"follow"},"og_locale":"es_ES","og_type":"article","og_title":"Impresi\u00f3n - Moto Screenies","og_description":"Moto Screenies es una marca deeCOM Farm GmbHMersmanns Stiege 648341 AltenbergeAlemania Tel\u00e9fono: +15678 423502Correo electr\u00f3nico: help@ecom-farm.de Director General: Moraczewski, Lukas Dominik Registro Mercantil: Tribunal de Distrito de Steinfurt, HRB 13283N\u00famero de IVA: DE343916595 La Comisi\u00f3n Europea ofrece una plataforma para la resoluci\u00f3n de disputas en l\u00ednea (ODR), que https:\/\/ec.europa.eu\/consumers\/odr encontrar aqu\u00ed.No estamos obligados ni dispuestos [&hellip;]","og_url":"https:\/\/moto-screenies.de\/es\/impresion\/","og_site_name":"Moto Screenies","article_modified_time":"2025-11-25T07:29:29+00:00","twitter_card":"summary_large_image","twitter_misc":{"Tiempo de lectura":"1 minuto"},"schema":{"@context":"https:\/\/schema.org","@graph":[{"@type":"WebPage","@id":"https:\/\/moto-screenies.de\/es\/impresion\/","url":"https:\/\/moto-screenies.de\/es\/impresion\/","name":"Impresi\u00f3n - Moto Screenies","isPartOf":{"@id":"https:\/\/moto-screenies.de\/es\/#website"},"datePublished":"2023-11-19T13:14:11+00:00","dateModified":"2025-11-25T07:29:29+00:00","breadcrumb":{"@id":"https:\/\/moto-screenies.de\/es\/impresion\/#breadcrumb"},"inLanguage":"es","potentialAction":[{"@type":"ReadAction","target":["https:\/\/moto-screenies.de\/es\/impresion\/"]}]},{"@type":"BreadcrumbList","@id":"https:\/\/moto-screenies.de\/es\/impresion\/#breadcrumb","itemListElement":[{"@type":"ListItem","position":1,"name":"Startseite","item":"https:\/\/moto-screenies.de\/es\/"},{"@type":"ListItem","position":2,"name":"Impresi\u00f3n"}]},{"@type":"WebSite","@id":"https:\/\/moto-screenies.de\/es\/#website","url":"https:\/\/moto-screenies.de\/es\/","name":"Moto Screenies","description":"Die Displayschutzfolie f\u00fcr dein Motorrad","publisher":{"@id":"https:\/\/moto-screenies.de\/es\/#organization"},"alternateName":"MS","potentialAction":[{"@type":"SearchAction","target":{"@type":"EntryPoint","urlTemplate":"https:\/\/moto-screenies.de\/es\/?s={search_term_string}"},"query-input":{"@type":"PropertyValueSpecification","valueRequired":true,"valueName":"search_term_string"}}],"inLanguage":"es"},{"@type":"Organization","@id":"https:\/\/moto-screenies.de\/es\/#organization","name":"Moto Screenies","url":"https:\/\/moto-screenies.de\/es\/","logo":{"@type":"ImageObject","inLanguage":"es","@id":"https:\/\/moto-screenies.de\/es\/#\/schema\/logo\/image\/","url":"","contentUrl":"","caption":"Moto Screenies"},"image":{"@id":"https:\/\/moto-screenies.de\/es\/#\/schema\/logo\/image\/"}}]}},"_links":{"self":[{"href":"https:\/\/moto-screenies.de\/es\/wp-json\/wp\/v2\/pages\/264287","targetHints":{"allow":["GET"]}}],"collection":[{"href":"https:\/\/moto-screenies.de\/es\/wp-json\/wp\/v2\/pages"}],"about":[{"href":"https:\/\/moto-screenies.de\/es\/wp-json\/wp\/v2\/types\/page"}],"author":[{"embeddable":true,"href":"https:\/\/moto-screenies.de\/es\/wp-json\/wp\/v2\/users\/1"}],"replies":[{"embeddable":true,"href":"https:\/\/moto-screenies.de\/es\/wp-json\/wp\/v2\/comments?post=264287"}],"version-history":[{"count":0,"href":"https:\/\/moto-screenies.de\/es\/wp-json\/wp\/v2\/pages\/264287\/revisions"}],"wp:attachment":[{"href":"https:\/\/moto-screenies.de\/es\/wp-json\/wp\/v2\/media?parent=264287"}],"curies":[{"name":"wp","href":"https:\/\/api.w.org\/{rel}","templated":true}]}}