{"id":264288,"date":"2024-05-08T08:42:53","date_gmt":"2024-05-08T06:42:53","guid":{"rendered":"https:\/\/moto-screenies.de\/conviertete-en-dealer\/"},"modified":"2025-11-25T08:29:44","modified_gmt":"2025-11-25T07:29:44","slug":"conviertete-en-dealer","status":"publish","type":"page","link":"https:\/\/moto-screenies.de\/es\/conviertete-en-dealer\/","title":{"rendered":"Convi\u00e9rtete en Dealer"},"content":{"rendered":"<p>[et_pb_section fb_built=\u00bb1&#8243; admin_label=\u00bbHeader\u00bb _builder_version=\u00bb4.17.4&#8243; _module_preset=\u00bbdefault\u00bb background_color=\u00bb#000000&#8243; background_image=\u00bbhttps:\/\/moto-screenies.de\/wp-content\/uploads\/2024\/05\/streamer-69.png\u00bb collapsed=\u00bbon\u00bb global_colors_info=\u00bb{}\u00bb][et_pb_row column_structure=\u00bb3_5,2_5&#8243; custom_padding_last_edited=\u00bbon|phone\u00bb _builder_version=\u00bb4.17.4&#8243; _module_preset=\u00bbdefault\u00bb background_color=\u00bbrgba(255,255,255,0.08)\u00bb overflow-x=\u00bbvisible\u00bb overflow-y=\u00bbvisible\u00bb custom_margin=\u00bb||||false|false\u00bb custom_padding=\u00bb60px|60px|60px|60px|true|true\u00bb custom_padding_tablet=\u00bb30px|30px|30px|30px|true|true\u00bb custom_padding_phone=\u00bb20px|20px|20px|20px|true|true\u00bb border_radii=\u00bboff|20px|20px||\u00bb box_shadow_style=\u00bbpreset1&#8243; box_shadow_horizontal=\u00bb-1px\u00bb box_shadow_vertical=\u00bb-1px\u00bb box_shadow_blur=\u00bb0px\u00bb box_shadow_color=\u00bbrgba(255,255,255,0.21)\u00bb global_colors_info=\u00bb{}\u00bb][et_pb_column type=\u00bb3_5&#8243; _builder_version=\u00bb4.17.4&#8243; _module_preset=\u00bbdefault\u00bb global_colors_info=\u00bb{}\u00bb][et_pb_text _builder_version=\u00bb4.25.0&#8243; _module_preset=\u00bb24a88e99-d510-4d0e-a9a7-d1f46c4ea124&#8243; text_text_color=\u00bb#FFFFFF\u00bb header_4_font=\u00bbInter|700||on|||||\u00bb header_4_text_color=\u00bb#7CDA24&#8243; header_4_font_size=\u00bb14px\u00bb header_4_letter_spacing=\u00bb0.4em\u00bb header_4_line_height=\u00bb1.5em\u00bb custom_margin=\u00bb||0px||false|false\u00bb global_colors_info=\u00bb{}\u00bb]<\/p>\n<h4>Programa de Comerciantes \/ Afiliados<\/h4>\n<p>[\/et_pb_text][et_pb_text _builder_version=\u00bb4.25.0&#8243; _module_preset=\u00bb24a88e99-d510-4d0e-a9a7-d1f46c4ea124&#8243; header_font=\u00bbTrispace|700||on|||||\u00bb header_text_color=\u00bb#FFFFFF\u00bb header_font_size=\u00bb110px\u00bb header_letter_spacing=\u00bb0em\u00bb custom_margin=\u00bb|-40%|||false|false\u00bb header_font_size_tablet=\u00bb40px\u00bb header_font_size_phone=\u00bb24px\u00bb header_font_size_last_edited=\u00bbon|phone\u00bb header_text_shadow_style=\u00bbpreset2&#8243; header_text_shadow_horizontal_length=\u00bb0em\u00bb header_text_shadow_vertical_length=\u00bb4px\u00bb header_text_shadow_blur_strength=\u00bb0px\u00bb header_text_shadow_color=\u00bb#7CDA24&#8243; locked=\u00bboff\u00bb global_colors_info=\u00bb{}\u00bb]<\/p>\n<h1>Convi\u00e9rtete en socio<\/h1>\n<p>[\/et_pb_text][et_pb_button button_url=\u00bblwjn1nz9iskd.goaffpro.com\/create-account\u00bb button_text=\u00bbPrograma de Afiliados de Registro\u00bb _builder_version=\u00bb4.25.1&#8243; _module_preset=\u00bbdefault\u00bb custom_button=\u00bbon\u00bb button_text_size=\u00bb14px\u00bb button_text_color=\u00bb#FFFFFF\u00bb button_bg_color=\u00bb#7CDA24&#8243; button_border_width=\u00bb0px\u00bb button_border_radius=\u00bb8px\u00bb button_letter_spacing=\u00bb0.05em\u00bb button_font=\u00bbInter|700||on|||||\u00bb custom_padding=\u00bb14px|24px|14px|24px|true|true\u00bb animation_style=\u00bbfade\u00bb hover_enabled=\u00bb0&#8243; global_colors_info=\u00bb{}\u00bb sticky_enabled=\u00bb0&#8243;][\/et_pb_button][et_pb_button button_url=\u00bbhttps:\/\/moto-screenies.de\/handler-registrieren\/\u00bb button_text=\u00bbPrograma de Concesionarios de Registro\u00bb _builder_version=\u00bb4.25.0&#8243; _module_preset=\u00bbdefault\u00bb custom_button=\u00bbon\u00bb button_text_size=\u00bb14px\u00bb button_text_color=\u00bb#FFFFFF\u00bb button_bg_color=\u00bb#7CDA24&#8243; button_border_width=\u00bb0px\u00bb button_border_radius=\u00bb8px\u00bb button_letter_spacing=\u00bb0.05em\u00bb button_font=\u00bbInter|700||on|||||\u00bb custom_padding=\u00bb14px|24px|14px|24px|true|true\u00bb animation_style=\u00bbfade\u00bb global_colors_info=\u00bb{}\u00bb][\/et_pb_button][\/et_pb_column][et_pb_column type=\u00bb2_5&#8243; _builder_version=\u00bb4.17.4&#8243; _module_preset=\u00bbdefault\u00bb custom_padding=\u00bb||||false|false\u00bb custom_padding_tablet=\u00bb10%||||false|false\u00bb custom_padding_phone=\u00bb10%||||false|false\u00bb custom_padding_last_edited=\u00bbon|tablet\u00bb global_colors_info=\u00bb{}\u00bb][et_pb_image src=\u00bbhttps:\/\/moto-screenies.de\/wp-content\/uploads\/2024\/05\/streamer-87-1.png\u00bb title_text=\u00bbstreamer-87-1&#8243; _builder_version=\u00bb4.25.1&#8243; _module_preset=\u00bbdefault\u00bb custom_margin=\u00bb|-50%|||false|false\u00bb global_colors_info=\u00bb{}\u00bb][\/et_pb_image][\/et_pb_column][\/et_pb_row][et_pb_row column_structure=\u00bb1_3,1_3,1_3&#8243; use_custom_gutter=\u00bbon\u00bb gutter_width=\u00bb1&#8243; custom_padding_last_edited=\u00bbon|desktop\u00bb _builder_version=\u00bb4.25.0&#8243; _module_preset=\u00bbdefault\u00bb use_background_color_gradient=\u00bbon\u00bb background_color_gradient_direction=\u00bb90deg\u00bb background_color_gradient_stops=\u00bb#e5ff00 0%|rgba(0,247,189,0.92) 100%\u00bb custom_padding=\u00bb50px|60px|50px|60px|true|true\u00bb custom_padding_tablet=\u00bb30px|30px|30px|30px|true|true\u00bb custom_padding_phone=\u00bb20px|20px|20px|20px|true|true\u00bb border_radii=\u00bboff|||20px|20px\u00bb locked=\u00bboff\u00bb global_colors_info=\u00bb{}\u00bb][et_pb_column type=\u00bb1_3&#8243; _builder_version=\u00bb4.17.4&#8243; _module_preset=\u00bbdefault\u00bb custom_padding_tablet=\u00bb||30px||false|false\u00bb custom_padding_phone=\u00bb||30px||false|false\u00bb custom_padding_last_edited=\u00bbon|tablet\u00bb global_colors_info=\u00bb{}\u00bb][et_pb_number_counter title=\u00bbComisi\u00f3n de Producto\u00bb number=\u00bb5-20&#8243; _builder_version=\u00bb4.18.0&#8243; _module_preset=\u00bbdefault\u00bb title_font=\u00bbPoppins|700|||||||\u00bb title_text_color=\u00bb#FFFFFF\u00bb title_font_size=\u00bb19px\u00bb number_font=\u00bbTrispace|700|||||||\u00bb number_text_color=\u00bb#FFFFFF\u00bb number_letter_spacing=\u00bb-0.07em\u00bb number_font_size_tablet=\u00bb\u00bb number_font_size_phone=\u00bb55px\u00bb number_font_size_last_edited=\u00bbon|phone\u00bb locked=\u00bboff\u00bb global_colors_info=\u00bb{}\u00bb][\/et_pb_number_counter][\/et_pb_column][et_pb_column type=\u00bb1_3&#8243; _builder_version=\u00bb4.17.4&#8243; _module_preset=\u00bbdefault\u00bb custom_padding_tablet=\u00bb||30px||false|false\u00bb custom_padding_phone=\u00bb||30px||false|false\u00bb custom_padding_last_edited=\u00bbon|tablet\u00bb border_color_all=\u00bbrgba(31,33,40,0.2)\u00bb border_width_right=\u00bb2px\u00bb border_width_left=\u00bb2px\u00bb border_width_right_tablet=\u00bb0px\u00bb border_width_right_phone=\u00bb0px\u00bb border_width_right_last_edited=\u00bbon|tablet\u00bb border_width_left_tablet=\u00bb0px\u00bb border_width_left_phone=\u00bb0px\u00bb border_width_left_last_edited=\u00bbon|tablet\u00bb global_colors_info=\u00bb{}\u00bb][et_pb_number_counter title=\u00bb\u00d8 Customer cart value\u00bb number=\u00bb52\u20ac\u00bb percent_sign=\u00bboff\u00bb _builder_version=\u00bb4.25.1&#8243; _module_preset=\u00bbdefault\u00bb title_font=\u00bbPoppins|700|||||||\u00bb title_text_color=\u00bb#FFFFFF\u00bb title_font_size=\u00bb19px\u00bb number_font=\u00bbTrispace|700|||||||\u00bb number_text_color=\u00bb#FFFFFF\u00bb number_letter_spacing=\u00bb-0.07em\u00bb number_font_size_tablet=\u00bb\u00bb number_font_size_phone=\u00bb55px\u00bb number_font_size_last_edited=\u00bbon|phone\u00bb locked=\u00bboff\u00bb global_colors_info=\u00bb{}\u00bb][\/et_pb_number_counter][\/et_pb_column][et_pb_column type=\u00bb1_3&#8243; _builder_version=\u00bb4.17.4&#8243; _module_preset=\u00bbdefault\u00bb global_colors_info=\u00bb{}\u00bb][et_pb_number_counter title=\u00bbGarant\u00eda de rendimiento\u00bb number=\u00bb100&#8243; _builder_version=\u00bb4.18.0&#8243; _module_preset=\u00bbdefault\u00bb title_font=\u00bbPoppins|700|||||||\u00bb title_text_color=\u00bb#FFFFFF\u00bb title_font_size=\u00bb19px\u00bb number_font=\u00bbTrispace|700|||||||\u00bb number_text_color=\u00bb#FFFFFF\u00bb number_letter_spacing=\u00bb-0.07em\u00bb number_font_size_tablet=\u00bb\u00bb number_font_size_phone=\u00bb55px\u00bb number_font_size_last_edited=\u00bbon|phone\u00bb locked=\u00bboff\u00bb global_colors_info=\u00bb{}\u00bb][\/et_pb_number_counter][\/et_pb_column][\/et_pb_row][\/et_pb_section][et_pb_section fb_built=\u00bb1&#8243; admin_label=\u00bbFooter\u00bb _builder_version=\u00bb4.24.3&#8243; _module_preset=\u00bbdefault\u00bb background_color=\u00bb#000000&#8243; background_image=\u00bbhttps:\/\/moto-screenies.de\/wp-content\/uploads\/2024\/05\/footer-background-scaled-1.jpg\u00bb background_position=\u00bbtop_center\u00bb custom_padding=\u00bb4vw||12vw||false|false\u00bb saved_tabs=\u00bball\u00bb collapsed=\u00bbon\u00bb global_colors_info=\u00bb{}\u00bb][et_pb_row custom_padding_last_edited=\u00bbon|desktop\u00bb _builder_version=\u00bb4.25.0&#8243; _module_preset=\u00bbdefault\u00bb use_background_color_gradient=\u00bbon\u00bb background_color_gradient_direction=\u00bb70deg\u00bb background_color_gradient_stops=\u00bb#7cda24 0%|rgba(0,234,203,0.38) 100%\u00bb custom_margin=\u00bb||||false|false\u00bb custom_padding=\u00bb60px|60px|60px|60px|true|true\u00bb custom_padding_tablet=\u00bb30px|30px|30px|30px|true|true\u00bb custom_padding_phone=\u00bb20px|20px|20px|20px|true|true\u00bb border_radii=\u00bbon|20px|20px|20px|20px\u00bb global_colors_info=\u00bb{}\u00bb][et_pb_column type=\u00bb4_4&#8243; _builder_version=\u00bb4.17.4&#8243; _module_preset=\u00bbdefault\u00bb global_colors_info=\u00bb{}\u00bb][et_pb_text _builder_version=\u00bb4.18.0&#8243; _module_preset=\u00bbcf9adbf9-b6dd-4683-bceb-dfc78581b435&#8243; text_text_color=\u00bb#FFFFFF\u00bb header_4_font=\u00bbInter|700||on|||||\u00bb header_4_text_color=\u00bb#FF754C\u00bb header_4_font_size=\u00bb14px\u00bb header_4_letter_spacing=\u00bb0.4em\u00bb header_4_line_height=\u00bb1.5em\u00bb text_orientation=\u00bbcenter\u00bb custom_margin=\u00bb||0px||false|false\u00bb global_colors_info=\u00bb{}\u00bb]<\/p>\n<h4>Programa de Socios de Concesionarios<\/h4>\n<p>[\/et_pb_text][et_pb_text _builder_version=\u00bb4.18.0&#8243; _module_preset=\u00bbcf9adbf9-b6dd-4683-bceb-dfc78581b435&#8243; header_2_font=\u00bbTrispace|700||on|||||\u00bb header_2_text_color=\u00bb#FFFFFF\u00bb header_2_font_size=\u00bb48px\u00bb header_2_letter_spacing=\u00bb0em\u00bb header_2_line_height=\u00bb1.2em\u00bb text_orientation=\u00bbcenter\u00bb max_width_last_edited=\u00bboff|desktop\u00bb module_alignment=\u00bbcenter\u00bb header_2_font_size_tablet=\u00bb32px\u00bb header_2_font_size_phone=\u00bb20px\u00bb header_2_font_size_last_edited=\u00bbon|desktop\u00bb global_colors_info=\u00bb{}\u00bb]<\/p>\n<h2>\u00danete a nuestra red de concesionarios y obt\u00e9n un descuento exclusivo de hasta un 40%<\/h2>\n<p>[\/et_pb_text][et_pb_text _builder_version=\u00bb4.18.0&#8243; _module_preset=\u00bbcf9adbf9-b6dd-4683-bceb-dfc78581b435&#8243; header_font=\u00bb||||||||\u00bb header_3_font=\u00bbTrispace|700|||||||\u00bb header_3_text_color=\u00bb#FFFFFF\u00bb header_3_font_size=\u00bb25px\u00bb header_3_letter_spacing=\u00bb-2px\u00bb header_3_line_height=\u00bb1.4em\u00bb text_orientation=\u00bbcenter\u00bb custom_margin=\u00bb||0px||false|false\u00bb header_3_font_size_tablet=\u00bb20px\u00bb header_3_font_size_phone=\u00bb16px\u00bb header_3_font_size_last_edited=\u00bbon|desktop\u00bb global_colors_info=\u00bb{}\u00bb]<\/p>\n<h3>Reg\u00edstrate aqu\u00ed sin compromiso<\/h3>\n<p>[\/et_pb_text][et_pb_button button_url=\u00bbhttps:\/\/moto-screenies.de\/handler-registrieren\/\u00bb button_text=\u00bbRegistro  \u00bb button_alignment=\u00bbcenter\u00bb _builder_version=\u00bb4.25.0&#8243; _module_preset=\u00bbdefault\u00bb custom_button=\u00bbon\u00bb button_text_size=\u00bb14px\u00bb button_text_color=\u00bb#000000&#8243; button_bg_color=\u00bb#FFFFFF\u00bb button_border_color=\u00bb#FFFFFF\u00bb button_border_radius=\u00bb8px\u00bb button_letter_spacing=\u00bb0.05em\u00bb button_font=\u00bbInter|700||on|||||\u00bb custom_padding=\u00bb14px|24px|14px|24px|true|true\u00bb global_colors_info=\u00bb{}\u00bb][\/et_pb_button][\/et_pb_column][\/et_pb_row][\/et_pb_section]<\/p>\n","protected":false},"excerpt":{"rendered":"<p>Programa de Comerciantes \/ AfiliadosConvi\u00e9rtete en socioPrograma de Socios de Concesionarios\u00danete a nuestra red de concesionarios y obt\u00e9n un descuento exclusivo de hasta un 40%Reg\u00edstrate aqu\u00ed sin compromiso<\/p>\n","protected":false},"author":1,"featured_media":0,"parent":0,"menu_order":0,"comment_status":"closed","ping_status":"closed","template":"","meta":{"_et_pb_use_builder":"on","_et_pb_old_content":"","_et_gb_content_width":"","_uf_show_specific_survey":0,"_uf_disable_surveys":false,"footnotes":""},"class_list":["post-264288","page","type-page","status-publish","hentry"],"yoast_head":"<!-- This site is optimized with the Yoast SEO plugin v27.2 - https:\/\/yoast.com\/product\/yoast-seo-wordpress\/ -->\n<title>Convi\u00e9rtete en Dealer - Moto Screenies<\/title>\n<meta name=\"robots\" content=\"noindex, follow\" \/>\n<meta property=\"og:locale\" content=\"es_ES\" \/>\n<meta property=\"og:type\" content=\"article\" \/>\n<meta property=\"og:title\" content=\"Convi\u00e9rtete en Dealer - Moto Screenies\" \/>\n<meta property=\"og:description\" content=\"Programa de Comerciantes \/ AfiliadosConvi\u00e9rtete en socioPrograma de Socios de Concesionarios\u00danete a nuestra red de concesionarios y obt\u00e9n un descuento exclusivo de hasta un 40%Reg\u00edstrate aqu\u00ed sin compromiso\" \/>\n<meta property=\"og:url\" content=\"https:\/\/moto-screenies.de\/es\/conviertete-en-dealer\/\" \/>\n<meta property=\"og:site_name\" content=\"Moto Screenies\" \/>\n<meta property=\"article:modified_time\" content=\"2025-11-25T07:29:44+00:00\" \/>\n<meta name=\"twitter:card\" content=\"summary_large_image\" \/>\n<meta name=\"twitter:label1\" content=\"Tiempo de lectura\" \/>\n\t<meta name=\"twitter:data1\" content=\"7 minutos\" \/>\n<script type=\"application\/ld+json\" class=\"yoast-schema-graph\">{\"@context\":\"https:\/\/schema.org\",\"@graph\":[{\"@type\":\"WebPage\",\"@id\":\"https:\/\/moto-screenies.de\/es\/conviertete-en-dealer\/\",\"url\":\"https:\/\/moto-screenies.de\/es\/conviertete-en-dealer\/\",\"name\":\"Convi\u00e9rtete en Dealer - Moto Screenies\",\"isPartOf\":{\"@id\":\"https:\/\/moto-screenies.de\/es\/#website\"},\"datePublished\":\"2024-05-08T06:42:53+00:00\",\"dateModified\":\"2025-11-25T07:29:44+00:00\",\"breadcrumb\":{\"@id\":\"https:\/\/moto-screenies.de\/es\/conviertete-en-dealer\/#breadcrumb\"},\"inLanguage\":\"es\",\"potentialAction\":[{\"@type\":\"ReadAction\",\"target\":[\"https:\/\/moto-screenies.de\/es\/conviertete-en-dealer\/\"]}]},{\"@type\":\"BreadcrumbList\",\"@id\":\"https:\/\/moto-screenies.de\/es\/conviertete-en-dealer\/#breadcrumb\",\"itemListElement\":[{\"@type\":\"ListItem\",\"position\":1,\"name\":\"Startseite\",\"item\":\"https:\/\/moto-screenies.de\/es\/\"},{\"@type\":\"ListItem\",\"position\":2,\"name\":\"Convi\u00e9rtete en Dealer\"}]},{\"@type\":\"WebSite\",\"@id\":\"https:\/\/moto-screenies.de\/es\/#website\",\"url\":\"https:\/\/moto-screenies.de\/es\/\",\"name\":\"Moto Screenies\",\"description\":\"Die Displayschutzfolie f\u00fcr dein Motorrad\",\"publisher\":{\"@id\":\"https:\/\/moto-screenies.de\/es\/#organization\"},\"alternateName\":\"MS\",\"potentialAction\":[{\"@type\":\"SearchAction\",\"target\":{\"@type\":\"EntryPoint\",\"urlTemplate\":\"https:\/\/moto-screenies.de\/es\/?s={search_term_string}\"},\"query-input\":{\"@type\":\"PropertyValueSpecification\",\"valueRequired\":true,\"valueName\":\"search_term_string\"}}],\"inLanguage\":\"es\"},{\"@type\":\"Organization\",\"@id\":\"https:\/\/moto-screenies.de\/es\/#organization\",\"name\":\"Moto Screenies\",\"url\":\"https:\/\/moto-screenies.de\/es\/\",\"logo\":{\"@type\":\"ImageObject\",\"inLanguage\":\"es\",\"@id\":\"https:\/\/moto-screenies.de\/es\/#\/schema\/logo\/image\/\",\"url\":\"\",\"contentUrl\":\"\",\"caption\":\"Moto Screenies\"},\"image\":{\"@id\":\"https:\/\/moto-screenies.de\/es\/#\/schema\/logo\/image\/\"}}]}<\/script>\n<!-- \/ Yoast SEO plugin. -->","yoast_head_json":{"title":"Convi\u00e9rtete en Dealer - Moto Screenies","robots":{"index":"noindex","follow":"follow"},"og_locale":"es_ES","og_type":"article","og_title":"Convi\u00e9rtete en Dealer - Moto Screenies","og_description":"Programa de Comerciantes \/ AfiliadosConvi\u00e9rtete en socioPrograma de Socios de Concesionarios\u00danete a nuestra red de concesionarios y obt\u00e9n un descuento exclusivo de hasta un 40%Reg\u00edstrate aqu\u00ed sin compromiso","og_url":"https:\/\/moto-screenies.de\/es\/conviertete-en-dealer\/","og_site_name":"Moto Screenies","article_modified_time":"2025-11-25T07:29:44+00:00","twitter_card":"summary_large_image","twitter_misc":{"Tiempo de lectura":"7 minutos"},"schema":{"@context":"https:\/\/schema.org","@graph":[{"@type":"WebPage","@id":"https:\/\/moto-screenies.de\/es\/conviertete-en-dealer\/","url":"https:\/\/moto-screenies.de\/es\/conviertete-en-dealer\/","name":"Convi\u00e9rtete en Dealer - Moto Screenies","isPartOf":{"@id":"https:\/\/moto-screenies.de\/es\/#website"},"datePublished":"2024-05-08T06:42:53+00:00","dateModified":"2025-11-25T07:29:44+00:00","breadcrumb":{"@id":"https:\/\/moto-screenies.de\/es\/conviertete-en-dealer\/#breadcrumb"},"inLanguage":"es","potentialAction":[{"@type":"ReadAction","target":["https:\/\/moto-screenies.de\/es\/conviertete-en-dealer\/"]}]},{"@type":"BreadcrumbList","@id":"https:\/\/moto-screenies.de\/es\/conviertete-en-dealer\/#breadcrumb","itemListElement":[{"@type":"ListItem","position":1,"name":"Startseite","item":"https:\/\/moto-screenies.de\/es\/"},{"@type":"ListItem","position":2,"name":"Convi\u00e9rtete en Dealer"}]},{"@type":"WebSite","@id":"https:\/\/moto-screenies.de\/es\/#website","url":"https:\/\/moto-screenies.de\/es\/","name":"Moto Screenies","description":"Die Displayschutzfolie f\u00fcr dein Motorrad","publisher":{"@id":"https:\/\/moto-screenies.de\/es\/#organization"},"alternateName":"MS","potentialAction":[{"@type":"SearchAction","target":{"@type":"EntryPoint","urlTemplate":"https:\/\/moto-screenies.de\/es\/?s={search_term_string}"},"query-input":{"@type":"PropertyValueSpecification","valueRequired":true,"valueName":"search_term_string"}}],"inLanguage":"es"},{"@type":"Organization","@id":"https:\/\/moto-screenies.de\/es\/#organization","name":"Moto Screenies","url":"https:\/\/moto-screenies.de\/es\/","logo":{"@type":"ImageObject","inLanguage":"es","@id":"https:\/\/moto-screenies.de\/es\/#\/schema\/logo\/image\/","url":"","contentUrl":"","caption":"Moto Screenies"},"image":{"@id":"https:\/\/moto-screenies.de\/es\/#\/schema\/logo\/image\/"}}]}},"_links":{"self":[{"href":"https:\/\/moto-screenies.de\/es\/wp-json\/wp\/v2\/pages\/264288","targetHints":{"allow":["GET"]}}],"collection":[{"href":"https:\/\/moto-screenies.de\/es\/wp-json\/wp\/v2\/pages"}],"about":[{"href":"https:\/\/moto-screenies.de\/es\/wp-json\/wp\/v2\/types\/page"}],"author":[{"embeddable":true,"href":"https:\/\/moto-screenies.de\/es\/wp-json\/wp\/v2\/users\/1"}],"replies":[{"embeddable":true,"href":"https:\/\/moto-screenies.de\/es\/wp-json\/wp\/v2\/comments?post=264288"}],"version-history":[{"count":0,"href":"https:\/\/moto-screenies.de\/es\/wp-json\/wp\/v2\/pages\/264288\/revisions"}],"wp:attachment":[{"href":"https:\/\/moto-screenies.de\/es\/wp-json\/wp\/v2\/media?parent=264288"}],"curies":[{"name":"wp","href":"https:\/\/api.w.org\/{rel}","templated":true}]}}