{"id":264301,"date":"2023-11-19T14:16:58","date_gmt":"2023-11-19T13:16:58","guid":{"rendered":"https:\/\/moto-screenies.de\/cancelacion\/"},"modified":"2025-11-25T08:29:34","modified_gmt":"2025-11-25T07:29:34","slug":"cancelacion","status":"publish","type":"page","link":"https:\/\/moto-screenies.de\/es\/cancelacion\/","title":{"rendered":"Cancelaci\u00f3n"},"content":{"rendered":"<p>[et_pb_section fb_built=\u00bb1&#8243; _builder_version=\u00bb4.23.1&#8243; _module_preset=\u00bbdefault\u00bb global_colors_info=\u00bb{}\u00bb][et_pb_row _builder_version=\u00bb4.23.1&#8243; _module_preset=\u00bbdefault\u00bb global_colors_info=\u00bb{}\u00bb][et_pb_column type=\u00bb4_4&#8243; _builder_version=\u00bb4.23.1&#8243; _module_preset=\u00bbdefault\u00bb global_colors_info=\u00bb{}\u00bb][et_pb_text _builder_version=\u00bb4.23.1&#8243; _module_preset=\u00bbdefault\u00bb global_colors_info=\u00bb{}\u00bb]<\/p>\n<p>Cancelaci\u00f3n<\/p>\n<p>Un consumidor es cualquier persona f\u00edsica que celebra una transacci\u00f3n legal con fines que no pueden atribuirse principalmente ni a su actividad comercial ni a su actividad profesional aut\u00f3noma.<\/p>\n<p>Retirada<\/p>\n<p>Tienes derecho a retirarte de este contrato en un plazo de catorce d\u00edas sin dar motivos. El periodo de retirada es de catorce d\u00edas desde el d\u00eda en que t\u00fa o un tercero que t\u00fa mismo designes, que no sea el transportista, hayan tomado posesi\u00f3n de la mercanc\u00eda. Para ejercer su derecho de retirada, debe informarnos a eCOM Farm GmbH, Hohenhorst 71, 48341 Altenberge, n\u00famero de tel\u00e9fono: +15678 423502, direcci\u00f3n de correo electr\u00f3nico: help@ecom-farm.de) de su decisi\u00f3n de retirarse de este contrato mediante una declaraci\u00f3n inequ\u00edvoca (por ejemplo, una carta enviada por correo, fax o correo electr\u00f3nico). Puedes usar el formulario de retirada del modelo adjunto para esto, pero no es obligatorio. Para cumplir con el periodo de retirada, basta con que env\u00edes la notificaci\u00f3n del ejercicio del derecho de retirada antes de que expire dicho plazo.    <\/p>\n<p>Consecuencias de la revocaci\u00f3n<\/p>\n<p>Si se retira de este contrato, le reembolsaremos todos los pagos que hayamos recibido de usted, excluyendo los costes de entrega, sin demora indebida y como muy tarde en un plazo de catorce d\u00edas desde el d\u00eda en que recibimos la notificaci\u00f3n de su retirada de este contrato. Para este reembolso, utilizaremos el mismo m\u00e9todo de pago que usted utiliz\u00f3 para la transacci\u00f3n original, salvo que se acorde expresamente lo contrario con usted; En ning\u00fan caso se te cobrar\u00e1n comisiones por este pago. Podemos retener el reembolso hasta que hayamos recibido los bienes de vuelta o hasta que hayas proporcionado prueba de que has devuelto los productos, lo que ocurra antes. Debe devolver o entregarnos los bienes sin demora indebida y, en cualquier caso, a m\u00e1s tardar catorce d\u00edas desde el d\u00eda en que nos informe de la retirada de este contrato. El plazo se cumple si env\u00edas los productos antes de que expire el periodo de catorce d\u00edas. T\u00fa asumir\u00e1s los costes directos de devolver los productos. Solo tienen que pagar cualquier p\u00e9rdida de valor de los bienes si esta p\u00e9rdida de valor se debe a su manipulaci\u00f3n que no es necesario para comprobar la naturaleza, caracter\u00edsticas y funcionamiento de los productos.      <\/p>\n<p>&nbsp;<\/p>\n<p>&nbsp;<\/p>\n<p>&nbsp;<\/p>\n<p>&nbsp;<\/p>\n<p>&nbsp;<\/p>\n<p>&nbsp;<\/p>\n<p>Modelo de formulario de desistimiento<\/p>\n<p>(Si desea rescindir el contrato, complete este formulario y devu\u00e9lvalo).<\/p>\n<p>En<\/p>\n<p>Pantallas de Moto<br \/>eCOM Farm GmbH<br \/>Hohenhorst 71<br \/>48341 Altenberge<\/p>\n<p>Direcci\u00f3n de correo electr\u00f3nico: help@ecom-farm.de<\/p>\n<p>&nbsp;<\/p>\n<p>\u2013 Yo\/nosotros (*) por la presente nos retiramos del contrato celebrado por m\u00ed\/nosotros (*) para la compra de los siguientes bienes (*)<\/p>\n<p>\u2013 Pedido el (*)\/recibido el (*)<\/p>\n<p>\u2013 Nombre del consumidor (s)<\/p>\n<p>\u2013 Direcci\u00f3n del\/de los consumidor\/es<\/p>\n<p>\u2013 Firma del consumidor o consumidores (solo si se notifica en papel)<\/p>\n<p>\u2013Fecha<br \/>\u2014\u2014\u2014\u2014\u2014\u2014\u2014\u2014\u2014\u2014\u2014\u2014\u2014<\/p>\n<p>[\/et_pb_text][\/et_pb_column][\/et_pb_row][\/et_pb_section]<\/p>\n","protected":false},"excerpt":{"rendered":"<p>Cancelaci\u00f3n Un consumidor es cualquier persona f\u00edsica que celebra una transacci\u00f3n legal con fines que no pueden atribuirse principalmente ni a su actividad comercial ni a su actividad profesional aut\u00f3noma. Retirada Tienes derecho a retirarte de este contrato en un plazo de catorce d\u00edas sin dar motivos. El periodo de retirada es de catorce d\u00edas [&hellip;]<\/p>\n","protected":false},"author":1,"featured_media":0,"parent":0,"menu_order":0,"comment_status":"closed","ping_status":"closed","template":"","meta":{"_et_pb_use_builder":"on","_et_pb_old_content":"","_et_gb_content_width":"","_uf_show_specific_survey":0,"_uf_disable_surveys":false,"footnotes":""},"class_list":["post-264301","page","type-page","status-publish","hentry"],"yoast_head":"<!-- This site is optimized with the Yoast SEO plugin v27.2 - https:\/\/yoast.com\/product\/yoast-seo-wordpress\/ -->\n<title>Cancelaci\u00f3n - Moto Screenies<\/title>\n<meta name=\"robots\" content=\"noindex, follow\" \/>\n<meta property=\"og:locale\" content=\"es_ES\" \/>\n<meta property=\"og:type\" content=\"article\" \/>\n<meta property=\"og:title\" content=\"Cancelaci\u00f3n - Moto Screenies\" \/>\n<meta property=\"og:description\" content=\"Cancelaci\u00f3n Un consumidor es cualquier persona f\u00edsica que celebra una transacci\u00f3n legal con fines que no pueden atribuirse principalmente ni a su actividad comercial ni a su actividad profesional aut\u00f3noma. Retirada Tienes derecho a retirarte de este contrato en un plazo de catorce d\u00edas sin dar motivos. El periodo de retirada es de catorce d\u00edas [&hellip;]\" \/>\n<meta property=\"og:url\" content=\"https:\/\/moto-screenies.de\/es\/cancelacion\/\" \/>\n<meta property=\"og:site_name\" content=\"Moto Screenies\" \/>\n<meta property=\"article:modified_time\" content=\"2025-11-25T07:29:34+00:00\" \/>\n<meta name=\"twitter:card\" content=\"summary_large_image\" \/>\n<meta name=\"twitter:label1\" content=\"Tiempo de lectura\" \/>\n\t<meta name=\"twitter:data1\" content=\"3 minutos\" \/>\n<script type=\"application\/ld+json\" class=\"yoast-schema-graph\">{\"@context\":\"https:\/\/schema.org\",\"@graph\":[{\"@type\":\"WebPage\",\"@id\":\"https:\/\/moto-screenies.de\/es\/cancelacion\/\",\"url\":\"https:\/\/moto-screenies.de\/es\/cancelacion\/\",\"name\":\"Cancelaci\u00f3n - Moto Screenies\",\"isPartOf\":{\"@id\":\"https:\/\/moto-screenies.de\/es\/#website\"},\"datePublished\":\"2023-11-19T13:16:58+00:00\",\"dateModified\":\"2025-11-25T07:29:34+00:00\",\"breadcrumb\":{\"@id\":\"https:\/\/moto-screenies.de\/es\/cancelacion\/#breadcrumb\"},\"inLanguage\":\"es\",\"potentialAction\":[{\"@type\":\"ReadAction\",\"target\":[\"https:\/\/moto-screenies.de\/es\/cancelacion\/\"]}]},{\"@type\":\"BreadcrumbList\",\"@id\":\"https:\/\/moto-screenies.de\/es\/cancelacion\/#breadcrumb\",\"itemListElement\":[{\"@type\":\"ListItem\",\"position\":1,\"name\":\"Startseite\",\"item\":\"https:\/\/moto-screenies.de\/es\/\"},{\"@type\":\"ListItem\",\"position\":2,\"name\":\"Cancelaci\u00f3n\"}]},{\"@type\":\"WebSite\",\"@id\":\"https:\/\/moto-screenies.de\/es\/#website\",\"url\":\"https:\/\/moto-screenies.de\/es\/\",\"name\":\"Moto Screenies\",\"description\":\"Die Displayschutzfolie f\u00fcr dein Motorrad\",\"publisher\":{\"@id\":\"https:\/\/moto-screenies.de\/es\/#organization\"},\"alternateName\":\"MS\",\"potentialAction\":[{\"@type\":\"SearchAction\",\"target\":{\"@type\":\"EntryPoint\",\"urlTemplate\":\"https:\/\/moto-screenies.de\/es\/?s={search_term_string}\"},\"query-input\":{\"@type\":\"PropertyValueSpecification\",\"valueRequired\":true,\"valueName\":\"search_term_string\"}}],\"inLanguage\":\"es\"},{\"@type\":\"Organization\",\"@id\":\"https:\/\/moto-screenies.de\/es\/#organization\",\"name\":\"Moto Screenies\",\"url\":\"https:\/\/moto-screenies.de\/es\/\",\"logo\":{\"@type\":\"ImageObject\",\"inLanguage\":\"es\",\"@id\":\"https:\/\/moto-screenies.de\/es\/#\/schema\/logo\/image\/\",\"url\":\"\",\"contentUrl\":\"\",\"caption\":\"Moto Screenies\"},\"image\":{\"@id\":\"https:\/\/moto-screenies.de\/es\/#\/schema\/logo\/image\/\"}}]}<\/script>\n<!-- \/ Yoast SEO plugin. -->","yoast_head_json":{"title":"Cancelaci\u00f3n - Moto Screenies","robots":{"index":"noindex","follow":"follow"},"og_locale":"es_ES","og_type":"article","og_title":"Cancelaci\u00f3n - Moto Screenies","og_description":"Cancelaci\u00f3n Un consumidor es cualquier persona f\u00edsica que celebra una transacci\u00f3n legal con fines que no pueden atribuirse principalmente ni a su actividad comercial ni a su actividad profesional aut\u00f3noma. Retirada Tienes derecho a retirarte de este contrato en un plazo de catorce d\u00edas sin dar motivos. El periodo de retirada es de catorce d\u00edas [&hellip;]","og_url":"https:\/\/moto-screenies.de\/es\/cancelacion\/","og_site_name":"Moto Screenies","article_modified_time":"2025-11-25T07:29:34+00:00","twitter_card":"summary_large_image","twitter_misc":{"Tiempo de lectura":"3 minutos"},"schema":{"@context":"https:\/\/schema.org","@graph":[{"@type":"WebPage","@id":"https:\/\/moto-screenies.de\/es\/cancelacion\/","url":"https:\/\/moto-screenies.de\/es\/cancelacion\/","name":"Cancelaci\u00f3n - Moto Screenies","isPartOf":{"@id":"https:\/\/moto-screenies.de\/es\/#website"},"datePublished":"2023-11-19T13:16:58+00:00","dateModified":"2025-11-25T07:29:34+00:00","breadcrumb":{"@id":"https:\/\/moto-screenies.de\/es\/cancelacion\/#breadcrumb"},"inLanguage":"es","potentialAction":[{"@type":"ReadAction","target":["https:\/\/moto-screenies.de\/es\/cancelacion\/"]}]},{"@type":"BreadcrumbList","@id":"https:\/\/moto-screenies.de\/es\/cancelacion\/#breadcrumb","itemListElement":[{"@type":"ListItem","position":1,"name":"Startseite","item":"https:\/\/moto-screenies.de\/es\/"},{"@type":"ListItem","position":2,"name":"Cancelaci\u00f3n"}]},{"@type":"WebSite","@id":"https:\/\/moto-screenies.de\/es\/#website","url":"https:\/\/moto-screenies.de\/es\/","name":"Moto Screenies","description":"Die Displayschutzfolie f\u00fcr dein Motorrad","publisher":{"@id":"https:\/\/moto-screenies.de\/es\/#organization"},"alternateName":"MS","potentialAction":[{"@type":"SearchAction","target":{"@type":"EntryPoint","urlTemplate":"https:\/\/moto-screenies.de\/es\/?s={search_term_string}"},"query-input":{"@type":"PropertyValueSpecification","valueRequired":true,"valueName":"search_term_string"}}],"inLanguage":"es"},{"@type":"Organization","@id":"https:\/\/moto-screenies.de\/es\/#organization","name":"Moto Screenies","url":"https:\/\/moto-screenies.de\/es\/","logo":{"@type":"ImageObject","inLanguage":"es","@id":"https:\/\/moto-screenies.de\/es\/#\/schema\/logo\/image\/","url":"","contentUrl":"","caption":"Moto Screenies"},"image":{"@id":"https:\/\/moto-screenies.de\/es\/#\/schema\/logo\/image\/"}}]}},"_links":{"self":[{"href":"https:\/\/moto-screenies.de\/es\/wp-json\/wp\/v2\/pages\/264301","targetHints":{"allow":["GET"]}}],"collection":[{"href":"https:\/\/moto-screenies.de\/es\/wp-json\/wp\/v2\/pages"}],"about":[{"href":"https:\/\/moto-screenies.de\/es\/wp-json\/wp\/v2\/types\/page"}],"author":[{"embeddable":true,"href":"https:\/\/moto-screenies.de\/es\/wp-json\/wp\/v2\/users\/1"}],"replies":[{"embeddable":true,"href":"https:\/\/moto-screenies.de\/es\/wp-json\/wp\/v2\/comments?post=264301"}],"version-history":[{"count":0,"href":"https:\/\/moto-screenies.de\/es\/wp-json\/wp\/v2\/pages\/264301\/revisions"}],"wp:attachment":[{"href":"https:\/\/moto-screenies.de\/es\/wp-json\/wp\/v2\/media?parent=264301"}],"curies":[{"name":"wp","href":"https:\/\/api.w.org\/{rel}","templated":true}]}}