{"id":264322,"date":"2023-11-19T14:28:42","date_gmt":"2023-11-19T13:28:42","guid":{"rendered":"https:\/\/moto-screenies.de\/blog\/"},"modified":"2025-11-25T08:29:38","modified_gmt":"2025-11-25T07:29:38","slug":"blog","status":"publish","type":"page","link":"https:\/\/moto-screenies.de\/es\/blog\/","title":{"rendered":"Blog"},"content":{"rendered":"<p>[et_pb_section fb_built=\u00bb1&#8243; admin_label=\u00bbHeader &#038; Blog\u00bb _builder_version=\u00bb4.20.0&#8243; _module_preset=\u00bbdefault\u00bb collapsed=\u00bbon\u00bb global_colors_info=\u00bb{}\u00bb][et_pb_row _builder_version=\u00bb4.20.0&#8243; _module_preset=\u00bbdefault\u00bb global_colors_info=\u00bb{}\u00bb][et_pb_column type=\u00bb4_4&#8243; _builder_version=\u00bb4.20.0&#8243; _module_preset=\u00bbdefault\u00bb global_colors_info=\u00bb{}\u00bb][et_pb_text _builder_version=\u00bb4.25.1&#8243; _module_preset=\u00bb9e70f520-8f56-4e73-bd41-66f0ca4f5e8b\u00bb text_orientation=\u00bbcenter\u00bb hover_enabled=\u00bb0&#8243; global_colors_info=\u00bb{}\u00bb sticky_enabled=\u00bb0&#8243;]<\/p>\n<h1>Moto Screenies Blog<\/h1>\n<p>[\/et_pb_text][et_pb_post_slider posts_number=\u00bb3&#8243; _builder_version=\u00bb4.23.1&#8243; _module_preset=\u00bb599cfb19-4424-498b-a253-d64d722ee4db\u00bb locked=\u00bboff\u00bb global_colors_info=\u00bb{%22gcid-1b4a3854-7b44-49f6-922e-e1ac36476373%22:%91%22bg_overlay_color%22%93}\u00bb][\/et_pb_post_slider][\/et_pb_column][\/et_pb_row][et_pb_row _builder_version=\u00bb4.20.0&#8243; _module_preset=\u00bbdefault\u00bb global_colors_info=\u00bb{}\u00bb][et_pb_column type=\u00bb4_4&#8243; _builder_version=\u00bb4.20.0&#8243; _module_preset=\u00bbdefault\u00bb global_colors_info=\u00bb{}\u00bb][et_pb_blog posts_number=\u00bb6&#8243; show_date=\u00bboff\u00bb show_categories=\u00bboff\u00bb _builder_version=\u00bb4.24.0&#8243; _module_preset=\u00bb5ab43110-26f2-4e4b-a1d1-e58290176cb3&#8243; background_size=\u00bbcontain\u00bb border_radii_image=\u00bboff|0px|20px||\u00bb locked=\u00bboff\u00bb global_colors_info=\u00bb{%22gcid-86031d5b-0170-405c-b57e-166734aa8a67%22:%91%22read_more_text_color%22%93}\u00bb][\/et_pb_blog][\/et_pb_column][\/et_pb_row][\/et_pb_section]<\/p>\n","protected":false},"excerpt":{"rendered":"<p>Moto Screenies Blog<\/p>\n","protected":false},"author":1,"featured_media":0,"parent":0,"menu_order":0,"comment_status":"closed","ping_status":"closed","template":"","meta":{"_et_pb_use_builder":"on","_et_pb_old_content":"","_et_gb_content_width":"","_uf_show_specific_survey":0,"_uf_disable_surveys":false,"footnotes":""},"class_list":["post-264322","page","type-page","status-publish","hentry"],"yoast_head":"<!-- This site is optimized with the Yoast SEO plugin v27.2 - https:\/\/yoast.com\/product\/yoast-seo-wordpress\/ -->\n<title>Blog de Pantallas para Tractores \u2013 Consejos de expertos y noticias sobre protectores de pantalla para tractores<\/title>\n<meta name=\"description\" content=\"Sum\u00e9rgete en el mundo de los accesorios para tractores con el blog Tractor Screenies. Descubre todas las \u00faltimas tendencias, consejos de cuidado y soluciones innovadoras para proteger la exhibici\u00f3n de tu tractor. Nuestros expertos comparten sus conocimientos y experiencia para ayudarte a sacar el m\u00e1ximo partido a tu tractor. \u00a1Lee nuestras \u00faltimas publicaciones ahora!\" \/>\n<meta name=\"robots\" content=\"index, follow, max-snippet:-1, max-image-preview:large, max-video-preview:-1\" \/>\n<link rel=\"canonical\" href=\"https:\/\/moto-screenies.de\/es\/blog\/\" \/>\n<meta property=\"og:locale\" content=\"es_ES\" \/>\n<meta property=\"og:type\" content=\"article\" \/>\n<meta property=\"og:title\" content=\"Blog de Pantallas para Tractores \u2013 Consejos de expertos y noticias sobre protectores de pantalla para tractores\" \/>\n<meta property=\"og:description\" content=\"Sum\u00e9rgete en el mundo de los accesorios para tractores con el blog Tractor Screenies. Descubre todas las \u00faltimas tendencias, consejos de cuidado y soluciones innovadoras para proteger la exhibici\u00f3n de tu tractor. Nuestros expertos comparten sus conocimientos y experiencia para ayudarte a sacar el m\u00e1ximo partido a tu tractor. \u00a1Lee nuestras \u00faltimas publicaciones ahora!\" \/>\n<meta property=\"og:url\" content=\"https:\/\/moto-screenies.de\/es\/blog\/\" \/>\n<meta property=\"og:site_name\" content=\"Moto Screenies\" \/>\n<meta property=\"article:modified_time\" content=\"2025-11-25T07:29:38+00:00\" \/>\n<meta name=\"twitter:card\" content=\"summary_large_image\" \/>\n<meta name=\"twitter:label1\" content=\"Tiempo de lectura\" \/>\n\t<meta name=\"twitter:data1\" content=\"1 minuto\" \/>\n<script type=\"application\/ld+json\" class=\"yoast-schema-graph\">{\"@context\":\"https:\/\/schema.org\",\"@graph\":[{\"@type\":\"WebPage\",\"@id\":\"https:\/\/moto-screenies.de\/es\/blog\/\",\"url\":\"https:\/\/moto-screenies.de\/es\/blog\/\",\"name\":\"Blog de Pantallas para Tractores \u2013 Consejos de expertos y noticias sobre protectores de pantalla para tractores\",\"isPartOf\":{\"@id\":\"https:\/\/moto-screenies.de\/es\/#website\"},\"datePublished\":\"2023-11-19T13:28:42+00:00\",\"dateModified\":\"2025-11-25T07:29:38+00:00\",\"description\":\"Sum\u00e9rgete en el mundo de los accesorios para tractores con el blog Tractor Screenies. Descubre todas las \u00faltimas tendencias, consejos de cuidado y soluciones innovadoras para proteger la exhibici\u00f3n de tu tractor. Nuestros expertos comparten sus conocimientos y experiencia para ayudarte a sacar el m\u00e1ximo partido a tu tractor. \u00a1Lee nuestras \u00faltimas publicaciones ahora!\",\"breadcrumb\":{\"@id\":\"https:\/\/moto-screenies.de\/es\/blog\/#breadcrumb\"},\"inLanguage\":\"es\",\"potentialAction\":[{\"@type\":\"ReadAction\",\"target\":[\"https:\/\/moto-screenies.de\/es\/blog\/\"]}]},{\"@type\":\"BreadcrumbList\",\"@id\":\"https:\/\/moto-screenies.de\/es\/blog\/#breadcrumb\",\"itemListElement\":[{\"@type\":\"ListItem\",\"position\":1,\"name\":\"Startseite\",\"item\":\"https:\/\/moto-screenies.de\/es\/\"},{\"@type\":\"ListItem\",\"position\":2,\"name\":\"Blog\"}]},{\"@type\":\"WebSite\",\"@id\":\"https:\/\/moto-screenies.de\/es\/#website\",\"url\":\"https:\/\/moto-screenies.de\/es\/\",\"name\":\"Moto Screenies\",\"description\":\"Die Displayschutzfolie f\u00fcr dein Motorrad\",\"publisher\":{\"@id\":\"https:\/\/moto-screenies.de\/es\/#organization\"},\"alternateName\":\"MS\",\"potentialAction\":[{\"@type\":\"SearchAction\",\"target\":{\"@type\":\"EntryPoint\",\"urlTemplate\":\"https:\/\/moto-screenies.de\/es\/?s={search_term_string}\"},\"query-input\":{\"@type\":\"PropertyValueSpecification\",\"valueRequired\":true,\"valueName\":\"search_term_string\"}}],\"inLanguage\":\"es\"},{\"@type\":\"Organization\",\"@id\":\"https:\/\/moto-screenies.de\/es\/#organization\",\"name\":\"Moto Screenies\",\"url\":\"https:\/\/moto-screenies.de\/es\/\",\"logo\":{\"@type\":\"ImageObject\",\"inLanguage\":\"es\",\"@id\":\"https:\/\/moto-screenies.de\/es\/#\/schema\/logo\/image\/\",\"url\":\"\",\"contentUrl\":\"\",\"caption\":\"Moto Screenies\"},\"image\":{\"@id\":\"https:\/\/moto-screenies.de\/es\/#\/schema\/logo\/image\/\"}}]}<\/script>\n<!-- \/ Yoast SEO plugin. -->","yoast_head_json":{"title":"Blog de Pantallas para Tractores \u2013 Consejos de expertos y noticias sobre protectores de pantalla para tractores","description":"Sum\u00e9rgete en el mundo de los accesorios para tractores con el blog Tractor Screenies. Descubre todas las \u00faltimas tendencias, consejos de cuidado y soluciones innovadoras para proteger la exhibici\u00f3n de tu tractor. Nuestros expertos comparten sus conocimientos y experiencia para ayudarte a sacar el m\u00e1ximo partido a tu tractor. \u00a1Lee nuestras \u00faltimas publicaciones ahora!","robots":{"index":"index","follow":"follow","max-snippet":"max-snippet:-1","max-image-preview":"max-image-preview:large","max-video-preview":"max-video-preview:-1"},"canonical":"https:\/\/moto-screenies.de\/es\/blog\/","og_locale":"es_ES","og_type":"article","og_title":"Blog de Pantallas para Tractores \u2013 Consejos de expertos y noticias sobre protectores de pantalla para tractores","og_description":"Sum\u00e9rgete en el mundo de los accesorios para tractores con el blog Tractor Screenies. Descubre todas las \u00faltimas tendencias, consejos de cuidado y soluciones innovadoras para proteger la exhibici\u00f3n de tu tractor. Nuestros expertos comparten sus conocimientos y experiencia para ayudarte a sacar el m\u00e1ximo partido a tu tractor. \u00a1Lee nuestras \u00faltimas publicaciones ahora!","og_url":"https:\/\/moto-screenies.de\/es\/blog\/","og_site_name":"Moto Screenies","article_modified_time":"2025-11-25T07:29:38+00:00","twitter_card":"summary_large_image","twitter_misc":{"Tiempo de lectura":"1 minuto"},"schema":{"@context":"https:\/\/schema.org","@graph":[{"@type":"WebPage","@id":"https:\/\/moto-screenies.de\/es\/blog\/","url":"https:\/\/moto-screenies.de\/es\/blog\/","name":"Blog de Pantallas para Tractores \u2013 Consejos de expertos y noticias sobre protectores de pantalla para tractores","isPartOf":{"@id":"https:\/\/moto-screenies.de\/es\/#website"},"datePublished":"2023-11-19T13:28:42+00:00","dateModified":"2025-11-25T07:29:38+00:00","description":"Sum\u00e9rgete en el mundo de los accesorios para tractores con el blog Tractor Screenies. Descubre todas las \u00faltimas tendencias, consejos de cuidado y soluciones innovadoras para proteger la exhibici\u00f3n de tu tractor. Nuestros expertos comparten sus conocimientos y experiencia para ayudarte a sacar el m\u00e1ximo partido a tu tractor. \u00a1Lee nuestras \u00faltimas publicaciones ahora!","breadcrumb":{"@id":"https:\/\/moto-screenies.de\/es\/blog\/#breadcrumb"},"inLanguage":"es","potentialAction":[{"@type":"ReadAction","target":["https:\/\/moto-screenies.de\/es\/blog\/"]}]},{"@type":"BreadcrumbList","@id":"https:\/\/moto-screenies.de\/es\/blog\/#breadcrumb","itemListElement":[{"@type":"ListItem","position":1,"name":"Startseite","item":"https:\/\/moto-screenies.de\/es\/"},{"@type":"ListItem","position":2,"name":"Blog"}]},{"@type":"WebSite","@id":"https:\/\/moto-screenies.de\/es\/#website","url":"https:\/\/moto-screenies.de\/es\/","name":"Moto Screenies","description":"Die Displayschutzfolie f\u00fcr dein Motorrad","publisher":{"@id":"https:\/\/moto-screenies.de\/es\/#organization"},"alternateName":"MS","potentialAction":[{"@type":"SearchAction","target":{"@type":"EntryPoint","urlTemplate":"https:\/\/moto-screenies.de\/es\/?s={search_term_string}"},"query-input":{"@type":"PropertyValueSpecification","valueRequired":true,"valueName":"search_term_string"}}],"inLanguage":"es"},{"@type":"Organization","@id":"https:\/\/moto-screenies.de\/es\/#organization","name":"Moto Screenies","url":"https:\/\/moto-screenies.de\/es\/","logo":{"@type":"ImageObject","inLanguage":"es","@id":"https:\/\/moto-screenies.de\/es\/#\/schema\/logo\/image\/","url":"","contentUrl":"","caption":"Moto Screenies"},"image":{"@id":"https:\/\/moto-screenies.de\/es\/#\/schema\/logo\/image\/"}}]}},"_links":{"self":[{"href":"https:\/\/moto-screenies.de\/es\/wp-json\/wp\/v2\/pages\/264322","targetHints":{"allow":["GET"]}}],"collection":[{"href":"https:\/\/moto-screenies.de\/es\/wp-json\/wp\/v2\/pages"}],"about":[{"href":"https:\/\/moto-screenies.de\/es\/wp-json\/wp\/v2\/types\/page"}],"author":[{"embeddable":true,"href":"https:\/\/moto-screenies.de\/es\/wp-json\/wp\/v2\/users\/1"}],"replies":[{"embeddable":true,"href":"https:\/\/moto-screenies.de\/es\/wp-json\/wp\/v2\/comments?post=264322"}],"version-history":[{"count":0,"href":"https:\/\/moto-screenies.de\/es\/wp-json\/wp\/v2\/pages\/264322\/revisions"}],"wp:attachment":[{"href":"https:\/\/moto-screenies.de\/es\/wp-json\/wp\/v2\/media?parent=264322"}],"curies":[{"name":"wp","href":"https:\/\/api.w.org\/{rel}","templated":true}]}}