{"id":264337,"date":"2024-05-23T11:22:54","date_gmt":"2024-05-23T09:22:54","guid":{"rendered":"https:\/\/moto-screenies.de\/tutorial\/"},"modified":"2025-11-25T08:29:46","modified_gmt":"2025-11-25T07:29:46","slug":"tutorial","status":"publish","type":"page","link":"https:\/\/moto-screenies.de\/es\/tutorial\/","title":{"rendered":"Tutorial"},"content":{"rendered":"<p>[et_pb_section fb_built=\u00bb1&#8243; admin_label=\u00bbHero Section\u00bb _builder_version=\u00bb4.23&#8243; background_color=\u00bb#101535&#8243; use_background_color_gradient=\u00bbon\u00bb background_color_gradient_stops=\u00bb#3d3fc7 0%|rgba(61,63,199,0) 100%\u00bb background_color_gradient_start=\u00bb#3d3fc7&#8243; background_color_gradient_end=\u00bbrgba(61,63,199,0)\u00bb background_image=\u00bbhttps:\/\/moto-screenies.de\/wp-content\/uploads\/2024\/05\/crypto_illustration_11.png\u00bb parallax=\u00bbon\u00bb custom_padding=\u00bb5vw||5vw||true|false\u00bb top_divider_style=\u00bbmountains2&#8243; top_divider_color=\u00bbrgba(255,255,255,0.07)\u00bb top_divider_height=\u00bb70%\u00bb top_divider_repeat=\u00bb0.5x\u00bb top_divider_flip=\u00bbhorizontal|vertical\u00bb top_divider_height_tablet=\u00bb300px\u00bb top_divider_height_phone=\u00bb270px\u00bb top_divider_height_last_edited=\u00bbon|phone\u00bb global_colors_info=\u00bb{}\u00bb][et_pb_row _builder_version=\u00bb4.23&#8243; background_size=\u00bbinitial\u00bb background_position=\u00bbtop_left\u00bb background_repeat=\u00bbrepeat\u00bb global_colors_info=\u00bb{}\u00bb][et_pb_column type=\u00bb4_4&#8243; _builder_version=\u00bb4.23&#8243; custom_padding=\u00bb|||\u00bb global_colors_info=\u00bb{}\u00bb custom_padding__hover=\u00bb|||\u00bb][et_pb_text _builder_version=\u00bb4.25.1&#8243; _module_preset=\u00bbdefault\u00bb text_font=\u00bbConcert One|||on|||||\u00bb text_text_color=\u00bb#FFFFFF\u00bb text_font_size=\u00bb43px\u00bb text_line_height=\u00bb1em\u00bb header_text_color=\u00bb#E02B20&#8243; text_orientation=\u00bbcenter\u00bb background_layout=\u00bbdark\u00bb custom_margin=\u00bb0px|||0px|false|false\u00bb text_text_color_tablet=\u00bb\u00bb text_text_color_phone=\u00bb\u00bb text_text_color_last_edited=\u00bbon|phone\u00bb header_font_size_tablet=\u00bb\u00bb header_font_size_phone=\u00bb45px\u00bb header_font_size_last_edited=\u00bbon|phone\u00bb text_text_shadow_style=\u00bbpreset1&#8243; text_text_shadow_color=\u00bb#8300E9&#8243; global_colors_info=\u00bb{}\u00bb]<\/p>\n<p style=\"text-align: center\">Gu\u00eda de instalaci\u00f3n<\/p>\n<p>[\/et_pb_text][\/et_pb_column][\/et_pb_row][et_pb_row _builder_version=\u00bb4.16&#8243; _module_preset=\u00bbdefault\u00bb global_colors_info=\u00bb{}\u00bb][et_pb_column type=\u00bb4_4&#8243; _builder_version=\u00bb4.16&#8243; _module_preset=\u00bbdefault\u00bb global_colors_info=\u00bb{}\u00bb][et_pb_button button_url=\u00bbhttps:\/\/forms.fillout.com\/t\/tKF3xsiWaFus\u00bb button_text=\u00bbInstalaci\u00f3n alemana\u00bb button_alignment=\u00bbcenter\u00bb _builder_version=\u00bb4.27.4&#8243; _module_preset=\u00bbdefault\u00bb custom_button=\u00bbon\u00bb button_text_size=\u00bb20px\u00bb button_text_color=\u00bb#FFFFFF\u00bb button_bg_use_color_gradient=\u00bbon\u00bb button_bg_color_gradient_direction=\u00bb177deg\u00bb button_bg_color_gradient_stops=\u00bb#72a9d8 0%|#8300e9 100%\u00bb button_bg_color_gradient_start=\u00bb#72a9d8&#8243; button_bg_color_gradient_end=\u00bb#8300e9&#8243; button_border_width=\u00bb0px\u00bb button_border_radius=\u00bb23px\u00bb button_letter_spacing=\u00bb0px\u00bb button_font=\u00bbConcert One|||on|||||\u00bb button_icon=\u00bb&#x3b;||divi||400&#8243; transform_scale_tablet=\u00bb\u00bb transform_scale_phone=\u00bb\u00bb transform_scale_last_edited=\u00bbon|phone\u00bb transform_translate_tablet=\u00bb\u00bb transform_translate_phone=\u00bb\u00bb transform_translate_last_edited=\u00bbon|phone\u00bb transform_rotate_tablet=\u00bb\u00bb transform_rotate_phone=\u00bb\u00bb transform_rotate_last_edited=\u00bbon|phone\u00bb transform_skew_tablet=\u00bb\u00bb transform_skew_phone=\u00bb\u00bb transform_skew_last_edited=\u00bbon|phone\u00bb transform_origin_tablet=\u00bb\u00bb transform_origin_phone=\u00bb\u00bb transform_origin_last_edited=\u00bbon|phone\u00bb transform_styles_last_edited=\u00bbon|phone\u00bb background_layout=\u00bbdark\u00bb custom_margin=\u00bb30px||25px||false|false\u00bb scroll_blur_enable=\u00bboff\u00bb hover_enabled=\u00bb0&#8243; button_text_size_tablet=\u00bb20px\u00bb button_text_size_phone=\u00bb23px\u00bb button_text_size_last_edited=\u00bbon|phone\u00bb transform_styles_tablet=\u00bb\u00bb transform_styles_phone=\u00bb\u00bb button_text_shadow_style=\u00bbpreset1&#8243; button_text_shadow_blur_strength=\u00bb0.41em\u00bb button_text_shadow_color=\u00bb#8300E9&#8243; global_colors_info=\u00bb{}\u00bb sticky_enabled=\u00bb0&#8243;][\/et_pb_button][et_pb_button button_url=\u00bbhttps:\/\/forms.fillout.com\/t\/fjF73UAM42us\u00bb button_text=\u00bbIngl\u00e9s de instalaci\u00f3n\u00bb button_alignment=\u00bbcenter\u00bb _builder_version=\u00bb4.27.4&#8243; _module_preset=\u00bbdefault\u00bb custom_button=\u00bbon\u00bb button_text_size=\u00bb20px\u00bb button_text_color=\u00bb#FFFFFF\u00bb button_bg_use_color_gradient=\u00bbon\u00bb button_bg_color_gradient_direction=\u00bb177deg\u00bb button_bg_color_gradient_stops=\u00bb#72a9d8 0%|#8300e9 100%\u00bb button_bg_color_gradient_start=\u00bb#72a9d8&#8243; button_bg_color_gradient_end=\u00bb#8300e9&#8243; button_border_width=\u00bb0px\u00bb button_border_radius=\u00bb23px\u00bb button_letter_spacing=\u00bb0px\u00bb button_font=\u00bbConcert One|||on|||||\u00bb button_icon=\u00bb&#x3b;||divi||400&#8243; transform_scale_tablet=\u00bb\u00bb transform_scale_phone=\u00bb\u00bb transform_scale_last_edited=\u00bbon|phone\u00bb transform_translate_tablet=\u00bb\u00bb transform_translate_phone=\u00bb\u00bb transform_translate_last_edited=\u00bbon|phone\u00bb transform_rotate_tablet=\u00bb\u00bb transform_rotate_phone=\u00bb\u00bb transform_rotate_last_edited=\u00bbon|phone\u00bb transform_skew_tablet=\u00bb\u00bb transform_skew_phone=\u00bb\u00bb transform_skew_last_edited=\u00bbon|phone\u00bb transform_origin_tablet=\u00bb\u00bb transform_origin_phone=\u00bb\u00bb transform_origin_last_edited=\u00bbon|phone\u00bb background_layout=\u00bbdark\u00bb custom_margin=\u00bb100px||25px||false|false\u00bb scroll_blur_enable=\u00bboff\u00bb hover_enabled=\u00bb0&#8243; button_text_size_tablet=\u00bb20px\u00bb button_text_size_phone=\u00bb23px\u00bb button_text_size_last_edited=\u00bbon|phone\u00bb button_text_shadow_style=\u00bbpreset1&#8243; button_text_shadow_blur_strength=\u00bb0.41em\u00bb button_text_shadow_color=\u00bb#8300E9&#8243; global_colors_info=\u00bb{}\u00bb sticky_enabled=\u00bb0&#8243;][\/et_pb_button][et_pb_button button_url=\u00bbhttps:\/\/web.whatsapp.com\/send?phone=+4917661675431&amp;text=Hey%20Moto%20Screenies\u00bb button_text=\u00bbDirectamente al servicio de atenci\u00f3n al cliente\u00bb button_alignment=\u00bbcenter\u00bb _builder_version=\u00bb4.27.4&#8243; _module_preset=\u00bbdefault\u00bb custom_button=\u00bbon\u00bb button_text_size=\u00bb20px\u00bb button_text_color=\u00bb#FFFFFF\u00bb button_bg_use_color_gradient=\u00bbon\u00bb button_bg_color_gradient_direction=\u00bb177deg\u00bb button_bg_color_gradient_stops=\u00bb#72a9d8 0%|#8300e9 100%\u00bb button_bg_color_gradient_start=\u00bb#72a9d8&#8243; button_bg_color_gradient_end=\u00bb#8300e9&#8243; button_border_width=\u00bb0px\u00bb button_border_radius=\u00bb23px\u00bb button_letter_spacing=\u00bb0px\u00bb button_font=\u00bbConcert One|||on|||||\u00bb button_icon=\u00bb&#x3b;||divi||400&#8243; transform_scale_tablet=\u00bb\u00bb transform_scale_phone=\u00bb\u00bb transform_scale_last_edited=\u00bbon|phone\u00bb transform_translate_tablet=\u00bb\u00bb transform_translate_phone=\u00bb\u00bb transform_translate_last_edited=\u00bbon|phone\u00bb transform_rotate_tablet=\u00bb\u00bb transform_rotate_phone=\u00bb\u00bb transform_rotate_last_edited=\u00bbon|phone\u00bb transform_skew_tablet=\u00bb\u00bb transform_skew_phone=\u00bb\u00bb transform_skew_last_edited=\u00bbon|phone\u00bb transform_origin_tablet=\u00bb\u00bb transform_origin_phone=\u00bb\u00bb transform_origin_last_edited=\u00bbon|phone\u00bb background_layout=\u00bbdark\u00bb custom_margin=\u00bb100px||25px||false|false\u00bb scroll_blur_enable=\u00bboff\u00bb hover_enabled=\u00bb0&#8243; button_text_size_tablet=\u00bb20px\u00bb button_text_size_phone=\u00bb23px\u00bb button_text_size_last_edited=\u00bbon|phone\u00bb button_text_shadow_style=\u00bbpreset1&#8243; button_text_shadow_blur_strength=\u00bb0.41em\u00bb button_text_shadow_color=\u00bb#8300E9&#8243; global_colors_info=\u00bb{}\u00bb sticky_enabled=\u00bb0&#8243;][\/et_pb_button][\/et_pb_column][\/et_pb_row][\/et_pb_section][et_pb_section fb_built=\u00bb1&#8243; _builder_version=\u00bb4.25.1&#8243; _module_preset=\u00bbdefault\u00bb global_colors_info=\u00bb{}\u00bb][et_pb_row admin_label=\u00bbFila\u00bb _builder_version=\u00bb4.25.1&#8243; _module_preset=\u00bbdefault\u00bb global_colors_info=\u00bb{}\u00bb][et_pb_column type=\u00bb4_4&#8243; _builder_version=\u00bb4.25.1&#8243; _module_preset=\u00bbdefault\u00bb global_colors_info=\u00bb{}\u00bb][et_pb_text _builder_version=\u00bb4.25.1&#8243; _module_preset=\u00bbdefault\u00bb header_2_font=\u00bbPoppins|||on|||||\u00bb header_2_text_color=\u00bb#666666&#8243; header_2_text_shadow_style=\u00bbpreset3&#8243; header_2_text_shadow_horizontal_length=\u00bb0.27em\u00bb header_2_text_shadow_blur_strength=\u00bb1.15em\u00bb header_2_text_shadow_color=\u00bb#0C71C3&#8243; global_colors_info=\u00bb{}\u00bb]<\/p>\n<h2 style=\"text-align: center\">Compra m\u00e1s pel\u00edculas con un 10% de descuento en nuestras tiendas<\/p>\n<\/h2>\n<p>&nbsp;<\/p>\n<h2 style=\"text-align: center\">C\u00f3digo \u00abTY10\u00bb<\/h2>\n<h2 style=\"text-align: center\"> <\/h2>\n<h2 style=\"text-align: center\"><\/h2>\n<p>[\/et_pb_text][\/et_pb_column][\/et_pb_row][et_pb_row column_structure=\u00bb1_3,1_3,1_3&#8243; custom_padding_last_edited=\u00bbon|desktop\u00bb _builder_version=\u00bb4.25.1&#8243; _module_preset=\u00bbdefault\u00bb use_background_color_gradient=\u00bbon\u00bb background_color_gradient_stops=\u00bbgcid-05959b20-5052-4306-928c-1caa44cf406e 0%|#ffffff 65%\u00bb z_index=\u00bb9&#8243; width=\u00bb90%\u00bb custom_margin=\u00bb||||false|false\u00bb custom_padding=\u00bb60px|60px|60px|60px|true|true\u00bb custom_padding_tablet=\u00bb30px|30px|30px|30px|true|true\u00bb custom_padding_phone=\u00bb1px|20px|1px|20px|true|true\u00bb border_radii=\u00bbon|10px|10px|10px|10px\u00bb saved_tabs=\u00bball\u00bb locked=\u00bboff\u00bb global_colors_info=\u00bb{%22gcid-b25270ff-80a4-43b3-b4f7-60812cb04374%22:%91%22arrows_custom_color%22,%22dot_nav_custom_color%22%93,%22gcid-815ebb39-646b-4c9a-a3e8-ce9c4b7f9e47%22:%91%22form_field_text_color%22,%22border_color_all%22,%22border_color_all_fields%22,%22header_text_color%22,%22body_text_color%22,%22meta_text_color%22%93,%22gcid-05959b20-5052-4306-928c-1caa44cf406e%22:%91%22background_color_gradient_stops%22%93}\u00bb][et_pb_column type=\u00bb1_3&#8243; _builder_version=\u00bb4.21.0&#8243; _module_preset=\u00bbdefault\u00bb global_colors_info=\u00bb{}\u00bb][et_pb_image src=\u00bbhttps:\/\/moto-screenies.de\/wp-content\/uploads\/2024\/05\/Moto-Screenies-Logo.png\u00bb alt=\u00bbTutorial\u00bb title_text=\u00bbTutorial\u00bb _builder_version=\u00bb4.25.2&#8243; _module_preset=\u00bbdefault\u00bb animation_style=\u00bbbounce\u00bb global_colors_info=\u00bb{}\u00bb][\/et_pb_image][et_pb_button button_url=\u00bbhttps:\/\/moto-screenies.de\/es\/\u00bb button_text=\u00bbPantallas de Moto\u00bb button_alignment=\u00bbcenter\u00bb _builder_version=\u00bb4.25.2&#8243; _module_preset=\u00bbdefault\u00bb custom_button=\u00bbon\u00bb button_text_size=\u00bb17px\u00bb button_text_color=\u00bb#000000&#8243; button_border_color=\u00bb#0C71C3&#8243; button_border_radius=\u00bb19px\u00bb button_icon=\u00bb&#xf21c;||fa||900&#8243; custom_margin=\u00bb-50px||||false|false\u00bb box_shadow_style=\u00bbpreset4&#8243; global_colors_info=\u00bb{}\u00bb][\/et_pb_button][\/et_pb_column][et_pb_column type=\u00bb1_3&#8243; _builder_version=\u00bb4.21.0&#8243; _module_preset=\u00bbdefault\u00bb global_colors_info=\u00bb{}\u00bb][et_pb_image src=\u00bbhttps:\/\/moto-screenies.de\/wp-content\/uploads\/2024\/07\/Logo-mit-Sticker-2.png\u00bb alt=\u00bbTutorial\u00bb title_text=\u00bbTutorial\u00bb _builder_version=\u00bb4.25.2&#8243; _module_preset=\u00bbdefault\u00bb transform_scale=\u00bb125%|125%\u00bb width=\u00bb100%\u00bb animation_style=\u00bbbounce\u00bb global_colors_info=\u00bb{}\u00bb][\/et_pb_image][et_pb_button button_url=\u00bbhttps:\/\/coffee-screenies.com\/\u00bb button_text=\u00bbPantallas de caf\u00e9\u00bb button_alignment=\u00bbcenter\u00bb _builder_version=\u00bb4.25.2&#8243; _module_preset=\u00bbdefault\u00bb custom_button=\u00bbon\u00bb button_text_size=\u00bb17px\u00bb button_text_color=\u00bb#000000&#8243; button_border_color=\u00bb#0C71C3&#8243; button_border_radius=\u00bb19px\u00bb button_icon=\u00bb&#xf7b6;||fa||900&#8243; custom_margin=\u00bb-50px||||false|false\u00bb box_shadow_style=\u00bbpreset4&#8243; global_colors_info=\u00bb{}\u00bb][\/et_pb_button][\/et_pb_column][et_pb_column type=\u00bb1_3&#8243; _builder_version=\u00bb4.21.0&#8243; _module_preset=\u00bbdefault\u00bb global_colors_info=\u00bb{}\u00bb][et_pb_image src=\u00bbhttps:\/\/moto-screenies.de\/wp-content\/uploads\/2024\/07\/Logo-mit-Sticker-1.png\u00bb alt=\u00bbTutorial\u00bb title_text=\u00bbTutorial\u00bb _builder_version=\u00bb4.25.2&#8243; _module_preset=\u00bbdefault\u00bb transform_scale=\u00bb120%|120%\u00bb animation_style=\u00bbbounce\u00bb global_colors_info=\u00bb{}\u00bb][\/et_pb_image][et_pb_button button_url=\u00bbhttps:\/\/tractor-screenies.de\/\u00bb button_text=\u00bbPantallas de tractor\u00bb button_alignment=\u00bbcenter\u00bb _builder_version=\u00bb4.25.2&#8243; _module_preset=\u00bbdefault\u00bb custom_button=\u00bbon\u00bb button_text_size=\u00bb17px\u00bb button_text_color=\u00bb#000000&#8243; button_border_color=\u00bb#0C71C3&#8243; button_border_radius=\u00bb19px\u00bb button_icon=\u00bb&#xf722;||fa||900&#8243; custom_margin=\u00bb-50px||||false|false\u00bb box_shadow_style=\u00bbpreset4&#8243; global_colors_info=\u00bb{}\u00bb][\/et_pb_button][\/et_pb_column][\/et_pb_row][\/et_pb_section]<\/p>\n","protected":false},"excerpt":{"rendered":"<p>Gu\u00eda de instalaci\u00f3nCompra m\u00e1s pel\u00edculas con un 10% de descuento en nuestras tiendas &nbsp; C\u00f3digo \u00abTY10\u00bb<\/p>\n","protected":false},"author":1,"featured_media":0,"parent":0,"menu_order":0,"comment_status":"closed","ping_status":"closed","template":"","meta":{"_et_pb_use_builder":"on","_et_pb_old_content":"","_et_gb_content_width":"","_uf_show_specific_survey":0,"_uf_disable_surveys":false,"footnotes":""},"class_list":["post-264337","page","type-page","status-publish","hentry"],"yoast_head":"<!-- This site is optimized with the Yoast SEO plugin v27.2 - https:\/\/yoast.com\/product\/yoast-seo-wordpress\/ -->\n<title>Instrucciones de instalaci\u00f3n para las pel\u00edculas protectoras<\/title>\n<meta name=\"description\" content=\"C\u00f3mo aplicar correctamente y f\u00e1cilmente la pel\u00edcula protectora a tu motocicleta - T\u00f3mate unos minutos y la pel\u00edcula se instalar\u00e1 perfectamente.\" \/>\n<meta name=\"robots\" content=\"index, follow, max-snippet:-1, max-image-preview:large, max-video-preview:-1\" \/>\n<link rel=\"canonical\" href=\"https:\/\/moto-screenies.de\/es\/tutorial\/\" \/>\n<meta property=\"og:locale\" content=\"es_ES\" \/>\n<meta property=\"og:type\" content=\"article\" \/>\n<meta property=\"og:title\" content=\"Instrucciones de instalaci\u00f3n para las pel\u00edculas protectoras\" \/>\n<meta property=\"og:description\" content=\"C\u00f3mo aplicar correctamente y f\u00e1cilmente la pel\u00edcula protectora a tu motocicleta - T\u00f3mate unos minutos y la pel\u00edcula se instalar\u00e1 perfectamente.\" \/>\n<meta property=\"og:url\" content=\"https:\/\/moto-screenies.de\/es\/tutorial\/\" \/>\n<meta property=\"og:site_name\" content=\"Moto Screenies\" \/>\n<meta property=\"article:modified_time\" content=\"2025-11-25T07:29:46+00:00\" \/>\n<meta name=\"twitter:card\" content=\"summary_large_image\" \/>\n<meta name=\"twitter:label1\" content=\"Tiempo de lectura\" \/>\n\t<meta name=\"twitter:data1\" content=\"7 minutos\" \/>\n<script type=\"application\/ld+json\" class=\"yoast-schema-graph\">{\"@context\":\"https:\/\/schema.org\",\"@graph\":[{\"@type\":\"WebPage\",\"@id\":\"https:\/\/moto-screenies.de\/es\/tutorial\/\",\"url\":\"https:\/\/moto-screenies.de\/es\/tutorial\/\",\"name\":\"Instrucciones de instalaci\u00f3n para las pel\u00edculas protectoras\",\"isPartOf\":{\"@id\":\"https:\/\/moto-screenies.de\/es\/#website\"},\"datePublished\":\"2024-05-23T09:22:54+00:00\",\"dateModified\":\"2025-11-25T07:29:46+00:00\",\"description\":\"C\u00f3mo aplicar correctamente y f\u00e1cilmente la pel\u00edcula protectora a tu motocicleta - T\u00f3mate unos minutos y la pel\u00edcula se instalar\u00e1 perfectamente.\",\"breadcrumb\":{\"@id\":\"https:\/\/moto-screenies.de\/es\/tutorial\/#breadcrumb\"},\"inLanguage\":\"es\",\"potentialAction\":[{\"@type\":\"ReadAction\",\"target\":[\"https:\/\/moto-screenies.de\/es\/tutorial\/\"]}]},{\"@type\":\"BreadcrumbList\",\"@id\":\"https:\/\/moto-screenies.de\/es\/tutorial\/#breadcrumb\",\"itemListElement\":[{\"@type\":\"ListItem\",\"position\":1,\"name\":\"Startseite\",\"item\":\"https:\/\/moto-screenies.de\/es\/\"},{\"@type\":\"ListItem\",\"position\":2,\"name\":\"Tutorial\"}]},{\"@type\":\"WebSite\",\"@id\":\"https:\/\/moto-screenies.de\/es\/#website\",\"url\":\"https:\/\/moto-screenies.de\/es\/\",\"name\":\"Moto Screenies\",\"description\":\"Die Displayschutzfolie f\u00fcr dein Motorrad\",\"publisher\":{\"@id\":\"https:\/\/moto-screenies.de\/es\/#organization\"},\"alternateName\":\"MS\",\"potentialAction\":[{\"@type\":\"SearchAction\",\"target\":{\"@type\":\"EntryPoint\",\"urlTemplate\":\"https:\/\/moto-screenies.de\/es\/?s={search_term_string}\"},\"query-input\":{\"@type\":\"PropertyValueSpecification\",\"valueRequired\":true,\"valueName\":\"search_term_string\"}}],\"inLanguage\":\"es\"},{\"@type\":\"Organization\",\"@id\":\"https:\/\/moto-screenies.de\/es\/#organization\",\"name\":\"Moto Screenies\",\"url\":\"https:\/\/moto-screenies.de\/es\/\",\"logo\":{\"@type\":\"ImageObject\",\"inLanguage\":\"es\",\"@id\":\"https:\/\/moto-screenies.de\/es\/#\/schema\/logo\/image\/\",\"url\":\"\",\"contentUrl\":\"\",\"caption\":\"Moto Screenies\"},\"image\":{\"@id\":\"https:\/\/moto-screenies.de\/es\/#\/schema\/logo\/image\/\"}}]}<\/script>\n<!-- \/ Yoast SEO plugin. -->","yoast_head_json":{"title":"Instrucciones de instalaci\u00f3n para las pel\u00edculas protectoras","description":"C\u00f3mo aplicar correctamente y f\u00e1cilmente la pel\u00edcula protectora a tu motocicleta - T\u00f3mate unos minutos y la pel\u00edcula se instalar\u00e1 perfectamente.","robots":{"index":"index","follow":"follow","max-snippet":"max-snippet:-1","max-image-preview":"max-image-preview:large","max-video-preview":"max-video-preview:-1"},"canonical":"https:\/\/moto-screenies.de\/es\/tutorial\/","og_locale":"es_ES","og_type":"article","og_title":"Instrucciones de instalaci\u00f3n para las pel\u00edculas protectoras","og_description":"C\u00f3mo aplicar correctamente y f\u00e1cilmente la pel\u00edcula protectora a tu motocicleta - T\u00f3mate unos minutos y la pel\u00edcula se instalar\u00e1 perfectamente.","og_url":"https:\/\/moto-screenies.de\/es\/tutorial\/","og_site_name":"Moto Screenies","article_modified_time":"2025-11-25T07:29:46+00:00","twitter_card":"summary_large_image","twitter_misc":{"Tiempo de lectura":"7 minutos"},"schema":{"@context":"https:\/\/schema.org","@graph":[{"@type":"WebPage","@id":"https:\/\/moto-screenies.de\/es\/tutorial\/","url":"https:\/\/moto-screenies.de\/es\/tutorial\/","name":"Instrucciones de instalaci\u00f3n para las pel\u00edculas protectoras","isPartOf":{"@id":"https:\/\/moto-screenies.de\/es\/#website"},"datePublished":"2024-05-23T09:22:54+00:00","dateModified":"2025-11-25T07:29:46+00:00","description":"C\u00f3mo aplicar correctamente y f\u00e1cilmente la pel\u00edcula protectora a tu motocicleta - T\u00f3mate unos minutos y la pel\u00edcula se instalar\u00e1 perfectamente.","breadcrumb":{"@id":"https:\/\/moto-screenies.de\/es\/tutorial\/#breadcrumb"},"inLanguage":"es","potentialAction":[{"@type":"ReadAction","target":["https:\/\/moto-screenies.de\/es\/tutorial\/"]}]},{"@type":"BreadcrumbList","@id":"https:\/\/moto-screenies.de\/es\/tutorial\/#breadcrumb","itemListElement":[{"@type":"ListItem","position":1,"name":"Startseite","item":"https:\/\/moto-screenies.de\/es\/"},{"@type":"ListItem","position":2,"name":"Tutorial"}]},{"@type":"WebSite","@id":"https:\/\/moto-screenies.de\/es\/#website","url":"https:\/\/moto-screenies.de\/es\/","name":"Moto Screenies","description":"Die Displayschutzfolie f\u00fcr dein Motorrad","publisher":{"@id":"https:\/\/moto-screenies.de\/es\/#organization"},"alternateName":"MS","potentialAction":[{"@type":"SearchAction","target":{"@type":"EntryPoint","urlTemplate":"https:\/\/moto-screenies.de\/es\/?s={search_term_string}"},"query-input":{"@type":"PropertyValueSpecification","valueRequired":true,"valueName":"search_term_string"}}],"inLanguage":"es"},{"@type":"Organization","@id":"https:\/\/moto-screenies.de\/es\/#organization","name":"Moto Screenies","url":"https:\/\/moto-screenies.de\/es\/","logo":{"@type":"ImageObject","inLanguage":"es","@id":"https:\/\/moto-screenies.de\/es\/#\/schema\/logo\/image\/","url":"","contentUrl":"","caption":"Moto Screenies"},"image":{"@id":"https:\/\/moto-screenies.de\/es\/#\/schema\/logo\/image\/"}}]}},"_links":{"self":[{"href":"https:\/\/moto-screenies.de\/es\/wp-json\/wp\/v2\/pages\/264337","targetHints":{"allow":["GET"]}}],"collection":[{"href":"https:\/\/moto-screenies.de\/es\/wp-json\/wp\/v2\/pages"}],"about":[{"href":"https:\/\/moto-screenies.de\/es\/wp-json\/wp\/v2\/types\/page"}],"author":[{"embeddable":true,"href":"https:\/\/moto-screenies.de\/es\/wp-json\/wp\/v2\/users\/1"}],"replies":[{"embeddable":true,"href":"https:\/\/moto-screenies.de\/es\/wp-json\/wp\/v2\/comments?post=264337"}],"version-history":[{"count":0,"href":"https:\/\/moto-screenies.de\/es\/wp-json\/wp\/v2\/pages\/264337\/revisions"}],"wp:attachment":[{"href":"https:\/\/moto-screenies.de\/es\/wp-json\/wp\/v2\/media?parent=264337"}],"curies":[{"name":"wp","href":"https:\/\/api.w.org\/{rel}","templated":true}]}}