{"id":264530,"date":"2024-06-02T09:09:04","date_gmt":"2024-06-02T07:09:04","guid":{"rendered":"https:\/\/moto-screenies.de\/socio\/"},"modified":"2025-11-25T08:34:45","modified_gmt":"2025-11-25T07:34:45","slug":"socio","status":"publish","type":"page","link":"https:\/\/moto-screenies.de\/es\/socio\/","title":{"rendered":"Socio"},"content":{"rendered":"<p>[et_pb_section fb_built=\u00bb1&#8243; admin_label=\u00bbHeader\u00bb _builder_version=\u00bb4.25.1&#8243; _module_preset=\u00bbdefault\u00bb global_colors_info=\u00bb{}\u00bb][et_pb_row _builder_version=\u00bb4.25.1&#8243; _module_preset=\u00bbdefault\u00bb global_colors_info=\u00bb{}\u00bb][et_pb_column type=\u00bb4_4&#8243; _builder_version=\u00bb4.25.1&#8243; _module_preset=\u00bbdefault\u00bb global_colors_info=\u00bb{}\u00bb][et_pb_text _builder_version=\u00bb4.25.1&#8243; _module_preset=\u00bbdefault\u00bb header_font=\u00bbPoppins|800||on|||||\u00bb header_text_align=\u00bbcenter\u00bb header_font_size=\u00bb69px\u00bb header_font_size_tablet=\u00bb69px\u00bb header_font_size_phone=\u00bb61px\u00bb header_font_size_last_edited=\u00bbon|phone\u00bb header_text_shadow_style=\u00bbpreset3&#8243; header_text_shadow_color=\u00bb#0eeef9&#8243; global_colors_info=\u00bb{}\u00bb]<\/p>\n<h1>Nuestros socios<\/h1>\n<p>[\/et_pb_text][et_pb_text _builder_version=\u00bb4.25.1&#8243; _module_preset=\u00bbdefault\u00bb custom_margin=\u00bb|200px||200px|false|false\u00bb custom_margin_tablet=\u00bb|200px||200px|false|false\u00bb custom_margin_phone=\u00bb|20px||20px|false|false\u00bb custom_margin_last_edited=\u00bbon|phone\u00bb global_colors_info=\u00bb{}\u00bb]<\/p>\n<h3 style=\"text-align: center\"><span style=\"text-decoration: underline\">Juntos por la comunidad motera<\/span><\/h3>\n<p style=\"text-align: center\">En <a href=\"https:\/\/moto-screenies.de\/es\/\">Moto Screenies<\/a> , confiamos en s\u00f3lidas alianzas para ofrecer accesorios y servicio de primera calidad para motocicletas. Nuestros socios son cuidadosamente seleccionados y cumplen con los m\u00e1s altos est\u00e1ndares de calidad y seguridad. Los recomendamos a nuestros clientes sin reservas, <strong>desde ciclistas hasta ciclistas.<\/strong>  <\/p>\n<p>[\/et_pb_text][et_pb_divider _builder_version=\u00bb4.25.1&#8243; _module_preset=\u00bbdefault\u00bb global_colors_info=\u00bb{}\u00bb][\/et_pb_divider][\/et_pb_column][\/et_pb_row][\/et_pb_section][et_pb_section fb_built=\u00bb1&#8243; _builder_version=\u00bb4.25.1&#8243; _module_preset=\u00bbdefault\u00bb global_colors_info=\u00bb{}\u00bb][et_pb_row column_structure=\u00bb2_3,1_3&#8243; _builder_version=\u00bb4.25.1&#8243; _module_preset=\u00bbdefault\u00bb global_colors_info=\u00bb{}\u00bb][et_pb_column type=\u00bb2_3&#8243; _builder_version=\u00bb4.25.1&#8243; _module_preset=\u00bbdefault\u00bb global_colors_info=\u00bb{}\u00bb][et_pb_image src=\u00bbhttps:\/\/moto-screenies.de\/wp-content\/uploads\/2025\/11\/ms-4moto-1-scaled.png\u00bb alt=\u00bbSocio\u00bb title_text=\u00bbMS-4moto (1)\u00bb _builder_version=\u00bb4.27.4&#8243; _module_preset=\u00bbdefault\u00bb global_colors_info=\u00bb{}\u00bb][\/et_pb_image][\/et_pb_column][et_pb_column type=\u00bb1_3&#8243; _builder_version=\u00bb4.25.1&#8243; _module_preset=\u00bbdefault\u00bb background_color=\u00bbrgba(150,150,150,0.36)\u00bb custom_padding=\u00bb50px|20px|50px|20px|false|false\u00bb border_radii=\u00bbon|20px|20px|20px|20px\u00bb global_colors_info=\u00bb{}\u00bb][et_pb_text _builder_version=\u00bb4.25.1&#8243; _module_preset=\u00bbdefault\u00bb global_colors_info=\u00bb{}\u00bb]<\/p>\n<p><span>Junto con 4Moto, desarrollamos prototipos de pel\u00edculas protectoras que se utilizan en carreras, especialmente en IDM <\/span><strong>y MotoGP<\/strong><span>Probar. Esta cooperaci\u00f3n \u00fanica nos permite crear pel\u00edculas protectoras innovadoras mientras nos beneficiamos directamente de la   <\/span><strong>Experiencia pr\u00e1ctica en carreras reales<\/strong><span> .<\/span><\/p>\n<p>[\/et_pb_text][et_pb_button button_url=\u00bbhttps:\/\/moto-screenies.de\/4moto-motoscreenies\/\u00bb button_text=\u00bbSigue leyendo\u00bb button_alignment=\u00bbcenter\u00bb _builder_version=\u00bb4.25.1&#8243; _module_preset=\u00bbdefault\u00bb custom_button=\u00bbon\u00bb button_text_size=\u00bb21px\u00bb button_text_color=\u00bb#000000&#8243; button_bg_color=\u00bbrgba(12,113,195,0.52)\u00bb button_border_radius=\u00bb21px\u00bb button_icon=\u00bb&#xf1e2;||fa||900&#8243; box_shadow_style=\u00bbpreset4&#8243; global_colors_info=\u00bb{}\u00bb][\/et_pb_button][\/et_pb_column][\/et_pb_row][et_pb_row _builder_version=\u00bb4.25.1&#8243; _module_preset=\u00bbdefault\u00bb global_colors_info=\u00bb{}\u00bb][et_pb_column type=\u00bb4_4&#8243; _builder_version=\u00bb4.25.1&#8243; _module_preset=\u00bbdefault\u00bb global_colors_info=\u00bb{}\u00bb][et_pb_divider _builder_version=\u00bb4.25.1&#8243; _module_preset=\u00bbdefault\u00bb global_colors_info=\u00bb{}\u00bb][\/et_pb_divider][\/et_pb_column][\/et_pb_row][et_pb_row column_structure=\u00bb1_3,2_3&#8243; disabled_on=\u00bboff|off|off\u00bb _builder_version=\u00bb4.25.1&#8243; _module_preset=\u00bbdefault\u00bb global_colors_info=\u00bb{}\u00bb][et_pb_column type=\u00bb1_3&#8243; _builder_version=\u00bb4.25.1&#8243; _module_preset=\u00bbdefault\u00bb background_color=\u00bbrgba(150,150,150,0.36)\u00bb custom_padding=\u00bb50px|20px|50px|20px|false|false\u00bb border_radii=\u00bbon|20px|20px|20px|20px\u00bb global_colors_info=\u00bb{}\u00bb][et_pb_text _builder_version=\u00bb4.25.1&#8243; _module_preset=\u00bbdefault\u00bb global_colors_info=\u00bb{}\u00bb]<\/p>\n<p>MaxMoto Motorradtechnik en Altenberge ofrece <strong>servicios integrales de motocicletas<\/strong>, incluyendo reparaciones, inspecciones y conversiones individuales. Con muchos a\u00f1os de experiencia y pasi\u00f3n por las motocicletas, el equipo garantiza la m\u00e1xima calidad y satisfacci\u00f3n del cliente, y tambi\u00e9n nos apoya como <strong>un socio fiable en cuestiones t\u00e9cnicas<\/strong>. <\/p>\n<p>[\/et_pb_text][et_pb_button button_url=\u00bbhttps:\/\/moto-screenies.de\/maxmoto-motorradtechnik-altenberge\/\u00bb button_text=\u00bbSigue leyendo\u00bb button_alignment=\u00bbcenter\u00bb _builder_version=\u00bb4.25.1&#8243; _module_preset=\u00bbdefault\u00bb custom_button=\u00bbon\u00bb button_text_size=\u00bb21px\u00bb button_text_color=\u00bb#000000&#8243; button_bg_color=\u00bbrgba(12,113,195,0.52)\u00bb button_border_radius=\u00bb21px\u00bb button_icon=\u00bb&#xf1e2;||fa||900&#8243; box_shadow_style=\u00bbpreset4&#8243; global_colors_info=\u00bb{}\u00bb][\/et_pb_button][\/et_pb_column][et_pb_column type=\u00bb2_3&#8243; _builder_version=\u00bb4.25.1&#8243; _module_preset=\u00bbdefault\u00bb background_enable_color=\u00bboff\u00bb custom_padding=\u00bb50px|20px|50px|20px|false|false\u00bb border_radii=\u00bbon|20px|20px|20px|20px\u00bb global_colors_info=\u00bb{}\u00bb][et_pb_image src=\u00bbhttps:\/\/moto-screenies.de\/wp-content\/uploads\/2025\/11\/maxmoto-altenberge-scaled-1.jpg\u00bb alt=\u00bbSocio\u00bb title_text=\u00bbMaxmoto-Altenberge-Escalado (1)\u00bb _builder_version=\u00bb4.27.4&#8243; _module_preset=\u00bbdefault\u00bb global_colors_info=\u00bb{}\u00bb][\/et_pb_image][\/et_pb_column][\/et_pb_row][et_pb_row _builder_version=\u00bb4.25.1&#8243; _module_preset=\u00bbdefault\u00bb global_colors_info=\u00bb{}\u00bb][et_pb_column type=\u00bb4_4&#8243; _builder_version=\u00bb4.25.1&#8243; _module_preset=\u00bbdefault\u00bb global_colors_info=\u00bb{}\u00bb][et_pb_divider _builder_version=\u00bb4.25.1&#8243; _module_preset=\u00bbdefault\u00bb global_colors_info=\u00bb{}\u00bb][\/et_pb_divider][\/et_pb_column][\/et_pb_row][et_pb_row column_structure=\u00bb2_3,1_3&#8243; _builder_version=\u00bb4.25.1&#8243; _module_preset=\u00bbdefault\u00bb global_colors_info=\u00bb{}\u00bb][et_pb_column type=\u00bb2_3&#8243; _builder_version=\u00bb4.25.1&#8243; _module_preset=\u00bbdefault\u00bb global_colors_info=\u00bb{}\u00bb][et_pb_image src=\u00bbhttps:\/\/moto-screenies.de\/wp-content\/uploads\/2025\/11\/mucoff-motoscreenies-scaled-1.jpg\u00bb alt=\u00bbSocio\u00bb title_text=\u00bbA escala de mucoff-motoscreenies\u00bb _builder_version=\u00bb4.27.4&#8243; _module_preset=\u00bbdefault\u00bb global_colors_info=\u00bb{}\u00bb][\/et_pb_image][\/et_pb_column][et_pb_column type=\u00bb1_3&#8243; _builder_version=\u00bb4.25.1&#8243; _module_preset=\u00bbdefault\u00bb background_color=\u00bbrgba(150,150,150,0.36)\u00bb custom_padding=\u00bb50px|20px|50px|20px|false|false\u00bb border_radii=\u00bbon|20px|20px|20px|20px\u00bb global_colors_info=\u00bb{}\u00bb][et_pb_text _builder_version=\u00bb4.25.1&#8243; _module_preset=\u00bbdefault\u00bb global_colors_info=\u00bb{}\u00bb]<\/p>\n<p>Muc-Off ofrece una amplia gama de <strong>productos de limpieza y cuidado para motocicletas<\/strong> , conocidos por su alta eficacia y facilidad de uso. Con soluciones innovadoras, el equipo de Muc-Off garantiza resultados brillantes y una vida \u00fatil prolongada de las m\u00e1quinas. Como socio fiable, nos apoyan de forma competente en todos <strong>los asuntos relacionados con el cuidado y mantenimiento de motocicletas<\/strong>&#8230;  <\/p>\n<p>[\/et_pb_text][et_pb_button button_url=\u00bbhttp:\/\/mucoff.sjv.io\/OrgO6P\u00bb button_text=\u00bbSigue leyendo\u00bb button_alignment=\u00bbcenter\u00bb _builder_version=\u00bb4.25.1&#8243; _module_preset=\u00bbdefault\u00bb custom_button=\u00bbon\u00bb button_text_size=\u00bb21px\u00bb button_text_color=\u00bb#000000&#8243; button_bg_color=\u00bbrgba(12,113,195,0.52)\u00bb button_border_radius=\u00bb21px\u00bb button_icon=\u00bb&#xf1e2;||fa||900&#8243; box_shadow_style=\u00bbpreset4&#8243; global_colors_info=\u00bb{}\u00bb][\/et_pb_button][\/et_pb_column][\/et_pb_row][et_pb_row _builder_version=\u00bb4.25.1&#8243; _module_preset=\u00bbdefault\u00bb global_colors_info=\u00bb{}\u00bb][et_pb_column type=\u00bb4_4&#8243; _builder_version=\u00bb4.25.1&#8243; _module_preset=\u00bbdefault\u00bb global_colors_info=\u00bb{}\u00bb][et_pb_divider _builder_version=\u00bb4.25.1&#8243; _module_preset=\u00bbdefault\u00bb global_colors_info=\u00bb{}\u00bb][\/et_pb_divider][\/et_pb_column][\/et_pb_row][et_pb_row column_structure=\u00bb1_3,2_3&#8243; disabled_on=\u00bboff|off|off\u00bb _builder_version=\u00bb4.25.1&#8243; _module_preset=\u00bbdefault\u00bb global_colors_info=\u00bb{}\u00bb][et_pb_column type=\u00bb1_3&#8243; _builder_version=\u00bb4.25.1&#8243; _module_preset=\u00bbdefault\u00bb background_color=\u00bbrgba(150,150,150,0.36)\u00bb custom_padding=\u00bb50px|20px|50px|20px|false|false\u00bb border_radii=\u00bbon|20px|20px|20px|20px\u00bb global_colors_info=\u00bb{}\u00bb][et_pb_text _builder_version=\u00bb4.25.1&#8243; _module_preset=\u00bbdefault\u00bb link_option_url=\u00bbhttps:\/\/moto-screenies.de\/mycover-protection\/\u00bb global_colors_info=\u00bb{}\u00bb]<\/p>\n<p>Constantin y Benjamin de MYPROTECTION han convertido su pasi\u00f3n por <strong>lonas individuales<\/strong> con los m\u00e1s altos est\u00e1ndares de calidad en una profesi\u00f3n. Su colaboraci\u00f3n con Moto Screenies subraya su compromiso compartido con la protecci\u00f3n y seguridad de las motocicletas&#8230; <\/p>\n<p>[\/et_pb_text][et_pb_button button_url=\u00bbhttps:\/\/moto-screenies.de\/mycover-protection\/\u00bb button_text=\u00bbSigue leyendo\u00bb button_alignment=\u00bbcenter\u00bb _builder_version=\u00bb4.25.1&#8243; _module_preset=\u00bbdefault\u00bb custom_button=\u00bbon\u00bb button_text_size=\u00bb21px\u00bb button_text_color=\u00bb#000000&#8243; button_bg_color=\u00bbrgba(12,113,195,0.52)\u00bb button_border_radius=\u00bb21px\u00bb button_icon=\u00bb&#xf1e2;||fa||900&#8243; box_shadow_style=\u00bbpreset4&#8243; global_colors_info=\u00bb{}\u00bb][\/et_pb_button][\/et_pb_column][et_pb_column type=\u00bb2_3&#8243; _builder_version=\u00bb4.25.1&#8243; _module_preset=\u00bbdefault\u00bb background_enable_color=\u00bboff\u00bb custom_padding=\u00bb50px|20px|50px|20px|false|false\u00bb border_radii=\u00bbon|20px|20px|20px|20px\u00bb global_colors_info=\u00bb{}\u00bb][et_pb_image src=\u00bbhttps:\/\/moto-screenies.de\/wp-content\/uploads\/2025\/11\/mycover-motoscreenies-scaled-1.jpg\u00bb alt=\u00bbSocio\u00bb title_text=\u00bbA escala de mycover-motoscreenies\u00bb _builder_version=\u00bb4.27.4&#8243; _module_preset=\u00bbdefault\u00bb global_colors_info=\u00bb{}\u00bb][\/et_pb_image][\/et_pb_column][\/et_pb_row][\/et_pb_section]<\/p>\n","protected":false},"excerpt":{"rendered":"<p>Nuestros sociosJuntos por la comunidad motera En Moto Screenies , confiamos en s\u00f3lidas alianzas para ofrecer accesorios y servicio de primera calidad para motocicletas. Nuestros socios son cuidadosamente seleccionados y cumplen con los m\u00e1s altos est\u00e1ndares de calidad y seguridad. Los recomendamos a nuestros clientes sin reservas, desde ciclistas hasta ciclistas. Junto con 4Moto, desarrollamos [&hellip;]<\/p>\n","protected":false},"author":1,"featured_media":0,"parent":0,"menu_order":0,"comment_status":"closed","ping_status":"closed","template":"","meta":{"_et_pb_use_builder":"on","_et_pb_old_content":"","_et_gb_content_width":"","_uf_show_specific_survey":0,"_uf_disable_surveys":false,"footnotes":""},"class_list":["post-264530","page","type-page","status-publish","hentry"],"yoast_head":"<!-- This site is optimized with the Yoast SEO plugin v27.2 - https:\/\/yoast.com\/product\/yoast-seo-wordpress\/ -->\n<title>Nuestro  -<\/title>\n<meta name=\"description\" content=\"Nos enorgullece trabajar con startups innovadoras y apasionados de las motocicletas. \u00a1Descubre a nuestros socios de confianza que estamos entusiasmados de recomendar!\" \/>\n<meta name=\"robots\" content=\"index, follow, max-snippet:-1, max-image-preview:large, max-video-preview:-1\" \/>\n<link rel=\"canonical\" href=\"https:\/\/moto-screenies.de\/es\/socio\/\" \/>\n<meta property=\"og:locale\" content=\"es_ES\" \/>\n<meta property=\"og:type\" content=\"article\" \/>\n<meta property=\"og:title\" content=\"Nuestro  -\" \/>\n<meta property=\"og:description\" content=\"Nos enorgullece trabajar con startups innovadoras y apasionados de las motocicletas. \u00a1Descubre a nuestros socios de confianza que estamos entusiasmados de recomendar!\" \/>\n<meta property=\"og:url\" content=\"https:\/\/moto-screenies.de\/es\/socio\/\" \/>\n<meta property=\"og:site_name\" content=\"Moto Screenies\" \/>\n<meta property=\"article:modified_time\" content=\"2025-11-25T07:34:45+00:00\" \/>\n<meta name=\"twitter:card\" content=\"summary_large_image\" \/>\n<meta name=\"twitter:label1\" content=\"Tiempo de lectura\" \/>\n\t<meta name=\"twitter:data1\" content=\"6 minutos\" \/>\n<script type=\"application\/ld+json\" class=\"yoast-schema-graph\">{\"@context\":\"https:\/\/schema.org\",\"@graph\":[{\"@type\":\"WebPage\",\"@id\":\"https:\/\/moto-screenies.de\/es\/socio\/\",\"url\":\"https:\/\/moto-screenies.de\/es\/socio\/\",\"name\":\"Nuestro -\",\"isPartOf\":{\"@id\":\"https:\/\/moto-screenies.de\/es\/#website\"},\"datePublished\":\"2024-06-02T07:09:04+00:00\",\"dateModified\":\"2025-11-25T07:34:45+00:00\",\"description\":\"Nos enorgullece trabajar con startups innovadoras y apasionados de las motocicletas. \u00a1Descubre a nuestros socios de confianza que estamos entusiasmados de recomendar!\",\"breadcrumb\":{\"@id\":\"https:\/\/moto-screenies.de\/es\/socio\/#breadcrumb\"},\"inLanguage\":\"es\",\"potentialAction\":[{\"@type\":\"ReadAction\",\"target\":[\"https:\/\/moto-screenies.de\/es\/socio\/\"]}]},{\"@type\":\"BreadcrumbList\",\"@id\":\"https:\/\/moto-screenies.de\/es\/socio\/#breadcrumb\",\"itemListElement\":[{\"@type\":\"ListItem\",\"position\":1,\"name\":\"Startseite\",\"item\":\"https:\/\/moto-screenies.de\/es\/\"},{\"@type\":\"ListItem\",\"position\":2,\"name\":\"Socio\"}]},{\"@type\":\"WebSite\",\"@id\":\"https:\/\/moto-screenies.de\/es\/#website\",\"url\":\"https:\/\/moto-screenies.de\/es\/\",\"name\":\"Moto Screenies\",\"description\":\"Die Displayschutzfolie f\u00fcr dein Motorrad\",\"publisher\":{\"@id\":\"https:\/\/moto-screenies.de\/es\/#organization\"},\"alternateName\":\"MS\",\"potentialAction\":[{\"@type\":\"SearchAction\",\"target\":{\"@type\":\"EntryPoint\",\"urlTemplate\":\"https:\/\/moto-screenies.de\/es\/?s={search_term_string}\"},\"query-input\":{\"@type\":\"PropertyValueSpecification\",\"valueRequired\":true,\"valueName\":\"search_term_string\"}}],\"inLanguage\":\"es\"},{\"@type\":\"Organization\",\"@id\":\"https:\/\/moto-screenies.de\/es\/#organization\",\"name\":\"Moto Screenies\",\"url\":\"https:\/\/moto-screenies.de\/es\/\",\"logo\":{\"@type\":\"ImageObject\",\"inLanguage\":\"es\",\"@id\":\"https:\/\/moto-screenies.de\/es\/#\/schema\/logo\/image\/\",\"url\":\"\",\"contentUrl\":\"\",\"caption\":\"Moto Screenies\"},\"image\":{\"@id\":\"https:\/\/moto-screenies.de\/es\/#\/schema\/logo\/image\/\"}}]}<\/script>\n<!-- \/ Yoast SEO plugin. -->","yoast_head_json":{"title":"Nuestro  -","description":"Nos enorgullece trabajar con startups innovadoras y apasionados de las motocicletas. \u00a1Descubre a nuestros socios de confianza que estamos entusiasmados de recomendar!","robots":{"index":"index","follow":"follow","max-snippet":"max-snippet:-1","max-image-preview":"max-image-preview:large","max-video-preview":"max-video-preview:-1"},"canonical":"https:\/\/moto-screenies.de\/es\/socio\/","og_locale":"es_ES","og_type":"article","og_title":"Nuestro  -","og_description":"Nos enorgullece trabajar con startups innovadoras y apasionados de las motocicletas. \u00a1Descubre a nuestros socios de confianza que estamos entusiasmados de recomendar!","og_url":"https:\/\/moto-screenies.de\/es\/socio\/","og_site_name":"Moto Screenies","article_modified_time":"2025-11-25T07:34:45+00:00","twitter_card":"summary_large_image","twitter_misc":{"Tiempo de lectura":"6 minutos"},"schema":{"@context":"https:\/\/schema.org","@graph":[{"@type":"WebPage","@id":"https:\/\/moto-screenies.de\/es\/socio\/","url":"https:\/\/moto-screenies.de\/es\/socio\/","name":"Nuestro -","isPartOf":{"@id":"https:\/\/moto-screenies.de\/es\/#website"},"datePublished":"2024-06-02T07:09:04+00:00","dateModified":"2025-11-25T07:34:45+00:00","description":"Nos enorgullece trabajar con startups innovadoras y apasionados de las motocicletas. \u00a1Descubre a nuestros socios de confianza que estamos entusiasmados de recomendar!","breadcrumb":{"@id":"https:\/\/moto-screenies.de\/es\/socio\/#breadcrumb"},"inLanguage":"es","potentialAction":[{"@type":"ReadAction","target":["https:\/\/moto-screenies.de\/es\/socio\/"]}]},{"@type":"BreadcrumbList","@id":"https:\/\/moto-screenies.de\/es\/socio\/#breadcrumb","itemListElement":[{"@type":"ListItem","position":1,"name":"Startseite","item":"https:\/\/moto-screenies.de\/es\/"},{"@type":"ListItem","position":2,"name":"Socio"}]},{"@type":"WebSite","@id":"https:\/\/moto-screenies.de\/es\/#website","url":"https:\/\/moto-screenies.de\/es\/","name":"Moto Screenies","description":"Die Displayschutzfolie f\u00fcr dein Motorrad","publisher":{"@id":"https:\/\/moto-screenies.de\/es\/#organization"},"alternateName":"MS","potentialAction":[{"@type":"SearchAction","target":{"@type":"EntryPoint","urlTemplate":"https:\/\/moto-screenies.de\/es\/?s={search_term_string}"},"query-input":{"@type":"PropertyValueSpecification","valueRequired":true,"valueName":"search_term_string"}}],"inLanguage":"es"},{"@type":"Organization","@id":"https:\/\/moto-screenies.de\/es\/#organization","name":"Moto Screenies","url":"https:\/\/moto-screenies.de\/es\/","logo":{"@type":"ImageObject","inLanguage":"es","@id":"https:\/\/moto-screenies.de\/es\/#\/schema\/logo\/image\/","url":"","contentUrl":"","caption":"Moto Screenies"},"image":{"@id":"https:\/\/moto-screenies.de\/es\/#\/schema\/logo\/image\/"}}]}},"_links":{"self":[{"href":"https:\/\/moto-screenies.de\/es\/wp-json\/wp\/v2\/pages\/264530","targetHints":{"allow":["GET"]}}],"collection":[{"href":"https:\/\/moto-screenies.de\/es\/wp-json\/wp\/v2\/pages"}],"about":[{"href":"https:\/\/moto-screenies.de\/es\/wp-json\/wp\/v2\/types\/page"}],"author":[{"embeddable":true,"href":"https:\/\/moto-screenies.de\/es\/wp-json\/wp\/v2\/users\/1"}],"replies":[{"embeddable":true,"href":"https:\/\/moto-screenies.de\/es\/wp-json\/wp\/v2\/comments?post=264530"}],"version-history":[{"count":0,"href":"https:\/\/moto-screenies.de\/es\/wp-json\/wp\/v2\/pages\/264530\/revisions"}],"wp:attachment":[{"href":"https:\/\/moto-screenies.de\/es\/wp-json\/wp\/v2\/media?parent=264530"}],"curies":[{"name":"wp","href":"https:\/\/api.w.org\/{rel}","templated":true}]}}