{"id":264544,"date":"2024-07-02T11:44:11","date_gmt":"2024-07-02T09:44:11","guid":{"rendered":"https:\/\/moto-screenies.de\/maxmoto-motorradtechnik-altenberge\/"},"modified":"2025-11-25T08:34:46","modified_gmt":"2025-11-25T07:34:46","slug":"maxmoto-motorradtechnik-altenberge","status":"publish","type":"page","link":"https:\/\/moto-screenies.de\/es\/maxmoto-motorradtechnik-altenberge\/","title":{"rendered":"Maxmoto Motorradtechnik Altenberge"},"content":{"rendered":"<p>[et_pb_section fb_built=\u00bb1&#8243; _builder_version=\u00bb4.25.1&#8243; _module_preset=\u00bbdefault\u00bb global_colors_info=\u00bb{}\u00bb][et_pb_row _builder_version=\u00bb4.25.1&#8243; _module_preset=\u00bbdefault\u00bb global_colors_info=\u00bb{}\u00bb][et_pb_column type=\u00bb4_4&#8243; _builder_version=\u00bb4.25.1&#8243; _module_preset=\u00bbdefault\u00bb global_colors_info=\u00bb{}\u00bb][et_pb_image src=\u00bbhttps:\/\/moto-screenies.de\/wp-content\/uploads\/2025\/11\/maxmoto-altenberge-scaled-1.jpg\u00bb alt=\u00bbMaxmoto Motorradtechnik Altenberge\u00bb title_text=\u00bbMaxmoto-Altenberge-Escalado (1)\u00bb _builder_version=\u00bb4.27.4&#8243; _module_preset=\u00bbdefault\u00bb custom_margin=\u00bb-4px|||62px|false|false\u00bb custom_margin_tablet=\u00bb-4px|||62px|false|false\u00bb custom_margin_phone=\u00bb0px|||25px|false|false\u00bb custom_margin_last_edited=\u00bbon|phone\u00bb hover_enabled=\u00bb0&#8243; global_colors_info=\u00bb{}\u00bb sticky_enabled=\u00bb0&#8243;][\/et_pb_image][et_pb_image src=\u00bbhttps:\/\/moto-screenies.de\/wp-content\/uploads\/2025\/11\/24130214_1494922520557411_3883168752642552960_o.jpg\u00bb alt=\u00bbMaxmoto Motorradtechnik Altenberge\u00bb title_text=\u00bb24130214_1494922520557411_3883168752642552960_o\u00bb show_in_lightbox=\u00bbon\u00bb _builder_version=\u00bb4.27.4&#8243; _module_preset=\u00bbdefault\u00bb transform_scale=\u00bb75%|75%\u00bb hover_enabled=\u00bb0&#8243; border_radii=\u00bbon|15px|15px|15px|15px\u00bb global_colors_info=\u00bb{}\u00bb sticky_enabled=\u00bb0&#8243;][\/et_pb_image][\/et_pb_column][\/et_pb_row][et_pb_row _builder_version=\u00bb4.25.1&#8243; _module_preset=\u00bbdefault\u00bb global_colors_info=\u00bb{}\u00bb][et_pb_column type=\u00bb4_4&#8243; _builder_version=\u00bb4.25.1&#8243; _module_preset=\u00bbdefault\u00bb global_colors_info=\u00bb{}\u00bb][et_pb_text _builder_version=\u00bb4.25.1&#8243; _module_preset=\u00bbdefault\u00bb text_font=\u00bbArial|800||on|||||\u00bb header_font=\u00bbArial|800||on|||||\u00bb header_font_size=\u00bb40px\u00bb header_letter_spacing=\u00bb2px\u00bb header_font_last_edited=\u00bboff|desktop\u00bb header_font_size_tablet=\u00bb40px\u00bb header_font_size_phone=\u00bb17px\u00bb header_font_size_last_edited=\u00bbon|phone\u00bb header_text_shadow_style=\u00bbpreset3&#8243; header_text_shadow_blur_strength=\u00bb0.81em\u00bb header_text_shadow_color=\u00bb#0C71C3&#8243; global_colors_info=\u00bb{}\u00bb]<\/p>\n<h1 style=\"text-align: center\">Pantallas de moto | Tecnolog\u00eda de motocicletas MaxMoto<\/h1>\n<p>[\/et_pb_text][et_pb_text _builder_version=\u00bb4.25.1&#8243; _module_preset=\u00bbdefault\u00bb text_font=\u00bb||||||||\u00bb text_text_color=\u00bb#5e5e5e\u00bb text_font_size=\u00bb17px\u00bb background_color=\u00bbrgba(0,0,0,0.1)\u00bb custom_padding=\u00bb20px|20px|20px|20px|false|false\u00bb text_font_size_tablet=\u00bb17px\u00bb text_font_size_phone=\u00bb14px\u00bb text_font_size_last_edited=\u00bbon|phone\u00bb border_radii=\u00bbon|10px|10px|10px|10px\u00bb global_colors_info=\u00bb{}\u00bb]<\/p>\n<p style=\"text-align: center\">En Moto Screenies estamos muy contentos de dar la bienvenida a un nuevo socio a nuestra creciente familia: <a href=\"https:\/\/www.instagram.com\/maxmotolv\/\">\u00a1MaxMoto<\/a> Motorrad Technik en Altenberge! Este taller independiente est\u00e1 dirigido por Max, un apasionado entusiasta de las motocicletas con m\u00e1s de quince a\u00f1os de experiencia en reparaci\u00f3n y mantenimiento de motocicletas. <\/p>\n<p>[\/et_pb_text][et_pb_button button_url=\u00bbhttps:\/\/www.4moto-shop.de\/?8&#8243; button_text=\u00bbIr a la tienda\u00bb button_alignment=\u00bbcenter\u00bb _builder_version=\u00bb4.25.1&#8243; _module_preset=\u00bbdefault\u00bb custom_button=\u00bbon\u00bb button_text_size=\u00bb32px\u00bb button_text_color=\u00bbrgba(0,0,0,0.71)\u00bb button_bg_use_color_gradient=\u00bbon\u00bb button_border_radius=\u00bb5px\u00bb button_font=\u00bb|||on|||||\u00bb button_icon=\u00bb&#xf21c;||fa||900&#8243; custom_margin=\u00bb85px||71px||false|false\u00bb animation_style=\u00bbbounce\u00bb box_shadow_style=\u00bbpreset4&#8243; global_colors_info=\u00bb{}\u00bb][\/et_pb_button][et_pb_divider _builder_version=\u00bb4.25.1&#8243; _module_preset=\u00bbdefault\u00bb global_colors_info=\u00bb{}\u00bb][\/et_pb_divider][et_pb_text _builder_version=\u00bb4.25.1&#8243; _module_preset=\u00bbdefault\u00bb header_2_font=\u00bb|800||on|||||\u00bb header_2_font_size=\u00bb45px\u00bb header_2_font_size_tablet=\u00bb45px\u00bb header_2_font_size_phone=\u00bb29px\u00bb header_2_font_size_last_edited=\u00bbon|phone\u00bb header_2_text_shadow_style=\u00bbpreset3&#8243; header_2_text_shadow_blur_strength=\u00bb0.58em\u00bb header_2_text_shadow_color=\u00bb#0C71C3&#8243; global_colors_info=\u00bb{}\u00bb]<\/p>\n<h2 style=\"text-align: center\">\u00bfQui\u00e9n es Maxmoto?<\/h2>\n<p>[\/et_pb_text][\/et_pb_column][\/et_pb_row][et_pb_row column_structure=\u00bb2_3,1_3&#8243; _builder_version=\u00bb4.25.1&#8243; _module_preset=\u00bbdefault\u00bb use_background_color_gradient=\u00bbon\u00bb background_color_gradient_direction=\u00bb267deg\u00bb background_color_gradient_stops=\u00bbrgba(118,196,198,0.61) 30%|rgba(72,139,200,0.69) 100%\u00bb border_radii=\u00bbon|20px|20px|20px|20px\u00bb global_colors_info=\u00bb{}\u00bb][et_pb_column type=\u00bb2_3&#8243; _builder_version=\u00bb4.25.1&#8243; _module_preset=\u00bbdefault\u00bb global_colors_info=\u00bb{}\u00bb][et_pb_text _builder_version=\u00bb4.25.1&#8243; _module_preset=\u00bbdefault\u00bb text_font=\u00bb||||||||\u00bb text_text_color=\u00bb#5e5e5e\u00bb text_font_size=\u00bb17px\u00bb background_enable_color=\u00bboff\u00bb custom_padding=\u00bb20px|20px|20px|20px|false|false\u00bb text_font_size_tablet=\u00bb17px\u00bb text_font_size_phone=\u00bb14px\u00bb text_font_size_last_edited=\u00bbon|phone\u00bb border_radii=\u00bbon|10px|10px|10px|10px\u00bb global_colors_info=\u00bb{}\u00bb]<\/p>\n<h3>MaxMoto Motorrad Technik: Un taller con coraz\u00f3n y experiencia<\/h3>\n<p>Max es mucho m\u00e1s que un mec\u00e1nico: vive y respira motocicletas. Con sus \u00abdos manos de oro\u00bb, es conocido por reparar desde simples cambios de aceite hasta revisiones completas de motores. Su atenci\u00f3n al detalle y experiencia la convierten en la opci\u00f3n perfecta para cualquier propietario de motocicleta que quiera saber que su moto est\u00e1 en las mejores manos.  <\/p>\n<h3>Max \u2013 Un piloto de MX apasionado<\/h3>\n<p>Max no solo es una autoridad como mec\u00e1nico, sino tambi\u00e9n en la pista. Como piloto apasionado de motocross, participa cada a\u00f1o en la ADAC Cup y est\u00e1 en la primera mitad del pelot\u00f3n. Esta experiencia y pasi\u00f3n por la conducci\u00f3n se reflejan en su trabajo y dedicaci\u00f3n a nuestra comunidad.  <\/p>\n<p>[\/et_pb_text][et_pb_social_media_follow icon_color=\u00bb#FFFFFF\u00bb use_icon_font_size=\u00bbon\u00bb icon_font_size=\u00bb17px\u00bb _builder_version=\u00bb4.25.1&#8243; _module_preset=\u00bbdefault\u00bb background_color=\u00bbRGBA(255,255,255,0)\u00bb text_orientation=\u00bbcenter\u00bb global_colors_info=\u00bb{}\u00bb][et_pb_social_media_follow_network social_network=\u00bbfacebook\u00bb url=\u00bbhttps:\/\/www.facebook.com\/maxmoto.Motorradtechnik\/\u00bb _builder_version=\u00bb4.25.1&#8243; _module_preset=\u00bbdefault\u00bb background_color=\u00bb#3b5998&#8243; global_colors_info=\u00bb{}\u00bb follow_button=\u00bboff\u00bb url_new_window=\u00bbon\u00bb]facebook[\/et_pb_social_media_follow_network][et_pb_social_media_follow_network social_network=\u00bbinstagram\u00bb url=\u00bbhttps:\/\/www.instagram.com\/p\/B4k8f5DgQP7\/?img_index=1&#8243; _builder_version=\u00bb4.25.1&#8243; _module_preset=\u00bbdefault\u00bb background_color=\u00bb#ea2c59&#8243; global_colors_info=\u00bb{}\u00bb follow_button=\u00bboff\u00bb url_new_window=\u00bbon\u00bb]instagram[\/et_pb_social_media_follow_network][\/et_pb_social_media_follow][\/et_pb_column][et_pb_column type=\u00bb1_3&#8243; _builder_version=\u00bb4.25.1&#8243; _module_preset=\u00bbdefault\u00bb global_colors_info=\u00bb{}\u00bb][et_pb_image src=\u00bbhttps:\/\/moto-screenies.de\/wp-content\/uploads\/2025\/11\/WhatsApp-Bild-2024-07-02-um-11.57.29_3608d12a.jpg\u00bb alt=\u00bbMaxmoto Motorradtechnik Altenberge\u00bb title_text=\u00bbWhatsApp-Imagen-2024-07-02-at-11.57.29_3608d12a\u00bb _builder_version=\u00bb4.27.4&#8243; _module_preset=\u00bbdefault\u00bb transform_scale=\u00bb95%|95%\u00bb custom_margin=\u00bb3px|20px||20px|false|false\u00bb hover_enabled=\u00bb0&#8243; border_radii=\u00bbon|48px|48px|48px|48px\u00bb global_colors_info=\u00bb{}\u00bb sticky_enabled=\u00bb0&#8243;][\/et_pb_image][\/et_pb_column][\/et_pb_row][et_pb_row column_structure=\u00bb1_3,1_3,1_3&#8243; disabled_on=\u00bbon|on|on\u00bb _builder_version=\u00bb4.25.1&#8243; _module_preset=\u00bbdefault\u00bb disabled=\u00bbon\u00bb global_colors_info=\u00bb{}\u00bb][et_pb_column type=\u00bb1_3&#8243; _builder_version=\u00bb4.25.1&#8243; _module_preset=\u00bbdefault\u00bb global_colors_info=\u00bb{}\u00bb][et_pb_video src=\u00bbhttps:\/\/moto-screenies.de\/wp-content\/uploads\/2024\/05\/Happy-Weekend-Bikewrap-4moto-Ducati-panigalev4r-panigale-pramac.mp4&#8243; image_src=\u00bbhttps:\/\/moto-screenies.de\/wp-content\/uploads\/2024\/05\/2-15.png\u00bb _builder_version=\u00bb4.25.1&#8243; _module_preset=\u00bbdefault\u00bb global_colors_info=\u00bb{}\u00bb][\/et_pb_video][\/et_pb_column][et_pb_column type=\u00bb1_3&#8243; _builder_version=\u00bb4.25.1&#8243; _module_preset=\u00bbdefault\u00bb global_colors_info=\u00bb{}\u00bb][et_pb_video src=\u00bbhttps:\/\/moto-screenies.de\/wp-content\/uploads\/2024\/05\/4moto-Triumph-Race-Dekor-bikewrap-4moto-folie-4motographics-triumph.mp4&#8243; image_src=\u00bbhttps:\/\/moto-screenies.de\/wp-content\/uploads\/2024\/05\/1-179.png\u00bb _builder_version=\u00bb4.25.1&#8243; _module_preset=\u00bbdefault\u00bb border_radii=\u00bbon|10px|10px|10px|10px\u00bb global_colors_info=\u00bb{}\u00bb][\/et_pb_video][\/et_pb_column][et_pb_column type=\u00bb1_3&#8243; _builder_version=\u00bb4.25.1&#8243; _module_preset=\u00bbdefault\u00bb global_colors_info=\u00bb{}\u00bb][et_pb_video src=\u00bbhttps:\/\/moto-screenies.de\/wp-content\/uploads\/2024\/05\/IDM-2023-@gert56racing-Design-Print-Wrap.mp4&#8243; image_src=\u00bbhttps:\/\/moto-screenies.de\/wp-content\/uploads\/2024\/05\/3-1.png\u00bb _builder_version=\u00bb4.25.1&#8243; _module_preset=\u00bbdefault\u00bb global_colors_info=\u00bb{}\u00bb][\/et_pb_video][\/et_pb_column][\/et_pb_row][et_pb_row _builder_version=\u00bb4.25.1&#8243; _module_preset=\u00bbdefault\u00bb global_colors_info=\u00bb{}\u00bb][et_pb_column type=\u00bb4_4&#8243; _builder_version=\u00bb4.25.1&#8243; _module_preset=\u00bbdefault\u00bb global_colors_info=\u00bb{}\u00bb][et_pb_divider _builder_version=\u00bb4.25.1&#8243; _module_preset=\u00bbdefault\u00bb global_colors_info=\u00bb{}\u00bb][\/et_pb_divider][et_pb_text _builder_version=\u00bb4.25.1&#8243; _module_preset=\u00bbdefault\u00bb header_2_font=\u00bb|800||on|||||\u00bb header_2_text_shadow_style=\u00bbpreset3&#8243; header_2_text_shadow_blur_strength=\u00bb0.58em\u00bb header_2_text_shadow_color=\u00bb#0C71C3&#8243; global_colors_info=\u00bb{}\u00bb]<\/p>\n<h2 style=\"text-align: center\">Lee m\u00e1s sobre Maxmoto  <\/h2>\n<p>[\/et_pb_text][et_pb_text _builder_version=\u00bb4.25.1&#8243; _module_preset=\u00bbdefault\u00bb text_font=\u00bb||||||||\u00bb text_text_color=\u00bb#5e5e5e\u00bb text_font_size=\u00bb17px\u00bb background_color=\u00bbrgba(0,0,0,0.1)\u00bb custom_padding=\u00bb20px|20px|20px|20px|false|false\u00bb border_radii=\u00bbon|10px|10px|10px|10px\u00bb global_colors_info=\u00bb{}\u00bb]<\/p>\n<h3>\u00bfPor qu\u00e9 la tecnolog\u00eda de motocicletas MaxMoto?<\/h3>\n<p>En Moto Screenies, estamos orgullosos de contar con Max y su equipo como socios. Adem\u00e1s de su experiencia profesional <g id=\"gid_0\">, Max nos ofrece un apoyo invaluable con preguntas<\/g> t\u00e9cnicas y desaf\u00edos. Su taller en el coraz\u00f3n de la regi\u00f3n de M\u00fcnsterland no solo merece una recomendaci\u00f3n, sino que es imprescindible para todo entusiasta de las motocicletas que <strong>aprecie un servicio y cuidado personal de alta calidad<\/strong>.  <\/p>\n<p>&nbsp;<\/p>\n<h3>Visita MaxMoto Motorcycle Technology<\/h3>\n<p>Si a\u00fan buscas un taller fiable o simplemente quieres lo mejor para tu motocicleta, visita MaxMoto Motorrad Technik en Altenberge. <strong>Aqu\u00ed no solo te tratan como un cliente, sino como parte de la familia de motocicletas<\/strong>.<\/p>\n<p>Esperamos trabajar con MaxMoto Motorrad Technik y seguir ofreci\u00e9ndote un servicio y productos de clase mundial que reflejen nuestra pasi\u00f3n por las motocicletas.<\/p>\n<p>[\/et_pb_text][et_pb_image src=\u00bbhttps:\/\/moto-screenies.de\/wp-content\/uploads\/2025\/11\/25311264_1509377252445271_6495540564277353305_o.jpg\u00bb alt=\u00bbMaxmoto Motorradtechnik Altenberge\u00bb title_text=\u00bb25311264_1509377252445271_6495540564277353305_o\u00bb _builder_version=\u00bb4.27.4&#8243; _module_preset=\u00bbdefault\u00bb transform_scale=\u00bb70%|70%\u00bb transform_scale_tablet=\u00bb70%|70%\u00bb transform_scale_phone=\u00bb100%|100%\u00bb transform_scale_last_edited=\u00bbon|phone\u00bb transform_translate_tablet=\u00bb\u00bb transform_translate_phone=\u00bb\u00bb transform_translate_last_edited=\u00bbon|phone\u00bb transform_rotate_tablet=\u00bb\u00bb transform_rotate_phone=\u00bb\u00bb transform_rotate_last_edited=\u00bbon|phone\u00bb transform_skew_tablet=\u00bb\u00bb transform_skew_phone=\u00bb\u00bb transform_skew_last_edited=\u00bbon|phone\u00bb transform_origin_tablet=\u00bb\u00bb transform_origin_phone=\u00bb\u00bb transform_origin_last_edited=\u00bbon|phone\u00bb transform_styles_last_edited=\u00bbon|phone\u00bb hover_enabled=\u00bb0&#8243; transform_styles_tablet=\u00bb\u00bb transform_styles_phone=\u00bb\u00bb border_radii=\u00bbon|38px|38px|38px|38px\u00bb global_colors_info=\u00bb{}\u00bb sticky_enabled=\u00bb0&#8243;][\/et_pb_image][\/et_pb_column][\/et_pb_row][et_pb_row _builder_version=\u00bb4.25.1&#8243; _module_preset=\u00bbdefault\u00bb global_colors_info=\u00bb{}\u00bb][et_pb_column type=\u00bb4_4&#8243; _builder_version=\u00bb4.25.1&#8243; _module_preset=\u00bbdefault\u00bb global_colors_info=\u00bb{}\u00bb][et_pb_button button_url=\u00bbhttps:\/\/www.facebook.com\/maxmoto.Motorradtechnik\/\u00bb button_text=\u00bbVe a Maxmoto\u00bb button_alignment=\u00bbcenter\u00bb _builder_version=\u00bb4.25.1&#8243; _module_preset=\u00bbdefault\u00bb custom_button=\u00bbon\u00bb button_text_size=\u00bb32px\u00bb button_text_color=\u00bbrgba(0,0,0,0.71)\u00bb button_bg_use_color_gradient=\u00bbon\u00bb button_border_radius=\u00bb5px\u00bb button_font=\u00bb|||on|||||\u00bb button_icon=\u00bb&#xf21c;||fa||900&#8243; custom_margin=\u00bb85px||71px||false|false\u00bb animation_style=\u00bbbounce\u00bb box_shadow_style=\u00bbpreset4&#8243; global_colors_info=\u00bb{}\u00bb][\/et_pb_button][\/et_pb_column][\/et_pb_row][\/et_pb_section]<\/p>\n","protected":false},"excerpt":{"rendered":"<p>Pantallas de moto | Tecnolog\u00eda de motocicletas MaxMotoEn Moto Screenies estamos muy contentos de dar la bienvenida a un nuevo socio a nuestra creciente familia: \u00a1MaxMoto Motorrad Technik en Altenberge! Este taller independiente est\u00e1 dirigido por Max, un apasionado entusiasta de las motocicletas con m\u00e1s de quince a\u00f1os de experiencia en reparaci\u00f3n y mantenimiento de [&hellip;]<\/p>\n","protected":false},"author":1,"featured_media":0,"parent":0,"menu_order":0,"comment_status":"closed","ping_status":"closed","template":"","meta":{"_et_pb_use_builder":"on","_et_pb_old_content":"","_et_gb_content_width":"","_uf_show_specific_survey":0,"_uf_disable_surveys":false,"footnotes":""},"class_list":["post-264544","page","type-page","status-publish","hentry"],"yoast_head":"<!-- This site is optimized with the Yoast SEO plugin v27.2 - https:\/\/yoast.com\/product\/yoast-seo-wordpress\/ -->\n<title>Maxmoto Motorradtechnik Altenberge - Moto Screenies<\/title>\n<meta name=\"description\" content=\"Descubre MaxMoto Motorrad Technik en Altenberge: tu taller independiente en la regi\u00f3n de M\u00fcnsterland, dirigido por Max, un entusiasta experimentado de las motocicletas y apasionado por la tecnolog\u00eda de motocicletas y el motocross. Desde un mantenimiento sencillo hasta reparaciones extensas del motor, ofrecemos un servicio de alta calidad y atenci\u00f3n personalizada para todos los entusiastas de las motocicletas. Descubre m\u00e1s sobre nuestra colaboraci\u00f3n con MaxMoto y descubre por qu\u00e9 valoramos su experiencia y apoyo.\" \/>\n<meta name=\"robots\" content=\"index, follow, max-snippet:-1, max-image-preview:large, max-video-preview:-1\" \/>\n<link rel=\"canonical\" href=\"https:\/\/moto-screenies.de\/es\/maxmoto-motorradtechnik-altenberge\/\" \/>\n<meta property=\"og:locale\" content=\"es_ES\" \/>\n<meta property=\"og:type\" content=\"article\" \/>\n<meta property=\"og:title\" content=\"Maxmoto Motorradtechnik Altenberge - Moto Screenies\" \/>\n<meta property=\"og:description\" content=\"Descubre MaxMoto Motorrad Technik en Altenberge: tu taller independiente en la regi\u00f3n de M\u00fcnsterland, dirigido por Max, un entusiasta experimentado de las motocicletas y apasionado por la tecnolog\u00eda de motocicletas y el motocross. Desde un mantenimiento sencillo hasta reparaciones extensas del motor, ofrecemos un servicio de alta calidad y atenci\u00f3n personalizada para todos los entusiastas de las motocicletas. Descubre m\u00e1s sobre nuestra colaboraci\u00f3n con MaxMoto y descubre por qu\u00e9 valoramos su experiencia y apoyo.\" \/>\n<meta property=\"og:url\" content=\"https:\/\/moto-screenies.de\/es\/maxmoto-motorradtechnik-altenberge\/\" \/>\n<meta property=\"og:site_name\" content=\"Moto Screenies\" \/>\n<meta property=\"article:modified_time\" content=\"2025-11-25T07:34:46+00:00\" \/>\n<meta name=\"twitter:card\" content=\"summary_large_image\" \/>\n<meta name=\"twitter:label1\" content=\"Tiempo de lectura\" \/>\n\t<meta name=\"twitter:data1\" content=\"8 minutos\" \/>\n<script type=\"application\/ld+json\" class=\"yoast-schema-graph\">{\"@context\":\"https:\/\/schema.org\",\"@graph\":[{\"@type\":\"WebPage\",\"@id\":\"https:\/\/moto-screenies.de\/es\/maxmoto-motorradtechnik-altenberge\/\",\"url\":\"https:\/\/moto-screenies.de\/es\/maxmoto-motorradtechnik-altenberge\/\",\"name\":\"Maxmoto Motorradtechnik Altenberge - Moto Screenies\",\"isPartOf\":{\"@id\":\"https:\/\/moto-screenies.de\/es\/#website\"},\"datePublished\":\"2024-07-02T09:44:11+00:00\",\"dateModified\":\"2025-11-25T07:34:46+00:00\",\"description\":\"Descubre MaxMoto Motorrad Technik en Altenberge: tu taller independiente en la regi\u00f3n de M\u00fcnsterland, dirigido por Max, un entusiasta experimentado de las motocicletas y apasionado por la tecnolog\u00eda de motocicletas y el motocross. Desde un mantenimiento sencillo hasta reparaciones extensas del motor, ofrecemos un servicio de alta calidad y atenci\u00f3n personalizada para todos los entusiastas de las motocicletas. Descubre m\u00e1s sobre nuestra colaboraci\u00f3n con MaxMoto y descubre por qu\u00e9 valoramos su experiencia y apoyo.\",\"breadcrumb\":{\"@id\":\"https:\/\/moto-screenies.de\/es\/maxmoto-motorradtechnik-altenberge\/#breadcrumb\"},\"inLanguage\":\"es\",\"potentialAction\":[{\"@type\":\"ReadAction\",\"target\":[\"https:\/\/moto-screenies.de\/es\/maxmoto-motorradtechnik-altenberge\/\"]}]},{\"@type\":\"BreadcrumbList\",\"@id\":\"https:\/\/moto-screenies.de\/es\/maxmoto-motorradtechnik-altenberge\/#breadcrumb\",\"itemListElement\":[{\"@type\":\"ListItem\",\"position\":1,\"name\":\"Startseite\",\"item\":\"https:\/\/moto-screenies.de\/es\/\"},{\"@type\":\"ListItem\",\"position\":2,\"name\":\"Maxmoto Motorradtechnik Altenberge\"}]},{\"@type\":\"WebSite\",\"@id\":\"https:\/\/moto-screenies.de\/es\/#website\",\"url\":\"https:\/\/moto-screenies.de\/es\/\",\"name\":\"Moto Screenies\",\"description\":\"Die Displayschutzfolie f\u00fcr dein Motorrad\",\"publisher\":{\"@id\":\"https:\/\/moto-screenies.de\/es\/#organization\"},\"alternateName\":\"MS\",\"potentialAction\":[{\"@type\":\"SearchAction\",\"target\":{\"@type\":\"EntryPoint\",\"urlTemplate\":\"https:\/\/moto-screenies.de\/es\/?s={search_term_string}\"},\"query-input\":{\"@type\":\"PropertyValueSpecification\",\"valueRequired\":true,\"valueName\":\"search_term_string\"}}],\"inLanguage\":\"es\"},{\"@type\":\"Organization\",\"@id\":\"https:\/\/moto-screenies.de\/es\/#organization\",\"name\":\"Moto Screenies\",\"url\":\"https:\/\/moto-screenies.de\/es\/\",\"logo\":{\"@type\":\"ImageObject\",\"inLanguage\":\"es\",\"@id\":\"https:\/\/moto-screenies.de\/es\/#\/schema\/logo\/image\/\",\"url\":\"\",\"contentUrl\":\"\",\"caption\":\"Moto Screenies\"},\"image\":{\"@id\":\"https:\/\/moto-screenies.de\/es\/#\/schema\/logo\/image\/\"}}]}<\/script>\n<!-- \/ Yoast SEO plugin. -->","yoast_head_json":{"title":"Maxmoto Motorradtechnik Altenberge - Moto Screenies","description":"Descubre MaxMoto Motorrad Technik en Altenberge: tu taller independiente en la regi\u00f3n de M\u00fcnsterland, dirigido por Max, un entusiasta experimentado de las motocicletas y apasionado por la tecnolog\u00eda de motocicletas y el motocross. Desde un mantenimiento sencillo hasta reparaciones extensas del motor, ofrecemos un servicio de alta calidad y atenci\u00f3n personalizada para todos los entusiastas de las motocicletas. Descubre m\u00e1s sobre nuestra colaboraci\u00f3n con MaxMoto y descubre por qu\u00e9 valoramos su experiencia y apoyo.","robots":{"index":"index","follow":"follow","max-snippet":"max-snippet:-1","max-image-preview":"max-image-preview:large","max-video-preview":"max-video-preview:-1"},"canonical":"https:\/\/moto-screenies.de\/es\/maxmoto-motorradtechnik-altenberge\/","og_locale":"es_ES","og_type":"article","og_title":"Maxmoto Motorradtechnik Altenberge - Moto Screenies","og_description":"Descubre MaxMoto Motorrad Technik en Altenberge: tu taller independiente en la regi\u00f3n de M\u00fcnsterland, dirigido por Max, un entusiasta experimentado de las motocicletas y apasionado por la tecnolog\u00eda de motocicletas y el motocross. Desde un mantenimiento sencillo hasta reparaciones extensas del motor, ofrecemos un servicio de alta calidad y atenci\u00f3n personalizada para todos los entusiastas de las motocicletas. Descubre m\u00e1s sobre nuestra colaboraci\u00f3n con MaxMoto y descubre por qu\u00e9 valoramos su experiencia y apoyo.","og_url":"https:\/\/moto-screenies.de\/es\/maxmoto-motorradtechnik-altenberge\/","og_site_name":"Moto Screenies","article_modified_time":"2025-11-25T07:34:46+00:00","twitter_card":"summary_large_image","twitter_misc":{"Tiempo de lectura":"8 minutos"},"schema":{"@context":"https:\/\/schema.org","@graph":[{"@type":"WebPage","@id":"https:\/\/moto-screenies.de\/es\/maxmoto-motorradtechnik-altenberge\/","url":"https:\/\/moto-screenies.de\/es\/maxmoto-motorradtechnik-altenberge\/","name":"Maxmoto Motorradtechnik Altenberge - Moto Screenies","isPartOf":{"@id":"https:\/\/moto-screenies.de\/es\/#website"},"datePublished":"2024-07-02T09:44:11+00:00","dateModified":"2025-11-25T07:34:46+00:00","description":"Descubre MaxMoto Motorrad Technik en Altenberge: tu taller independiente en la regi\u00f3n de M\u00fcnsterland, dirigido por Max, un entusiasta experimentado de las motocicletas y apasionado por la tecnolog\u00eda de motocicletas y el motocross. Desde un mantenimiento sencillo hasta reparaciones extensas del motor, ofrecemos un servicio de alta calidad y atenci\u00f3n personalizada para todos los entusiastas de las motocicletas. Descubre m\u00e1s sobre nuestra colaboraci\u00f3n con MaxMoto y descubre por qu\u00e9 valoramos su experiencia y apoyo.","breadcrumb":{"@id":"https:\/\/moto-screenies.de\/es\/maxmoto-motorradtechnik-altenberge\/#breadcrumb"},"inLanguage":"es","potentialAction":[{"@type":"ReadAction","target":["https:\/\/moto-screenies.de\/es\/maxmoto-motorradtechnik-altenberge\/"]}]},{"@type":"BreadcrumbList","@id":"https:\/\/moto-screenies.de\/es\/maxmoto-motorradtechnik-altenberge\/#breadcrumb","itemListElement":[{"@type":"ListItem","position":1,"name":"Startseite","item":"https:\/\/moto-screenies.de\/es\/"},{"@type":"ListItem","position":2,"name":"Maxmoto Motorradtechnik Altenberge"}]},{"@type":"WebSite","@id":"https:\/\/moto-screenies.de\/es\/#website","url":"https:\/\/moto-screenies.de\/es\/","name":"Moto Screenies","description":"Die Displayschutzfolie f\u00fcr dein Motorrad","publisher":{"@id":"https:\/\/moto-screenies.de\/es\/#organization"},"alternateName":"MS","potentialAction":[{"@type":"SearchAction","target":{"@type":"EntryPoint","urlTemplate":"https:\/\/moto-screenies.de\/es\/?s={search_term_string}"},"query-input":{"@type":"PropertyValueSpecification","valueRequired":true,"valueName":"search_term_string"}}],"inLanguage":"es"},{"@type":"Organization","@id":"https:\/\/moto-screenies.de\/es\/#organization","name":"Moto Screenies","url":"https:\/\/moto-screenies.de\/es\/","logo":{"@type":"ImageObject","inLanguage":"es","@id":"https:\/\/moto-screenies.de\/es\/#\/schema\/logo\/image\/","url":"","contentUrl":"","caption":"Moto Screenies"},"image":{"@id":"https:\/\/moto-screenies.de\/es\/#\/schema\/logo\/image\/"}}]}},"_links":{"self":[{"href":"https:\/\/moto-screenies.de\/es\/wp-json\/wp\/v2\/pages\/264544","targetHints":{"allow":["GET"]}}],"collection":[{"href":"https:\/\/moto-screenies.de\/es\/wp-json\/wp\/v2\/pages"}],"about":[{"href":"https:\/\/moto-screenies.de\/es\/wp-json\/wp\/v2\/types\/page"}],"author":[{"embeddable":true,"href":"https:\/\/moto-screenies.de\/es\/wp-json\/wp\/v2\/users\/1"}],"replies":[{"embeddable":true,"href":"https:\/\/moto-screenies.de\/es\/wp-json\/wp\/v2\/comments?post=264544"}],"version-history":[{"count":0,"href":"https:\/\/moto-screenies.de\/es\/wp-json\/wp\/v2\/pages\/264544\/revisions"}],"wp:attachment":[{"href":"https:\/\/moto-screenies.de\/es\/wp-json\/wp\/v2\/media?parent=264544"}],"curies":[{"name":"wp","href":"https:\/\/api.w.org\/{rel}","templated":true}]}}