{"id":264558,"date":"2024-05-31T16:36:49","date_gmt":"2024-05-31T14:36:49","guid":{"rendered":"https:\/\/moto-screenies.de\/4moto-motoscreenies\/"},"modified":"2025-11-25T08:36:03","modified_gmt":"2025-11-25T07:36:03","slug":"4moto-motoscreenies","status":"publish","type":"page","link":"https:\/\/moto-screenies.de\/es\/4moto-motoscreenies\/","title":{"rendered":"4moto-motoscreenies-"},"content":{"rendered":"<p>[et_pb_section fb_built=\u00bb1&#8243; _builder_version=\u00bb4.25.1&#8243; _module_preset=\u00bbdefault\u00bb global_colors_info=\u00bb{}\u00bb][et_pb_row _builder_version=\u00bb4.25.1&#8243; _module_preset=\u00bbdefault\u00bb global_colors_info=\u00bb{}\u00bb][et_pb_column type=\u00bb4_4&#8243; _builder_version=\u00bb4.25.1&#8243; _module_preset=\u00bbdefault\u00bb global_colors_info=\u00bb{}\u00bb][et_pb_image src=\u00bbhttps:\/\/moto-screenies.de\/wp-content\/uploads\/2025\/11\/ms-4moto-1-scaled.png\u00bb alt=\u00bb4moto-motoscreenies-\u00bb title_text=\u00bbMS-4moto (1)\u00bb _builder_version=\u00bb4.27.4&#8243; _module_preset=\u00bbdefault\u00bb custom_margin=\u00bb-4px|||62px|false|false\u00bb custom_margin_tablet=\u00bb-4px|||62px|false|false\u00bb custom_margin_phone=\u00bb0px|||25px|false|false\u00bb custom_margin_last_edited=\u00bbon|phone\u00bb hover_enabled=\u00bb0&#8243; global_colors_info=\u00bb{}\u00bb sticky_enabled=\u00bb0&#8243;][\/et_pb_image][et_pb_image src=\u00bbhttps:\/\/moto-screenies.de\/wp-content\/uploads\/2025\/11\/BMW_M1000RR_EWC_2022_monster-motoscreenies-energy_4moto_Champion_factory_racing.jpg\u00bb alt=\u00bb4moto-motoscreenies-\u00bb title_text=\u00bbBMW_M1000RR_EWC_2022_monster-motoscreenies-energy_4moto_Champion_factory_racing\u00bb show_in_lightbox=\u00bbon\u00bb _builder_version=\u00bb4.27.4&#8243; _module_preset=\u00bbdefault\u00bb hover_enabled=\u00bb0&#8243; border_radii=\u00bbon|15px|15px|15px|15px\u00bb global_colors_info=\u00bb{}\u00bb sticky_enabled=\u00bb0&#8243;][\/et_pb_image][\/et_pb_column][\/et_pb_row][et_pb_row _builder_version=\u00bb4.25.1&#8243; _module_preset=\u00bbdefault\u00bb global_colors_info=\u00bb{}\u00bb][et_pb_column type=\u00bb4_4&#8243; _builder_version=\u00bb4.25.1&#8243; _module_preset=\u00bbdefault\u00bb global_colors_info=\u00bb{}\u00bb][et_pb_text _builder_version=\u00bb4.25.1&#8243; _module_preset=\u00bbdefault\u00bb text_font=\u00bbArial|800||on|||||\u00bb header_font=\u00bbArial|800||on|||||\u00bb header_font_size=\u00bb40px\u00bb header_letter_spacing=\u00bb2px\u00bb header_font_last_edited=\u00bboff|desktop\u00bb header_font_size_tablet=\u00bb40px\u00bb header_font_size_phone=\u00bb17px\u00bb header_font_size_last_edited=\u00bbon|phone\u00bb header_text_shadow_style=\u00bbpreset3&#8243; header_text_shadow_blur_strength=\u00bb0.81em\u00bb header_text_shadow_color=\u00bb#0C71C3&#8243; global_colors_info=\u00bb{}\u00bb]<\/p>\n<h1 style=\"text-align: center\">Pantallas de moto | 4Moto<\/h1>\n<p>[\/et_pb_text][et_pb_text _builder_version=\u00bb4.25.1&#8243; _module_preset=\u00bbdefault\u00bb text_font=\u00bb||||||||\u00bb text_text_color=\u00bb#5e5e5e\u00bb text_font_size=\u00bb17px\u00bb background_color=\u00bbrgba(0,0,0,0.1)\u00bb custom_padding=\u00bb20px|20px|20px|20px|false|false\u00bb text_font_size_tablet=\u00bb17px\u00bb text_font_size_phone=\u00bb14px\u00bb text_font_size_last_edited=\u00bbon|phone\u00bb border_radii=\u00bbon|10px|10px|10px|10px\u00bb global_colors_info=\u00bb{}\u00bb]<\/p>\n<p style=\"text-align: left\">Nos complace anunciar que ahora podemos llamar a Maik y al equipo <a href=\"https:\/\/www.4moto-shop.de\/?8\">4Moto<\/a> <strong>nuestros socios<\/strong> :<\/p>\n<p>A partir de ahora, los codiciados decoros de motos 4Moto y Wheelskinz est\u00e1n disponibles en nuestra tienda, fieles al lema \u00ab\u00a1Conduce con estilo\u00bb!<\/p>\n<p>Pero eso no es todo. Trabajamos estrechamente con 4Moto para desarrollar pel\u00edculas especiales de protecci\u00f3n del veloc\u00edmetro para paneles de competici\u00f3n, como los de L2M &#8211; 2D Data Dashboards. <strong>Estos productos exclusivos solo est\u00e1n disponibles en 4Moto en <a href=\"https:\/\/www.4moto-shop.de\/?8\">la tienda<\/a> .<\/strong> <\/p>\n<p style=\"text-align: left\">Adem\u00e1s, junto con 4Moto, desarrollamos prototipos para pel\u00edculas protectoras que demuestran su eficacia en las carreras, especialmente en <strong>IDM y MotoGP.<\/strong> Esta cooperaci\u00f3n \u00fanica nos permite crear pel\u00edculas protectoras innovadoras mientras nos beneficiamos directamente de <strong>la experiencia pr\u00e1ctica en carreras reales<\/strong> . <\/p>\n<p><em>Un agradecimiento especial a 4Moto por esta gran oportunidad.<\/em><\/p>\n<p>[\/et_pb_text][et_pb_button button_url=\u00bbhttps:\/\/www.4moto-shop.de\/?8&#8243; button_text=\u00bbIr a la tienda\u00bb button_alignment=\u00bbcenter\u00bb _builder_version=\u00bb4.25.1&#8243; _module_preset=\u00bbdefault\u00bb custom_button=\u00bbon\u00bb button_text_size=\u00bb32px\u00bb button_text_color=\u00bbrgba(0,0,0,0.71)\u00bb button_bg_use_color_gradient=\u00bbon\u00bb button_border_radius=\u00bb5px\u00bb button_font=\u00bb|||on|||||\u00bb button_icon=\u00bb&#xf21c;||fa||900&#8243; custom_margin=\u00bb85px||71px||false|false\u00bb animation_style=\u00bbbounce\u00bb box_shadow_style=\u00bbpreset4&#8243; global_colors_info=\u00bb{}\u00bb][\/et_pb_button][et_pb_divider _builder_version=\u00bb4.25.1&#8243; _module_preset=\u00bbdefault\u00bb global_colors_info=\u00bb{}\u00bb][\/et_pb_divider][et_pb_text _builder_version=\u00bb4.25.1&#8243; _module_preset=\u00bbdefault\u00bb header_2_font=\u00bb|800||on|||||\u00bb header_2_font_size=\u00bb45px\u00bb header_2_font_size_tablet=\u00bb45px\u00bb header_2_font_size_phone=\u00bb29px\u00bb header_2_font_size_last_edited=\u00bbon|phone\u00bb header_2_text_shadow_style=\u00bbpreset3&#8243; header_2_text_shadow_blur_strength=\u00bb0.58em\u00bb header_2_text_shadow_color=\u00bb#0C71C3&#8243; global_colors_info=\u00bb{}\u00bb]<\/p>\n<h2 style=\"text-align: center\">\u00bfQui\u00e9n es 4Moto?<\/h2>\n<p>[\/et_pb_text][\/et_pb_column][\/et_pb_row][et_pb_row column_structure=\u00bb2_3,1_3&#8243; _builder_version=\u00bb4.25.1&#8243; _module_preset=\u00bbdefault\u00bb use_background_color_gradient=\u00bbon\u00bb background_color_gradient_direction=\u00bb267deg\u00bb background_color_gradient_stops=\u00bbrgba(118,196,198,0.61) 30%|rgba(72,139,200,0.69) 100%\u00bb border_radii=\u00bbon|20px|20px|20px|20px\u00bb global_colors_info=\u00bb{}\u00bb][et_pb_column type=\u00bb2_3&#8243; _builder_version=\u00bb4.25.1&#8243; _module_preset=\u00bbdefault\u00bb global_colors_info=\u00bb{}\u00bb][et_pb_text _builder_version=\u00bb4.25.1&#8243; _module_preset=\u00bbdefault\u00bb text_font=\u00bb||||||||\u00bb text_text_color=\u00bb#5e5e5e\u00bb text_font_size=\u00bb17px\u00bb background_enable_color=\u00bboff\u00bb custom_padding=\u00bb20px|20px|20px|20px|false|false\u00bb text_font_size_tablet=\u00bb17px\u00bb text_font_size_phone=\u00bb14px\u00bb text_font_size_last_edited=\u00bbon|phone\u00bb border_radii=\u00bbon|10px|10px|10px|10px\u00bb global_colors_info=\u00bb{}\u00bb]<\/p>\n<p>4Moto\u00ae es una empresa l\u00edder en el campo de la decoraci\u00f3n y los wheelskinz para motocicletas.<\/p>\n<p>Desde <strong>2008, 4Moto ofrece soluciones cinematogr\u00e1ficas de alta calidad desarrolladas internamente<\/strong>, que son tanto visualmente atractivas como funcionales. Especializada en <strong>decoraciones de carrocer\u00eda completa para motocicletas de carretera y de carreras<\/strong>, 4Moto protege la pintura de tu moto y le da un aspecto personalizado. <\/p>\n<p>Con m\u00e1s <strong>de 15 a\u00f1os de experiencia<\/strong> , la empresa otorga gran importancia a la calidad y la atenci\u00f3n al detalle. <strong>Muchos equipos profesionales de carreras, incluidos los de IDM y los Campeonatos Mundiales de Moto2, utilizan productos 4Moto<\/strong>, lo que subraya su fiabilidad y altos est\u00e1ndares.<\/p>\n<p>Pero como todos sabemos, las fotos y v\u00eddeos tienen m\u00e1s de 1000 palabras, no dudes en echar un vistazo a las redes sociales de 4Moto<\/p>\n<p>[\/et_pb_text][et_pb_social_media_follow icon_color=\u00bb#FFFFFF\u00bb use_icon_font_size=\u00bbon\u00bb icon_font_size=\u00bb17px\u00bb _builder_version=\u00bb4.25.1&#8243; _module_preset=\u00bbdefault\u00bb background_color=\u00bbRGBA(255,255,255,0)\u00bb text_orientation=\u00bbcenter\u00bb global_colors_info=\u00bb{}\u00bb][et_pb_social_media_follow_network social_network=\u00bbfacebook\u00bb url=\u00bbhttps:\/\/www.facebook.com\/4moto.de\/\u00bb _builder_version=\u00bb4.25.1&#8243; _module_preset=\u00bbdefault\u00bb background_color=\u00bb#3b5998&#8243; global_colors_info=\u00bb{}\u00bb follow_button=\u00bboff\u00bb url_new_window=\u00bbon\u00bb]facebook[\/et_pb_social_media_follow_network][et_pb_social_media_follow_network social_network=\u00bbinstagram\u00bb url=\u00bbhttps:\/\/www.instagram.com\/4moto.de\/?hl=de\u00bb _builder_version=\u00bb4.25.1&#8243; _module_preset=\u00bbdefault\u00bb background_color=\u00bb#ea2c59&#8243; global_colors_info=\u00bb{}\u00bb follow_button=\u00bboff\u00bb url_new_window=\u00bbon\u00bb]instagram[\/et_pb_social_media_follow_network][et_pb_social_media_follow_network social_network=\u00bbtwitter\u00bb url=\u00bbhttps:\/\/x.com\/4motomaik?lang=de\u00bb _builder_version=\u00bb4.25.1&#8243; _module_preset=\u00bbdefault\u00bb background_color=\u00bb#000000&#8243; global_colors_info=\u00bb{}\u00bb follow_button=\u00bboff\u00bb url_new_window=\u00bbon\u00bb]twitter[\/et_pb_social_media_follow_network][et_pb_social_media_follow_network social_network=\u00bbyoutube\u00bb url=\u00bbhttps:\/\/www.youtube.com\/channel\/UCqKDQaygDus_8pLgVoneG5Q\u00bb _builder_version=\u00bb4.25.1&#8243; _module_preset=\u00bbdefault\u00bb background_color=\u00bb#a82400&#8243; global_colors_info=\u00bb{}\u00bb follow_button=\u00bboff\u00bb url_new_window=\u00bbon\u00bb]youtube[\/et_pb_social_media_follow_network][\/et_pb_social_media_follow][\/et_pb_column][et_pb_column type=\u00bb1_3&#8243; _builder_version=\u00bb4.25.1&#8243; _module_preset=\u00bbdefault\u00bb global_colors_info=\u00bb{}\u00bb][et_pb_video src=\u00bbhttps:\/\/www.youtube.com\/watch?v=ERap_zT8l0E&amp;ab_channel=MINDWORKMarketing%26CommunicationsAgency\u00bb image_src=\u00bb\/\/i.ytimg.com\/vi\/ERap_zT8l0E\/hqdefault.jpg\u00bb _builder_version=\u00bb4.25.1&#8243; _module_preset=\u00bbdefault\u00bb custom_padding=\u00bb157px|10px|10px|10px|false|false\u00bb custom_padding_tablet=\u00bb157px|10px|10px|10px|false|false\u00bb custom_padding_phone=\u00bb0px|15px|10px|15px|false|false\u00bb custom_padding_last_edited=\u00bbon|phone\u00bb border_radii=\u00bbon|30px|30px|30px|30px\u00bb global_colors_info=\u00bb{}\u00bb][\/et_pb_video][\/et_pb_column][\/et_pb_row][et_pb_row column_structure=\u00bb1_3,1_3,1_3&#8243; _builder_version=\u00bb4.25.1&#8243; _module_preset=\u00bbdefault\u00bb global_colors_info=\u00bb{}\u00bb][et_pb_column type=\u00bb1_3&#8243; _builder_version=\u00bb4.25.1&#8243; _module_preset=\u00bbdefault\u00bb global_colors_info=\u00bb{}\u00bb][et_pb_video src=\u00bbhttps:\/\/moto-screenies.de\/wp-content\/uploads\/2024\/05\/Happy-Weekend-Bikewrap-4moto-Ducati-panigalev4r-panigale-pramac.mp4&#8243; image_src=\u00bbhttps:\/\/moto-screenies.de\/wp-content\/uploads\/2024\/05\/2-15.png\u00bb _builder_version=\u00bb4.25.1&#8243; _module_preset=\u00bbdefault\u00bb global_colors_info=\u00bb{}\u00bb][\/et_pb_video][\/et_pb_column][et_pb_column type=\u00bb1_3&#8243; _builder_version=\u00bb4.25.1&#8243; _module_preset=\u00bbdefault\u00bb global_colors_info=\u00bb{}\u00bb][et_pb_video src=\u00bbhttps:\/\/moto-screenies.de\/wp-content\/uploads\/2024\/05\/4moto-Triumph-Race-Dekor-bikewrap-4moto-folie-4motographics-triumph.mp4&#8243; image_src=\u00bbhttps:\/\/moto-screenies.de\/wp-content\/uploads\/2024\/05\/1-179.png\u00bb _builder_version=\u00bb4.25.1&#8243; _module_preset=\u00bbdefault\u00bb border_radii=\u00bbon|10px|10px|10px|10px\u00bb global_colors_info=\u00bb{}\u00bb][\/et_pb_video][\/et_pb_column][et_pb_column type=\u00bb1_3&#8243; _builder_version=\u00bb4.25.1&#8243; _module_preset=\u00bbdefault\u00bb global_colors_info=\u00bb{}\u00bb][et_pb_video src=\u00bbhttps:\/\/moto-screenies.de\/wp-content\/uploads\/2024\/05\/IDM-2023-@gert56racing-Design-Print-Wrap.mp4&#8243; image_src=\u00bbhttps:\/\/moto-screenies.de\/wp-content\/uploads\/2024\/05\/3-1.png\u00bb _builder_version=\u00bb4.25.1&#8243; _module_preset=\u00bbdefault\u00bb global_colors_info=\u00bb{}\u00bb][\/et_pb_video][\/et_pb_column][\/et_pb_row][et_pb_row _builder_version=\u00bb4.25.1&#8243; _module_preset=\u00bbdefault\u00bb global_colors_info=\u00bb{}\u00bb][et_pb_column type=\u00bb4_4&#8243; _builder_version=\u00bb4.25.1&#8243; _module_preset=\u00bbdefault\u00bb global_colors_info=\u00bb{}\u00bb][et_pb_divider _builder_version=\u00bb4.25.1&#8243; _module_preset=\u00bbdefault\u00bb global_colors_info=\u00bb{}\u00bb][\/et_pb_divider][et_pb_text _builder_version=\u00bb4.25.1&#8243; _module_preset=\u00bbdefault\u00bb header_2_font=\u00bb|800||on|||||\u00bb header_2_text_shadow_style=\u00bbpreset3&#8243; header_2_text_shadow_blur_strength=\u00bb0.58em\u00bb header_2_text_shadow_color=\u00bb#0C71C3&#8243; global_colors_info=\u00bb{}\u00bb]<\/p>\n<h2 style=\"text-align: center\">Visitamos a Maik desde 4moto en sus sagrados salones<\/h2>\n<p>[\/et_pb_text][et_pb_text _builder_version=\u00bb4.25.1&#8243; _module_preset=\u00bbdefault\u00bb text_font=\u00bb||||||||\u00bb text_text_color=\u00bb#5e5e5e\u00bb text_font_size=\u00bb17px\u00bb background_color=\u00bbrgba(0,0,0,0.1)\u00bb custom_padding=\u00bb20px|20px|20px|20px|false|false\u00bb border_radii=\u00bbon|10px|10px|10px|10px\u00bb global_colors_info=\u00bb{}\u00bb]<\/p>\n<p style=\"text-align: left\"><strong>V\u00eddeo a seguir<\/strong>, para que no te pierdas nada, \u00a1 <a href=\"https:\/\/www.youtube.com\/channel\/UC-NPCsaO9S7lX6dLmxNKEPw\">pulsa suscribirte!<\/a><\/p>\n<p style=\"text-align: left\">Esperamos visitar pronto a Maik de 4Moto con nuestro canal de YouTube Moto Screenies. Permanece atento y no te pierdas la emocionante visita guiada por su taller y las perspectivas sobre el mundo de la decoraci\u00f3n para motos. <\/p>\n<p>[\/et_pb_text][\/et_pb_column][\/et_pb_row][et_pb_row _builder_version=\u00bb4.25.1&#8243; _module_preset=\u00bbdefault\u00bb global_colors_info=\u00bb{}\u00bb][et_pb_column type=\u00bb4_4&#8243; _builder_version=\u00bb4.25.1&#8243; _module_preset=\u00bbdefault\u00bb global_colors_info=\u00bb{}\u00bb][et_pb_video src=\u00bbhttps:\/\/www.youtube.com\/channel\/UC-NPCsaO9S7lX6dLmxNKEPw\u00bb image_src=\u00bbhttps:\/\/moto-screenies.de\/wp-content\/uploads\/2024\/05\/istockphoto-1190940132-612&#215;612-1.jpg\u00bb _builder_version=\u00bb4.25.1&#8243; _module_preset=\u00bbdefault\u00bb global_colors_info=\u00bb{}\u00bb][\/et_pb_video][et_pb_button button_url=\u00bbhttps:\/\/www.4moto-shop.de\/?8&#8243; button_text=\u00bbIr a la tienda\u00bb button_alignment=\u00bbcenter\u00bb _builder_version=\u00bb4.25.1&#8243; _module_preset=\u00bbdefault\u00bb custom_button=\u00bbon\u00bb button_text_size=\u00bb32px\u00bb button_text_color=\u00bbrgba(0,0,0,0.71)\u00bb button_bg_use_color_gradient=\u00bbon\u00bb button_border_radius=\u00bb5px\u00bb button_font=\u00bb|||on|||||\u00bb button_icon=\u00bb&#xf21c;||fa||900&#8243; custom_margin=\u00bb85px||71px||false|false\u00bb animation_style=\u00bbbounce\u00bb box_shadow_style=\u00bbpreset4&#8243; global_colors_info=\u00bb{}\u00bb][\/et_pb_button][\/et_pb_column][\/et_pb_row][\/et_pb_section]<\/p>\n","protected":false},"excerpt":{"rendered":"<p>Pantallas de moto | 4MotoNos complace anunciar que ahora podemos llamar a Maik y al equipo 4Moto nuestros socios : A partir de ahora, los codiciados decoros de motos 4Moto y Wheelskinz est\u00e1n disponibles en nuestra tienda, fieles al lema \u00ab\u00a1Conduce con estilo\u00bb! Pero eso no es todo. Trabajamos estrechamente con 4Moto para desarrollar pel\u00edculas [&hellip;]<\/p>\n","protected":false},"author":1,"featured_media":0,"parent":0,"menu_order":0,"comment_status":"closed","ping_status":"closed","template":"","meta":{"_et_pb_use_builder":"on","_et_pb_old_content":"","_et_gb_content_width":"","_uf_show_specific_survey":0,"_uf_disable_surveys":false,"footnotes":""},"class_list":["post-264558","page","type-page","status-publish","hentry"],"yoast_head":"<!-- This site is optimized with the Yoast SEO plugin v27.2 - https:\/\/yoast.com\/product\/yoast-seo-wordpress\/ -->\n<title>Cooperaci\u00f3n y colaboraci\u00f3n de Moto Screenies con 4Moto<\/title>\n<meta name=\"description\" content=\"Descubre la cooperaci\u00f3n y colaboraci\u00f3n entre Moto Screenies y 4Moto. Descubre m\u00e1s sobre decoraciones innovadoras para motos y pel\u00edculas de protecci\u00f3n del veloc\u00edmetro que hacen que tu moto brille con un nuevo esplendor y la protejan de la mejor manera. \u00a1Permanece atento para actualizaciones emocionantes y an\u00e1lisis exclusivos!\" \/>\n<meta name=\"robots\" content=\"index, follow, max-snippet:-1, max-image-preview:large, max-video-preview:-1\" \/>\n<link rel=\"canonical\" href=\"https:\/\/moto-screenies.de\/es\/4moto-motoscreenies\/\" \/>\n<meta property=\"og:locale\" content=\"es_ES\" \/>\n<meta property=\"og:type\" content=\"article\" \/>\n<meta property=\"og:title\" content=\"Cooperaci\u00f3n y colaboraci\u00f3n de Moto Screenies con 4Moto\" \/>\n<meta property=\"og:description\" content=\"Descubre la cooperaci\u00f3n y colaboraci\u00f3n entre Moto Screenies y 4Moto. Descubre m\u00e1s sobre decoraciones innovadoras para motos y pel\u00edculas de protecci\u00f3n del veloc\u00edmetro que hacen que tu moto brille con un nuevo esplendor y la protejan de la mejor manera. \u00a1Permanece atento para actualizaciones emocionantes y an\u00e1lisis exclusivos!\" \/>\n<meta property=\"og:url\" content=\"https:\/\/moto-screenies.de\/es\/4moto-motoscreenies\/\" \/>\n<meta property=\"og:site_name\" content=\"Moto Screenies\" \/>\n<meta property=\"article:modified_time\" content=\"2025-11-25T07:36:03+00:00\" \/>\n<meta name=\"twitter:card\" content=\"summary_large_image\" \/>\n<meta name=\"twitter:label1\" content=\"Tiempo de lectura\" \/>\n\t<meta name=\"twitter:data1\" content=\"8 minutos\" \/>\n<script type=\"application\/ld+json\" class=\"yoast-schema-graph\">{\"@context\":\"https:\/\/schema.org\",\"@graph\":[{\"@type\":\"WebPage\",\"@id\":\"https:\/\/moto-screenies.de\/es\/4moto-motoscreenies\/\",\"url\":\"https:\/\/moto-screenies.de\/es\/4moto-motoscreenies\/\",\"name\":\"Cooperaci\u00f3n y colaboraci\u00f3n de Moto Screenies con 4Moto\",\"isPartOf\":{\"@id\":\"https:\/\/moto-screenies.de\/es\/#website\"},\"datePublished\":\"2024-05-31T14:36:49+00:00\",\"dateModified\":\"2025-11-25T07:36:03+00:00\",\"description\":\"Descubre la cooperaci\u00f3n y colaboraci\u00f3n entre Moto Screenies y 4Moto. Descubre m\u00e1s sobre decoraciones innovadoras para motos y pel\u00edculas de protecci\u00f3n del veloc\u00edmetro que hacen que tu moto brille con un nuevo esplendor y la protejan de la mejor manera. \u00a1Permanece atento para actualizaciones emocionantes y an\u00e1lisis exclusivos!\",\"breadcrumb\":{\"@id\":\"https:\/\/moto-screenies.de\/es\/4moto-motoscreenies\/#breadcrumb\"},\"inLanguage\":\"es\",\"potentialAction\":[{\"@type\":\"ReadAction\",\"target\":[\"https:\/\/moto-screenies.de\/es\/4moto-motoscreenies\/\"]}]},{\"@type\":\"BreadcrumbList\",\"@id\":\"https:\/\/moto-screenies.de\/es\/4moto-motoscreenies\/#breadcrumb\",\"itemListElement\":[{\"@type\":\"ListItem\",\"position\":1,\"name\":\"Startseite\",\"item\":\"https:\/\/moto-screenies.de\/es\/\"},{\"@type\":\"ListItem\",\"position\":2,\"name\":\"4moto-motoscreenies-\"}]},{\"@type\":\"WebSite\",\"@id\":\"https:\/\/moto-screenies.de\/es\/#website\",\"url\":\"https:\/\/moto-screenies.de\/es\/\",\"name\":\"Moto Screenies\",\"description\":\"Die Displayschutzfolie f\u00fcr dein Motorrad\",\"publisher\":{\"@id\":\"https:\/\/moto-screenies.de\/es\/#organization\"},\"alternateName\":\"MS\",\"potentialAction\":[{\"@type\":\"SearchAction\",\"target\":{\"@type\":\"EntryPoint\",\"urlTemplate\":\"https:\/\/moto-screenies.de\/es\/?s={search_term_string}\"},\"query-input\":{\"@type\":\"PropertyValueSpecification\",\"valueRequired\":true,\"valueName\":\"search_term_string\"}}],\"inLanguage\":\"es\"},{\"@type\":\"Organization\",\"@id\":\"https:\/\/moto-screenies.de\/es\/#organization\",\"name\":\"Moto Screenies\",\"url\":\"https:\/\/moto-screenies.de\/es\/\",\"logo\":{\"@type\":\"ImageObject\",\"inLanguage\":\"es\",\"@id\":\"https:\/\/moto-screenies.de\/es\/#\/schema\/logo\/image\/\",\"url\":\"\",\"contentUrl\":\"\",\"caption\":\"Moto Screenies\"},\"image\":{\"@id\":\"https:\/\/moto-screenies.de\/es\/#\/schema\/logo\/image\/\"}}]}<\/script>\n<!-- \/ Yoast SEO plugin. -->","yoast_head_json":{"title":"Cooperaci\u00f3n y colaboraci\u00f3n de Moto Screenies con 4Moto","description":"Descubre la cooperaci\u00f3n y colaboraci\u00f3n entre Moto Screenies y 4Moto. Descubre m\u00e1s sobre decoraciones innovadoras para motos y pel\u00edculas de protecci\u00f3n del veloc\u00edmetro que hacen que tu moto brille con un nuevo esplendor y la protejan de la mejor manera. \u00a1Permanece atento para actualizaciones emocionantes y an\u00e1lisis exclusivos!","robots":{"index":"index","follow":"follow","max-snippet":"max-snippet:-1","max-image-preview":"max-image-preview:large","max-video-preview":"max-video-preview:-1"},"canonical":"https:\/\/moto-screenies.de\/es\/4moto-motoscreenies\/","og_locale":"es_ES","og_type":"article","og_title":"Cooperaci\u00f3n y colaboraci\u00f3n de Moto Screenies con 4Moto","og_description":"Descubre la cooperaci\u00f3n y colaboraci\u00f3n entre Moto Screenies y 4Moto. Descubre m\u00e1s sobre decoraciones innovadoras para motos y pel\u00edculas de protecci\u00f3n del veloc\u00edmetro que hacen que tu moto brille con un nuevo esplendor y la protejan de la mejor manera. \u00a1Permanece atento para actualizaciones emocionantes y an\u00e1lisis exclusivos!","og_url":"https:\/\/moto-screenies.de\/es\/4moto-motoscreenies\/","og_site_name":"Moto Screenies","article_modified_time":"2025-11-25T07:36:03+00:00","twitter_card":"summary_large_image","twitter_misc":{"Tiempo de lectura":"8 minutos"},"schema":{"@context":"https:\/\/schema.org","@graph":[{"@type":"WebPage","@id":"https:\/\/moto-screenies.de\/es\/4moto-motoscreenies\/","url":"https:\/\/moto-screenies.de\/es\/4moto-motoscreenies\/","name":"Cooperaci\u00f3n y colaboraci\u00f3n de Moto Screenies con 4Moto","isPartOf":{"@id":"https:\/\/moto-screenies.de\/es\/#website"},"datePublished":"2024-05-31T14:36:49+00:00","dateModified":"2025-11-25T07:36:03+00:00","description":"Descubre la cooperaci\u00f3n y colaboraci\u00f3n entre Moto Screenies y 4Moto. Descubre m\u00e1s sobre decoraciones innovadoras para motos y pel\u00edculas de protecci\u00f3n del veloc\u00edmetro que hacen que tu moto brille con un nuevo esplendor y la protejan de la mejor manera. \u00a1Permanece atento para actualizaciones emocionantes y an\u00e1lisis exclusivos!","breadcrumb":{"@id":"https:\/\/moto-screenies.de\/es\/4moto-motoscreenies\/#breadcrumb"},"inLanguage":"es","potentialAction":[{"@type":"ReadAction","target":["https:\/\/moto-screenies.de\/es\/4moto-motoscreenies\/"]}]},{"@type":"BreadcrumbList","@id":"https:\/\/moto-screenies.de\/es\/4moto-motoscreenies\/#breadcrumb","itemListElement":[{"@type":"ListItem","position":1,"name":"Startseite","item":"https:\/\/moto-screenies.de\/es\/"},{"@type":"ListItem","position":2,"name":"4moto-motoscreenies-"}]},{"@type":"WebSite","@id":"https:\/\/moto-screenies.de\/es\/#website","url":"https:\/\/moto-screenies.de\/es\/","name":"Moto Screenies","description":"Die Displayschutzfolie f\u00fcr dein Motorrad","publisher":{"@id":"https:\/\/moto-screenies.de\/es\/#organization"},"alternateName":"MS","potentialAction":[{"@type":"SearchAction","target":{"@type":"EntryPoint","urlTemplate":"https:\/\/moto-screenies.de\/es\/?s={search_term_string}"},"query-input":{"@type":"PropertyValueSpecification","valueRequired":true,"valueName":"search_term_string"}}],"inLanguage":"es"},{"@type":"Organization","@id":"https:\/\/moto-screenies.de\/es\/#organization","name":"Moto Screenies","url":"https:\/\/moto-screenies.de\/es\/","logo":{"@type":"ImageObject","inLanguage":"es","@id":"https:\/\/moto-screenies.de\/es\/#\/schema\/logo\/image\/","url":"","contentUrl":"","caption":"Moto Screenies"},"image":{"@id":"https:\/\/moto-screenies.de\/es\/#\/schema\/logo\/image\/"}}]}},"_links":{"self":[{"href":"https:\/\/moto-screenies.de\/es\/wp-json\/wp\/v2\/pages\/264558","targetHints":{"allow":["GET"]}}],"collection":[{"href":"https:\/\/moto-screenies.de\/es\/wp-json\/wp\/v2\/pages"}],"about":[{"href":"https:\/\/moto-screenies.de\/es\/wp-json\/wp\/v2\/types\/page"}],"author":[{"embeddable":true,"href":"https:\/\/moto-screenies.de\/es\/wp-json\/wp\/v2\/users\/1"}],"replies":[{"embeddable":true,"href":"https:\/\/moto-screenies.de\/es\/wp-json\/wp\/v2\/comments?post=264558"}],"version-history":[{"count":0,"href":"https:\/\/moto-screenies.de\/es\/wp-json\/wp\/v2\/pages\/264558\/revisions"}],"wp:attachment":[{"href":"https:\/\/moto-screenies.de\/es\/wp-json\/wp\/v2\/media?parent=264558"}],"curies":[{"name":"wp","href":"https:\/\/api.w.org\/{rel}","templated":true}]}}