{"id":188214,"date":"2019-10-07T15:07:45","date_gmt":"2019-10-07T13:07:45","guid":{"rendered":"https:\/\/moto-screenies.de\/produkt\/bmw-f750gs-f850gs-2017-tachoschutzfolie-displayschutzfolie\/"},"modified":"2026-02-03T05:56:20","modified_gmt":"2026-02-03T04:56:20","slug":"bmw-f750gs-f850gs-2017-tachoschutzfolie-displayschutzfolie","status":"publish","type":"product","link":"https:\/\/moto-screenies.de\/es\/produkt\/bmw-f750gs-f850gs-2017-tachoschutzfolie-displayschutzfolie\/","title":{"rendered":"BMW F750GS F850GS 2017+ Tachoschutzfolie Displayschutzfolie"},"content":{"rendered":"<p>Entdecken Sie den ultimativen Schutz f\u00fcr Ihr Motorraddisplay mit unserer hochwertigen Tachoschutzfolie f\u00fcr die BMW F750GS und F850GS ab Baujahr 2017. Diese Displayschutzfolie bietet optimalen Schutz vor Kratzern, Staub und Schmutz, ohne die Sichtbarkeit oder Bedienbarkeit Ihres Displays zu beeintr\u00e4chtigen. Einfach anzubringen und r\u00fcckstandslos entfernbar, sorgt sie f\u00fcr eine klare Sicht und verl\u00e4ngert die Lebensdauer Ihres Tachometers. Investieren Sie in Langlebigkeit und Funktionalit\u00e4t, damit Sie sich auf das Wesentliche konzentrieren k\u00f6nnen: das Fahren. Passend f\u00fcr: BMW F750GS F850GS 2017+ Tachoschutzfolie Displayschutzfolie.<\/p>\n","protected":false},"excerpt":{"rendered":"<p>Entdecken Sie den ultimativen Schutz f\u00fcr Ihr Motorraddisplay mit unserer hochwertigen Tachoschutzfolie f\u00fcr die BMW F750GS und F850GS ab Baujahr 2017. Diese Displayschutzfolie bietet optimalen Schutz vor Kratzern, Staub und Schmutz, ohne die Sichtbarkeit oder Bedienbarkeit Ihres Displays zu beeintr\u00e4chtigen. Einfach anzubringen und r\u00fcckstandslos entfernbar, sorgt sie f\u00fcr eine klare Sicht und verl\u00e4ngert die Lebensdauer [&hellip;]<\/p>\n","protected":false},"featured_media":218713,"comment_status":"open","ping_status":"closed","template":"","meta":{"_et_pb_use_builder":"","_et_pb_old_content":"","_et_gb_content_width":"","_uf_show_specific_survey":0,"_uf_disable_surveys":false},"product_brand":[],"product_cat":[418],"product_tag":[117],"class_list":{"0":"post-188214","1":"product","2":"type-product","3":"status-publish","4":"has-post-thumbnail","6":"product_cat-bmw-schutzfolie-fuer-dein-motorrad","7":"product_tag-tachoschutzfolie","8":"product_shipping_class-standard","10":"first","11":"instock","12":"taxable","13":"shipping-taxable","14":"purchasable","15":"product-type-variable"},"yoast_head":"<!-- This site is optimized with the Yoast SEO plugin v27.2 - https:\/\/yoast.com\/product\/yoast-seo-wordpress\/ -->\n<title>BMW F750GS F850GS 2017+ Tachoschutzfolie Displayschutzfolie<\/title>\n<meta name=\"description\" content=\"Entdecken Sie den perfekten Schutz f\u00fcr Ihr BMW F750GS und F850GS 2017+ Display. Unsere hochwertige Tachoschutzfolie bietet optimalen Schutz vor Kratzern und Schmutz. Jetzt informieren!\" \/>\n<meta name=\"robots\" content=\"index, follow, max-snippet:-1, max-image-preview:large, max-video-preview:-1\" \/>\n<link rel=\"canonical\" href=\"https:\/\/moto-screenies.de\/es\/produkt\/bmw-f750gs-f850gs-2017-tachoschutzfolie-displayschutzfolie\/\" \/>\n<meta property=\"og:locale\" content=\"es_ES\" \/>\n<meta property=\"og:type\" content=\"article\" \/>\n<meta property=\"og:title\" content=\"BMW F750GS F850GS 2017+ Tachoschutzfolie Displayschutzfolie\" \/>\n<meta property=\"og:description\" content=\"Entdecken Sie den perfekten Schutz f\u00fcr Ihr BMW F750GS und F850GS 2017+ Display. Unsere hochwertige Tachoschutzfolie bietet optimalen Schutz vor Kratzern und Schmutz. Jetzt informieren!\" \/>\n<meta property=\"og:url\" content=\"https:\/\/moto-screenies.de\/es\/produkt\/bmw-f750gs-f850gs-2017-tachoschutzfolie-displayschutzfolie\/\" \/>\n<meta property=\"og:site_name\" content=\"Moto Screenies\" \/>\n<meta property=\"article:modified_time\" content=\"2026-02-03T04:56:20+00:00\" \/>\n<meta property=\"og:image\" content=\"https:\/\/moto-screenies.de\/wp-content\/uploads\/2025\/11\/336222_Product.png\" \/>\n\t<meta property=\"og:image:width\" content=\"1600\" \/>\n\t<meta property=\"og:image:height\" content=\"1600\" \/>\n\t<meta property=\"og:image:type\" content=\"image\/png\" \/>\n<meta name=\"twitter:card\" content=\"summary_large_image\" \/>\n<script type=\"application\/ld+json\" class=\"yoast-schema-graph\">{\"@context\":\"https:\/\/schema.org\",\"@graph\":[{\"@type\":\"WebPage\",\"@id\":\"https:\/\/moto-screenies.de\/es\/produkt\/bmw-f750gs-f850gs-2017-tachoschutzfolie-displayschutzfolie\/\",\"url\":\"https:\/\/moto-screenies.de\/es\/produkt\/bmw-f750gs-f850gs-2017-tachoschutzfolie-displayschutzfolie\/\",\"name\":\"BMW F750GS F850GS 2017+ Tachoschutzfolie Displayschutzfolie\",\"isPartOf\":{\"@id\":\"https:\/\/moto-screenies.de\/es\/#website\"},\"primaryImageOfPage\":{\"@id\":\"https:\/\/moto-screenies.de\/es\/produkt\/bmw-f750gs-f850gs-2017-tachoschutzfolie-displayschutzfolie\/#primaryimage\"},\"image\":{\"@id\":\"https:\/\/moto-screenies.de\/es\/produkt\/bmw-f750gs-f850gs-2017-tachoschutzfolie-displayschutzfolie\/#primaryimage\"},\"thumbnailUrl\":\"https:\/\/moto-screenies.de\/wp-content\/uploads\/2025\/11\/336222_Product.png\",\"datePublished\":\"2019-10-07T13:07:45+00:00\",\"dateModified\":\"2026-02-03T04:56:20+00:00\",\"description\":\"Entdecken Sie den perfekten Schutz f\u00fcr Ihr BMW F750GS und F850GS 2017+ Display. Unsere hochwertige Tachoschutzfolie bietet optimalen Schutz vor Kratzern und Schmutz. Jetzt informieren!\",\"breadcrumb\":{\"@id\":\"https:\/\/moto-screenies.de\/es\/produkt\/bmw-f750gs-f850gs-2017-tachoschutzfolie-displayschutzfolie\/#breadcrumb\"},\"inLanguage\":\"es\",\"potentialAction\":[{\"@type\":\"ReadAction\",\"target\":[\"https:\/\/moto-screenies.de\/es\/produkt\/bmw-f750gs-f850gs-2017-tachoschutzfolie-displayschutzfolie\/\"]}]},{\"@type\":\"ImageObject\",\"inLanguage\":\"es\",\"@id\":\"https:\/\/moto-screenies.de\/es\/produkt\/bmw-f750gs-f850gs-2017-tachoschutzfolie-displayschutzfolie\/#primaryimage\",\"url\":\"https:\/\/moto-screenies.de\/wp-content\/uploads\/2025\/11\/336222_Product.png\",\"contentUrl\":\"https:\/\/moto-screenies.de\/wp-content\/uploads\/2025\/11\/336222_Product.png\",\"width\":1600,\"height\":1600,\"caption\":\"1.png\"},{\"@type\":\"BreadcrumbList\",\"@id\":\"https:\/\/moto-screenies.de\/es\/produkt\/bmw-f750gs-f850gs-2017-tachoschutzfolie-displayschutzfolie\/#breadcrumb\",\"itemListElement\":[{\"@type\":\"ListItem\",\"position\":1,\"name\":\"Startseite\",\"item\":\"https:\/\/moto-screenies.de\/es\/\"},{\"@type\":\"ListItem\",\"position\":2,\"name\":\"Tienda\",\"item\":\"https:\/\/moto-screenies.de\/es\/tienda\/\"},{\"@type\":\"ListItem\",\"position\":3,\"name\":\"BMW F750GS F850GS 2017+ Tachoschutzfolie Displayschutzfolie\"}]},{\"@type\":\"WebSite\",\"@id\":\"https:\/\/moto-screenies.de\/es\/#website\",\"url\":\"https:\/\/moto-screenies.de\/es\/\",\"name\":\"Moto Screenies\",\"description\":\"Die Displayschutzfolie f\u00fcr dein Motorrad\",\"publisher\":{\"@id\":\"https:\/\/moto-screenies.de\/es\/#organization\"},\"alternateName\":\"MS\",\"potentialAction\":[{\"@type\":\"SearchAction\",\"target\":{\"@type\":\"EntryPoint\",\"urlTemplate\":\"https:\/\/moto-screenies.de\/es\/?s={search_term_string}\"},\"query-input\":{\"@type\":\"PropertyValueSpecification\",\"valueRequired\":true,\"valueName\":\"search_term_string\"}}],\"inLanguage\":\"es\"},{\"@type\":\"Organization\",\"@id\":\"https:\/\/moto-screenies.de\/es\/#organization\",\"name\":\"Moto Screenies\",\"url\":\"https:\/\/moto-screenies.de\/es\/\",\"logo\":{\"@type\":\"ImageObject\",\"inLanguage\":\"es\",\"@id\":\"https:\/\/moto-screenies.de\/es\/#\/schema\/logo\/image\/\",\"url\":\"\",\"contentUrl\":\"\",\"caption\":\"Moto Screenies\"},\"image\":{\"@id\":\"https:\/\/moto-screenies.de\/es\/#\/schema\/logo\/image\/\"}}]}<\/script>\n<!-- \/ Yoast SEO plugin. -->","yoast_head_json":{"title":"BMW F750GS F850GS 2017+ Tachoschutzfolie Displayschutzfolie","description":"Entdecken Sie den perfekten Schutz f\u00fcr Ihr BMW F750GS und F850GS 2017+ Display. Unsere hochwertige Tachoschutzfolie bietet optimalen Schutz vor Kratzern und Schmutz. Jetzt informieren!","robots":{"index":"index","follow":"follow","max-snippet":"max-snippet:-1","max-image-preview":"max-image-preview:large","max-video-preview":"max-video-preview:-1"},"canonical":"https:\/\/moto-screenies.de\/es\/produkt\/bmw-f750gs-f850gs-2017-tachoschutzfolie-displayschutzfolie\/","og_locale":"es_ES","og_type":"article","og_title":"BMW F750GS F850GS 2017+ Tachoschutzfolie Displayschutzfolie","og_description":"Entdecken Sie den perfekten Schutz f\u00fcr Ihr BMW F750GS und F850GS 2017+ Display. Unsere hochwertige Tachoschutzfolie bietet optimalen Schutz vor Kratzern und Schmutz. Jetzt informieren!","og_url":"https:\/\/moto-screenies.de\/es\/produkt\/bmw-f750gs-f850gs-2017-tachoschutzfolie-displayschutzfolie\/","og_site_name":"Moto Screenies","article_modified_time":"2026-02-03T04:56:20+00:00","og_image":[{"width":1600,"height":1600,"url":"https:\/\/moto-screenies.de\/wp-content\/uploads\/2025\/11\/336222_Product.png","type":"image\/png"}],"twitter_card":"summary_large_image","schema":{"@context":"https:\/\/schema.org","@graph":[{"@type":"WebPage","@id":"https:\/\/moto-screenies.de\/es\/produkt\/bmw-f750gs-f850gs-2017-tachoschutzfolie-displayschutzfolie\/","url":"https:\/\/moto-screenies.de\/es\/produkt\/bmw-f750gs-f850gs-2017-tachoschutzfolie-displayschutzfolie\/","name":"BMW F750GS F850GS 2017+ Tachoschutzfolie Displayschutzfolie","isPartOf":{"@id":"https:\/\/moto-screenies.de\/es\/#website"},"primaryImageOfPage":{"@id":"https:\/\/moto-screenies.de\/es\/produkt\/bmw-f750gs-f850gs-2017-tachoschutzfolie-displayschutzfolie\/#primaryimage"},"image":{"@id":"https:\/\/moto-screenies.de\/es\/produkt\/bmw-f750gs-f850gs-2017-tachoschutzfolie-displayschutzfolie\/#primaryimage"},"thumbnailUrl":"https:\/\/moto-screenies.de\/wp-content\/uploads\/2025\/11\/336222_Product.png","datePublished":"2019-10-07T13:07:45+00:00","dateModified":"2026-02-03T04:56:20+00:00","description":"Entdecken Sie den perfekten Schutz f\u00fcr Ihr BMW F750GS und F850GS 2017+ Display. Unsere hochwertige Tachoschutzfolie bietet optimalen Schutz vor Kratzern und Schmutz. Jetzt informieren!","breadcrumb":{"@id":"https:\/\/moto-screenies.de\/es\/produkt\/bmw-f750gs-f850gs-2017-tachoschutzfolie-displayschutzfolie\/#breadcrumb"},"inLanguage":"es","potentialAction":[{"@type":"ReadAction","target":["https:\/\/moto-screenies.de\/es\/produkt\/bmw-f750gs-f850gs-2017-tachoschutzfolie-displayschutzfolie\/"]}]},{"@type":"ImageObject","inLanguage":"es","@id":"https:\/\/moto-screenies.de\/es\/produkt\/bmw-f750gs-f850gs-2017-tachoschutzfolie-displayschutzfolie\/#primaryimage","url":"https:\/\/moto-screenies.de\/wp-content\/uploads\/2025\/11\/336222_Product.png","contentUrl":"https:\/\/moto-screenies.de\/wp-content\/uploads\/2025\/11\/336222_Product.png","width":1600,"height":1600,"caption":"1.png"},{"@type":"BreadcrumbList","@id":"https:\/\/moto-screenies.de\/es\/produkt\/bmw-f750gs-f850gs-2017-tachoschutzfolie-displayschutzfolie\/#breadcrumb","itemListElement":[{"@type":"ListItem","position":1,"name":"Startseite","item":"https:\/\/moto-screenies.de\/es\/"},{"@type":"ListItem","position":2,"name":"Tienda","item":"https:\/\/moto-screenies.de\/es\/tienda\/"},{"@type":"ListItem","position":3,"name":"BMW F750GS F850GS 2017+ Tachoschutzfolie Displayschutzfolie"}]},{"@type":"WebSite","@id":"https:\/\/moto-screenies.de\/es\/#website","url":"https:\/\/moto-screenies.de\/es\/","name":"Moto Screenies","description":"Die Displayschutzfolie f\u00fcr dein Motorrad","publisher":{"@id":"https:\/\/moto-screenies.de\/es\/#organization"},"alternateName":"MS","potentialAction":[{"@type":"SearchAction","target":{"@type":"EntryPoint","urlTemplate":"https:\/\/moto-screenies.de\/es\/?s={search_term_string}"},"query-input":{"@type":"PropertyValueSpecification","valueRequired":true,"valueName":"search_term_string"}}],"inLanguage":"es"},{"@type":"Organization","@id":"https:\/\/moto-screenies.de\/es\/#organization","name":"Moto Screenies","url":"https:\/\/moto-screenies.de\/es\/","logo":{"@type":"ImageObject","inLanguage":"es","@id":"https:\/\/moto-screenies.de\/es\/#\/schema\/logo\/image\/","url":"","contentUrl":"","caption":"Moto Screenies"},"image":{"@id":"https:\/\/moto-screenies.de\/es\/#\/schema\/logo\/image\/"}}]}},"_links":{"self":[{"href":"https:\/\/moto-screenies.de\/es\/wp-json\/wp\/v2\/product\/188214","targetHints":{"allow":["GET"]}}],"collection":[{"href":"https:\/\/moto-screenies.de\/es\/wp-json\/wp\/v2\/product"}],"about":[{"href":"https:\/\/moto-screenies.de\/es\/wp-json\/wp\/v2\/types\/product"}],"replies":[{"embeddable":true,"href":"https:\/\/moto-screenies.de\/es\/wp-json\/wp\/v2\/comments?post=188214"}],"wp:featuredmedia":[{"embeddable":true,"href":"https:\/\/moto-screenies.de\/es\/wp-json\/wp\/v2\/media\/218713"}],"wp:attachment":[{"href":"https:\/\/moto-screenies.de\/es\/wp-json\/wp\/v2\/media?parent=188214"}],"wp:term":[{"taxonomy":"product_brand","embeddable":true,"href":"https:\/\/moto-screenies.de\/es\/wp-json\/wp\/v2\/product_brand?post=188214"},{"taxonomy":"product_cat","embeddable":true,"href":"https:\/\/moto-screenies.de\/es\/wp-json\/wp\/v2\/product_cat?post=188214"},{"taxonomy":"product_tag","embeddable":true,"href":"https:\/\/moto-screenies.de\/es\/wp-json\/wp\/v2\/product_tag?post=188214"}],"curies":[{"name":"wp","href":"https:\/\/api.w.org\/{rel}","templated":true}]}}