{"id":188237,"date":"2019-10-07T15:07:51","date_gmt":"2019-10-07T13:07:51","guid":{"rendered":"https:\/\/moto-screenies.de\/produkt\/ktm-1190-1290-super-duke-gt-displayschutz-folie-moto-screenies-tachoschutzfolie-schutzglas-folie-displayfolie-made-in-germany\/"},"modified":"2026-02-03T05:58:47","modified_gmt":"2026-02-03T04:58:47","slug":"ktm-1190-1290-super-duke-gt-displayschutz-folie-moto-screenies-tachoschutzfolie-schutzglas-folie-displayfolie-made-in-germany","status":"publish","type":"product","link":"https:\/\/moto-screenies.de\/es\/produkt\/ktm-1190-1290-super-duke-gt-displayschutz-folie-moto-screenies-tachoschutzfolie-schutzglas-folie-displayfolie-made-in-germany\/","title":{"rendered":"KTM 1190 1290 Super Duke GT Displayschutz-Folie  Moto Screenies Tachoschutzfolie Schutzglas-Folie Displayfolie Made in Germany"},"content":{"rendered":"<p>Erleben Sie optimalen Schutz f\u00fcr Ihr Motorrad mit der Tacho Displayschutzfolie, die speziell f\u00fcr die KTM 1190 1290 Super Duke GT entwickelt wurde. Diese hochwertige Folie bewahrt Ihr Display vor Kratzern, Staub und Schmutz, ohne die Sichtbarkeit oder Bedienbarkeit einzuschr\u00e4nken. Die einfache Anbringung sorgt f\u00fcr eine blasenfreie Oberfl\u00e4che und die pr\u00e4zise Passform garantiert einen nahtlosen Schutz. Investieren Sie in die Langlebigkeit Ihres Tachometers und genie\u00dfen Sie sorgenfreie Fahrten mit einem makellosen Display. Passend f\u00fcr: Tacho Displayschutzfolie passend f\u00fcr KTM 1190 1290 Super Duke GT.<\/p>\n","protected":false},"excerpt":{"rendered":"<p>Erleben Sie optimalen Schutz f\u00fcr Ihr Motorrad mit der Tacho Displayschutzfolie, die speziell f\u00fcr die KTM 1190 1290 Super Duke GT entwickelt wurde. Diese hochwertige Folie bewahrt Ihr Display vor Kratzern, Staub und Schmutz, ohne die Sichtbarkeit oder Bedienbarkeit einzuschr\u00e4nken. Die einfache Anbringung sorgt f\u00fcr eine blasenfreie Oberfl\u00e4che und die pr\u00e4zise Passform garantiert einen nahtlosen [&hellip;]<\/p>\n","protected":false},"featured_media":210835,"comment_status":"open","ping_status":"closed","template":"","meta":{"_et_pb_use_builder":"","_et_pb_old_content":"","_et_gb_content_width":"","_uf_show_specific_survey":0,"_uf_disable_surveys":false},"product_brand":[],"product_cat":[423],"product_tag":[117],"class_list":{"0":"post-188237","1":"product","2":"type-product","3":"status-publish","4":"has-post-thumbnail","6":"product_cat-ktm-schutzfolie-fuer-dein-motorrad","7":"product_tag-tachoschutzfolie","8":"product_shipping_class-standard","10":"first","11":"instock","12":"taxable","13":"shipping-taxable","14":"purchasable","15":"product-type-variable"},"yoast_head":"<!-- This site is optimized with the Yoast SEO plugin v27.2 - https:\/\/yoast.com\/product\/yoast-seo-wordpress\/ -->\n<title>KTM 1190 1290 Super Duke GT Displayschutz-Folie Moto Screenies Tachoschutzfolie Schutzglas-Folie Displayfolie Made in Germany<\/title>\n<meta name=\"description\" content=\"Entdecken Sie die perfekte Tacho Displayschutzfolie f\u00fcr Ihre KTM 1190 und 1290 Super Duke GT. Sch\u00fctzen Sie Ihr Display vor Kratzern und verbessern Sie die Sichtbarkeit. Ideal f\u00fcr Motorrad-Enthusiasten!\" \/>\n<meta name=\"robots\" content=\"index, follow, max-snippet:-1, max-image-preview:large, max-video-preview:-1\" \/>\n<link rel=\"canonical\" href=\"https:\/\/moto-screenies.de\/es\/produkt\/ktm-1190-1290-super-duke-gt-displayschutz-folie-moto-screenies-tachoschutzfolie-schutzglas-folie-displayfolie-made-in-germany\/\" \/>\n<meta property=\"og:locale\" content=\"es_ES\" \/>\n<meta property=\"og:type\" content=\"article\" \/>\n<meta property=\"og:title\" content=\"KTM 1190 1290 Super Duke GT Displayschutz-Folie Moto Screenies Tachoschutzfolie Schutzglas-Folie Displayfolie Made in Germany\" \/>\n<meta property=\"og:description\" content=\"Entdecken Sie die perfekte Tacho Displayschutzfolie f\u00fcr Ihre KTM 1190 und 1290 Super Duke GT. Sch\u00fctzen Sie Ihr Display vor Kratzern und verbessern Sie die Sichtbarkeit. Ideal f\u00fcr Motorrad-Enthusiasten!\" \/>\n<meta property=\"og:url\" content=\"https:\/\/moto-screenies.de\/es\/produkt\/ktm-1190-1290-super-duke-gt-displayschutz-folie-moto-screenies-tachoschutzfolie-schutzglas-folie-displayfolie-made-in-germany\/\" \/>\n<meta property=\"og:site_name\" content=\"Moto Screenies\" \/>\n<meta property=\"article:modified_time\" content=\"2026-02-03T04:58:47+00:00\" \/>\n<meta property=\"og:image\" content=\"https:\/\/moto-screenies.de\/wp-content\/uploads\/2025\/11\/333837_Product.png\" \/>\n\t<meta property=\"og:image:width\" content=\"1500\" \/>\n\t<meta property=\"og:image:height\" content=\"1500\" \/>\n\t<meta property=\"og:image:type\" content=\"image\/png\" \/>\n<meta name=\"twitter:card\" content=\"summary_large_image\" \/>\n<script type=\"application\/ld+json\" class=\"yoast-schema-graph\">{\"@context\":\"https:\/\/schema.org\",\"@graph\":[{\"@type\":\"WebPage\",\"@id\":\"https:\/\/moto-screenies.de\/es\/produkt\/ktm-1190-1290-super-duke-gt-displayschutz-folie-moto-screenies-tachoschutzfolie-schutzglas-folie-displayfolie-made-in-germany\/\",\"url\":\"https:\/\/moto-screenies.de\/es\/produkt\/ktm-1190-1290-super-duke-gt-displayschutz-folie-moto-screenies-tachoschutzfolie-schutzglas-folie-displayfolie-made-in-germany\/\",\"name\":\"KTM 1190 1290 Super Duke GT Displayschutz-Folie Moto Screenies Tachoschutzfolie Schutzglas-Folie Displayfolie Made in Germany\",\"isPartOf\":{\"@id\":\"https:\/\/moto-screenies.de\/es\/#website\"},\"primaryImageOfPage\":{\"@id\":\"https:\/\/moto-screenies.de\/es\/produkt\/ktm-1190-1290-super-duke-gt-displayschutz-folie-moto-screenies-tachoschutzfolie-schutzglas-folie-displayfolie-made-in-germany\/#primaryimage\"},\"image\":{\"@id\":\"https:\/\/moto-screenies.de\/es\/produkt\/ktm-1190-1290-super-duke-gt-displayschutz-folie-moto-screenies-tachoschutzfolie-schutzglas-folie-displayfolie-made-in-germany\/#primaryimage\"},\"thumbnailUrl\":\"https:\/\/moto-screenies.de\/wp-content\/uploads\/2025\/11\/333837_Product.png\",\"datePublished\":\"2019-10-07T13:07:51+00:00\",\"dateModified\":\"2026-02-03T04:58:47+00:00\",\"description\":\"Entdecken Sie die perfekte Tacho Displayschutzfolie f\u00fcr Ihre KTM 1190 und 1290 Super Duke GT. Sch\u00fctzen Sie Ihr Display vor Kratzern und verbessern Sie die Sichtbarkeit. Ideal f\u00fcr Motorrad-Enthusiasten!\",\"breadcrumb\":{\"@id\":\"https:\/\/moto-screenies.de\/es\/produkt\/ktm-1190-1290-super-duke-gt-displayschutz-folie-moto-screenies-tachoschutzfolie-schutzglas-folie-displayfolie-made-in-germany\/#breadcrumb\"},\"inLanguage\":\"es\",\"potentialAction\":[{\"@type\":\"ReadAction\",\"target\":[\"https:\/\/moto-screenies.de\/es\/produkt\/ktm-1190-1290-super-duke-gt-displayschutz-folie-moto-screenies-tachoschutzfolie-schutzglas-folie-displayfolie-made-in-germany\/\"]}]},{\"@type\":\"ImageObject\",\"inLanguage\":\"es\",\"@id\":\"https:\/\/moto-screenies.de\/es\/produkt\/ktm-1190-1290-super-duke-gt-displayschutz-folie-moto-screenies-tachoschutzfolie-schutzglas-folie-displayfolie-made-in-germany\/#primaryimage\",\"url\":\"https:\/\/moto-screenies.de\/wp-content\/uploads\/2025\/11\/333837_Product.png\",\"contentUrl\":\"https:\/\/moto-screenies.de\/wp-content\/uploads\/2025\/11\/333837_Product.png\",\"width\":1500,\"height\":1500,\"caption\":\"1\"},{\"@type\":\"BreadcrumbList\",\"@id\":\"https:\/\/moto-screenies.de\/es\/produkt\/ktm-1190-1290-super-duke-gt-displayschutz-folie-moto-screenies-tachoschutzfolie-schutzglas-folie-displayfolie-made-in-germany\/#breadcrumb\",\"itemListElement\":[{\"@type\":\"ListItem\",\"position\":1,\"name\":\"Startseite\",\"item\":\"https:\/\/moto-screenies.de\/es\/\"},{\"@type\":\"ListItem\",\"position\":2,\"name\":\"Tienda\",\"item\":\"https:\/\/moto-screenies.de\/es\/tienda\/\"},{\"@type\":\"ListItem\",\"position\":3,\"name\":\"KTM 1190 1290 Super Duke GT Displayschutz-Folie Moto Screenies Tachoschutzfolie Schutzglas-Folie Displayfolie Made in Germany\"}]},{\"@type\":\"WebSite\",\"@id\":\"https:\/\/moto-screenies.de\/es\/#website\",\"url\":\"https:\/\/moto-screenies.de\/es\/\",\"name\":\"Moto Screenies\",\"description\":\"Die Displayschutzfolie f\u00fcr dein Motorrad\",\"publisher\":{\"@id\":\"https:\/\/moto-screenies.de\/es\/#organization\"},\"alternateName\":\"MS\",\"potentialAction\":[{\"@type\":\"SearchAction\",\"target\":{\"@type\":\"EntryPoint\",\"urlTemplate\":\"https:\/\/moto-screenies.de\/es\/?s={search_term_string}\"},\"query-input\":{\"@type\":\"PropertyValueSpecification\",\"valueRequired\":true,\"valueName\":\"search_term_string\"}}],\"inLanguage\":\"es\"},{\"@type\":\"Organization\",\"@id\":\"https:\/\/moto-screenies.de\/es\/#organization\",\"name\":\"Moto Screenies\",\"url\":\"https:\/\/moto-screenies.de\/es\/\",\"logo\":{\"@type\":\"ImageObject\",\"inLanguage\":\"es\",\"@id\":\"https:\/\/moto-screenies.de\/es\/#\/schema\/logo\/image\/\",\"url\":\"\",\"contentUrl\":\"\",\"caption\":\"Moto Screenies\"},\"image\":{\"@id\":\"https:\/\/moto-screenies.de\/es\/#\/schema\/logo\/image\/\"}}]}<\/script>\n<!-- \/ Yoast SEO plugin. -->","yoast_head_json":{"title":"KTM 1190 1290 Super Duke GT Displayschutz-Folie Moto Screenies Tachoschutzfolie Schutzglas-Folie Displayfolie Made in Germany","description":"Entdecken Sie die perfekte Tacho Displayschutzfolie f\u00fcr Ihre KTM 1190 und 1290 Super Duke GT. Sch\u00fctzen Sie Ihr Display vor Kratzern und verbessern Sie die Sichtbarkeit. Ideal f\u00fcr Motorrad-Enthusiasten!","robots":{"index":"index","follow":"follow","max-snippet":"max-snippet:-1","max-image-preview":"max-image-preview:large","max-video-preview":"max-video-preview:-1"},"canonical":"https:\/\/moto-screenies.de\/es\/produkt\/ktm-1190-1290-super-duke-gt-displayschutz-folie-moto-screenies-tachoschutzfolie-schutzglas-folie-displayfolie-made-in-germany\/","og_locale":"es_ES","og_type":"article","og_title":"KTM 1190 1290 Super Duke GT Displayschutz-Folie Moto Screenies Tachoschutzfolie Schutzglas-Folie Displayfolie Made in Germany","og_description":"Entdecken Sie die perfekte Tacho Displayschutzfolie f\u00fcr Ihre KTM 1190 und 1290 Super Duke GT. Sch\u00fctzen Sie Ihr Display vor Kratzern und verbessern Sie die Sichtbarkeit. Ideal f\u00fcr Motorrad-Enthusiasten!","og_url":"https:\/\/moto-screenies.de\/es\/produkt\/ktm-1190-1290-super-duke-gt-displayschutz-folie-moto-screenies-tachoschutzfolie-schutzglas-folie-displayfolie-made-in-germany\/","og_site_name":"Moto Screenies","article_modified_time":"2026-02-03T04:58:47+00:00","og_image":[{"width":1500,"height":1500,"url":"https:\/\/moto-screenies.de\/wp-content\/uploads\/2025\/11\/333837_Product.png","type":"image\/png"}],"twitter_card":"summary_large_image","schema":{"@context":"https:\/\/schema.org","@graph":[{"@type":"WebPage","@id":"https:\/\/moto-screenies.de\/es\/produkt\/ktm-1190-1290-super-duke-gt-displayschutz-folie-moto-screenies-tachoschutzfolie-schutzglas-folie-displayfolie-made-in-germany\/","url":"https:\/\/moto-screenies.de\/es\/produkt\/ktm-1190-1290-super-duke-gt-displayschutz-folie-moto-screenies-tachoschutzfolie-schutzglas-folie-displayfolie-made-in-germany\/","name":"KTM 1190 1290 Super Duke GT Displayschutz-Folie Moto Screenies Tachoschutzfolie Schutzglas-Folie Displayfolie Made in Germany","isPartOf":{"@id":"https:\/\/moto-screenies.de\/es\/#website"},"primaryImageOfPage":{"@id":"https:\/\/moto-screenies.de\/es\/produkt\/ktm-1190-1290-super-duke-gt-displayschutz-folie-moto-screenies-tachoschutzfolie-schutzglas-folie-displayfolie-made-in-germany\/#primaryimage"},"image":{"@id":"https:\/\/moto-screenies.de\/es\/produkt\/ktm-1190-1290-super-duke-gt-displayschutz-folie-moto-screenies-tachoschutzfolie-schutzglas-folie-displayfolie-made-in-germany\/#primaryimage"},"thumbnailUrl":"https:\/\/moto-screenies.de\/wp-content\/uploads\/2025\/11\/333837_Product.png","datePublished":"2019-10-07T13:07:51+00:00","dateModified":"2026-02-03T04:58:47+00:00","description":"Entdecken Sie die perfekte Tacho Displayschutzfolie f\u00fcr Ihre KTM 1190 und 1290 Super Duke GT. Sch\u00fctzen Sie Ihr Display vor Kratzern und verbessern Sie die Sichtbarkeit. Ideal f\u00fcr Motorrad-Enthusiasten!","breadcrumb":{"@id":"https:\/\/moto-screenies.de\/es\/produkt\/ktm-1190-1290-super-duke-gt-displayschutz-folie-moto-screenies-tachoschutzfolie-schutzglas-folie-displayfolie-made-in-germany\/#breadcrumb"},"inLanguage":"es","potentialAction":[{"@type":"ReadAction","target":["https:\/\/moto-screenies.de\/es\/produkt\/ktm-1190-1290-super-duke-gt-displayschutz-folie-moto-screenies-tachoschutzfolie-schutzglas-folie-displayfolie-made-in-germany\/"]}]},{"@type":"ImageObject","inLanguage":"es","@id":"https:\/\/moto-screenies.de\/es\/produkt\/ktm-1190-1290-super-duke-gt-displayschutz-folie-moto-screenies-tachoschutzfolie-schutzglas-folie-displayfolie-made-in-germany\/#primaryimage","url":"https:\/\/moto-screenies.de\/wp-content\/uploads\/2025\/11\/333837_Product.png","contentUrl":"https:\/\/moto-screenies.de\/wp-content\/uploads\/2025\/11\/333837_Product.png","width":1500,"height":1500,"caption":"1"},{"@type":"BreadcrumbList","@id":"https:\/\/moto-screenies.de\/es\/produkt\/ktm-1190-1290-super-duke-gt-displayschutz-folie-moto-screenies-tachoschutzfolie-schutzglas-folie-displayfolie-made-in-germany\/#breadcrumb","itemListElement":[{"@type":"ListItem","position":1,"name":"Startseite","item":"https:\/\/moto-screenies.de\/es\/"},{"@type":"ListItem","position":2,"name":"Tienda","item":"https:\/\/moto-screenies.de\/es\/tienda\/"},{"@type":"ListItem","position":3,"name":"KTM 1190 1290 Super Duke GT Displayschutz-Folie Moto Screenies Tachoschutzfolie Schutzglas-Folie Displayfolie Made in Germany"}]},{"@type":"WebSite","@id":"https:\/\/moto-screenies.de\/es\/#website","url":"https:\/\/moto-screenies.de\/es\/","name":"Moto Screenies","description":"Die Displayschutzfolie f\u00fcr dein Motorrad","publisher":{"@id":"https:\/\/moto-screenies.de\/es\/#organization"},"alternateName":"MS","potentialAction":[{"@type":"SearchAction","target":{"@type":"EntryPoint","urlTemplate":"https:\/\/moto-screenies.de\/es\/?s={search_term_string}"},"query-input":{"@type":"PropertyValueSpecification","valueRequired":true,"valueName":"search_term_string"}}],"inLanguage":"es"},{"@type":"Organization","@id":"https:\/\/moto-screenies.de\/es\/#organization","name":"Moto Screenies","url":"https:\/\/moto-screenies.de\/es\/","logo":{"@type":"ImageObject","inLanguage":"es","@id":"https:\/\/moto-screenies.de\/es\/#\/schema\/logo\/image\/","url":"","contentUrl":"","caption":"Moto Screenies"},"image":{"@id":"https:\/\/moto-screenies.de\/es\/#\/schema\/logo\/image\/"}}]}},"_links":{"self":[{"href":"https:\/\/moto-screenies.de\/es\/wp-json\/wp\/v2\/product\/188237","targetHints":{"allow":["GET"]}}],"collection":[{"href":"https:\/\/moto-screenies.de\/es\/wp-json\/wp\/v2\/product"}],"about":[{"href":"https:\/\/moto-screenies.de\/es\/wp-json\/wp\/v2\/types\/product"}],"replies":[{"embeddable":true,"href":"https:\/\/moto-screenies.de\/es\/wp-json\/wp\/v2\/comments?post=188237"}],"wp:featuredmedia":[{"embeddable":true,"href":"https:\/\/moto-screenies.de\/es\/wp-json\/wp\/v2\/media\/210835"}],"wp:attachment":[{"href":"https:\/\/moto-screenies.de\/es\/wp-json\/wp\/v2\/media?parent=188237"}],"wp:term":[{"taxonomy":"product_brand","embeddable":true,"href":"https:\/\/moto-screenies.de\/es\/wp-json\/wp\/v2\/product_brand?post=188237"},{"taxonomy":"product_cat","embeddable":true,"href":"https:\/\/moto-screenies.de\/es\/wp-json\/wp\/v2\/product_cat?post=188237"},{"taxonomy":"product_tag","embeddable":true,"href":"https:\/\/moto-screenies.de\/es\/wp-json\/wp\/v2\/product_tag?post=188237"}],"curies":[{"name":"wp","href":"https:\/\/api.w.org\/{rel}","templated":true}]}}