{"id":188285,"date":"2019-10-07T15:08:03","date_gmt":"2019-10-07T13:08:03","guid":{"rendered":"https:\/\/moto-screenies.de\/produkt\/suzuki-gsx-s1000-750-sv650-displayschutz-folie-moto-screenies-tachoschutzfolie-schutzglas-folie-displayfolie-made-in-germany\/"},"modified":"2026-03-20T11:32:30","modified_gmt":"2026-03-20T10:32:30","slug":"suzuki-gsx-s1000-750-sv650-displayschutz-folie-moto-screenies-tachoschutzfolie-schutzglas-folie-displayfolie-made-in-germany","status":"publish","type":"product","link":"https:\/\/moto-screenies.de\/es\/produkt\/suzuki-gsx-s1000-750-sv650-displayschutz-folie-moto-screenies-tachoschutzfolie-schutzglas-folie-displayfolie-made-in-germany\/","title":{"rendered":"Suzuki GSX-S1000 \/ 750 SV650  Displayschutz-Folie  Moto Screenies Tachoschutzfolie Schutzglas-Folie Displayfolie Made in Germany"},"content":{"rendered":"<p>Entdecken Sie den optimalen Schutz f\u00fcr Ihr Motorrad mit unserer hochwertigen Tachoschutzfolie Displayschutzfolie. Diese speziell entwickelte Schutzfolie bewahrt das Display Ihrer Suzuki GSX-S1000 \/ 750 SV650 vor Kratzern, Staub und Abnutzung. Die passgenaue Folie ist einfach anzubringen und sorgt f\u00fcr eine kristallklare Sicht ohne Blasenbildung. Genie\u00dfen Sie eine langlebige und zuverl\u00e4ssige L\u00f6sung, die den Wert Ihres Motorrads erh\u00e4lt und die Lesbarkeit des Displays in allen Lichtverh\u00e4ltnissen optimiert. Passend f\u00fcr: Suzuki GSX-S1000 \/ 750 SV650 Tachoschutzfolie Displayschutzfolie.<\/p>\n","protected":false},"excerpt":{"rendered":"<p>Entdecken Sie den optimalen Schutz f\u00fcr Ihr Motorrad mit unserer hochwertigen Tachoschutzfolie Displayschutzfolie. Diese speziell entwickelte Schutzfolie bewahrt das Display Ihrer Suzuki GSX-S1000 \/ 750 SV650 vor Kratzern, Staub und Abnutzung. Die passgenaue Folie ist einfach anzubringen und sorgt f\u00fcr eine kristallklare Sicht ohne Blasenbildung. Genie\u00dfen Sie eine langlebige und zuverl\u00e4ssige L\u00f6sung, die den Wert [&hellip;]<\/p>\n","protected":false},"featured_media":217225,"comment_status":"open","ping_status":"closed","template":"","meta":{"_et_pb_use_builder":"","_et_pb_old_content":"","_et_gb_content_width":"","_uf_show_specific_survey":0,"_uf_disable_surveys":false},"product_brand":[],"product_cat":[426],"product_tag":[117],"class_list":{"0":"post-188285","1":"product","2":"type-product","3":"status-publish","4":"has-post-thumbnail","6":"product_cat-suzuki-schutzfolie-fuer-dein-motorrad","7":"product_tag-tachoschutzfolie","8":"product_shipping_class-standard","10":"first","11":"instock","12":"taxable","13":"shipping-taxable","14":"purchasable","15":"product-type-variable"},"yoast_head":"<!-- This site is optimized with the Yoast SEO plugin v27.2 - https:\/\/yoast.com\/product\/yoast-seo-wordpress\/ -->\n<title>Suzuki GSX-S1000 \/ 750 SV650 Displayschutz-Folie Moto Screenies Tachoschutzfolie Schutzglas-Folie Displayfolie Made in Germany<\/title>\n<meta name=\"description\" content=\"Entdecken Sie hochwertigen Tachoschutz f\u00fcr Suzuki GSX-S1000, 750 und SV650. Sch\u00fctzen Sie Ihr Display mit unserer langlebigen Schutzfolie. Perfekte Passform und einfache Montage!\" \/>\n<meta name=\"robots\" content=\"index, follow, max-snippet:-1, max-image-preview:large, max-video-preview:-1\" \/>\n<link rel=\"canonical\" href=\"https:\/\/moto-screenies.de\/es\/produkt\/suzuki-gsx-s1000-750-sv650-displayschutz-folie-moto-screenies-tachoschutzfolie-schutzglas-folie-displayfolie-made-in-germany\/\" \/>\n<meta property=\"og:locale\" content=\"es_ES\" \/>\n<meta property=\"og:type\" content=\"article\" \/>\n<meta property=\"og:title\" content=\"Suzuki GSX-S1000 \/ 750 SV650 Displayschutz-Folie Moto Screenies Tachoschutzfolie Schutzglas-Folie Displayfolie Made in Germany\" \/>\n<meta property=\"og:description\" content=\"Entdecken Sie hochwertigen Tachoschutz f\u00fcr Suzuki GSX-S1000, 750 und SV650. Sch\u00fctzen Sie Ihr Display mit unserer langlebigen Schutzfolie. Perfekte Passform und einfache Montage!\" \/>\n<meta property=\"og:url\" content=\"https:\/\/moto-screenies.de\/es\/produkt\/suzuki-gsx-s1000-750-sv650-displayschutz-folie-moto-screenies-tachoschutzfolie-schutzglas-folie-displayfolie-made-in-germany\/\" \/>\n<meta property=\"og:site_name\" content=\"Moto Screenies\" \/>\n<meta property=\"article:modified_time\" content=\"2026-03-20T10:32:30+00:00\" \/>\n<meta property=\"og:image\" content=\"https:\/\/moto-screenies.de\/wp-content\/uploads\/2025\/11\/335432_Product.png\" \/>\n\t<meta property=\"og:image:width\" content=\"1500\" \/>\n\t<meta property=\"og:image:height\" content=\"1600\" \/>\n\t<meta property=\"og:image:type\" content=\"image\/png\" \/>\n<meta name=\"twitter:card\" content=\"summary_large_image\" \/>\n<script type=\"application\/ld+json\" class=\"yoast-schema-graph\">{\"@context\":\"https:\/\/schema.org\",\"@graph\":[{\"@type\":\"WebPage\",\"@id\":\"https:\/\/moto-screenies.de\/es\/produkt\/suzuki-gsx-s1000-750-sv650-displayschutz-folie-moto-screenies-tachoschutzfolie-schutzglas-folie-displayfolie-made-in-germany\/\",\"url\":\"https:\/\/moto-screenies.de\/es\/produkt\/suzuki-gsx-s1000-750-sv650-displayschutz-folie-moto-screenies-tachoschutzfolie-schutzglas-folie-displayfolie-made-in-germany\/\",\"name\":\"Suzuki GSX-S1000 \/ 750 SV650 Displayschutz-Folie Moto Screenies Tachoschutzfolie Schutzglas-Folie Displayfolie Made in Germany\",\"isPartOf\":{\"@id\":\"https:\/\/moto-screenies.de\/es\/#website\"},\"primaryImageOfPage\":{\"@id\":\"https:\/\/moto-screenies.de\/es\/produkt\/suzuki-gsx-s1000-750-sv650-displayschutz-folie-moto-screenies-tachoschutzfolie-schutzglas-folie-displayfolie-made-in-germany\/#primaryimage\"},\"image\":{\"@id\":\"https:\/\/moto-screenies.de\/es\/produkt\/suzuki-gsx-s1000-750-sv650-displayschutz-folie-moto-screenies-tachoschutzfolie-schutzglas-folie-displayfolie-made-in-germany\/#primaryimage\"},\"thumbnailUrl\":\"https:\/\/moto-screenies.de\/wp-content\/uploads\/2025\/11\/335432_Product.png\",\"datePublished\":\"2019-10-07T13:08:03+00:00\",\"dateModified\":\"2026-03-20T10:32:30+00:00\",\"description\":\"Entdecken Sie hochwertigen Tachoschutz f\u00fcr Suzuki GSX-S1000, 750 und SV650. Sch\u00fctzen Sie Ihr Display mit unserer langlebigen Schutzfolie. Perfekte Passform und einfache Montage!\",\"breadcrumb\":{\"@id\":\"https:\/\/moto-screenies.de\/es\/produkt\/suzuki-gsx-s1000-750-sv650-displayschutz-folie-moto-screenies-tachoschutzfolie-schutzglas-folie-displayfolie-made-in-germany\/#breadcrumb\"},\"inLanguage\":\"es\",\"potentialAction\":[{\"@type\":\"ReadAction\",\"target\":[\"https:\/\/moto-screenies.de\/es\/produkt\/suzuki-gsx-s1000-750-sv650-displayschutz-folie-moto-screenies-tachoschutzfolie-schutzglas-folie-displayfolie-made-in-germany\/\"]}]},{\"@type\":\"ImageObject\",\"inLanguage\":\"es\",\"@id\":\"https:\/\/moto-screenies.de\/es\/produkt\/suzuki-gsx-s1000-750-sv650-displayschutz-folie-moto-screenies-tachoschutzfolie-schutzglas-folie-displayfolie-made-in-germany\/#primaryimage\",\"url\":\"https:\/\/moto-screenies.de\/wp-content\/uploads\/2025\/11\/335432_Product.png\",\"contentUrl\":\"https:\/\/moto-screenies.de\/wp-content\/uploads\/2025\/11\/335432_Product.png\",\"width\":1500,\"height\":1600,\"caption\":\"dashboard+folie\"},{\"@type\":\"BreadcrumbList\",\"@id\":\"https:\/\/moto-screenies.de\/es\/produkt\/suzuki-gsx-s1000-750-sv650-displayschutz-folie-moto-screenies-tachoschutzfolie-schutzglas-folie-displayfolie-made-in-germany\/#breadcrumb\",\"itemListElement\":[{\"@type\":\"ListItem\",\"position\":1,\"name\":\"Startseite\",\"item\":\"https:\/\/moto-screenies.de\/es\/\"},{\"@type\":\"ListItem\",\"position\":2,\"name\":\"Tienda\",\"item\":\"https:\/\/moto-screenies.de\/es\/tienda\/\"},{\"@type\":\"ListItem\",\"position\":3,\"name\":\"Suzuki GSX-S1000 \/ 750 SV650 Displayschutz-Folie Moto Screenies Tachoschutzfolie Schutzglas-Folie Displayfolie Made in Germany\"}]},{\"@type\":\"WebSite\",\"@id\":\"https:\/\/moto-screenies.de\/es\/#website\",\"url\":\"https:\/\/moto-screenies.de\/es\/\",\"name\":\"Moto Screenies\",\"description\":\"Die Displayschutzfolie f\u00fcr dein Motorrad\",\"publisher\":{\"@id\":\"https:\/\/moto-screenies.de\/es\/#organization\"},\"alternateName\":\"MS\",\"potentialAction\":[{\"@type\":\"SearchAction\",\"target\":{\"@type\":\"EntryPoint\",\"urlTemplate\":\"https:\/\/moto-screenies.de\/es\/?s={search_term_string}\"},\"query-input\":{\"@type\":\"PropertyValueSpecification\",\"valueRequired\":true,\"valueName\":\"search_term_string\"}}],\"inLanguage\":\"es\"},{\"@type\":\"Organization\",\"@id\":\"https:\/\/moto-screenies.de\/es\/#organization\",\"name\":\"Moto Screenies\",\"url\":\"https:\/\/moto-screenies.de\/es\/\",\"logo\":{\"@type\":\"ImageObject\",\"inLanguage\":\"es\",\"@id\":\"https:\/\/moto-screenies.de\/es\/#\/schema\/logo\/image\/\",\"url\":\"\",\"contentUrl\":\"\",\"caption\":\"Moto Screenies\"},\"image\":{\"@id\":\"https:\/\/moto-screenies.de\/es\/#\/schema\/logo\/image\/\"}}]}<\/script>\n<!-- \/ Yoast SEO plugin. -->","yoast_head_json":{"title":"Suzuki GSX-S1000 \/ 750 SV650 Displayschutz-Folie Moto Screenies Tachoschutzfolie Schutzglas-Folie Displayfolie Made in Germany","description":"Entdecken Sie hochwertigen Tachoschutz f\u00fcr Suzuki GSX-S1000, 750 und SV650. Sch\u00fctzen Sie Ihr Display mit unserer langlebigen Schutzfolie. Perfekte Passform und einfache Montage!","robots":{"index":"index","follow":"follow","max-snippet":"max-snippet:-1","max-image-preview":"max-image-preview:large","max-video-preview":"max-video-preview:-1"},"canonical":"https:\/\/moto-screenies.de\/es\/produkt\/suzuki-gsx-s1000-750-sv650-displayschutz-folie-moto-screenies-tachoschutzfolie-schutzglas-folie-displayfolie-made-in-germany\/","og_locale":"es_ES","og_type":"article","og_title":"Suzuki GSX-S1000 \/ 750 SV650 Displayschutz-Folie Moto Screenies Tachoschutzfolie Schutzglas-Folie Displayfolie Made in Germany","og_description":"Entdecken Sie hochwertigen Tachoschutz f\u00fcr Suzuki GSX-S1000, 750 und SV650. Sch\u00fctzen Sie Ihr Display mit unserer langlebigen Schutzfolie. Perfekte Passform und einfache Montage!","og_url":"https:\/\/moto-screenies.de\/es\/produkt\/suzuki-gsx-s1000-750-sv650-displayschutz-folie-moto-screenies-tachoschutzfolie-schutzglas-folie-displayfolie-made-in-germany\/","og_site_name":"Moto Screenies","article_modified_time":"2026-03-20T10:32:30+00:00","og_image":[{"width":1500,"height":1600,"url":"https:\/\/moto-screenies.de\/wp-content\/uploads\/2025\/11\/335432_Product.png","type":"image\/png"}],"twitter_card":"summary_large_image","schema":{"@context":"https:\/\/schema.org","@graph":[{"@type":"WebPage","@id":"https:\/\/moto-screenies.de\/es\/produkt\/suzuki-gsx-s1000-750-sv650-displayschutz-folie-moto-screenies-tachoschutzfolie-schutzglas-folie-displayfolie-made-in-germany\/","url":"https:\/\/moto-screenies.de\/es\/produkt\/suzuki-gsx-s1000-750-sv650-displayschutz-folie-moto-screenies-tachoschutzfolie-schutzglas-folie-displayfolie-made-in-germany\/","name":"Suzuki GSX-S1000 \/ 750 SV650 Displayschutz-Folie Moto Screenies Tachoschutzfolie Schutzglas-Folie Displayfolie Made in Germany","isPartOf":{"@id":"https:\/\/moto-screenies.de\/es\/#website"},"primaryImageOfPage":{"@id":"https:\/\/moto-screenies.de\/es\/produkt\/suzuki-gsx-s1000-750-sv650-displayschutz-folie-moto-screenies-tachoschutzfolie-schutzglas-folie-displayfolie-made-in-germany\/#primaryimage"},"image":{"@id":"https:\/\/moto-screenies.de\/es\/produkt\/suzuki-gsx-s1000-750-sv650-displayschutz-folie-moto-screenies-tachoschutzfolie-schutzglas-folie-displayfolie-made-in-germany\/#primaryimage"},"thumbnailUrl":"https:\/\/moto-screenies.de\/wp-content\/uploads\/2025\/11\/335432_Product.png","datePublished":"2019-10-07T13:08:03+00:00","dateModified":"2026-03-20T10:32:30+00:00","description":"Entdecken Sie hochwertigen Tachoschutz f\u00fcr Suzuki GSX-S1000, 750 und SV650. Sch\u00fctzen Sie Ihr Display mit unserer langlebigen Schutzfolie. Perfekte Passform und einfache Montage!","breadcrumb":{"@id":"https:\/\/moto-screenies.de\/es\/produkt\/suzuki-gsx-s1000-750-sv650-displayschutz-folie-moto-screenies-tachoschutzfolie-schutzglas-folie-displayfolie-made-in-germany\/#breadcrumb"},"inLanguage":"es","potentialAction":[{"@type":"ReadAction","target":["https:\/\/moto-screenies.de\/es\/produkt\/suzuki-gsx-s1000-750-sv650-displayschutz-folie-moto-screenies-tachoschutzfolie-schutzglas-folie-displayfolie-made-in-germany\/"]}]},{"@type":"ImageObject","inLanguage":"es","@id":"https:\/\/moto-screenies.de\/es\/produkt\/suzuki-gsx-s1000-750-sv650-displayschutz-folie-moto-screenies-tachoschutzfolie-schutzglas-folie-displayfolie-made-in-germany\/#primaryimage","url":"https:\/\/moto-screenies.de\/wp-content\/uploads\/2025\/11\/335432_Product.png","contentUrl":"https:\/\/moto-screenies.de\/wp-content\/uploads\/2025\/11\/335432_Product.png","width":1500,"height":1600,"caption":"dashboard+folie"},{"@type":"BreadcrumbList","@id":"https:\/\/moto-screenies.de\/es\/produkt\/suzuki-gsx-s1000-750-sv650-displayschutz-folie-moto-screenies-tachoschutzfolie-schutzglas-folie-displayfolie-made-in-germany\/#breadcrumb","itemListElement":[{"@type":"ListItem","position":1,"name":"Startseite","item":"https:\/\/moto-screenies.de\/es\/"},{"@type":"ListItem","position":2,"name":"Tienda","item":"https:\/\/moto-screenies.de\/es\/tienda\/"},{"@type":"ListItem","position":3,"name":"Suzuki GSX-S1000 \/ 750 SV650 Displayschutz-Folie Moto Screenies Tachoschutzfolie Schutzglas-Folie Displayfolie Made in Germany"}]},{"@type":"WebSite","@id":"https:\/\/moto-screenies.de\/es\/#website","url":"https:\/\/moto-screenies.de\/es\/","name":"Moto Screenies","description":"Die Displayschutzfolie f\u00fcr dein Motorrad","publisher":{"@id":"https:\/\/moto-screenies.de\/es\/#organization"},"alternateName":"MS","potentialAction":[{"@type":"SearchAction","target":{"@type":"EntryPoint","urlTemplate":"https:\/\/moto-screenies.de\/es\/?s={search_term_string}"},"query-input":{"@type":"PropertyValueSpecification","valueRequired":true,"valueName":"search_term_string"}}],"inLanguage":"es"},{"@type":"Organization","@id":"https:\/\/moto-screenies.de\/es\/#organization","name":"Moto Screenies","url":"https:\/\/moto-screenies.de\/es\/","logo":{"@type":"ImageObject","inLanguage":"es","@id":"https:\/\/moto-screenies.de\/es\/#\/schema\/logo\/image\/","url":"","contentUrl":"","caption":"Moto Screenies"},"image":{"@id":"https:\/\/moto-screenies.de\/es\/#\/schema\/logo\/image\/"}}]}},"_links":{"self":[{"href":"https:\/\/moto-screenies.de\/es\/wp-json\/wp\/v2\/product\/188285","targetHints":{"allow":["GET"]}}],"collection":[{"href":"https:\/\/moto-screenies.de\/es\/wp-json\/wp\/v2\/product"}],"about":[{"href":"https:\/\/moto-screenies.de\/es\/wp-json\/wp\/v2\/types\/product"}],"replies":[{"embeddable":true,"href":"https:\/\/moto-screenies.de\/es\/wp-json\/wp\/v2\/comments?post=188285"}],"wp:featuredmedia":[{"embeddable":true,"href":"https:\/\/moto-screenies.de\/es\/wp-json\/wp\/v2\/media\/217225"}],"wp:attachment":[{"href":"https:\/\/moto-screenies.de\/es\/wp-json\/wp\/v2\/media?parent=188285"}],"wp:term":[{"taxonomy":"product_brand","embeddable":true,"href":"https:\/\/moto-screenies.de\/es\/wp-json\/wp\/v2\/product_brand?post=188285"},{"taxonomy":"product_cat","embeddable":true,"href":"https:\/\/moto-screenies.de\/es\/wp-json\/wp\/v2\/product_cat?post=188285"},{"taxonomy":"product_tag","embeddable":true,"href":"https:\/\/moto-screenies.de\/es\/wp-json\/wp\/v2\/product_tag?post=188285"}],"curies":[{"name":"wp","href":"https:\/\/api.w.org\/{rel}","templated":true}]}}