{"id":188315,"date":"2019-10-16T10:48:10","date_gmt":"2019-10-16T08:48:10","guid":{"rendered":"https:\/\/moto-screenies.de\/produkt\/honda-monkey-2018-displayschutz-folie-moto-screenies-tachoschutzfolie-schutzglas-folie-displayfolie-made-in-germany\/"},"modified":"2026-01-26T15:26:51","modified_gmt":"2026-01-26T14:26:51","slug":"honda-monkey-2018-displayschutz-folie-moto-screenies-tachoschutzfolie-schutzglas-folie-displayfolie-made-in-germany","status":"publish","type":"product","link":"https:\/\/moto-screenies.de\/es\/produkt\/honda-monkey-2018-displayschutz-folie-moto-screenies-tachoschutzfolie-schutzglas-folie-displayfolie-made-in-germany\/","title":{"rendered":"Honda Monkey 2018+  Displayschutz-Folie  Moto Screenies Tachoschutzfolie Schutzglas-Folie Displayfolie Made in Germany"},"content":{"rendered":"<p>Entdecken Sie den ultimativen Schutz f\u00fcr Ihr Motorrad mit der Honda Monkey 2018+ Tachoschutzfolie Displayschutzfolie. Diese hochwertige Schutzfolie bewahrt das Display Ihres Fahrzeugs vor Kratzern, Staub und Verschlei\u00df, sodass es stets wie neu aussieht. Hergestellt aus robustem Material, bietet sie eine kristallklare Sicht und beeintr\u00e4chtigt nicht die Lesbarkeit des Tachos. Die einfache Anbringung sorgt daf\u00fcr, dass Sie im Handumdrehen von optimalem Schutz profitieren k\u00f6nnen. Investieren Sie in die Langlebigkeit Ihres Motorrads und genie\u00dfen Sie unbeschwerte Fahrten. Passend f\u00fcr: Honda Monkey 2018+ Tachoschutzfolie Displayschutzfolie.<\/p>\n","protected":false},"excerpt":{"rendered":"<p>Entdecken Sie den ultimativen Schutz f\u00fcr Ihr Motorrad mit der Honda Monkey 2018+ Tachoschutzfolie Displayschutzfolie. Diese hochwertige Schutzfolie bewahrt das Display Ihres Fahrzeugs vor Kratzern, Staub und Verschlei\u00df, sodass es stets wie neu aussieht. Hergestellt aus robustem Material, bietet sie eine kristallklare Sicht und beeintr\u00e4chtigt nicht die Lesbarkeit des Tachos. Die einfache Anbringung sorgt daf\u00fcr, [&hellip;]<\/p>\n","protected":false},"featured_media":193018,"comment_status":"open","ping_status":"closed","template":"","meta":{"_et_pb_use_builder":"","_et_pb_old_content":"","_et_gb_content_width":"","_uf_show_specific_survey":0,"_uf_disable_surveys":false},"product_brand":[],"product_cat":[422],"product_tag":[117],"class_list":{"0":"post-188315","1":"product","2":"type-product","3":"status-publish","4":"has-post-thumbnail","6":"product_cat-honda-schutzfolie-fuer-dein-motorrad","7":"product_tag-tachoschutzfolie","8":"product_shipping_class-standard","10":"first","11":"instock","12":"taxable","13":"shipping-taxable","14":"purchasable","15":"product-type-variable"},"yoast_head":"<!-- This site is optimized with the Yoast SEO plugin v27.2 - https:\/\/yoast.com\/product\/yoast-seo-wordpress\/ -->\n<title>Honda Monkey 2018+ Displayschutz-Folie Moto Screenies Tachoschutzfolie Schutzglas-Folie Displayfolie Made in Germany<\/title>\n<meta name=\"description\" content=\"Entdecken Sie die perfekte Tachoschutzfolie f\u00fcr Ihren Honda Monkey 2018+. Sch\u00fctzen Sie Ihr Display vor Kratzern und Abnutzung mit unserer hochwertigen Displayschutzfolie. Ideal f\u00fcr langanhaltende Klarheit und Schutz.\" \/>\n<meta name=\"robots\" content=\"index, follow, max-snippet:-1, max-image-preview:large, max-video-preview:-1\" \/>\n<link rel=\"canonical\" href=\"https:\/\/moto-screenies.de\/es\/produkt\/honda-monkey-2018-displayschutz-folie-moto-screenies-tachoschutzfolie-schutzglas-folie-displayfolie-made-in-germany\/\" \/>\n<meta property=\"og:locale\" content=\"es_ES\" \/>\n<meta property=\"og:type\" content=\"article\" \/>\n<meta property=\"og:title\" content=\"Honda Monkey 2018+ Displayschutz-Folie Moto Screenies Tachoschutzfolie Schutzglas-Folie Displayfolie Made in Germany\" \/>\n<meta property=\"og:description\" content=\"Entdecken Sie die perfekte Tachoschutzfolie f\u00fcr Ihren Honda Monkey 2018+. Sch\u00fctzen Sie Ihr Display vor Kratzern und Abnutzung mit unserer hochwertigen Displayschutzfolie. Ideal f\u00fcr langanhaltende Klarheit und Schutz.\" \/>\n<meta property=\"og:url\" content=\"https:\/\/moto-screenies.de\/es\/produkt\/honda-monkey-2018-displayschutz-folie-moto-screenies-tachoschutzfolie-schutzglas-folie-displayfolie-made-in-germany\/\" \/>\n<meta property=\"og:site_name\" content=\"Moto Screenies\" \/>\n<meta property=\"article:modified_time\" content=\"2026-01-26T14:26:51+00:00\" \/>\n<meta property=\"og:image\" content=\"https:\/\/moto-screenies.de\/wp-content\/uploads\/2025\/11\/327706_Product.png\" \/>\n\t<meta property=\"og:image:width\" content=\"1600\" \/>\n\t<meta property=\"og:image:height\" content=\"1500\" \/>\n\t<meta property=\"og:image:type\" content=\"image\/png\" \/>\n<meta name=\"twitter:card\" content=\"summary_large_image\" \/>\n<script type=\"application\/ld+json\" class=\"yoast-schema-graph\">{\"@context\":\"https:\/\/schema.org\",\"@graph\":[{\"@type\":\"WebPage\",\"@id\":\"https:\/\/moto-screenies.de\/es\/produkt\/honda-monkey-2018-displayschutz-folie-moto-screenies-tachoschutzfolie-schutzglas-folie-displayfolie-made-in-germany\/\",\"url\":\"https:\/\/moto-screenies.de\/es\/produkt\/honda-monkey-2018-displayschutz-folie-moto-screenies-tachoschutzfolie-schutzglas-folie-displayfolie-made-in-germany\/\",\"name\":\"Honda Monkey 2018+ Displayschutz-Folie Moto Screenies Tachoschutzfolie Schutzglas-Folie Displayfolie Made in Germany\",\"isPartOf\":{\"@id\":\"https:\/\/moto-screenies.de\/es\/#website\"},\"primaryImageOfPage\":{\"@id\":\"https:\/\/moto-screenies.de\/es\/produkt\/honda-monkey-2018-displayschutz-folie-moto-screenies-tachoschutzfolie-schutzglas-folie-displayfolie-made-in-germany\/#primaryimage\"},\"image\":{\"@id\":\"https:\/\/moto-screenies.de\/es\/produkt\/honda-monkey-2018-displayschutz-folie-moto-screenies-tachoschutzfolie-schutzglas-folie-displayfolie-made-in-germany\/#primaryimage\"},\"thumbnailUrl\":\"https:\/\/moto-screenies.de\/wp-content\/uploads\/2025\/11\/327706_Product.png\",\"datePublished\":\"2019-10-16T08:48:10+00:00\",\"dateModified\":\"2026-01-26T14:26:51+00:00\",\"description\":\"Entdecken Sie die perfekte Tachoschutzfolie f\u00fcr Ihren Honda Monkey 2018+. Sch\u00fctzen Sie Ihr Display vor Kratzern und Abnutzung mit unserer hochwertigen Displayschutzfolie. Ideal f\u00fcr langanhaltende Klarheit und Schutz.\",\"breadcrumb\":{\"@id\":\"https:\/\/moto-screenies.de\/es\/produkt\/honda-monkey-2018-displayschutz-folie-moto-screenies-tachoschutzfolie-schutzglas-folie-displayfolie-made-in-germany\/#breadcrumb\"},\"inLanguage\":\"es\",\"potentialAction\":[{\"@type\":\"ReadAction\",\"target\":[\"https:\/\/moto-screenies.de\/es\/produkt\/honda-monkey-2018-displayschutz-folie-moto-screenies-tachoschutzfolie-schutzglas-folie-displayfolie-made-in-germany\/\"]}]},{\"@type\":\"ImageObject\",\"inLanguage\":\"es\",\"@id\":\"https:\/\/moto-screenies.de\/es\/produkt\/honda-monkey-2018-displayschutz-folie-moto-screenies-tachoschutzfolie-schutzglas-folie-displayfolie-made-in-germany\/#primaryimage\",\"url\":\"https:\/\/moto-screenies.de\/wp-content\/uploads\/2025\/11\/327706_Product.png\",\"contentUrl\":\"https:\/\/moto-screenies.de\/wp-content\/uploads\/2025\/11\/327706_Product.png\",\"width\":1600,\"height\":1500,\"caption\":\"2\"},{\"@type\":\"BreadcrumbList\",\"@id\":\"https:\/\/moto-screenies.de\/es\/produkt\/honda-monkey-2018-displayschutz-folie-moto-screenies-tachoschutzfolie-schutzglas-folie-displayfolie-made-in-germany\/#breadcrumb\",\"itemListElement\":[{\"@type\":\"ListItem\",\"position\":1,\"name\":\"Startseite\",\"item\":\"https:\/\/moto-screenies.de\/es\/\"},{\"@type\":\"ListItem\",\"position\":2,\"name\":\"Tienda\",\"item\":\"https:\/\/moto-screenies.de\/es\/tienda\/\"},{\"@type\":\"ListItem\",\"position\":3,\"name\":\"Honda Monkey 2018+ Displayschutz-Folie Moto Screenies Tachoschutzfolie Schutzglas-Folie Displayfolie Made in Germany\"}]},{\"@type\":\"WebSite\",\"@id\":\"https:\/\/moto-screenies.de\/es\/#website\",\"url\":\"https:\/\/moto-screenies.de\/es\/\",\"name\":\"Moto Screenies\",\"description\":\"Die Displayschutzfolie f\u00fcr dein Motorrad\",\"publisher\":{\"@id\":\"https:\/\/moto-screenies.de\/es\/#organization\"},\"alternateName\":\"MS\",\"potentialAction\":[{\"@type\":\"SearchAction\",\"target\":{\"@type\":\"EntryPoint\",\"urlTemplate\":\"https:\/\/moto-screenies.de\/es\/?s={search_term_string}\"},\"query-input\":{\"@type\":\"PropertyValueSpecification\",\"valueRequired\":true,\"valueName\":\"search_term_string\"}}],\"inLanguage\":\"es\"},{\"@type\":\"Organization\",\"@id\":\"https:\/\/moto-screenies.de\/es\/#organization\",\"name\":\"Moto Screenies\",\"url\":\"https:\/\/moto-screenies.de\/es\/\",\"logo\":{\"@type\":\"ImageObject\",\"inLanguage\":\"es\",\"@id\":\"https:\/\/moto-screenies.de\/es\/#\/schema\/logo\/image\/\",\"url\":\"\",\"contentUrl\":\"\",\"caption\":\"Moto Screenies\"},\"image\":{\"@id\":\"https:\/\/moto-screenies.de\/es\/#\/schema\/logo\/image\/\"}}]}<\/script>\n<!-- \/ Yoast SEO plugin. -->","yoast_head_json":{"title":"Honda Monkey 2018+ Displayschutz-Folie Moto Screenies Tachoschutzfolie Schutzglas-Folie Displayfolie Made in Germany","description":"Entdecken Sie die perfekte Tachoschutzfolie f\u00fcr Ihren Honda Monkey 2018+. Sch\u00fctzen Sie Ihr Display vor Kratzern und Abnutzung mit unserer hochwertigen Displayschutzfolie. Ideal f\u00fcr langanhaltende Klarheit und Schutz.","robots":{"index":"index","follow":"follow","max-snippet":"max-snippet:-1","max-image-preview":"max-image-preview:large","max-video-preview":"max-video-preview:-1"},"canonical":"https:\/\/moto-screenies.de\/es\/produkt\/honda-monkey-2018-displayschutz-folie-moto-screenies-tachoschutzfolie-schutzglas-folie-displayfolie-made-in-germany\/","og_locale":"es_ES","og_type":"article","og_title":"Honda Monkey 2018+ Displayschutz-Folie Moto Screenies Tachoschutzfolie Schutzglas-Folie Displayfolie Made in Germany","og_description":"Entdecken Sie die perfekte Tachoschutzfolie f\u00fcr Ihren Honda Monkey 2018+. Sch\u00fctzen Sie Ihr Display vor Kratzern und Abnutzung mit unserer hochwertigen Displayschutzfolie. Ideal f\u00fcr langanhaltende Klarheit und Schutz.","og_url":"https:\/\/moto-screenies.de\/es\/produkt\/honda-monkey-2018-displayschutz-folie-moto-screenies-tachoschutzfolie-schutzglas-folie-displayfolie-made-in-germany\/","og_site_name":"Moto Screenies","article_modified_time":"2026-01-26T14:26:51+00:00","og_image":[{"width":1600,"height":1500,"url":"https:\/\/moto-screenies.de\/wp-content\/uploads\/2025\/11\/327706_Product.png","type":"image\/png"}],"twitter_card":"summary_large_image","schema":{"@context":"https:\/\/schema.org","@graph":[{"@type":"WebPage","@id":"https:\/\/moto-screenies.de\/es\/produkt\/honda-monkey-2018-displayschutz-folie-moto-screenies-tachoschutzfolie-schutzglas-folie-displayfolie-made-in-germany\/","url":"https:\/\/moto-screenies.de\/es\/produkt\/honda-monkey-2018-displayschutz-folie-moto-screenies-tachoschutzfolie-schutzglas-folie-displayfolie-made-in-germany\/","name":"Honda Monkey 2018+ Displayschutz-Folie Moto Screenies Tachoschutzfolie Schutzglas-Folie Displayfolie Made in Germany","isPartOf":{"@id":"https:\/\/moto-screenies.de\/es\/#website"},"primaryImageOfPage":{"@id":"https:\/\/moto-screenies.de\/es\/produkt\/honda-monkey-2018-displayschutz-folie-moto-screenies-tachoschutzfolie-schutzglas-folie-displayfolie-made-in-germany\/#primaryimage"},"image":{"@id":"https:\/\/moto-screenies.de\/es\/produkt\/honda-monkey-2018-displayschutz-folie-moto-screenies-tachoschutzfolie-schutzglas-folie-displayfolie-made-in-germany\/#primaryimage"},"thumbnailUrl":"https:\/\/moto-screenies.de\/wp-content\/uploads\/2025\/11\/327706_Product.png","datePublished":"2019-10-16T08:48:10+00:00","dateModified":"2026-01-26T14:26:51+00:00","description":"Entdecken Sie die perfekte Tachoschutzfolie f\u00fcr Ihren Honda Monkey 2018+. Sch\u00fctzen Sie Ihr Display vor Kratzern und Abnutzung mit unserer hochwertigen Displayschutzfolie. Ideal f\u00fcr langanhaltende Klarheit und Schutz.","breadcrumb":{"@id":"https:\/\/moto-screenies.de\/es\/produkt\/honda-monkey-2018-displayschutz-folie-moto-screenies-tachoschutzfolie-schutzglas-folie-displayfolie-made-in-germany\/#breadcrumb"},"inLanguage":"es","potentialAction":[{"@type":"ReadAction","target":["https:\/\/moto-screenies.de\/es\/produkt\/honda-monkey-2018-displayschutz-folie-moto-screenies-tachoschutzfolie-schutzglas-folie-displayfolie-made-in-germany\/"]}]},{"@type":"ImageObject","inLanguage":"es","@id":"https:\/\/moto-screenies.de\/es\/produkt\/honda-monkey-2018-displayschutz-folie-moto-screenies-tachoschutzfolie-schutzglas-folie-displayfolie-made-in-germany\/#primaryimage","url":"https:\/\/moto-screenies.de\/wp-content\/uploads\/2025\/11\/327706_Product.png","contentUrl":"https:\/\/moto-screenies.de\/wp-content\/uploads\/2025\/11\/327706_Product.png","width":1600,"height":1500,"caption":"2"},{"@type":"BreadcrumbList","@id":"https:\/\/moto-screenies.de\/es\/produkt\/honda-monkey-2018-displayschutz-folie-moto-screenies-tachoschutzfolie-schutzglas-folie-displayfolie-made-in-germany\/#breadcrumb","itemListElement":[{"@type":"ListItem","position":1,"name":"Startseite","item":"https:\/\/moto-screenies.de\/es\/"},{"@type":"ListItem","position":2,"name":"Tienda","item":"https:\/\/moto-screenies.de\/es\/tienda\/"},{"@type":"ListItem","position":3,"name":"Honda Monkey 2018+ Displayschutz-Folie Moto Screenies Tachoschutzfolie Schutzglas-Folie Displayfolie Made in Germany"}]},{"@type":"WebSite","@id":"https:\/\/moto-screenies.de\/es\/#website","url":"https:\/\/moto-screenies.de\/es\/","name":"Moto Screenies","description":"Die Displayschutzfolie f\u00fcr dein Motorrad","publisher":{"@id":"https:\/\/moto-screenies.de\/es\/#organization"},"alternateName":"MS","potentialAction":[{"@type":"SearchAction","target":{"@type":"EntryPoint","urlTemplate":"https:\/\/moto-screenies.de\/es\/?s={search_term_string}"},"query-input":{"@type":"PropertyValueSpecification","valueRequired":true,"valueName":"search_term_string"}}],"inLanguage":"es"},{"@type":"Organization","@id":"https:\/\/moto-screenies.de\/es\/#organization","name":"Moto Screenies","url":"https:\/\/moto-screenies.de\/es\/","logo":{"@type":"ImageObject","inLanguage":"es","@id":"https:\/\/moto-screenies.de\/es\/#\/schema\/logo\/image\/","url":"","contentUrl":"","caption":"Moto Screenies"},"image":{"@id":"https:\/\/moto-screenies.de\/es\/#\/schema\/logo\/image\/"}}]}},"_links":{"self":[{"href":"https:\/\/moto-screenies.de\/es\/wp-json\/wp\/v2\/product\/188315","targetHints":{"allow":["GET"]}}],"collection":[{"href":"https:\/\/moto-screenies.de\/es\/wp-json\/wp\/v2\/product"}],"about":[{"href":"https:\/\/moto-screenies.de\/es\/wp-json\/wp\/v2\/types\/product"}],"replies":[{"embeddable":true,"href":"https:\/\/moto-screenies.de\/es\/wp-json\/wp\/v2\/comments?post=188315"}],"wp:featuredmedia":[{"embeddable":true,"href":"https:\/\/moto-screenies.de\/es\/wp-json\/wp\/v2\/media\/193018"}],"wp:attachment":[{"href":"https:\/\/moto-screenies.de\/es\/wp-json\/wp\/v2\/media?parent=188315"}],"wp:term":[{"taxonomy":"product_brand","embeddable":true,"href":"https:\/\/moto-screenies.de\/es\/wp-json\/wp\/v2\/product_brand?post=188315"},{"taxonomy":"product_cat","embeddable":true,"href":"https:\/\/moto-screenies.de\/es\/wp-json\/wp\/v2\/product_cat?post=188315"},{"taxonomy":"product_tag","embeddable":true,"href":"https:\/\/moto-screenies.de\/es\/wp-json\/wp\/v2\/product_tag?post=188315"}],"curies":[{"name":"wp","href":"https:\/\/api.w.org\/{rel}","templated":true}]}}