{"id":188557,"date":"2022-05-27T11:58:04","date_gmt":"2022-05-27T09:58:04","guid":{"rendered":"https:\/\/moto-screenies.de\/produkt\/ural-t-twd-sportsman-ranger-2017-displayschutz-folie-moto-screenies-tachoschutzfolie-schutzglas-folie-displayfolie-made-in-germany\/"},"modified":"2026-01-26T15:35:29","modified_gmt":"2026-01-26T14:35:29","slug":"ural-t-twd-sportsman-ranger-2017-displayschutz-folie-moto-screenies-tachoschutzfolie-schutzglas-folie-displayfolie-made-in-germany","status":"publish","type":"product","link":"https:\/\/moto-screenies.de\/es\/produkt\/ural-t-twd-sportsman-ranger-2017-displayschutz-folie-moto-screenies-tachoschutzfolie-schutzglas-folie-displayfolie-made-in-germany\/","title":{"rendered":"Ural T TWD Sportsman Ranger 2017 Displayschutz-Folie  Moto Screenies Tachoschutzfolie Schutzglas-Folie Displayfolie Made in Germany"},"content":{"rendered":"<p>Entdecken Sie den ultimativen Schutz f\u00fcr das Cockpit Ihres Motorrads mit unserer hochwertigen Tachoschutzfolie. Diese speziell entwickelte Displayschutzfolie bietet Ihrem Ural T TWD Sportsman Ranger 2017 optimalen Schutz vor Kratzern, Staub und Schmutz, ohne die Sicht auf Ihr Display zu beeintr\u00e4chtigen. Die passgenaue Folie l\u00e4sst sich m\u00fchelos anbringen und sorgt f\u00fcr ein klares, blendfreies Bild. Investieren Sie in die Langlebigkeit Ihres Motorrads und genie\u00dfen Sie ungetr\u00fcbte Fahrten. <\/p>\n<p>Passend f\u00fcr: Tachoschutzfolie Displayschutzfolie passend f\u00fcr Ural T TWD Sportsman Ranger 2017.<\/p>\n","protected":false},"excerpt":{"rendered":"<p>Entdecken Sie den ultimativen Schutz f\u00fcr das Cockpit Ihres Motorrads mit unserer hochwertigen Tachoschutzfolie. Diese speziell entwickelte Displayschutzfolie bietet Ihrem Ural T TWD Sportsman Ranger 2017 optimalen Schutz vor Kratzern, Staub und Schmutz, ohne die Sicht auf Ihr Display zu beeintr\u00e4chtigen. Die passgenaue Folie l\u00e4sst sich m\u00fchelos anbringen und sorgt f\u00fcr ein klares, blendfreies Bild. [&hellip;]<\/p>\n","protected":false},"featured_media":203908,"comment_status":"open","ping_status":"closed","template":"","meta":{"_et_pb_use_builder":"","_et_pb_old_content":"","_et_gb_content_width":"","_uf_show_specific_survey":0,"_uf_disable_surveys":false},"product_brand":[],"product_cat":[432],"product_tag":[117],"class_list":{"0":"post-188557","1":"product","2":"type-product","3":"status-publish","4":"has-post-thumbnail","6":"product_cat-sonstige-modelle","7":"product_tag-tachoschutzfolie","8":"product_shipping_class-standard","10":"first","11":"instock","12":"taxable","13":"shipping-taxable","14":"purchasable","15":"product-type-variable"},"yoast_head":"<!-- This site is optimized with the Yoast SEO plugin v27.2 - https:\/\/yoast.com\/product\/yoast-seo-wordpress\/ -->\n<title>Ural T TWD Sportsman Ranger 2017 Displayschutz-Folie Moto Screenies Tachoschutzfolie Schutzglas-Folie Displayfolie Made in Germany<\/title>\n<meta name=\"description\" content=\"Entdecken Sie die perfekte Tachoschutzfolie f\u00fcr Ihren Ural T TWD Sportsman Ranger 2017. Sch\u00fctzen Sie Ihr Display effektiv vor Kratzern und Abnutzung. Hochwertige Qualit\u00e4t und passgenaues Design f\u00fcr langanhaltenden Schutz.\" \/>\n<meta name=\"robots\" content=\"index, follow, max-snippet:-1, max-image-preview:large, max-video-preview:-1\" \/>\n<link rel=\"canonical\" href=\"https:\/\/moto-screenies.de\/es\/produkt\/ural-t-twd-sportsman-ranger-2017-displayschutz-folie-moto-screenies-tachoschutzfolie-schutzglas-folie-displayfolie-made-in-germany\/\" \/>\n<meta property=\"og:locale\" content=\"es_ES\" \/>\n<meta property=\"og:type\" content=\"article\" \/>\n<meta property=\"og:title\" content=\"Ural T TWD Sportsman Ranger 2017 Displayschutz-Folie Moto Screenies Tachoschutzfolie Schutzglas-Folie Displayfolie Made in Germany\" \/>\n<meta property=\"og:description\" content=\"Entdecken Sie die perfekte Tachoschutzfolie f\u00fcr Ihren Ural T TWD Sportsman Ranger 2017. Sch\u00fctzen Sie Ihr Display effektiv vor Kratzern und Abnutzung. Hochwertige Qualit\u00e4t und passgenaues Design f\u00fcr langanhaltenden Schutz.\" \/>\n<meta property=\"og:url\" content=\"https:\/\/moto-screenies.de\/es\/produkt\/ural-t-twd-sportsman-ranger-2017-displayschutz-folie-moto-screenies-tachoschutzfolie-schutzglas-folie-displayfolie-made-in-germany\/\" \/>\n<meta property=\"og:site_name\" content=\"Moto Screenies\" \/>\n<meta property=\"article:modified_time\" content=\"2026-01-26T14:35:29+00:00\" \/>\n<meta property=\"og:image\" content=\"https:\/\/moto-screenies.de\/wp-content\/uploads\/2025\/11\/331507_Product.png\" \/>\n\t<meta property=\"og:image:width\" content=\"1600\" \/>\n\t<meta property=\"og:image:height\" content=\"1500\" \/>\n\t<meta property=\"og:image:type\" content=\"image\/png\" \/>\n<meta name=\"twitter:card\" content=\"summary_large_image\" \/>\n<script type=\"application\/ld+json\" class=\"yoast-schema-graph\">{\"@context\":\"https:\/\/schema.org\",\"@graph\":[{\"@type\":\"WebPage\",\"@id\":\"https:\/\/moto-screenies.de\/es\/produkt\/ural-t-twd-sportsman-ranger-2017-displayschutz-folie-moto-screenies-tachoschutzfolie-schutzglas-folie-displayfolie-made-in-germany\/\",\"url\":\"https:\/\/moto-screenies.de\/es\/produkt\/ural-t-twd-sportsman-ranger-2017-displayschutz-folie-moto-screenies-tachoschutzfolie-schutzglas-folie-displayfolie-made-in-germany\/\",\"name\":\"Ural T TWD Sportsman Ranger 2017 Displayschutz-Folie Moto Screenies Tachoschutzfolie Schutzglas-Folie Displayfolie Made in Germany\",\"isPartOf\":{\"@id\":\"https:\/\/moto-screenies.de\/es\/#website\"},\"primaryImageOfPage\":{\"@id\":\"https:\/\/moto-screenies.de\/es\/produkt\/ural-t-twd-sportsman-ranger-2017-displayschutz-folie-moto-screenies-tachoschutzfolie-schutzglas-folie-displayfolie-made-in-germany\/#primaryimage\"},\"image\":{\"@id\":\"https:\/\/moto-screenies.de\/es\/produkt\/ural-t-twd-sportsman-ranger-2017-displayschutz-folie-moto-screenies-tachoschutzfolie-schutzglas-folie-displayfolie-made-in-germany\/#primaryimage\"},\"thumbnailUrl\":\"https:\/\/moto-screenies.de\/wp-content\/uploads\/2025\/11\/331507_Product.png\",\"datePublished\":\"2022-05-27T09:58:04+00:00\",\"dateModified\":\"2026-01-26T14:35:29+00:00\",\"description\":\"Entdecken Sie die perfekte Tachoschutzfolie f\u00fcr Ihren Ural T TWD Sportsman Ranger 2017. Sch\u00fctzen Sie Ihr Display effektiv vor Kratzern und Abnutzung. Hochwertige Qualit\u00e4t und passgenaues Design f\u00fcr langanhaltenden Schutz.\",\"breadcrumb\":{\"@id\":\"https:\/\/moto-screenies.de\/es\/produkt\/ural-t-twd-sportsman-ranger-2017-displayschutz-folie-moto-screenies-tachoschutzfolie-schutzglas-folie-displayfolie-made-in-germany\/#breadcrumb\"},\"inLanguage\":\"es\",\"potentialAction\":[{\"@type\":\"ReadAction\",\"target\":[\"https:\/\/moto-screenies.de\/es\/produkt\/ural-t-twd-sportsman-ranger-2017-displayschutz-folie-moto-screenies-tachoschutzfolie-schutzglas-folie-displayfolie-made-in-germany\/\"]}]},{\"@type\":\"ImageObject\",\"inLanguage\":\"es\",\"@id\":\"https:\/\/moto-screenies.de\/es\/produkt\/ural-t-twd-sportsman-ranger-2017-displayschutz-folie-moto-screenies-tachoschutzfolie-schutzglas-folie-displayfolie-made-in-germany\/#primaryimage\",\"url\":\"https:\/\/moto-screenies.de\/wp-content\/uploads\/2025\/11\/331507_Product.png\",\"contentUrl\":\"https:\/\/moto-screenies.de\/wp-content\/uploads\/2025\/11\/331507_Product.png\",\"width\":1600,\"height\":1500,\"caption\":\"main\"},{\"@type\":\"BreadcrumbList\",\"@id\":\"https:\/\/moto-screenies.de\/es\/produkt\/ural-t-twd-sportsman-ranger-2017-displayschutz-folie-moto-screenies-tachoschutzfolie-schutzglas-folie-displayfolie-made-in-germany\/#breadcrumb\",\"itemListElement\":[{\"@type\":\"ListItem\",\"position\":1,\"name\":\"Startseite\",\"item\":\"https:\/\/moto-screenies.de\/es\/\"},{\"@type\":\"ListItem\",\"position\":2,\"name\":\"Tienda\",\"item\":\"https:\/\/moto-screenies.de\/es\/tienda\/\"},{\"@type\":\"ListItem\",\"position\":3,\"name\":\"Ural T TWD Sportsman Ranger 2017 Displayschutz-Folie Moto Screenies Tachoschutzfolie Schutzglas-Folie Displayfolie Made in Germany\"}]},{\"@type\":\"WebSite\",\"@id\":\"https:\/\/moto-screenies.de\/es\/#website\",\"url\":\"https:\/\/moto-screenies.de\/es\/\",\"name\":\"Moto Screenies\",\"description\":\"Die Displayschutzfolie f\u00fcr dein Motorrad\",\"publisher\":{\"@id\":\"https:\/\/moto-screenies.de\/es\/#organization\"},\"alternateName\":\"MS\",\"potentialAction\":[{\"@type\":\"SearchAction\",\"target\":{\"@type\":\"EntryPoint\",\"urlTemplate\":\"https:\/\/moto-screenies.de\/es\/?s={search_term_string}\"},\"query-input\":{\"@type\":\"PropertyValueSpecification\",\"valueRequired\":true,\"valueName\":\"search_term_string\"}}],\"inLanguage\":\"es\"},{\"@type\":\"Organization\",\"@id\":\"https:\/\/moto-screenies.de\/es\/#organization\",\"name\":\"Moto Screenies\",\"url\":\"https:\/\/moto-screenies.de\/es\/\",\"logo\":{\"@type\":\"ImageObject\",\"inLanguage\":\"es\",\"@id\":\"https:\/\/moto-screenies.de\/es\/#\/schema\/logo\/image\/\",\"url\":\"\",\"contentUrl\":\"\",\"caption\":\"Moto Screenies\"},\"image\":{\"@id\":\"https:\/\/moto-screenies.de\/es\/#\/schema\/logo\/image\/\"}}]}<\/script>\n<!-- \/ Yoast SEO plugin. -->","yoast_head_json":{"title":"Ural T TWD Sportsman Ranger 2017 Displayschutz-Folie Moto Screenies Tachoschutzfolie Schutzglas-Folie Displayfolie Made in Germany","description":"Entdecken Sie die perfekte Tachoschutzfolie f\u00fcr Ihren Ural T TWD Sportsman Ranger 2017. Sch\u00fctzen Sie Ihr Display effektiv vor Kratzern und Abnutzung. Hochwertige Qualit\u00e4t und passgenaues Design f\u00fcr langanhaltenden Schutz.","robots":{"index":"index","follow":"follow","max-snippet":"max-snippet:-1","max-image-preview":"max-image-preview:large","max-video-preview":"max-video-preview:-1"},"canonical":"https:\/\/moto-screenies.de\/es\/produkt\/ural-t-twd-sportsman-ranger-2017-displayschutz-folie-moto-screenies-tachoschutzfolie-schutzglas-folie-displayfolie-made-in-germany\/","og_locale":"es_ES","og_type":"article","og_title":"Ural T TWD Sportsman Ranger 2017 Displayschutz-Folie Moto Screenies Tachoschutzfolie Schutzglas-Folie Displayfolie Made in Germany","og_description":"Entdecken Sie die perfekte Tachoschutzfolie f\u00fcr Ihren Ural T TWD Sportsman Ranger 2017. Sch\u00fctzen Sie Ihr Display effektiv vor Kratzern und Abnutzung. Hochwertige Qualit\u00e4t und passgenaues Design f\u00fcr langanhaltenden Schutz.","og_url":"https:\/\/moto-screenies.de\/es\/produkt\/ural-t-twd-sportsman-ranger-2017-displayschutz-folie-moto-screenies-tachoschutzfolie-schutzglas-folie-displayfolie-made-in-germany\/","og_site_name":"Moto Screenies","article_modified_time":"2026-01-26T14:35:29+00:00","og_image":[{"width":1600,"height":1500,"url":"https:\/\/moto-screenies.de\/wp-content\/uploads\/2025\/11\/331507_Product.png","type":"image\/png"}],"twitter_card":"summary_large_image","schema":{"@context":"https:\/\/schema.org","@graph":[{"@type":"WebPage","@id":"https:\/\/moto-screenies.de\/es\/produkt\/ural-t-twd-sportsman-ranger-2017-displayschutz-folie-moto-screenies-tachoschutzfolie-schutzglas-folie-displayfolie-made-in-germany\/","url":"https:\/\/moto-screenies.de\/es\/produkt\/ural-t-twd-sportsman-ranger-2017-displayschutz-folie-moto-screenies-tachoschutzfolie-schutzglas-folie-displayfolie-made-in-germany\/","name":"Ural T TWD Sportsman Ranger 2017 Displayschutz-Folie Moto Screenies Tachoschutzfolie Schutzglas-Folie Displayfolie Made in Germany","isPartOf":{"@id":"https:\/\/moto-screenies.de\/es\/#website"},"primaryImageOfPage":{"@id":"https:\/\/moto-screenies.de\/es\/produkt\/ural-t-twd-sportsman-ranger-2017-displayschutz-folie-moto-screenies-tachoschutzfolie-schutzglas-folie-displayfolie-made-in-germany\/#primaryimage"},"image":{"@id":"https:\/\/moto-screenies.de\/es\/produkt\/ural-t-twd-sportsman-ranger-2017-displayschutz-folie-moto-screenies-tachoschutzfolie-schutzglas-folie-displayfolie-made-in-germany\/#primaryimage"},"thumbnailUrl":"https:\/\/moto-screenies.de\/wp-content\/uploads\/2025\/11\/331507_Product.png","datePublished":"2022-05-27T09:58:04+00:00","dateModified":"2026-01-26T14:35:29+00:00","description":"Entdecken Sie die perfekte Tachoschutzfolie f\u00fcr Ihren Ural T TWD Sportsman Ranger 2017. Sch\u00fctzen Sie Ihr Display effektiv vor Kratzern und Abnutzung. Hochwertige Qualit\u00e4t und passgenaues Design f\u00fcr langanhaltenden Schutz.","breadcrumb":{"@id":"https:\/\/moto-screenies.de\/es\/produkt\/ural-t-twd-sportsman-ranger-2017-displayschutz-folie-moto-screenies-tachoschutzfolie-schutzglas-folie-displayfolie-made-in-germany\/#breadcrumb"},"inLanguage":"es","potentialAction":[{"@type":"ReadAction","target":["https:\/\/moto-screenies.de\/es\/produkt\/ural-t-twd-sportsman-ranger-2017-displayschutz-folie-moto-screenies-tachoschutzfolie-schutzglas-folie-displayfolie-made-in-germany\/"]}]},{"@type":"ImageObject","inLanguage":"es","@id":"https:\/\/moto-screenies.de\/es\/produkt\/ural-t-twd-sportsman-ranger-2017-displayschutz-folie-moto-screenies-tachoschutzfolie-schutzglas-folie-displayfolie-made-in-germany\/#primaryimage","url":"https:\/\/moto-screenies.de\/wp-content\/uploads\/2025\/11\/331507_Product.png","contentUrl":"https:\/\/moto-screenies.de\/wp-content\/uploads\/2025\/11\/331507_Product.png","width":1600,"height":1500,"caption":"main"},{"@type":"BreadcrumbList","@id":"https:\/\/moto-screenies.de\/es\/produkt\/ural-t-twd-sportsman-ranger-2017-displayschutz-folie-moto-screenies-tachoschutzfolie-schutzglas-folie-displayfolie-made-in-germany\/#breadcrumb","itemListElement":[{"@type":"ListItem","position":1,"name":"Startseite","item":"https:\/\/moto-screenies.de\/es\/"},{"@type":"ListItem","position":2,"name":"Tienda","item":"https:\/\/moto-screenies.de\/es\/tienda\/"},{"@type":"ListItem","position":3,"name":"Ural T TWD Sportsman Ranger 2017 Displayschutz-Folie Moto Screenies Tachoschutzfolie Schutzglas-Folie Displayfolie Made in Germany"}]},{"@type":"WebSite","@id":"https:\/\/moto-screenies.de\/es\/#website","url":"https:\/\/moto-screenies.de\/es\/","name":"Moto Screenies","description":"Die Displayschutzfolie f\u00fcr dein Motorrad","publisher":{"@id":"https:\/\/moto-screenies.de\/es\/#organization"},"alternateName":"MS","potentialAction":[{"@type":"SearchAction","target":{"@type":"EntryPoint","urlTemplate":"https:\/\/moto-screenies.de\/es\/?s={search_term_string}"},"query-input":{"@type":"PropertyValueSpecification","valueRequired":true,"valueName":"search_term_string"}}],"inLanguage":"es"},{"@type":"Organization","@id":"https:\/\/moto-screenies.de\/es\/#organization","name":"Moto Screenies","url":"https:\/\/moto-screenies.de\/es\/","logo":{"@type":"ImageObject","inLanguage":"es","@id":"https:\/\/moto-screenies.de\/es\/#\/schema\/logo\/image\/","url":"","contentUrl":"","caption":"Moto Screenies"},"image":{"@id":"https:\/\/moto-screenies.de\/es\/#\/schema\/logo\/image\/"}}]}},"_links":{"self":[{"href":"https:\/\/moto-screenies.de\/es\/wp-json\/wp\/v2\/product\/188557","targetHints":{"allow":["GET"]}}],"collection":[{"href":"https:\/\/moto-screenies.de\/es\/wp-json\/wp\/v2\/product"}],"about":[{"href":"https:\/\/moto-screenies.de\/es\/wp-json\/wp\/v2\/types\/product"}],"replies":[{"embeddable":true,"href":"https:\/\/moto-screenies.de\/es\/wp-json\/wp\/v2\/comments?post=188557"}],"wp:featuredmedia":[{"embeddable":true,"href":"https:\/\/moto-screenies.de\/es\/wp-json\/wp\/v2\/media\/203908"}],"wp:attachment":[{"href":"https:\/\/moto-screenies.de\/es\/wp-json\/wp\/v2\/media?parent=188557"}],"wp:term":[{"taxonomy":"product_brand","embeddable":true,"href":"https:\/\/moto-screenies.de\/es\/wp-json\/wp\/v2\/product_brand?post=188557"},{"taxonomy":"product_cat","embeddable":true,"href":"https:\/\/moto-screenies.de\/es\/wp-json\/wp\/v2\/product_cat?post=188557"},{"taxonomy":"product_tag","embeddable":true,"href":"https:\/\/moto-screenies.de\/es\/wp-json\/wp\/v2\/product_tag?post=188557"}],"curies":[{"name":"wp","href":"https:\/\/api.w.org\/{rel}","templated":true}]}}