{"id":188568,"date":"2022-08-06T12:10:22","date_gmt":"2022-08-06T10:10:22","guid":{"rendered":"https:\/\/moto-screenies.de\/produkt\/yamaha-tenere-700-world-raid-2022-displayschutz-folie-moto-screenies-tachoschutzfolie-schutzglas-folie-displayfolie-made-in-germany\/"},"modified":"2026-01-26T15:37:24","modified_gmt":"2026-01-26T14:37:24","slug":"yamaha-tenere-700-world-raid-2022-displayschutz-folie-moto-screenies-tachoschutzfolie-schutzglas-folie-displayfolie-made-in-germany","status":"publish","type":"product","link":"https:\/\/moto-screenies.de\/es\/produkt\/yamaha-tenere-700-world-raid-2022-displayschutz-folie-moto-screenies-tachoschutzfolie-schutzglas-folie-displayfolie-made-in-germany\/","title":{"rendered":"Yamaha Tenere 700 World Raid 2022+ Displayschutz-Folie  Moto Screenies Tachoschutzfolie Schutzglas-Folie Displayfolie Made in Germany"},"content":{"rendered":"<p>Die Tachoschutzfolie Displayschutzfolie passend f\u00fcr Yamaha Tenere 700 World Raid 2022+ bietet optimalen Schutz f\u00fcr das empfindliche Display Ihres Motorrads. Hergestellt aus hochwertigem Material, sch\u00fctzt diese Folie zuverl\u00e4ssig vor Kratzern, Staub und Schmutz, ohne die Lesbarkeit zu beeintr\u00e4chtigen. Die pr\u00e4zise Passform garantiert eine einfache Installation und sorgt daf\u00fcr, dass alle Funktionen des Displays uneingeschr\u00e4nkt nutzbar bleiben. Investieren Sie in den Schutz Ihres Motorrads und verl\u00e4ngern Sie die Lebensdauer des Displays mit dieser speziell entwickelten Schutzfolie. Passend f\u00fcr: Tachoschutzfolie Displayschutzfolie passend f\u00fcr Yamaha Tenere 700 World Raid 2022+.<\/p>\n","protected":false},"excerpt":{"rendered":"<p>Die Tachoschutzfolie Displayschutzfolie passend f\u00fcr Yamaha Tenere 700 World Raid 2022+ bietet optimalen Schutz f\u00fcr das empfindliche Display Ihres Motorrads. Hergestellt aus hochwertigem Material, sch\u00fctzt diese Folie zuverl\u00e4ssig vor Kratzern, Staub und Schmutz, ohne die Lesbarkeit zu beeintr\u00e4chtigen. Die pr\u00e4zise Passform garantiert eine einfache Installation und sorgt daf\u00fcr, dass alle Funktionen des Displays uneingeschr\u00e4nkt nutzbar [&hellip;]<\/p>\n","protected":false},"featured_media":205366,"comment_status":"open","ping_status":"closed","template":"","meta":{"_et_pb_use_builder":"","_et_pb_old_content":"","_et_gb_content_width":"","_uf_show_specific_survey":0,"_uf_disable_surveys":false},"product_brand":[],"product_cat":[429],"product_tag":[117],"class_list":{"0":"post-188568","1":"product","2":"type-product","3":"status-publish","4":"has-post-thumbnail","6":"product_cat-yamaha-schutzfolie-fuer-dein-motorrad","7":"product_tag-tachoschutzfolie","8":"product_shipping_class-standard","10":"first","11":"instock","12":"taxable","13":"shipping-taxable","14":"purchasable","15":"product-type-variable"},"yoast_head":"<!-- This site is optimized with the Yoast SEO plugin v27.2 - https:\/\/yoast.com\/product\/yoast-seo-wordpress\/ -->\n<title>Yamaha Tenere 700 World Raid 2022+ Displayschutz-Folie Moto Screenies Tachoschutzfolie Schutzglas-Folie Displayfolie Made in Germany<\/title>\n<meta name=\"description\" content=\"Entdecken Sie die perfekte Tachoschutzfolie f\u00fcr Ihre Yamaha Tenere 700 World Raid 2022+. Sch\u00fctzen Sie Ihr Display vor Kratzern und Schmutz mit unserer hochwertigen Displayschutzfolie. Ideal f\u00fcr Abenteuerfahrer!\" \/>\n<meta name=\"robots\" content=\"index, follow, max-snippet:-1, max-image-preview:large, max-video-preview:-1\" \/>\n<link rel=\"canonical\" href=\"https:\/\/moto-screenies.de\/es\/produkt\/yamaha-tenere-700-world-raid-2022-displayschutz-folie-moto-screenies-tachoschutzfolie-schutzglas-folie-displayfolie-made-in-germany\/\" \/>\n<meta property=\"og:locale\" content=\"es_ES\" \/>\n<meta property=\"og:type\" content=\"article\" \/>\n<meta property=\"og:title\" content=\"Yamaha Tenere 700 World Raid 2022+ Displayschutz-Folie Moto Screenies Tachoschutzfolie Schutzglas-Folie Displayfolie Made in Germany\" \/>\n<meta property=\"og:description\" content=\"Entdecken Sie die perfekte Tachoschutzfolie f\u00fcr Ihre Yamaha Tenere 700 World Raid 2022+. Sch\u00fctzen Sie Ihr Display vor Kratzern und Schmutz mit unserer hochwertigen Displayschutzfolie. Ideal f\u00fcr Abenteuerfahrer!\" \/>\n<meta property=\"og:url\" content=\"https:\/\/moto-screenies.de\/es\/produkt\/yamaha-tenere-700-world-raid-2022-displayschutz-folie-moto-screenies-tachoschutzfolie-schutzglas-folie-displayfolie-made-in-germany\/\" \/>\n<meta property=\"og:site_name\" content=\"Moto Screenies\" \/>\n<meta property=\"article:modified_time\" content=\"2026-01-26T14:37:24+00:00\" \/>\n<meta property=\"og:image\" content=\"https:\/\/moto-screenies.de\/wp-content\/uploads\/2025\/11\/331963_Product.png\" \/>\n\t<meta property=\"og:image:width\" content=\"1500\" \/>\n\t<meta property=\"og:image:height\" content=\"1500\" \/>\n\t<meta property=\"og:image:type\" content=\"image\/png\" \/>\n<meta name=\"twitter:card\" content=\"summary_large_image\" \/>\n<script type=\"application\/ld+json\" class=\"yoast-schema-graph\">{\"@context\":\"https:\/\/schema.org\",\"@graph\":[{\"@type\":\"WebPage\",\"@id\":\"https:\/\/moto-screenies.de\/es\/produkt\/yamaha-tenere-700-world-raid-2022-displayschutz-folie-moto-screenies-tachoschutzfolie-schutzglas-folie-displayfolie-made-in-germany\/\",\"url\":\"https:\/\/moto-screenies.de\/es\/produkt\/yamaha-tenere-700-world-raid-2022-displayschutz-folie-moto-screenies-tachoschutzfolie-schutzglas-folie-displayfolie-made-in-germany\/\",\"name\":\"Yamaha Tenere 700 World Raid 2022+ Displayschutz-Folie Moto Screenies Tachoschutzfolie Schutzglas-Folie Displayfolie Made in Germany\",\"isPartOf\":{\"@id\":\"https:\/\/moto-screenies.de\/es\/#website\"},\"primaryImageOfPage\":{\"@id\":\"https:\/\/moto-screenies.de\/es\/produkt\/yamaha-tenere-700-world-raid-2022-displayschutz-folie-moto-screenies-tachoschutzfolie-schutzglas-folie-displayfolie-made-in-germany\/#primaryimage\"},\"image\":{\"@id\":\"https:\/\/moto-screenies.de\/es\/produkt\/yamaha-tenere-700-world-raid-2022-displayschutz-folie-moto-screenies-tachoschutzfolie-schutzglas-folie-displayfolie-made-in-germany\/#primaryimage\"},\"thumbnailUrl\":\"https:\/\/moto-screenies.de\/wp-content\/uploads\/2025\/11\/331963_Product.png\",\"datePublished\":\"2022-08-06T10:10:22+00:00\",\"dateModified\":\"2026-01-26T14:37:24+00:00\",\"description\":\"Entdecken Sie die perfekte Tachoschutzfolie f\u00fcr Ihre Yamaha Tenere 700 World Raid 2022+. Sch\u00fctzen Sie Ihr Display vor Kratzern und Schmutz mit unserer hochwertigen Displayschutzfolie. Ideal f\u00fcr Abenteuerfahrer!\",\"breadcrumb\":{\"@id\":\"https:\/\/moto-screenies.de\/es\/produkt\/yamaha-tenere-700-world-raid-2022-displayschutz-folie-moto-screenies-tachoschutzfolie-schutzglas-folie-displayfolie-made-in-germany\/#breadcrumb\"},\"inLanguage\":\"es\",\"potentialAction\":[{\"@type\":\"ReadAction\",\"target\":[\"https:\/\/moto-screenies.de\/es\/produkt\/yamaha-tenere-700-world-raid-2022-displayschutz-folie-moto-screenies-tachoschutzfolie-schutzglas-folie-displayfolie-made-in-germany\/\"]}]},{\"@type\":\"ImageObject\",\"inLanguage\":\"es\",\"@id\":\"https:\/\/moto-screenies.de\/es\/produkt\/yamaha-tenere-700-world-raid-2022-displayschutz-folie-moto-screenies-tachoschutzfolie-schutzglas-folie-displayfolie-made-in-germany\/#primaryimage\",\"url\":\"https:\/\/moto-screenies.de\/wp-content\/uploads\/2025\/11\/331963_Product.png\",\"contentUrl\":\"https:\/\/moto-screenies.de\/wp-content\/uploads\/2025\/11\/331963_Product.png\",\"width\":1500,\"height\":1500,\"caption\":\"main\"},{\"@type\":\"BreadcrumbList\",\"@id\":\"https:\/\/moto-screenies.de\/es\/produkt\/yamaha-tenere-700-world-raid-2022-displayschutz-folie-moto-screenies-tachoschutzfolie-schutzglas-folie-displayfolie-made-in-germany\/#breadcrumb\",\"itemListElement\":[{\"@type\":\"ListItem\",\"position\":1,\"name\":\"Startseite\",\"item\":\"https:\/\/moto-screenies.de\/es\/\"},{\"@type\":\"ListItem\",\"position\":2,\"name\":\"Tienda\",\"item\":\"https:\/\/moto-screenies.de\/es\/tienda\/\"},{\"@type\":\"ListItem\",\"position\":3,\"name\":\"Yamaha Tenere 700 World Raid 2022+ Displayschutz-Folie Moto Screenies Tachoschutzfolie Schutzglas-Folie Displayfolie Made in Germany\"}]},{\"@type\":\"WebSite\",\"@id\":\"https:\/\/moto-screenies.de\/es\/#website\",\"url\":\"https:\/\/moto-screenies.de\/es\/\",\"name\":\"Moto Screenies\",\"description\":\"Die Displayschutzfolie f\u00fcr dein Motorrad\",\"publisher\":{\"@id\":\"https:\/\/moto-screenies.de\/es\/#organization\"},\"alternateName\":\"MS\",\"potentialAction\":[{\"@type\":\"SearchAction\",\"target\":{\"@type\":\"EntryPoint\",\"urlTemplate\":\"https:\/\/moto-screenies.de\/es\/?s={search_term_string}\"},\"query-input\":{\"@type\":\"PropertyValueSpecification\",\"valueRequired\":true,\"valueName\":\"search_term_string\"}}],\"inLanguage\":\"es\"},{\"@type\":\"Organization\",\"@id\":\"https:\/\/moto-screenies.de\/es\/#organization\",\"name\":\"Moto Screenies\",\"url\":\"https:\/\/moto-screenies.de\/es\/\",\"logo\":{\"@type\":\"ImageObject\",\"inLanguage\":\"es\",\"@id\":\"https:\/\/moto-screenies.de\/es\/#\/schema\/logo\/image\/\",\"url\":\"\",\"contentUrl\":\"\",\"caption\":\"Moto Screenies\"},\"image\":{\"@id\":\"https:\/\/moto-screenies.de\/es\/#\/schema\/logo\/image\/\"}}]}<\/script>\n<!-- \/ Yoast SEO plugin. -->","yoast_head_json":{"title":"Yamaha Tenere 700 World Raid 2022+ Displayschutz-Folie Moto Screenies Tachoschutzfolie Schutzglas-Folie Displayfolie Made in Germany","description":"Entdecken Sie die perfekte Tachoschutzfolie f\u00fcr Ihre Yamaha Tenere 700 World Raid 2022+. Sch\u00fctzen Sie Ihr Display vor Kratzern und Schmutz mit unserer hochwertigen Displayschutzfolie. Ideal f\u00fcr Abenteuerfahrer!","robots":{"index":"index","follow":"follow","max-snippet":"max-snippet:-1","max-image-preview":"max-image-preview:large","max-video-preview":"max-video-preview:-1"},"canonical":"https:\/\/moto-screenies.de\/es\/produkt\/yamaha-tenere-700-world-raid-2022-displayschutz-folie-moto-screenies-tachoschutzfolie-schutzglas-folie-displayfolie-made-in-germany\/","og_locale":"es_ES","og_type":"article","og_title":"Yamaha Tenere 700 World Raid 2022+ Displayschutz-Folie Moto Screenies Tachoschutzfolie Schutzglas-Folie Displayfolie Made in Germany","og_description":"Entdecken Sie die perfekte Tachoschutzfolie f\u00fcr Ihre Yamaha Tenere 700 World Raid 2022+. Sch\u00fctzen Sie Ihr Display vor Kratzern und Schmutz mit unserer hochwertigen Displayschutzfolie. Ideal f\u00fcr Abenteuerfahrer!","og_url":"https:\/\/moto-screenies.de\/es\/produkt\/yamaha-tenere-700-world-raid-2022-displayschutz-folie-moto-screenies-tachoschutzfolie-schutzglas-folie-displayfolie-made-in-germany\/","og_site_name":"Moto Screenies","article_modified_time":"2026-01-26T14:37:24+00:00","og_image":[{"width":1500,"height":1500,"url":"https:\/\/moto-screenies.de\/wp-content\/uploads\/2025\/11\/331963_Product.png","type":"image\/png"}],"twitter_card":"summary_large_image","schema":{"@context":"https:\/\/schema.org","@graph":[{"@type":"WebPage","@id":"https:\/\/moto-screenies.de\/es\/produkt\/yamaha-tenere-700-world-raid-2022-displayschutz-folie-moto-screenies-tachoschutzfolie-schutzglas-folie-displayfolie-made-in-germany\/","url":"https:\/\/moto-screenies.de\/es\/produkt\/yamaha-tenere-700-world-raid-2022-displayschutz-folie-moto-screenies-tachoschutzfolie-schutzglas-folie-displayfolie-made-in-germany\/","name":"Yamaha Tenere 700 World Raid 2022+ Displayschutz-Folie Moto Screenies Tachoschutzfolie Schutzglas-Folie Displayfolie Made in Germany","isPartOf":{"@id":"https:\/\/moto-screenies.de\/es\/#website"},"primaryImageOfPage":{"@id":"https:\/\/moto-screenies.de\/es\/produkt\/yamaha-tenere-700-world-raid-2022-displayschutz-folie-moto-screenies-tachoschutzfolie-schutzglas-folie-displayfolie-made-in-germany\/#primaryimage"},"image":{"@id":"https:\/\/moto-screenies.de\/es\/produkt\/yamaha-tenere-700-world-raid-2022-displayschutz-folie-moto-screenies-tachoschutzfolie-schutzglas-folie-displayfolie-made-in-germany\/#primaryimage"},"thumbnailUrl":"https:\/\/moto-screenies.de\/wp-content\/uploads\/2025\/11\/331963_Product.png","datePublished":"2022-08-06T10:10:22+00:00","dateModified":"2026-01-26T14:37:24+00:00","description":"Entdecken Sie die perfekte Tachoschutzfolie f\u00fcr Ihre Yamaha Tenere 700 World Raid 2022+. Sch\u00fctzen Sie Ihr Display vor Kratzern und Schmutz mit unserer hochwertigen Displayschutzfolie. Ideal f\u00fcr Abenteuerfahrer!","breadcrumb":{"@id":"https:\/\/moto-screenies.de\/es\/produkt\/yamaha-tenere-700-world-raid-2022-displayschutz-folie-moto-screenies-tachoschutzfolie-schutzglas-folie-displayfolie-made-in-germany\/#breadcrumb"},"inLanguage":"es","potentialAction":[{"@type":"ReadAction","target":["https:\/\/moto-screenies.de\/es\/produkt\/yamaha-tenere-700-world-raid-2022-displayschutz-folie-moto-screenies-tachoschutzfolie-schutzglas-folie-displayfolie-made-in-germany\/"]}]},{"@type":"ImageObject","inLanguage":"es","@id":"https:\/\/moto-screenies.de\/es\/produkt\/yamaha-tenere-700-world-raid-2022-displayschutz-folie-moto-screenies-tachoschutzfolie-schutzglas-folie-displayfolie-made-in-germany\/#primaryimage","url":"https:\/\/moto-screenies.de\/wp-content\/uploads\/2025\/11\/331963_Product.png","contentUrl":"https:\/\/moto-screenies.de\/wp-content\/uploads\/2025\/11\/331963_Product.png","width":1500,"height":1500,"caption":"main"},{"@type":"BreadcrumbList","@id":"https:\/\/moto-screenies.de\/es\/produkt\/yamaha-tenere-700-world-raid-2022-displayschutz-folie-moto-screenies-tachoschutzfolie-schutzglas-folie-displayfolie-made-in-germany\/#breadcrumb","itemListElement":[{"@type":"ListItem","position":1,"name":"Startseite","item":"https:\/\/moto-screenies.de\/es\/"},{"@type":"ListItem","position":2,"name":"Tienda","item":"https:\/\/moto-screenies.de\/es\/tienda\/"},{"@type":"ListItem","position":3,"name":"Yamaha Tenere 700 World Raid 2022+ Displayschutz-Folie Moto Screenies Tachoschutzfolie Schutzglas-Folie Displayfolie Made in Germany"}]},{"@type":"WebSite","@id":"https:\/\/moto-screenies.de\/es\/#website","url":"https:\/\/moto-screenies.de\/es\/","name":"Moto Screenies","description":"Die Displayschutzfolie f\u00fcr dein Motorrad","publisher":{"@id":"https:\/\/moto-screenies.de\/es\/#organization"},"alternateName":"MS","potentialAction":[{"@type":"SearchAction","target":{"@type":"EntryPoint","urlTemplate":"https:\/\/moto-screenies.de\/es\/?s={search_term_string}"},"query-input":{"@type":"PropertyValueSpecification","valueRequired":true,"valueName":"search_term_string"}}],"inLanguage":"es"},{"@type":"Organization","@id":"https:\/\/moto-screenies.de\/es\/#organization","name":"Moto Screenies","url":"https:\/\/moto-screenies.de\/es\/","logo":{"@type":"ImageObject","inLanguage":"es","@id":"https:\/\/moto-screenies.de\/es\/#\/schema\/logo\/image\/","url":"","contentUrl":"","caption":"Moto Screenies"},"image":{"@id":"https:\/\/moto-screenies.de\/es\/#\/schema\/logo\/image\/"}}]}},"_links":{"self":[{"href":"https:\/\/moto-screenies.de\/es\/wp-json\/wp\/v2\/product\/188568","targetHints":{"allow":["GET"]}}],"collection":[{"href":"https:\/\/moto-screenies.de\/es\/wp-json\/wp\/v2\/product"}],"about":[{"href":"https:\/\/moto-screenies.de\/es\/wp-json\/wp\/v2\/types\/product"}],"replies":[{"embeddable":true,"href":"https:\/\/moto-screenies.de\/es\/wp-json\/wp\/v2\/comments?post=188568"}],"wp:featuredmedia":[{"embeddable":true,"href":"https:\/\/moto-screenies.de\/es\/wp-json\/wp\/v2\/media\/205366"}],"wp:attachment":[{"href":"https:\/\/moto-screenies.de\/es\/wp-json\/wp\/v2\/media?parent=188568"}],"wp:term":[{"taxonomy":"product_brand","embeddable":true,"href":"https:\/\/moto-screenies.de\/es\/wp-json\/wp\/v2\/product_brand?post=188568"},{"taxonomy":"product_cat","embeddable":true,"href":"https:\/\/moto-screenies.de\/es\/wp-json\/wp\/v2\/product_cat?post=188568"},{"taxonomy":"product_tag","embeddable":true,"href":"https:\/\/moto-screenies.de\/es\/wp-json\/wp\/v2\/product_tag?post=188568"}],"curies":[{"name":"wp","href":"https:\/\/api.w.org\/{rel}","templated":true}]}}