{"id":188666,"date":"2025-01-07T13:02:06","date_gmt":"2025-01-07T12:02:06","guid":{"rendered":"https:\/\/moto-screenies.de\/produkt\/display-tacho-schutzfolie-zugeschnitten-fuer-royal-enfield-super-meteor-650-2023\/"},"modified":"2026-01-26T15:49:56","modified_gmt":"2026-01-26T14:49:56","slug":"display-tacho-schutzfolie-zugeschnitten-fuer-royal-enfield-super-meteor-650-2023","status":"publish","type":"product","link":"https:\/\/moto-screenies.de\/es\/produkt\/display-tacho-schutzfolie-zugeschnitten-fuer-royal-enfield-super-meteor-650-2023\/","title":{"rendered":"Display Tacho Schutzfolie zugeschnitten f\u00fcr Royal Enfield Super Meteor 650 2023+"},"content":{"rendered":"<p>Entdecken Sie die ideale L\u00f6sung, um das Display Ihrer Royal Enfield Super Meteor 650 2023+ zu sch\u00fctzen. Unsere Tachoschutzfolie bietet erstklassigen Schutz vor Kratzern, Staub und anderen Besch\u00e4digungen, die im Alltag auftreten k\u00f6nnen. Pr\u00e4zise gefertigt f\u00fcr eine perfekte Passform, garantiert diese Displayschutzfolie eine klare Sicht und bewahrt die Wertigkeit Ihres Motorrads. Die einfache Anbringung und r\u00fcckstandslose Entfernung machen sie zur perfekten Wahl f\u00fcr jeden Motorradliebhaber. Investieren Sie in den Schutz Ihres Tachometers und genie\u00dfen Sie ungest\u00f6rte Fahrten. <\/p>\n<p>Passend f\u00fcr: Tachoschutzfolie Displayschutzfolie passend f\u00fcr Royal Enfield Super Meteor 650 2023+<\/p>\n","protected":false},"excerpt":{"rendered":"<p>Entdecken Sie die ideale L\u00f6sung, um das Display Ihrer Royal Enfield Super Meteor 650 2023+ zu sch\u00fctzen. Unsere Tachoschutzfolie bietet erstklassigen Schutz vor Kratzern, Staub und anderen Besch\u00e4digungen, die im Alltag auftreten k\u00f6nnen. Pr\u00e4zise gefertigt f\u00fcr eine perfekte Passform, garantiert diese Displayschutzfolie eine klare Sicht und bewahrt die Wertigkeit Ihres Motorrads. Die einfache Anbringung und [&hellip;]<\/p>\n","protected":false},"featured_media":222616,"comment_status":"open","ping_status":"closed","template":"","meta":{"_et_pb_use_builder":"","_et_pb_old_content":"","_et_gb_content_width":"","_uf_show_specific_survey":0,"_uf_disable_surveys":false},"product_brand":[],"product_cat":[432],"product_tag":[117],"class_list":{"0":"post-188666","1":"product","2":"type-product","3":"status-publish","4":"has-post-thumbnail","6":"product_cat-sonstige-modelle","7":"product_tag-tachoschutzfolie","8":"product_shipping_class-standard","10":"first","11":"instock","12":"taxable","13":"shipping-taxable","14":"purchasable","15":"product-type-variable"},"yoast_head":"<!-- This site is optimized with the Yoast SEO plugin v27.2 - https:\/\/yoast.com\/product\/yoast-seo-wordpress\/ -->\n<title>Display Tacho Schutzfolie zugeschnitten f\u00fcr Royal Enfield Super Meteor 650 2023+<\/title>\n<meta name=\"description\" content=\"Entdecken Sie die perfekte Tachoschutzfolie f\u00fcr Ihre Royal Enfield Super Meteor 650 2023+. Sch\u00fctzen Sie Ihr Display effektiv vor Kratzern und Abnutzung. Qualit\u00e4t und Passgenauigkeit garantiert!\" \/>\n<meta name=\"robots\" content=\"index, follow, max-snippet:-1, max-image-preview:large, max-video-preview:-1\" \/>\n<link rel=\"canonical\" href=\"https:\/\/moto-screenies.de\/es\/produkt\/display-tacho-schutzfolie-zugeschnitten-fuer-royal-enfield-super-meteor-650-2023\/\" \/>\n<meta property=\"og:locale\" content=\"es_ES\" \/>\n<meta property=\"og:type\" content=\"article\" \/>\n<meta property=\"og:title\" content=\"Display Tacho Schutzfolie zugeschnitten f\u00fcr Royal Enfield Super Meteor 650 2023+\" \/>\n<meta property=\"og:description\" content=\"Entdecken Sie die perfekte Tachoschutzfolie f\u00fcr Ihre Royal Enfield Super Meteor 650 2023+. Sch\u00fctzen Sie Ihr Display effektiv vor Kratzern und Abnutzung. Qualit\u00e4t und Passgenauigkeit garantiert!\" \/>\n<meta property=\"og:url\" content=\"https:\/\/moto-screenies.de\/es\/produkt\/display-tacho-schutzfolie-zugeschnitten-fuer-royal-enfield-super-meteor-650-2023\/\" \/>\n<meta property=\"og:site_name\" content=\"Moto Screenies\" \/>\n<meta property=\"article:modified_time\" content=\"2026-01-26T14:49:56+00:00\" \/>\n<meta property=\"og:image\" content=\"https:\/\/moto-screenies.de\/wp-content\/uploads\/2025\/11\/358553_Product.png\" \/>\n\t<meta property=\"og:image:width\" content=\"1500\" \/>\n\t<meta property=\"og:image:height\" content=\"1500\" \/>\n\t<meta property=\"og:image:type\" content=\"image\/png\" \/>\n<meta name=\"twitter:card\" content=\"summary_large_image\" \/>\n<script type=\"application\/ld+json\" class=\"yoast-schema-graph\">{\"@context\":\"https:\/\/schema.org\",\"@graph\":[{\"@type\":\"WebPage\",\"@id\":\"https:\/\/moto-screenies.de\/es\/produkt\/display-tacho-schutzfolie-zugeschnitten-fuer-royal-enfield-super-meteor-650-2023\/\",\"url\":\"https:\/\/moto-screenies.de\/es\/produkt\/display-tacho-schutzfolie-zugeschnitten-fuer-royal-enfield-super-meteor-650-2023\/\",\"name\":\"Display Tacho Schutzfolie zugeschnitten f\u00fcr Royal Enfield Super Meteor 650 2023+\",\"isPartOf\":{\"@id\":\"https:\/\/moto-screenies.de\/es\/#website\"},\"primaryImageOfPage\":{\"@id\":\"https:\/\/moto-screenies.de\/es\/produkt\/display-tacho-schutzfolie-zugeschnitten-fuer-royal-enfield-super-meteor-650-2023\/#primaryimage\"},\"image\":{\"@id\":\"https:\/\/moto-screenies.de\/es\/produkt\/display-tacho-schutzfolie-zugeschnitten-fuer-royal-enfield-super-meteor-650-2023\/#primaryimage\"},\"thumbnailUrl\":\"https:\/\/moto-screenies.de\/wp-content\/uploads\/2025\/11\/358553_Product.png\",\"datePublished\":\"2025-01-07T12:02:06+00:00\",\"dateModified\":\"2026-01-26T14:49:56+00:00\",\"description\":\"Entdecken Sie die perfekte Tachoschutzfolie f\u00fcr Ihre Royal Enfield Super Meteor 650 2023+. Sch\u00fctzen Sie Ihr Display effektiv vor Kratzern und Abnutzung. Qualit\u00e4t und Passgenauigkeit garantiert!\",\"breadcrumb\":{\"@id\":\"https:\/\/moto-screenies.de\/es\/produkt\/display-tacho-schutzfolie-zugeschnitten-fuer-royal-enfield-super-meteor-650-2023\/#breadcrumb\"},\"inLanguage\":\"es\",\"potentialAction\":[{\"@type\":\"ReadAction\",\"target\":[\"https:\/\/moto-screenies.de\/es\/produkt\/display-tacho-schutzfolie-zugeschnitten-fuer-royal-enfield-super-meteor-650-2023\/\"]}]},{\"@type\":\"ImageObject\",\"inLanguage\":\"es\",\"@id\":\"https:\/\/moto-screenies.de\/es\/produkt\/display-tacho-schutzfolie-zugeschnitten-fuer-royal-enfield-super-meteor-650-2023\/#primaryimage\",\"url\":\"https:\/\/moto-screenies.de\/wp-content\/uploads\/2025\/11\/358553_Product.png\",\"contentUrl\":\"https:\/\/moto-screenies.de\/wp-content\/uploads\/2025\/11\/358553_Product.png\",\"width\":1500,\"height\":1500,\"caption\":\"main.png\"},{\"@type\":\"BreadcrumbList\",\"@id\":\"https:\/\/moto-screenies.de\/es\/produkt\/display-tacho-schutzfolie-zugeschnitten-fuer-royal-enfield-super-meteor-650-2023\/#breadcrumb\",\"itemListElement\":[{\"@type\":\"ListItem\",\"position\":1,\"name\":\"Startseite\",\"item\":\"https:\/\/moto-screenies.de\/es\/\"},{\"@type\":\"ListItem\",\"position\":2,\"name\":\"Tienda\",\"item\":\"https:\/\/moto-screenies.de\/es\/tienda\/\"},{\"@type\":\"ListItem\",\"position\":3,\"name\":\"Display Tacho Schutzfolie zugeschnitten f\u00fcr Royal Enfield Super Meteor 650 2023+\"}]},{\"@type\":\"WebSite\",\"@id\":\"https:\/\/moto-screenies.de\/es\/#website\",\"url\":\"https:\/\/moto-screenies.de\/es\/\",\"name\":\"Moto Screenies\",\"description\":\"Die Displayschutzfolie f\u00fcr dein Motorrad\",\"publisher\":{\"@id\":\"https:\/\/moto-screenies.de\/es\/#organization\"},\"alternateName\":\"MS\",\"potentialAction\":[{\"@type\":\"SearchAction\",\"target\":{\"@type\":\"EntryPoint\",\"urlTemplate\":\"https:\/\/moto-screenies.de\/es\/?s={search_term_string}\"},\"query-input\":{\"@type\":\"PropertyValueSpecification\",\"valueRequired\":true,\"valueName\":\"search_term_string\"}}],\"inLanguage\":\"es\"},{\"@type\":\"Organization\",\"@id\":\"https:\/\/moto-screenies.de\/es\/#organization\",\"name\":\"Moto Screenies\",\"url\":\"https:\/\/moto-screenies.de\/es\/\",\"logo\":{\"@type\":\"ImageObject\",\"inLanguage\":\"es\",\"@id\":\"https:\/\/moto-screenies.de\/es\/#\/schema\/logo\/image\/\",\"url\":\"\",\"contentUrl\":\"\",\"caption\":\"Moto Screenies\"},\"image\":{\"@id\":\"https:\/\/moto-screenies.de\/es\/#\/schema\/logo\/image\/\"}}]}<\/script>\n<!-- \/ Yoast SEO plugin. -->","yoast_head_json":{"title":"Display Tacho Schutzfolie zugeschnitten f\u00fcr Royal Enfield Super Meteor 650 2023+","description":"Entdecken Sie die perfekte Tachoschutzfolie f\u00fcr Ihre Royal Enfield Super Meteor 650 2023+. Sch\u00fctzen Sie Ihr Display effektiv vor Kratzern und Abnutzung. Qualit\u00e4t und Passgenauigkeit garantiert!","robots":{"index":"index","follow":"follow","max-snippet":"max-snippet:-1","max-image-preview":"max-image-preview:large","max-video-preview":"max-video-preview:-1"},"canonical":"https:\/\/moto-screenies.de\/es\/produkt\/display-tacho-schutzfolie-zugeschnitten-fuer-royal-enfield-super-meteor-650-2023\/","og_locale":"es_ES","og_type":"article","og_title":"Display Tacho Schutzfolie zugeschnitten f\u00fcr Royal Enfield Super Meteor 650 2023+","og_description":"Entdecken Sie die perfekte Tachoschutzfolie f\u00fcr Ihre Royal Enfield Super Meteor 650 2023+. Sch\u00fctzen Sie Ihr Display effektiv vor Kratzern und Abnutzung. Qualit\u00e4t und Passgenauigkeit garantiert!","og_url":"https:\/\/moto-screenies.de\/es\/produkt\/display-tacho-schutzfolie-zugeschnitten-fuer-royal-enfield-super-meteor-650-2023\/","og_site_name":"Moto Screenies","article_modified_time":"2026-01-26T14:49:56+00:00","og_image":[{"width":1500,"height":1500,"url":"https:\/\/moto-screenies.de\/wp-content\/uploads\/2025\/11\/358553_Product.png","type":"image\/png"}],"twitter_card":"summary_large_image","schema":{"@context":"https:\/\/schema.org","@graph":[{"@type":"WebPage","@id":"https:\/\/moto-screenies.de\/es\/produkt\/display-tacho-schutzfolie-zugeschnitten-fuer-royal-enfield-super-meteor-650-2023\/","url":"https:\/\/moto-screenies.de\/es\/produkt\/display-tacho-schutzfolie-zugeschnitten-fuer-royal-enfield-super-meteor-650-2023\/","name":"Display Tacho Schutzfolie zugeschnitten f\u00fcr Royal Enfield Super Meteor 650 2023+","isPartOf":{"@id":"https:\/\/moto-screenies.de\/es\/#website"},"primaryImageOfPage":{"@id":"https:\/\/moto-screenies.de\/es\/produkt\/display-tacho-schutzfolie-zugeschnitten-fuer-royal-enfield-super-meteor-650-2023\/#primaryimage"},"image":{"@id":"https:\/\/moto-screenies.de\/es\/produkt\/display-tacho-schutzfolie-zugeschnitten-fuer-royal-enfield-super-meteor-650-2023\/#primaryimage"},"thumbnailUrl":"https:\/\/moto-screenies.de\/wp-content\/uploads\/2025\/11\/358553_Product.png","datePublished":"2025-01-07T12:02:06+00:00","dateModified":"2026-01-26T14:49:56+00:00","description":"Entdecken Sie die perfekte Tachoschutzfolie f\u00fcr Ihre Royal Enfield Super Meteor 650 2023+. Sch\u00fctzen Sie Ihr Display effektiv vor Kratzern und Abnutzung. Qualit\u00e4t und Passgenauigkeit garantiert!","breadcrumb":{"@id":"https:\/\/moto-screenies.de\/es\/produkt\/display-tacho-schutzfolie-zugeschnitten-fuer-royal-enfield-super-meteor-650-2023\/#breadcrumb"},"inLanguage":"es","potentialAction":[{"@type":"ReadAction","target":["https:\/\/moto-screenies.de\/es\/produkt\/display-tacho-schutzfolie-zugeschnitten-fuer-royal-enfield-super-meteor-650-2023\/"]}]},{"@type":"ImageObject","inLanguage":"es","@id":"https:\/\/moto-screenies.de\/es\/produkt\/display-tacho-schutzfolie-zugeschnitten-fuer-royal-enfield-super-meteor-650-2023\/#primaryimage","url":"https:\/\/moto-screenies.de\/wp-content\/uploads\/2025\/11\/358553_Product.png","contentUrl":"https:\/\/moto-screenies.de\/wp-content\/uploads\/2025\/11\/358553_Product.png","width":1500,"height":1500,"caption":"main.png"},{"@type":"BreadcrumbList","@id":"https:\/\/moto-screenies.de\/es\/produkt\/display-tacho-schutzfolie-zugeschnitten-fuer-royal-enfield-super-meteor-650-2023\/#breadcrumb","itemListElement":[{"@type":"ListItem","position":1,"name":"Startseite","item":"https:\/\/moto-screenies.de\/es\/"},{"@type":"ListItem","position":2,"name":"Tienda","item":"https:\/\/moto-screenies.de\/es\/tienda\/"},{"@type":"ListItem","position":3,"name":"Display Tacho Schutzfolie zugeschnitten f\u00fcr Royal Enfield Super Meteor 650 2023+"}]},{"@type":"WebSite","@id":"https:\/\/moto-screenies.de\/es\/#website","url":"https:\/\/moto-screenies.de\/es\/","name":"Moto Screenies","description":"Die Displayschutzfolie f\u00fcr dein Motorrad","publisher":{"@id":"https:\/\/moto-screenies.de\/es\/#organization"},"alternateName":"MS","potentialAction":[{"@type":"SearchAction","target":{"@type":"EntryPoint","urlTemplate":"https:\/\/moto-screenies.de\/es\/?s={search_term_string}"},"query-input":{"@type":"PropertyValueSpecification","valueRequired":true,"valueName":"search_term_string"}}],"inLanguage":"es"},{"@type":"Organization","@id":"https:\/\/moto-screenies.de\/es\/#organization","name":"Moto Screenies","url":"https:\/\/moto-screenies.de\/es\/","logo":{"@type":"ImageObject","inLanguage":"es","@id":"https:\/\/moto-screenies.de\/es\/#\/schema\/logo\/image\/","url":"","contentUrl":"","caption":"Moto Screenies"},"image":{"@id":"https:\/\/moto-screenies.de\/es\/#\/schema\/logo\/image\/"}}]}},"_links":{"self":[{"href":"https:\/\/moto-screenies.de\/es\/wp-json\/wp\/v2\/product\/188666","targetHints":{"allow":["GET"]}}],"collection":[{"href":"https:\/\/moto-screenies.de\/es\/wp-json\/wp\/v2\/product"}],"about":[{"href":"https:\/\/moto-screenies.de\/es\/wp-json\/wp\/v2\/types\/product"}],"replies":[{"embeddable":true,"href":"https:\/\/moto-screenies.de\/es\/wp-json\/wp\/v2\/comments?post=188666"}],"wp:featuredmedia":[{"embeddable":true,"href":"https:\/\/moto-screenies.de\/es\/wp-json\/wp\/v2\/media\/222616"}],"wp:attachment":[{"href":"https:\/\/moto-screenies.de\/es\/wp-json\/wp\/v2\/media?parent=188666"}],"wp:term":[{"taxonomy":"product_brand","embeddable":true,"href":"https:\/\/moto-screenies.de\/es\/wp-json\/wp\/v2\/product_brand?post=188666"},{"taxonomy":"product_cat","embeddable":true,"href":"https:\/\/moto-screenies.de\/es\/wp-json\/wp\/v2\/product_cat?post=188666"},{"taxonomy":"product_tag","embeddable":true,"href":"https:\/\/moto-screenies.de\/es\/wp-json\/wp\/v2\/product_tag?post=188666"}],"curies":[{"name":"wp","href":"https:\/\/api.w.org\/{rel}","templated":true}]}}