{"id":188672,"date":"2025-01-28T12:51:26","date_gmt":"2025-01-28T11:51:26","guid":{"rendered":"https:\/\/moto-screenies.de\/produkt\/display-tacho-schutzfolie-zugeschnitten-fuer-koso-dl04-2017-kratzfest-und-klar\/"},"modified":"2026-01-26T15:50:18","modified_gmt":"2026-01-26T14:50:18","slug":"display-tacho-schutzfolie-zugeschnitten-fuer-koso-dl04-2017-kratzfest-und-klar","status":"publish","type":"product","link":"https:\/\/moto-screenies.de\/es\/produkt\/display-tacho-schutzfolie-zugeschnitten-fuer-koso-dl04-2017-kratzfest-und-klar\/","title":{"rendered":"Display Tacho Schutzfolie zugeschnitten f\u00fcr Koso DL04 2017+, kratzfest und klar."},"content":{"rendered":"<p>Displayschutz-Folie f\u00fcr Motorrad Tacho-Schutzfolie Made in Germany, Kratschutz geeignet f\u00fcr Koso DL04 2017+: Sch\u00fctzen Sie das Display Ihres Motorrads mit unserer hochwertigen Tacho-Schutzfolie, die speziell f\u00fcr den Koso DL04 2017+ entwickelt wurde. Diese Made in Germany Folie bietet optimalen Kratzschutz und bewahrt die Klarheit Ihres Displays bei allen Wetterbedingungen. Einfache Anwendung und passgenauer Zuschnitt garantieren eine perfekte Passform ohne Blasenbildung. Verl\u00e4ngern Sie die Lebensdauer Ihres Tachos und genie\u00dfen Sie eine klare Sicht auf alle wichtigen Informationen w\u00e4hrend der Fahrt. Passend f\u00fcr: Displayschutz-Folie f\u00fcr Motorrad Tacho-Schutzfolie Made in Germany, Kratschutz geeignet f\u00fcr Koso DL04 2017+.<\/p>\n","protected":false},"excerpt":{"rendered":"<p>Displayschutz-Folie f\u00fcr Motorrad Tacho-Schutzfolie Made in Germany, Kratschutz geeignet f\u00fcr Koso DL04 2017+: Sch\u00fctzen Sie das Display Ihres Motorrads mit unserer hochwertigen Tacho-Schutzfolie, die speziell f\u00fcr den Koso DL04 2017+ entwickelt wurde. Diese Made in Germany Folie bietet optimalen Kratzschutz und bewahrt die Klarheit Ihres Displays bei allen Wetterbedingungen. Einfache Anwendung und passgenauer Zuschnitt garantieren [&hellip;]<\/p>\n","protected":false},"featured_media":265297,"comment_status":"open","ping_status":"closed","template":"","meta":{"_et_pb_use_builder":"","_et_pb_old_content":"","_et_gb_content_width":"","_uf_show_specific_survey":0,"_uf_disable_surveys":false},"product_brand":[],"product_cat":[432],"product_tag":[117],"class_list":{"0":"post-188672","1":"product","2":"type-product","3":"status-publish","4":"has-post-thumbnail","6":"product_cat-sonstige-modelle","7":"product_tag-tachoschutzfolie","8":"product_shipping_class-standard","10":"first","11":"instock","12":"taxable","13":"shipping-taxable","14":"purchasable","15":"product-type-variable"},"yoast_head":"<!-- This site is optimized with the Yoast SEO plugin v27.2 - https:\/\/yoast.com\/product\/yoast-seo-wordpress\/ -->\n<title>Display Tacho Schutzfolie zugeschnitten f\u00fcr Koso DL04 2017+, kratzfest und klar.<\/title>\n<meta name=\"description\" content=\"Entdecken Sie die hochwertige Displayschutz-Folie f\u00fcr Ihren Koso DL04 2017+ Motorrad-Tacho. Made in Germany, bietet sie optimalen Kratzschutz und Langlebigkeit. Perfekte Passform und einfache Anbringung!\" \/>\n<meta name=\"robots\" content=\"index, follow, max-snippet:-1, max-image-preview:large, max-video-preview:-1\" \/>\n<link rel=\"canonical\" href=\"https:\/\/moto-screenies.de\/es\/produkt\/display-tacho-schutzfolie-zugeschnitten-fuer-koso-dl04-2017-kratzfest-und-klar\/\" \/>\n<meta property=\"og:locale\" content=\"es_ES\" \/>\n<meta property=\"og:type\" content=\"article\" \/>\n<meta property=\"og:title\" content=\"Display Tacho Schutzfolie zugeschnitten f\u00fcr Koso DL04 2017+, kratzfest und klar.\" \/>\n<meta property=\"og:description\" content=\"Entdecken Sie die hochwertige Displayschutz-Folie f\u00fcr Ihren Koso DL04 2017+ Motorrad-Tacho. Made in Germany, bietet sie optimalen Kratzschutz und Langlebigkeit. Perfekte Passform und einfache Anbringung!\" \/>\n<meta property=\"og:url\" content=\"https:\/\/moto-screenies.de\/es\/produkt\/display-tacho-schutzfolie-zugeschnitten-fuer-koso-dl04-2017-kratzfest-und-klar\/\" \/>\n<meta property=\"og:site_name\" content=\"Moto Screenies\" \/>\n<meta property=\"article:modified_time\" content=\"2026-01-26T14:50:18+00:00\" \/>\n<meta property=\"og:image\" content=\"https:\/\/moto-screenies.de\/wp-content\/uploads\/2025\/01\/MS284v1.png\" \/>\n\t<meta property=\"og:image:width\" content=\"1500\" \/>\n\t<meta property=\"og:image:height\" content=\"1500\" \/>\n\t<meta property=\"og:image:type\" content=\"image\/png\" \/>\n<meta name=\"twitter:card\" content=\"summary_large_image\" \/>\n<meta name=\"twitter:label1\" content=\"Tiempo de lectura\" \/>\n\t<meta name=\"twitter:data1\" content=\"1 minuto\" \/>\n<script type=\"application\/ld+json\" class=\"yoast-schema-graph\">{\"@context\":\"https:\/\/schema.org\",\"@graph\":[{\"@type\":\"WebPage\",\"@id\":\"https:\/\/moto-screenies.de\/es\/produkt\/display-tacho-schutzfolie-zugeschnitten-fuer-koso-dl04-2017-kratzfest-und-klar\/\",\"url\":\"https:\/\/moto-screenies.de\/es\/produkt\/display-tacho-schutzfolie-zugeschnitten-fuer-koso-dl04-2017-kratzfest-und-klar\/\",\"name\":\"Display Tacho Schutzfolie zugeschnitten f\u00fcr Koso DL04 2017+, kratzfest und klar.\",\"isPartOf\":{\"@id\":\"https:\/\/moto-screenies.de\/es\/#website\"},\"primaryImageOfPage\":{\"@id\":\"https:\/\/moto-screenies.de\/es\/produkt\/display-tacho-schutzfolie-zugeschnitten-fuer-koso-dl04-2017-kratzfest-und-klar\/#primaryimage\"},\"image\":{\"@id\":\"https:\/\/moto-screenies.de\/es\/produkt\/display-tacho-schutzfolie-zugeschnitten-fuer-koso-dl04-2017-kratzfest-und-klar\/#primaryimage\"},\"thumbnailUrl\":\"https:\/\/moto-screenies.de\/wp-content\/uploads\/2025\/01\/MS284v1.png\",\"datePublished\":\"2025-01-28T11:51:26+00:00\",\"dateModified\":\"2026-01-26T14:50:18+00:00\",\"description\":\"Entdecken Sie die hochwertige Displayschutz-Folie f\u00fcr Ihren Koso DL04 2017+ Motorrad-Tacho. Made in Germany, bietet sie optimalen Kratzschutz und Langlebigkeit. Perfekte Passform und einfache Anbringung!\",\"breadcrumb\":{\"@id\":\"https:\/\/moto-screenies.de\/es\/produkt\/display-tacho-schutzfolie-zugeschnitten-fuer-koso-dl04-2017-kratzfest-und-klar\/#breadcrumb\"},\"inLanguage\":\"es\",\"potentialAction\":[{\"@type\":\"ReadAction\",\"target\":[\"https:\/\/moto-screenies.de\/es\/produkt\/display-tacho-schutzfolie-zugeschnitten-fuer-koso-dl04-2017-kratzfest-und-klar\/\"]}]},{\"@type\":\"ImageObject\",\"inLanguage\":\"es\",\"@id\":\"https:\/\/moto-screenies.de\/es\/produkt\/display-tacho-schutzfolie-zugeschnitten-fuer-koso-dl04-2017-kratzfest-und-klar\/#primaryimage\",\"url\":\"https:\/\/moto-screenies.de\/wp-content\/uploads\/2025\/01\/MS284v1.png\",\"contentUrl\":\"https:\/\/moto-screenies.de\/wp-content\/uploads\/2025\/01\/MS284v1.png\",\"width\":1500,\"height\":1500,\"caption\":\"Moto Screenies\"},{\"@type\":\"BreadcrumbList\",\"@id\":\"https:\/\/moto-screenies.de\/es\/produkt\/display-tacho-schutzfolie-zugeschnitten-fuer-koso-dl04-2017-kratzfest-und-klar\/#breadcrumb\",\"itemListElement\":[{\"@type\":\"ListItem\",\"position\":1,\"name\":\"Startseite\",\"item\":\"https:\/\/moto-screenies.de\/es\/\"},{\"@type\":\"ListItem\",\"position\":2,\"name\":\"Tienda\",\"item\":\"https:\/\/moto-screenies.de\/es\/tienda\/\"},{\"@type\":\"ListItem\",\"position\":3,\"name\":\"Display Tacho Schutzfolie zugeschnitten f\u00fcr Koso DL04 2017+, kratzfest und klar.\"}]},{\"@type\":\"WebSite\",\"@id\":\"https:\/\/moto-screenies.de\/es\/#website\",\"url\":\"https:\/\/moto-screenies.de\/es\/\",\"name\":\"Moto Screenies\",\"description\":\"Die Displayschutzfolie f\u00fcr dein Motorrad\",\"publisher\":{\"@id\":\"https:\/\/moto-screenies.de\/es\/#organization\"},\"alternateName\":\"MS\",\"potentialAction\":[{\"@type\":\"SearchAction\",\"target\":{\"@type\":\"EntryPoint\",\"urlTemplate\":\"https:\/\/moto-screenies.de\/es\/?s={search_term_string}\"},\"query-input\":{\"@type\":\"PropertyValueSpecification\",\"valueRequired\":true,\"valueName\":\"search_term_string\"}}],\"inLanguage\":\"es\"},{\"@type\":\"Organization\",\"@id\":\"https:\/\/moto-screenies.de\/es\/#organization\",\"name\":\"Moto Screenies\",\"url\":\"https:\/\/moto-screenies.de\/es\/\",\"logo\":{\"@type\":\"ImageObject\",\"inLanguage\":\"es\",\"@id\":\"https:\/\/moto-screenies.de\/es\/#\/schema\/logo\/image\/\",\"url\":\"\",\"contentUrl\":\"\",\"caption\":\"Moto Screenies\"},\"image\":{\"@id\":\"https:\/\/moto-screenies.de\/es\/#\/schema\/logo\/image\/\"}}]}<\/script>\n<!-- \/ Yoast SEO plugin. -->","yoast_head_json":{"title":"Display Tacho Schutzfolie zugeschnitten f\u00fcr Koso DL04 2017+, kratzfest und klar.","description":"Entdecken Sie die hochwertige Displayschutz-Folie f\u00fcr Ihren Koso DL04 2017+ Motorrad-Tacho. Made in Germany, bietet sie optimalen Kratzschutz und Langlebigkeit. Perfekte Passform und einfache Anbringung!","robots":{"index":"index","follow":"follow","max-snippet":"max-snippet:-1","max-image-preview":"max-image-preview:large","max-video-preview":"max-video-preview:-1"},"canonical":"https:\/\/moto-screenies.de\/es\/produkt\/display-tacho-schutzfolie-zugeschnitten-fuer-koso-dl04-2017-kratzfest-und-klar\/","og_locale":"es_ES","og_type":"article","og_title":"Display Tacho Schutzfolie zugeschnitten f\u00fcr Koso DL04 2017+, kratzfest und klar.","og_description":"Entdecken Sie die hochwertige Displayschutz-Folie f\u00fcr Ihren Koso DL04 2017+ Motorrad-Tacho. Made in Germany, bietet sie optimalen Kratzschutz und Langlebigkeit. Perfekte Passform und einfache Anbringung!","og_url":"https:\/\/moto-screenies.de\/es\/produkt\/display-tacho-schutzfolie-zugeschnitten-fuer-koso-dl04-2017-kratzfest-und-klar\/","og_site_name":"Moto Screenies","article_modified_time":"2026-01-26T14:50:18+00:00","og_image":[{"width":1500,"height":1500,"url":"https:\/\/moto-screenies.de\/wp-content\/uploads\/2025\/01\/MS284v1.png","type":"image\/png"}],"twitter_card":"summary_large_image","twitter_misc":{"Tiempo de lectura":"1 minuto"},"schema":{"@context":"https:\/\/schema.org","@graph":[{"@type":"WebPage","@id":"https:\/\/moto-screenies.de\/es\/produkt\/display-tacho-schutzfolie-zugeschnitten-fuer-koso-dl04-2017-kratzfest-und-klar\/","url":"https:\/\/moto-screenies.de\/es\/produkt\/display-tacho-schutzfolie-zugeschnitten-fuer-koso-dl04-2017-kratzfest-und-klar\/","name":"Display Tacho Schutzfolie zugeschnitten f\u00fcr Koso DL04 2017+, kratzfest und klar.","isPartOf":{"@id":"https:\/\/moto-screenies.de\/es\/#website"},"primaryImageOfPage":{"@id":"https:\/\/moto-screenies.de\/es\/produkt\/display-tacho-schutzfolie-zugeschnitten-fuer-koso-dl04-2017-kratzfest-und-klar\/#primaryimage"},"image":{"@id":"https:\/\/moto-screenies.de\/es\/produkt\/display-tacho-schutzfolie-zugeschnitten-fuer-koso-dl04-2017-kratzfest-und-klar\/#primaryimage"},"thumbnailUrl":"https:\/\/moto-screenies.de\/wp-content\/uploads\/2025\/01\/MS284v1.png","datePublished":"2025-01-28T11:51:26+00:00","dateModified":"2026-01-26T14:50:18+00:00","description":"Entdecken Sie die hochwertige Displayschutz-Folie f\u00fcr Ihren Koso DL04 2017+ Motorrad-Tacho. Made in Germany, bietet sie optimalen Kratzschutz und Langlebigkeit. Perfekte Passform und einfache Anbringung!","breadcrumb":{"@id":"https:\/\/moto-screenies.de\/es\/produkt\/display-tacho-schutzfolie-zugeschnitten-fuer-koso-dl04-2017-kratzfest-und-klar\/#breadcrumb"},"inLanguage":"es","potentialAction":[{"@type":"ReadAction","target":["https:\/\/moto-screenies.de\/es\/produkt\/display-tacho-schutzfolie-zugeschnitten-fuer-koso-dl04-2017-kratzfest-und-klar\/"]}]},{"@type":"ImageObject","inLanguage":"es","@id":"https:\/\/moto-screenies.de\/es\/produkt\/display-tacho-schutzfolie-zugeschnitten-fuer-koso-dl04-2017-kratzfest-und-klar\/#primaryimage","url":"https:\/\/moto-screenies.de\/wp-content\/uploads\/2025\/01\/MS284v1.png","contentUrl":"https:\/\/moto-screenies.de\/wp-content\/uploads\/2025\/01\/MS284v1.png","width":1500,"height":1500,"caption":"Moto Screenies"},{"@type":"BreadcrumbList","@id":"https:\/\/moto-screenies.de\/es\/produkt\/display-tacho-schutzfolie-zugeschnitten-fuer-koso-dl04-2017-kratzfest-und-klar\/#breadcrumb","itemListElement":[{"@type":"ListItem","position":1,"name":"Startseite","item":"https:\/\/moto-screenies.de\/es\/"},{"@type":"ListItem","position":2,"name":"Tienda","item":"https:\/\/moto-screenies.de\/es\/tienda\/"},{"@type":"ListItem","position":3,"name":"Display Tacho Schutzfolie zugeschnitten f\u00fcr Koso DL04 2017+, kratzfest und klar."}]},{"@type":"WebSite","@id":"https:\/\/moto-screenies.de\/es\/#website","url":"https:\/\/moto-screenies.de\/es\/","name":"Moto Screenies","description":"Die Displayschutzfolie f\u00fcr dein Motorrad","publisher":{"@id":"https:\/\/moto-screenies.de\/es\/#organization"},"alternateName":"MS","potentialAction":[{"@type":"SearchAction","target":{"@type":"EntryPoint","urlTemplate":"https:\/\/moto-screenies.de\/es\/?s={search_term_string}"},"query-input":{"@type":"PropertyValueSpecification","valueRequired":true,"valueName":"search_term_string"}}],"inLanguage":"es"},{"@type":"Organization","@id":"https:\/\/moto-screenies.de\/es\/#organization","name":"Moto Screenies","url":"https:\/\/moto-screenies.de\/es\/","logo":{"@type":"ImageObject","inLanguage":"es","@id":"https:\/\/moto-screenies.de\/es\/#\/schema\/logo\/image\/","url":"","contentUrl":"","caption":"Moto Screenies"},"image":{"@id":"https:\/\/moto-screenies.de\/es\/#\/schema\/logo\/image\/"}}]}},"_links":{"self":[{"href":"https:\/\/moto-screenies.de\/es\/wp-json\/wp\/v2\/product\/188672","targetHints":{"allow":["GET"]}}],"collection":[{"href":"https:\/\/moto-screenies.de\/es\/wp-json\/wp\/v2\/product"}],"about":[{"href":"https:\/\/moto-screenies.de\/es\/wp-json\/wp\/v2\/types\/product"}],"replies":[{"embeddable":true,"href":"https:\/\/moto-screenies.de\/es\/wp-json\/wp\/v2\/comments?post=188672"}],"wp:featuredmedia":[{"embeddable":true,"href":"https:\/\/moto-screenies.de\/es\/wp-json\/wp\/v2\/media\/265297"}],"wp:attachment":[{"href":"https:\/\/moto-screenies.de\/es\/wp-json\/wp\/v2\/media?parent=188672"}],"wp:term":[{"taxonomy":"product_brand","embeddable":true,"href":"https:\/\/moto-screenies.de\/es\/wp-json\/wp\/v2\/product_brand?post=188672"},{"taxonomy":"product_cat","embeddable":true,"href":"https:\/\/moto-screenies.de\/es\/wp-json\/wp\/v2\/product_cat?post=188672"},{"taxonomy":"product_tag","embeddable":true,"href":"https:\/\/moto-screenies.de\/es\/wp-json\/wp\/v2\/product_tag?post=188672"}],"curies":[{"name":"wp","href":"https:\/\/api.w.org\/{rel}","templated":true}]}}