{"id":189211,"date":"2024-04-19T15:09:29","date_gmt":"2024-04-19T13:09:29","guid":{"rendered":"https:\/\/moto-screenies.de\/produkt\/motorrad-tacho-gehaeuse-tachogehaeuse-passend-fuer-honda-cb1300-x4-s38\/"},"modified":"2025-11-19T20:45:28","modified_gmt":"2025-11-19T19:45:28","slug":"motorrad-tacho-gehaeuse-tachogehaeuse-passend-fuer-honda-cb1300-x4-s38","status":"publish","type":"product","link":"https:\/\/moto-screenies.de\/es\/produkt\/motorrad-tacho-gehaeuse-tachogehaeuse-passend-fuer-honda-cb1300-x4-s38\/","title":{"rendered":"Motorrad Tacho Geh\u00e4use Tachogeh\u00e4use passend f\u00fcr Honda CB1300 X4 S38"},"content":{"rendered":"<p>Entdecken Sie das hochwertige Motorrad Tacho Geh\u00e4use, speziell entwickelt f\u00fcr Ihre Honda CB1300 X4 S38. Dieses Tachogeh\u00e4use \u00fcberzeugt durch pr\u00e4zise Passform und robustes Material, das optimalen Schutz und Langlebigkeit garantiert. Mit seinem eleganten Design f\u00fcgt es sich nahtlos in das Erscheinungsbild Ihres Motorrads ein und sorgt f\u00fcr eine stilvolle Optik. Einfache Installation erm\u00f6glicht eine problemlose Aufr\u00fcstung Ihres Tachometers. Investieren Sie in Qualit\u00e4t und sichern Sie sich dieses unverzichtbare Zubeh\u00f6r f\u00fcr Ihr Motorrad. <\/p>\n<p>Passend f\u00fcr: Motorrad Tacho Geh\u00e4use Tachogeh\u00e4use passend f\u00fcr Honda CB1300 X4 S38.<\/p>\n","protected":false},"excerpt":{"rendered":"<p>Entdecken Sie das hochwertige Motorrad Tacho Geh\u00e4use, speziell entwickelt f\u00fcr Ihre Honda CB1300 X4 S38. Dieses Tachogeh\u00e4use \u00fcberzeugt durch pr\u00e4zise Passform und robustes Material, das optimalen Schutz und Langlebigkeit garantiert. Mit seinem eleganten Design f\u00fcgt es sich nahtlos in das Erscheinungsbild Ihres Motorrads ein und sorgt f\u00fcr eine stilvolle Optik. Einfache Installation erm\u00f6glicht eine problemlose [&hellip;]<\/p>\n","protected":false},"featured_media":221134,"comment_status":"open","ping_status":"closed","template":"","meta":{"_et_pb_use_builder":"","_et_pb_old_content":"","_et_gb_content_width":"","_uf_show_specific_survey":0,"_uf_disable_surveys":false},"product_brand":[],"product_cat":[422],"product_tag":[165],"class_list":{"0":"post-189211","1":"product","2":"type-product","3":"status-publish","4":"has-post-thumbnail","6":"product_cat-honda-schutzfolie-fuer-dein-motorrad","7":"product_tag-tachogehaeuse","8":"product_shipping_class-standard","10":"first","11":"instock","12":"taxable","13":"shipping-taxable","14":"purchasable","15":"product-type-simple"},"yoast_head":"<!-- This site is optimized with the Yoast SEO plugin v27.2 - https:\/\/yoast.com\/product\/yoast-seo-wordpress\/ -->\n<title>Motorrad Tacho Geh\u00e4use Tachogeh\u00e4use passend f\u00fcr Honda CB1300 X4 S38<\/title>\n<meta name=\"description\" content=\"Entdecken Sie das hochwertige Motorrad Tacho Geh\u00e4use f\u00fcr Ihre Honda CB1300 X4 S38. Perfekte Passform und langlebiges Design f\u00fcr optimale Funktionalit\u00e4t und Stil.\" \/>\n<meta name=\"robots\" content=\"index, follow, max-snippet:-1, max-image-preview:large, max-video-preview:-1\" \/>\n<link rel=\"canonical\" href=\"https:\/\/moto-screenies.de\/es\/produkt\/motorrad-tacho-gehaeuse-tachogehaeuse-passend-fuer-honda-cb1300-x4-s38\/\" \/>\n<meta property=\"og:locale\" content=\"es_ES\" \/>\n<meta property=\"og:type\" content=\"article\" \/>\n<meta property=\"og:title\" content=\"Motorrad Tacho Geh\u00e4use Tachogeh\u00e4use passend f\u00fcr Honda CB1300 X4 S38\" \/>\n<meta property=\"og:description\" content=\"Entdecken Sie das hochwertige Motorrad Tacho Geh\u00e4use f\u00fcr Ihre Honda CB1300 X4 S38. Perfekte Passform und langlebiges Design f\u00fcr optimale Funktionalit\u00e4t und Stil.\" \/>\n<meta property=\"og:url\" content=\"https:\/\/moto-screenies.de\/es\/produkt\/motorrad-tacho-gehaeuse-tachogehaeuse-passend-fuer-honda-cb1300-x4-s38\/\" \/>\n<meta property=\"og:site_name\" content=\"Moto Screenies\" \/>\n<meta property=\"article:modified_time\" content=\"2025-11-19T19:45:28+00:00\" \/>\n<meta name=\"twitter:card\" content=\"summary_large_image\" \/>\n<script type=\"application\/ld+json\" class=\"yoast-schema-graph\">{\"@context\":\"https:\/\/schema.org\",\"@graph\":[{\"@type\":\"WebPage\",\"@id\":\"https:\/\/moto-screenies.de\/es\/produkt\/motorrad-tacho-gehaeuse-tachogehaeuse-passend-fuer-honda-cb1300-x4-s38\/\",\"url\":\"https:\/\/moto-screenies.de\/es\/produkt\/motorrad-tacho-gehaeuse-tachogehaeuse-passend-fuer-honda-cb1300-x4-s38\/\",\"name\":\"Motorrad Tacho Geh\u00e4use Tachogeh\u00e4use passend f\u00fcr Honda CB1300 X4 S38\",\"isPartOf\":{\"@id\":\"https:\/\/moto-screenies.de\/es\/#website\"},\"primaryImageOfPage\":{\"@id\":\"https:\/\/moto-screenies.de\/es\/produkt\/motorrad-tacho-gehaeuse-tachogehaeuse-passend-fuer-honda-cb1300-x4-s38\/#primaryimage\"},\"image\":{\"@id\":\"https:\/\/moto-screenies.de\/es\/produkt\/motorrad-tacho-gehaeuse-tachogehaeuse-passend-fuer-honda-cb1300-x4-s38\/#primaryimage\"},\"thumbnailUrl\":\"https:\/\/moto-screenies.de\/wp-content\/uploads\/2025\/11\/353754_Product.png\",\"datePublished\":\"2024-04-19T13:09:29+00:00\",\"dateModified\":\"2025-11-19T19:45:28+00:00\",\"description\":\"Entdecken Sie das hochwertige Motorrad Tacho Geh\u00e4use f\u00fcr Ihre Honda CB1300 X4 S38. Perfekte Passform und langlebiges Design f\u00fcr optimale Funktionalit\u00e4t und Stil.\",\"breadcrumb\":{\"@id\":\"https:\/\/moto-screenies.de\/es\/produkt\/motorrad-tacho-gehaeuse-tachogehaeuse-passend-fuer-honda-cb1300-x4-s38\/#breadcrumb\"},\"inLanguage\":\"es\",\"potentialAction\":[{\"@type\":\"ReadAction\",\"target\":[\"https:\/\/moto-screenies.de\/es\/produkt\/motorrad-tacho-gehaeuse-tachogehaeuse-passend-fuer-honda-cb1300-x4-s38\/\"]}]},{\"@type\":\"ImageObject\",\"inLanguage\":\"es\",\"@id\":\"https:\/\/moto-screenies.de\/es\/produkt\/motorrad-tacho-gehaeuse-tachogehaeuse-passend-fuer-honda-cb1300-x4-s38\/#primaryimage\",\"url\":\"https:\/\/moto-screenies.de\/wp-content\/uploads\/2025\/11\/353754_Product.png\",\"contentUrl\":\"https:\/\/moto-screenies.de\/wp-content\/uploads\/2025\/11\/353754_Product.png\",\"width\":1500,\"height\":1500,\"caption\":\"MTG 7-tinified.png\"},{\"@type\":\"BreadcrumbList\",\"@id\":\"https:\/\/moto-screenies.de\/es\/produkt\/motorrad-tacho-gehaeuse-tachogehaeuse-passend-fuer-honda-cb1300-x4-s38\/#breadcrumb\",\"itemListElement\":[{\"@type\":\"ListItem\",\"position\":1,\"name\":\"Startseite\",\"item\":\"https:\/\/moto-screenies.de\/es\/\"},{\"@type\":\"ListItem\",\"position\":2,\"name\":\"Tienda\",\"item\":\"https:\/\/moto-screenies.de\/es\/tienda\/\"},{\"@type\":\"ListItem\",\"position\":3,\"name\":\"Motorrad Tacho Geh\u00e4use Tachogeh\u00e4use passend f\u00fcr Honda CB1300 X4 S38\"}]},{\"@type\":\"WebSite\",\"@id\":\"https:\/\/moto-screenies.de\/es\/#website\",\"url\":\"https:\/\/moto-screenies.de\/es\/\",\"name\":\"Moto Screenies\",\"description\":\"Die Displayschutzfolie f\u00fcr dein Motorrad\",\"publisher\":{\"@id\":\"https:\/\/moto-screenies.de\/es\/#organization\"},\"alternateName\":\"MS\",\"potentialAction\":[{\"@type\":\"SearchAction\",\"target\":{\"@type\":\"EntryPoint\",\"urlTemplate\":\"https:\/\/moto-screenies.de\/es\/?s={search_term_string}\"},\"query-input\":{\"@type\":\"PropertyValueSpecification\",\"valueRequired\":true,\"valueName\":\"search_term_string\"}}],\"inLanguage\":\"es\"},{\"@type\":\"Organization\",\"@id\":\"https:\/\/moto-screenies.de\/es\/#organization\",\"name\":\"Moto Screenies\",\"url\":\"https:\/\/moto-screenies.de\/es\/\",\"logo\":{\"@type\":\"ImageObject\",\"inLanguage\":\"es\",\"@id\":\"https:\/\/moto-screenies.de\/es\/#\/schema\/logo\/image\/\",\"url\":\"\",\"contentUrl\":\"\",\"caption\":\"Moto Screenies\"},\"image\":{\"@id\":\"https:\/\/moto-screenies.de\/es\/#\/schema\/logo\/image\/\"}}]}<\/script>\n<!-- \/ Yoast SEO plugin. -->","yoast_head_json":{"title":"Motorrad Tacho Geh\u00e4use Tachogeh\u00e4use passend f\u00fcr Honda CB1300 X4 S38","description":"Entdecken Sie das hochwertige Motorrad Tacho Geh\u00e4use f\u00fcr Ihre Honda CB1300 X4 S38. Perfekte Passform und langlebiges Design f\u00fcr optimale Funktionalit\u00e4t und Stil.","robots":{"index":"index","follow":"follow","max-snippet":"max-snippet:-1","max-image-preview":"max-image-preview:large","max-video-preview":"max-video-preview:-1"},"canonical":"https:\/\/moto-screenies.de\/es\/produkt\/motorrad-tacho-gehaeuse-tachogehaeuse-passend-fuer-honda-cb1300-x4-s38\/","og_locale":"es_ES","og_type":"article","og_title":"Motorrad Tacho Geh\u00e4use Tachogeh\u00e4use passend f\u00fcr Honda CB1300 X4 S38","og_description":"Entdecken Sie das hochwertige Motorrad Tacho Geh\u00e4use f\u00fcr Ihre Honda CB1300 X4 S38. Perfekte Passform und langlebiges Design f\u00fcr optimale Funktionalit\u00e4t und Stil.","og_url":"https:\/\/moto-screenies.de\/es\/produkt\/motorrad-tacho-gehaeuse-tachogehaeuse-passend-fuer-honda-cb1300-x4-s38\/","og_site_name":"Moto Screenies","article_modified_time":"2025-11-19T19:45:28+00:00","twitter_card":"summary_large_image","schema":{"@context":"https:\/\/schema.org","@graph":[{"@type":"WebPage","@id":"https:\/\/moto-screenies.de\/es\/produkt\/motorrad-tacho-gehaeuse-tachogehaeuse-passend-fuer-honda-cb1300-x4-s38\/","url":"https:\/\/moto-screenies.de\/es\/produkt\/motorrad-tacho-gehaeuse-tachogehaeuse-passend-fuer-honda-cb1300-x4-s38\/","name":"Motorrad Tacho Geh\u00e4use Tachogeh\u00e4use passend f\u00fcr Honda CB1300 X4 S38","isPartOf":{"@id":"https:\/\/moto-screenies.de\/es\/#website"},"primaryImageOfPage":{"@id":"https:\/\/moto-screenies.de\/es\/produkt\/motorrad-tacho-gehaeuse-tachogehaeuse-passend-fuer-honda-cb1300-x4-s38\/#primaryimage"},"image":{"@id":"https:\/\/moto-screenies.de\/es\/produkt\/motorrad-tacho-gehaeuse-tachogehaeuse-passend-fuer-honda-cb1300-x4-s38\/#primaryimage"},"thumbnailUrl":"https:\/\/moto-screenies.de\/wp-content\/uploads\/2025\/11\/353754_Product.png","datePublished":"2024-04-19T13:09:29+00:00","dateModified":"2025-11-19T19:45:28+00:00","description":"Entdecken Sie das hochwertige Motorrad Tacho Geh\u00e4use f\u00fcr Ihre Honda CB1300 X4 S38. Perfekte Passform und langlebiges Design f\u00fcr optimale Funktionalit\u00e4t und Stil.","breadcrumb":{"@id":"https:\/\/moto-screenies.de\/es\/produkt\/motorrad-tacho-gehaeuse-tachogehaeuse-passend-fuer-honda-cb1300-x4-s38\/#breadcrumb"},"inLanguage":"es","potentialAction":[{"@type":"ReadAction","target":["https:\/\/moto-screenies.de\/es\/produkt\/motorrad-tacho-gehaeuse-tachogehaeuse-passend-fuer-honda-cb1300-x4-s38\/"]}]},{"@type":"ImageObject","inLanguage":"es","@id":"https:\/\/moto-screenies.de\/es\/produkt\/motorrad-tacho-gehaeuse-tachogehaeuse-passend-fuer-honda-cb1300-x4-s38\/#primaryimage","url":"https:\/\/moto-screenies.de\/wp-content\/uploads\/2025\/11\/353754_Product.png","contentUrl":"https:\/\/moto-screenies.de\/wp-content\/uploads\/2025\/11\/353754_Product.png","width":1500,"height":1500,"caption":"MTG 7-tinified.png"},{"@type":"BreadcrumbList","@id":"https:\/\/moto-screenies.de\/es\/produkt\/motorrad-tacho-gehaeuse-tachogehaeuse-passend-fuer-honda-cb1300-x4-s38\/#breadcrumb","itemListElement":[{"@type":"ListItem","position":1,"name":"Startseite","item":"https:\/\/moto-screenies.de\/es\/"},{"@type":"ListItem","position":2,"name":"Tienda","item":"https:\/\/moto-screenies.de\/es\/tienda\/"},{"@type":"ListItem","position":3,"name":"Motorrad Tacho Geh\u00e4use Tachogeh\u00e4use passend f\u00fcr Honda CB1300 X4 S38"}]},{"@type":"WebSite","@id":"https:\/\/moto-screenies.de\/es\/#website","url":"https:\/\/moto-screenies.de\/es\/","name":"Moto Screenies","description":"Die Displayschutzfolie f\u00fcr dein Motorrad","publisher":{"@id":"https:\/\/moto-screenies.de\/es\/#organization"},"alternateName":"MS","potentialAction":[{"@type":"SearchAction","target":{"@type":"EntryPoint","urlTemplate":"https:\/\/moto-screenies.de\/es\/?s={search_term_string}"},"query-input":{"@type":"PropertyValueSpecification","valueRequired":true,"valueName":"search_term_string"}}],"inLanguage":"es"},{"@type":"Organization","@id":"https:\/\/moto-screenies.de\/es\/#organization","name":"Moto Screenies","url":"https:\/\/moto-screenies.de\/es\/","logo":{"@type":"ImageObject","inLanguage":"es","@id":"https:\/\/moto-screenies.de\/es\/#\/schema\/logo\/image\/","url":"","contentUrl":"","caption":"Moto Screenies"},"image":{"@id":"https:\/\/moto-screenies.de\/es\/#\/schema\/logo\/image\/"}}]}},"_links":{"self":[{"href":"https:\/\/moto-screenies.de\/es\/wp-json\/wp\/v2\/product\/189211","targetHints":{"allow":["GET"]}}],"collection":[{"href":"https:\/\/moto-screenies.de\/es\/wp-json\/wp\/v2\/product"}],"about":[{"href":"https:\/\/moto-screenies.de\/es\/wp-json\/wp\/v2\/types\/product"}],"replies":[{"embeddable":true,"href":"https:\/\/moto-screenies.de\/es\/wp-json\/wp\/v2\/comments?post=189211"}],"wp:featuredmedia":[{"embeddable":true,"href":"https:\/\/moto-screenies.de\/es\/wp-json\/wp\/v2\/media\/221134"}],"wp:attachment":[{"href":"https:\/\/moto-screenies.de\/es\/wp-json\/wp\/v2\/media?parent=189211"}],"wp:term":[{"taxonomy":"product_brand","embeddable":true,"href":"https:\/\/moto-screenies.de\/es\/wp-json\/wp\/v2\/product_brand?post=189211"},{"taxonomy":"product_cat","embeddable":true,"href":"https:\/\/moto-screenies.de\/es\/wp-json\/wp\/v2\/product_cat?post=189211"},{"taxonomy":"product_tag","embeddable":true,"href":"https:\/\/moto-screenies.de\/es\/wp-json\/wp\/v2\/product_tag?post=189211"}],"curies":[{"name":"wp","href":"https:\/\/api.w.org\/{rel}","templated":true}]}}