{"id":189227,"date":"2024-04-24T16:11:40","date_gmt":"2024-04-24T14:11:40","guid":{"rendered":"https:\/\/moto-screenies.de\/produkt\/motorrad-tacho-gehaeuse-tachogehaeuse-passend-fuer-suzuki-gsx-r-600-gsx-r-750-2011-2017\/"},"modified":"2025-11-27T11:41:13","modified_gmt":"2025-11-27T10:41:13","slug":"motorrad-tacho-gehaeuse-tachogehaeuse-passend-fuer-suzuki-gsx-r-600-gsx-r-750-2011-2017","status":"publish","type":"product","link":"https:\/\/moto-screenies.de\/es\/produkt\/motorrad-tacho-gehaeuse-tachogehaeuse-passend-fuer-suzuki-gsx-r-600-gsx-r-750-2011-2017\/","title":{"rendered":"Motorrad Tacho Geh\u00e4use Tachogeh\u00e4use passend f\u00fcr Suzuki  GSX-R 600 \/ GSX-R 750   2011 &#8211; 2017"},"content":{"rendered":"<p>Entdecken Sie das hochwertige Motorrad Tacho Geh\u00e4use Tachogeh\u00e4use, das speziell f\u00fcr Ihre Suzuki GSX-R 600 \/ GSX-R 750 von 2011 bis 2017 entwickelt wurde. Dieses pr\u00e4zise gefertigte Geh\u00e4use bietet optimalen Schutz und eine perfekte Passform f\u00fcr Ihren Tacho, sodass Sie sich ganz auf die Stra\u00dfe konzentrieren k\u00f6nnen. Hergestellt aus robusten Materialien, garantiert es Langlebigkeit und Widerstandsf\u00e4higkeit gegen \u00e4u\u00dfere Einfl\u00fcsse. Mit seinem stilvollen Design f\u00fcgt es sich nahtlos in das Erscheinungsbild Ihrer Maschine ein und sorgt f\u00fcr einen aufger\u00e4umten, professionellen Look. Investieren Sie in Qualit\u00e4t und Sicherheit und werten Sie Ihr Motorrad mit diesem unverzichtbaren Zubeh\u00f6r auf. Passend f\u00fcr: Motorrad Tacho Geh\u00e4use Tachogeh\u00e4use passend f\u00fcr Suzuki GSX-R 600 \/ GSX-R 750 2011 &#8211; 2017.<\/p>\n","protected":false},"excerpt":{"rendered":"<p>Entdecken Sie das hochwertige Motorrad Tacho Geh\u00e4use Tachogeh\u00e4use, das speziell f\u00fcr Ihre Suzuki GSX-R 600 \/ GSX-R 750 von 2011 bis 2017 entwickelt wurde. Dieses pr\u00e4zise gefertigte Geh\u00e4use bietet optimalen Schutz und eine perfekte Passform f\u00fcr Ihren Tacho, sodass Sie sich ganz auf die Stra\u00dfe konzentrieren k\u00f6nnen. Hergestellt aus robusten Materialien, garantiert es Langlebigkeit und [&hellip;]<\/p>\n","protected":false},"featured_media":265661,"comment_status":"open","ping_status":"closed","template":"","meta":{"_et_pb_use_builder":"","_et_pb_old_content":"","_et_gb_content_width":"","_uf_show_specific_survey":0,"_uf_disable_surveys":false},"product_brand":[],"product_cat":[426],"product_tag":[165],"class_list":{"0":"post-189227","1":"product","2":"type-product","3":"status-publish","4":"has-post-thumbnail","6":"product_cat-suzuki-schutzfolie-fuer-dein-motorrad","7":"product_tag-tachogehaeuse","8":"product_shipping_class-standard","10":"first","11":"instock","12":"taxable","13":"shipping-taxable","14":"purchasable","15":"product-type-simple"},"yoast_head":"<!-- This site is optimized with the Yoast SEO plugin v27.2 - https:\/\/yoast.com\/product\/yoast-seo-wordpress\/ -->\n<title>Motorrad Tacho Geh\u00e4use Tachogeh\u00e4use passend f\u00fcr Suzuki GSX-R 600 \/ GSX-R 750  2011 - 2017<\/title>\n<meta name=\"description\" content=\"Entdecken Sie das perfekte Tachogeh\u00e4use f\u00fcr Ihre Suzuki GSX-R 600\/750 (2011-2017). Hochwertig, passgenau und langlebig \u2013 optimieren Sie Ihr Motorrad mit unserem erstklassigen Zubeh\u00f6r.\" \/>\n<meta name=\"robots\" content=\"index, follow, max-snippet:-1, max-image-preview:large, max-video-preview:-1\" \/>\n<link rel=\"canonical\" href=\"https:\/\/moto-screenies.de\/es\/produkt\/motorrad-tacho-gehaeuse-tachogehaeuse-passend-fuer-suzuki-gsx-r-600-gsx-r-750-2011-2017\/\" \/>\n<meta property=\"og:locale\" content=\"es_ES\" \/>\n<meta property=\"og:type\" content=\"article\" \/>\n<meta property=\"og:title\" content=\"Motorrad Tacho Geh\u00e4use Tachogeh\u00e4use passend f\u00fcr Suzuki GSX-R 600 \/ GSX-R 750  2011 - 2017\" \/>\n<meta property=\"og:description\" content=\"Entdecken Sie das perfekte Tachogeh\u00e4use f\u00fcr Ihre Suzuki GSX-R 600\/750 (2011-2017). Hochwertig, passgenau und langlebig \u2013 optimieren Sie Ihr Motorrad mit unserem erstklassigen Zubeh\u00f6r.\" \/>\n<meta property=\"og:url\" content=\"https:\/\/moto-screenies.de\/es\/produkt\/motorrad-tacho-gehaeuse-tachogehaeuse-passend-fuer-suzuki-gsx-r-600-gsx-r-750-2011-2017\/\" \/>\n<meta property=\"og:site_name\" content=\"Moto Screenies\" \/>\n<meta property=\"article:modified_time\" content=\"2025-11-27T10:41:13+00:00\" \/>\n<meta property=\"og:image\" content=\"https:\/\/moto-screenies.de\/wp-content\/uploads\/2024\/04\/MTG29.png\" \/>\n\t<meta property=\"og:image:width\" content=\"1500\" \/>\n\t<meta property=\"og:image:height\" content=\"1500\" \/>\n\t<meta property=\"og:image:type\" content=\"image\/png\" \/>\n<meta name=\"twitter:card\" content=\"summary_large_image\" \/>\n<meta name=\"twitter:label1\" content=\"Tiempo de lectura\" \/>\n\t<meta name=\"twitter:data1\" content=\"1 minuto\" \/>\n<script type=\"application\/ld+json\" class=\"yoast-schema-graph\">{\"@context\":\"https:\/\/schema.org\",\"@graph\":[{\"@type\":\"WebPage\",\"@id\":\"https:\/\/moto-screenies.de\/es\/produkt\/motorrad-tacho-gehaeuse-tachogehaeuse-passend-fuer-suzuki-gsx-r-600-gsx-r-750-2011-2017\/\",\"url\":\"https:\/\/moto-screenies.de\/es\/produkt\/motorrad-tacho-gehaeuse-tachogehaeuse-passend-fuer-suzuki-gsx-r-600-gsx-r-750-2011-2017\/\",\"name\":\"Motorrad Tacho Geh\u00e4use Tachogeh\u00e4use passend f\u00fcr Suzuki GSX-R 600 \/ GSX-R 750 2011 - 2017\",\"isPartOf\":{\"@id\":\"https:\/\/moto-screenies.de\/es\/#website\"},\"primaryImageOfPage\":{\"@id\":\"https:\/\/moto-screenies.de\/es\/produkt\/motorrad-tacho-gehaeuse-tachogehaeuse-passend-fuer-suzuki-gsx-r-600-gsx-r-750-2011-2017\/#primaryimage\"},\"image\":{\"@id\":\"https:\/\/moto-screenies.de\/es\/produkt\/motorrad-tacho-gehaeuse-tachogehaeuse-passend-fuer-suzuki-gsx-r-600-gsx-r-750-2011-2017\/#primaryimage\"},\"thumbnailUrl\":\"https:\/\/moto-screenies.de\/wp-content\/uploads\/2024\/04\/MTG29.png\",\"datePublished\":\"2024-04-24T14:11:40+00:00\",\"dateModified\":\"2025-11-27T10:41:13+00:00\",\"description\":\"Entdecken Sie das perfekte Tachogeh\u00e4use f\u00fcr Ihre Suzuki GSX-R 600\/750 (2011-2017). Hochwertig, passgenau und langlebig \u2013 optimieren Sie Ihr Motorrad mit unserem erstklassigen Zubeh\u00f6r.\",\"breadcrumb\":{\"@id\":\"https:\/\/moto-screenies.de\/es\/produkt\/motorrad-tacho-gehaeuse-tachogehaeuse-passend-fuer-suzuki-gsx-r-600-gsx-r-750-2011-2017\/#breadcrumb\"},\"inLanguage\":\"es\",\"potentialAction\":[{\"@type\":\"ReadAction\",\"target\":[\"https:\/\/moto-screenies.de\/es\/produkt\/motorrad-tacho-gehaeuse-tachogehaeuse-passend-fuer-suzuki-gsx-r-600-gsx-r-750-2011-2017\/\"]}]},{\"@type\":\"ImageObject\",\"inLanguage\":\"es\",\"@id\":\"https:\/\/moto-screenies.de\/es\/produkt\/motorrad-tacho-gehaeuse-tachogehaeuse-passend-fuer-suzuki-gsx-r-600-gsx-r-750-2011-2017\/#primaryimage\",\"url\":\"https:\/\/moto-screenies.de\/wp-content\/uploads\/2024\/04\/MTG29.png\",\"contentUrl\":\"https:\/\/moto-screenies.de\/wp-content\/uploads\/2024\/04\/MTG29.png\",\"width\":1500,\"height\":1500,\"caption\":\"Moto Screenies\"},{\"@type\":\"BreadcrumbList\",\"@id\":\"https:\/\/moto-screenies.de\/es\/produkt\/motorrad-tacho-gehaeuse-tachogehaeuse-passend-fuer-suzuki-gsx-r-600-gsx-r-750-2011-2017\/#breadcrumb\",\"itemListElement\":[{\"@type\":\"ListItem\",\"position\":1,\"name\":\"Startseite\",\"item\":\"https:\/\/moto-screenies.de\/es\/\"},{\"@type\":\"ListItem\",\"position\":2,\"name\":\"Tienda\",\"item\":\"https:\/\/moto-screenies.de\/es\/tienda\/\"},{\"@type\":\"ListItem\",\"position\":3,\"name\":\"Motorrad Tacho Geh\u00e4use Tachogeh\u00e4use passend f\u00fcr Suzuki GSX-R 600 \/ GSX-R 750 2011 &#8211; 2017\"}]},{\"@type\":\"WebSite\",\"@id\":\"https:\/\/moto-screenies.de\/es\/#website\",\"url\":\"https:\/\/moto-screenies.de\/es\/\",\"name\":\"Moto Screenies\",\"description\":\"Die Displayschutzfolie f\u00fcr dein Motorrad\",\"publisher\":{\"@id\":\"https:\/\/moto-screenies.de\/es\/#organization\"},\"alternateName\":\"MS\",\"potentialAction\":[{\"@type\":\"SearchAction\",\"target\":{\"@type\":\"EntryPoint\",\"urlTemplate\":\"https:\/\/moto-screenies.de\/es\/?s={search_term_string}\"},\"query-input\":{\"@type\":\"PropertyValueSpecification\",\"valueRequired\":true,\"valueName\":\"search_term_string\"}}],\"inLanguage\":\"es\"},{\"@type\":\"Organization\",\"@id\":\"https:\/\/moto-screenies.de\/es\/#organization\",\"name\":\"Moto Screenies\",\"url\":\"https:\/\/moto-screenies.de\/es\/\",\"logo\":{\"@type\":\"ImageObject\",\"inLanguage\":\"es\",\"@id\":\"https:\/\/moto-screenies.de\/es\/#\/schema\/logo\/image\/\",\"url\":\"\",\"contentUrl\":\"\",\"caption\":\"Moto Screenies\"},\"image\":{\"@id\":\"https:\/\/moto-screenies.de\/es\/#\/schema\/logo\/image\/\"}}]}<\/script>\n<!-- \/ Yoast SEO plugin. -->","yoast_head_json":{"title":"Motorrad Tacho Geh\u00e4use Tachogeh\u00e4use passend f\u00fcr Suzuki GSX-R 600 \/ GSX-R 750  2011 - 2017","description":"Entdecken Sie das perfekte Tachogeh\u00e4use f\u00fcr Ihre Suzuki GSX-R 600\/750 (2011-2017). Hochwertig, passgenau und langlebig \u2013 optimieren Sie Ihr Motorrad mit unserem erstklassigen Zubeh\u00f6r.","robots":{"index":"index","follow":"follow","max-snippet":"max-snippet:-1","max-image-preview":"max-image-preview:large","max-video-preview":"max-video-preview:-1"},"canonical":"https:\/\/moto-screenies.de\/es\/produkt\/motorrad-tacho-gehaeuse-tachogehaeuse-passend-fuer-suzuki-gsx-r-600-gsx-r-750-2011-2017\/","og_locale":"es_ES","og_type":"article","og_title":"Motorrad Tacho Geh\u00e4use Tachogeh\u00e4use passend f\u00fcr Suzuki GSX-R 600 \/ GSX-R 750  2011 - 2017","og_description":"Entdecken Sie das perfekte Tachogeh\u00e4use f\u00fcr Ihre Suzuki GSX-R 600\/750 (2011-2017). Hochwertig, passgenau und langlebig \u2013 optimieren Sie Ihr Motorrad mit unserem erstklassigen Zubeh\u00f6r.","og_url":"https:\/\/moto-screenies.de\/es\/produkt\/motorrad-tacho-gehaeuse-tachogehaeuse-passend-fuer-suzuki-gsx-r-600-gsx-r-750-2011-2017\/","og_site_name":"Moto Screenies","article_modified_time":"2025-11-27T10:41:13+00:00","og_image":[{"width":1500,"height":1500,"url":"https:\/\/moto-screenies.de\/wp-content\/uploads\/2024\/04\/MTG29.png","type":"image\/png"}],"twitter_card":"summary_large_image","twitter_misc":{"Tiempo de lectura":"1 minuto"},"schema":{"@context":"https:\/\/schema.org","@graph":[{"@type":"WebPage","@id":"https:\/\/moto-screenies.de\/es\/produkt\/motorrad-tacho-gehaeuse-tachogehaeuse-passend-fuer-suzuki-gsx-r-600-gsx-r-750-2011-2017\/","url":"https:\/\/moto-screenies.de\/es\/produkt\/motorrad-tacho-gehaeuse-tachogehaeuse-passend-fuer-suzuki-gsx-r-600-gsx-r-750-2011-2017\/","name":"Motorrad Tacho Geh\u00e4use Tachogeh\u00e4use passend f\u00fcr Suzuki GSX-R 600 \/ GSX-R 750 2011 - 2017","isPartOf":{"@id":"https:\/\/moto-screenies.de\/es\/#website"},"primaryImageOfPage":{"@id":"https:\/\/moto-screenies.de\/es\/produkt\/motorrad-tacho-gehaeuse-tachogehaeuse-passend-fuer-suzuki-gsx-r-600-gsx-r-750-2011-2017\/#primaryimage"},"image":{"@id":"https:\/\/moto-screenies.de\/es\/produkt\/motorrad-tacho-gehaeuse-tachogehaeuse-passend-fuer-suzuki-gsx-r-600-gsx-r-750-2011-2017\/#primaryimage"},"thumbnailUrl":"https:\/\/moto-screenies.de\/wp-content\/uploads\/2024\/04\/MTG29.png","datePublished":"2024-04-24T14:11:40+00:00","dateModified":"2025-11-27T10:41:13+00:00","description":"Entdecken Sie das perfekte Tachogeh\u00e4use f\u00fcr Ihre Suzuki GSX-R 600\/750 (2011-2017). Hochwertig, passgenau und langlebig \u2013 optimieren Sie Ihr Motorrad mit unserem erstklassigen Zubeh\u00f6r.","breadcrumb":{"@id":"https:\/\/moto-screenies.de\/es\/produkt\/motorrad-tacho-gehaeuse-tachogehaeuse-passend-fuer-suzuki-gsx-r-600-gsx-r-750-2011-2017\/#breadcrumb"},"inLanguage":"es","potentialAction":[{"@type":"ReadAction","target":["https:\/\/moto-screenies.de\/es\/produkt\/motorrad-tacho-gehaeuse-tachogehaeuse-passend-fuer-suzuki-gsx-r-600-gsx-r-750-2011-2017\/"]}]},{"@type":"ImageObject","inLanguage":"es","@id":"https:\/\/moto-screenies.de\/es\/produkt\/motorrad-tacho-gehaeuse-tachogehaeuse-passend-fuer-suzuki-gsx-r-600-gsx-r-750-2011-2017\/#primaryimage","url":"https:\/\/moto-screenies.de\/wp-content\/uploads\/2024\/04\/MTG29.png","contentUrl":"https:\/\/moto-screenies.de\/wp-content\/uploads\/2024\/04\/MTG29.png","width":1500,"height":1500,"caption":"Moto Screenies"},{"@type":"BreadcrumbList","@id":"https:\/\/moto-screenies.de\/es\/produkt\/motorrad-tacho-gehaeuse-tachogehaeuse-passend-fuer-suzuki-gsx-r-600-gsx-r-750-2011-2017\/#breadcrumb","itemListElement":[{"@type":"ListItem","position":1,"name":"Startseite","item":"https:\/\/moto-screenies.de\/es\/"},{"@type":"ListItem","position":2,"name":"Tienda","item":"https:\/\/moto-screenies.de\/es\/tienda\/"},{"@type":"ListItem","position":3,"name":"Motorrad Tacho Geh\u00e4use Tachogeh\u00e4use passend f\u00fcr Suzuki GSX-R 600 \/ GSX-R 750 2011 &#8211; 2017"}]},{"@type":"WebSite","@id":"https:\/\/moto-screenies.de\/es\/#website","url":"https:\/\/moto-screenies.de\/es\/","name":"Moto Screenies","description":"Die Displayschutzfolie f\u00fcr dein Motorrad","publisher":{"@id":"https:\/\/moto-screenies.de\/es\/#organization"},"alternateName":"MS","potentialAction":[{"@type":"SearchAction","target":{"@type":"EntryPoint","urlTemplate":"https:\/\/moto-screenies.de\/es\/?s={search_term_string}"},"query-input":{"@type":"PropertyValueSpecification","valueRequired":true,"valueName":"search_term_string"}}],"inLanguage":"es"},{"@type":"Organization","@id":"https:\/\/moto-screenies.de\/es\/#organization","name":"Moto Screenies","url":"https:\/\/moto-screenies.de\/es\/","logo":{"@type":"ImageObject","inLanguage":"es","@id":"https:\/\/moto-screenies.de\/es\/#\/schema\/logo\/image\/","url":"","contentUrl":"","caption":"Moto Screenies"},"image":{"@id":"https:\/\/moto-screenies.de\/es\/#\/schema\/logo\/image\/"}}]}},"_links":{"self":[{"href":"https:\/\/moto-screenies.de\/es\/wp-json\/wp\/v2\/product\/189227","targetHints":{"allow":["GET"]}}],"collection":[{"href":"https:\/\/moto-screenies.de\/es\/wp-json\/wp\/v2\/product"}],"about":[{"href":"https:\/\/moto-screenies.de\/es\/wp-json\/wp\/v2\/types\/product"}],"replies":[{"embeddable":true,"href":"https:\/\/moto-screenies.de\/es\/wp-json\/wp\/v2\/comments?post=189227"}],"wp:featuredmedia":[{"embeddable":true,"href":"https:\/\/moto-screenies.de\/es\/wp-json\/wp\/v2\/media\/265661"}],"wp:attachment":[{"href":"https:\/\/moto-screenies.de\/es\/wp-json\/wp\/v2\/media?parent=189227"}],"wp:term":[{"taxonomy":"product_brand","embeddable":true,"href":"https:\/\/moto-screenies.de\/es\/wp-json\/wp\/v2\/product_brand?post=189227"},{"taxonomy":"product_cat","embeddable":true,"href":"https:\/\/moto-screenies.de\/es\/wp-json\/wp\/v2\/product_cat?post=189227"},{"taxonomy":"product_tag","embeddable":true,"href":"https:\/\/moto-screenies.de\/es\/wp-json\/wp\/v2\/product_tag?post=189227"}],"curies":[{"name":"wp","href":"https:\/\/api.w.org\/{rel}","templated":true}]}}