{"id":189243,"date":"2024-05-03T15:14:52","date_gmt":"2024-05-03T13:14:52","guid":{"rendered":"https:\/\/moto-screenies.de\/produkt\/motorrad-tacho-gehaeuse-tachogehaeuse-passend-fuer-yamaha-yzf-r1-2007-2008\/"},"modified":"2025-11-26T13:48:45","modified_gmt":"2025-11-26T12:48:45","slug":"motorrad-tacho-gehaeuse-tachogehaeuse-passend-fuer-yamaha-yzf-r1-2007-2008","status":"publish","type":"product","link":"https:\/\/moto-screenies.de\/es\/produkt\/motorrad-tacho-gehaeuse-tachogehaeuse-passend-fuer-yamaha-yzf-r1-2007-2008\/","title":{"rendered":"Motorrad Tacho Geh\u00e4use Tachogeh\u00e4use passend f\u00fcr Yamaha YZF-R1 2007-2008"},"content":{"rendered":"<p>Entdecken Sie das hochwertige Motorrad Tacho Geh\u00e4use, speziell entwickelt f\u00fcr die Yamaha YZF-R1 Modelle der Jahre 2007-2008. Dieses Tachogeh\u00e4use \u00fcberzeugt durch seine perfekte Passform und robuste Verarbeitung, die optimalen Schutz f\u00fcr Ihren Tacho bietet. Hergestellt aus langlebigen Materialien, garantiert es eine lange Lebensdauer und Widerstandsf\u00e4higkeit gegen \u00e4u\u00dfere Einfl\u00fcsse. Das moderne Design f\u00fcgt sich nahtlos in das Gesamtbild Ihrer Maschine ein und sorgt f\u00fcr einen stilvollen Look. Einfache Montage erm\u00f6glicht eine schnelle Installation, sodass Sie im Handumdrehen wieder startklar sind. Vertrauen Sie auf Qualit\u00e4t und Pr\u00e4zision \u2013 f\u00fcr eine sorgenfreie Fahrt.<\/p>\n<p>Passend f\u00fcr: Motorrad Tacho Geh\u00e4use Tachogeh\u00e4use passend f\u00fcr Yamaha YZF-R1 2007-2008.<\/p>\n","protected":false},"excerpt":{"rendered":"<p>Entdecken Sie das hochwertige Motorrad Tacho Geh\u00e4use, speziell entwickelt f\u00fcr die Yamaha YZF-R1 Modelle der Jahre 2007-2008. Dieses Tachogeh\u00e4use \u00fcberzeugt durch seine perfekte Passform und robuste Verarbeitung, die optimalen Schutz f\u00fcr Ihren Tacho bietet. Hergestellt aus langlebigen Materialien, garantiert es eine lange Lebensdauer und Widerstandsf\u00e4higkeit gegen \u00e4u\u00dfere Einfl\u00fcsse. Das moderne Design f\u00fcgt sich nahtlos in [&hellip;]<\/p>\n","protected":false},"featured_media":265505,"comment_status":"open","ping_status":"closed","template":"","meta":{"_et_pb_use_builder":"","_et_pb_old_content":"","_et_gb_content_width":"","_uf_show_specific_survey":0,"_uf_disable_surveys":false},"product_brand":[],"product_cat":[429],"product_tag":[165],"class_list":{"0":"post-189243","1":"product","2":"type-product","3":"status-publish","4":"has-post-thumbnail","6":"product_cat-yamaha-schutzfolie-fuer-dein-motorrad","7":"product_tag-tachogehaeuse","8":"product_shipping_class-standard","10":"first","11":"instock","12":"taxable","13":"shipping-taxable","14":"purchasable","15":"product-type-simple"},"yoast_head":"<!-- This site is optimized with the Yoast SEO plugin v27.2 - https:\/\/yoast.com\/product\/yoast-seo-wordpress\/ -->\n<title>Motorrad Tacho Geh\u00e4use Tachogeh\u00e4use passend f\u00fcr Yamaha YZF-R1 2007-2008<\/title>\n<meta name=\"description\" content=\"Entdecken Sie das hochwertige Motorrad Tacho Geh\u00e4use f\u00fcr Ihre Yamaha YZF-R1 (2007-2008). Perfekte Passform und erstklassige Qualit\u00e4t f\u00fcr eine optimale Leistung und \u00c4sthetik.\" \/>\n<meta name=\"robots\" content=\"index, follow, max-snippet:-1, max-image-preview:large, max-video-preview:-1\" \/>\n<link rel=\"canonical\" href=\"https:\/\/moto-screenies.de\/es\/produkt\/motorrad-tacho-gehaeuse-tachogehaeuse-passend-fuer-yamaha-yzf-r1-2007-2008\/\" \/>\n<meta property=\"og:locale\" content=\"es_ES\" \/>\n<meta property=\"og:type\" content=\"article\" \/>\n<meta property=\"og:title\" content=\"Motorrad Tacho Geh\u00e4use Tachogeh\u00e4use passend f\u00fcr Yamaha YZF-R1 2007-2008\" \/>\n<meta property=\"og:description\" content=\"Entdecken Sie das hochwertige Motorrad Tacho Geh\u00e4use f\u00fcr Ihre Yamaha YZF-R1 (2007-2008). Perfekte Passform und erstklassige Qualit\u00e4t f\u00fcr eine optimale Leistung und \u00c4sthetik.\" \/>\n<meta property=\"og:url\" content=\"https:\/\/moto-screenies.de\/es\/produkt\/motorrad-tacho-gehaeuse-tachogehaeuse-passend-fuer-yamaha-yzf-r1-2007-2008\/\" \/>\n<meta property=\"og:site_name\" content=\"Moto Screenies\" \/>\n<meta property=\"article:modified_time\" content=\"2025-11-26T12:48:45+00:00\" \/>\n<meta property=\"og:image\" content=\"https:\/\/moto-screenies.de\/wp-content\/uploads\/2024\/05\/MTG39-1.png\" \/>\n\t<meta property=\"og:image:width\" content=\"1500\" \/>\n\t<meta property=\"og:image:height\" content=\"1500\" \/>\n\t<meta property=\"og:image:type\" content=\"image\/png\" \/>\n<meta name=\"twitter:card\" content=\"summary_large_image\" \/>\n<meta name=\"twitter:label1\" content=\"Tiempo de lectura\" \/>\n\t<meta name=\"twitter:data1\" content=\"1 minuto\" \/>\n<script type=\"application\/ld+json\" class=\"yoast-schema-graph\">{\"@context\":\"https:\/\/schema.org\",\"@graph\":[{\"@type\":\"WebPage\",\"@id\":\"https:\/\/moto-screenies.de\/es\/produkt\/motorrad-tacho-gehaeuse-tachogehaeuse-passend-fuer-yamaha-yzf-r1-2007-2008\/\",\"url\":\"https:\/\/moto-screenies.de\/es\/produkt\/motorrad-tacho-gehaeuse-tachogehaeuse-passend-fuer-yamaha-yzf-r1-2007-2008\/\",\"name\":\"Motorrad Tacho Geh\u00e4use Tachogeh\u00e4use passend f\u00fcr Yamaha YZF-R1 2007-2008\",\"isPartOf\":{\"@id\":\"https:\/\/moto-screenies.de\/es\/#website\"},\"primaryImageOfPage\":{\"@id\":\"https:\/\/moto-screenies.de\/es\/produkt\/motorrad-tacho-gehaeuse-tachogehaeuse-passend-fuer-yamaha-yzf-r1-2007-2008\/#primaryimage\"},\"image\":{\"@id\":\"https:\/\/moto-screenies.de\/es\/produkt\/motorrad-tacho-gehaeuse-tachogehaeuse-passend-fuer-yamaha-yzf-r1-2007-2008\/#primaryimage\"},\"thumbnailUrl\":\"https:\/\/moto-screenies.de\/wp-content\/uploads\/2024\/05\/MTG39-1.png\",\"datePublished\":\"2024-05-03T13:14:52+00:00\",\"dateModified\":\"2025-11-26T12:48:45+00:00\",\"description\":\"Entdecken Sie das hochwertige Motorrad Tacho Geh\u00e4use f\u00fcr Ihre Yamaha YZF-R1 (2007-2008). Perfekte Passform und erstklassige Qualit\u00e4t f\u00fcr eine optimale Leistung und \u00c4sthetik.\",\"breadcrumb\":{\"@id\":\"https:\/\/moto-screenies.de\/es\/produkt\/motorrad-tacho-gehaeuse-tachogehaeuse-passend-fuer-yamaha-yzf-r1-2007-2008\/#breadcrumb\"},\"inLanguage\":\"es\",\"potentialAction\":[{\"@type\":\"ReadAction\",\"target\":[\"https:\/\/moto-screenies.de\/es\/produkt\/motorrad-tacho-gehaeuse-tachogehaeuse-passend-fuer-yamaha-yzf-r1-2007-2008\/\"]}]},{\"@type\":\"ImageObject\",\"inLanguage\":\"es\",\"@id\":\"https:\/\/moto-screenies.de\/es\/produkt\/motorrad-tacho-gehaeuse-tachogehaeuse-passend-fuer-yamaha-yzf-r1-2007-2008\/#primaryimage\",\"url\":\"https:\/\/moto-screenies.de\/wp-content\/uploads\/2024\/05\/MTG39-1.png\",\"contentUrl\":\"https:\/\/moto-screenies.de\/wp-content\/uploads\/2024\/05\/MTG39-1.png\",\"width\":1500,\"height\":1500,\"caption\":\"Moto Screenies\"},{\"@type\":\"BreadcrumbList\",\"@id\":\"https:\/\/moto-screenies.de\/es\/produkt\/motorrad-tacho-gehaeuse-tachogehaeuse-passend-fuer-yamaha-yzf-r1-2007-2008\/#breadcrumb\",\"itemListElement\":[{\"@type\":\"ListItem\",\"position\":1,\"name\":\"Startseite\",\"item\":\"https:\/\/moto-screenies.de\/es\/\"},{\"@type\":\"ListItem\",\"position\":2,\"name\":\"Tienda\",\"item\":\"https:\/\/moto-screenies.de\/es\/tienda\/\"},{\"@type\":\"ListItem\",\"position\":3,\"name\":\"Motorrad Tacho Geh\u00e4use Tachogeh\u00e4use passend f\u00fcr Yamaha YZF-R1 2007-2008\"}]},{\"@type\":\"WebSite\",\"@id\":\"https:\/\/moto-screenies.de\/es\/#website\",\"url\":\"https:\/\/moto-screenies.de\/es\/\",\"name\":\"Moto Screenies\",\"description\":\"Die Displayschutzfolie f\u00fcr dein Motorrad\",\"publisher\":{\"@id\":\"https:\/\/moto-screenies.de\/es\/#organization\"},\"alternateName\":\"MS\",\"potentialAction\":[{\"@type\":\"SearchAction\",\"target\":{\"@type\":\"EntryPoint\",\"urlTemplate\":\"https:\/\/moto-screenies.de\/es\/?s={search_term_string}\"},\"query-input\":{\"@type\":\"PropertyValueSpecification\",\"valueRequired\":true,\"valueName\":\"search_term_string\"}}],\"inLanguage\":\"es\"},{\"@type\":\"Organization\",\"@id\":\"https:\/\/moto-screenies.de\/es\/#organization\",\"name\":\"Moto Screenies\",\"url\":\"https:\/\/moto-screenies.de\/es\/\",\"logo\":{\"@type\":\"ImageObject\",\"inLanguage\":\"es\",\"@id\":\"https:\/\/moto-screenies.de\/es\/#\/schema\/logo\/image\/\",\"url\":\"\",\"contentUrl\":\"\",\"caption\":\"Moto Screenies\"},\"image\":{\"@id\":\"https:\/\/moto-screenies.de\/es\/#\/schema\/logo\/image\/\"}}]}<\/script>\n<!-- \/ Yoast SEO plugin. -->","yoast_head_json":{"title":"Motorrad Tacho Geh\u00e4use Tachogeh\u00e4use passend f\u00fcr Yamaha YZF-R1 2007-2008","description":"Entdecken Sie das hochwertige Motorrad Tacho Geh\u00e4use f\u00fcr Ihre Yamaha YZF-R1 (2007-2008). Perfekte Passform und erstklassige Qualit\u00e4t f\u00fcr eine optimale Leistung und \u00c4sthetik.","robots":{"index":"index","follow":"follow","max-snippet":"max-snippet:-1","max-image-preview":"max-image-preview:large","max-video-preview":"max-video-preview:-1"},"canonical":"https:\/\/moto-screenies.de\/es\/produkt\/motorrad-tacho-gehaeuse-tachogehaeuse-passend-fuer-yamaha-yzf-r1-2007-2008\/","og_locale":"es_ES","og_type":"article","og_title":"Motorrad Tacho Geh\u00e4use Tachogeh\u00e4use passend f\u00fcr Yamaha YZF-R1 2007-2008","og_description":"Entdecken Sie das hochwertige Motorrad Tacho Geh\u00e4use f\u00fcr Ihre Yamaha YZF-R1 (2007-2008). Perfekte Passform und erstklassige Qualit\u00e4t f\u00fcr eine optimale Leistung und \u00c4sthetik.","og_url":"https:\/\/moto-screenies.de\/es\/produkt\/motorrad-tacho-gehaeuse-tachogehaeuse-passend-fuer-yamaha-yzf-r1-2007-2008\/","og_site_name":"Moto Screenies","article_modified_time":"2025-11-26T12:48:45+00:00","og_image":[{"width":1500,"height":1500,"url":"https:\/\/moto-screenies.de\/wp-content\/uploads\/2024\/05\/MTG39-1.png","type":"image\/png"}],"twitter_card":"summary_large_image","twitter_misc":{"Tiempo de lectura":"1 minuto"},"schema":{"@context":"https:\/\/schema.org","@graph":[{"@type":"WebPage","@id":"https:\/\/moto-screenies.de\/es\/produkt\/motorrad-tacho-gehaeuse-tachogehaeuse-passend-fuer-yamaha-yzf-r1-2007-2008\/","url":"https:\/\/moto-screenies.de\/es\/produkt\/motorrad-tacho-gehaeuse-tachogehaeuse-passend-fuer-yamaha-yzf-r1-2007-2008\/","name":"Motorrad Tacho Geh\u00e4use Tachogeh\u00e4use passend f\u00fcr Yamaha YZF-R1 2007-2008","isPartOf":{"@id":"https:\/\/moto-screenies.de\/es\/#website"},"primaryImageOfPage":{"@id":"https:\/\/moto-screenies.de\/es\/produkt\/motorrad-tacho-gehaeuse-tachogehaeuse-passend-fuer-yamaha-yzf-r1-2007-2008\/#primaryimage"},"image":{"@id":"https:\/\/moto-screenies.de\/es\/produkt\/motorrad-tacho-gehaeuse-tachogehaeuse-passend-fuer-yamaha-yzf-r1-2007-2008\/#primaryimage"},"thumbnailUrl":"https:\/\/moto-screenies.de\/wp-content\/uploads\/2024\/05\/MTG39-1.png","datePublished":"2024-05-03T13:14:52+00:00","dateModified":"2025-11-26T12:48:45+00:00","description":"Entdecken Sie das hochwertige Motorrad Tacho Geh\u00e4use f\u00fcr Ihre Yamaha YZF-R1 (2007-2008). Perfekte Passform und erstklassige Qualit\u00e4t f\u00fcr eine optimale Leistung und \u00c4sthetik.","breadcrumb":{"@id":"https:\/\/moto-screenies.de\/es\/produkt\/motorrad-tacho-gehaeuse-tachogehaeuse-passend-fuer-yamaha-yzf-r1-2007-2008\/#breadcrumb"},"inLanguage":"es","potentialAction":[{"@type":"ReadAction","target":["https:\/\/moto-screenies.de\/es\/produkt\/motorrad-tacho-gehaeuse-tachogehaeuse-passend-fuer-yamaha-yzf-r1-2007-2008\/"]}]},{"@type":"ImageObject","inLanguage":"es","@id":"https:\/\/moto-screenies.de\/es\/produkt\/motorrad-tacho-gehaeuse-tachogehaeuse-passend-fuer-yamaha-yzf-r1-2007-2008\/#primaryimage","url":"https:\/\/moto-screenies.de\/wp-content\/uploads\/2024\/05\/MTG39-1.png","contentUrl":"https:\/\/moto-screenies.de\/wp-content\/uploads\/2024\/05\/MTG39-1.png","width":1500,"height":1500,"caption":"Moto Screenies"},{"@type":"BreadcrumbList","@id":"https:\/\/moto-screenies.de\/es\/produkt\/motorrad-tacho-gehaeuse-tachogehaeuse-passend-fuer-yamaha-yzf-r1-2007-2008\/#breadcrumb","itemListElement":[{"@type":"ListItem","position":1,"name":"Startseite","item":"https:\/\/moto-screenies.de\/es\/"},{"@type":"ListItem","position":2,"name":"Tienda","item":"https:\/\/moto-screenies.de\/es\/tienda\/"},{"@type":"ListItem","position":3,"name":"Motorrad Tacho Geh\u00e4use Tachogeh\u00e4use passend f\u00fcr Yamaha YZF-R1 2007-2008"}]},{"@type":"WebSite","@id":"https:\/\/moto-screenies.de\/es\/#website","url":"https:\/\/moto-screenies.de\/es\/","name":"Moto Screenies","description":"Die Displayschutzfolie f\u00fcr dein Motorrad","publisher":{"@id":"https:\/\/moto-screenies.de\/es\/#organization"},"alternateName":"MS","potentialAction":[{"@type":"SearchAction","target":{"@type":"EntryPoint","urlTemplate":"https:\/\/moto-screenies.de\/es\/?s={search_term_string}"},"query-input":{"@type":"PropertyValueSpecification","valueRequired":true,"valueName":"search_term_string"}}],"inLanguage":"es"},{"@type":"Organization","@id":"https:\/\/moto-screenies.de\/es\/#organization","name":"Moto Screenies","url":"https:\/\/moto-screenies.de\/es\/","logo":{"@type":"ImageObject","inLanguage":"es","@id":"https:\/\/moto-screenies.de\/es\/#\/schema\/logo\/image\/","url":"","contentUrl":"","caption":"Moto Screenies"},"image":{"@id":"https:\/\/moto-screenies.de\/es\/#\/schema\/logo\/image\/"}}]}},"_links":{"self":[{"href":"https:\/\/moto-screenies.de\/es\/wp-json\/wp\/v2\/product\/189243","targetHints":{"allow":["GET"]}}],"collection":[{"href":"https:\/\/moto-screenies.de\/es\/wp-json\/wp\/v2\/product"}],"about":[{"href":"https:\/\/moto-screenies.de\/es\/wp-json\/wp\/v2\/types\/product"}],"replies":[{"embeddable":true,"href":"https:\/\/moto-screenies.de\/es\/wp-json\/wp\/v2\/comments?post=189243"}],"wp:featuredmedia":[{"embeddable":true,"href":"https:\/\/moto-screenies.de\/es\/wp-json\/wp\/v2\/media\/265505"}],"wp:attachment":[{"href":"https:\/\/moto-screenies.de\/es\/wp-json\/wp\/v2\/media?parent=189243"}],"wp:term":[{"taxonomy":"product_brand","embeddable":true,"href":"https:\/\/moto-screenies.de\/es\/wp-json\/wp\/v2\/product_brand?post=189243"},{"taxonomy":"product_cat","embeddable":true,"href":"https:\/\/moto-screenies.de\/es\/wp-json\/wp\/v2\/product_cat?post=189243"},{"taxonomy":"product_tag","embeddable":true,"href":"https:\/\/moto-screenies.de\/es\/wp-json\/wp\/v2\/product_tag?post=189243"}],"curies":[{"name":"wp","href":"https:\/\/api.w.org\/{rel}","templated":true}]}}