{"id":190049,"date":"2025-07-29T10:29:49","date_gmt":"2025-07-29T08:29:49","guid":{"rendered":"https:\/\/moto-screenies.de\/produkt\/tankschutzfolie-tankpad-passend-fuer-cfmoto-700mt-2023\/"},"modified":"2025-11-19T21:23:52","modified_gmt":"2025-11-19T20:23:52","slug":"tankschutzfolie-tankpad-passend-fuer-cfmoto-700mt-2023","status":"publish","type":"product","link":"https:\/\/moto-screenies.de\/es\/produkt\/tankschutzfolie-tankpad-passend-fuer-cfmoto-700mt-2023\/","title":{"rendered":"Tankschutzfolie Tankpad passend f\u00fcr CFMoto 700MT (2023+)"},"content":{"rendered":"<p>Transparente Tankschutzfolie f\u00fcr CFMoto 700MT (2023+). Das selbstklebende Tankpad sch\u00fctzt zuverl\u00e4ssig vor Kratzern durch Rei\u00dfverschl\u00fcsse, G\u00fcrtelschnallen oder Tankrucks\u00e4cke. Passgenau f\u00fcr die Tankform geschnitten und nahezu unsichtbar \u2013 ideal f\u00fcr sportliche Motorr\u00e4der, die ohne optische Ver\u00e4nderung gesch\u00fctzt werden sollen. UV-best\u00e4ndig, wetterfest und r\u00fcckstandslos entfernbar. Der perfekte Lackschutz f\u00fcr Supersportler, Tourer und Naked Bikes.<\/p>\n","protected":false},"excerpt":{"rendered":"<p>Transparente Tankschutzfolie f\u00fcr CFMoto 700MT (2023+). Das selbstklebende Tankpad sch\u00fctzt zuverl\u00e4ssig vor Kratzern durch Rei\u00dfverschl\u00fcsse, G\u00fcrtelschnallen oder Tankrucks\u00e4cke. Passgenau f\u00fcr die Tankform geschnitten und nahezu unsichtbar \u2013 ideal f\u00fcr sportliche Motorr\u00e4der, die ohne optische Ver\u00e4nderung gesch\u00fctzt werden sollen. UV-best\u00e4ndig, wetterfest und r\u00fcckstandslos entfernbar. Der perfekte Lackschutz f\u00fcr Supersportler, Tourer und Naked Bikes.<\/p>\n","protected":false},"featured_media":233433,"comment_status":"open","ping_status":"closed","template":"","meta":{"_et_pb_use_builder":"","_et_pb_old_content":"","_et_gb_content_width":"","_uf_show_specific_survey":0,"_uf_disable_surveys":false},"product_brand":[],"product_cat":[427],"product_tag":[388],"class_list":{"0":"post-190049","1":"product","2":"type-product","3":"status-publish","4":"has-post-thumbnail","6":"product_cat-cfmoto-schutzfolie-fuer-dein-motorrad","7":"product_tag-tankpad","8":"product_shipping_class-standard","10":"first","11":"instock","12":"taxable","13":"shipping-taxable","14":"purchasable","15":"product-type-simple"},"yoast_head":"<!-- This site is optimized with the Yoast SEO plugin v27.2 - https:\/\/yoast.com\/product\/yoast-seo-wordpress\/ -->\n<title>Tankschutzfolie Tankpad passend f\u00fcr CFMoto 700MT (2023+)<\/title>\n<meta name=\"description\" content=\"Komplettschutz f\u00fcr dein Motorrad! Moto Screenies bietet nicht nur passgenaue Schutzfolien f\u00fcr Displays, sondern auch passgenaue Lackschutzfolien f\u00fcr Tank und Lack. Sch\u00fctze dein Motorrad effektiv vor Kratzern, Steinschl\u00e4gen und UV-Strahlung \u2013 mit hochwertigem Material, einfacher Montage und perfektem Sitz. F\u00fcr mehr Werterhalt und weniger Sorgen beim Fahren.\" \/>\n<meta name=\"robots\" content=\"index, follow, max-snippet:-1, max-image-preview:large, max-video-preview:-1\" \/>\n<link rel=\"canonical\" href=\"https:\/\/moto-screenies.de\/es\/produkt\/tankschutzfolie-tankpad-passend-fuer-cfmoto-700mt-2023\/\" \/>\n<meta property=\"og:locale\" content=\"es_ES\" \/>\n<meta property=\"og:type\" content=\"article\" \/>\n<meta property=\"og:title\" content=\"Tankschutzfolie Tankpad passend f\u00fcr CFMoto 700MT (2023+)\" \/>\n<meta property=\"og:description\" content=\"Komplettschutz f\u00fcr dein Motorrad! Moto Screenies bietet nicht nur passgenaue Schutzfolien f\u00fcr Displays, sondern auch passgenaue Lackschutzfolien f\u00fcr Tank und Lack. Sch\u00fctze dein Motorrad effektiv vor Kratzern, Steinschl\u00e4gen und UV-Strahlung \u2013 mit hochwertigem Material, einfacher Montage und perfektem Sitz. F\u00fcr mehr Werterhalt und weniger Sorgen beim Fahren.\" \/>\n<meta property=\"og:url\" content=\"https:\/\/moto-screenies.de\/es\/produkt\/tankschutzfolie-tankpad-passend-fuer-cfmoto-700mt-2023\/\" \/>\n<meta property=\"og:site_name\" content=\"Moto Screenies\" \/>\n<meta property=\"article:modified_time\" content=\"2025-11-19T20:23:52+00:00\" \/>\n<meta name=\"twitter:card\" content=\"summary_large_image\" \/>\n<script type=\"application\/ld+json\" class=\"yoast-schema-graph\">{\"@context\":\"https:\/\/schema.org\",\"@graph\":[{\"@type\":\"WebPage\",\"@id\":\"https:\/\/moto-screenies.de\/es\/produkt\/tankschutzfolie-tankpad-passend-fuer-cfmoto-700mt-2023\/\",\"url\":\"https:\/\/moto-screenies.de\/es\/produkt\/tankschutzfolie-tankpad-passend-fuer-cfmoto-700mt-2023\/\",\"name\":\"Tankschutzfolie Tankpad passend f\u00fcr CFMoto 700MT (2023+)\",\"isPartOf\":{\"@id\":\"https:\/\/moto-screenies.de\/es\/#website\"},\"primaryImageOfPage\":{\"@id\":\"https:\/\/moto-screenies.de\/es\/produkt\/tankschutzfolie-tankpad-passend-fuer-cfmoto-700mt-2023\/#primaryimage\"},\"image\":{\"@id\":\"https:\/\/moto-screenies.de\/es\/produkt\/tankschutzfolie-tankpad-passend-fuer-cfmoto-700mt-2023\/#primaryimage\"},\"thumbnailUrl\":\"https:\/\/moto-screenies.de\/wp-content\/uploads\/2025\/11\/506873_Product.png\",\"datePublished\":\"2025-07-29T08:29:49+00:00\",\"dateModified\":\"2025-11-19T20:23:52+00:00\",\"description\":\"Komplettschutz f\u00fcr dein Motorrad! Moto Screenies bietet nicht nur passgenaue Schutzfolien f\u00fcr Displays, sondern auch passgenaue Lackschutzfolien f\u00fcr Tank und Lack. Sch\u00fctze dein Motorrad effektiv vor Kratzern, Steinschl\u00e4gen und UV-Strahlung \u2013 mit hochwertigem Material, einfacher Montage und perfektem Sitz. F\u00fcr mehr Werterhalt und weniger Sorgen beim Fahren.\",\"breadcrumb\":{\"@id\":\"https:\/\/moto-screenies.de\/es\/produkt\/tankschutzfolie-tankpad-passend-fuer-cfmoto-700mt-2023\/#breadcrumb\"},\"inLanguage\":\"es\",\"potentialAction\":[{\"@type\":\"ReadAction\",\"target\":[\"https:\/\/moto-screenies.de\/es\/produkt\/tankschutzfolie-tankpad-passend-fuer-cfmoto-700mt-2023\/\"]}]},{\"@type\":\"ImageObject\",\"inLanguage\":\"es\",\"@id\":\"https:\/\/moto-screenies.de\/es\/produkt\/tankschutzfolie-tankpad-passend-fuer-cfmoto-700mt-2023\/#primaryimage\",\"url\":\"https:\/\/moto-screenies.de\/wp-content\/uploads\/2025\/11\/506873_Product.png\",\"contentUrl\":\"https:\/\/moto-screenies.de\/wp-content\/uploads\/2025\/11\/506873_Product.png\",\"width\":1500,\"height\":1500,\"caption\":\"mainpic\"},{\"@type\":\"BreadcrumbList\",\"@id\":\"https:\/\/moto-screenies.de\/es\/produkt\/tankschutzfolie-tankpad-passend-fuer-cfmoto-700mt-2023\/#breadcrumb\",\"itemListElement\":[{\"@type\":\"ListItem\",\"position\":1,\"name\":\"Startseite\",\"item\":\"https:\/\/moto-screenies.de\/es\/\"},{\"@type\":\"ListItem\",\"position\":2,\"name\":\"Tienda\",\"item\":\"https:\/\/moto-screenies.de\/es\/tienda\/\"},{\"@type\":\"ListItem\",\"position\":3,\"name\":\"Tankschutzfolie Tankpad passend f\u00fcr CFMoto 700MT (2023+)\"}]},{\"@type\":\"WebSite\",\"@id\":\"https:\/\/moto-screenies.de\/es\/#website\",\"url\":\"https:\/\/moto-screenies.de\/es\/\",\"name\":\"Moto Screenies\",\"description\":\"Die Displayschutzfolie f\u00fcr dein Motorrad\",\"publisher\":{\"@id\":\"https:\/\/moto-screenies.de\/es\/#organization\"},\"alternateName\":\"MS\",\"potentialAction\":[{\"@type\":\"SearchAction\",\"target\":{\"@type\":\"EntryPoint\",\"urlTemplate\":\"https:\/\/moto-screenies.de\/es\/?s={search_term_string}\"},\"query-input\":{\"@type\":\"PropertyValueSpecification\",\"valueRequired\":true,\"valueName\":\"search_term_string\"}}],\"inLanguage\":\"es\"},{\"@type\":\"Organization\",\"@id\":\"https:\/\/moto-screenies.de\/es\/#organization\",\"name\":\"Moto Screenies\",\"url\":\"https:\/\/moto-screenies.de\/es\/\",\"logo\":{\"@type\":\"ImageObject\",\"inLanguage\":\"es\",\"@id\":\"https:\/\/moto-screenies.de\/es\/#\/schema\/logo\/image\/\",\"url\":\"\",\"contentUrl\":\"\",\"caption\":\"Moto Screenies\"},\"image\":{\"@id\":\"https:\/\/moto-screenies.de\/es\/#\/schema\/logo\/image\/\"}}]}<\/script>\n<!-- \/ Yoast SEO plugin. -->","yoast_head_json":{"title":"Tankschutzfolie Tankpad passend f\u00fcr CFMoto 700MT (2023+)","description":"Komplettschutz f\u00fcr dein Motorrad! Moto Screenies bietet nicht nur passgenaue Schutzfolien f\u00fcr Displays, sondern auch passgenaue Lackschutzfolien f\u00fcr Tank und Lack. Sch\u00fctze dein Motorrad effektiv vor Kratzern, Steinschl\u00e4gen und UV-Strahlung \u2013 mit hochwertigem Material, einfacher Montage und perfektem Sitz. F\u00fcr mehr Werterhalt und weniger Sorgen beim Fahren.","robots":{"index":"index","follow":"follow","max-snippet":"max-snippet:-1","max-image-preview":"max-image-preview:large","max-video-preview":"max-video-preview:-1"},"canonical":"https:\/\/moto-screenies.de\/es\/produkt\/tankschutzfolie-tankpad-passend-fuer-cfmoto-700mt-2023\/","og_locale":"es_ES","og_type":"article","og_title":"Tankschutzfolie Tankpad passend f\u00fcr CFMoto 700MT (2023+)","og_description":"Komplettschutz f\u00fcr dein Motorrad! Moto Screenies bietet nicht nur passgenaue Schutzfolien f\u00fcr Displays, sondern auch passgenaue Lackschutzfolien f\u00fcr Tank und Lack. Sch\u00fctze dein Motorrad effektiv vor Kratzern, Steinschl\u00e4gen und UV-Strahlung \u2013 mit hochwertigem Material, einfacher Montage und perfektem Sitz. F\u00fcr mehr Werterhalt und weniger Sorgen beim Fahren.","og_url":"https:\/\/moto-screenies.de\/es\/produkt\/tankschutzfolie-tankpad-passend-fuer-cfmoto-700mt-2023\/","og_site_name":"Moto Screenies","article_modified_time":"2025-11-19T20:23:52+00:00","twitter_card":"summary_large_image","schema":{"@context":"https:\/\/schema.org","@graph":[{"@type":"WebPage","@id":"https:\/\/moto-screenies.de\/es\/produkt\/tankschutzfolie-tankpad-passend-fuer-cfmoto-700mt-2023\/","url":"https:\/\/moto-screenies.de\/es\/produkt\/tankschutzfolie-tankpad-passend-fuer-cfmoto-700mt-2023\/","name":"Tankschutzfolie Tankpad passend f\u00fcr CFMoto 700MT (2023+)","isPartOf":{"@id":"https:\/\/moto-screenies.de\/es\/#website"},"primaryImageOfPage":{"@id":"https:\/\/moto-screenies.de\/es\/produkt\/tankschutzfolie-tankpad-passend-fuer-cfmoto-700mt-2023\/#primaryimage"},"image":{"@id":"https:\/\/moto-screenies.de\/es\/produkt\/tankschutzfolie-tankpad-passend-fuer-cfmoto-700mt-2023\/#primaryimage"},"thumbnailUrl":"https:\/\/moto-screenies.de\/wp-content\/uploads\/2025\/11\/506873_Product.png","datePublished":"2025-07-29T08:29:49+00:00","dateModified":"2025-11-19T20:23:52+00:00","description":"Komplettschutz f\u00fcr dein Motorrad! Moto Screenies bietet nicht nur passgenaue Schutzfolien f\u00fcr Displays, sondern auch passgenaue Lackschutzfolien f\u00fcr Tank und Lack. Sch\u00fctze dein Motorrad effektiv vor Kratzern, Steinschl\u00e4gen und UV-Strahlung \u2013 mit hochwertigem Material, einfacher Montage und perfektem Sitz. F\u00fcr mehr Werterhalt und weniger Sorgen beim Fahren.","breadcrumb":{"@id":"https:\/\/moto-screenies.de\/es\/produkt\/tankschutzfolie-tankpad-passend-fuer-cfmoto-700mt-2023\/#breadcrumb"},"inLanguage":"es","potentialAction":[{"@type":"ReadAction","target":["https:\/\/moto-screenies.de\/es\/produkt\/tankschutzfolie-tankpad-passend-fuer-cfmoto-700mt-2023\/"]}]},{"@type":"ImageObject","inLanguage":"es","@id":"https:\/\/moto-screenies.de\/es\/produkt\/tankschutzfolie-tankpad-passend-fuer-cfmoto-700mt-2023\/#primaryimage","url":"https:\/\/moto-screenies.de\/wp-content\/uploads\/2025\/11\/506873_Product.png","contentUrl":"https:\/\/moto-screenies.de\/wp-content\/uploads\/2025\/11\/506873_Product.png","width":1500,"height":1500,"caption":"mainpic"},{"@type":"BreadcrumbList","@id":"https:\/\/moto-screenies.de\/es\/produkt\/tankschutzfolie-tankpad-passend-fuer-cfmoto-700mt-2023\/#breadcrumb","itemListElement":[{"@type":"ListItem","position":1,"name":"Startseite","item":"https:\/\/moto-screenies.de\/es\/"},{"@type":"ListItem","position":2,"name":"Tienda","item":"https:\/\/moto-screenies.de\/es\/tienda\/"},{"@type":"ListItem","position":3,"name":"Tankschutzfolie Tankpad passend f\u00fcr CFMoto 700MT (2023+)"}]},{"@type":"WebSite","@id":"https:\/\/moto-screenies.de\/es\/#website","url":"https:\/\/moto-screenies.de\/es\/","name":"Moto Screenies","description":"Die Displayschutzfolie f\u00fcr dein Motorrad","publisher":{"@id":"https:\/\/moto-screenies.de\/es\/#organization"},"alternateName":"MS","potentialAction":[{"@type":"SearchAction","target":{"@type":"EntryPoint","urlTemplate":"https:\/\/moto-screenies.de\/es\/?s={search_term_string}"},"query-input":{"@type":"PropertyValueSpecification","valueRequired":true,"valueName":"search_term_string"}}],"inLanguage":"es"},{"@type":"Organization","@id":"https:\/\/moto-screenies.de\/es\/#organization","name":"Moto Screenies","url":"https:\/\/moto-screenies.de\/es\/","logo":{"@type":"ImageObject","inLanguage":"es","@id":"https:\/\/moto-screenies.de\/es\/#\/schema\/logo\/image\/","url":"","contentUrl":"","caption":"Moto Screenies"},"image":{"@id":"https:\/\/moto-screenies.de\/es\/#\/schema\/logo\/image\/"}}]}},"_links":{"self":[{"href":"https:\/\/moto-screenies.de\/es\/wp-json\/wp\/v2\/product\/190049","targetHints":{"allow":["GET"]}}],"collection":[{"href":"https:\/\/moto-screenies.de\/es\/wp-json\/wp\/v2\/product"}],"about":[{"href":"https:\/\/moto-screenies.de\/es\/wp-json\/wp\/v2\/types\/product"}],"replies":[{"embeddable":true,"href":"https:\/\/moto-screenies.de\/es\/wp-json\/wp\/v2\/comments?post=190049"}],"wp:featuredmedia":[{"embeddable":true,"href":"https:\/\/moto-screenies.de\/es\/wp-json\/wp\/v2\/media\/233433"}],"wp:attachment":[{"href":"https:\/\/moto-screenies.de\/es\/wp-json\/wp\/v2\/media?parent=190049"}],"wp:term":[{"taxonomy":"product_brand","embeddable":true,"href":"https:\/\/moto-screenies.de\/es\/wp-json\/wp\/v2\/product_brand?post=190049"},{"taxonomy":"product_cat","embeddable":true,"href":"https:\/\/moto-screenies.de\/es\/wp-json\/wp\/v2\/product_cat?post=190049"},{"taxonomy":"product_tag","embeddable":true,"href":"https:\/\/moto-screenies.de\/es\/wp-json\/wp\/v2\/product_tag?post=190049"}],"curies":[{"name":"wp","href":"https:\/\/api.w.org\/{rel}","templated":true}]}}