{"id":264293,"date":"2023-11-19T14:14:11","date_gmt":"2023-11-19T13:14:11","guid":{"rendered":"https:\/\/moto-screenies.de\/empreinte\/"},"modified":"2025-11-25T08:29:31","modified_gmt":"2025-11-25T07:29:31","slug":"empreinte","status":"publish","type":"page","link":"https:\/\/moto-screenies.de\/fr\/empreinte\/","title":{"rendered":"Empreinte"},"content":{"rendered":"<p>[et_pb_section fb_built=\u00a0\u00bb1&Prime; _builder_version=\u00a0\u00bb4.23.1&Prime; _module_preset=\u00a0\u00bbdefault\u00a0\u00bb global_colors_info=\u00a0\u00bb{}\u00a0\u00bb][et_pb_row _builder_version=\u00a0\u00bb4.23.1&Prime; _module_preset=\u00a0\u00bbdefault\u00a0\u00bb global_colors_info=\u00a0\u00bb{}\u00a0\u00bb][et_pb_column type=\u00a0\u00bb4_4&Prime; _builder_version=\u00a0\u00bb4.23.1&Prime; _module_preset=\u00a0\u00bbdefault\u00a0\u00bb global_colors_info=\u00a0\u00bb{}\u00a0\u00bb][et_pb_text _builder_version=\u00a0\u00bb4.25.1&Prime; _module_preset=\u00a0\u00bbdefault\u00a0\u00bb hover_enabled=\u00a0\u00bb0&Prime; global_colors_info=\u00a0\u00bb{}\u00a0\u00bb sticky_enabled=\u00a0\u00bb0&Prime;]<\/p>\n<p>Moto Screenies est une marque de<br \/>eCOM Farm GmbH<br \/>Mersmanns Stiege 6<br \/>48341 Altenberge<br \/>Allemagne<\/p>\n<p>T\u00e9l\u00e9phone : +15678 423502<br \/>E-mail : help@ecom-farm.de<\/p>\n<p>Directeur g\u00e9n\u00e9ral : Moraczewski, Lukas Dominik<\/p>\n<p>Registre commercial : Cour de district de Steinfurt, HRB 13283<br \/>Num\u00e9ro de TVA : DE343916595<\/p>\n<p>La Commission europ\u00e9enne propose une plateforme de r\u00e9solution des litiges en ligne (ODR), que vous https:\/\/ec.europa.eu\/consumers\/odr trouver<span> <\/span> ici<a href=\"https:\/\/ec.europa.eu\/consumers\/odr.\">.<\/a><br \/>Nous ne sommes pas oblig\u00e9s et ne souhaitons pas participer \u00e0 des proc\u00e9dures de r\u00e8glement des diff\u00e9rends devant un conseil d\u2019arbitrage des consommateurs.<\/p>\n<p>[\/et_pb_text][\/et_pb_column][\/et_pb_row][\/et_pb_section]<\/p>\n","protected":false},"excerpt":{"rendered":"<p>Moto Screenies est une marque deeCOM Farm GmbHMersmanns Stiege 648341 AltenbergeAllemagne T\u00e9l\u00e9phone : +15678 423502E-mail : help@ecom-farm.de Directeur g\u00e9n\u00e9ral : Moraczewski, Lukas Dominik Registre commercial : Cour de district de Steinfurt, HRB 13283Num\u00e9ro de TVA : DE343916595 La Commission europ\u00e9enne propose une plateforme de r\u00e9solution des litiges en ligne (ODR), que vous https:\/\/ec.europa.eu\/consumers\/odr trouver ici.Nous [&hellip;]<\/p>\n","protected":false},"author":1,"featured_media":0,"parent":0,"menu_order":0,"comment_status":"closed","ping_status":"closed","template":"","meta":{"_et_pb_use_builder":"on","_et_pb_old_content":"","_et_gb_content_width":"","_uf_show_specific_survey":0,"_uf_disable_surveys":false,"footnotes":""},"class_list":["post-264293","page","type-page","status-publish","hentry"],"yoast_head":"<!-- This site is optimized with the Yoast SEO plugin v27.2 - https:\/\/yoast.com\/product\/yoast-seo-wordpress\/ -->\n<title>Empreinte - Moto Screenies<\/title>\n<meta name=\"robots\" content=\"noindex, follow\" \/>\n<meta property=\"og:locale\" content=\"fr_FR\" \/>\n<meta property=\"og:type\" content=\"article\" \/>\n<meta property=\"og:title\" content=\"Empreinte - Moto Screenies\" \/>\n<meta property=\"og:description\" content=\"Moto Screenies est une marque deeCOM Farm GmbHMersmanns Stiege 648341 AltenbergeAllemagne T\u00e9l\u00e9phone : +15678 423502E-mail : help@ecom-farm.de Directeur g\u00e9n\u00e9ral : Moraczewski, Lukas Dominik Registre commercial : Cour de district de Steinfurt, HRB 13283Num\u00e9ro de TVA : DE343916595 La Commission europ\u00e9enne propose une plateforme de r\u00e9solution des litiges en ligne (ODR), que vous https:\/\/ec.europa.eu\/consumers\/odr trouver ici.Nous [&hellip;]\" \/>\n<meta property=\"og:url\" content=\"https:\/\/moto-screenies.de\/fr\/empreinte\/\" \/>\n<meta property=\"og:site_name\" content=\"Moto Screenies\" \/>\n<meta property=\"article:modified_time\" content=\"2025-11-25T07:29:31+00:00\" \/>\n<meta name=\"twitter:card\" content=\"summary_large_image\" \/>\n<meta name=\"twitter:label1\" content=\"Dur\u00e9e de lecture estim\u00e9e\" \/>\n\t<meta name=\"twitter:data1\" content=\"1 minute\" \/>\n<script type=\"application\/ld+json\" class=\"yoast-schema-graph\">{\"@context\":\"https:\/\/schema.org\",\"@graph\":[{\"@type\":\"WebPage\",\"@id\":\"https:\/\/moto-screenies.de\/fr\/empreinte\/\",\"url\":\"https:\/\/moto-screenies.de\/fr\/empreinte\/\",\"name\":\"Empreinte - Moto Screenies\",\"isPartOf\":{\"@id\":\"https:\/\/moto-screenies.de\/fr\/#website\"},\"datePublished\":\"2023-11-19T13:14:11+00:00\",\"dateModified\":\"2025-11-25T07:29:31+00:00\",\"breadcrumb\":{\"@id\":\"https:\/\/moto-screenies.de\/fr\/empreinte\/#breadcrumb\"},\"inLanguage\":\"fr-FR\",\"potentialAction\":[{\"@type\":\"ReadAction\",\"target\":[\"https:\/\/moto-screenies.de\/fr\/empreinte\/\"]}]},{\"@type\":\"BreadcrumbList\",\"@id\":\"https:\/\/moto-screenies.de\/fr\/empreinte\/#breadcrumb\",\"itemListElement\":[{\"@type\":\"ListItem\",\"position\":1,\"name\":\"Startseite\",\"item\":\"https:\/\/moto-screenies.de\/fr\/\"},{\"@type\":\"ListItem\",\"position\":2,\"name\":\"Empreinte\"}]},{\"@type\":\"WebSite\",\"@id\":\"https:\/\/moto-screenies.de\/fr\/#website\",\"url\":\"https:\/\/moto-screenies.de\/fr\/\",\"name\":\"Moto Screenies\",\"description\":\"Die Displayschutzfolie f\u00fcr dein Motorrad\",\"publisher\":{\"@id\":\"https:\/\/moto-screenies.de\/fr\/#organization\"},\"alternateName\":\"MS\",\"potentialAction\":[{\"@type\":\"SearchAction\",\"target\":{\"@type\":\"EntryPoint\",\"urlTemplate\":\"https:\/\/moto-screenies.de\/fr\/?s={search_term_string}\"},\"query-input\":{\"@type\":\"PropertyValueSpecification\",\"valueRequired\":true,\"valueName\":\"search_term_string\"}}],\"inLanguage\":\"fr-FR\"},{\"@type\":\"Organization\",\"@id\":\"https:\/\/moto-screenies.de\/fr\/#organization\",\"name\":\"Moto Screenies\",\"url\":\"https:\/\/moto-screenies.de\/fr\/\",\"logo\":{\"@type\":\"ImageObject\",\"inLanguage\":\"fr-FR\",\"@id\":\"https:\/\/moto-screenies.de\/fr\/#\/schema\/logo\/image\/\",\"url\":\"\",\"contentUrl\":\"\",\"caption\":\"Moto Screenies\"},\"image\":{\"@id\":\"https:\/\/moto-screenies.de\/fr\/#\/schema\/logo\/image\/\"}}]}<\/script>\n<!-- \/ Yoast SEO plugin. -->","yoast_head_json":{"title":"Empreinte - Moto Screenies","robots":{"index":"noindex","follow":"follow"},"og_locale":"fr_FR","og_type":"article","og_title":"Empreinte - Moto Screenies","og_description":"Moto Screenies est une marque deeCOM Farm GmbHMersmanns Stiege 648341 AltenbergeAllemagne T\u00e9l\u00e9phone : +15678 423502E-mail : help@ecom-farm.de Directeur g\u00e9n\u00e9ral : Moraczewski, Lukas Dominik Registre commercial : Cour de district de Steinfurt, HRB 13283Num\u00e9ro de TVA : DE343916595 La Commission europ\u00e9enne propose une plateforme de r\u00e9solution des litiges en ligne (ODR), que vous https:\/\/ec.europa.eu\/consumers\/odr trouver ici.Nous [&hellip;]","og_url":"https:\/\/moto-screenies.de\/fr\/empreinte\/","og_site_name":"Moto Screenies","article_modified_time":"2025-11-25T07:29:31+00:00","twitter_card":"summary_large_image","twitter_misc":{"Dur\u00e9e de lecture estim\u00e9e":"1 minute"},"schema":{"@context":"https:\/\/schema.org","@graph":[{"@type":"WebPage","@id":"https:\/\/moto-screenies.de\/fr\/empreinte\/","url":"https:\/\/moto-screenies.de\/fr\/empreinte\/","name":"Empreinte - Moto Screenies","isPartOf":{"@id":"https:\/\/moto-screenies.de\/fr\/#website"},"datePublished":"2023-11-19T13:14:11+00:00","dateModified":"2025-11-25T07:29:31+00:00","breadcrumb":{"@id":"https:\/\/moto-screenies.de\/fr\/empreinte\/#breadcrumb"},"inLanguage":"fr-FR","potentialAction":[{"@type":"ReadAction","target":["https:\/\/moto-screenies.de\/fr\/empreinte\/"]}]},{"@type":"BreadcrumbList","@id":"https:\/\/moto-screenies.de\/fr\/empreinte\/#breadcrumb","itemListElement":[{"@type":"ListItem","position":1,"name":"Startseite","item":"https:\/\/moto-screenies.de\/fr\/"},{"@type":"ListItem","position":2,"name":"Empreinte"}]},{"@type":"WebSite","@id":"https:\/\/moto-screenies.de\/fr\/#website","url":"https:\/\/moto-screenies.de\/fr\/","name":"Moto Screenies","description":"Die Displayschutzfolie f\u00fcr dein Motorrad","publisher":{"@id":"https:\/\/moto-screenies.de\/fr\/#organization"},"alternateName":"MS","potentialAction":[{"@type":"SearchAction","target":{"@type":"EntryPoint","urlTemplate":"https:\/\/moto-screenies.de\/fr\/?s={search_term_string}"},"query-input":{"@type":"PropertyValueSpecification","valueRequired":true,"valueName":"search_term_string"}}],"inLanguage":"fr-FR"},{"@type":"Organization","@id":"https:\/\/moto-screenies.de\/fr\/#organization","name":"Moto Screenies","url":"https:\/\/moto-screenies.de\/fr\/","logo":{"@type":"ImageObject","inLanguage":"fr-FR","@id":"https:\/\/moto-screenies.de\/fr\/#\/schema\/logo\/image\/","url":"","contentUrl":"","caption":"Moto Screenies"},"image":{"@id":"https:\/\/moto-screenies.de\/fr\/#\/schema\/logo\/image\/"}}]}},"_links":{"self":[{"href":"https:\/\/moto-screenies.de\/fr\/wp-json\/wp\/v2\/pages\/264293","targetHints":{"allow":["GET"]}}],"collection":[{"href":"https:\/\/moto-screenies.de\/fr\/wp-json\/wp\/v2\/pages"}],"about":[{"href":"https:\/\/moto-screenies.de\/fr\/wp-json\/wp\/v2\/types\/page"}],"author":[{"embeddable":true,"href":"https:\/\/moto-screenies.de\/fr\/wp-json\/wp\/v2\/users\/1"}],"replies":[{"embeddable":true,"href":"https:\/\/moto-screenies.de\/fr\/wp-json\/wp\/v2\/comments?post=264293"}],"version-history":[{"count":0,"href":"https:\/\/moto-screenies.de\/fr\/wp-json\/wp\/v2\/pages\/264293\/revisions"}],"wp:attachment":[{"href":"https:\/\/moto-screenies.de\/fr\/wp-json\/wp\/v2\/media?parent=264293"}],"curies":[{"name":"wp","href":"https:\/\/api.w.org\/{rel}","templated":true}]}}