{"id":264294,"date":"2024-05-08T08:42:53","date_gmt":"2024-05-08T06:42:53","guid":{"rendered":"https:\/\/moto-screenies.de\/devenez-dealer\/"},"modified":"2025-11-25T08:29:46","modified_gmt":"2025-11-25T07:29:46","slug":"devenez-dealer","status":"publish","type":"page","link":"https:\/\/moto-screenies.de\/fr\/devenez-dealer\/","title":{"rendered":"Devenez dealer"},"content":{"rendered":"<p>[et_pb_section fb_built=\u00a0\u00bb1&Prime; admin_label=\u00a0\u00bbHeader\u00a0\u00bb _builder_version=\u00a0\u00bb4.17.4&Prime; _module_preset=\u00a0\u00bbdefault\u00a0\u00bb background_color=\u00a0\u00bb#000000&Prime; background_image=\u00a0\u00bbhttps:\/\/moto-screenies.de\/wp-content\/uploads\/2024\/05\/streamer-69.png\u00a0\u00bb collapsed=\u00a0\u00bbon\u00a0\u00bb global_colors_info=\u00a0\u00bb{}\u00a0\u00bb][et_pb_row column_structure=\u00a0\u00bb3_5,2_5&Prime; custom_padding_last_edited=\u00a0\u00bbon|phone\u00a0\u00bb _builder_version=\u00a0\u00bb4.17.4&Prime; _module_preset=\u00a0\u00bbdefault\u00a0\u00bb background_color=\u00a0\u00bbrgba(255,255,255,0.08)\u00a0\u00bb overflow-x=\u00a0\u00bbvisible\u00a0\u00bb overflow-y=\u00a0\u00bbvisible\u00a0\u00bb custom_margin=\u00a0\u00bb||||false|false\u00a0\u00bb custom_padding=\u00a0\u00bb60px|60px|60px|60px|true|true\u00a0\u00bb custom_padding_tablet=\u00a0\u00bb30px|30px|30px|30px|true|true\u00a0\u00bb custom_padding_phone=\u00a0\u00bb20px|20px|20px|20px|true|true\u00a0\u00bb border_radii=\u00a0\u00bboff|20px|20px||\u00a0\u00bb box_shadow_style=\u00a0\u00bbpreset1&Prime; box_shadow_horizontal=\u00a0\u00bb-1px\u00a0\u00bb box_shadow_vertical=\u00a0\u00bb-1px\u00a0\u00bb box_shadow_blur=\u00a0\u00bb0px\u00a0\u00bb box_shadow_color=\u00a0\u00bbrgba(255,255,255,0.21)\u00a0\u00bb global_colors_info=\u00a0\u00bb{}\u00a0\u00bb][et_pb_column type=\u00a0\u00bb3_5&Prime; _builder_version=\u00a0\u00bb4.17.4&Prime; _module_preset=\u00a0\u00bbdefault\u00a0\u00bb global_colors_info=\u00a0\u00bb{}\u00a0\u00bb][et_pb_text _builder_version=\u00a0\u00bb4.25.0&Prime; _module_preset=\u00a0\u00bb24a88e99-d510-4d0e-a9a7-d1f46c4ea124&Prime; text_text_color=\u00a0\u00bb#FFFFFF\u00a0\u00bb header_4_font=\u00a0\u00bbInter|700||on|||||\u00a0\u00bb header_4_text_color=\u00a0\u00bb#7CDA24&Prime; header_4_font_size=\u00a0\u00bb14px\u00a0\u00bb header_4_letter_spacing=\u00a0\u00bb0.4em\u00a0\u00bb header_4_line_height=\u00a0\u00bb1.5em\u00a0\u00bb custom_margin=\u00a0\u00bb||0px||false|false\u00a0\u00bb global_colors_info=\u00a0\u00bb{}\u00a0\u00bb]<\/p>\n<h4>Programme de commer\u00e7ants \/ affili\u00e9s<\/h4>\n<p>[\/et_pb_text][et_pb_text _builder_version=\u00a0\u00bb4.25.0&Prime; _module_preset=\u00a0\u00bb24a88e99-d510-4d0e-a9a7-d1f46c4ea124&Prime; header_font=\u00a0\u00bbTrispace|700||on|||||\u00a0\u00bb header_text_color=\u00a0\u00bb#FFFFFF\u00a0\u00bb header_font_size=\u00a0\u00bb110px\u00a0\u00bb header_letter_spacing=\u00a0\u00bb0em\u00a0\u00bb custom_margin=\u00a0\u00bb|-40%|||false|false\u00a0\u00bb header_font_size_tablet=\u00a0\u00bb40px\u00a0\u00bb header_font_size_phone=\u00a0\u00bb24px\u00a0\u00bb header_font_size_last_edited=\u00a0\u00bbon|phone\u00a0\u00bb header_text_shadow_style=\u00a0\u00bbpreset2&Prime; header_text_shadow_horizontal_length=\u00a0\u00bb0em\u00a0\u00bb header_text_shadow_vertical_length=\u00a0\u00bb4px\u00a0\u00bb header_text_shadow_blur_strength=\u00a0\u00bb0px\u00a0\u00bb header_text_shadow_color=\u00a0\u00bb#7CDA24&Prime; locked=\u00a0\u00bboff\u00a0\u00bb global_colors_info=\u00a0\u00bb{}\u00a0\u00bb]<\/p>\n<h1>Devenez partenaire<\/h1>\n<p>[\/et_pb_text][et_pb_button button_url=\u00a0\u00bblwjn1nz9iskd.goaffpro.com\/create-account\u00a0\u00bb button_text=\u00a0\u00bbProgramme d\u2019affiliation d\u2019inscription\u00a0\u00bb _builder_version=\u00a0\u00bb4.25.1&Prime; _module_preset=\u00a0\u00bbdefault\u00a0\u00bb custom_button=\u00a0\u00bbon\u00a0\u00bb button_text_size=\u00a0\u00bb14px\u00a0\u00bb button_text_color=\u00a0\u00bb#FFFFFF\u00a0\u00bb button_bg_color=\u00a0\u00bb#7CDA24&Prime; button_border_width=\u00a0\u00bb0px\u00a0\u00bb button_border_radius=\u00a0\u00bb8px\u00a0\u00bb button_letter_spacing=\u00a0\u00bb0.05em\u00a0\u00bb button_font=\u00a0\u00bbInter|700||on|||||\u00a0\u00bb custom_padding=\u00a0\u00bb14px|24px|14px|24px|true|true\u00a0\u00bb animation_style=\u00a0\u00bbfade\u00a0\u00bb hover_enabled=\u00a0\u00bb0&Prime; global_colors_info=\u00a0\u00bb{}\u00a0\u00bb sticky_enabled=\u00a0\u00bb0&Prime;][\/et_pb_button][et_pb_button button_url=\u00a0\u00bbhttps:\/\/moto-screenies.de\/handler-registrieren\/\u00a0\u00bb button_text=\u00a0\u00bbProgramme des concessionnaires d\u2019enregistrement\u00a0\u00bb _builder_version=\u00a0\u00bb4.25.0&Prime; _module_preset=\u00a0\u00bbdefault\u00a0\u00bb custom_button=\u00a0\u00bbon\u00a0\u00bb button_text_size=\u00a0\u00bb14px\u00a0\u00bb button_text_color=\u00a0\u00bb#FFFFFF\u00a0\u00bb button_bg_color=\u00a0\u00bb#7CDA24&Prime; button_border_width=\u00a0\u00bb0px\u00a0\u00bb button_border_radius=\u00a0\u00bb8px\u00a0\u00bb button_letter_spacing=\u00a0\u00bb0.05em\u00a0\u00bb button_font=\u00a0\u00bbInter|700||on|||||\u00a0\u00bb custom_padding=\u00a0\u00bb14px|24px|14px|24px|true|true\u00a0\u00bb animation_style=\u00a0\u00bbfade\u00a0\u00bb global_colors_info=\u00a0\u00bb{}\u00a0\u00bb][\/et_pb_button][\/et_pb_column][et_pb_column type=\u00a0\u00bb2_5&Prime; _builder_version=\u00a0\u00bb4.17.4&Prime; _module_preset=\u00a0\u00bbdefault\u00a0\u00bb custom_padding=\u00a0\u00bb||||false|false\u00a0\u00bb custom_padding_tablet=\u00a0\u00bb10%||||false|false\u00a0\u00bb custom_padding_phone=\u00a0\u00bb10%||||false|false\u00a0\u00bb custom_padding_last_edited=\u00a0\u00bbon|tablet\u00a0\u00bb global_colors_info=\u00a0\u00bb{}\u00a0\u00bb][et_pb_image src=\u00a0\u00bbhttps:\/\/moto-screenies.de\/wp-content\/uploads\/2024\/05\/streamer-87-1.png\u00a0\u00bb title_text=\u00a0\u00bbstreamer-87-1&Prime; _builder_version=\u00a0\u00bb4.25.1&Prime; _module_preset=\u00a0\u00bbdefault\u00a0\u00bb custom_margin=\u00a0\u00bb|-50%|||false|false\u00a0\u00bb global_colors_info=\u00a0\u00bb{}\u00a0\u00bb][\/et_pb_image][\/et_pb_column][\/et_pb_row][et_pb_row column_structure=\u00a0\u00bb1_3,1_3,1_3&Prime; use_custom_gutter=\u00a0\u00bbon\u00a0\u00bb gutter_width=\u00a0\u00bb1&Prime; custom_padding_last_edited=\u00a0\u00bbon|desktop\u00a0\u00bb _builder_version=\u00a0\u00bb4.25.0&Prime; _module_preset=\u00a0\u00bbdefault\u00a0\u00bb use_background_color_gradient=\u00a0\u00bbon\u00a0\u00bb background_color_gradient_direction=\u00a0\u00bb90deg\u00a0\u00bb background_color_gradient_stops=\u00a0\u00bb#e5ff00 0%|rgba(0,247,189,0.92) 100%\u00a0\u00bb custom_padding=\u00a0\u00bb50px|60px|50px|60px|true|true\u00a0\u00bb custom_padding_tablet=\u00a0\u00bb30px|30px|30px|30px|true|true\u00a0\u00bb custom_padding_phone=\u00a0\u00bb20px|20px|20px|20px|true|true\u00a0\u00bb border_radii=\u00a0\u00bboff|||20px|20px\u00a0\u00bb locked=\u00a0\u00bboff\u00a0\u00bb global_colors_info=\u00a0\u00bb{}\u00a0\u00bb][et_pb_column type=\u00a0\u00bb1_3&Prime; _builder_version=\u00a0\u00bb4.17.4&Prime; _module_preset=\u00a0\u00bbdefault\u00a0\u00bb custom_padding_tablet=\u00a0\u00bb||30px||false|false\u00a0\u00bb custom_padding_phone=\u00a0\u00bb||30px||false|false\u00a0\u00bb custom_padding_last_edited=\u00a0\u00bbon|tablet\u00a0\u00bb global_colors_info=\u00a0\u00bb{}\u00a0\u00bb][et_pb_number_counter title=\u00a0\u00bbCommission des produits\u00a0\u00bb number=\u00a0\u00bb5-20&Prime; _builder_version=\u00a0\u00bb4.18.0&Prime; _module_preset=\u00a0\u00bbdefault\u00a0\u00bb title_font=\u00a0\u00bbPoppins|700|||||||\u00a0\u00bb title_text_color=\u00a0\u00bb#FFFFFF\u00a0\u00bb title_font_size=\u00a0\u00bb19px\u00a0\u00bb number_font=\u00a0\u00bbTrispace|700|||||||\u00a0\u00bb number_text_color=\u00a0\u00bb#FFFFFF\u00a0\u00bb number_letter_spacing=\u00a0\u00bb-0.07em\u00a0\u00bb number_font_size_tablet=\u00a0\u00bb\u00a0\u00bb number_font_size_phone=\u00a0\u00bb55px\u00a0\u00bb number_font_size_last_edited=\u00a0\u00bbon|phone\u00a0\u00bb locked=\u00a0\u00bboff\u00a0\u00bb global_colors_info=\u00a0\u00bb{}\u00a0\u00bb][\/et_pb_number_counter][\/et_pb_column][et_pb_column type=\u00a0\u00bb1_3&Prime; _builder_version=\u00a0\u00bb4.17.4&Prime; _module_preset=\u00a0\u00bbdefault\u00a0\u00bb custom_padding_tablet=\u00a0\u00bb||30px||false|false\u00a0\u00bb custom_padding_phone=\u00a0\u00bb||30px||false|false\u00a0\u00bb custom_padding_last_edited=\u00a0\u00bbon|tablet\u00a0\u00bb border_color_all=\u00a0\u00bbrgba(31,33,40,0.2)\u00a0\u00bb border_width_right=\u00a0\u00bb2px\u00a0\u00bb border_width_left=\u00a0\u00bb2px\u00a0\u00bb border_width_right_tablet=\u00a0\u00bb0px\u00a0\u00bb border_width_right_phone=\u00a0\u00bb0px\u00a0\u00bb border_width_right_last_edited=\u00a0\u00bbon|tablet\u00a0\u00bb border_width_left_tablet=\u00a0\u00bb0px\u00a0\u00bb border_width_left_phone=\u00a0\u00bb0px\u00a0\u00bb border_width_left_last_edited=\u00a0\u00bbon|tablet\u00a0\u00bb global_colors_info=\u00a0\u00bb{}\u00a0\u00bb][et_pb_number_counter title=\u00a0\u00bb\u00d8 Valeur du panier client\u00a0\u00bb number=\u00a0\u00bb52\u20ac\u00a0\u00bb percent_sign=\u00a0\u00bboff\u00a0\u00bb _builder_version=\u00a0\u00bb4.25.1&Prime; _module_preset=\u00a0\u00bbdefault\u00a0\u00bb title_font=\u00a0\u00bbPoppins|700|||||||\u00a0\u00bb title_text_color=\u00a0\u00bb#FFFFFF\u00a0\u00bb title_font_size=\u00a0\u00bb19px\u00a0\u00bb number_font=\u00a0\u00bbTrispace|700|||||||\u00a0\u00bb number_text_color=\u00a0\u00bb#FFFFFF\u00a0\u00bb number_letter_spacing=\u00a0\u00bb-0.07em\u00a0\u00bb number_font_size_tablet=\u00a0\u00bb\u00a0\u00bb number_font_size_phone=\u00a0\u00bb55px\u00a0\u00bb number_font_size_last_edited=\u00a0\u00bbon|phone\u00a0\u00bb locked=\u00a0\u00bboff\u00a0\u00bb global_colors_info=\u00a0\u00bb{}\u00a0\u00bb][\/et_pb_number_counter][\/et_pb_column][et_pb_column type=\u00a0\u00bb1_3&Prime; _builder_version=\u00a0\u00bb4.17.4&Prime; _module_preset=\u00a0\u00bbdefault\u00a0\u00bb global_colors_info=\u00a0\u00bb{}\u00a0\u00bb][et_pb_number_counter title=\u00a0\u00bbGarantie de performance\u00a0\u00bb number=\u00a0\u00bb100&Prime; _builder_version=\u00a0\u00bb4.18.0&Prime; _module_preset=\u00a0\u00bbdefault\u00a0\u00bb title_font=\u00a0\u00bbPoppins|700|||||||\u00a0\u00bb title_text_color=\u00a0\u00bb#FFFFFF\u00a0\u00bb title_font_size=\u00a0\u00bb19px\u00a0\u00bb number_font=\u00a0\u00bbTrispace|700|||||||\u00a0\u00bb number_text_color=\u00a0\u00bb#FFFFFF\u00a0\u00bb number_letter_spacing=\u00a0\u00bb-0.07em\u00a0\u00bb number_font_size_tablet=\u00a0\u00bb\u00a0\u00bb number_font_size_phone=\u00a0\u00bb55px\u00a0\u00bb number_font_size_last_edited=\u00a0\u00bbon|phone\u00a0\u00bb locked=\u00a0\u00bboff\u00a0\u00bb global_colors_info=\u00a0\u00bb{}\u00a0\u00bb][\/et_pb_number_counter][\/et_pb_column][\/et_pb_row][\/et_pb_section][et_pb_section fb_built=\u00a0\u00bb1&Prime; admin_label=\u00a0\u00bbFooter\u00a0\u00bb _builder_version=\u00a0\u00bb4.24.3&Prime; _module_preset=\u00a0\u00bbdefault\u00a0\u00bb background_color=\u00a0\u00bb#000000&Prime; background_image=\u00a0\u00bbhttps:\/\/moto-screenies.de\/wp-content\/uploads\/2024\/05\/footer-background-scaled-1.jpg\u00a0\u00bb background_position=\u00a0\u00bbtop_center\u00a0\u00bb custom_padding=\u00a0\u00bb4vw||12vw||false|false\u00a0\u00bb saved_tabs=\u00a0\u00bball\u00a0\u00bb collapsed=\u00a0\u00bbon\u00a0\u00bb global_colors_info=\u00a0\u00bb{}\u00a0\u00bb][et_pb_row custom_padding_last_edited=\u00a0\u00bbon|desktop\u00a0\u00bb _builder_version=\u00a0\u00bb4.25.0&Prime; _module_preset=\u00a0\u00bbdefault\u00a0\u00bb use_background_color_gradient=\u00a0\u00bbon\u00a0\u00bb background_color_gradient_direction=\u00a0\u00bb70deg\u00a0\u00bb background_color_gradient_stops=\u00a0\u00bb#7cda24 0%|rgba(0,234,203,0.38) 100%\u00a0\u00bb custom_margin=\u00a0\u00bb||||false|false\u00a0\u00bb custom_padding=\u00a0\u00bb60px|60px|60px|60px|true|true\u00a0\u00bb custom_padding_tablet=\u00a0\u00bb30px|30px|30px|30px|true|true\u00a0\u00bb custom_padding_phone=\u00a0\u00bb20px|20px|20px|20px|true|true\u00a0\u00bb border_radii=\u00a0\u00bbon|20px|20px|20px|20px\u00a0\u00bb global_colors_info=\u00a0\u00bb{}\u00a0\u00bb][et_pb_column type=\u00a0\u00bb4_4&Prime; _builder_version=\u00a0\u00bb4.17.4&Prime; _module_preset=\u00a0\u00bbdefault\u00a0\u00bb global_colors_info=\u00a0\u00bb{}\u00a0\u00bb][et_pb_text _builder_version=\u00a0\u00bb4.18.0&Prime; _module_preset=\u00a0\u00bbcf9adbf9-b6dd-4683-bceb-dfc78581b435&Prime; text_text_color=\u00a0\u00bb#FFFFFF\u00a0\u00bb header_4_font=\u00a0\u00bbInter|700||on|||||\u00a0\u00bb header_4_text_color=\u00a0\u00bb#FF754C\u00a0\u00bb header_4_font_size=\u00a0\u00bb14px\u00a0\u00bb header_4_letter_spacing=\u00a0\u00bb0.4em\u00a0\u00bb header_4_line_height=\u00a0\u00bb1.5em\u00a0\u00bb text_orientation=\u00a0\u00bbcenter\u00a0\u00bb custom_margin=\u00a0\u00bb||0px||false|false\u00a0\u00bb global_colors_info=\u00a0\u00bb{}\u00a0\u00bb]<\/p>\n<h4>Programme de partenaires concessionnaires<\/h4>\n<p>[\/et_pb_text][et_pb_text _builder_version=\u00a0\u00bb4.18.0&Prime; _module_preset=\u00a0\u00bbcf9adbf9-b6dd-4683-bceb-dfc78581b435&Prime; header_2_font=\u00a0\u00bbTrispace|700||on|||||\u00a0\u00bb header_2_text_color=\u00a0\u00bb#FFFFFF\u00a0\u00bb header_2_font_size=\u00a0\u00bb48px\u00a0\u00bb header_2_letter_spacing=\u00a0\u00bb0em\u00a0\u00bb header_2_line_height=\u00a0\u00bb1.2em\u00a0\u00bb text_orientation=\u00a0\u00bbcenter\u00a0\u00bb max_width_last_edited=\u00a0\u00bboff|desktop\u00a0\u00bb module_alignment=\u00a0\u00bbcenter\u00a0\u00bb header_2_font_size_tablet=\u00a0\u00bb32px\u00a0\u00bb header_2_font_size_phone=\u00a0\u00bb20px\u00a0\u00bb header_2_font_size_last_edited=\u00a0\u00bbon|desktop\u00a0\u00bb global_colors_info=\u00a0\u00bb{}\u00a0\u00bb]<\/p>\n<h2>Rejoignez notre r\u00e9seau de concessionnaires et b\u00e9n\u00e9ficiez d\u2019une r\u00e9duction exclusive allant jusqu\u2019\u00e0 40 %<\/h2>\n<p>[\/et_pb_text][et_pb_text _builder_version=\u00a0\u00bb4.18.0&Prime; _module_preset=\u00a0\u00bbcf9adbf9-b6dd-4683-bceb-dfc78581b435&Prime; header_font=\u00a0\u00bb||||||||\u00a0\u00bb header_3_font=\u00a0\u00bbTrispace|700|||||||\u00a0\u00bb header_3_text_color=\u00a0\u00bb#FFFFFF\u00a0\u00bb header_3_font_size=\u00a0\u00bb25px\u00a0\u00bb header_3_letter_spacing=\u00a0\u00bb-2px\u00a0\u00bb header_3_line_height=\u00a0\u00bb1.4em\u00a0\u00bb text_orientation=\u00a0\u00bbcenter\u00a0\u00bb custom_margin=\u00a0\u00bb||0px||false|false\u00a0\u00bb header_3_font_size_tablet=\u00a0\u00bb20px\u00a0\u00bb header_3_font_size_phone=\u00a0\u00bb16px\u00a0\u00bb header_3_font_size_last_edited=\u00a0\u00bbon|desktop\u00a0\u00bb global_colors_info=\u00a0\u00bb{}\u00a0\u00bb]<\/p>\n<h3>Inscrivez-vous ici sans obligation<\/h3>\n<p>[\/et_pb_text][et_pb_button button_url=\u00a0\u00bbhttps:\/\/moto-screenies.de\/handler-registrieren\/\u00a0\u00bb button_text=\u00a0\u00bbInscription  \u00a0\u00bb button_alignment=\u00a0\u00bbcenter\u00a0\u00bb _builder_version=\u00a0\u00bb4.25.0&Prime; _module_preset=\u00a0\u00bbdefault\u00a0\u00bb custom_button=\u00a0\u00bbon\u00a0\u00bb button_text_size=\u00a0\u00bb14px\u00a0\u00bb button_text_color=\u00a0\u00bb#000000&Prime; button_bg_color=\u00a0\u00bb#FFFFFF\u00a0\u00bb button_border_color=\u00a0\u00bb#FFFFFF\u00a0\u00bb button_border_radius=\u00a0\u00bb8px\u00a0\u00bb button_letter_spacing=\u00a0\u00bb0.05em\u00a0\u00bb button_font=\u00a0\u00bbInter|700||on|||||\u00a0\u00bb custom_padding=\u00a0\u00bb14px|24px|14px|24px|true|true\u00a0\u00bb global_colors_info=\u00a0\u00bb{}\u00a0\u00bb][\/et_pb_button][\/et_pb_column][\/et_pb_row][\/et_pb_section]<\/p>\n","protected":false},"excerpt":{"rendered":"<p>Programme de commer\u00e7ants \/ affili\u00e9sDevenez partenaireProgramme de partenaires concessionnairesRejoignez notre r\u00e9seau de concessionnaires et b\u00e9n\u00e9ficiez d\u2019une r\u00e9duction exclusive allant jusqu\u2019\u00e0 40 %Inscrivez-vous ici sans obligation<\/p>\n","protected":false},"author":1,"featured_media":0,"parent":0,"menu_order":0,"comment_status":"closed","ping_status":"closed","template":"","meta":{"_et_pb_use_builder":"on","_et_pb_old_content":"","_et_gb_content_width":"","_uf_show_specific_survey":0,"_uf_disable_surveys":false,"footnotes":""},"class_list":["post-264294","page","type-page","status-publish","hentry"],"yoast_head":"<!-- This site is optimized with the Yoast SEO plugin v27.2 - https:\/\/yoast.com\/product\/yoast-seo-wordpress\/ -->\n<title>Devenez dealer - Moto Screenies<\/title>\n<meta name=\"robots\" content=\"noindex, follow\" \/>\n<meta property=\"og:locale\" content=\"fr_FR\" \/>\n<meta property=\"og:type\" content=\"article\" \/>\n<meta property=\"og:title\" content=\"Devenez dealer - Moto Screenies\" \/>\n<meta property=\"og:description\" content=\"Programme de commer\u00e7ants \/ affili\u00e9sDevenez partenaireProgramme de partenaires concessionnairesRejoignez notre r\u00e9seau de concessionnaires et b\u00e9n\u00e9ficiez d\u2019une r\u00e9duction exclusive allant jusqu\u2019\u00e0 40 %Inscrivez-vous ici sans obligation\" \/>\n<meta property=\"og:url\" content=\"https:\/\/moto-screenies.de\/fr\/devenez-dealer\/\" \/>\n<meta property=\"og:site_name\" content=\"Moto Screenies\" \/>\n<meta property=\"article:modified_time\" content=\"2025-11-25T07:29:46+00:00\" \/>\n<meta name=\"twitter:card\" content=\"summary_large_image\" \/>\n<meta name=\"twitter:label1\" content=\"Dur\u00e9e de lecture estim\u00e9e\" \/>\n\t<meta name=\"twitter:data1\" content=\"7 minutes\" \/>\n<script type=\"application\/ld+json\" class=\"yoast-schema-graph\">{\"@context\":\"https:\/\/schema.org\",\"@graph\":[{\"@type\":\"WebPage\",\"@id\":\"https:\/\/moto-screenies.de\/fr\/devenez-dealer\/\",\"url\":\"https:\/\/moto-screenies.de\/fr\/devenez-dealer\/\",\"name\":\"Devenez dealer - Moto Screenies\",\"isPartOf\":{\"@id\":\"https:\/\/moto-screenies.de\/fr\/#website\"},\"datePublished\":\"2024-05-08T06:42:53+00:00\",\"dateModified\":\"2025-11-25T07:29:46+00:00\",\"breadcrumb\":{\"@id\":\"https:\/\/moto-screenies.de\/fr\/devenez-dealer\/#breadcrumb\"},\"inLanguage\":\"fr-FR\",\"potentialAction\":[{\"@type\":\"ReadAction\",\"target\":[\"https:\/\/moto-screenies.de\/fr\/devenez-dealer\/\"]}]},{\"@type\":\"BreadcrumbList\",\"@id\":\"https:\/\/moto-screenies.de\/fr\/devenez-dealer\/#breadcrumb\",\"itemListElement\":[{\"@type\":\"ListItem\",\"position\":1,\"name\":\"Startseite\",\"item\":\"https:\/\/moto-screenies.de\/fr\/\"},{\"@type\":\"ListItem\",\"position\":2,\"name\":\"Devenez dealer\"}]},{\"@type\":\"WebSite\",\"@id\":\"https:\/\/moto-screenies.de\/fr\/#website\",\"url\":\"https:\/\/moto-screenies.de\/fr\/\",\"name\":\"Moto Screenies\",\"description\":\"Die Displayschutzfolie f\u00fcr dein Motorrad\",\"publisher\":{\"@id\":\"https:\/\/moto-screenies.de\/fr\/#organization\"},\"alternateName\":\"MS\",\"potentialAction\":[{\"@type\":\"SearchAction\",\"target\":{\"@type\":\"EntryPoint\",\"urlTemplate\":\"https:\/\/moto-screenies.de\/fr\/?s={search_term_string}\"},\"query-input\":{\"@type\":\"PropertyValueSpecification\",\"valueRequired\":true,\"valueName\":\"search_term_string\"}}],\"inLanguage\":\"fr-FR\"},{\"@type\":\"Organization\",\"@id\":\"https:\/\/moto-screenies.de\/fr\/#organization\",\"name\":\"Moto Screenies\",\"url\":\"https:\/\/moto-screenies.de\/fr\/\",\"logo\":{\"@type\":\"ImageObject\",\"inLanguage\":\"fr-FR\",\"@id\":\"https:\/\/moto-screenies.de\/fr\/#\/schema\/logo\/image\/\",\"url\":\"\",\"contentUrl\":\"\",\"caption\":\"Moto Screenies\"},\"image\":{\"@id\":\"https:\/\/moto-screenies.de\/fr\/#\/schema\/logo\/image\/\"}}]}<\/script>\n<!-- \/ Yoast SEO plugin. -->","yoast_head_json":{"title":"Devenez dealer - Moto Screenies","robots":{"index":"noindex","follow":"follow"},"og_locale":"fr_FR","og_type":"article","og_title":"Devenez dealer - Moto Screenies","og_description":"Programme de commer\u00e7ants \/ affili\u00e9sDevenez partenaireProgramme de partenaires concessionnairesRejoignez notre r\u00e9seau de concessionnaires et b\u00e9n\u00e9ficiez d\u2019une r\u00e9duction exclusive allant jusqu\u2019\u00e0 40 %Inscrivez-vous ici sans obligation","og_url":"https:\/\/moto-screenies.de\/fr\/devenez-dealer\/","og_site_name":"Moto Screenies","article_modified_time":"2025-11-25T07:29:46+00:00","twitter_card":"summary_large_image","twitter_misc":{"Dur\u00e9e de lecture estim\u00e9e":"7 minutes"},"schema":{"@context":"https:\/\/schema.org","@graph":[{"@type":"WebPage","@id":"https:\/\/moto-screenies.de\/fr\/devenez-dealer\/","url":"https:\/\/moto-screenies.de\/fr\/devenez-dealer\/","name":"Devenez dealer - Moto Screenies","isPartOf":{"@id":"https:\/\/moto-screenies.de\/fr\/#website"},"datePublished":"2024-05-08T06:42:53+00:00","dateModified":"2025-11-25T07:29:46+00:00","breadcrumb":{"@id":"https:\/\/moto-screenies.de\/fr\/devenez-dealer\/#breadcrumb"},"inLanguage":"fr-FR","potentialAction":[{"@type":"ReadAction","target":["https:\/\/moto-screenies.de\/fr\/devenez-dealer\/"]}]},{"@type":"BreadcrumbList","@id":"https:\/\/moto-screenies.de\/fr\/devenez-dealer\/#breadcrumb","itemListElement":[{"@type":"ListItem","position":1,"name":"Startseite","item":"https:\/\/moto-screenies.de\/fr\/"},{"@type":"ListItem","position":2,"name":"Devenez dealer"}]},{"@type":"WebSite","@id":"https:\/\/moto-screenies.de\/fr\/#website","url":"https:\/\/moto-screenies.de\/fr\/","name":"Moto Screenies","description":"Die Displayschutzfolie f\u00fcr dein Motorrad","publisher":{"@id":"https:\/\/moto-screenies.de\/fr\/#organization"},"alternateName":"MS","potentialAction":[{"@type":"SearchAction","target":{"@type":"EntryPoint","urlTemplate":"https:\/\/moto-screenies.de\/fr\/?s={search_term_string}"},"query-input":{"@type":"PropertyValueSpecification","valueRequired":true,"valueName":"search_term_string"}}],"inLanguage":"fr-FR"},{"@type":"Organization","@id":"https:\/\/moto-screenies.de\/fr\/#organization","name":"Moto Screenies","url":"https:\/\/moto-screenies.de\/fr\/","logo":{"@type":"ImageObject","inLanguage":"fr-FR","@id":"https:\/\/moto-screenies.de\/fr\/#\/schema\/logo\/image\/","url":"","contentUrl":"","caption":"Moto Screenies"},"image":{"@id":"https:\/\/moto-screenies.de\/fr\/#\/schema\/logo\/image\/"}}]}},"_links":{"self":[{"href":"https:\/\/moto-screenies.de\/fr\/wp-json\/wp\/v2\/pages\/264294","targetHints":{"allow":["GET"]}}],"collection":[{"href":"https:\/\/moto-screenies.de\/fr\/wp-json\/wp\/v2\/pages"}],"about":[{"href":"https:\/\/moto-screenies.de\/fr\/wp-json\/wp\/v2\/types\/page"}],"author":[{"embeddable":true,"href":"https:\/\/moto-screenies.de\/fr\/wp-json\/wp\/v2\/users\/1"}],"replies":[{"embeddable":true,"href":"https:\/\/moto-screenies.de\/fr\/wp-json\/wp\/v2\/comments?post=264294"}],"version-history":[{"count":0,"href":"https:\/\/moto-screenies.de\/fr\/wp-json\/wp\/v2\/pages\/264294\/revisions"}],"wp:attachment":[{"href":"https:\/\/moto-screenies.de\/fr\/wp-json\/wp\/v2\/media?parent=264294"}],"curies":[{"name":"wp","href":"https:\/\/api.w.org\/{rel}","templated":true}]}}