{"id":264311,"date":"2023-11-19T14:16:58","date_gmt":"2023-11-19T13:16:58","guid":{"rendered":"https:\/\/moto-screenies.de\/annulation\/"},"modified":"2025-11-25T08:29:36","modified_gmt":"2025-11-25T07:29:36","slug":"annulation","status":"publish","type":"page","link":"https:\/\/moto-screenies.de\/fr\/annulation\/","title":{"rendered":"Annulation"},"content":{"rendered":"<p>[et_pb_section fb_built=\u00a0\u00bb1&Prime; _builder_version=\u00a0\u00bb4.23.1&Prime; _module_preset=\u00a0\u00bbdefault\u00a0\u00bb global_colors_info=\u00a0\u00bb{}\u00a0\u00bb][et_pb_row _builder_version=\u00a0\u00bb4.23.1&Prime; _module_preset=\u00a0\u00bbdefault\u00a0\u00bb global_colors_info=\u00a0\u00bb{}\u00a0\u00bb][et_pb_column type=\u00a0\u00bb4_4&Prime; _builder_version=\u00a0\u00bb4.23.1&Prime; _module_preset=\u00a0\u00bbdefault\u00a0\u00bb global_colors_info=\u00a0\u00bb{}\u00a0\u00bb][et_pb_text _builder_version=\u00a0\u00bb4.23.1&Prime; _module_preset=\u00a0\u00bbdefault\u00a0\u00bb global_colors_info=\u00a0\u00bb{}\u00a0\u00bb]<\/p>\n<p>Annulation<\/p>\n<p>Un consommateur est toute personne physique qui conclut une transaction juridique \u00e0 des fins qui ne peuvent principalement \u00eatre attribu\u00e9es ni \u00e0 son activit\u00e9 commerciale ni \u00e0 son activit\u00e9 professionnelle ind\u00e9pendante.<\/p>\n<p>Retrait<\/p>\n<p>Vous avez le droit de vous retirer de ce contrat dans un d\u00e9lai de quatorze jours sans en donner de raison. La p\u00e9riode de retrait est de quatorze jours \u00e0 compter du jour o\u00f9 vous ou un tiers nomm\u00e9 par vous, qui n\u2019est pas le transporteur, avez pris possession des marchandises. Pour exercer votre droit de retrait, vous devez nous informer de votre d\u00e9cision de r\u00e9silier ce contrat par une d\u00e9claration sans \u00e9quivoque (par exemple une lettre envoy\u00e9e par courrier) (help@ecom-farm.de 423502 par exemple une lettre envoy\u00e9e par courrier, fax ou e-mail). Vous pouvez utiliser le formulaire de retrait du mod\u00e8le joint pour cela, mais ce n\u2019est pas obligatoire. Pour respecter la p\u00e9riode de retrait, il suffit d\u2019envoyer la notification de l\u2019exercice du droit de retrait avant l\u2019expiration de la p\u00e9riode de retrait.    <\/p>\n<p>Cons\u00e9quences de la r\u00e9vocation<\/p>\n<p>Si vous vous retirez de ce contrat, nous vous rembourserons tous les paiements re\u00e7us de votre part, frais de livraison pr\u00e8s, sans d\u00e9lai excessif et au plus tard dans les quatorze jours suivant la notification de votre retrait de ce contrat. Pour ce remboursement, nous utiliserons le m\u00eame moyen de paiement que vous avez utilis\u00e9 pour la transaction initiale, sauf accord expresse avec vous ; En aucun cas, vous ne serez factur\u00e9 de frais pour ce remboursement. Nous pouvons retenir le remboursement jusqu\u2019\u00e0 ce que nous ayons re\u00e7u les biens ou jusqu\u2019\u00e0 preuve que vous avez renvoy\u00e9 les biens, selon la premi\u00e8re \u00e9ventualit\u00e9. Vous devez nous retourner ou nous remettre les marchandises sans d\u00e9lai indu, et en tout cas au plus tard quatorze jours \u00e0 compter du jour o\u00f9 vous nous informez du retrait de ce contrat. Le d\u00e9lai est respect\u00e9 si vous envoyez les marchandises avant l\u2019expiration de la p\u00e9riode de quatorze jours. Vous assumerez les frais directs de retour des marchandises. Ils ne doivent payer toute perte de valeur des biens que si cette perte de valeur est due \u00e0 leur manipulation, sans \u00eatre n\u00e9cessaire pour v\u00e9rifier la nature, les caract\u00e9ristiques et le fonctionnement des biens.      <\/p>\n<p>&nbsp;<\/p>\n<p>&nbsp;<\/p>\n<p>&nbsp;<\/p>\n<p>&nbsp;<\/p>\n<p>&nbsp;<\/p>\n<p>&nbsp;<\/p>\n<p>Mod\u00e8le de formulaire de r\u00e9tractation<\/p>\n<p>(Si vous souhaitez vous r\u00e9tracter du contrat, veuillez remplir ce formulaire et le renvoyer.)<\/p>\n<p>\u00c0<\/p>\n<p>\u00c9crans Moto<br \/>eCOM Farm GmbH<br \/>Hohenhorst 71<br \/>48341 Altenberge<\/p>\n<p>Adresse e-mail : help@ecom-farm.de<\/p>\n<p>&nbsp;<\/p>\n<p>\u2013 Je\/nous (*) nous retirons par la pr\u00e9sente du contrat conclu par moi\/nous (*) pour l\u2019achat des biens suivants (*)<\/p>\n<p>\u2013 Command\u00e9 le (*)\/re\u00e7u le (*)<\/p>\n<p>\u2013 Nom du (des) consommateur(s)<\/p>\n<p>\u2013 Adresse du (des) consommateur(s)<\/p>\n<p>\u2013 Signature du (des) consommateur(s) (uniquement si notifi\u00e9e sur papier)<\/p>\n<p>\u2013Date<br \/>\u2014\u2014\u2014\u2014\u2014\u2014\u2014\u2014\u2014\u2014\u2014\u2014\u2014<\/p>\n<p>[\/et_pb_text][\/et_pb_column][\/et_pb_row][\/et_pb_section]<\/p>\n","protected":false},"excerpt":{"rendered":"<p>Annulation Un consommateur est toute personne physique qui conclut une transaction juridique \u00e0 des fins qui ne peuvent principalement \u00eatre attribu\u00e9es ni \u00e0 son activit\u00e9 commerciale ni \u00e0 son activit\u00e9 professionnelle ind\u00e9pendante. Retrait Vous avez le droit de vous retirer de ce contrat dans un d\u00e9lai de quatorze jours sans en donner de raison. La [&hellip;]<\/p>\n","protected":false},"author":1,"featured_media":0,"parent":0,"menu_order":0,"comment_status":"closed","ping_status":"closed","template":"","meta":{"_et_pb_use_builder":"on","_et_pb_old_content":"","_et_gb_content_width":"","_uf_show_specific_survey":0,"_uf_disable_surveys":false,"footnotes":""},"class_list":["post-264311","page","type-page","status-publish","hentry"],"yoast_head":"<!-- This site is optimized with the Yoast SEO plugin v27.2 - https:\/\/yoast.com\/product\/yoast-seo-wordpress\/ -->\n<title>Annulation - Moto Screenies<\/title>\n<meta name=\"robots\" content=\"noindex, follow\" \/>\n<meta property=\"og:locale\" content=\"fr_FR\" \/>\n<meta property=\"og:type\" content=\"article\" \/>\n<meta property=\"og:title\" content=\"Annulation - Moto Screenies\" \/>\n<meta property=\"og:description\" content=\"Annulation Un consommateur est toute personne physique qui conclut une transaction juridique \u00e0 des fins qui ne peuvent principalement \u00eatre attribu\u00e9es ni \u00e0 son activit\u00e9 commerciale ni \u00e0 son activit\u00e9 professionnelle ind\u00e9pendante. Retrait Vous avez le droit de vous retirer de ce contrat dans un d\u00e9lai de quatorze jours sans en donner de raison. La [&hellip;]\" \/>\n<meta property=\"og:url\" content=\"https:\/\/moto-screenies.de\/fr\/annulation\/\" \/>\n<meta property=\"og:site_name\" content=\"Moto Screenies\" \/>\n<meta property=\"article:modified_time\" content=\"2025-11-25T07:29:36+00:00\" \/>\n<meta name=\"twitter:card\" content=\"summary_large_image\" \/>\n<meta name=\"twitter:label1\" content=\"Dur\u00e9e de lecture estim\u00e9e\" \/>\n\t<meta name=\"twitter:data1\" content=\"3 minutes\" \/>\n<script type=\"application\/ld+json\" class=\"yoast-schema-graph\">{\"@context\":\"https:\/\/schema.org\",\"@graph\":[{\"@type\":\"WebPage\",\"@id\":\"https:\/\/moto-screenies.de\/fr\/annulation\/\",\"url\":\"https:\/\/moto-screenies.de\/fr\/annulation\/\",\"name\":\"Annulation - Moto Screenies\",\"isPartOf\":{\"@id\":\"https:\/\/moto-screenies.de\/fr\/#website\"},\"datePublished\":\"2023-11-19T13:16:58+00:00\",\"dateModified\":\"2025-11-25T07:29:36+00:00\",\"breadcrumb\":{\"@id\":\"https:\/\/moto-screenies.de\/fr\/annulation\/#breadcrumb\"},\"inLanguage\":\"fr-FR\",\"potentialAction\":[{\"@type\":\"ReadAction\",\"target\":[\"https:\/\/moto-screenies.de\/fr\/annulation\/\"]}]},{\"@type\":\"BreadcrumbList\",\"@id\":\"https:\/\/moto-screenies.de\/fr\/annulation\/#breadcrumb\",\"itemListElement\":[{\"@type\":\"ListItem\",\"position\":1,\"name\":\"Startseite\",\"item\":\"https:\/\/moto-screenies.de\/fr\/\"},{\"@type\":\"ListItem\",\"position\":2,\"name\":\"Annulation\"}]},{\"@type\":\"WebSite\",\"@id\":\"https:\/\/moto-screenies.de\/fr\/#website\",\"url\":\"https:\/\/moto-screenies.de\/fr\/\",\"name\":\"Moto Screenies\",\"description\":\"Die Displayschutzfolie f\u00fcr dein Motorrad\",\"publisher\":{\"@id\":\"https:\/\/moto-screenies.de\/fr\/#organization\"},\"alternateName\":\"MS\",\"potentialAction\":[{\"@type\":\"SearchAction\",\"target\":{\"@type\":\"EntryPoint\",\"urlTemplate\":\"https:\/\/moto-screenies.de\/fr\/?s={search_term_string}\"},\"query-input\":{\"@type\":\"PropertyValueSpecification\",\"valueRequired\":true,\"valueName\":\"search_term_string\"}}],\"inLanguage\":\"fr-FR\"},{\"@type\":\"Organization\",\"@id\":\"https:\/\/moto-screenies.de\/fr\/#organization\",\"name\":\"Moto Screenies\",\"url\":\"https:\/\/moto-screenies.de\/fr\/\",\"logo\":{\"@type\":\"ImageObject\",\"inLanguage\":\"fr-FR\",\"@id\":\"https:\/\/moto-screenies.de\/fr\/#\/schema\/logo\/image\/\",\"url\":\"\",\"contentUrl\":\"\",\"caption\":\"Moto Screenies\"},\"image\":{\"@id\":\"https:\/\/moto-screenies.de\/fr\/#\/schema\/logo\/image\/\"}}]}<\/script>\n<!-- \/ Yoast SEO plugin. -->","yoast_head_json":{"title":"Annulation - Moto Screenies","robots":{"index":"noindex","follow":"follow"},"og_locale":"fr_FR","og_type":"article","og_title":"Annulation - Moto Screenies","og_description":"Annulation Un consommateur est toute personne physique qui conclut une transaction juridique \u00e0 des fins qui ne peuvent principalement \u00eatre attribu\u00e9es ni \u00e0 son activit\u00e9 commerciale ni \u00e0 son activit\u00e9 professionnelle ind\u00e9pendante. Retrait Vous avez le droit de vous retirer de ce contrat dans un d\u00e9lai de quatorze jours sans en donner de raison. La [&hellip;]","og_url":"https:\/\/moto-screenies.de\/fr\/annulation\/","og_site_name":"Moto Screenies","article_modified_time":"2025-11-25T07:29:36+00:00","twitter_card":"summary_large_image","twitter_misc":{"Dur\u00e9e de lecture estim\u00e9e":"3 minutes"},"schema":{"@context":"https:\/\/schema.org","@graph":[{"@type":"WebPage","@id":"https:\/\/moto-screenies.de\/fr\/annulation\/","url":"https:\/\/moto-screenies.de\/fr\/annulation\/","name":"Annulation - Moto Screenies","isPartOf":{"@id":"https:\/\/moto-screenies.de\/fr\/#website"},"datePublished":"2023-11-19T13:16:58+00:00","dateModified":"2025-11-25T07:29:36+00:00","breadcrumb":{"@id":"https:\/\/moto-screenies.de\/fr\/annulation\/#breadcrumb"},"inLanguage":"fr-FR","potentialAction":[{"@type":"ReadAction","target":["https:\/\/moto-screenies.de\/fr\/annulation\/"]}]},{"@type":"BreadcrumbList","@id":"https:\/\/moto-screenies.de\/fr\/annulation\/#breadcrumb","itemListElement":[{"@type":"ListItem","position":1,"name":"Startseite","item":"https:\/\/moto-screenies.de\/fr\/"},{"@type":"ListItem","position":2,"name":"Annulation"}]},{"@type":"WebSite","@id":"https:\/\/moto-screenies.de\/fr\/#website","url":"https:\/\/moto-screenies.de\/fr\/","name":"Moto Screenies","description":"Die Displayschutzfolie f\u00fcr dein Motorrad","publisher":{"@id":"https:\/\/moto-screenies.de\/fr\/#organization"},"alternateName":"MS","potentialAction":[{"@type":"SearchAction","target":{"@type":"EntryPoint","urlTemplate":"https:\/\/moto-screenies.de\/fr\/?s={search_term_string}"},"query-input":{"@type":"PropertyValueSpecification","valueRequired":true,"valueName":"search_term_string"}}],"inLanguage":"fr-FR"},{"@type":"Organization","@id":"https:\/\/moto-screenies.de\/fr\/#organization","name":"Moto Screenies","url":"https:\/\/moto-screenies.de\/fr\/","logo":{"@type":"ImageObject","inLanguage":"fr-FR","@id":"https:\/\/moto-screenies.de\/fr\/#\/schema\/logo\/image\/","url":"","contentUrl":"","caption":"Moto Screenies"},"image":{"@id":"https:\/\/moto-screenies.de\/fr\/#\/schema\/logo\/image\/"}}]}},"_links":{"self":[{"href":"https:\/\/moto-screenies.de\/fr\/wp-json\/wp\/v2\/pages\/264311","targetHints":{"allow":["GET"]}}],"collection":[{"href":"https:\/\/moto-screenies.de\/fr\/wp-json\/wp\/v2\/pages"}],"about":[{"href":"https:\/\/moto-screenies.de\/fr\/wp-json\/wp\/v2\/types\/page"}],"author":[{"embeddable":true,"href":"https:\/\/moto-screenies.de\/fr\/wp-json\/wp\/v2\/users\/1"}],"replies":[{"embeddable":true,"href":"https:\/\/moto-screenies.de\/fr\/wp-json\/wp\/v2\/comments?post=264311"}],"version-history":[{"count":0,"href":"https:\/\/moto-screenies.de\/fr\/wp-json\/wp\/v2\/pages\/264311\/revisions"}],"wp:attachment":[{"href":"https:\/\/moto-screenies.de\/fr\/wp-json\/wp\/v2\/media?parent=264311"}],"curies":[{"name":"wp","href":"https:\/\/api.w.org\/{rel}","templated":true}]}}