{"id":264489,"date":"2023-11-16T10:35:04","date_gmt":"2023-11-16T09:35:04","guid":{"rendered":"https:\/\/moto-screenies.de\/boutique\/"},"modified":"2025-11-25T08:33:07","modified_gmt":"2025-11-25T07:33:07","slug":"boutique","status":"publish","type":"page","link":"https:\/\/moto-screenies.de\/fr\/boutique\/","title":{"rendered":"Boutique"},"content":{"rendered":"\n[et_pb_section][et_pb_row][et_pb_column type=\u00a0\u00bb4_4&Prime;][et_pb_text]<!-- divi:paragraph -->\n<p>DWA<\/p>\n<!-- \/divi:paragraph -->[\/et_pb_text][\/et_pb_column][\/et_pb_row][\/et_pb_section]\n","protected":false},"excerpt":{"rendered":"<p><div class=\"et_pb_section et_pb_section_0 et_section_regular\" >\n\t\t\t\t\n\t\t\t\t\n\t\t\t\t\n\t\t\t\t\n\t\t\t\t\n\t\t\t\t\n\t\t\t\t\n\t\t\t\t\n\t\t\t\t\n\t\t\t<\/div><div class=\"et_pb_row et_pb_row_0 et_pb_row_empty\">\n\t\t\t\t\n\t\t\t\t\n\t\t\t\t\n\t\t\t\t\n\t\t\t\t\n\t\t\t<\/div><div class=\"et_pb_module et_pb_text et_pb_text_0  et_pb_text_align_left et_pb_bg_layout_light\">\n\t\t\t\t\n\t\t\t\t\n\t\t\t\t\n\t\t\t\t\n\t\t\t\t\n\t\t\t<\/div> DWA<\/p>\n","protected":false},"author":1,"featured_media":0,"parent":0,"menu_order":0,"comment_status":"closed","ping_status":"closed","template":"","meta":{"_et_pb_use_builder":"on","_et_pb_old_content":"","_et_gb_content_width":"","_uf_show_specific_survey":0,"_uf_disable_surveys":false,"footnotes":""},"class_list":["post-264489","page","type-page","status-publish","hentry"],"yoast_head":"<!-- This site is optimized with the Yoast SEO plugin v27.2 - https:\/\/yoast.com\/product\/yoast-seo-wordpress\/ -->\n<title>Film de protection pour motos \u2013 Protection premium | \u00c9crans Moto<\/title>\n<meta name=\"description\" content=\"Prot\u00e8ge-\u00e9cran pour motos \u2013 r\u00e9sistant aux rayures, aux UV et sur mesure. Prot\u00e9gez votre compteur de vitesse avec des films premium de Moto Screenies. D\u00e9couvrez-le maintenant !\" \/>\n<meta name=\"robots\" content=\"index, follow, max-snippet:-1, max-image-preview:large, max-video-preview:-1\" \/>\n<link rel=\"canonical\" href=\"https:\/\/moto-screenies.de\/fr\/boutique\/\" \/>\n<meta property=\"og:locale\" content=\"fr_FR\" \/>\n<meta property=\"og:type\" content=\"article\" \/>\n<meta property=\"og:title\" content=\"Film de protection pour motos \u2013 Protection premium | \u00c9crans Moto\" \/>\n<meta property=\"og:description\" content=\"Prot\u00e8ge-\u00e9cran pour motos \u2013 r\u00e9sistant aux rayures, aux UV et sur mesure. Prot\u00e9gez votre compteur de vitesse avec des films premium de Moto Screenies. D\u00e9couvrez-le maintenant !\" \/>\n<meta property=\"og:url\" content=\"https:\/\/moto-screenies.de\/fr\/boutique\/\" \/>\n<meta property=\"og:site_name\" content=\"Moto Screenies\" \/>\n<meta property=\"article:modified_time\" content=\"2025-11-25T07:33:07+00:00\" \/>\n<meta name=\"twitter:card\" content=\"summary_large_image\" \/>\n<script type=\"application\/ld+json\" class=\"yoast-schema-graph\">{\"@context\":\"https:\/\/schema.org\",\"@graph\":[{\"@type\":\"WebPage\",\"@id\":\"https:\/\/moto-screenies.de\/fr\/boutique\/\",\"url\":\"https:\/\/moto-screenies.de\/fr\/boutique\/\",\"name\":\"Film de protection pour motos \u2013 Protection premium | \u00c9crans Moto\",\"isPartOf\":{\"@id\":\"https:\/\/moto-screenies.de\/fr\/#website\"},\"datePublished\":\"2023-11-16T09:35:04+00:00\",\"dateModified\":\"2025-11-25T07:33:07+00:00\",\"description\":\"Prot\u00e8ge-\u00e9cran pour motos \u2013 r\u00e9sistant aux rayures, aux UV et sur mesure. Prot\u00e9gez votre compteur de vitesse avec des films premium de Moto Screenies. D\u00e9couvrez-le maintenant !\",\"breadcrumb\":{\"@id\":\"https:\/\/moto-screenies.de\/fr\/boutique\/#breadcrumb\"},\"inLanguage\":\"fr-FR\",\"potentialAction\":[{\"@type\":\"ReadAction\",\"target\":[\"https:\/\/moto-screenies.de\/fr\/boutique\/\"]}]},{\"@type\":\"BreadcrumbList\",\"@id\":\"https:\/\/moto-screenies.de\/fr\/boutique\/#breadcrumb\",\"itemListElement\":[{\"@type\":\"ListItem\",\"position\":1,\"name\":\"Startseite\",\"item\":\"https:\/\/moto-screenies.de\/fr\/\"},{\"@type\":\"ListItem\",\"position\":2,\"name\":\"Boutique\"}]},{\"@type\":\"WebSite\",\"@id\":\"https:\/\/moto-screenies.de\/fr\/#website\",\"url\":\"https:\/\/moto-screenies.de\/fr\/\",\"name\":\"Moto Screenies\",\"description\":\"Die Displayschutzfolie f\u00fcr dein Motorrad\",\"publisher\":{\"@id\":\"https:\/\/moto-screenies.de\/fr\/#organization\"},\"alternateName\":\"MS\",\"potentialAction\":[{\"@type\":\"SearchAction\",\"target\":{\"@type\":\"EntryPoint\",\"urlTemplate\":\"https:\/\/moto-screenies.de\/fr\/?s={search_term_string}\"},\"query-input\":{\"@type\":\"PropertyValueSpecification\",\"valueRequired\":true,\"valueName\":\"search_term_string\"}}],\"inLanguage\":\"fr-FR\"},{\"@type\":\"Organization\",\"@id\":\"https:\/\/moto-screenies.de\/fr\/#organization\",\"name\":\"Moto Screenies\",\"url\":\"https:\/\/moto-screenies.de\/fr\/\",\"logo\":{\"@type\":\"ImageObject\",\"inLanguage\":\"fr-FR\",\"@id\":\"https:\/\/moto-screenies.de\/fr\/#\/schema\/logo\/image\/\",\"url\":\"\",\"contentUrl\":\"\",\"caption\":\"Moto Screenies\"},\"image\":{\"@id\":\"https:\/\/moto-screenies.de\/fr\/#\/schema\/logo\/image\/\"}}]}<\/script>\n<!-- \/ Yoast SEO plugin. -->","yoast_head_json":{"title":"Film de protection pour motos \u2013 Protection premium | \u00c9crans Moto","description":"Prot\u00e8ge-\u00e9cran pour motos \u2013 r\u00e9sistant aux rayures, aux UV et sur mesure. Prot\u00e9gez votre compteur de vitesse avec des films premium de Moto Screenies. D\u00e9couvrez-le maintenant !","robots":{"index":"index","follow":"follow","max-snippet":"max-snippet:-1","max-image-preview":"max-image-preview:large","max-video-preview":"max-video-preview:-1"},"canonical":"https:\/\/moto-screenies.de\/fr\/boutique\/","og_locale":"fr_FR","og_type":"article","og_title":"Film de protection pour motos \u2013 Protection premium | \u00c9crans Moto","og_description":"Prot\u00e8ge-\u00e9cran pour motos \u2013 r\u00e9sistant aux rayures, aux UV et sur mesure. Prot\u00e9gez votre compteur de vitesse avec des films premium de Moto Screenies. D\u00e9couvrez-le maintenant !","og_url":"https:\/\/moto-screenies.de\/fr\/boutique\/","og_site_name":"Moto Screenies","article_modified_time":"2025-11-25T07:33:07+00:00","twitter_card":"summary_large_image","schema":{"@context":"https:\/\/schema.org","@graph":[{"@type":"WebPage","@id":"https:\/\/moto-screenies.de\/fr\/boutique\/","url":"https:\/\/moto-screenies.de\/fr\/boutique\/","name":"Film de protection pour motos \u2013 Protection premium | \u00c9crans Moto","isPartOf":{"@id":"https:\/\/moto-screenies.de\/fr\/#website"},"datePublished":"2023-11-16T09:35:04+00:00","dateModified":"2025-11-25T07:33:07+00:00","description":"Prot\u00e8ge-\u00e9cran pour motos \u2013 r\u00e9sistant aux rayures, aux UV et sur mesure. Prot\u00e9gez votre compteur de vitesse avec des films premium de Moto Screenies. D\u00e9couvrez-le maintenant !","breadcrumb":{"@id":"https:\/\/moto-screenies.de\/fr\/boutique\/#breadcrumb"},"inLanguage":"fr-FR","potentialAction":[{"@type":"ReadAction","target":["https:\/\/moto-screenies.de\/fr\/boutique\/"]}]},{"@type":"BreadcrumbList","@id":"https:\/\/moto-screenies.de\/fr\/boutique\/#breadcrumb","itemListElement":[{"@type":"ListItem","position":1,"name":"Startseite","item":"https:\/\/moto-screenies.de\/fr\/"},{"@type":"ListItem","position":2,"name":"Boutique"}]},{"@type":"WebSite","@id":"https:\/\/moto-screenies.de\/fr\/#website","url":"https:\/\/moto-screenies.de\/fr\/","name":"Moto Screenies","description":"Die Displayschutzfolie f\u00fcr dein Motorrad","publisher":{"@id":"https:\/\/moto-screenies.de\/fr\/#organization"},"alternateName":"MS","potentialAction":[{"@type":"SearchAction","target":{"@type":"EntryPoint","urlTemplate":"https:\/\/moto-screenies.de\/fr\/?s={search_term_string}"},"query-input":{"@type":"PropertyValueSpecification","valueRequired":true,"valueName":"search_term_string"}}],"inLanguage":"fr-FR"},{"@type":"Organization","@id":"https:\/\/moto-screenies.de\/fr\/#organization","name":"Moto Screenies","url":"https:\/\/moto-screenies.de\/fr\/","logo":{"@type":"ImageObject","inLanguage":"fr-FR","@id":"https:\/\/moto-screenies.de\/fr\/#\/schema\/logo\/image\/","url":"","contentUrl":"","caption":"Moto Screenies"},"image":{"@id":"https:\/\/moto-screenies.de\/fr\/#\/schema\/logo\/image\/"}}]}},"_links":{"self":[{"href":"https:\/\/moto-screenies.de\/fr\/wp-json\/wp\/v2\/pages\/264489","targetHints":{"allow":["GET"]}}],"collection":[{"href":"https:\/\/moto-screenies.de\/fr\/wp-json\/wp\/v2\/pages"}],"about":[{"href":"https:\/\/moto-screenies.de\/fr\/wp-json\/wp\/v2\/types\/page"}],"author":[{"embeddable":true,"href":"https:\/\/moto-screenies.de\/fr\/wp-json\/wp\/v2\/users\/1"}],"replies":[{"embeddable":true,"href":"https:\/\/moto-screenies.de\/fr\/wp-json\/wp\/v2\/comments?post=264489"}],"version-history":[{"count":0,"href":"https:\/\/moto-screenies.de\/fr\/wp-json\/wp\/v2\/pages\/264489\/revisions"}],"wp:attachment":[{"href":"https:\/\/moto-screenies.de\/fr\/wp-json\/wp\/v2\/media?parent=264489"}],"curies":[{"name":"wp","href":"https:\/\/api.w.org\/{rel}","templated":true}]}}