{"id":264507,"date":"2024-07-15T10:58:15","date_gmt":"2024-07-15T08:58:15","guid":{"rendered":"https:\/\/moto-screenies.de\/mycover-protection\/"},"modified":"2025-11-25T08:33:43","modified_gmt":"2025-11-25T07:33:43","slug":"mycover-protection","status":"publish","type":"page","link":"https:\/\/moto-screenies.de\/fr\/mycover-protection\/","title":{"rendered":"Mycover Protection"},"content":{"rendered":"<p>[et_pb_section fb_built=\u00a0\u00bb1&Prime; _builder_version=\u00a0\u00bb4.25.1&Prime; _module_preset=\u00a0\u00bbdefault\u00a0\u00bb global_colors_info=\u00a0\u00bb{}\u00a0\u00bb][et_pb_row _builder_version=\u00a0\u00bb4.25.1&Prime; _module_preset=\u00a0\u00bbdefault\u00a0\u00bb global_colors_info=\u00a0\u00bb{}\u00a0\u00bb][et_pb_column type=\u00a0\u00bb4_4&Prime; _builder_version=\u00a0\u00bb4.25.1&Prime; _module_preset=\u00a0\u00bbdefault\u00a0\u00bb global_colors_info=\u00a0\u00bb{}\u00a0\u00bb][et_pb_image src=\u00a0\u00bbhttps:\/\/moto-screenies.de\/wp-content\/uploads\/2025\/11\/mycover-motoscreenies-scaled-1.jpg\u00a0\u00bb alt=\u00a0\u00bbMycover Protection\u00a0\u00bb title_text=\u00a0\u00bb\u00e0 l\u2019\u00e9chelle mycover-motoscreenies\u00a0\u00bb _builder_version=\u00a0\u00bb4.27.4&Prime; _module_preset=\u00a0\u00bbdefault\u00a0\u00bb custom_margin=\u00a0\u00bb-4px|||62px|false|false\u00a0\u00bb custom_margin_tablet=\u00a0\u00bb-4px|||62px|false|false\u00a0\u00bb custom_margin_phone=\u00a0\u00bb0px|||25px|false|false\u00a0\u00bb custom_margin_last_edited=\u00a0\u00bbon|phone\u00a0\u00bb hover_enabled=\u00a0\u00bb0&Prime; global_colors_info=\u00a0\u00bb{}\u00a0\u00bb sticky_enabled=\u00a0\u00bb0&Prime;][\/et_pb_image][et_pb_image src=\u00a0\u00bbhttps:\/\/moto-screenies.de\/wp-content\/uploads\/2025\/11\/MyprotectionBild1-1.png\u00a0\u00bb alt=\u00a0\u00bbMycover Protection\u00a0\u00bb title_text=\u00a0\u00bbMaprotectionImage1-1&Prime; show_in_lightbox=\u00a0\u00bbon\u00a0\u00bb align=\u00a0\u00bbcenter\u00a0\u00bb _builder_version=\u00a0\u00bb4.27.4&Prime; _module_preset=\u00a0\u00bbdefault\u00a0\u00bb transform_scale=\u00a0\u00bb85%|85%\u00a0\u00bb custom_margin=\u00a0\u00bb-19px||||false|false\u00a0\u00bb hover_enabled=\u00a0\u00bb0&Prime; border_radii=\u00a0\u00bbon|15px|15px|15px|15px\u00a0\u00bb global_colors_info=\u00a0\u00bb{}\u00a0\u00bb sticky_enabled=\u00a0\u00bb0&Prime;][\/et_pb_image][\/et_pb_column][\/et_pb_row][et_pb_row _builder_version=\u00a0\u00bb4.25.1&Prime; _module_preset=\u00a0\u00bbdefault\u00a0\u00bb global_colors_info=\u00a0\u00bb{}\u00a0\u00bb][et_pb_column type=\u00a0\u00bb4_4&Prime; _builder_version=\u00a0\u00bb4.25.1&Prime; _module_preset=\u00a0\u00bbdefault\u00a0\u00bb global_colors_info=\u00a0\u00bb{}\u00a0\u00bb][et_pb_text _builder_version=\u00a0\u00bb4.25.1&Prime; _module_preset=\u00a0\u00bbdefault\u00a0\u00bb text_font=\u00a0\u00bbArial|800||on|||||\u00a0\u00bb header_font=\u00a0\u00bbArial|800||on|||||\u00a0\u00bb header_font_size=\u00a0\u00bb40px\u00a0\u00bb header_letter_spacing=\u00a0\u00bb2px\u00a0\u00bb header_font_last_edited=\u00a0\u00bboff|desktop\u00a0\u00bb header_font_size_tablet=\u00a0\u00bb40px\u00a0\u00bb header_font_size_phone=\u00a0\u00bb17px\u00a0\u00bb header_font_size_last_edited=\u00a0\u00bbon|phone\u00a0\u00bb header_text_shadow_style=\u00a0\u00bbpreset3&Prime; header_text_shadow_blur_strength=\u00a0\u00bb0.81em\u00a0\u00bb header_text_shadow_color=\u00a0\u00bb#0C71C3&Prime; global_colors_info=\u00a0\u00bb{}\u00a0\u00bb]<\/p>\n<h1 style=\"text-align: center\">\u00c9crans Moto | MA COUVERTURE<\/h1>\n<p>[\/et_pb_text][et_pb_text _builder_version=\u00a0\u00bb4.25.1&Prime; _module_preset=\u00a0\u00bbdefault\u00a0\u00bb text_font=\u00a0\u00bb||||||||\u00a0\u00bb text_text_color=\u00a0\u00bb#5e5e5e\u00a0\u00bb text_font_size=\u00a0\u00bb17px\u00a0\u00bb background_color=\u00a0\u00bbrgba(0,0,0,0.1)\u00a0\u00bb custom_padding=\u00a0\u00bb20px|20px|20px|20px|false|false\u00a0\u00bb text_font_size_tablet=\u00a0\u00bb17px\u00a0\u00bb text_font_size_phone=\u00a0\u00bb14px\u00a0\u00bb text_font_size_last_edited=\u00a0\u00bbon|phone\u00a0\u00bb border_radii=\u00a0\u00bbon|10px|10px|10px|10px\u00a0\u00bb global_colors_info=\u00a0\u00bb{}\u00a0\u00bb]<\/p>\n<p>Nous sommes heureux d\u2019accueillir Benjamin et Constantin de <a href=\"x\">MYCOVER<\/a> comme <strong>nos nouveaux partenaires<\/strong> .<\/p>\n<p>D\u00e9sormais, nous proposons les pr\u00e9cieuses b\u00e2ches Mycover dans notre boutique, sp\u00e9cialement adapt\u00e9es \u00e0 de nombreux mod\u00e8les de motos diff\u00e9rentes.<\/p>\n<p>Mais ce n\u2019est pas tout. Avec Mycover, nous organisons des concours passionnants et des offres exclusives pour vous. Restez \u00e0 l\u2019\u00e9coute pour des promotions int\u00e9ressantes et profitez de notre nouveau partenariat !  <\/p>\n<p>[\/et_pb_text][et_pb_button button_text=\u00a0\u00bb\u00c0 la boutique\u00a0\u00bb button_alignment=\u00a0\u00bbcenter\u00a0\u00bb _builder_version=\u00a0\u00bb4.25.1&Prime; _module_preset=\u00a0\u00bbdefault\u00a0\u00bb custom_button=\u00a0\u00bbon\u00a0\u00bb button_text_size=\u00a0\u00bb32px\u00a0\u00bb button_text_color=\u00a0\u00bbrgba(0,0,0,0.71)\u00a0\u00bb button_bg_use_color_gradient=\u00a0\u00bbon\u00a0\u00bb button_border_radius=\u00a0\u00bb5px\u00a0\u00bb button_font=\u00a0\u00bb|||on|||||\u00a0\u00bb button_icon=\u00a0\u00bb&#xf21c;||fa||900&Prime; custom_margin=\u00a0\u00bb85px||71px||false|false\u00a0\u00bb animation_style=\u00a0\u00bbbounce\u00a0\u00bb box_shadow_style=\u00a0\u00bbpreset4&Prime; global_colors_info=\u00a0\u00bb{}\u00a0\u00bb][\/et_pb_button][et_pb_divider _builder_version=\u00a0\u00bb4.25.1&Prime; _module_preset=\u00a0\u00bbdefault\u00a0\u00bb global_colors_info=\u00a0\u00bb{}\u00a0\u00bb][\/et_pb_divider][et_pb_text _builder_version=\u00a0\u00bb4.25.1&Prime; _module_preset=\u00a0\u00bbdefault\u00a0\u00bb header_2_font=\u00a0\u00bb|800||on|||||\u00a0\u00bb header_2_font_size=\u00a0\u00bb45px\u00a0\u00bb header_2_font_size_tablet=\u00a0\u00bb45px\u00a0\u00bb header_2_font_size_phone=\u00a0\u00bb29px\u00a0\u00bb header_2_font_size_last_edited=\u00a0\u00bbon|phone\u00a0\u00bb header_2_text_shadow_style=\u00a0\u00bbpreset3&Prime; header_2_text_shadow_blur_strength=\u00a0\u00bb0.58em\u00a0\u00bb header_2_text_shadow_color=\u00a0\u00bb#0C71C3&Prime; global_colors_info=\u00a0\u00bb{}\u00a0\u00bb]<\/p>\n<h2 style=\"text-align: center\">Qui est MYCOVER ?<\/h2>\n<p>[\/et_pb_text][\/et_pb_column][\/et_pb_row][et_pb_row column_structure=\u00a0\u00bb2_3,1_3&Prime; _builder_version=\u00a0\u00bb4.25.1&Prime; _module_preset=\u00a0\u00bbdefault\u00a0\u00bb use_background_color_gradient=\u00a0\u00bbon\u00a0\u00bb background_color_gradient_direction=\u00a0\u00bb267deg\u00a0\u00bb background_color_gradient_stops=\u00a0\u00bbrgba(118,196,198,0.61) 30%|rgba(72,139,200,0.69) 100%\u00a0\u00bb border_radii=\u00a0\u00bbon|20px|20px|20px|20px\u00a0\u00bb global_colors_info=\u00a0\u00bb{}\u00a0\u00bb][et_pb_column type=\u00a0\u00bb2_3&Prime; _builder_version=\u00a0\u00bb4.25.1&Prime; _module_preset=\u00a0\u00bbdefault\u00a0\u00bb global_colors_info=\u00a0\u00bb{}\u00a0\u00bb][et_pb_text _builder_version=\u00a0\u00bb4.26.1&Prime; _module_preset=\u00a0\u00bbdefault\u00a0\u00bb text_font=\u00a0\u00bb||||||||\u00a0\u00bb text_text_color=\u00a0\u00bb#5e5e5e\u00a0\u00bb text_font_size=\u00a0\u00bb17px\u00a0\u00bb background_enable_color=\u00a0\u00bboff\u00a0\u00bb custom_padding=\u00a0\u00bb20px|20px|20px|20px|false|false\u00a0\u00bb text_font_size_tablet=\u00a0\u00bb17px\u00a0\u00bb text_font_size_phone=\u00a0\u00bb14px\u00a0\u00bb text_font_size_last_edited=\u00a0\u00bbon|phone\u00a0\u00bb border_radii=\u00a0\u00bbon|10px|10px|10px|10px\u00a0\u00bb global_colors_info=\u00a0\u00bb{}\u00a0\u00bb]<\/p>\n<p>Mycover Protection est une start-up de premier plan dans le domaine des<strong> b\u00e2ches de moto sur<\/strong> mesure et <strong>des solutions de protection contre le vol<\/strong>. Ils proposent des b\u00e2ches de haute qualit\u00e9 pour l\u2019ext\u00e9rieur et l\u2019int\u00e9rieur ainsi que des serrures ABUS avanc\u00e9es. Leurs conseils et recommandations de taille garantissent <strong>que chaque housse s\u2019ajuste parfaitement<\/strong>.  <\/p>\n<p>Avez-vous besoin de conseils pour le mod\u00e8le de votre moto ? Cliquez ici pour le <a href=\"https:\/\/www.mycover-protection.com\/groessenempfehlungen\/?wpam_id=35\">configurateur<\/a> de votre b\u00e2che assortie. <\/p>\n<p>Constantin et Benjamin, comme nous chez Moto Screenies, ont transform\u00e9 leur passion en profession et partagent de nombreuses similitudes avec nous. Les deux proposent des produits sur mesure et accordent une grande importance au d\u00e9tail et \u00e0 la qualit\u00e9. Notre int\u00e9r\u00eat commun est la protection et l\u2019entretien des motos.<br \/>Ce partenariat renforce notre conviction.  <\/p>\n<p>&nbsp;<\/p>\n<p>[\/et_pb_text][et_pb_social_media_follow icon_color=\u00a0\u00bb#FFFFFF\u00a0\u00bb use_icon_font_size=\u00a0\u00bbon\u00a0\u00bb icon_font_size=\u00a0\u00bb17px\u00a0\u00bb _builder_version=\u00a0\u00bb4.25.1&Prime; _module_preset=\u00a0\u00bbdefault\u00a0\u00bb background_color=\u00a0\u00bbRGBA(255,255,255,0)\u00a0\u00bb text_orientation=\u00a0\u00bbcenter\u00a0\u00bb global_colors_info=\u00a0\u00bb{}\u00a0\u00bb][et_pb_social_media_follow_network social_network=\u00a0\u00bbfacebook\u00a0\u00bb url=\u00a0\u00bbhttps:\/\/www.facebook.com\/Mycover.protection\u00a0\u00bb _builder_version=\u00a0\u00bb4.25.1&Prime; _module_preset=\u00a0\u00bbdefault\u00a0\u00bb background_color=\u00a0\u00bb#3b5998&Prime; global_colors_info=\u00a0\u00bb{}\u00a0\u00bb follow_button=\u00a0\u00bboff\u00a0\u00bb url_new_window=\u00a0\u00bbon\u00a0\u00bb]facebook[\/et_pb_social_media_follow_network][et_pb_social_media_follow_network social_network=\u00a0\u00bbinstagram\u00a0\u00bb url=\u00a0\u00bbhttps:\/\/www.instagram.com\/mycover_protection\/\u00a0\u00bb _builder_version=\u00a0\u00bb4.25.1&Prime; _module_preset=\u00a0\u00bbdefault\u00a0\u00bb background_color=\u00a0\u00bb#ea2c59&Prime; global_colors_info=\u00a0\u00bb{}\u00a0\u00bb follow_button=\u00a0\u00bboff\u00a0\u00bb url_new_window=\u00a0\u00bbon\u00a0\u00bb]instagram[\/et_pb_social_media_follow_network][et_pb_social_media_follow_network social_network=\u00a0\u00bbyoutube\u00a0\u00bb url=\u00a0\u00bbhttps:\/\/www.youtube.com\/@mycover-protectionatitsfin4510&Prime; _builder_version=\u00a0\u00bb4.25.1&Prime; _module_preset=\u00a0\u00bbdefault\u00a0\u00bb background_color=\u00a0\u00bb#a82400&Prime; global_colors_info=\u00a0\u00bb{}\u00a0\u00bb follow_button=\u00a0\u00bboff\u00a0\u00bb url_new_window=\u00a0\u00bbon\u00a0\u00bb]youtube[\/et_pb_social_media_follow_network][\/et_pb_social_media_follow][\/et_pb_column][et_pb_column type=\u00a0\u00bb1_3&Prime; _builder_version=\u00a0\u00bb4.25.1&Prime; _module_preset=\u00a0\u00bbdefault\u00a0\u00bb global_colors_info=\u00a0\u00bb{}\u00a0\u00bb][et_pb_video src=\u00a0\u00bbhttps:\/\/www.youtube.com\/watch?v=yfwLk63v8fY&amp;ab_channel=MYCOVER-PROTECTIONATITSFINEST\u00a0\u00bb image_src=\u00a0\u00bb\/\/i.ytimg.com\/vi\/yfwLk63v8fY\/hqdefault.jpg\u00a0\u00bb _builder_version=\u00a0\u00bb4.25.1&Prime; _module_preset=\u00a0\u00bbdefault\u00a0\u00bb custom_padding=\u00a0\u00bb95px|10px|10px|10px|false|false\u00a0\u00bb custom_padding_tablet=\u00a0\u00bb157px|10px|10px|10px|false|false\u00a0\u00bb custom_padding_phone=\u00a0\u00bb0px|16px|10px|16px|false|false\u00a0\u00bb custom_padding_last_edited=\u00a0\u00bbon|phone\u00a0\u00bb border_radii=\u00a0\u00bbon|30px|30px|30px|30px\u00a0\u00bb global_colors_info=\u00a0\u00bb{}\u00a0\u00bb][\/et_pb_video][\/et_pb_column][\/et_pb_row][et_pb_row column_structure=\u00a0\u00bb1_2,1_2&Prime; _builder_version=\u00a0\u00bb4.25.1&Prime; _module_preset=\u00a0\u00bbdefault\u00a0\u00bb global_colors_info=\u00a0\u00bb{}\u00a0\u00bb][et_pb_column type=\u00a0\u00bb1_2&Prime; _builder_version=\u00a0\u00bb4.25.1&Prime; _module_preset=\u00a0\u00bbdefault\u00a0\u00bb global_colors_info=\u00a0\u00bb{}\u00a0\u00bb][et_pb_image src=\u00a0\u00bbhttps:\/\/moto-screenies.de\/wp-content\/uploads\/2025\/11\/MyprotectionBild3-1.png\u00a0\u00bb alt=\u00a0\u00bbMycover Protection\u00a0\u00bb title_text=\u00a0\u00bbMaImageProtection3-1&Prime; show_in_lightbox=\u00a0\u00bbon\u00a0\u00bb _builder_version=\u00a0\u00bb4.27.4&Prime; _module_preset=\u00a0\u00bbdefault\u00a0\u00bb hover_enabled=\u00a0\u00bb0&Prime; global_colors_info=\u00a0\u00bb{}\u00a0\u00bb sticky_enabled=\u00a0\u00bb0&Prime;][\/et_pb_image][\/et_pb_column][et_pb_column type=\u00a0\u00bb1_2&Prime; _builder_version=\u00a0\u00bb4.25.1&Prime; _module_preset=\u00a0\u00bbdefault\u00a0\u00bb global_colors_info=\u00a0\u00bb{}\u00a0\u00bb][et_pb_image src=\u00a0\u00bbhttps:\/\/moto-screenies.de\/wp-content\/uploads\/2025\/11\/MyprotectionBild2-1.png\u00a0\u00bb alt=\u00a0\u00bbMycover Protection\u00a0\u00bb title_text=\u00a0\u00bbMaprotectionImage2-1&Prime; show_in_lightbox=\u00a0\u00bbon\u00a0\u00bb _builder_version=\u00a0\u00bb4.27.4&Prime; _module_preset=\u00a0\u00bbdefault\u00a0\u00bb hover_enabled=\u00a0\u00bb0&Prime; global_colors_info=\u00a0\u00bb{}\u00a0\u00bb sticky_enabled=\u00a0\u00bb0&Prime;][\/et_pb_image][\/et_pb_column][\/et_pb_row][et_pb_row _builder_version=\u00a0\u00bb4.25.1&Prime; _module_preset=\u00a0\u00bbdefault\u00a0\u00bb global_colors_info=\u00a0\u00bb{}\u00a0\u00bb][et_pb_column type=\u00a0\u00bb4_4&Prime; _builder_version=\u00a0\u00bb4.25.1&Prime; _module_preset=\u00a0\u00bbdefault\u00a0\u00bb global_colors_info=\u00a0\u00bb{}\u00a0\u00bb][et_pb_divider _builder_version=\u00a0\u00bb4.25.1&Prime; _module_preset=\u00a0\u00bbdefault\u00a0\u00bb global_colors_info=\u00a0\u00bb{}\u00a0\u00bb][\/et_pb_divider][et_pb_text _builder_version=\u00a0\u00bb4.25.1&Prime; _module_preset=\u00a0\u00bbdefault\u00a0\u00bb header_2_font=\u00a0\u00bb|800||on|||||\u00a0\u00bb header_2_text_shadow_style=\u00a0\u00bbpreset3&Prime; header_2_text_shadow_blur_strength=\u00a0\u00bb0.58em\u00a0\u00bb header_2_text_shadow_color=\u00a0\u00bb#0C71C3&Prime; global_colors_info=\u00a0\u00bb{}\u00a0\u00bb]<\/p>\n<h2 style=\"text-align: center\">Attendez avec impatience notre podcast vid\u00e9o passionnant !<\/h2>\n<p>[\/et_pb_text][et_pb_text _builder_version=\u00a0\u00bb4.25.1&Prime; _module_preset=\u00a0\u00bbdefault\u00a0\u00bb text_font=\u00a0\u00bb||||||||\u00a0\u00bb text_text_color=\u00a0\u00bb#5e5e5e\u00a0\u00bb text_font_size=\u00a0\u00bb17px\u00a0\u00bb background_color=\u00a0\u00bbrgba(0,0,0,0.1)\u00a0\u00bb custom_padding=\u00a0\u00bb20px|20px|20px|20px|false|false\u00a0\u00bb border_radii=\u00a0\u00bbon|10px|10px|10px|10px\u00a0\u00bb global_colors_info=\u00a0\u00bb{}\u00a0\u00bb]<\/p>\n<p style=\"text-align: left\"><strong>Vid\u00e9o \u00e0 suivre<\/strong>, pour ne rien manquer, appuyez <a href=\"https:\/\/www.youtube.com\/channel\/UC-NPCsaO9S7lX6dLmxNKEPw\">sur abonnement !<\/a><\/p>\n<p style=\"text-align: left\">Les parall\u00e8les sont l\u00e0, et nous nous entendions vraiment tr\u00e8s bien. C\u2019est pourquoi vous pouvez bient\u00f4t vous attendre \u00e0 un podcast vid\u00e9o tr\u00e8s int\u00e9ressant ! <\/p>\n<p>[\/et_pb_text][\/et_pb_column][\/et_pb_row][et_pb_row _builder_version=\u00a0\u00bb4.25.1&Prime; _module_preset=\u00a0\u00bbdefault\u00a0\u00bb global_colors_info=\u00a0\u00bb{}\u00a0\u00bb][et_pb_column type=\u00a0\u00bb4_4&Prime; _builder_version=\u00a0\u00bb4.25.1&Prime; _module_preset=\u00a0\u00bbdefault\u00a0\u00bb global_colors_info=\u00a0\u00bb{}\u00a0\u00bb][et_pb_video src=\u00a0\u00bbhttps:\/\/www.youtube.com\/channel\/UC-NPCsaO9S7lX6dLmxNKEPw\u00a0\u00bb image_src=\u00a0\u00bbhttps:\/\/moto-screenies.de\/wp-content\/uploads\/2024\/05\/istockphoto-1190940132-612&#215;612-1.jpg\u00a0\u00bb _builder_version=\u00a0\u00bb4.25.1&Prime; _module_preset=\u00a0\u00bbdefault\u00a0\u00bb global_colors_info=\u00a0\u00bb{}\u00a0\u00bb][\/et_pb_video][et_pb_button button_url=\u00a0\u00bbhttps:\/\/www.4moto-shop.de\/?8&Prime; button_text=\u00a0\u00bb\u00c0 la boutique\u00a0\u00bb button_alignment=\u00a0\u00bbcenter\u00a0\u00bb _builder_version=\u00a0\u00bb4.25.1&Prime; _module_preset=\u00a0\u00bbdefault\u00a0\u00bb custom_button=\u00a0\u00bbon\u00a0\u00bb button_text_size=\u00a0\u00bb32px\u00a0\u00bb button_text_color=\u00a0\u00bbrgba(0,0,0,0.71)\u00a0\u00bb button_bg_use_color_gradient=\u00a0\u00bbon\u00a0\u00bb button_border_radius=\u00a0\u00bb5px\u00a0\u00bb button_font=\u00a0\u00bb|||on|||||\u00a0\u00bb button_icon=\u00a0\u00bb&#xf21c;||fa||900&Prime; custom_margin=\u00a0\u00bb85px||71px||false|false\u00a0\u00bb animation_style=\u00a0\u00bbbounce\u00a0\u00bb box_shadow_style=\u00a0\u00bbpreset4&Prime; global_colors_info=\u00a0\u00bb{}\u00a0\u00bb][\/et_pb_button][\/et_pb_column][\/et_pb_row][\/et_pb_section]<\/p>\n","protected":false},"excerpt":{"rendered":"<p>\u00c9crans Moto | MA COUVERTURENous sommes heureux d\u2019accueillir Benjamin et Constantin de MYCOVER comme nos nouveaux partenaires . D\u00e9sormais, nous proposons les pr\u00e9cieuses b\u00e2ches Mycover dans notre boutique, sp\u00e9cialement adapt\u00e9es \u00e0 de nombreux mod\u00e8les de motos diff\u00e9rentes. Mais ce n\u2019est pas tout. Avec Mycover, nous organisons des concours passionnants et des offres exclusives pour vous. [&hellip;]<\/p>\n","protected":false},"author":1,"featured_media":0,"parent":0,"menu_order":0,"comment_status":"closed","ping_status":"closed","template":"","meta":{"_et_pb_use_builder":"on","_et_pb_old_content":"","_et_gb_content_width":"","_uf_show_specific_survey":0,"_uf_disable_surveys":false,"footnotes":""},"class_list":["post-264507","page","type-page","status-publish","hentry"],"yoast_head":"<!-- This site is optimized with the Yoast SEO plugin v27.2 - https:\/\/yoast.com\/product\/yoast-seo-wordpress\/ -->\n<title>Mycover Protection - Moto Screenies<\/title>\n<meta name=\"description\" content=\"D\u00e9couvrez les meilleures solutions pour les b\u00e2ches de moto sur mesure et la protection contre le vol chez Mycover Protection. Avec des b\u00e2ches de haute qualit\u00e9 pour l\u2019ext\u00e9rieur et l\u2019int\u00e9rieur ainsi que des serrures ABUS avanc\u00e9es, l\u2019entreprise offre une protection compl\u00e8te pour votre moto.\" \/>\n<meta name=\"robots\" content=\"index, follow, max-snippet:-1, max-image-preview:large, max-video-preview:-1\" \/>\n<link rel=\"canonical\" href=\"https:\/\/moto-screenies.de\/fr\/mycover-protection\/\" \/>\n<meta property=\"og:locale\" content=\"fr_FR\" \/>\n<meta property=\"og:type\" content=\"article\" \/>\n<meta property=\"og:title\" content=\"Mycover Protection - Moto Screenies\" \/>\n<meta property=\"og:description\" content=\"D\u00e9couvrez les meilleures solutions pour les b\u00e2ches de moto sur mesure et la protection contre le vol chez Mycover Protection. Avec des b\u00e2ches de haute qualit\u00e9 pour l\u2019ext\u00e9rieur et l\u2019int\u00e9rieur ainsi que des serrures ABUS avanc\u00e9es, l\u2019entreprise offre une protection compl\u00e8te pour votre moto.\" \/>\n<meta property=\"og:url\" content=\"https:\/\/moto-screenies.de\/fr\/mycover-protection\/\" \/>\n<meta property=\"og:site_name\" content=\"Moto Screenies\" \/>\n<meta property=\"article:modified_time\" content=\"2025-11-25T07:33:43+00:00\" \/>\n<meta name=\"twitter:card\" content=\"summary_large_image\" \/>\n<meta name=\"twitter:label1\" content=\"Dur\u00e9e de lecture estim\u00e9e\" \/>\n\t<meta name=\"twitter:data1\" content=\"7 minutes\" \/>\n<script type=\"application\/ld+json\" class=\"yoast-schema-graph\">{\"@context\":\"https:\/\/schema.org\",\"@graph\":[{\"@type\":\"WebPage\",\"@id\":\"https:\/\/moto-screenies.de\/fr\/mycover-protection\/\",\"url\":\"https:\/\/moto-screenies.de\/fr\/mycover-protection\/\",\"name\":\"Mycover Protection - Moto Screenies\",\"isPartOf\":{\"@id\":\"https:\/\/moto-screenies.de\/fr\/#website\"},\"datePublished\":\"2024-07-15T08:58:15+00:00\",\"dateModified\":\"2025-11-25T07:33:43+00:00\",\"description\":\"D\u00e9couvrez les meilleures solutions pour les b\u00e2ches de moto sur mesure et la protection contre le vol chez Mycover Protection. Avec des b\u00e2ches de haute qualit\u00e9 pour l\u2019ext\u00e9rieur et l\u2019int\u00e9rieur ainsi que des serrures ABUS avanc\u00e9es, l\u2019entreprise offre une protection compl\u00e8te pour votre moto.\",\"breadcrumb\":{\"@id\":\"https:\/\/moto-screenies.de\/fr\/mycover-protection\/#breadcrumb\"},\"inLanguage\":\"fr-FR\",\"potentialAction\":[{\"@type\":\"ReadAction\",\"target\":[\"https:\/\/moto-screenies.de\/fr\/mycover-protection\/\"]}]},{\"@type\":\"BreadcrumbList\",\"@id\":\"https:\/\/moto-screenies.de\/fr\/mycover-protection\/#breadcrumb\",\"itemListElement\":[{\"@type\":\"ListItem\",\"position\":1,\"name\":\"Startseite\",\"item\":\"https:\/\/moto-screenies.de\/fr\/\"},{\"@type\":\"ListItem\",\"position\":2,\"name\":\"Mycover Protection\"}]},{\"@type\":\"WebSite\",\"@id\":\"https:\/\/moto-screenies.de\/fr\/#website\",\"url\":\"https:\/\/moto-screenies.de\/fr\/\",\"name\":\"Moto Screenies\",\"description\":\"Die Displayschutzfolie f\u00fcr dein Motorrad\",\"publisher\":{\"@id\":\"https:\/\/moto-screenies.de\/fr\/#organization\"},\"alternateName\":\"MS\",\"potentialAction\":[{\"@type\":\"SearchAction\",\"target\":{\"@type\":\"EntryPoint\",\"urlTemplate\":\"https:\/\/moto-screenies.de\/fr\/?s={search_term_string}\"},\"query-input\":{\"@type\":\"PropertyValueSpecification\",\"valueRequired\":true,\"valueName\":\"search_term_string\"}}],\"inLanguage\":\"fr-FR\"},{\"@type\":\"Organization\",\"@id\":\"https:\/\/moto-screenies.de\/fr\/#organization\",\"name\":\"Moto Screenies\",\"url\":\"https:\/\/moto-screenies.de\/fr\/\",\"logo\":{\"@type\":\"ImageObject\",\"inLanguage\":\"fr-FR\",\"@id\":\"https:\/\/moto-screenies.de\/fr\/#\/schema\/logo\/image\/\",\"url\":\"\",\"contentUrl\":\"\",\"caption\":\"Moto Screenies\"},\"image\":{\"@id\":\"https:\/\/moto-screenies.de\/fr\/#\/schema\/logo\/image\/\"}}]}<\/script>\n<!-- \/ Yoast SEO plugin. -->","yoast_head_json":{"title":"Mycover Protection - Moto Screenies","description":"D\u00e9couvrez les meilleures solutions pour les b\u00e2ches de moto sur mesure et la protection contre le vol chez Mycover Protection. Avec des b\u00e2ches de haute qualit\u00e9 pour l\u2019ext\u00e9rieur et l\u2019int\u00e9rieur ainsi que des serrures ABUS avanc\u00e9es, l\u2019entreprise offre une protection compl\u00e8te pour votre moto.","robots":{"index":"index","follow":"follow","max-snippet":"max-snippet:-1","max-image-preview":"max-image-preview:large","max-video-preview":"max-video-preview:-1"},"canonical":"https:\/\/moto-screenies.de\/fr\/mycover-protection\/","og_locale":"fr_FR","og_type":"article","og_title":"Mycover Protection - Moto Screenies","og_description":"D\u00e9couvrez les meilleures solutions pour les b\u00e2ches de moto sur mesure et la protection contre le vol chez Mycover Protection. Avec des b\u00e2ches de haute qualit\u00e9 pour l\u2019ext\u00e9rieur et l\u2019int\u00e9rieur ainsi que des serrures ABUS avanc\u00e9es, l\u2019entreprise offre une protection compl\u00e8te pour votre moto.","og_url":"https:\/\/moto-screenies.de\/fr\/mycover-protection\/","og_site_name":"Moto Screenies","article_modified_time":"2025-11-25T07:33:43+00:00","twitter_card":"summary_large_image","twitter_misc":{"Dur\u00e9e de lecture estim\u00e9e":"7 minutes"},"schema":{"@context":"https:\/\/schema.org","@graph":[{"@type":"WebPage","@id":"https:\/\/moto-screenies.de\/fr\/mycover-protection\/","url":"https:\/\/moto-screenies.de\/fr\/mycover-protection\/","name":"Mycover Protection - Moto Screenies","isPartOf":{"@id":"https:\/\/moto-screenies.de\/fr\/#website"},"datePublished":"2024-07-15T08:58:15+00:00","dateModified":"2025-11-25T07:33:43+00:00","description":"D\u00e9couvrez les meilleures solutions pour les b\u00e2ches de moto sur mesure et la protection contre le vol chez Mycover Protection. Avec des b\u00e2ches de haute qualit\u00e9 pour l\u2019ext\u00e9rieur et l\u2019int\u00e9rieur ainsi que des serrures ABUS avanc\u00e9es, l\u2019entreprise offre une protection compl\u00e8te pour votre moto.","breadcrumb":{"@id":"https:\/\/moto-screenies.de\/fr\/mycover-protection\/#breadcrumb"},"inLanguage":"fr-FR","potentialAction":[{"@type":"ReadAction","target":["https:\/\/moto-screenies.de\/fr\/mycover-protection\/"]}]},{"@type":"BreadcrumbList","@id":"https:\/\/moto-screenies.de\/fr\/mycover-protection\/#breadcrumb","itemListElement":[{"@type":"ListItem","position":1,"name":"Startseite","item":"https:\/\/moto-screenies.de\/fr\/"},{"@type":"ListItem","position":2,"name":"Mycover Protection"}]},{"@type":"WebSite","@id":"https:\/\/moto-screenies.de\/fr\/#website","url":"https:\/\/moto-screenies.de\/fr\/","name":"Moto Screenies","description":"Die Displayschutzfolie f\u00fcr dein Motorrad","publisher":{"@id":"https:\/\/moto-screenies.de\/fr\/#organization"},"alternateName":"MS","potentialAction":[{"@type":"SearchAction","target":{"@type":"EntryPoint","urlTemplate":"https:\/\/moto-screenies.de\/fr\/?s={search_term_string}"},"query-input":{"@type":"PropertyValueSpecification","valueRequired":true,"valueName":"search_term_string"}}],"inLanguage":"fr-FR"},{"@type":"Organization","@id":"https:\/\/moto-screenies.de\/fr\/#organization","name":"Moto Screenies","url":"https:\/\/moto-screenies.de\/fr\/","logo":{"@type":"ImageObject","inLanguage":"fr-FR","@id":"https:\/\/moto-screenies.de\/fr\/#\/schema\/logo\/image\/","url":"","contentUrl":"","caption":"Moto Screenies"},"image":{"@id":"https:\/\/moto-screenies.de\/fr\/#\/schema\/logo\/image\/"}}]}},"_links":{"self":[{"href":"https:\/\/moto-screenies.de\/fr\/wp-json\/wp\/v2\/pages\/264507","targetHints":{"allow":["GET"]}}],"collection":[{"href":"https:\/\/moto-screenies.de\/fr\/wp-json\/wp\/v2\/pages"}],"about":[{"href":"https:\/\/moto-screenies.de\/fr\/wp-json\/wp\/v2\/types\/page"}],"author":[{"embeddable":true,"href":"https:\/\/moto-screenies.de\/fr\/wp-json\/wp\/v2\/users\/1"}],"replies":[{"embeddable":true,"href":"https:\/\/moto-screenies.de\/fr\/wp-json\/wp\/v2\/comments?post=264507"}],"version-history":[{"count":0,"href":"https:\/\/moto-screenies.de\/fr\/wp-json\/wp\/v2\/pages\/264507\/revisions"}],"wp:attachment":[{"href":"https:\/\/moto-screenies.de\/fr\/wp-json\/wp\/v2\/media?parent=264507"}],"curies":[{"name":"wp","href":"https:\/\/api.w.org\/{rel}","templated":true}]}}