{"id":264567,"date":"2023-11-19T14:28:42","date_gmt":"2023-11-19T13:28:42","guid":{"rendered":"https:\/\/moto-screenies.de\/blog\/"},"modified":"2025-11-25T08:35:25","modified_gmt":"2025-11-25T07:35:25","slug":"blog","status":"publish","type":"page","link":"https:\/\/moto-screenies.de\/fr\/blog\/","title":{"rendered":"Blog"},"content":{"rendered":"<p>[et_pb_section fb_built=\u00a0\u00bb1&Prime; admin_label=\u00a0\u00bbHeader &#038; Blog\u00a0\u00bb _builder_version=\u00a0\u00bb4.20.0&Prime; _module_preset=\u00a0\u00bbdefault\u00a0\u00bb collapsed=\u00a0\u00bbon\u00a0\u00bb global_colors_info=\u00a0\u00bb{}\u00a0\u00bb][et_pb_row _builder_version=\u00a0\u00bb4.20.0&Prime; _module_preset=\u00a0\u00bbdefault\u00a0\u00bb global_colors_info=\u00a0\u00bb{}\u00a0\u00bb][et_pb_column type=\u00a0\u00bb4_4&Prime; _builder_version=\u00a0\u00bb4.20.0&Prime; _module_preset=\u00a0\u00bbdefault\u00a0\u00bb global_colors_info=\u00a0\u00bb{}\u00a0\u00bb][et_pb_text _builder_version=\u00a0\u00bb4.25.1&Prime; _module_preset=\u00a0\u00bb9e70f520-8f56-4e73-bd41-66f0ca4f5e8b\u00a0\u00bb text_orientation=\u00a0\u00bbcenter\u00a0\u00bb hover_enabled=\u00a0\u00bb0&Prime; global_colors_info=\u00a0\u00bb{}\u00a0\u00bb sticky_enabled=\u00a0\u00bb0&Prime;]<\/p>\n<h1>Moto Screenies Blog<\/h1>\n<p>[\/et_pb_text][et_pb_post_slider posts_number=\u00a0\u00bb3&Prime; _builder_version=\u00a0\u00bb4.23.1&Prime; _module_preset=\u00a0\u00bb599cfb19-4424-498b-a253-d64d722ee4db\u00a0\u00bb locked=\u00a0\u00bboff\u00a0\u00bb global_colors_info=\u00a0\u00bb{%22gcid-1b4a3854-7b44-49f6-922e-e1ac36476373%22:%91%22bg_overlay_color%22%93}\u00a0\u00bb][\/et_pb_post_slider][\/et_pb_column][\/et_pb_row][et_pb_row _builder_version=\u00a0\u00bb4.20.0&Prime; _module_preset=\u00a0\u00bbdefault\u00a0\u00bb global_colors_info=\u00a0\u00bb{}\u00a0\u00bb][et_pb_column type=\u00a0\u00bb4_4&Prime; _builder_version=\u00a0\u00bb4.20.0&Prime; _module_preset=\u00a0\u00bbdefault\u00a0\u00bb global_colors_info=\u00a0\u00bb{}\u00a0\u00bb][et_pb_blog posts_number=\u00a0\u00bb6&Prime; show_date=\u00a0\u00bboff\u00a0\u00bb show_categories=\u00a0\u00bboff\u00a0\u00bb _builder_version=\u00a0\u00bb4.24.0&Prime; _module_preset=\u00a0\u00bb5ab43110-26f2-4e4b-a1d1-e58290176cb3&Prime; background_size=\u00a0\u00bbcontain\u00a0\u00bb border_radii_image=\u00a0\u00bboff|0px|20px||\u00a0\u00bb locked=\u00a0\u00bboff\u00a0\u00bb global_colors_info=\u00a0\u00bb{%22gcid-86031d5b-0170-405c-b57e-166734aa8a67%22:%91%22read_more_text_color%22%93}\u00a0\u00bb][\/et_pb_blog][\/et_pb_column][\/et_pb_row][\/et_pb_section]<\/p>\n","protected":false},"excerpt":{"rendered":"<p>Moto Screenies Blog<\/p>\n","protected":false},"author":1,"featured_media":0,"parent":0,"menu_order":0,"comment_status":"closed","ping_status":"closed","template":"","meta":{"_et_pb_use_builder":"on","_et_pb_old_content":"","_et_gb_content_width":"","_uf_show_specific_survey":0,"_uf_disable_surveys":false,"footnotes":""},"class_list":["post-264567","page","type-page","status-publish","hentry"],"yoast_head":"<!-- This site is optimized with the Yoast SEO plugin v27.2 - https:\/\/yoast.com\/product\/yoast-seo-wordpress\/ -->\n<title>Blog Tractor Screenies \u2013 Conseils d\u2019experts et actualit\u00e9s sur les protecteurs d\u2019\u00e9cran pour tracteurs<\/title>\n<meta name=\"description\" content=\"Plongez dans l\u2019univers des accessoires pour tracteurs avec le blog Tractor Screenies. D\u00e9couvrez toutes les derni\u00e8res tendances, conseils d\u2019entretien et solutions innovantes pour prot\u00e9ger l\u2019exposition de votre tracteur. Nos experts partagent leurs connaissances et leur exp\u00e9rience pour vous aider \u00e0 tirer le meilleur parti de votre tracteur. Lisez nos derniers articles d\u00e8s maintenant !\" \/>\n<meta name=\"robots\" content=\"index, follow, max-snippet:-1, max-image-preview:large, max-video-preview:-1\" \/>\n<link rel=\"canonical\" href=\"https:\/\/moto-screenies.de\/fr\/blog\/\" \/>\n<meta property=\"og:locale\" content=\"fr_FR\" \/>\n<meta property=\"og:type\" content=\"article\" \/>\n<meta property=\"og:title\" content=\"Blog Tractor Screenies \u2013 Conseils d\u2019experts et actualit\u00e9s sur les protecteurs d\u2019\u00e9cran pour tracteurs\" \/>\n<meta property=\"og:description\" content=\"Plongez dans l\u2019univers des accessoires pour tracteurs avec le blog Tractor Screenies. D\u00e9couvrez toutes les derni\u00e8res tendances, conseils d\u2019entretien et solutions innovantes pour prot\u00e9ger l\u2019exposition de votre tracteur. Nos experts partagent leurs connaissances et leur exp\u00e9rience pour vous aider \u00e0 tirer le meilleur parti de votre tracteur. Lisez nos derniers articles d\u00e8s maintenant !\" \/>\n<meta property=\"og:url\" content=\"https:\/\/moto-screenies.de\/fr\/blog\/\" \/>\n<meta property=\"og:site_name\" content=\"Moto Screenies\" \/>\n<meta property=\"article:modified_time\" content=\"2025-11-25T07:35:25+00:00\" \/>\n<meta name=\"twitter:card\" content=\"summary_large_image\" \/>\n<meta name=\"twitter:label1\" content=\"Dur\u00e9e de lecture estim\u00e9e\" \/>\n\t<meta name=\"twitter:data1\" content=\"1 minute\" \/>\n<script type=\"application\/ld+json\" class=\"yoast-schema-graph\">{\"@context\":\"https:\/\/schema.org\",\"@graph\":[{\"@type\":\"WebPage\",\"@id\":\"https:\/\/moto-screenies.de\/fr\/blog\/\",\"url\":\"https:\/\/moto-screenies.de\/fr\/blog\/\",\"name\":\"Blog Tractor Screenies \u2013 Conseils d\u2019experts et actualit\u00e9s sur les protecteurs d\u2019\u00e9cran pour tracteurs\",\"isPartOf\":{\"@id\":\"https:\/\/moto-screenies.de\/fr\/#website\"},\"datePublished\":\"2023-11-19T13:28:42+00:00\",\"dateModified\":\"2025-11-25T07:35:25+00:00\",\"description\":\"Plongez dans l\u2019univers des accessoires pour tracteurs avec le blog Tractor Screenies. D\u00e9couvrez toutes les derni\u00e8res tendances, conseils d\u2019entretien et solutions innovantes pour prot\u00e9ger l\u2019exposition de votre tracteur. Nos experts partagent leurs connaissances et leur exp\u00e9rience pour vous aider \u00e0 tirer le meilleur parti de votre tracteur. Lisez nos derniers articles d\u00e8s maintenant !\",\"breadcrumb\":{\"@id\":\"https:\/\/moto-screenies.de\/fr\/blog\/#breadcrumb\"},\"inLanguage\":\"fr-FR\",\"potentialAction\":[{\"@type\":\"ReadAction\",\"target\":[\"https:\/\/moto-screenies.de\/fr\/blog\/\"]}]},{\"@type\":\"BreadcrumbList\",\"@id\":\"https:\/\/moto-screenies.de\/fr\/blog\/#breadcrumb\",\"itemListElement\":[{\"@type\":\"ListItem\",\"position\":1,\"name\":\"Startseite\",\"item\":\"https:\/\/moto-screenies.de\/fr\/\"},{\"@type\":\"ListItem\",\"position\":2,\"name\":\"Blog\"}]},{\"@type\":\"WebSite\",\"@id\":\"https:\/\/moto-screenies.de\/fr\/#website\",\"url\":\"https:\/\/moto-screenies.de\/fr\/\",\"name\":\"Moto Screenies\",\"description\":\"Die Displayschutzfolie f\u00fcr dein Motorrad\",\"publisher\":{\"@id\":\"https:\/\/moto-screenies.de\/fr\/#organization\"},\"alternateName\":\"MS\",\"potentialAction\":[{\"@type\":\"SearchAction\",\"target\":{\"@type\":\"EntryPoint\",\"urlTemplate\":\"https:\/\/moto-screenies.de\/fr\/?s={search_term_string}\"},\"query-input\":{\"@type\":\"PropertyValueSpecification\",\"valueRequired\":true,\"valueName\":\"search_term_string\"}}],\"inLanguage\":\"fr-FR\"},{\"@type\":\"Organization\",\"@id\":\"https:\/\/moto-screenies.de\/fr\/#organization\",\"name\":\"Moto Screenies\",\"url\":\"https:\/\/moto-screenies.de\/fr\/\",\"logo\":{\"@type\":\"ImageObject\",\"inLanguage\":\"fr-FR\",\"@id\":\"https:\/\/moto-screenies.de\/fr\/#\/schema\/logo\/image\/\",\"url\":\"\",\"contentUrl\":\"\",\"caption\":\"Moto Screenies\"},\"image\":{\"@id\":\"https:\/\/moto-screenies.de\/fr\/#\/schema\/logo\/image\/\"}}]}<\/script>\n<!-- \/ Yoast SEO plugin. -->","yoast_head_json":{"title":"Blog Tractor Screenies \u2013 Conseils d\u2019experts et actualit\u00e9s sur les protecteurs d\u2019\u00e9cran pour tracteurs","description":"Plongez dans l\u2019univers des accessoires pour tracteurs avec le blog Tractor Screenies. D\u00e9couvrez toutes les derni\u00e8res tendances, conseils d\u2019entretien et solutions innovantes pour prot\u00e9ger l\u2019exposition de votre tracteur. Nos experts partagent leurs connaissances et leur exp\u00e9rience pour vous aider \u00e0 tirer le meilleur parti de votre tracteur. Lisez nos derniers articles d\u00e8s maintenant !","robots":{"index":"index","follow":"follow","max-snippet":"max-snippet:-1","max-image-preview":"max-image-preview:large","max-video-preview":"max-video-preview:-1"},"canonical":"https:\/\/moto-screenies.de\/fr\/blog\/","og_locale":"fr_FR","og_type":"article","og_title":"Blog Tractor Screenies \u2013 Conseils d\u2019experts et actualit\u00e9s sur les protecteurs d\u2019\u00e9cran pour tracteurs","og_description":"Plongez dans l\u2019univers des accessoires pour tracteurs avec le blog Tractor Screenies. D\u00e9couvrez toutes les derni\u00e8res tendances, conseils d\u2019entretien et solutions innovantes pour prot\u00e9ger l\u2019exposition de votre tracteur. Nos experts partagent leurs connaissances et leur exp\u00e9rience pour vous aider \u00e0 tirer le meilleur parti de votre tracteur. Lisez nos derniers articles d\u00e8s maintenant !","og_url":"https:\/\/moto-screenies.de\/fr\/blog\/","og_site_name":"Moto Screenies","article_modified_time":"2025-11-25T07:35:25+00:00","twitter_card":"summary_large_image","twitter_misc":{"Dur\u00e9e de lecture estim\u00e9e":"1 minute"},"schema":{"@context":"https:\/\/schema.org","@graph":[{"@type":"WebPage","@id":"https:\/\/moto-screenies.de\/fr\/blog\/","url":"https:\/\/moto-screenies.de\/fr\/blog\/","name":"Blog Tractor Screenies \u2013 Conseils d\u2019experts et actualit\u00e9s sur les protecteurs d\u2019\u00e9cran pour tracteurs","isPartOf":{"@id":"https:\/\/moto-screenies.de\/fr\/#website"},"datePublished":"2023-11-19T13:28:42+00:00","dateModified":"2025-11-25T07:35:25+00:00","description":"Plongez dans l\u2019univers des accessoires pour tracteurs avec le blog Tractor Screenies. D\u00e9couvrez toutes les derni\u00e8res tendances, conseils d\u2019entretien et solutions innovantes pour prot\u00e9ger l\u2019exposition de votre tracteur. Nos experts partagent leurs connaissances et leur exp\u00e9rience pour vous aider \u00e0 tirer le meilleur parti de votre tracteur. Lisez nos derniers articles d\u00e8s maintenant !","breadcrumb":{"@id":"https:\/\/moto-screenies.de\/fr\/blog\/#breadcrumb"},"inLanguage":"fr-FR","potentialAction":[{"@type":"ReadAction","target":["https:\/\/moto-screenies.de\/fr\/blog\/"]}]},{"@type":"BreadcrumbList","@id":"https:\/\/moto-screenies.de\/fr\/blog\/#breadcrumb","itemListElement":[{"@type":"ListItem","position":1,"name":"Startseite","item":"https:\/\/moto-screenies.de\/fr\/"},{"@type":"ListItem","position":2,"name":"Blog"}]},{"@type":"WebSite","@id":"https:\/\/moto-screenies.de\/fr\/#website","url":"https:\/\/moto-screenies.de\/fr\/","name":"Moto Screenies","description":"Die Displayschutzfolie f\u00fcr dein Motorrad","publisher":{"@id":"https:\/\/moto-screenies.de\/fr\/#organization"},"alternateName":"MS","potentialAction":[{"@type":"SearchAction","target":{"@type":"EntryPoint","urlTemplate":"https:\/\/moto-screenies.de\/fr\/?s={search_term_string}"},"query-input":{"@type":"PropertyValueSpecification","valueRequired":true,"valueName":"search_term_string"}}],"inLanguage":"fr-FR"},{"@type":"Organization","@id":"https:\/\/moto-screenies.de\/fr\/#organization","name":"Moto Screenies","url":"https:\/\/moto-screenies.de\/fr\/","logo":{"@type":"ImageObject","inLanguage":"fr-FR","@id":"https:\/\/moto-screenies.de\/fr\/#\/schema\/logo\/image\/","url":"","contentUrl":"","caption":"Moto Screenies"},"image":{"@id":"https:\/\/moto-screenies.de\/fr\/#\/schema\/logo\/image\/"}}]}},"_links":{"self":[{"href":"https:\/\/moto-screenies.de\/fr\/wp-json\/wp\/v2\/pages\/264567","targetHints":{"allow":["GET"]}}],"collection":[{"href":"https:\/\/moto-screenies.de\/fr\/wp-json\/wp\/v2\/pages"}],"about":[{"href":"https:\/\/moto-screenies.de\/fr\/wp-json\/wp\/v2\/types\/page"}],"author":[{"embeddable":true,"href":"https:\/\/moto-screenies.de\/fr\/wp-json\/wp\/v2\/users\/1"}],"replies":[{"embeddable":true,"href":"https:\/\/moto-screenies.de\/fr\/wp-json\/wp\/v2\/comments?post=264567"}],"version-history":[{"count":0,"href":"https:\/\/moto-screenies.de\/fr\/wp-json\/wp\/v2\/pages\/264567\/revisions"}],"wp:attachment":[{"href":"https:\/\/moto-screenies.de\/fr\/wp-json\/wp\/v2\/media?parent=264567"}],"curies":[{"name":"wp","href":"https:\/\/api.w.org\/{rel}","templated":true}]}}