{"id":188324,"date":"2020-11-11T15:55:31","date_gmt":"2020-11-11T14:55:31","guid":{"rendered":"https:\/\/moto-screenies.de\/produkt\/indian-ftr-1200-s-displayschutz-folie-moto-screenies-tachoschutzfolie-schutzglas-folie-displayfolie-made-in-germany\/"},"modified":"2026-01-26T15:19:43","modified_gmt":"2026-01-26T14:19:43","slug":"indian-ftr-1200-s-displayschutz-folie-moto-screenies-tachoschutzfolie-schutzglas-folie-displayfolie-made-in-germany","status":"publish","type":"product","link":"https:\/\/moto-screenies.de\/fr\/produkt\/indian-ftr-1200-s-displayschutz-folie-moto-screenies-tachoschutzfolie-schutzglas-folie-displayfolie-made-in-germany\/","title":{"rendered":"INDIAN FTR 1200 S  Displayschutz-Folie  Moto Screenies Tachoschutzfolie Schutzglas-Folie Displayfolie Made in Germany"},"content":{"rendered":"<p>Entdecken Sie den optimalen Schutz f\u00fcr Ihr Motorrad-Display mit der INDIAN FTR 1200 S Tachoschutzfolie Displayschutzfolie. Diese hochwertige Schutzfolie bewahrt Ihr Display vor Kratzern, Staub und Schmutz, w\u00e4hrend sie die Sichtbarkeit und Bedienbarkeit nicht beeintr\u00e4chtigt. Die einfache Anbringung sorgt daf\u00fcr, dass Ihr Motorrad schnell und m\u00fchelos gesch\u00fctzt ist. Investieren Sie in die Langlebigkeit Ihres Motorrads und bewahren Sie den Wert Ihres Displays. Passend f\u00fcr: INDIAN FTR 1200 S Tachoschutzfolie Displayschutzfolie.<\/p>\n","protected":false},"excerpt":{"rendered":"<p>Entdecken Sie den optimalen Schutz f\u00fcr Ihr Motorrad-Display mit der INDIAN FTR 1200 S Tachoschutzfolie Displayschutzfolie. Diese hochwertige Schutzfolie bewahrt Ihr Display vor Kratzern, Staub und Schmutz, w\u00e4hrend sie die Sichtbarkeit und Bedienbarkeit nicht beeintr\u00e4chtigt. Die einfache Anbringung sorgt daf\u00fcr, dass Ihr Motorrad schnell und m\u00fchelos gesch\u00fctzt ist. Investieren Sie in die Langlebigkeit Ihres Motorrads [&hellip;]<\/p>\n","protected":false},"featured_media":194305,"comment_status":"open","ping_status":"closed","template":"","meta":{"_et_pb_use_builder":"","_et_pb_old_content":"","_et_gb_content_width":"","_uf_show_specific_survey":0,"_uf_disable_surveys":false},"product_brand":[],"product_cat":[432],"product_tag":[117],"class_list":{"0":"post-188324","1":"product","2":"type-product","3":"status-publish","4":"has-post-thumbnail","6":"product_cat-sonstige-modelle","7":"product_tag-tachoschutzfolie","8":"product_shipping_class-standard","10":"first","11":"instock","12":"taxable","13":"shipping-taxable","14":"purchasable","15":"product-type-variable"},"yoast_head":"<!-- This site is optimized with the Yoast SEO plugin v27.2 - https:\/\/yoast.com\/product\/yoast-seo-wordpress\/ -->\n<title>INDIAN FTR 1200 S Displayschutz-Folie Moto Screenies Tachoschutzfolie Schutzglas-Folie Displayfolie Made in Germany<\/title>\n<meta name=\"description\" content=\"Sch\u00fctzen Sie das Display Ihrer INDIAN FTR 1200 S mit unserer hochwertigen Tachoschutzfolie. Erfahren Sie, wie Sie Kratzer vermeiden und die Lebensdauer Ihres Displays verl\u00e4ngern k\u00f6nnen. Perfekter Schutz f\u00fcr Ihr Motorrad!\" \/>\n<meta name=\"robots\" content=\"index, follow, max-snippet:-1, max-image-preview:large, max-video-preview:-1\" \/>\n<link rel=\"canonical\" href=\"https:\/\/moto-screenies.de\/fr\/produkt\/indian-ftr-1200-s-displayschutz-folie-moto-screenies-tachoschutzfolie-schutzglas-folie-displayfolie-made-in-germany\/\" \/>\n<meta property=\"og:locale\" content=\"fr_FR\" \/>\n<meta property=\"og:type\" content=\"article\" \/>\n<meta property=\"og:title\" content=\"INDIAN FTR 1200 S Displayschutz-Folie Moto Screenies Tachoschutzfolie Schutzglas-Folie Displayfolie Made in Germany\" \/>\n<meta property=\"og:description\" content=\"Sch\u00fctzen Sie das Display Ihrer INDIAN FTR 1200 S mit unserer hochwertigen Tachoschutzfolie. Erfahren Sie, wie Sie Kratzer vermeiden und die Lebensdauer Ihres Displays verl\u00e4ngern k\u00f6nnen. Perfekter Schutz f\u00fcr Ihr Motorrad!\" \/>\n<meta property=\"og:url\" content=\"https:\/\/moto-screenies.de\/fr\/produkt\/indian-ftr-1200-s-displayschutz-folie-moto-screenies-tachoschutzfolie-schutzglas-folie-displayfolie-made-in-germany\/\" \/>\n<meta property=\"og:site_name\" content=\"Moto Screenies\" \/>\n<meta property=\"article:modified_time\" content=\"2026-01-26T14:19:43+00:00\" \/>\n<meta property=\"og:image\" content=\"https:\/\/moto-screenies.de\/wp-content\/uploads\/2025\/11\/328139_Product.png\" \/>\n\t<meta property=\"og:image:width\" content=\"1500\" \/>\n\t<meta property=\"og:image:height\" content=\"1500\" \/>\n\t<meta property=\"og:image:type\" content=\"image\/png\" \/>\n<meta name=\"twitter:card\" content=\"summary_large_image\" \/>\n<script type=\"application\/ld+json\" class=\"yoast-schema-graph\">{\"@context\":\"https:\/\/schema.org\",\"@graph\":[{\"@type\":\"WebPage\",\"@id\":\"https:\/\/moto-screenies.de\/fr\/produkt\/indian-ftr-1200-s-displayschutz-folie-moto-screenies-tachoschutzfolie-schutzglas-folie-displayfolie-made-in-germany\/\",\"url\":\"https:\/\/moto-screenies.de\/fr\/produkt\/indian-ftr-1200-s-displayschutz-folie-moto-screenies-tachoschutzfolie-schutzglas-folie-displayfolie-made-in-germany\/\",\"name\":\"INDIAN FTR 1200 S Displayschutz-Folie Moto Screenies Tachoschutzfolie Schutzglas-Folie Displayfolie Made in Germany\",\"isPartOf\":{\"@id\":\"https:\/\/moto-screenies.de\/fr\/#website\"},\"primaryImageOfPage\":{\"@id\":\"https:\/\/moto-screenies.de\/fr\/produkt\/indian-ftr-1200-s-displayschutz-folie-moto-screenies-tachoschutzfolie-schutzglas-folie-displayfolie-made-in-germany\/#primaryimage\"},\"image\":{\"@id\":\"https:\/\/moto-screenies.de\/fr\/produkt\/indian-ftr-1200-s-displayschutz-folie-moto-screenies-tachoschutzfolie-schutzglas-folie-displayfolie-made-in-germany\/#primaryimage\"},\"thumbnailUrl\":\"https:\/\/moto-screenies.de\/wp-content\/uploads\/2025\/11\/328139_Product.png\",\"datePublished\":\"2020-11-11T14:55:31+00:00\",\"dateModified\":\"2026-01-26T14:19:43+00:00\",\"description\":\"Sch\u00fctzen Sie das Display Ihrer INDIAN FTR 1200 S mit unserer hochwertigen Tachoschutzfolie. Erfahren Sie, wie Sie Kratzer vermeiden und die Lebensdauer Ihres Displays verl\u00e4ngern k\u00f6nnen. Perfekter Schutz f\u00fcr Ihr Motorrad!\",\"breadcrumb\":{\"@id\":\"https:\/\/moto-screenies.de\/fr\/produkt\/indian-ftr-1200-s-displayschutz-folie-moto-screenies-tachoschutzfolie-schutzglas-folie-displayfolie-made-in-germany\/#breadcrumb\"},\"inLanguage\":\"fr-FR\",\"potentialAction\":[{\"@type\":\"ReadAction\",\"target\":[\"https:\/\/moto-screenies.de\/fr\/produkt\/indian-ftr-1200-s-displayschutz-folie-moto-screenies-tachoschutzfolie-schutzglas-folie-displayfolie-made-in-germany\/\"]}]},{\"@type\":\"ImageObject\",\"inLanguage\":\"fr-FR\",\"@id\":\"https:\/\/moto-screenies.de\/fr\/produkt\/indian-ftr-1200-s-displayschutz-folie-moto-screenies-tachoschutzfolie-schutzglas-folie-displayfolie-made-in-germany\/#primaryimage\",\"url\":\"https:\/\/moto-screenies.de\/wp-content\/uploads\/2025\/11\/328139_Product.png\",\"contentUrl\":\"https:\/\/moto-screenies.de\/wp-content\/uploads\/2025\/11\/328139_Product.png\",\"width\":1500,\"height\":1500,\"caption\":\"Unbenannt-2\"},{\"@type\":\"BreadcrumbList\",\"@id\":\"https:\/\/moto-screenies.de\/fr\/produkt\/indian-ftr-1200-s-displayschutz-folie-moto-screenies-tachoschutzfolie-schutzglas-folie-displayfolie-made-in-germany\/#breadcrumb\",\"itemListElement\":[{\"@type\":\"ListItem\",\"position\":1,\"name\":\"Startseite\",\"item\":\"https:\/\/moto-screenies.de\/fr\/\"},{\"@type\":\"ListItem\",\"position\":2,\"name\":\"Boutique\",\"item\":\"https:\/\/moto-screenies.de\/fr\/boutique\/\"},{\"@type\":\"ListItem\",\"position\":3,\"name\":\"INDIAN FTR 1200 S Displayschutz-Folie Moto Screenies Tachoschutzfolie Schutzglas-Folie Displayfolie Made in Germany\"}]},{\"@type\":\"WebSite\",\"@id\":\"https:\/\/moto-screenies.de\/fr\/#website\",\"url\":\"https:\/\/moto-screenies.de\/fr\/\",\"name\":\"Moto Screenies\",\"description\":\"Die Displayschutzfolie f\u00fcr dein Motorrad\",\"publisher\":{\"@id\":\"https:\/\/moto-screenies.de\/fr\/#organization\"},\"alternateName\":\"MS\",\"potentialAction\":[{\"@type\":\"SearchAction\",\"target\":{\"@type\":\"EntryPoint\",\"urlTemplate\":\"https:\/\/moto-screenies.de\/fr\/?s={search_term_string}\"},\"query-input\":{\"@type\":\"PropertyValueSpecification\",\"valueRequired\":true,\"valueName\":\"search_term_string\"}}],\"inLanguage\":\"fr-FR\"},{\"@type\":\"Organization\",\"@id\":\"https:\/\/moto-screenies.de\/fr\/#organization\",\"name\":\"Moto Screenies\",\"url\":\"https:\/\/moto-screenies.de\/fr\/\",\"logo\":{\"@type\":\"ImageObject\",\"inLanguage\":\"fr-FR\",\"@id\":\"https:\/\/moto-screenies.de\/fr\/#\/schema\/logo\/image\/\",\"url\":\"\",\"contentUrl\":\"\",\"caption\":\"Moto Screenies\"},\"image\":{\"@id\":\"https:\/\/moto-screenies.de\/fr\/#\/schema\/logo\/image\/\"}}]}<\/script>\n<!-- \/ Yoast SEO plugin. -->","yoast_head_json":{"title":"INDIAN FTR 1200 S Displayschutz-Folie Moto Screenies Tachoschutzfolie Schutzglas-Folie Displayfolie Made in Germany","description":"Sch\u00fctzen Sie das Display Ihrer INDIAN FTR 1200 S mit unserer hochwertigen Tachoschutzfolie. Erfahren Sie, wie Sie Kratzer vermeiden und die Lebensdauer Ihres Displays verl\u00e4ngern k\u00f6nnen. Perfekter Schutz f\u00fcr Ihr Motorrad!","robots":{"index":"index","follow":"follow","max-snippet":"max-snippet:-1","max-image-preview":"max-image-preview:large","max-video-preview":"max-video-preview:-1"},"canonical":"https:\/\/moto-screenies.de\/fr\/produkt\/indian-ftr-1200-s-displayschutz-folie-moto-screenies-tachoschutzfolie-schutzglas-folie-displayfolie-made-in-germany\/","og_locale":"fr_FR","og_type":"article","og_title":"INDIAN FTR 1200 S Displayschutz-Folie Moto Screenies Tachoschutzfolie Schutzglas-Folie Displayfolie Made in Germany","og_description":"Sch\u00fctzen Sie das Display Ihrer INDIAN FTR 1200 S mit unserer hochwertigen Tachoschutzfolie. Erfahren Sie, wie Sie Kratzer vermeiden und die Lebensdauer Ihres Displays verl\u00e4ngern k\u00f6nnen. Perfekter Schutz f\u00fcr Ihr Motorrad!","og_url":"https:\/\/moto-screenies.de\/fr\/produkt\/indian-ftr-1200-s-displayschutz-folie-moto-screenies-tachoschutzfolie-schutzglas-folie-displayfolie-made-in-germany\/","og_site_name":"Moto Screenies","article_modified_time":"2026-01-26T14:19:43+00:00","og_image":[{"width":1500,"height":1500,"url":"https:\/\/moto-screenies.de\/wp-content\/uploads\/2025\/11\/328139_Product.png","type":"image\/png"}],"twitter_card":"summary_large_image","schema":{"@context":"https:\/\/schema.org","@graph":[{"@type":"WebPage","@id":"https:\/\/moto-screenies.de\/fr\/produkt\/indian-ftr-1200-s-displayschutz-folie-moto-screenies-tachoschutzfolie-schutzglas-folie-displayfolie-made-in-germany\/","url":"https:\/\/moto-screenies.de\/fr\/produkt\/indian-ftr-1200-s-displayschutz-folie-moto-screenies-tachoschutzfolie-schutzglas-folie-displayfolie-made-in-germany\/","name":"INDIAN FTR 1200 S Displayschutz-Folie Moto Screenies Tachoschutzfolie Schutzglas-Folie Displayfolie Made in Germany","isPartOf":{"@id":"https:\/\/moto-screenies.de\/fr\/#website"},"primaryImageOfPage":{"@id":"https:\/\/moto-screenies.de\/fr\/produkt\/indian-ftr-1200-s-displayschutz-folie-moto-screenies-tachoschutzfolie-schutzglas-folie-displayfolie-made-in-germany\/#primaryimage"},"image":{"@id":"https:\/\/moto-screenies.de\/fr\/produkt\/indian-ftr-1200-s-displayschutz-folie-moto-screenies-tachoschutzfolie-schutzglas-folie-displayfolie-made-in-germany\/#primaryimage"},"thumbnailUrl":"https:\/\/moto-screenies.de\/wp-content\/uploads\/2025\/11\/328139_Product.png","datePublished":"2020-11-11T14:55:31+00:00","dateModified":"2026-01-26T14:19:43+00:00","description":"Sch\u00fctzen Sie das Display Ihrer INDIAN FTR 1200 S mit unserer hochwertigen Tachoschutzfolie. Erfahren Sie, wie Sie Kratzer vermeiden und die Lebensdauer Ihres Displays verl\u00e4ngern k\u00f6nnen. Perfekter Schutz f\u00fcr Ihr Motorrad!","breadcrumb":{"@id":"https:\/\/moto-screenies.de\/fr\/produkt\/indian-ftr-1200-s-displayschutz-folie-moto-screenies-tachoschutzfolie-schutzglas-folie-displayfolie-made-in-germany\/#breadcrumb"},"inLanguage":"fr-FR","potentialAction":[{"@type":"ReadAction","target":["https:\/\/moto-screenies.de\/fr\/produkt\/indian-ftr-1200-s-displayschutz-folie-moto-screenies-tachoschutzfolie-schutzglas-folie-displayfolie-made-in-germany\/"]}]},{"@type":"ImageObject","inLanguage":"fr-FR","@id":"https:\/\/moto-screenies.de\/fr\/produkt\/indian-ftr-1200-s-displayschutz-folie-moto-screenies-tachoschutzfolie-schutzglas-folie-displayfolie-made-in-germany\/#primaryimage","url":"https:\/\/moto-screenies.de\/wp-content\/uploads\/2025\/11\/328139_Product.png","contentUrl":"https:\/\/moto-screenies.de\/wp-content\/uploads\/2025\/11\/328139_Product.png","width":1500,"height":1500,"caption":"Unbenannt-2"},{"@type":"BreadcrumbList","@id":"https:\/\/moto-screenies.de\/fr\/produkt\/indian-ftr-1200-s-displayschutz-folie-moto-screenies-tachoschutzfolie-schutzglas-folie-displayfolie-made-in-germany\/#breadcrumb","itemListElement":[{"@type":"ListItem","position":1,"name":"Startseite","item":"https:\/\/moto-screenies.de\/fr\/"},{"@type":"ListItem","position":2,"name":"Boutique","item":"https:\/\/moto-screenies.de\/fr\/boutique\/"},{"@type":"ListItem","position":3,"name":"INDIAN FTR 1200 S Displayschutz-Folie Moto Screenies Tachoschutzfolie Schutzglas-Folie Displayfolie Made in Germany"}]},{"@type":"WebSite","@id":"https:\/\/moto-screenies.de\/fr\/#website","url":"https:\/\/moto-screenies.de\/fr\/","name":"Moto Screenies","description":"Die Displayschutzfolie f\u00fcr dein Motorrad","publisher":{"@id":"https:\/\/moto-screenies.de\/fr\/#organization"},"alternateName":"MS","potentialAction":[{"@type":"SearchAction","target":{"@type":"EntryPoint","urlTemplate":"https:\/\/moto-screenies.de\/fr\/?s={search_term_string}"},"query-input":{"@type":"PropertyValueSpecification","valueRequired":true,"valueName":"search_term_string"}}],"inLanguage":"fr-FR"},{"@type":"Organization","@id":"https:\/\/moto-screenies.de\/fr\/#organization","name":"Moto Screenies","url":"https:\/\/moto-screenies.de\/fr\/","logo":{"@type":"ImageObject","inLanguage":"fr-FR","@id":"https:\/\/moto-screenies.de\/fr\/#\/schema\/logo\/image\/","url":"","contentUrl":"","caption":"Moto Screenies"},"image":{"@id":"https:\/\/moto-screenies.de\/fr\/#\/schema\/logo\/image\/"}}]}},"_links":{"self":[{"href":"https:\/\/moto-screenies.de\/fr\/wp-json\/wp\/v2\/product\/188324","targetHints":{"allow":["GET"]}}],"collection":[{"href":"https:\/\/moto-screenies.de\/fr\/wp-json\/wp\/v2\/product"}],"about":[{"href":"https:\/\/moto-screenies.de\/fr\/wp-json\/wp\/v2\/types\/product"}],"replies":[{"embeddable":true,"href":"https:\/\/moto-screenies.de\/fr\/wp-json\/wp\/v2\/comments?post=188324"}],"wp:featuredmedia":[{"embeddable":true,"href":"https:\/\/moto-screenies.de\/fr\/wp-json\/wp\/v2\/media\/194305"}],"wp:attachment":[{"href":"https:\/\/moto-screenies.de\/fr\/wp-json\/wp\/v2\/media?parent=188324"}],"wp:term":[{"taxonomy":"product_brand","embeddable":true,"href":"https:\/\/moto-screenies.de\/fr\/wp-json\/wp\/v2\/product_brand?post=188324"},{"taxonomy":"product_cat","embeddable":true,"href":"https:\/\/moto-screenies.de\/fr\/wp-json\/wp\/v2\/product_cat?post=188324"},{"taxonomy":"product_tag","embeddable":true,"href":"https:\/\/moto-screenies.de\/fr\/wp-json\/wp\/v2\/product_tag?post=188324"}],"curies":[{"name":"wp","href":"https:\/\/api.w.org\/{rel}","templated":true}]}}