{"id":188525,"date":"2021-10-22T15:31:39","date_gmt":"2021-10-22T13:31:39","guid":{"rendered":"https:\/\/moto-screenies.de\/produkt\/moto-guzzi-v100-mandello-2021-displayschutz-folie-moto-screenies-tachoschutzfolie-schutzglas-folie-displayfolie-made-in-germany\/"},"modified":"2026-03-06T05:22:20","modified_gmt":"2026-03-06T04:22:20","slug":"moto-guzzi-v100-mandello-2021-displayschutz-folie-moto-screenies-tachoschutzfolie-schutzglas-folie-displayfolie-made-in-germany","status":"publish","type":"product","link":"https:\/\/moto-screenies.de\/fr\/produkt\/moto-guzzi-v100-mandello-2021-displayschutz-folie-moto-screenies-tachoschutzfolie-schutzglas-folie-displayfolie-made-in-germany\/","title":{"rendered":"Moto Guzzi V100 Mandello 2021+ Displayschutz-Folie  Moto Screenies Tachoschutzfolie Schutzglas-Folie Displayfolie Made in Germany"},"content":{"rendered":"<p>Erleben Sie optimalen Schutz f\u00fcr Ihr Motorrad mit unserer Tachoschutzfolie Displayschutzfolie, speziell entwickelt f\u00fcr die Moto Guzzi V100 Mandello 2021+. Diese hochwertige Schutzfolie bewahrt Ihr Tachodisplay vor Kratzern, Staub und Abnutzung, ohne die Sichtbarkeit oder Bedienbarkeit zu beeintr\u00e4chtigen. Die einfache Installation und perfekte Passform sorgen daf\u00fcr, dass Ihr Display immer wie neu aussieht. Investieren Sie in den Schutz Ihres Motorrads und genie\u00dfen Sie ungetr\u00fcbte Fahrten. Passend f\u00fcr: Tachoschutzfolie Displayschutzfolie passend f\u00fcr Moto Guzzi V100 Mandello 2021+.<\/p>\n","protected":false},"excerpt":{"rendered":"<p>Erleben Sie optimalen Schutz f\u00fcr Ihr Motorrad mit unserer Tachoschutzfolie Displayschutzfolie, speziell entwickelt f\u00fcr die Moto Guzzi V100 Mandello 2021+. Diese hochwertige Schutzfolie bewahrt Ihr Tachodisplay vor Kratzern, Staub und Abnutzung, ohne die Sichtbarkeit oder Bedienbarkeit zu beeintr\u00e4chtigen. Die einfache Installation und perfekte Passform sorgen daf\u00fcr, dass Ihr Display immer wie neu aussieht. Investieren Sie [&hellip;]<\/p>\n","protected":false},"featured_media":265681,"comment_status":"open","ping_status":"closed","template":"","meta":{"_et_pb_use_builder":"","_et_pb_old_content":"","_et_gb_content_width":"","_uf_show_specific_survey":0,"_uf_disable_surveys":false},"product_brand":[],"product_cat":[425],"product_tag":[117],"class_list":{"0":"post-188525","1":"product","2":"type-product","3":"status-publish","4":"has-post-thumbnail","6":"product_cat-moto-guzzi-schutzfolie-fuer-dein-motorrad","7":"product_tag-tachoschutzfolie","8":"product_shipping_class-standard","10":"first","11":"instock","12":"taxable","13":"shipping-taxable","14":"purchasable","15":"product-type-variable"},"yoast_head":"<!-- This site is optimized with the Yoast SEO plugin v27.2 - https:\/\/yoast.com\/product\/yoast-seo-wordpress\/ -->\n<title>Moto Guzzi V100 Mandello 2021+ Displayschutz-Folie Moto Screenies Tachoschutzfolie Schutzglas-Folie Displayfolie Made in Germany<\/title>\n<meta name=\"description\" content=\"Entdecken Sie den perfekten Schutz f\u00fcr Ihr Moto Guzzi V100 Mandello 2021+ mit unserer hochwertigen Tachoschutzfolie. Kratzfest, langlebig und passgenau \u2013 f\u00fcr ein makelloses Display.\" \/>\n<meta name=\"robots\" content=\"index, follow, max-snippet:-1, max-image-preview:large, max-video-preview:-1\" \/>\n<link rel=\"canonical\" href=\"https:\/\/moto-screenies.de\/fr\/produkt\/moto-guzzi-v100-mandello-2021-displayschutz-folie-moto-screenies-tachoschutzfolie-schutzglas-folie-displayfolie-made-in-germany\/\" \/>\n<meta property=\"og:locale\" content=\"fr_FR\" \/>\n<meta property=\"og:type\" content=\"article\" \/>\n<meta property=\"og:title\" content=\"Moto Guzzi V100 Mandello 2021+ Displayschutz-Folie Moto Screenies Tachoschutzfolie Schutzglas-Folie Displayfolie Made in Germany\" \/>\n<meta property=\"og:description\" content=\"Entdecken Sie den perfekten Schutz f\u00fcr Ihr Moto Guzzi V100 Mandello 2021+ mit unserer hochwertigen Tachoschutzfolie. Kratzfest, langlebig und passgenau \u2013 f\u00fcr ein makelloses Display.\" \/>\n<meta property=\"og:url\" content=\"https:\/\/moto-screenies.de\/fr\/produkt\/moto-guzzi-v100-mandello-2021-displayschutz-folie-moto-screenies-tachoschutzfolie-schutzglas-folie-displayfolie-made-in-germany\/\" \/>\n<meta property=\"og:site_name\" content=\"Moto Screenies\" \/>\n<meta property=\"article:modified_time\" content=\"2026-03-06T04:22:20+00:00\" \/>\n<meta property=\"og:image\" content=\"https:\/\/moto-screenies.de\/wp-content\/uploads\/2021\/10\/MS175.png\" \/>\n\t<meta property=\"og:image:width\" content=\"1500\" \/>\n\t<meta property=\"og:image:height\" content=\"1500\" \/>\n\t<meta property=\"og:image:type\" content=\"image\/png\" \/>\n<meta name=\"twitter:card\" content=\"summary_large_image\" \/>\n<meta name=\"twitter:label1\" content=\"Dur\u00e9e de lecture estim\u00e9e\" \/>\n\t<meta name=\"twitter:data1\" content=\"1 minute\" \/>\n<script type=\"application\/ld+json\" class=\"yoast-schema-graph\">{\"@context\":\"https:\/\/schema.org\",\"@graph\":[{\"@type\":\"WebPage\",\"@id\":\"https:\/\/moto-screenies.de\/fr\/produkt\/moto-guzzi-v100-mandello-2021-displayschutz-folie-moto-screenies-tachoschutzfolie-schutzglas-folie-displayfolie-made-in-germany\/\",\"url\":\"https:\/\/moto-screenies.de\/fr\/produkt\/moto-guzzi-v100-mandello-2021-displayschutz-folie-moto-screenies-tachoschutzfolie-schutzglas-folie-displayfolie-made-in-germany\/\",\"name\":\"Moto Guzzi V100 Mandello 2021+ Displayschutz-Folie Moto Screenies Tachoschutzfolie Schutzglas-Folie Displayfolie Made in Germany\",\"isPartOf\":{\"@id\":\"https:\/\/moto-screenies.de\/fr\/#website\"},\"primaryImageOfPage\":{\"@id\":\"https:\/\/moto-screenies.de\/fr\/produkt\/moto-guzzi-v100-mandello-2021-displayschutz-folie-moto-screenies-tachoschutzfolie-schutzglas-folie-displayfolie-made-in-germany\/#primaryimage\"},\"image\":{\"@id\":\"https:\/\/moto-screenies.de\/fr\/produkt\/moto-guzzi-v100-mandello-2021-displayschutz-folie-moto-screenies-tachoschutzfolie-schutzglas-folie-displayfolie-made-in-germany\/#primaryimage\"},\"thumbnailUrl\":\"https:\/\/moto-screenies.de\/wp-content\/uploads\/2021\/10\/MS175.png\",\"datePublished\":\"2021-10-22T13:31:39+00:00\",\"dateModified\":\"2026-03-06T04:22:20+00:00\",\"description\":\"Entdecken Sie den perfekten Schutz f\u00fcr Ihr Moto Guzzi V100 Mandello 2021+ mit unserer hochwertigen Tachoschutzfolie. Kratzfest, langlebig und passgenau \u2013 f\u00fcr ein makelloses Display.\",\"breadcrumb\":{\"@id\":\"https:\/\/moto-screenies.de\/fr\/produkt\/moto-guzzi-v100-mandello-2021-displayschutz-folie-moto-screenies-tachoschutzfolie-schutzglas-folie-displayfolie-made-in-germany\/#breadcrumb\"},\"inLanguage\":\"fr-FR\",\"potentialAction\":[{\"@type\":\"ReadAction\",\"target\":[\"https:\/\/moto-screenies.de\/fr\/produkt\/moto-guzzi-v100-mandello-2021-displayschutz-folie-moto-screenies-tachoschutzfolie-schutzglas-folie-displayfolie-made-in-germany\/\"]}]},{\"@type\":\"ImageObject\",\"inLanguage\":\"fr-FR\",\"@id\":\"https:\/\/moto-screenies.de\/fr\/produkt\/moto-guzzi-v100-mandello-2021-displayschutz-folie-moto-screenies-tachoschutzfolie-schutzglas-folie-displayfolie-made-in-germany\/#primaryimage\",\"url\":\"https:\/\/moto-screenies.de\/wp-content\/uploads\/2021\/10\/MS175.png\",\"contentUrl\":\"https:\/\/moto-screenies.de\/wp-content\/uploads\/2021\/10\/MS175.png\",\"width\":1500,\"height\":1500,\"caption\":\"Moto Screenies\"},{\"@type\":\"BreadcrumbList\",\"@id\":\"https:\/\/moto-screenies.de\/fr\/produkt\/moto-guzzi-v100-mandello-2021-displayschutz-folie-moto-screenies-tachoschutzfolie-schutzglas-folie-displayfolie-made-in-germany\/#breadcrumb\",\"itemListElement\":[{\"@type\":\"ListItem\",\"position\":1,\"name\":\"Startseite\",\"item\":\"https:\/\/moto-screenies.de\/fr\/\"},{\"@type\":\"ListItem\",\"position\":2,\"name\":\"Boutique\",\"item\":\"https:\/\/moto-screenies.de\/fr\/boutique\/\"},{\"@type\":\"ListItem\",\"position\":3,\"name\":\"Moto Guzzi V100 Mandello 2021+ Displayschutz-Folie Moto Screenies Tachoschutzfolie Schutzglas-Folie Displayfolie Made in Germany\"}]},{\"@type\":\"WebSite\",\"@id\":\"https:\/\/moto-screenies.de\/fr\/#website\",\"url\":\"https:\/\/moto-screenies.de\/fr\/\",\"name\":\"Moto Screenies\",\"description\":\"Die Displayschutzfolie f\u00fcr dein Motorrad\",\"publisher\":{\"@id\":\"https:\/\/moto-screenies.de\/fr\/#organization\"},\"alternateName\":\"MS\",\"potentialAction\":[{\"@type\":\"SearchAction\",\"target\":{\"@type\":\"EntryPoint\",\"urlTemplate\":\"https:\/\/moto-screenies.de\/fr\/?s={search_term_string}\"},\"query-input\":{\"@type\":\"PropertyValueSpecification\",\"valueRequired\":true,\"valueName\":\"search_term_string\"}}],\"inLanguage\":\"fr-FR\"},{\"@type\":\"Organization\",\"@id\":\"https:\/\/moto-screenies.de\/fr\/#organization\",\"name\":\"Moto Screenies\",\"url\":\"https:\/\/moto-screenies.de\/fr\/\",\"logo\":{\"@type\":\"ImageObject\",\"inLanguage\":\"fr-FR\",\"@id\":\"https:\/\/moto-screenies.de\/fr\/#\/schema\/logo\/image\/\",\"url\":\"\",\"contentUrl\":\"\",\"caption\":\"Moto Screenies\"},\"image\":{\"@id\":\"https:\/\/moto-screenies.de\/fr\/#\/schema\/logo\/image\/\"}}]}<\/script>\n<!-- \/ Yoast SEO plugin. -->","yoast_head_json":{"title":"Moto Guzzi V100 Mandello 2021+ Displayschutz-Folie Moto Screenies Tachoschutzfolie Schutzglas-Folie Displayfolie Made in Germany","description":"Entdecken Sie den perfekten Schutz f\u00fcr Ihr Moto Guzzi V100 Mandello 2021+ mit unserer hochwertigen Tachoschutzfolie. Kratzfest, langlebig und passgenau \u2013 f\u00fcr ein makelloses Display.","robots":{"index":"index","follow":"follow","max-snippet":"max-snippet:-1","max-image-preview":"max-image-preview:large","max-video-preview":"max-video-preview:-1"},"canonical":"https:\/\/moto-screenies.de\/fr\/produkt\/moto-guzzi-v100-mandello-2021-displayschutz-folie-moto-screenies-tachoschutzfolie-schutzglas-folie-displayfolie-made-in-germany\/","og_locale":"fr_FR","og_type":"article","og_title":"Moto Guzzi V100 Mandello 2021+ Displayschutz-Folie Moto Screenies Tachoschutzfolie Schutzglas-Folie Displayfolie Made in Germany","og_description":"Entdecken Sie den perfekten Schutz f\u00fcr Ihr Moto Guzzi V100 Mandello 2021+ mit unserer hochwertigen Tachoschutzfolie. Kratzfest, langlebig und passgenau \u2013 f\u00fcr ein makelloses Display.","og_url":"https:\/\/moto-screenies.de\/fr\/produkt\/moto-guzzi-v100-mandello-2021-displayschutz-folie-moto-screenies-tachoschutzfolie-schutzglas-folie-displayfolie-made-in-germany\/","og_site_name":"Moto Screenies","article_modified_time":"2026-03-06T04:22:20+00:00","og_image":[{"width":1500,"height":1500,"url":"https:\/\/moto-screenies.de\/wp-content\/uploads\/2021\/10\/MS175.png","type":"image\/png"}],"twitter_card":"summary_large_image","twitter_misc":{"Dur\u00e9e de lecture estim\u00e9e":"1 minute"},"schema":{"@context":"https:\/\/schema.org","@graph":[{"@type":"WebPage","@id":"https:\/\/moto-screenies.de\/fr\/produkt\/moto-guzzi-v100-mandello-2021-displayschutz-folie-moto-screenies-tachoschutzfolie-schutzglas-folie-displayfolie-made-in-germany\/","url":"https:\/\/moto-screenies.de\/fr\/produkt\/moto-guzzi-v100-mandello-2021-displayschutz-folie-moto-screenies-tachoschutzfolie-schutzglas-folie-displayfolie-made-in-germany\/","name":"Moto Guzzi V100 Mandello 2021+ Displayschutz-Folie Moto Screenies Tachoschutzfolie Schutzglas-Folie Displayfolie Made in Germany","isPartOf":{"@id":"https:\/\/moto-screenies.de\/fr\/#website"},"primaryImageOfPage":{"@id":"https:\/\/moto-screenies.de\/fr\/produkt\/moto-guzzi-v100-mandello-2021-displayschutz-folie-moto-screenies-tachoschutzfolie-schutzglas-folie-displayfolie-made-in-germany\/#primaryimage"},"image":{"@id":"https:\/\/moto-screenies.de\/fr\/produkt\/moto-guzzi-v100-mandello-2021-displayschutz-folie-moto-screenies-tachoschutzfolie-schutzglas-folie-displayfolie-made-in-germany\/#primaryimage"},"thumbnailUrl":"https:\/\/moto-screenies.de\/wp-content\/uploads\/2021\/10\/MS175.png","datePublished":"2021-10-22T13:31:39+00:00","dateModified":"2026-03-06T04:22:20+00:00","description":"Entdecken Sie den perfekten Schutz f\u00fcr Ihr Moto Guzzi V100 Mandello 2021+ mit unserer hochwertigen Tachoschutzfolie. Kratzfest, langlebig und passgenau \u2013 f\u00fcr ein makelloses Display.","breadcrumb":{"@id":"https:\/\/moto-screenies.de\/fr\/produkt\/moto-guzzi-v100-mandello-2021-displayschutz-folie-moto-screenies-tachoschutzfolie-schutzglas-folie-displayfolie-made-in-germany\/#breadcrumb"},"inLanguage":"fr-FR","potentialAction":[{"@type":"ReadAction","target":["https:\/\/moto-screenies.de\/fr\/produkt\/moto-guzzi-v100-mandello-2021-displayschutz-folie-moto-screenies-tachoschutzfolie-schutzglas-folie-displayfolie-made-in-germany\/"]}]},{"@type":"ImageObject","inLanguage":"fr-FR","@id":"https:\/\/moto-screenies.de\/fr\/produkt\/moto-guzzi-v100-mandello-2021-displayschutz-folie-moto-screenies-tachoschutzfolie-schutzglas-folie-displayfolie-made-in-germany\/#primaryimage","url":"https:\/\/moto-screenies.de\/wp-content\/uploads\/2021\/10\/MS175.png","contentUrl":"https:\/\/moto-screenies.de\/wp-content\/uploads\/2021\/10\/MS175.png","width":1500,"height":1500,"caption":"Moto Screenies"},{"@type":"BreadcrumbList","@id":"https:\/\/moto-screenies.de\/fr\/produkt\/moto-guzzi-v100-mandello-2021-displayschutz-folie-moto-screenies-tachoschutzfolie-schutzglas-folie-displayfolie-made-in-germany\/#breadcrumb","itemListElement":[{"@type":"ListItem","position":1,"name":"Startseite","item":"https:\/\/moto-screenies.de\/fr\/"},{"@type":"ListItem","position":2,"name":"Boutique","item":"https:\/\/moto-screenies.de\/fr\/boutique\/"},{"@type":"ListItem","position":3,"name":"Moto Guzzi V100 Mandello 2021+ Displayschutz-Folie Moto Screenies Tachoschutzfolie Schutzglas-Folie Displayfolie Made in Germany"}]},{"@type":"WebSite","@id":"https:\/\/moto-screenies.de\/fr\/#website","url":"https:\/\/moto-screenies.de\/fr\/","name":"Moto Screenies","description":"Die Displayschutzfolie f\u00fcr dein Motorrad","publisher":{"@id":"https:\/\/moto-screenies.de\/fr\/#organization"},"alternateName":"MS","potentialAction":[{"@type":"SearchAction","target":{"@type":"EntryPoint","urlTemplate":"https:\/\/moto-screenies.de\/fr\/?s={search_term_string}"},"query-input":{"@type":"PropertyValueSpecification","valueRequired":true,"valueName":"search_term_string"}}],"inLanguage":"fr-FR"},{"@type":"Organization","@id":"https:\/\/moto-screenies.de\/fr\/#organization","name":"Moto Screenies","url":"https:\/\/moto-screenies.de\/fr\/","logo":{"@type":"ImageObject","inLanguage":"fr-FR","@id":"https:\/\/moto-screenies.de\/fr\/#\/schema\/logo\/image\/","url":"","contentUrl":"","caption":"Moto Screenies"},"image":{"@id":"https:\/\/moto-screenies.de\/fr\/#\/schema\/logo\/image\/"}}]}},"_links":{"self":[{"href":"https:\/\/moto-screenies.de\/fr\/wp-json\/wp\/v2\/product\/188525","targetHints":{"allow":["GET"]}}],"collection":[{"href":"https:\/\/moto-screenies.de\/fr\/wp-json\/wp\/v2\/product"}],"about":[{"href":"https:\/\/moto-screenies.de\/fr\/wp-json\/wp\/v2\/types\/product"}],"replies":[{"embeddable":true,"href":"https:\/\/moto-screenies.de\/fr\/wp-json\/wp\/v2\/comments?post=188525"}],"wp:featuredmedia":[{"embeddable":true,"href":"https:\/\/moto-screenies.de\/fr\/wp-json\/wp\/v2\/media\/265681"}],"wp:attachment":[{"href":"https:\/\/moto-screenies.de\/fr\/wp-json\/wp\/v2\/media?parent=188525"}],"wp:term":[{"taxonomy":"product_brand","embeddable":true,"href":"https:\/\/moto-screenies.de\/fr\/wp-json\/wp\/v2\/product_brand?post=188525"},{"taxonomy":"product_cat","embeddable":true,"href":"https:\/\/moto-screenies.de\/fr\/wp-json\/wp\/v2\/product_cat?post=188525"},{"taxonomy":"product_tag","embeddable":true,"href":"https:\/\/moto-screenies.de\/fr\/wp-json\/wp\/v2\/product_tag?post=188525"}],"curies":[{"name":"wp","href":"https:\/\/api.w.org\/{rel}","templated":true}]}}