{"id":188595,"date":"2023-09-29T13:33:13","date_gmt":"2023-09-29T11:33:13","guid":{"rendered":"https:\/\/moto-screenies.de\/produkt\/harley-davidson-lowrider-s-2023-displayschutz-folie-moto-screenies-tachoschutzfolie-schutzglas-folie-displayfolie-made-in-germany\/"},"modified":"2026-01-26T15:41:43","modified_gmt":"2026-01-26T14:41:43","slug":"harley-davidson-lowrider-s-2023-displayschutz-folie-moto-screenies-tachoschutzfolie-schutzglas-folie-displayfolie-made-in-germany","status":"publish","type":"product","link":"https:\/\/moto-screenies.de\/fr\/produkt\/harley-davidson-lowrider-s-2023-displayschutz-folie-moto-screenies-tachoschutzfolie-schutzglas-folie-displayfolie-made-in-germany\/","title":{"rendered":"Harley Davidson Lowrider S 2023+ Displayschutz-Folie  Moto Screenies Tachoschutzfolie Schutzglas-Folie Displayfolie Made in Germany"},"content":{"rendered":"<p>Entdecken Sie die perfekte Erg\u00e4nzung f\u00fcr Ihr Harley Davidson Lowrider S 2023+ Modell: unsere hochwertige Tachoschutzfolie Displayschutzfolie. Diese speziell entwickelte Schutzfolie bietet optimalen Schutz vor Kratzern, Staub und Schmutz, ohne die Sicht auf Ihr Tachodisplay zu beeintr\u00e4chtigen. Hergestellt aus robustem Material, sorgt sie f\u00fcr eine langanhaltende Klarheit und sch\u00fctzt Ihr Display vor den t\u00e4glichen Herausforderungen auf der Stra\u00dfe. Die einfache Installation erm\u00f6glicht es Ihnen, die Folie schnell und blasenfrei anzubringen. Investieren Sie in den Werterhalt Ihres Motorrads und genie\u00dfen Sie eine makellose Optik Ihres Displays. Passend f\u00fcr: Tachoschutzfolie Displayschutzfolie passend f\u00fcr Harley Davidson Lowrider S 2023+.<\/p>\n","protected":false},"excerpt":{"rendered":"<p>Entdecken Sie die perfekte Erg\u00e4nzung f\u00fcr Ihr Harley Davidson Lowrider S 2023+ Modell: unsere hochwertige Tachoschutzfolie Displayschutzfolie. Diese speziell entwickelte Schutzfolie bietet optimalen Schutz vor Kratzern, Staub und Schmutz, ohne die Sicht auf Ihr Tachodisplay zu beeintr\u00e4chtigen. Hergestellt aus robustem Material, sorgt sie f\u00fcr eine langanhaltende Klarheit und sch\u00fctzt Ihr Display vor den t\u00e4glichen Herausforderungen [&hellip;]<\/p>\n","protected":false},"featured_media":209194,"comment_status":"open","ping_status":"closed","template":"","meta":{"_et_pb_use_builder":"","_et_pb_old_content":"","_et_gb_content_width":"","_uf_show_specific_survey":0,"_uf_disable_surveys":false},"product_brand":[],"product_cat":[421],"product_tag":[117],"class_list":{"0":"post-188595","1":"product","2":"type-product","3":"status-publish","4":"has-post-thumbnail","6":"product_cat-harley-davidson-schutzfolie-fuer-dein-motorrad","7":"product_tag-tachoschutzfolie","8":"product_shipping_class-standard","10":"first","11":"instock","12":"taxable","13":"shipping-taxable","14":"purchasable","15":"product-type-variable"},"yoast_head":"<!-- This site is optimized with the Yoast SEO plugin v27.2 - https:\/\/yoast.com\/product\/yoast-seo-wordpress\/ -->\n<title>Harley Davidson Lowrider S 2023+ Displayschutz-Folie Moto Screenies Tachoschutzfolie Schutzglas-Folie Displayfolie Made in Germany<\/title>\n<meta name=\"description\" content=\"Entdecken Sie die perfekte Tachoschutzfolie f\u00fcr Ihre Harley Davidson Lowrider S 2023+. Sch\u00fctzen Sie Ihr Display vor Kratzern und Abnutzung mit unserer hochwertigen Displayschutzfolie. Ideal f\u00fcr langanhaltende Klarheit und Schutz.\" \/>\n<meta name=\"robots\" content=\"index, follow, max-snippet:-1, max-image-preview:large, max-video-preview:-1\" \/>\n<link rel=\"canonical\" href=\"https:\/\/moto-screenies.de\/fr\/produkt\/harley-davidson-lowrider-s-2023-displayschutz-folie-moto-screenies-tachoschutzfolie-schutzglas-folie-displayfolie-made-in-germany\/\" \/>\n<meta property=\"og:locale\" content=\"fr_FR\" \/>\n<meta property=\"og:type\" content=\"article\" \/>\n<meta property=\"og:title\" content=\"Harley Davidson Lowrider S 2023+ Displayschutz-Folie Moto Screenies Tachoschutzfolie Schutzglas-Folie Displayfolie Made in Germany\" \/>\n<meta property=\"og:description\" content=\"Entdecken Sie die perfekte Tachoschutzfolie f\u00fcr Ihre Harley Davidson Lowrider S 2023+. Sch\u00fctzen Sie Ihr Display vor Kratzern und Abnutzung mit unserer hochwertigen Displayschutzfolie. Ideal f\u00fcr langanhaltende Klarheit und Schutz.\" \/>\n<meta property=\"og:url\" content=\"https:\/\/moto-screenies.de\/fr\/produkt\/harley-davidson-lowrider-s-2023-displayschutz-folie-moto-screenies-tachoschutzfolie-schutzglas-folie-displayfolie-made-in-germany\/\" \/>\n<meta property=\"og:site_name\" content=\"Moto Screenies\" \/>\n<meta property=\"article:modified_time\" content=\"2026-01-26T14:41:43+00:00\" \/>\n<meta property=\"og:image\" content=\"https:\/\/moto-screenies.de\/wp-content\/uploads\/2025\/11\/333229_Product.png\" \/>\n\t<meta property=\"og:image:width\" content=\"1500\" \/>\n\t<meta property=\"og:image:height\" content=\"1500\" \/>\n\t<meta property=\"og:image:type\" content=\"image\/png\" \/>\n<meta name=\"twitter:card\" content=\"summary_large_image\" \/>\n<meta name=\"twitter:label1\" content=\"Dur\u00e9e de lecture estim\u00e9e\" \/>\n\t<meta name=\"twitter:data1\" content=\"1 minute\" \/>\n<script type=\"application\/ld+json\" class=\"yoast-schema-graph\">{\"@context\":\"https:\/\/schema.org\",\"@graph\":[{\"@type\":\"WebPage\",\"@id\":\"https:\/\/moto-screenies.de\/fr\/produkt\/harley-davidson-lowrider-s-2023-displayschutz-folie-moto-screenies-tachoschutzfolie-schutzglas-folie-displayfolie-made-in-germany\/\",\"url\":\"https:\/\/moto-screenies.de\/fr\/produkt\/harley-davidson-lowrider-s-2023-displayschutz-folie-moto-screenies-tachoschutzfolie-schutzglas-folie-displayfolie-made-in-germany\/\",\"name\":\"Harley Davidson Lowrider S 2023+ Displayschutz-Folie Moto Screenies Tachoschutzfolie Schutzglas-Folie Displayfolie Made in Germany\",\"isPartOf\":{\"@id\":\"https:\/\/moto-screenies.de\/fr\/#website\"},\"primaryImageOfPage\":{\"@id\":\"https:\/\/moto-screenies.de\/fr\/produkt\/harley-davidson-lowrider-s-2023-displayschutz-folie-moto-screenies-tachoschutzfolie-schutzglas-folie-displayfolie-made-in-germany\/#primaryimage\"},\"image\":{\"@id\":\"https:\/\/moto-screenies.de\/fr\/produkt\/harley-davidson-lowrider-s-2023-displayschutz-folie-moto-screenies-tachoschutzfolie-schutzglas-folie-displayfolie-made-in-germany\/#primaryimage\"},\"thumbnailUrl\":\"https:\/\/moto-screenies.de\/wp-content\/uploads\/2025\/11\/333229_Product.png\",\"datePublished\":\"2023-09-29T11:33:13+00:00\",\"dateModified\":\"2026-01-26T14:41:43+00:00\",\"description\":\"Entdecken Sie die perfekte Tachoschutzfolie f\u00fcr Ihre Harley Davidson Lowrider S 2023+. Sch\u00fctzen Sie Ihr Display vor Kratzern und Abnutzung mit unserer hochwertigen Displayschutzfolie. Ideal f\u00fcr langanhaltende Klarheit und Schutz.\",\"breadcrumb\":{\"@id\":\"https:\/\/moto-screenies.de\/fr\/produkt\/harley-davidson-lowrider-s-2023-displayschutz-folie-moto-screenies-tachoschutzfolie-schutzglas-folie-displayfolie-made-in-germany\/#breadcrumb\"},\"inLanguage\":\"fr-FR\",\"potentialAction\":[{\"@type\":\"ReadAction\",\"target\":[\"https:\/\/moto-screenies.de\/fr\/produkt\/harley-davidson-lowrider-s-2023-displayschutz-folie-moto-screenies-tachoschutzfolie-schutzglas-folie-displayfolie-made-in-germany\/\"]}]},{\"@type\":\"ImageObject\",\"inLanguage\":\"fr-FR\",\"@id\":\"https:\/\/moto-screenies.de\/fr\/produkt\/harley-davidson-lowrider-s-2023-displayschutz-folie-moto-screenies-tachoschutzfolie-schutzglas-folie-displayfolie-made-in-germany\/#primaryimage\",\"url\":\"https:\/\/moto-screenies.de\/wp-content\/uploads\/2025\/11\/333229_Product.png\",\"contentUrl\":\"https:\/\/moto-screenies.de\/wp-content\/uploads\/2025\/11\/333229_Product.png\",\"width\":1500,\"height\":1500,\"caption\":\"main\"},{\"@type\":\"BreadcrumbList\",\"@id\":\"https:\/\/moto-screenies.de\/fr\/produkt\/harley-davidson-lowrider-s-2023-displayschutz-folie-moto-screenies-tachoschutzfolie-schutzglas-folie-displayfolie-made-in-germany\/#breadcrumb\",\"itemListElement\":[{\"@type\":\"ListItem\",\"position\":1,\"name\":\"Startseite\",\"item\":\"https:\/\/moto-screenies.de\/fr\/\"},{\"@type\":\"ListItem\",\"position\":2,\"name\":\"Boutique\",\"item\":\"https:\/\/moto-screenies.de\/fr\/boutique\/\"},{\"@type\":\"ListItem\",\"position\":3,\"name\":\"Harley Davidson Lowrider S 2023+ Displayschutz-Folie Moto Screenies Tachoschutzfolie Schutzglas-Folie Displayfolie Made in Germany\"}]},{\"@type\":\"WebSite\",\"@id\":\"https:\/\/moto-screenies.de\/fr\/#website\",\"url\":\"https:\/\/moto-screenies.de\/fr\/\",\"name\":\"Moto Screenies\",\"description\":\"Die Displayschutzfolie f\u00fcr dein Motorrad\",\"publisher\":{\"@id\":\"https:\/\/moto-screenies.de\/fr\/#organization\"},\"alternateName\":\"MS\",\"potentialAction\":[{\"@type\":\"SearchAction\",\"target\":{\"@type\":\"EntryPoint\",\"urlTemplate\":\"https:\/\/moto-screenies.de\/fr\/?s={search_term_string}\"},\"query-input\":{\"@type\":\"PropertyValueSpecification\",\"valueRequired\":true,\"valueName\":\"search_term_string\"}}],\"inLanguage\":\"fr-FR\"},{\"@type\":\"Organization\",\"@id\":\"https:\/\/moto-screenies.de\/fr\/#organization\",\"name\":\"Moto Screenies\",\"url\":\"https:\/\/moto-screenies.de\/fr\/\",\"logo\":{\"@type\":\"ImageObject\",\"inLanguage\":\"fr-FR\",\"@id\":\"https:\/\/moto-screenies.de\/fr\/#\/schema\/logo\/image\/\",\"url\":\"\",\"contentUrl\":\"\",\"caption\":\"Moto Screenies\"},\"image\":{\"@id\":\"https:\/\/moto-screenies.de\/fr\/#\/schema\/logo\/image\/\"}}]}<\/script>\n<!-- \/ Yoast SEO plugin. -->","yoast_head_json":{"title":"Harley Davidson Lowrider S 2023+ Displayschutz-Folie Moto Screenies Tachoschutzfolie Schutzglas-Folie Displayfolie Made in Germany","description":"Entdecken Sie die perfekte Tachoschutzfolie f\u00fcr Ihre Harley Davidson Lowrider S 2023+. Sch\u00fctzen Sie Ihr Display vor Kratzern und Abnutzung mit unserer hochwertigen Displayschutzfolie. Ideal f\u00fcr langanhaltende Klarheit und Schutz.","robots":{"index":"index","follow":"follow","max-snippet":"max-snippet:-1","max-image-preview":"max-image-preview:large","max-video-preview":"max-video-preview:-1"},"canonical":"https:\/\/moto-screenies.de\/fr\/produkt\/harley-davidson-lowrider-s-2023-displayschutz-folie-moto-screenies-tachoschutzfolie-schutzglas-folie-displayfolie-made-in-germany\/","og_locale":"fr_FR","og_type":"article","og_title":"Harley Davidson Lowrider S 2023+ Displayschutz-Folie Moto Screenies Tachoschutzfolie Schutzglas-Folie Displayfolie Made in Germany","og_description":"Entdecken Sie die perfekte Tachoschutzfolie f\u00fcr Ihre Harley Davidson Lowrider S 2023+. Sch\u00fctzen Sie Ihr Display vor Kratzern und Abnutzung mit unserer hochwertigen Displayschutzfolie. Ideal f\u00fcr langanhaltende Klarheit und Schutz.","og_url":"https:\/\/moto-screenies.de\/fr\/produkt\/harley-davidson-lowrider-s-2023-displayschutz-folie-moto-screenies-tachoschutzfolie-schutzglas-folie-displayfolie-made-in-germany\/","og_site_name":"Moto Screenies","article_modified_time":"2026-01-26T14:41:43+00:00","og_image":[{"width":1500,"height":1500,"url":"https:\/\/moto-screenies.de\/wp-content\/uploads\/2025\/11\/333229_Product.png","type":"image\/png"}],"twitter_card":"summary_large_image","twitter_misc":{"Dur\u00e9e de lecture estim\u00e9e":"1 minute"},"schema":{"@context":"https:\/\/schema.org","@graph":[{"@type":"WebPage","@id":"https:\/\/moto-screenies.de\/fr\/produkt\/harley-davidson-lowrider-s-2023-displayschutz-folie-moto-screenies-tachoschutzfolie-schutzglas-folie-displayfolie-made-in-germany\/","url":"https:\/\/moto-screenies.de\/fr\/produkt\/harley-davidson-lowrider-s-2023-displayschutz-folie-moto-screenies-tachoschutzfolie-schutzglas-folie-displayfolie-made-in-germany\/","name":"Harley Davidson Lowrider S 2023+ Displayschutz-Folie Moto Screenies Tachoschutzfolie Schutzglas-Folie Displayfolie Made in Germany","isPartOf":{"@id":"https:\/\/moto-screenies.de\/fr\/#website"},"primaryImageOfPage":{"@id":"https:\/\/moto-screenies.de\/fr\/produkt\/harley-davidson-lowrider-s-2023-displayschutz-folie-moto-screenies-tachoschutzfolie-schutzglas-folie-displayfolie-made-in-germany\/#primaryimage"},"image":{"@id":"https:\/\/moto-screenies.de\/fr\/produkt\/harley-davidson-lowrider-s-2023-displayschutz-folie-moto-screenies-tachoschutzfolie-schutzglas-folie-displayfolie-made-in-germany\/#primaryimage"},"thumbnailUrl":"https:\/\/moto-screenies.de\/wp-content\/uploads\/2025\/11\/333229_Product.png","datePublished":"2023-09-29T11:33:13+00:00","dateModified":"2026-01-26T14:41:43+00:00","description":"Entdecken Sie die perfekte Tachoschutzfolie f\u00fcr Ihre Harley Davidson Lowrider S 2023+. Sch\u00fctzen Sie Ihr Display vor Kratzern und Abnutzung mit unserer hochwertigen Displayschutzfolie. Ideal f\u00fcr langanhaltende Klarheit und Schutz.","breadcrumb":{"@id":"https:\/\/moto-screenies.de\/fr\/produkt\/harley-davidson-lowrider-s-2023-displayschutz-folie-moto-screenies-tachoschutzfolie-schutzglas-folie-displayfolie-made-in-germany\/#breadcrumb"},"inLanguage":"fr-FR","potentialAction":[{"@type":"ReadAction","target":["https:\/\/moto-screenies.de\/fr\/produkt\/harley-davidson-lowrider-s-2023-displayschutz-folie-moto-screenies-tachoschutzfolie-schutzglas-folie-displayfolie-made-in-germany\/"]}]},{"@type":"ImageObject","inLanguage":"fr-FR","@id":"https:\/\/moto-screenies.de\/fr\/produkt\/harley-davidson-lowrider-s-2023-displayschutz-folie-moto-screenies-tachoschutzfolie-schutzglas-folie-displayfolie-made-in-germany\/#primaryimage","url":"https:\/\/moto-screenies.de\/wp-content\/uploads\/2025\/11\/333229_Product.png","contentUrl":"https:\/\/moto-screenies.de\/wp-content\/uploads\/2025\/11\/333229_Product.png","width":1500,"height":1500,"caption":"main"},{"@type":"BreadcrumbList","@id":"https:\/\/moto-screenies.de\/fr\/produkt\/harley-davidson-lowrider-s-2023-displayschutz-folie-moto-screenies-tachoschutzfolie-schutzglas-folie-displayfolie-made-in-germany\/#breadcrumb","itemListElement":[{"@type":"ListItem","position":1,"name":"Startseite","item":"https:\/\/moto-screenies.de\/fr\/"},{"@type":"ListItem","position":2,"name":"Boutique","item":"https:\/\/moto-screenies.de\/fr\/boutique\/"},{"@type":"ListItem","position":3,"name":"Harley Davidson Lowrider S 2023+ Displayschutz-Folie Moto Screenies Tachoschutzfolie Schutzglas-Folie Displayfolie Made in Germany"}]},{"@type":"WebSite","@id":"https:\/\/moto-screenies.de\/fr\/#website","url":"https:\/\/moto-screenies.de\/fr\/","name":"Moto Screenies","description":"Die Displayschutzfolie f\u00fcr dein Motorrad","publisher":{"@id":"https:\/\/moto-screenies.de\/fr\/#organization"},"alternateName":"MS","potentialAction":[{"@type":"SearchAction","target":{"@type":"EntryPoint","urlTemplate":"https:\/\/moto-screenies.de\/fr\/?s={search_term_string}"},"query-input":{"@type":"PropertyValueSpecification","valueRequired":true,"valueName":"search_term_string"}}],"inLanguage":"fr-FR"},{"@type":"Organization","@id":"https:\/\/moto-screenies.de\/fr\/#organization","name":"Moto Screenies","url":"https:\/\/moto-screenies.de\/fr\/","logo":{"@type":"ImageObject","inLanguage":"fr-FR","@id":"https:\/\/moto-screenies.de\/fr\/#\/schema\/logo\/image\/","url":"","contentUrl":"","caption":"Moto Screenies"},"image":{"@id":"https:\/\/moto-screenies.de\/fr\/#\/schema\/logo\/image\/"}}]}},"_links":{"self":[{"href":"https:\/\/moto-screenies.de\/fr\/wp-json\/wp\/v2\/product\/188595","targetHints":{"allow":["GET"]}}],"collection":[{"href":"https:\/\/moto-screenies.de\/fr\/wp-json\/wp\/v2\/product"}],"about":[{"href":"https:\/\/moto-screenies.de\/fr\/wp-json\/wp\/v2\/types\/product"}],"replies":[{"embeddable":true,"href":"https:\/\/moto-screenies.de\/fr\/wp-json\/wp\/v2\/comments?post=188595"}],"wp:featuredmedia":[{"embeddable":true,"href":"https:\/\/moto-screenies.de\/fr\/wp-json\/wp\/v2\/media\/209194"}],"wp:attachment":[{"href":"https:\/\/moto-screenies.de\/fr\/wp-json\/wp\/v2\/media?parent=188595"}],"wp:term":[{"taxonomy":"product_brand","embeddable":true,"href":"https:\/\/moto-screenies.de\/fr\/wp-json\/wp\/v2\/product_brand?post=188595"},{"taxonomy":"product_cat","embeddable":true,"href":"https:\/\/moto-screenies.de\/fr\/wp-json\/wp\/v2\/product_cat?post=188595"},{"taxonomy":"product_tag","embeddable":true,"href":"https:\/\/moto-screenies.de\/fr\/wp-json\/wp\/v2\/product_tag?post=188595"}],"curies":[{"name":"wp","href":"https:\/\/api.w.org\/{rel}","templated":true}]}}