{"id":188627,"date":"2024-06-13T15:02:01","date_gmt":"2024-06-13T13:02:01","guid":{"rendered":"https:\/\/moto-screenies.de\/produkt\/tachoschutzfolie-displayschutzfolie-passend-fuer-yamaha-nmax-155-2013-2018\/"},"modified":"2026-01-26T15:45:33","modified_gmt":"2026-01-26T14:45:33","slug":"tachoschutzfolie-displayschutzfolie-passend-fuer-yamaha-nmax-155-2013-2018","status":"publish","type":"product","link":"https:\/\/moto-screenies.de\/fr\/produkt\/tachoschutzfolie-displayschutzfolie-passend-fuer-yamaha-nmax-155-2013-2018\/","title":{"rendered":"Tachoschutzfolie Displayschutzfolie passend f\u00fcr Yamaha NMAX 155 2013 -2018"},"content":{"rendered":"<p>Entdecken Sie die perfekte L\u00f6sung zum Schutz Ihres Tachometers mit unserer hochwertigen Tachoschutzfolie Displayschutzfolie, speziell passend f\u00fcr Yamaha NMAX 155 Modelle von 2013 bis 2018. Diese Schutzfolie bewahrt Ihr Display vor Kratzern, Staub und Schmutz, ohne die Sicht oder die Funktionalit\u00e4t zu beeintr\u00e4chtigen. Die einfache Installation und die pr\u00e4zise Passform sorgen f\u00fcr einen nahtlosen Look, der Ihren Tacho wie neu aussehen l\u00e4sst. Investieren Sie in den langfristigen Werterhalt Ihres Fahrzeugs und genie\u00dfen Sie eine klare, ungest\u00f6rte Anzeige. Passend f\u00fcr: Tachoschutzfolie Displayschutzfolie passend f\u00fcr Yamaha NMAX 155 2013 -2018.<\/p>\n","protected":false},"excerpt":{"rendered":"<p>Entdecken Sie die perfekte L\u00f6sung zum Schutz Ihres Tachometers mit unserer hochwertigen Tachoschutzfolie Displayschutzfolie, speziell passend f\u00fcr Yamaha NMAX 155 Modelle von 2013 bis 2018. Diese Schutzfolie bewahrt Ihr Display vor Kratzern, Staub und Schmutz, ohne die Sicht oder die Funktionalit\u00e4t zu beeintr\u00e4chtigen. Die einfache Installation und die pr\u00e4zise Passform sorgen f\u00fcr einen nahtlosen Look, [&hellip;]<\/p>\n","protected":false},"featured_media":219133,"comment_status":"open","ping_status":"closed","template":"","meta":{"_et_pb_use_builder":"","_et_pb_old_content":"","_et_gb_content_width":"","_uf_show_specific_survey":0,"_uf_disable_surveys":false},"product_brand":[],"product_cat":[429],"product_tag":[117],"class_list":{"0":"post-188627","1":"product","2":"type-product","3":"status-publish","4":"has-post-thumbnail","6":"product_cat-yamaha-schutzfolie-fuer-dein-motorrad","7":"product_tag-tachoschutzfolie","8":"product_shipping_class-standard","10":"first","11":"instock","12":"taxable","13":"shipping-taxable","14":"purchasable","15":"product-type-variable"},"yoast_head":"<!-- This site is optimized with the Yoast SEO plugin v27.2 - https:\/\/yoast.com\/product\/yoast-seo-wordpress\/ -->\n<title>Tachoschutzfolie Displayschutzfolie passend f\u00fcr Yamaha NMAX 155 2013 -2018<\/title>\n<meta name=\"description\" content=\"Entdecken Sie die perfekte Tachoschutzfolie f\u00fcr Ihren Yamaha NMAX 155 (2013-2018). Sch\u00fctzen Sie Ihr Display vor Kratzern und Abnutzung mit unserer hochwertigen Displayschutzfolie. Ideal f\u00fcr langanhaltende Klarheit und Schutz.\" \/>\n<meta name=\"robots\" content=\"index, follow, max-snippet:-1, max-image-preview:large, max-video-preview:-1\" \/>\n<link rel=\"canonical\" href=\"https:\/\/moto-screenies.de\/fr\/produkt\/tachoschutzfolie-displayschutzfolie-passend-fuer-yamaha-nmax-155-2013-2018\/\" \/>\n<meta property=\"og:locale\" content=\"fr_FR\" \/>\n<meta property=\"og:type\" content=\"article\" \/>\n<meta property=\"og:title\" content=\"Tachoschutzfolie Displayschutzfolie passend f\u00fcr Yamaha NMAX 155 2013 -2018\" \/>\n<meta property=\"og:description\" content=\"Entdecken Sie die perfekte Tachoschutzfolie f\u00fcr Ihren Yamaha NMAX 155 (2013-2018). Sch\u00fctzen Sie Ihr Display vor Kratzern und Abnutzung mit unserer hochwertigen Displayschutzfolie. Ideal f\u00fcr langanhaltende Klarheit und Schutz.\" \/>\n<meta property=\"og:url\" content=\"https:\/\/moto-screenies.de\/fr\/produkt\/tachoschutzfolie-displayschutzfolie-passend-fuer-yamaha-nmax-155-2013-2018\/\" \/>\n<meta property=\"og:site_name\" content=\"Moto Screenies\" \/>\n<meta property=\"article:modified_time\" content=\"2026-01-26T14:45:33+00:00\" \/>\n<meta property=\"og:image\" content=\"https:\/\/moto-screenies.de\/wp-content\/uploads\/2025\/11\/338858_Product.png\" \/>\n\t<meta property=\"og:image:width\" content=\"1500\" \/>\n\t<meta property=\"og:image:height\" content=\"1500\" \/>\n\t<meta property=\"og:image:type\" content=\"image\/png\" \/>\n<meta name=\"twitter:card\" content=\"summary_large_image\" \/>\n<script type=\"application\/ld+json\" class=\"yoast-schema-graph\">{\"@context\":\"https:\/\/schema.org\",\"@graph\":[{\"@type\":\"WebPage\",\"@id\":\"https:\/\/moto-screenies.de\/fr\/produkt\/tachoschutzfolie-displayschutzfolie-passend-fuer-yamaha-nmax-155-2013-2018\/\",\"url\":\"https:\/\/moto-screenies.de\/fr\/produkt\/tachoschutzfolie-displayschutzfolie-passend-fuer-yamaha-nmax-155-2013-2018\/\",\"name\":\"Tachoschutzfolie Displayschutzfolie passend f\u00fcr Yamaha NMAX 155 2013 -2018\",\"isPartOf\":{\"@id\":\"https:\/\/moto-screenies.de\/fr\/#website\"},\"primaryImageOfPage\":{\"@id\":\"https:\/\/moto-screenies.de\/fr\/produkt\/tachoschutzfolie-displayschutzfolie-passend-fuer-yamaha-nmax-155-2013-2018\/#primaryimage\"},\"image\":{\"@id\":\"https:\/\/moto-screenies.de\/fr\/produkt\/tachoschutzfolie-displayschutzfolie-passend-fuer-yamaha-nmax-155-2013-2018\/#primaryimage\"},\"thumbnailUrl\":\"https:\/\/moto-screenies.de\/wp-content\/uploads\/2025\/11\/338858_Product.png\",\"datePublished\":\"2024-06-13T13:02:01+00:00\",\"dateModified\":\"2026-01-26T14:45:33+00:00\",\"description\":\"Entdecken Sie die perfekte Tachoschutzfolie f\u00fcr Ihren Yamaha NMAX 155 (2013-2018). Sch\u00fctzen Sie Ihr Display vor Kratzern und Abnutzung mit unserer hochwertigen Displayschutzfolie. Ideal f\u00fcr langanhaltende Klarheit und Schutz.\",\"breadcrumb\":{\"@id\":\"https:\/\/moto-screenies.de\/fr\/produkt\/tachoschutzfolie-displayschutzfolie-passend-fuer-yamaha-nmax-155-2013-2018\/#breadcrumb\"},\"inLanguage\":\"fr-FR\",\"potentialAction\":[{\"@type\":\"ReadAction\",\"target\":[\"https:\/\/moto-screenies.de\/fr\/produkt\/tachoschutzfolie-displayschutzfolie-passend-fuer-yamaha-nmax-155-2013-2018\/\"]}]},{\"@type\":\"ImageObject\",\"inLanguage\":\"fr-FR\",\"@id\":\"https:\/\/moto-screenies.de\/fr\/produkt\/tachoschutzfolie-displayschutzfolie-passend-fuer-yamaha-nmax-155-2013-2018\/#primaryimage\",\"url\":\"https:\/\/moto-screenies.de\/wp-content\/uploads\/2025\/11\/338858_Product.png\",\"contentUrl\":\"https:\/\/moto-screenies.de\/wp-content\/uploads\/2025\/11\/338858_Product.png\",\"width\":1500,\"height\":1500,\"caption\":\"1 MAIN (ANTI GLARE).png\"},{\"@type\":\"BreadcrumbList\",\"@id\":\"https:\/\/moto-screenies.de\/fr\/produkt\/tachoschutzfolie-displayschutzfolie-passend-fuer-yamaha-nmax-155-2013-2018\/#breadcrumb\",\"itemListElement\":[{\"@type\":\"ListItem\",\"position\":1,\"name\":\"Startseite\",\"item\":\"https:\/\/moto-screenies.de\/fr\/\"},{\"@type\":\"ListItem\",\"position\":2,\"name\":\"Boutique\",\"item\":\"https:\/\/moto-screenies.de\/fr\/boutique\/\"},{\"@type\":\"ListItem\",\"position\":3,\"name\":\"Tachoschutzfolie Displayschutzfolie passend f\u00fcr Yamaha NMAX 155 2013 -2018\"}]},{\"@type\":\"WebSite\",\"@id\":\"https:\/\/moto-screenies.de\/fr\/#website\",\"url\":\"https:\/\/moto-screenies.de\/fr\/\",\"name\":\"Moto Screenies\",\"description\":\"Die Displayschutzfolie f\u00fcr dein Motorrad\",\"publisher\":{\"@id\":\"https:\/\/moto-screenies.de\/fr\/#organization\"},\"alternateName\":\"MS\",\"potentialAction\":[{\"@type\":\"SearchAction\",\"target\":{\"@type\":\"EntryPoint\",\"urlTemplate\":\"https:\/\/moto-screenies.de\/fr\/?s={search_term_string}\"},\"query-input\":{\"@type\":\"PropertyValueSpecification\",\"valueRequired\":true,\"valueName\":\"search_term_string\"}}],\"inLanguage\":\"fr-FR\"},{\"@type\":\"Organization\",\"@id\":\"https:\/\/moto-screenies.de\/fr\/#organization\",\"name\":\"Moto Screenies\",\"url\":\"https:\/\/moto-screenies.de\/fr\/\",\"logo\":{\"@type\":\"ImageObject\",\"inLanguage\":\"fr-FR\",\"@id\":\"https:\/\/moto-screenies.de\/fr\/#\/schema\/logo\/image\/\",\"url\":\"\",\"contentUrl\":\"\",\"caption\":\"Moto Screenies\"},\"image\":{\"@id\":\"https:\/\/moto-screenies.de\/fr\/#\/schema\/logo\/image\/\"}}]}<\/script>\n<!-- \/ Yoast SEO plugin. -->","yoast_head_json":{"title":"Tachoschutzfolie Displayschutzfolie passend f\u00fcr Yamaha NMAX 155 2013 -2018","description":"Entdecken Sie die perfekte Tachoschutzfolie f\u00fcr Ihren Yamaha NMAX 155 (2013-2018). Sch\u00fctzen Sie Ihr Display vor Kratzern und Abnutzung mit unserer hochwertigen Displayschutzfolie. Ideal f\u00fcr langanhaltende Klarheit und Schutz.","robots":{"index":"index","follow":"follow","max-snippet":"max-snippet:-1","max-image-preview":"max-image-preview:large","max-video-preview":"max-video-preview:-1"},"canonical":"https:\/\/moto-screenies.de\/fr\/produkt\/tachoschutzfolie-displayschutzfolie-passend-fuer-yamaha-nmax-155-2013-2018\/","og_locale":"fr_FR","og_type":"article","og_title":"Tachoschutzfolie Displayschutzfolie passend f\u00fcr Yamaha NMAX 155 2013 -2018","og_description":"Entdecken Sie die perfekte Tachoschutzfolie f\u00fcr Ihren Yamaha NMAX 155 (2013-2018). Sch\u00fctzen Sie Ihr Display vor Kratzern und Abnutzung mit unserer hochwertigen Displayschutzfolie. Ideal f\u00fcr langanhaltende Klarheit und Schutz.","og_url":"https:\/\/moto-screenies.de\/fr\/produkt\/tachoschutzfolie-displayschutzfolie-passend-fuer-yamaha-nmax-155-2013-2018\/","og_site_name":"Moto Screenies","article_modified_time":"2026-01-26T14:45:33+00:00","og_image":[{"width":1500,"height":1500,"url":"https:\/\/moto-screenies.de\/wp-content\/uploads\/2025\/11\/338858_Product.png","type":"image\/png"}],"twitter_card":"summary_large_image","schema":{"@context":"https:\/\/schema.org","@graph":[{"@type":"WebPage","@id":"https:\/\/moto-screenies.de\/fr\/produkt\/tachoschutzfolie-displayschutzfolie-passend-fuer-yamaha-nmax-155-2013-2018\/","url":"https:\/\/moto-screenies.de\/fr\/produkt\/tachoschutzfolie-displayschutzfolie-passend-fuer-yamaha-nmax-155-2013-2018\/","name":"Tachoschutzfolie Displayschutzfolie passend f\u00fcr Yamaha NMAX 155 2013 -2018","isPartOf":{"@id":"https:\/\/moto-screenies.de\/fr\/#website"},"primaryImageOfPage":{"@id":"https:\/\/moto-screenies.de\/fr\/produkt\/tachoschutzfolie-displayschutzfolie-passend-fuer-yamaha-nmax-155-2013-2018\/#primaryimage"},"image":{"@id":"https:\/\/moto-screenies.de\/fr\/produkt\/tachoschutzfolie-displayschutzfolie-passend-fuer-yamaha-nmax-155-2013-2018\/#primaryimage"},"thumbnailUrl":"https:\/\/moto-screenies.de\/wp-content\/uploads\/2025\/11\/338858_Product.png","datePublished":"2024-06-13T13:02:01+00:00","dateModified":"2026-01-26T14:45:33+00:00","description":"Entdecken Sie die perfekte Tachoschutzfolie f\u00fcr Ihren Yamaha NMAX 155 (2013-2018). Sch\u00fctzen Sie Ihr Display vor Kratzern und Abnutzung mit unserer hochwertigen Displayschutzfolie. Ideal f\u00fcr langanhaltende Klarheit und Schutz.","breadcrumb":{"@id":"https:\/\/moto-screenies.de\/fr\/produkt\/tachoschutzfolie-displayschutzfolie-passend-fuer-yamaha-nmax-155-2013-2018\/#breadcrumb"},"inLanguage":"fr-FR","potentialAction":[{"@type":"ReadAction","target":["https:\/\/moto-screenies.de\/fr\/produkt\/tachoschutzfolie-displayschutzfolie-passend-fuer-yamaha-nmax-155-2013-2018\/"]}]},{"@type":"ImageObject","inLanguage":"fr-FR","@id":"https:\/\/moto-screenies.de\/fr\/produkt\/tachoschutzfolie-displayschutzfolie-passend-fuer-yamaha-nmax-155-2013-2018\/#primaryimage","url":"https:\/\/moto-screenies.de\/wp-content\/uploads\/2025\/11\/338858_Product.png","contentUrl":"https:\/\/moto-screenies.de\/wp-content\/uploads\/2025\/11\/338858_Product.png","width":1500,"height":1500,"caption":"1 MAIN (ANTI GLARE).png"},{"@type":"BreadcrumbList","@id":"https:\/\/moto-screenies.de\/fr\/produkt\/tachoschutzfolie-displayschutzfolie-passend-fuer-yamaha-nmax-155-2013-2018\/#breadcrumb","itemListElement":[{"@type":"ListItem","position":1,"name":"Startseite","item":"https:\/\/moto-screenies.de\/fr\/"},{"@type":"ListItem","position":2,"name":"Boutique","item":"https:\/\/moto-screenies.de\/fr\/boutique\/"},{"@type":"ListItem","position":3,"name":"Tachoschutzfolie Displayschutzfolie passend f\u00fcr Yamaha NMAX 155 2013 -2018"}]},{"@type":"WebSite","@id":"https:\/\/moto-screenies.de\/fr\/#website","url":"https:\/\/moto-screenies.de\/fr\/","name":"Moto Screenies","description":"Die Displayschutzfolie f\u00fcr dein Motorrad","publisher":{"@id":"https:\/\/moto-screenies.de\/fr\/#organization"},"alternateName":"MS","potentialAction":[{"@type":"SearchAction","target":{"@type":"EntryPoint","urlTemplate":"https:\/\/moto-screenies.de\/fr\/?s={search_term_string}"},"query-input":{"@type":"PropertyValueSpecification","valueRequired":true,"valueName":"search_term_string"}}],"inLanguage":"fr-FR"},{"@type":"Organization","@id":"https:\/\/moto-screenies.de\/fr\/#organization","name":"Moto Screenies","url":"https:\/\/moto-screenies.de\/fr\/","logo":{"@type":"ImageObject","inLanguage":"fr-FR","@id":"https:\/\/moto-screenies.de\/fr\/#\/schema\/logo\/image\/","url":"","contentUrl":"","caption":"Moto Screenies"},"image":{"@id":"https:\/\/moto-screenies.de\/fr\/#\/schema\/logo\/image\/"}}]}},"_links":{"self":[{"href":"https:\/\/moto-screenies.de\/fr\/wp-json\/wp\/v2\/product\/188627","targetHints":{"allow":["GET"]}}],"collection":[{"href":"https:\/\/moto-screenies.de\/fr\/wp-json\/wp\/v2\/product"}],"about":[{"href":"https:\/\/moto-screenies.de\/fr\/wp-json\/wp\/v2\/types\/product"}],"replies":[{"embeddable":true,"href":"https:\/\/moto-screenies.de\/fr\/wp-json\/wp\/v2\/comments?post=188627"}],"wp:featuredmedia":[{"embeddable":true,"href":"https:\/\/moto-screenies.de\/fr\/wp-json\/wp\/v2\/media\/219133"}],"wp:attachment":[{"href":"https:\/\/moto-screenies.de\/fr\/wp-json\/wp\/v2\/media?parent=188627"}],"wp:term":[{"taxonomy":"product_brand","embeddable":true,"href":"https:\/\/moto-screenies.de\/fr\/wp-json\/wp\/v2\/product_brand?post=188627"},{"taxonomy":"product_cat","embeddable":true,"href":"https:\/\/moto-screenies.de\/fr\/wp-json\/wp\/v2\/product_cat?post=188627"},{"taxonomy":"product_tag","embeddable":true,"href":"https:\/\/moto-screenies.de\/fr\/wp-json\/wp\/v2\/product_tag?post=188627"}],"curies":[{"name":"wp","href":"https:\/\/api.w.org\/{rel}","templated":true}]}}