{"id":188647,"date":"2024-07-03T11:54:50","date_gmt":"2024-07-03T09:54:50","guid":{"rendered":"https:\/\/moto-screenies.de\/produkt\/tachoschutzfolie-displayschutzfolie-passend-fuer-honda-crosstourer-vfr1200x-sc70-2012\/"},"modified":"2026-03-05T18:34:40","modified_gmt":"2026-03-05T17:34:40","slug":"tachoschutzfolie-displayschutzfolie-passend-fuer-honda-crosstourer-vfr1200x-sc70-2012","status":"publish","type":"product","link":"https:\/\/moto-screenies.de\/fr\/produkt\/tachoschutzfolie-displayschutzfolie-passend-fuer-honda-crosstourer-vfr1200x-sc70-2012\/","title":{"rendered":"Tachoschutzfolie Displayschutzfolie passend f\u00fcr Honda Crosstourer VFR1200X SC70 2012+"},"content":{"rendered":"<p>Die Tachoschutzfolie Displayschutzfolie bietet optimalen Schutz f\u00fcr das empfindliche Display Ihres Honda Crosstourer VFR1200X SC70 2012+. Diese hochwertige Folie bewahrt den Tacho vor Kratzern, Staub und Schmutz, ohne die Sicht oder Bedienbarkeit zu beeintr\u00e4chtigen. Die einfache Montage ohne Blasenbildung sorgt f\u00fcr ein makelloses Erscheinungsbild und eine lange Lebensdauer. Investieren Sie in den Werterhalt Ihres Motorrads und genie\u00dfen Sie ungetr\u00fcbte Fahrfreude mit dieser ma\u00dfgeschneiderten Schutzl\u00f6sung.<\/p>\n<p>Passend f\u00fcr: Tachoschutzfolie Displayschutzfolie passend f\u00fcr Honda Crosstourer VFR1200X SC70 2012+<\/p>\n","protected":false},"excerpt":{"rendered":"<p>Die Tachoschutzfolie Displayschutzfolie bietet optimalen Schutz f\u00fcr das empfindliche Display Ihres Honda Crosstourer VFR1200X SC70 2012+. Diese hochwertige Folie bewahrt den Tacho vor Kratzern, Staub und Schmutz, ohne die Sicht oder Bedienbarkeit zu beeintr\u00e4chtigen. Die einfache Montage ohne Blasenbildung sorgt f\u00fcr ein makelloses Erscheinungsbild und eine lange Lebensdauer. Investieren Sie in den Werterhalt Ihres Motorrads [&hellip;]<\/p>\n","protected":false},"featured_media":265434,"comment_status":"open","ping_status":"closed","template":"","meta":{"_et_pb_use_builder":"","_et_pb_old_content":"","_et_gb_content_width":"","_uf_show_specific_survey":0,"_uf_disable_surveys":false},"product_brand":[],"product_cat":[422],"product_tag":[117],"class_list":{"0":"post-188647","1":"product","2":"type-product","3":"status-publish","4":"has-post-thumbnail","6":"product_cat-honda-schutzfolie-fuer-dein-motorrad","7":"product_tag-tachoschutzfolie","8":"product_shipping_class-standard","10":"first","11":"instock","12":"taxable","13":"shipping-taxable","14":"purchasable","15":"product-type-variable"},"yoast_head":"<!-- This site is optimized with the Yoast SEO plugin v27.2 - https:\/\/yoast.com\/product\/yoast-seo-wordpress\/ -->\n<title>Tachoschutzfolie Displayschutzfolie passend f\u00fcr Honda Crosstourer VFR1200X SC70 2012+<\/title>\n<meta name=\"description\" content=\"Entdecken Sie die perfekte Tachoschutzfolie f\u00fcr Ihren Honda Crosstourer VFR1200X SC70 2012+. Sch\u00fctzen Sie Ihr Display effektiv vor Kratzern und Abnutzung. Hochwertig, passgenau und langlebig!\" \/>\n<meta name=\"robots\" content=\"index, follow, max-snippet:-1, max-image-preview:large, max-video-preview:-1\" \/>\n<link rel=\"canonical\" href=\"https:\/\/moto-screenies.de\/fr\/produkt\/tachoschutzfolie-displayschutzfolie-passend-fuer-honda-crosstourer-vfr1200x-sc70-2012\/\" \/>\n<meta property=\"og:locale\" content=\"fr_FR\" \/>\n<meta property=\"og:type\" content=\"article\" \/>\n<meta property=\"og:title\" content=\"Tachoschutzfolie Displayschutzfolie passend f\u00fcr Honda Crosstourer VFR1200X SC70 2012+\" \/>\n<meta property=\"og:description\" content=\"Entdecken Sie die perfekte Tachoschutzfolie f\u00fcr Ihren Honda Crosstourer VFR1200X SC70 2012+. Sch\u00fctzen Sie Ihr Display effektiv vor Kratzern und Abnutzung. Hochwertig, passgenau und langlebig!\" \/>\n<meta property=\"og:url\" content=\"https:\/\/moto-screenies.de\/fr\/produkt\/tachoschutzfolie-displayschutzfolie-passend-fuer-honda-crosstourer-vfr1200x-sc70-2012\/\" \/>\n<meta property=\"og:site_name\" content=\"Moto Screenies\" \/>\n<meta property=\"article:modified_time\" content=\"2026-03-05T17:34:40+00:00\" \/>\n<meta property=\"og:image\" content=\"https:\/\/moto-screenies.de\/wp-content\/uploads\/2024\/07\/MS278.png\" \/>\n\t<meta property=\"og:image:width\" content=\"1500\" \/>\n\t<meta property=\"og:image:height\" content=\"1500\" \/>\n\t<meta property=\"og:image:type\" content=\"image\/png\" \/>\n<meta name=\"twitter:card\" content=\"summary_large_image\" \/>\n<meta name=\"twitter:label1\" content=\"Dur\u00e9e de lecture estim\u00e9e\" \/>\n\t<meta name=\"twitter:data1\" content=\"1 minute\" \/>\n<script type=\"application\/ld+json\" class=\"yoast-schema-graph\">{\"@context\":\"https:\/\/schema.org\",\"@graph\":[{\"@type\":\"WebPage\",\"@id\":\"https:\/\/moto-screenies.de\/fr\/produkt\/tachoschutzfolie-displayschutzfolie-passend-fuer-honda-crosstourer-vfr1200x-sc70-2012\/\",\"url\":\"https:\/\/moto-screenies.de\/fr\/produkt\/tachoschutzfolie-displayschutzfolie-passend-fuer-honda-crosstourer-vfr1200x-sc70-2012\/\",\"name\":\"Tachoschutzfolie Displayschutzfolie passend f\u00fcr Honda Crosstourer VFR1200X SC70 2012+\",\"isPartOf\":{\"@id\":\"https:\/\/moto-screenies.de\/fr\/#website\"},\"primaryImageOfPage\":{\"@id\":\"https:\/\/moto-screenies.de\/fr\/produkt\/tachoschutzfolie-displayschutzfolie-passend-fuer-honda-crosstourer-vfr1200x-sc70-2012\/#primaryimage\"},\"image\":{\"@id\":\"https:\/\/moto-screenies.de\/fr\/produkt\/tachoschutzfolie-displayschutzfolie-passend-fuer-honda-crosstourer-vfr1200x-sc70-2012\/#primaryimage\"},\"thumbnailUrl\":\"https:\/\/moto-screenies.de\/wp-content\/uploads\/2024\/07\/MS278.png\",\"datePublished\":\"2024-07-03T09:54:50+00:00\",\"dateModified\":\"2026-03-05T17:34:40+00:00\",\"description\":\"Entdecken Sie die perfekte Tachoschutzfolie f\u00fcr Ihren Honda Crosstourer VFR1200X SC70 2012+. Sch\u00fctzen Sie Ihr Display effektiv vor Kratzern und Abnutzung. Hochwertig, passgenau und langlebig!\",\"breadcrumb\":{\"@id\":\"https:\/\/moto-screenies.de\/fr\/produkt\/tachoschutzfolie-displayschutzfolie-passend-fuer-honda-crosstourer-vfr1200x-sc70-2012\/#breadcrumb\"},\"inLanguage\":\"fr-FR\",\"potentialAction\":[{\"@type\":\"ReadAction\",\"target\":[\"https:\/\/moto-screenies.de\/fr\/produkt\/tachoschutzfolie-displayschutzfolie-passend-fuer-honda-crosstourer-vfr1200x-sc70-2012\/\"]}]},{\"@type\":\"ImageObject\",\"inLanguage\":\"fr-FR\",\"@id\":\"https:\/\/moto-screenies.de\/fr\/produkt\/tachoschutzfolie-displayschutzfolie-passend-fuer-honda-crosstourer-vfr1200x-sc70-2012\/#primaryimage\",\"url\":\"https:\/\/moto-screenies.de\/wp-content\/uploads\/2024\/07\/MS278.png\",\"contentUrl\":\"https:\/\/moto-screenies.de\/wp-content\/uploads\/2024\/07\/MS278.png\",\"width\":1500,\"height\":1500,\"caption\":\"Moto Screenies\"},{\"@type\":\"BreadcrumbList\",\"@id\":\"https:\/\/moto-screenies.de\/fr\/produkt\/tachoschutzfolie-displayschutzfolie-passend-fuer-honda-crosstourer-vfr1200x-sc70-2012\/#breadcrumb\",\"itemListElement\":[{\"@type\":\"ListItem\",\"position\":1,\"name\":\"Startseite\",\"item\":\"https:\/\/moto-screenies.de\/fr\/\"},{\"@type\":\"ListItem\",\"position\":2,\"name\":\"Boutique\",\"item\":\"https:\/\/moto-screenies.de\/fr\/boutique\/\"},{\"@type\":\"ListItem\",\"position\":3,\"name\":\"Tachoschutzfolie Displayschutzfolie passend f\u00fcr Honda Crosstourer VFR1200X SC70 2012+\"}]},{\"@type\":\"WebSite\",\"@id\":\"https:\/\/moto-screenies.de\/fr\/#website\",\"url\":\"https:\/\/moto-screenies.de\/fr\/\",\"name\":\"Moto Screenies\",\"description\":\"Die Displayschutzfolie f\u00fcr dein Motorrad\",\"publisher\":{\"@id\":\"https:\/\/moto-screenies.de\/fr\/#organization\"},\"alternateName\":\"MS\",\"potentialAction\":[{\"@type\":\"SearchAction\",\"target\":{\"@type\":\"EntryPoint\",\"urlTemplate\":\"https:\/\/moto-screenies.de\/fr\/?s={search_term_string}\"},\"query-input\":{\"@type\":\"PropertyValueSpecification\",\"valueRequired\":true,\"valueName\":\"search_term_string\"}}],\"inLanguage\":\"fr-FR\"},{\"@type\":\"Organization\",\"@id\":\"https:\/\/moto-screenies.de\/fr\/#organization\",\"name\":\"Moto Screenies\",\"url\":\"https:\/\/moto-screenies.de\/fr\/\",\"logo\":{\"@type\":\"ImageObject\",\"inLanguage\":\"fr-FR\",\"@id\":\"https:\/\/moto-screenies.de\/fr\/#\/schema\/logo\/image\/\",\"url\":\"\",\"contentUrl\":\"\",\"caption\":\"Moto Screenies\"},\"image\":{\"@id\":\"https:\/\/moto-screenies.de\/fr\/#\/schema\/logo\/image\/\"}}]}<\/script>\n<!-- \/ Yoast SEO plugin. -->","yoast_head_json":{"title":"Tachoschutzfolie Displayschutzfolie passend f\u00fcr Honda Crosstourer VFR1200X SC70 2012+","description":"Entdecken Sie die perfekte Tachoschutzfolie f\u00fcr Ihren Honda Crosstourer VFR1200X SC70 2012+. Sch\u00fctzen Sie Ihr Display effektiv vor Kratzern und Abnutzung. Hochwertig, passgenau und langlebig!","robots":{"index":"index","follow":"follow","max-snippet":"max-snippet:-1","max-image-preview":"max-image-preview:large","max-video-preview":"max-video-preview:-1"},"canonical":"https:\/\/moto-screenies.de\/fr\/produkt\/tachoschutzfolie-displayschutzfolie-passend-fuer-honda-crosstourer-vfr1200x-sc70-2012\/","og_locale":"fr_FR","og_type":"article","og_title":"Tachoschutzfolie Displayschutzfolie passend f\u00fcr Honda Crosstourer VFR1200X SC70 2012+","og_description":"Entdecken Sie die perfekte Tachoschutzfolie f\u00fcr Ihren Honda Crosstourer VFR1200X SC70 2012+. Sch\u00fctzen Sie Ihr Display effektiv vor Kratzern und Abnutzung. Hochwertig, passgenau und langlebig!","og_url":"https:\/\/moto-screenies.de\/fr\/produkt\/tachoschutzfolie-displayschutzfolie-passend-fuer-honda-crosstourer-vfr1200x-sc70-2012\/","og_site_name":"Moto Screenies","article_modified_time":"2026-03-05T17:34:40+00:00","og_image":[{"width":1500,"height":1500,"url":"https:\/\/moto-screenies.de\/wp-content\/uploads\/2024\/07\/MS278.png","type":"image\/png"}],"twitter_card":"summary_large_image","twitter_misc":{"Dur\u00e9e de lecture estim\u00e9e":"1 minute"},"schema":{"@context":"https:\/\/schema.org","@graph":[{"@type":"WebPage","@id":"https:\/\/moto-screenies.de\/fr\/produkt\/tachoschutzfolie-displayschutzfolie-passend-fuer-honda-crosstourer-vfr1200x-sc70-2012\/","url":"https:\/\/moto-screenies.de\/fr\/produkt\/tachoschutzfolie-displayschutzfolie-passend-fuer-honda-crosstourer-vfr1200x-sc70-2012\/","name":"Tachoschutzfolie Displayschutzfolie passend f\u00fcr Honda Crosstourer VFR1200X SC70 2012+","isPartOf":{"@id":"https:\/\/moto-screenies.de\/fr\/#website"},"primaryImageOfPage":{"@id":"https:\/\/moto-screenies.de\/fr\/produkt\/tachoschutzfolie-displayschutzfolie-passend-fuer-honda-crosstourer-vfr1200x-sc70-2012\/#primaryimage"},"image":{"@id":"https:\/\/moto-screenies.de\/fr\/produkt\/tachoschutzfolie-displayschutzfolie-passend-fuer-honda-crosstourer-vfr1200x-sc70-2012\/#primaryimage"},"thumbnailUrl":"https:\/\/moto-screenies.de\/wp-content\/uploads\/2024\/07\/MS278.png","datePublished":"2024-07-03T09:54:50+00:00","dateModified":"2026-03-05T17:34:40+00:00","description":"Entdecken Sie die perfekte Tachoschutzfolie f\u00fcr Ihren Honda Crosstourer VFR1200X SC70 2012+. Sch\u00fctzen Sie Ihr Display effektiv vor Kratzern und Abnutzung. Hochwertig, passgenau und langlebig!","breadcrumb":{"@id":"https:\/\/moto-screenies.de\/fr\/produkt\/tachoschutzfolie-displayschutzfolie-passend-fuer-honda-crosstourer-vfr1200x-sc70-2012\/#breadcrumb"},"inLanguage":"fr-FR","potentialAction":[{"@type":"ReadAction","target":["https:\/\/moto-screenies.de\/fr\/produkt\/tachoschutzfolie-displayschutzfolie-passend-fuer-honda-crosstourer-vfr1200x-sc70-2012\/"]}]},{"@type":"ImageObject","inLanguage":"fr-FR","@id":"https:\/\/moto-screenies.de\/fr\/produkt\/tachoschutzfolie-displayschutzfolie-passend-fuer-honda-crosstourer-vfr1200x-sc70-2012\/#primaryimage","url":"https:\/\/moto-screenies.de\/wp-content\/uploads\/2024\/07\/MS278.png","contentUrl":"https:\/\/moto-screenies.de\/wp-content\/uploads\/2024\/07\/MS278.png","width":1500,"height":1500,"caption":"Moto Screenies"},{"@type":"BreadcrumbList","@id":"https:\/\/moto-screenies.de\/fr\/produkt\/tachoschutzfolie-displayschutzfolie-passend-fuer-honda-crosstourer-vfr1200x-sc70-2012\/#breadcrumb","itemListElement":[{"@type":"ListItem","position":1,"name":"Startseite","item":"https:\/\/moto-screenies.de\/fr\/"},{"@type":"ListItem","position":2,"name":"Boutique","item":"https:\/\/moto-screenies.de\/fr\/boutique\/"},{"@type":"ListItem","position":3,"name":"Tachoschutzfolie Displayschutzfolie passend f\u00fcr Honda Crosstourer VFR1200X SC70 2012+"}]},{"@type":"WebSite","@id":"https:\/\/moto-screenies.de\/fr\/#website","url":"https:\/\/moto-screenies.de\/fr\/","name":"Moto Screenies","description":"Die Displayschutzfolie f\u00fcr dein Motorrad","publisher":{"@id":"https:\/\/moto-screenies.de\/fr\/#organization"},"alternateName":"MS","potentialAction":[{"@type":"SearchAction","target":{"@type":"EntryPoint","urlTemplate":"https:\/\/moto-screenies.de\/fr\/?s={search_term_string}"},"query-input":{"@type":"PropertyValueSpecification","valueRequired":true,"valueName":"search_term_string"}}],"inLanguage":"fr-FR"},{"@type":"Organization","@id":"https:\/\/moto-screenies.de\/fr\/#organization","name":"Moto Screenies","url":"https:\/\/moto-screenies.de\/fr\/","logo":{"@type":"ImageObject","inLanguage":"fr-FR","@id":"https:\/\/moto-screenies.de\/fr\/#\/schema\/logo\/image\/","url":"","contentUrl":"","caption":"Moto Screenies"},"image":{"@id":"https:\/\/moto-screenies.de\/fr\/#\/schema\/logo\/image\/"}}]}},"_links":{"self":[{"href":"https:\/\/moto-screenies.de\/fr\/wp-json\/wp\/v2\/product\/188647","targetHints":{"allow":["GET"]}}],"collection":[{"href":"https:\/\/moto-screenies.de\/fr\/wp-json\/wp\/v2\/product"}],"about":[{"href":"https:\/\/moto-screenies.de\/fr\/wp-json\/wp\/v2\/types\/product"}],"replies":[{"embeddable":true,"href":"https:\/\/moto-screenies.de\/fr\/wp-json\/wp\/v2\/comments?post=188647"}],"wp:featuredmedia":[{"embeddable":true,"href":"https:\/\/moto-screenies.de\/fr\/wp-json\/wp\/v2\/media\/265434"}],"wp:attachment":[{"href":"https:\/\/moto-screenies.de\/fr\/wp-json\/wp\/v2\/media?parent=188647"}],"wp:term":[{"taxonomy":"product_brand","embeddable":true,"href":"https:\/\/moto-screenies.de\/fr\/wp-json\/wp\/v2\/product_brand?post=188647"},{"taxonomy":"product_cat","embeddable":true,"href":"https:\/\/moto-screenies.de\/fr\/wp-json\/wp\/v2\/product_cat?post=188647"},{"taxonomy":"product_tag","embeddable":true,"href":"https:\/\/moto-screenies.de\/fr\/wp-json\/wp\/v2\/product_tag?post=188647"}],"curies":[{"name":"wp","href":"https:\/\/api.w.org\/{rel}","templated":true}]}}