{"id":188659,"date":"2025-01-07T12:41:07","date_gmt":"2025-01-07T11:41:07","guid":{"rendered":"https:\/\/moto-screenies.de\/produkt\/display-tacho-schutzfolie-zugeschnitten-fuer-royal-enfield-guerrilla-450-flash\/"},"modified":"2026-01-26T15:49:11","modified_gmt":"2026-01-26T14:49:11","slug":"display-tacho-schutzfolie-zugeschnitten-fuer-royal-enfield-guerrilla-450-flash","status":"publish","type":"product","link":"https:\/\/moto-screenies.de\/fr\/produkt\/display-tacho-schutzfolie-zugeschnitten-fuer-royal-enfield-guerrilla-450-flash\/","title":{"rendered":"Display Tacho Schutzfolie zugeschnitten f\u00fcr Royal Enfield Guerrilla 450 Flash"},"content":{"rendered":"<p>Entdecken Sie den ultimativen Schutz f\u00fcr Ihr Motorrad-Display mit unserer hochwertigen Tachoschutzfolie. Diese Displayschutzfolie wurde speziell f\u00fcr die Royal Enfield Guerrilla 450 Flash entwickelt, um Ihr Tachometer vor Kratzern, Staub und Schmutz zu sch\u00fctzen. Die passgenaue Folie bietet eine kristallklare Sicht und bewahrt die volle Funktionalit\u00e4t Ihres Displays. Einfach zu installieren und r\u00fcckstandslos entfernbar, sorgt sie f\u00fcr langanhaltenden Schutz. Investieren Sie in die Langlebigkeit Ihres Motorrads mit dieser unverzichtbaren Schutzfolie.<\/p>\n<p>Passend f\u00fcr: Tachoschutzfolie Displayschutzfolie passend f\u00fcr Royal Enfield Guerrilla 450 Flash<\/p>\n","protected":false},"excerpt":{"rendered":"<p>Entdecken Sie den ultimativen Schutz f\u00fcr Ihr Motorrad-Display mit unserer hochwertigen Tachoschutzfolie. Diese Displayschutzfolie wurde speziell f\u00fcr die Royal Enfield Guerrilla 450 Flash entwickelt, um Ihr Tachometer vor Kratzern, Staub und Schmutz zu sch\u00fctzen. Die passgenaue Folie bietet eine kristallklare Sicht und bewahrt die volle Funktionalit\u00e4t Ihres Displays. Einfach zu installieren und r\u00fcckstandslos entfernbar, sorgt [&hellip;]<\/p>\n","protected":false},"featured_media":222238,"comment_status":"open","ping_status":"closed","template":"","meta":{"_et_pb_use_builder":"","_et_pb_old_content":"","_et_gb_content_width":"","_uf_show_specific_survey":0,"_uf_disable_surveys":false},"product_brand":[],"product_cat":[432],"product_tag":[117],"class_list":{"0":"post-188659","1":"product","2":"type-product","3":"status-publish","4":"has-post-thumbnail","6":"product_cat-sonstige-modelle","7":"product_tag-tachoschutzfolie","8":"product_shipping_class-standard","10":"first","11":"instock","12":"taxable","13":"shipping-taxable","14":"purchasable","15":"product-type-variable"},"yoast_head":"<!-- This site is optimized with the Yoast SEO plugin v27.2 - https:\/\/yoast.com\/product\/yoast-seo-wordpress\/ -->\n<title>Display Tacho Schutzfolie zugeschnitten f\u00fcr Royal Enfield Guerrilla 450 Flash<\/title>\n<meta name=\"description\" content=\"Entdecken Sie die perfekte Tachoschutzfolie f\u00fcr Ihre Royal Enfield Guerrilla 450 Flash. Optimaler Displayschutz f\u00fcr klare Sicht und langfristigen Werterhalt. Ideal f\u00fcr Motorradliebhaber!\" \/>\n<meta name=\"robots\" content=\"index, follow, max-snippet:-1, max-image-preview:large, max-video-preview:-1\" \/>\n<link rel=\"canonical\" href=\"https:\/\/moto-screenies.de\/fr\/produkt\/display-tacho-schutzfolie-zugeschnitten-fuer-royal-enfield-guerrilla-450-flash\/\" \/>\n<meta property=\"og:locale\" content=\"fr_FR\" \/>\n<meta property=\"og:type\" content=\"article\" \/>\n<meta property=\"og:title\" content=\"Display Tacho Schutzfolie zugeschnitten f\u00fcr Royal Enfield Guerrilla 450 Flash\" \/>\n<meta property=\"og:description\" content=\"Entdecken Sie die perfekte Tachoschutzfolie f\u00fcr Ihre Royal Enfield Guerrilla 450 Flash. Optimaler Displayschutz f\u00fcr klare Sicht und langfristigen Werterhalt. Ideal f\u00fcr Motorradliebhaber!\" \/>\n<meta property=\"og:url\" content=\"https:\/\/moto-screenies.de\/fr\/produkt\/display-tacho-schutzfolie-zugeschnitten-fuer-royal-enfield-guerrilla-450-flash\/\" \/>\n<meta property=\"og:site_name\" content=\"Moto Screenies\" \/>\n<meta property=\"article:modified_time\" content=\"2026-01-26T14:49:11+00:00\" \/>\n<meta property=\"og:image\" content=\"https:\/\/moto-screenies.de\/wp-content\/uploads\/2025\/11\/357537_Product.png\" \/>\n\t<meta property=\"og:image:width\" content=\"1500\" \/>\n\t<meta property=\"og:image:height\" content=\"1500\" \/>\n\t<meta property=\"og:image:type\" content=\"image\/png\" \/>\n<meta name=\"twitter:card\" content=\"summary_large_image\" \/>\n<script type=\"application\/ld+json\" class=\"yoast-schema-graph\">{\"@context\":\"https:\/\/schema.org\",\"@graph\":[{\"@type\":\"WebPage\",\"@id\":\"https:\/\/moto-screenies.de\/fr\/produkt\/display-tacho-schutzfolie-zugeschnitten-fuer-royal-enfield-guerrilla-450-flash\/\",\"url\":\"https:\/\/moto-screenies.de\/fr\/produkt\/display-tacho-schutzfolie-zugeschnitten-fuer-royal-enfield-guerrilla-450-flash\/\",\"name\":\"Display Tacho Schutzfolie zugeschnitten f\u00fcr Royal Enfield Guerrilla 450 Flash\",\"isPartOf\":{\"@id\":\"https:\/\/moto-screenies.de\/fr\/#website\"},\"primaryImageOfPage\":{\"@id\":\"https:\/\/moto-screenies.de\/fr\/produkt\/display-tacho-schutzfolie-zugeschnitten-fuer-royal-enfield-guerrilla-450-flash\/#primaryimage\"},\"image\":{\"@id\":\"https:\/\/moto-screenies.de\/fr\/produkt\/display-tacho-schutzfolie-zugeschnitten-fuer-royal-enfield-guerrilla-450-flash\/#primaryimage\"},\"thumbnailUrl\":\"https:\/\/moto-screenies.de\/wp-content\/uploads\/2025\/11\/357537_Product.png\",\"datePublished\":\"2025-01-07T11:41:07+00:00\",\"dateModified\":\"2026-01-26T14:49:11+00:00\",\"description\":\"Entdecken Sie die perfekte Tachoschutzfolie f\u00fcr Ihre Royal Enfield Guerrilla 450 Flash. Optimaler Displayschutz f\u00fcr klare Sicht und langfristigen Werterhalt. Ideal f\u00fcr Motorradliebhaber!\",\"breadcrumb\":{\"@id\":\"https:\/\/moto-screenies.de\/fr\/produkt\/display-tacho-schutzfolie-zugeschnitten-fuer-royal-enfield-guerrilla-450-flash\/#breadcrumb\"},\"inLanguage\":\"fr-FR\",\"potentialAction\":[{\"@type\":\"ReadAction\",\"target\":[\"https:\/\/moto-screenies.de\/fr\/produkt\/display-tacho-schutzfolie-zugeschnitten-fuer-royal-enfield-guerrilla-450-flash\/\"]}]},{\"@type\":\"ImageObject\",\"inLanguage\":\"fr-FR\",\"@id\":\"https:\/\/moto-screenies.de\/fr\/produkt\/display-tacho-schutzfolie-zugeschnitten-fuer-royal-enfield-guerrilla-450-flash\/#primaryimage\",\"url\":\"https:\/\/moto-screenies.de\/wp-content\/uploads\/2025\/11\/357537_Product.png\",\"contentUrl\":\"https:\/\/moto-screenies.de\/wp-content\/uploads\/2025\/11\/357537_Product.png\",\"width\":1500,\"height\":1500,\"caption\":\"1 MAIN (ANTI GLARE).png\"},{\"@type\":\"BreadcrumbList\",\"@id\":\"https:\/\/moto-screenies.de\/fr\/produkt\/display-tacho-schutzfolie-zugeschnitten-fuer-royal-enfield-guerrilla-450-flash\/#breadcrumb\",\"itemListElement\":[{\"@type\":\"ListItem\",\"position\":1,\"name\":\"Startseite\",\"item\":\"https:\/\/moto-screenies.de\/fr\/\"},{\"@type\":\"ListItem\",\"position\":2,\"name\":\"Boutique\",\"item\":\"https:\/\/moto-screenies.de\/fr\/boutique\/\"},{\"@type\":\"ListItem\",\"position\":3,\"name\":\"Display Tacho Schutzfolie zugeschnitten f\u00fcr Royal Enfield Guerrilla 450 Flash\"}]},{\"@type\":\"WebSite\",\"@id\":\"https:\/\/moto-screenies.de\/fr\/#website\",\"url\":\"https:\/\/moto-screenies.de\/fr\/\",\"name\":\"Moto Screenies\",\"description\":\"Die Displayschutzfolie f\u00fcr dein Motorrad\",\"publisher\":{\"@id\":\"https:\/\/moto-screenies.de\/fr\/#organization\"},\"alternateName\":\"MS\",\"potentialAction\":[{\"@type\":\"SearchAction\",\"target\":{\"@type\":\"EntryPoint\",\"urlTemplate\":\"https:\/\/moto-screenies.de\/fr\/?s={search_term_string}\"},\"query-input\":{\"@type\":\"PropertyValueSpecification\",\"valueRequired\":true,\"valueName\":\"search_term_string\"}}],\"inLanguage\":\"fr-FR\"},{\"@type\":\"Organization\",\"@id\":\"https:\/\/moto-screenies.de\/fr\/#organization\",\"name\":\"Moto Screenies\",\"url\":\"https:\/\/moto-screenies.de\/fr\/\",\"logo\":{\"@type\":\"ImageObject\",\"inLanguage\":\"fr-FR\",\"@id\":\"https:\/\/moto-screenies.de\/fr\/#\/schema\/logo\/image\/\",\"url\":\"\",\"contentUrl\":\"\",\"caption\":\"Moto Screenies\"},\"image\":{\"@id\":\"https:\/\/moto-screenies.de\/fr\/#\/schema\/logo\/image\/\"}}]}<\/script>\n<!-- \/ Yoast SEO plugin. -->","yoast_head_json":{"title":"Display Tacho Schutzfolie zugeschnitten f\u00fcr Royal Enfield Guerrilla 450 Flash","description":"Entdecken Sie die perfekte Tachoschutzfolie f\u00fcr Ihre Royal Enfield Guerrilla 450 Flash. Optimaler Displayschutz f\u00fcr klare Sicht und langfristigen Werterhalt. Ideal f\u00fcr Motorradliebhaber!","robots":{"index":"index","follow":"follow","max-snippet":"max-snippet:-1","max-image-preview":"max-image-preview:large","max-video-preview":"max-video-preview:-1"},"canonical":"https:\/\/moto-screenies.de\/fr\/produkt\/display-tacho-schutzfolie-zugeschnitten-fuer-royal-enfield-guerrilla-450-flash\/","og_locale":"fr_FR","og_type":"article","og_title":"Display Tacho Schutzfolie zugeschnitten f\u00fcr Royal Enfield Guerrilla 450 Flash","og_description":"Entdecken Sie die perfekte Tachoschutzfolie f\u00fcr Ihre Royal Enfield Guerrilla 450 Flash. Optimaler Displayschutz f\u00fcr klare Sicht und langfristigen Werterhalt. Ideal f\u00fcr Motorradliebhaber!","og_url":"https:\/\/moto-screenies.de\/fr\/produkt\/display-tacho-schutzfolie-zugeschnitten-fuer-royal-enfield-guerrilla-450-flash\/","og_site_name":"Moto Screenies","article_modified_time":"2026-01-26T14:49:11+00:00","og_image":[{"width":1500,"height":1500,"url":"https:\/\/moto-screenies.de\/wp-content\/uploads\/2025\/11\/357537_Product.png","type":"image\/png"}],"twitter_card":"summary_large_image","schema":{"@context":"https:\/\/schema.org","@graph":[{"@type":"WebPage","@id":"https:\/\/moto-screenies.de\/fr\/produkt\/display-tacho-schutzfolie-zugeschnitten-fuer-royal-enfield-guerrilla-450-flash\/","url":"https:\/\/moto-screenies.de\/fr\/produkt\/display-tacho-schutzfolie-zugeschnitten-fuer-royal-enfield-guerrilla-450-flash\/","name":"Display Tacho Schutzfolie zugeschnitten f\u00fcr Royal Enfield Guerrilla 450 Flash","isPartOf":{"@id":"https:\/\/moto-screenies.de\/fr\/#website"},"primaryImageOfPage":{"@id":"https:\/\/moto-screenies.de\/fr\/produkt\/display-tacho-schutzfolie-zugeschnitten-fuer-royal-enfield-guerrilla-450-flash\/#primaryimage"},"image":{"@id":"https:\/\/moto-screenies.de\/fr\/produkt\/display-tacho-schutzfolie-zugeschnitten-fuer-royal-enfield-guerrilla-450-flash\/#primaryimage"},"thumbnailUrl":"https:\/\/moto-screenies.de\/wp-content\/uploads\/2025\/11\/357537_Product.png","datePublished":"2025-01-07T11:41:07+00:00","dateModified":"2026-01-26T14:49:11+00:00","description":"Entdecken Sie die perfekte Tachoschutzfolie f\u00fcr Ihre Royal Enfield Guerrilla 450 Flash. Optimaler Displayschutz f\u00fcr klare Sicht und langfristigen Werterhalt. Ideal f\u00fcr Motorradliebhaber!","breadcrumb":{"@id":"https:\/\/moto-screenies.de\/fr\/produkt\/display-tacho-schutzfolie-zugeschnitten-fuer-royal-enfield-guerrilla-450-flash\/#breadcrumb"},"inLanguage":"fr-FR","potentialAction":[{"@type":"ReadAction","target":["https:\/\/moto-screenies.de\/fr\/produkt\/display-tacho-schutzfolie-zugeschnitten-fuer-royal-enfield-guerrilla-450-flash\/"]}]},{"@type":"ImageObject","inLanguage":"fr-FR","@id":"https:\/\/moto-screenies.de\/fr\/produkt\/display-tacho-schutzfolie-zugeschnitten-fuer-royal-enfield-guerrilla-450-flash\/#primaryimage","url":"https:\/\/moto-screenies.de\/wp-content\/uploads\/2025\/11\/357537_Product.png","contentUrl":"https:\/\/moto-screenies.de\/wp-content\/uploads\/2025\/11\/357537_Product.png","width":1500,"height":1500,"caption":"1 MAIN (ANTI GLARE).png"},{"@type":"BreadcrumbList","@id":"https:\/\/moto-screenies.de\/fr\/produkt\/display-tacho-schutzfolie-zugeschnitten-fuer-royal-enfield-guerrilla-450-flash\/#breadcrumb","itemListElement":[{"@type":"ListItem","position":1,"name":"Startseite","item":"https:\/\/moto-screenies.de\/fr\/"},{"@type":"ListItem","position":2,"name":"Boutique","item":"https:\/\/moto-screenies.de\/fr\/boutique\/"},{"@type":"ListItem","position":3,"name":"Display Tacho Schutzfolie zugeschnitten f\u00fcr Royal Enfield Guerrilla 450 Flash"}]},{"@type":"WebSite","@id":"https:\/\/moto-screenies.de\/fr\/#website","url":"https:\/\/moto-screenies.de\/fr\/","name":"Moto Screenies","description":"Die Displayschutzfolie f\u00fcr dein Motorrad","publisher":{"@id":"https:\/\/moto-screenies.de\/fr\/#organization"},"alternateName":"MS","potentialAction":[{"@type":"SearchAction","target":{"@type":"EntryPoint","urlTemplate":"https:\/\/moto-screenies.de\/fr\/?s={search_term_string}"},"query-input":{"@type":"PropertyValueSpecification","valueRequired":true,"valueName":"search_term_string"}}],"inLanguage":"fr-FR"},{"@type":"Organization","@id":"https:\/\/moto-screenies.de\/fr\/#organization","name":"Moto Screenies","url":"https:\/\/moto-screenies.de\/fr\/","logo":{"@type":"ImageObject","inLanguage":"fr-FR","@id":"https:\/\/moto-screenies.de\/fr\/#\/schema\/logo\/image\/","url":"","contentUrl":"","caption":"Moto Screenies"},"image":{"@id":"https:\/\/moto-screenies.de\/fr\/#\/schema\/logo\/image\/"}}]}},"_links":{"self":[{"href":"https:\/\/moto-screenies.de\/fr\/wp-json\/wp\/v2\/product\/188659","targetHints":{"allow":["GET"]}}],"collection":[{"href":"https:\/\/moto-screenies.de\/fr\/wp-json\/wp\/v2\/product"}],"about":[{"href":"https:\/\/moto-screenies.de\/fr\/wp-json\/wp\/v2\/types\/product"}],"replies":[{"embeddable":true,"href":"https:\/\/moto-screenies.de\/fr\/wp-json\/wp\/v2\/comments?post=188659"}],"wp:featuredmedia":[{"embeddable":true,"href":"https:\/\/moto-screenies.de\/fr\/wp-json\/wp\/v2\/media\/222238"}],"wp:attachment":[{"href":"https:\/\/moto-screenies.de\/fr\/wp-json\/wp\/v2\/media?parent=188659"}],"wp:term":[{"taxonomy":"product_brand","embeddable":true,"href":"https:\/\/moto-screenies.de\/fr\/wp-json\/wp\/v2\/product_brand?post=188659"},{"taxonomy":"product_cat","embeddable":true,"href":"https:\/\/moto-screenies.de\/fr\/wp-json\/wp\/v2\/product_cat?post=188659"},{"taxonomy":"product_tag","embeddable":true,"href":"https:\/\/moto-screenies.de\/fr\/wp-json\/wp\/v2\/product_tag?post=188659"}],"curies":[{"name":"wp","href":"https:\/\/api.w.org\/{rel}","templated":true}]}}