{"id":188679,"date":"2025-01-28T13:20:56","date_gmt":"2025-01-28T12:20:56","guid":{"rendered":"https:\/\/moto-screenies.de\/produkt\/display-tacho-schutzfolie-zugeschnitten-fuer-indian-ftr-1200-2023-kratzfest\/"},"modified":"2026-03-05T18:34:40","modified_gmt":"2026-03-05T17:34:40","slug":"display-tacho-schutzfolie-zugeschnitten-fuer-indian-ftr-1200-2023-kratzfest","status":"publish","type":"product","link":"https:\/\/moto-screenies.de\/fr\/produkt\/display-tacho-schutzfolie-zugeschnitten-fuer-indian-ftr-1200-2023-kratzfest\/","title":{"rendered":"Display Tacho Schutzfolie zugeschnitten f\u00fcr Indian FTR 1200 2023, kratzfest."},"content":{"rendered":"<p>Displayschutz-Folie f\u00fcr Motorrad Tacho-Schutzfolie Made in Germany, Kratschutz geeignet f\u00fcr Indian FTR 1200 2023<\/p>\n<p>Sch\u00fctzen Sie das empfindliche Display Ihres Indian FTR 1200 2023 mit unserer hochwertigen Tacho-Schutzfolie. Diese in Deutschland hergestellte Folie bietet optimalen Kratzschutz und verl\u00e4ngert die Lebensdauer Ihres Displays. Die pr\u00e4zise Passform garantiert eine einfache Installation ohne Blasenbildung. Erleben Sie klare Sicht und zuverl\u00e4ssigen Schutz bei jeder Fahrt. Investieren Sie in Qualit\u00e4t und Langlebigkeit f\u00fcr Ihr Motorrad. <\/p>\n<p>Passend f\u00fcr: Displayschutz-Folie f\u00fcr Motorrad Tacho-Schutzfolie Made in Germany, Kratschutz geeignet f\u00fcr Indian FTR 1200 2023<\/p>\n","protected":false},"excerpt":{"rendered":"<p>Displayschutz-Folie f\u00fcr Motorrad Tacho-Schutzfolie Made in Germany, Kratschutz geeignet f\u00fcr Indian FTR 1200 2023 Sch\u00fctzen Sie das empfindliche Display Ihres Indian FTR 1200 2023 mit unserer hochwertigen Tacho-Schutzfolie. Diese in Deutschland hergestellte Folie bietet optimalen Kratzschutz und verl\u00e4ngert die Lebensdauer Ihres Displays. Die pr\u00e4zise Passform garantiert eine einfache Installation ohne Blasenbildung. Erleben Sie klare Sicht [&hellip;]<\/p>\n","protected":false},"featured_media":265423,"comment_status":"open","ping_status":"closed","template":"","meta":{"_et_pb_use_builder":"","_et_pb_old_content":"","_et_gb_content_width":"","_uf_show_specific_survey":0,"_uf_disable_surveys":false},"product_brand":[],"product_cat":[432],"product_tag":[117],"class_list":{"0":"post-188679","1":"product","2":"type-product","3":"status-publish","4":"has-post-thumbnail","6":"product_cat-sonstige-modelle","7":"product_tag-tachoschutzfolie","8":"product_shipping_class-standard","10":"first","11":"instock","12":"taxable","13":"shipping-taxable","14":"purchasable","15":"product-type-variable"},"yoast_head":"<!-- This site is optimized with the Yoast SEO plugin v27.2 - https:\/\/yoast.com\/product\/yoast-seo-wordpress\/ -->\n<title>Display Tacho Schutzfolie zugeschnitten f\u00fcr Indian FTR 1200 2023, kratzfest.<\/title>\n<meta name=\"description\" content=\"Entdecken Sie die hochwertige Displayschutz-Folie f\u00fcr den Motorrad-Tacho der Indian FTR 1200 2023. Made in Germany, bietet sie optimalen Kratzschutz und Langlebigkeit. Perfekter Schutz f\u00fcr Ihr Display!\" \/>\n<meta name=\"robots\" content=\"index, follow, max-snippet:-1, max-image-preview:large, max-video-preview:-1\" \/>\n<link rel=\"canonical\" href=\"https:\/\/moto-screenies.de\/fr\/produkt\/display-tacho-schutzfolie-zugeschnitten-fuer-indian-ftr-1200-2023-kratzfest\/\" \/>\n<meta property=\"og:locale\" content=\"fr_FR\" \/>\n<meta property=\"og:type\" content=\"article\" \/>\n<meta property=\"og:title\" content=\"Display Tacho Schutzfolie zugeschnitten f\u00fcr Indian FTR 1200 2023, kratzfest.\" \/>\n<meta property=\"og:description\" content=\"Entdecken Sie die hochwertige Displayschutz-Folie f\u00fcr den Motorrad-Tacho der Indian FTR 1200 2023. Made in Germany, bietet sie optimalen Kratzschutz und Langlebigkeit. Perfekter Schutz f\u00fcr Ihr Display!\" \/>\n<meta property=\"og:url\" content=\"https:\/\/moto-screenies.de\/fr\/produkt\/display-tacho-schutzfolie-zugeschnitten-fuer-indian-ftr-1200-2023-kratzfest\/\" \/>\n<meta property=\"og:site_name\" content=\"Moto Screenies\" \/>\n<meta property=\"article:modified_time\" content=\"2026-03-05T17:34:40+00:00\" \/>\n<meta property=\"og:image\" content=\"https:\/\/moto-screenies.de\/wp-content\/uploads\/2025\/01\/MS293v1.png\" \/>\n\t<meta property=\"og:image:width\" content=\"1500\" \/>\n\t<meta property=\"og:image:height\" content=\"1500\" \/>\n\t<meta property=\"og:image:type\" content=\"image\/png\" \/>\n<meta name=\"twitter:card\" content=\"summary_large_image\" \/>\n<meta name=\"twitter:label1\" content=\"Dur\u00e9e de lecture estim\u00e9e\" \/>\n\t<meta name=\"twitter:data1\" content=\"1 minute\" \/>\n<script type=\"application\/ld+json\" class=\"yoast-schema-graph\">{\"@context\":\"https:\/\/schema.org\",\"@graph\":[{\"@type\":\"WebPage\",\"@id\":\"https:\/\/moto-screenies.de\/fr\/produkt\/display-tacho-schutzfolie-zugeschnitten-fuer-indian-ftr-1200-2023-kratzfest\/\",\"url\":\"https:\/\/moto-screenies.de\/fr\/produkt\/display-tacho-schutzfolie-zugeschnitten-fuer-indian-ftr-1200-2023-kratzfest\/\",\"name\":\"Display Tacho Schutzfolie zugeschnitten f\u00fcr Indian FTR 1200 2023, kratzfest.\",\"isPartOf\":{\"@id\":\"https:\/\/moto-screenies.de\/fr\/#website\"},\"primaryImageOfPage\":{\"@id\":\"https:\/\/moto-screenies.de\/fr\/produkt\/display-tacho-schutzfolie-zugeschnitten-fuer-indian-ftr-1200-2023-kratzfest\/#primaryimage\"},\"image\":{\"@id\":\"https:\/\/moto-screenies.de\/fr\/produkt\/display-tacho-schutzfolie-zugeschnitten-fuer-indian-ftr-1200-2023-kratzfest\/#primaryimage\"},\"thumbnailUrl\":\"https:\/\/moto-screenies.de\/wp-content\/uploads\/2025\/01\/MS293v1.png\",\"datePublished\":\"2025-01-28T12:20:56+00:00\",\"dateModified\":\"2026-03-05T17:34:40+00:00\",\"description\":\"Entdecken Sie die hochwertige Displayschutz-Folie f\u00fcr den Motorrad-Tacho der Indian FTR 1200 2023. Made in Germany, bietet sie optimalen Kratzschutz und Langlebigkeit. Perfekter Schutz f\u00fcr Ihr Display!\",\"breadcrumb\":{\"@id\":\"https:\/\/moto-screenies.de\/fr\/produkt\/display-tacho-schutzfolie-zugeschnitten-fuer-indian-ftr-1200-2023-kratzfest\/#breadcrumb\"},\"inLanguage\":\"fr-FR\",\"potentialAction\":[{\"@type\":\"ReadAction\",\"target\":[\"https:\/\/moto-screenies.de\/fr\/produkt\/display-tacho-schutzfolie-zugeschnitten-fuer-indian-ftr-1200-2023-kratzfest\/\"]}]},{\"@type\":\"ImageObject\",\"inLanguage\":\"fr-FR\",\"@id\":\"https:\/\/moto-screenies.de\/fr\/produkt\/display-tacho-schutzfolie-zugeschnitten-fuer-indian-ftr-1200-2023-kratzfest\/#primaryimage\",\"url\":\"https:\/\/moto-screenies.de\/wp-content\/uploads\/2025\/01\/MS293v1.png\",\"contentUrl\":\"https:\/\/moto-screenies.de\/wp-content\/uploads\/2025\/01\/MS293v1.png\",\"width\":1500,\"height\":1500,\"caption\":\"Moto Screenies\"},{\"@type\":\"BreadcrumbList\",\"@id\":\"https:\/\/moto-screenies.de\/fr\/produkt\/display-tacho-schutzfolie-zugeschnitten-fuer-indian-ftr-1200-2023-kratzfest\/#breadcrumb\",\"itemListElement\":[{\"@type\":\"ListItem\",\"position\":1,\"name\":\"Startseite\",\"item\":\"https:\/\/moto-screenies.de\/fr\/\"},{\"@type\":\"ListItem\",\"position\":2,\"name\":\"Boutique\",\"item\":\"https:\/\/moto-screenies.de\/fr\/boutique\/\"},{\"@type\":\"ListItem\",\"position\":3,\"name\":\"Display Tacho Schutzfolie zugeschnitten f\u00fcr Indian FTR 1200 2023, kratzfest.\"}]},{\"@type\":\"WebSite\",\"@id\":\"https:\/\/moto-screenies.de\/fr\/#website\",\"url\":\"https:\/\/moto-screenies.de\/fr\/\",\"name\":\"Moto Screenies\",\"description\":\"Die Displayschutzfolie f\u00fcr dein Motorrad\",\"publisher\":{\"@id\":\"https:\/\/moto-screenies.de\/fr\/#organization\"},\"alternateName\":\"MS\",\"potentialAction\":[{\"@type\":\"SearchAction\",\"target\":{\"@type\":\"EntryPoint\",\"urlTemplate\":\"https:\/\/moto-screenies.de\/fr\/?s={search_term_string}\"},\"query-input\":{\"@type\":\"PropertyValueSpecification\",\"valueRequired\":true,\"valueName\":\"search_term_string\"}}],\"inLanguage\":\"fr-FR\"},{\"@type\":\"Organization\",\"@id\":\"https:\/\/moto-screenies.de\/fr\/#organization\",\"name\":\"Moto Screenies\",\"url\":\"https:\/\/moto-screenies.de\/fr\/\",\"logo\":{\"@type\":\"ImageObject\",\"inLanguage\":\"fr-FR\",\"@id\":\"https:\/\/moto-screenies.de\/fr\/#\/schema\/logo\/image\/\",\"url\":\"\",\"contentUrl\":\"\",\"caption\":\"Moto Screenies\"},\"image\":{\"@id\":\"https:\/\/moto-screenies.de\/fr\/#\/schema\/logo\/image\/\"}}]}<\/script>\n<!-- \/ Yoast SEO plugin. -->","yoast_head_json":{"title":"Display Tacho Schutzfolie zugeschnitten f\u00fcr Indian FTR 1200 2023, kratzfest.","description":"Entdecken Sie die hochwertige Displayschutz-Folie f\u00fcr den Motorrad-Tacho der Indian FTR 1200 2023. Made in Germany, bietet sie optimalen Kratzschutz und Langlebigkeit. Perfekter Schutz f\u00fcr Ihr Display!","robots":{"index":"index","follow":"follow","max-snippet":"max-snippet:-1","max-image-preview":"max-image-preview:large","max-video-preview":"max-video-preview:-1"},"canonical":"https:\/\/moto-screenies.de\/fr\/produkt\/display-tacho-schutzfolie-zugeschnitten-fuer-indian-ftr-1200-2023-kratzfest\/","og_locale":"fr_FR","og_type":"article","og_title":"Display Tacho Schutzfolie zugeschnitten f\u00fcr Indian FTR 1200 2023, kratzfest.","og_description":"Entdecken Sie die hochwertige Displayschutz-Folie f\u00fcr den Motorrad-Tacho der Indian FTR 1200 2023. Made in Germany, bietet sie optimalen Kratzschutz und Langlebigkeit. Perfekter Schutz f\u00fcr Ihr Display!","og_url":"https:\/\/moto-screenies.de\/fr\/produkt\/display-tacho-schutzfolie-zugeschnitten-fuer-indian-ftr-1200-2023-kratzfest\/","og_site_name":"Moto Screenies","article_modified_time":"2026-03-05T17:34:40+00:00","og_image":[{"width":1500,"height":1500,"url":"https:\/\/moto-screenies.de\/wp-content\/uploads\/2025\/01\/MS293v1.png","type":"image\/png"}],"twitter_card":"summary_large_image","twitter_misc":{"Dur\u00e9e de lecture estim\u00e9e":"1 minute"},"schema":{"@context":"https:\/\/schema.org","@graph":[{"@type":"WebPage","@id":"https:\/\/moto-screenies.de\/fr\/produkt\/display-tacho-schutzfolie-zugeschnitten-fuer-indian-ftr-1200-2023-kratzfest\/","url":"https:\/\/moto-screenies.de\/fr\/produkt\/display-tacho-schutzfolie-zugeschnitten-fuer-indian-ftr-1200-2023-kratzfest\/","name":"Display Tacho Schutzfolie zugeschnitten f\u00fcr Indian FTR 1200 2023, kratzfest.","isPartOf":{"@id":"https:\/\/moto-screenies.de\/fr\/#website"},"primaryImageOfPage":{"@id":"https:\/\/moto-screenies.de\/fr\/produkt\/display-tacho-schutzfolie-zugeschnitten-fuer-indian-ftr-1200-2023-kratzfest\/#primaryimage"},"image":{"@id":"https:\/\/moto-screenies.de\/fr\/produkt\/display-tacho-schutzfolie-zugeschnitten-fuer-indian-ftr-1200-2023-kratzfest\/#primaryimage"},"thumbnailUrl":"https:\/\/moto-screenies.de\/wp-content\/uploads\/2025\/01\/MS293v1.png","datePublished":"2025-01-28T12:20:56+00:00","dateModified":"2026-03-05T17:34:40+00:00","description":"Entdecken Sie die hochwertige Displayschutz-Folie f\u00fcr den Motorrad-Tacho der Indian FTR 1200 2023. Made in Germany, bietet sie optimalen Kratzschutz und Langlebigkeit. Perfekter Schutz f\u00fcr Ihr Display!","breadcrumb":{"@id":"https:\/\/moto-screenies.de\/fr\/produkt\/display-tacho-schutzfolie-zugeschnitten-fuer-indian-ftr-1200-2023-kratzfest\/#breadcrumb"},"inLanguage":"fr-FR","potentialAction":[{"@type":"ReadAction","target":["https:\/\/moto-screenies.de\/fr\/produkt\/display-tacho-schutzfolie-zugeschnitten-fuer-indian-ftr-1200-2023-kratzfest\/"]}]},{"@type":"ImageObject","inLanguage":"fr-FR","@id":"https:\/\/moto-screenies.de\/fr\/produkt\/display-tacho-schutzfolie-zugeschnitten-fuer-indian-ftr-1200-2023-kratzfest\/#primaryimage","url":"https:\/\/moto-screenies.de\/wp-content\/uploads\/2025\/01\/MS293v1.png","contentUrl":"https:\/\/moto-screenies.de\/wp-content\/uploads\/2025\/01\/MS293v1.png","width":1500,"height":1500,"caption":"Moto Screenies"},{"@type":"BreadcrumbList","@id":"https:\/\/moto-screenies.de\/fr\/produkt\/display-tacho-schutzfolie-zugeschnitten-fuer-indian-ftr-1200-2023-kratzfest\/#breadcrumb","itemListElement":[{"@type":"ListItem","position":1,"name":"Startseite","item":"https:\/\/moto-screenies.de\/fr\/"},{"@type":"ListItem","position":2,"name":"Boutique","item":"https:\/\/moto-screenies.de\/fr\/boutique\/"},{"@type":"ListItem","position":3,"name":"Display Tacho Schutzfolie zugeschnitten f\u00fcr Indian FTR 1200 2023, kratzfest."}]},{"@type":"WebSite","@id":"https:\/\/moto-screenies.de\/fr\/#website","url":"https:\/\/moto-screenies.de\/fr\/","name":"Moto Screenies","description":"Die Displayschutzfolie f\u00fcr dein Motorrad","publisher":{"@id":"https:\/\/moto-screenies.de\/fr\/#organization"},"alternateName":"MS","potentialAction":[{"@type":"SearchAction","target":{"@type":"EntryPoint","urlTemplate":"https:\/\/moto-screenies.de\/fr\/?s={search_term_string}"},"query-input":{"@type":"PropertyValueSpecification","valueRequired":true,"valueName":"search_term_string"}}],"inLanguage":"fr-FR"},{"@type":"Organization","@id":"https:\/\/moto-screenies.de\/fr\/#organization","name":"Moto Screenies","url":"https:\/\/moto-screenies.de\/fr\/","logo":{"@type":"ImageObject","inLanguage":"fr-FR","@id":"https:\/\/moto-screenies.de\/fr\/#\/schema\/logo\/image\/","url":"","contentUrl":"","caption":"Moto Screenies"},"image":{"@id":"https:\/\/moto-screenies.de\/fr\/#\/schema\/logo\/image\/"}}]}},"_links":{"self":[{"href":"https:\/\/moto-screenies.de\/fr\/wp-json\/wp\/v2\/product\/188679","targetHints":{"allow":["GET"]}}],"collection":[{"href":"https:\/\/moto-screenies.de\/fr\/wp-json\/wp\/v2\/product"}],"about":[{"href":"https:\/\/moto-screenies.de\/fr\/wp-json\/wp\/v2\/types\/product"}],"replies":[{"embeddable":true,"href":"https:\/\/moto-screenies.de\/fr\/wp-json\/wp\/v2\/comments?post=188679"}],"wp:featuredmedia":[{"embeddable":true,"href":"https:\/\/moto-screenies.de\/fr\/wp-json\/wp\/v2\/media\/265423"}],"wp:attachment":[{"href":"https:\/\/moto-screenies.de\/fr\/wp-json\/wp\/v2\/media?parent=188679"}],"wp:term":[{"taxonomy":"product_brand","embeddable":true,"href":"https:\/\/moto-screenies.de\/fr\/wp-json\/wp\/v2\/product_brand?post=188679"},{"taxonomy":"product_cat","embeddable":true,"href":"https:\/\/moto-screenies.de\/fr\/wp-json\/wp\/v2\/product_cat?post=188679"},{"taxonomy":"product_tag","embeddable":true,"href":"https:\/\/moto-screenies.de\/fr\/wp-json\/wp\/v2\/product_tag?post=188679"}],"curies":[{"name":"wp","href":"https:\/\/api.w.org\/{rel}","templated":true}]}}