{"id":189218,"date":"2024-04-19T16:21:22","date_gmt":"2024-04-19T14:21:22","guid":{"rendered":"https:\/\/moto-screenies.de\/produkt\/motorrad-tacho-gehaeuse-tachogehaeuse-passend-fuer-kawasaki-z1000sx-2010-2018-zx-6r-2009-2012\/"},"modified":"2025-11-27T11:34:39","modified_gmt":"2025-11-27T10:34:39","slug":"motorrad-tacho-gehaeuse-tachogehaeuse-passend-fuer-kawasaki-z1000sx-2010-2018-zx-6r-2009-2012","status":"publish","type":"product","link":"https:\/\/moto-screenies.de\/fr\/produkt\/motorrad-tacho-gehaeuse-tachogehaeuse-passend-fuer-kawasaki-z1000sx-2010-2018-zx-6r-2009-2012\/","title":{"rendered":"Motorrad Tacho Geh\u00e4use Tachogeh\u00e4use passend f\u00fcr Kawasaki Z1000SX 2010-2018 \/ ZX-6R 2009-2012"},"content":{"rendered":"<p>Entdecken Sie das hochwertige Motorrad Tacho Geh\u00e4use, das speziell f\u00fcr Ihre Kawasaki Z1000SX (2010-2018) und ZX-6R (2009-2012) entwickelt wurde. Dieses Tachogeh\u00e4use \u00fcberzeugt durch seine pr\u00e4zise Passform und langlebige Materialien, die optimalen Schutz f\u00fcr Ihren Tacho bieten. Mit seinem eleganten Design f\u00fcgt es sich nahtlos in das Erscheinungsbild Ihres Motorrads ein und sorgt f\u00fcr einen stilvollen Look. Die einfache Montage erm\u00f6glicht es Ihnen, Ihr Motorrad in k\u00fcrzester Zeit aufzuwerten. Investieren Sie in Qualit\u00e4t und sch\u00fctzen Sie Ihr Instrumentenpanel mit diesem robusten Geh\u00e4use. Passend f\u00fcr: Motorrad Tacho Geh\u00e4use Tachogeh\u00e4use passend f\u00fcr Kawasaki Z1000SX 2010-2018 \/ ZX-6R 2009-2012.<\/p>\n","protected":false},"excerpt":{"rendered":"<p>Entdecken Sie das hochwertige Motorrad Tacho Geh\u00e4use, das speziell f\u00fcr Ihre Kawasaki Z1000SX (2010-2018) und ZX-6R (2009-2012) entwickelt wurde. Dieses Tachogeh\u00e4use \u00fcberzeugt durch seine pr\u00e4zise Passform und langlebige Materialien, die optimalen Schutz f\u00fcr Ihren Tacho bieten. Mit seinem eleganten Design f\u00fcgt es sich nahtlos in das Erscheinungsbild Ihres Motorrads ein und sorgt f\u00fcr einen stilvollen [&hellip;]<\/p>\n","protected":false},"featured_media":265636,"comment_status":"open","ping_status":"closed","template":"","meta":{"_et_pb_use_builder":"","_et_pb_old_content":"","_et_gb_content_width":"","_uf_show_specific_survey":0,"_uf_disable_surveys":false},"product_brand":[],"product_cat":[424],"product_tag":[165],"class_list":{"0":"post-189218","1":"product","2":"type-product","3":"status-publish","4":"has-post-thumbnail","6":"product_cat-kawasaki-schutzfolie-fuer-dein-motorrad","7":"product_tag-tachogehaeuse","8":"product_shipping_class-standard","10":"first","11":"instock","12":"taxable","13":"shipping-taxable","14":"purchasable","15":"product-type-simple"},"yoast_head":"<!-- This site is optimized with the Yoast SEO plugin v27.2 - https:\/\/yoast.com\/product\/yoast-seo-wordpress\/ -->\n<title>Motorrad Tacho Geh\u00e4use Tachogeh\u00e4use passend f\u00fcr Kawasaki Z1000SX 2010-2018 \/ ZX-6R 2009-2012<\/title>\n<meta name=\"description\" content=\"Entdecken Sie das perfekte Motorrad Tacho Geh\u00e4use f\u00fcr Ihre Kawasaki Z1000SX (2010-2018) und ZX-6R (2009-2012). Hochwertige Verarbeitung, passgenau und langlebig f\u00fcr optimalen Schutz und Stil.\" \/>\n<meta name=\"robots\" content=\"index, follow, max-snippet:-1, max-image-preview:large, max-video-preview:-1\" \/>\n<link rel=\"canonical\" href=\"https:\/\/moto-screenies.de\/fr\/produkt\/motorrad-tacho-gehaeuse-tachogehaeuse-passend-fuer-kawasaki-z1000sx-2010-2018-zx-6r-2009-2012\/\" \/>\n<meta property=\"og:locale\" content=\"fr_FR\" \/>\n<meta property=\"og:type\" content=\"article\" \/>\n<meta property=\"og:title\" content=\"Motorrad Tacho Geh\u00e4use Tachogeh\u00e4use passend f\u00fcr Kawasaki Z1000SX 2010-2018 \/ ZX-6R 2009-2012\" \/>\n<meta property=\"og:description\" content=\"Entdecken Sie das perfekte Motorrad Tacho Geh\u00e4use f\u00fcr Ihre Kawasaki Z1000SX (2010-2018) und ZX-6R (2009-2012). Hochwertige Verarbeitung, passgenau und langlebig f\u00fcr optimalen Schutz und Stil.\" \/>\n<meta property=\"og:url\" content=\"https:\/\/moto-screenies.de\/fr\/produkt\/motorrad-tacho-gehaeuse-tachogehaeuse-passend-fuer-kawasaki-z1000sx-2010-2018-zx-6r-2009-2012\/\" \/>\n<meta property=\"og:site_name\" content=\"Moto Screenies\" \/>\n<meta property=\"article:modified_time\" content=\"2025-11-27T10:34:39+00:00\" \/>\n<meta property=\"og:image\" content=\"https:\/\/moto-screenies.de\/wp-content\/uploads\/2024\/04\/MTG14.png\" \/>\n\t<meta property=\"og:image:width\" content=\"1500\" \/>\n\t<meta property=\"og:image:height\" content=\"1500\" \/>\n\t<meta property=\"og:image:type\" content=\"image\/png\" \/>\n<meta name=\"twitter:card\" content=\"summary_large_image\" \/>\n<meta name=\"twitter:label1\" content=\"Dur\u00e9e de lecture estim\u00e9e\" \/>\n\t<meta name=\"twitter:data1\" content=\"1 minute\" \/>\n<script type=\"application\/ld+json\" class=\"yoast-schema-graph\">{\"@context\":\"https:\/\/schema.org\",\"@graph\":[{\"@type\":\"WebPage\",\"@id\":\"https:\/\/moto-screenies.de\/fr\/produkt\/motorrad-tacho-gehaeuse-tachogehaeuse-passend-fuer-kawasaki-z1000sx-2010-2018-zx-6r-2009-2012\/\",\"url\":\"https:\/\/moto-screenies.de\/fr\/produkt\/motorrad-tacho-gehaeuse-tachogehaeuse-passend-fuer-kawasaki-z1000sx-2010-2018-zx-6r-2009-2012\/\",\"name\":\"Motorrad Tacho Geh\u00e4use Tachogeh\u00e4use passend f\u00fcr Kawasaki Z1000SX 2010-2018 \/ ZX-6R 2009-2012\",\"isPartOf\":{\"@id\":\"https:\/\/moto-screenies.de\/fr\/#website\"},\"primaryImageOfPage\":{\"@id\":\"https:\/\/moto-screenies.de\/fr\/produkt\/motorrad-tacho-gehaeuse-tachogehaeuse-passend-fuer-kawasaki-z1000sx-2010-2018-zx-6r-2009-2012\/#primaryimage\"},\"image\":{\"@id\":\"https:\/\/moto-screenies.de\/fr\/produkt\/motorrad-tacho-gehaeuse-tachogehaeuse-passend-fuer-kawasaki-z1000sx-2010-2018-zx-6r-2009-2012\/#primaryimage\"},\"thumbnailUrl\":\"https:\/\/moto-screenies.de\/wp-content\/uploads\/2024\/04\/MTG14.png\",\"datePublished\":\"2024-04-19T14:21:22+00:00\",\"dateModified\":\"2025-11-27T10:34:39+00:00\",\"description\":\"Entdecken Sie das perfekte Motorrad Tacho Geh\u00e4use f\u00fcr Ihre Kawasaki Z1000SX (2010-2018) und ZX-6R (2009-2012). Hochwertige Verarbeitung, passgenau und langlebig f\u00fcr optimalen Schutz und Stil.\",\"breadcrumb\":{\"@id\":\"https:\/\/moto-screenies.de\/fr\/produkt\/motorrad-tacho-gehaeuse-tachogehaeuse-passend-fuer-kawasaki-z1000sx-2010-2018-zx-6r-2009-2012\/#breadcrumb\"},\"inLanguage\":\"fr-FR\",\"potentialAction\":[{\"@type\":\"ReadAction\",\"target\":[\"https:\/\/moto-screenies.de\/fr\/produkt\/motorrad-tacho-gehaeuse-tachogehaeuse-passend-fuer-kawasaki-z1000sx-2010-2018-zx-6r-2009-2012\/\"]}]},{\"@type\":\"ImageObject\",\"inLanguage\":\"fr-FR\",\"@id\":\"https:\/\/moto-screenies.de\/fr\/produkt\/motorrad-tacho-gehaeuse-tachogehaeuse-passend-fuer-kawasaki-z1000sx-2010-2018-zx-6r-2009-2012\/#primaryimage\",\"url\":\"https:\/\/moto-screenies.de\/wp-content\/uploads\/2024\/04\/MTG14.png\",\"contentUrl\":\"https:\/\/moto-screenies.de\/wp-content\/uploads\/2024\/04\/MTG14.png\",\"width\":1500,\"height\":1500,\"caption\":\"Moto Screenies\"},{\"@type\":\"BreadcrumbList\",\"@id\":\"https:\/\/moto-screenies.de\/fr\/produkt\/motorrad-tacho-gehaeuse-tachogehaeuse-passend-fuer-kawasaki-z1000sx-2010-2018-zx-6r-2009-2012\/#breadcrumb\",\"itemListElement\":[{\"@type\":\"ListItem\",\"position\":1,\"name\":\"Startseite\",\"item\":\"https:\/\/moto-screenies.de\/fr\/\"},{\"@type\":\"ListItem\",\"position\":2,\"name\":\"Boutique\",\"item\":\"https:\/\/moto-screenies.de\/fr\/boutique\/\"},{\"@type\":\"ListItem\",\"position\":3,\"name\":\"Motorrad Tacho Geh\u00e4use Tachogeh\u00e4use passend f\u00fcr Kawasaki Z1000SX 2010-2018 \/ ZX-6R 2009-2012\"}]},{\"@type\":\"WebSite\",\"@id\":\"https:\/\/moto-screenies.de\/fr\/#website\",\"url\":\"https:\/\/moto-screenies.de\/fr\/\",\"name\":\"Moto Screenies\",\"description\":\"Die Displayschutzfolie f\u00fcr dein Motorrad\",\"publisher\":{\"@id\":\"https:\/\/moto-screenies.de\/fr\/#organization\"},\"alternateName\":\"MS\",\"potentialAction\":[{\"@type\":\"SearchAction\",\"target\":{\"@type\":\"EntryPoint\",\"urlTemplate\":\"https:\/\/moto-screenies.de\/fr\/?s={search_term_string}\"},\"query-input\":{\"@type\":\"PropertyValueSpecification\",\"valueRequired\":true,\"valueName\":\"search_term_string\"}}],\"inLanguage\":\"fr-FR\"},{\"@type\":\"Organization\",\"@id\":\"https:\/\/moto-screenies.de\/fr\/#organization\",\"name\":\"Moto Screenies\",\"url\":\"https:\/\/moto-screenies.de\/fr\/\",\"logo\":{\"@type\":\"ImageObject\",\"inLanguage\":\"fr-FR\",\"@id\":\"https:\/\/moto-screenies.de\/fr\/#\/schema\/logo\/image\/\",\"url\":\"\",\"contentUrl\":\"\",\"caption\":\"Moto Screenies\"},\"image\":{\"@id\":\"https:\/\/moto-screenies.de\/fr\/#\/schema\/logo\/image\/\"}}]}<\/script>\n<!-- \/ Yoast SEO plugin. -->","yoast_head_json":{"title":"Motorrad Tacho Geh\u00e4use Tachogeh\u00e4use passend f\u00fcr Kawasaki Z1000SX 2010-2018 \/ ZX-6R 2009-2012","description":"Entdecken Sie das perfekte Motorrad Tacho Geh\u00e4use f\u00fcr Ihre Kawasaki Z1000SX (2010-2018) und ZX-6R (2009-2012). Hochwertige Verarbeitung, passgenau und langlebig f\u00fcr optimalen Schutz und Stil.","robots":{"index":"index","follow":"follow","max-snippet":"max-snippet:-1","max-image-preview":"max-image-preview:large","max-video-preview":"max-video-preview:-1"},"canonical":"https:\/\/moto-screenies.de\/fr\/produkt\/motorrad-tacho-gehaeuse-tachogehaeuse-passend-fuer-kawasaki-z1000sx-2010-2018-zx-6r-2009-2012\/","og_locale":"fr_FR","og_type":"article","og_title":"Motorrad Tacho Geh\u00e4use Tachogeh\u00e4use passend f\u00fcr Kawasaki Z1000SX 2010-2018 \/ ZX-6R 2009-2012","og_description":"Entdecken Sie das perfekte Motorrad Tacho Geh\u00e4use f\u00fcr Ihre Kawasaki Z1000SX (2010-2018) und ZX-6R (2009-2012). Hochwertige Verarbeitung, passgenau und langlebig f\u00fcr optimalen Schutz und Stil.","og_url":"https:\/\/moto-screenies.de\/fr\/produkt\/motorrad-tacho-gehaeuse-tachogehaeuse-passend-fuer-kawasaki-z1000sx-2010-2018-zx-6r-2009-2012\/","og_site_name":"Moto Screenies","article_modified_time":"2025-11-27T10:34:39+00:00","og_image":[{"width":1500,"height":1500,"url":"https:\/\/moto-screenies.de\/wp-content\/uploads\/2024\/04\/MTG14.png","type":"image\/png"}],"twitter_card":"summary_large_image","twitter_misc":{"Dur\u00e9e de lecture estim\u00e9e":"1 minute"},"schema":{"@context":"https:\/\/schema.org","@graph":[{"@type":"WebPage","@id":"https:\/\/moto-screenies.de\/fr\/produkt\/motorrad-tacho-gehaeuse-tachogehaeuse-passend-fuer-kawasaki-z1000sx-2010-2018-zx-6r-2009-2012\/","url":"https:\/\/moto-screenies.de\/fr\/produkt\/motorrad-tacho-gehaeuse-tachogehaeuse-passend-fuer-kawasaki-z1000sx-2010-2018-zx-6r-2009-2012\/","name":"Motorrad Tacho Geh\u00e4use Tachogeh\u00e4use passend f\u00fcr Kawasaki Z1000SX 2010-2018 \/ ZX-6R 2009-2012","isPartOf":{"@id":"https:\/\/moto-screenies.de\/fr\/#website"},"primaryImageOfPage":{"@id":"https:\/\/moto-screenies.de\/fr\/produkt\/motorrad-tacho-gehaeuse-tachogehaeuse-passend-fuer-kawasaki-z1000sx-2010-2018-zx-6r-2009-2012\/#primaryimage"},"image":{"@id":"https:\/\/moto-screenies.de\/fr\/produkt\/motorrad-tacho-gehaeuse-tachogehaeuse-passend-fuer-kawasaki-z1000sx-2010-2018-zx-6r-2009-2012\/#primaryimage"},"thumbnailUrl":"https:\/\/moto-screenies.de\/wp-content\/uploads\/2024\/04\/MTG14.png","datePublished":"2024-04-19T14:21:22+00:00","dateModified":"2025-11-27T10:34:39+00:00","description":"Entdecken Sie das perfekte Motorrad Tacho Geh\u00e4use f\u00fcr Ihre Kawasaki Z1000SX (2010-2018) und ZX-6R (2009-2012). Hochwertige Verarbeitung, passgenau und langlebig f\u00fcr optimalen Schutz und Stil.","breadcrumb":{"@id":"https:\/\/moto-screenies.de\/fr\/produkt\/motorrad-tacho-gehaeuse-tachogehaeuse-passend-fuer-kawasaki-z1000sx-2010-2018-zx-6r-2009-2012\/#breadcrumb"},"inLanguage":"fr-FR","potentialAction":[{"@type":"ReadAction","target":["https:\/\/moto-screenies.de\/fr\/produkt\/motorrad-tacho-gehaeuse-tachogehaeuse-passend-fuer-kawasaki-z1000sx-2010-2018-zx-6r-2009-2012\/"]}]},{"@type":"ImageObject","inLanguage":"fr-FR","@id":"https:\/\/moto-screenies.de\/fr\/produkt\/motorrad-tacho-gehaeuse-tachogehaeuse-passend-fuer-kawasaki-z1000sx-2010-2018-zx-6r-2009-2012\/#primaryimage","url":"https:\/\/moto-screenies.de\/wp-content\/uploads\/2024\/04\/MTG14.png","contentUrl":"https:\/\/moto-screenies.de\/wp-content\/uploads\/2024\/04\/MTG14.png","width":1500,"height":1500,"caption":"Moto Screenies"},{"@type":"BreadcrumbList","@id":"https:\/\/moto-screenies.de\/fr\/produkt\/motorrad-tacho-gehaeuse-tachogehaeuse-passend-fuer-kawasaki-z1000sx-2010-2018-zx-6r-2009-2012\/#breadcrumb","itemListElement":[{"@type":"ListItem","position":1,"name":"Startseite","item":"https:\/\/moto-screenies.de\/fr\/"},{"@type":"ListItem","position":2,"name":"Boutique","item":"https:\/\/moto-screenies.de\/fr\/boutique\/"},{"@type":"ListItem","position":3,"name":"Motorrad Tacho Geh\u00e4use Tachogeh\u00e4use passend f\u00fcr Kawasaki Z1000SX 2010-2018 \/ ZX-6R 2009-2012"}]},{"@type":"WebSite","@id":"https:\/\/moto-screenies.de\/fr\/#website","url":"https:\/\/moto-screenies.de\/fr\/","name":"Moto Screenies","description":"Die Displayschutzfolie f\u00fcr dein Motorrad","publisher":{"@id":"https:\/\/moto-screenies.de\/fr\/#organization"},"alternateName":"MS","potentialAction":[{"@type":"SearchAction","target":{"@type":"EntryPoint","urlTemplate":"https:\/\/moto-screenies.de\/fr\/?s={search_term_string}"},"query-input":{"@type":"PropertyValueSpecification","valueRequired":true,"valueName":"search_term_string"}}],"inLanguage":"fr-FR"},{"@type":"Organization","@id":"https:\/\/moto-screenies.de\/fr\/#organization","name":"Moto Screenies","url":"https:\/\/moto-screenies.de\/fr\/","logo":{"@type":"ImageObject","inLanguage":"fr-FR","@id":"https:\/\/moto-screenies.de\/fr\/#\/schema\/logo\/image\/","url":"","contentUrl":"","caption":"Moto Screenies"},"image":{"@id":"https:\/\/moto-screenies.de\/fr\/#\/schema\/logo\/image\/"}}]}},"_links":{"self":[{"href":"https:\/\/moto-screenies.de\/fr\/wp-json\/wp\/v2\/product\/189218","targetHints":{"allow":["GET"]}}],"collection":[{"href":"https:\/\/moto-screenies.de\/fr\/wp-json\/wp\/v2\/product"}],"about":[{"href":"https:\/\/moto-screenies.de\/fr\/wp-json\/wp\/v2\/types\/product"}],"replies":[{"embeddable":true,"href":"https:\/\/moto-screenies.de\/fr\/wp-json\/wp\/v2\/comments?post=189218"}],"wp:featuredmedia":[{"embeddable":true,"href":"https:\/\/moto-screenies.de\/fr\/wp-json\/wp\/v2\/media\/265636"}],"wp:attachment":[{"href":"https:\/\/moto-screenies.de\/fr\/wp-json\/wp\/v2\/media?parent=189218"}],"wp:term":[{"taxonomy":"product_brand","embeddable":true,"href":"https:\/\/moto-screenies.de\/fr\/wp-json\/wp\/v2\/product_brand?post=189218"},{"taxonomy":"product_cat","embeddable":true,"href":"https:\/\/moto-screenies.de\/fr\/wp-json\/wp\/v2\/product_cat?post=189218"},{"taxonomy":"product_tag","embeddable":true,"href":"https:\/\/moto-screenies.de\/fr\/wp-json\/wp\/v2\/product_tag?post=189218"}],"curies":[{"name":"wp","href":"https:\/\/api.w.org\/{rel}","templated":true}]}}