{"id":190605,"date":"2019-12-19T09:40:28","date_gmt":"2019-12-19T08:40:28","guid":{"rendered":"https:\/\/moto-screenies.de\/produkt\/vespa-elettrica-vespa-gts-tachoschutzfolie-moto-screenies\/"},"modified":"2026-01-26T15:19:08","modified_gmt":"2026-01-26T14:19:08","slug":"vespa-elettrica-vespa-gts-tachoschutzfolie-moto-screenies","status":"publish","type":"product","link":"https:\/\/moto-screenies.de\/fr\/produkt\/vespa-elettrica-vespa-gts-tachoschutzfolie-moto-screenies\/","title":{"rendered":"Vespa Elettrica &#8211; Vespa GTS Tachoschutzfolie Moto Screenies"},"content":{"rendered":"<p>Entdecken Sie den ultimativen Schutz f\u00fcr das Tachometer Ihrer Vespa Elettrica und Vespa GTS mit der Tachoschutzfolie von Moto Screenies. Diese hochwertige Schutzfolie bewahrt das Display vor Kratzern, Staub und Fingerabdr\u00fccken und sorgt f\u00fcr eine klare Sicht auf alle wichtigen Informationen. Die pr\u00e4zise Passform garantiert eine einfache Anbringung ohne Blasenbildung. Investieren Sie in die Langlebigkeit und den Werterhalt Ihres Fahrzeugs mit dieser unverzichtbaren Schutzl\u00f6sung. Passend f\u00fcr: Vespa Elettrica &#8211; Vespa GTS Tachoschutzfolie Moto Screenies.<\/p>\n","protected":false},"excerpt":{"rendered":"<p>Entdecken Sie den ultimativen Schutz f\u00fcr das Tachometer Ihrer Vespa Elettrica und Vespa GTS mit der Tachoschutzfolie von Moto Screenies. Diese hochwertige Schutzfolie bewahrt das Display vor Kratzern, Staub und Fingerabdr\u00fccken und sorgt f\u00fcr eine klare Sicht auf alle wichtigen Informationen. Die pr\u00e4zise Passform garantiert eine einfache Anbringung ohne Blasenbildung. Investieren Sie in die Langlebigkeit [&hellip;]<\/p>\n","protected":false},"featured_media":219019,"comment_status":"open","ping_status":"closed","template":"","meta":{"_et_pb_use_builder":"","_et_pb_old_content":"","_et_gb_content_width":"","_uf_show_specific_survey":0,"_uf_disable_surveys":false},"product_brand":[],"product_cat":[431],"product_tag":[],"class_list":{"0":"post-190605","1":"product","2":"type-product","3":"status-publish","4":"has-post-thumbnail","6":"product_cat-vespa-piaggio-schutzfolie-fuer-dein-motorrad","7":"product_shipping_class-standard","9":"first","10":"instock","11":"taxable","12":"shipping-taxable","13":"purchasable","14":"product-type-simple"},"yoast_head":"<!-- This site is optimized with the Yoast SEO plugin v27.2 - https:\/\/yoast.com\/product\/yoast-seo-wordpress\/ -->\n<title>Vespa Elettrica - Vespa GTS Tachoschutzfolie Moto Screenies<\/title>\n<meta name=\"description\" content=\"Entdecken Sie die perfekte Tachoschutzfolie f\u00fcr Vespa Elettrica und Vespa GTS bei Moto Screenies. Sch\u00fctzen Sie Ihr Display stilvoll und effektiv. Jetzt mehr erfahren!\" \/>\n<meta name=\"robots\" content=\"index, follow, max-snippet:-1, max-image-preview:large, max-video-preview:-1\" \/>\n<link rel=\"canonical\" href=\"https:\/\/moto-screenies.de\/fr\/produkt\/vespa-elettrica-vespa-gts-tachoschutzfolie-moto-screenies\/\" \/>\n<meta property=\"og:locale\" content=\"fr_FR\" \/>\n<meta property=\"og:type\" content=\"article\" \/>\n<meta property=\"og:title\" content=\"Vespa Elettrica - Vespa GTS Tachoschutzfolie Moto Screenies\" \/>\n<meta property=\"og:description\" content=\"Entdecken Sie die perfekte Tachoschutzfolie f\u00fcr Vespa Elettrica und Vespa GTS bei Moto Screenies. Sch\u00fctzen Sie Ihr Display stilvoll und effektiv. Jetzt mehr erfahren!\" \/>\n<meta property=\"og:url\" content=\"https:\/\/moto-screenies.de\/fr\/produkt\/vespa-elettrica-vespa-gts-tachoschutzfolie-moto-screenies\/\" \/>\n<meta property=\"og:site_name\" content=\"Moto Screenies\" \/>\n<meta property=\"article:modified_time\" content=\"2026-01-26T14:19:08+00:00\" \/>\n<meta property=\"og:image\" content=\"https:\/\/moto-screenies.de\/wp-content\/uploads\/2025\/11\/338281_Product.png\" \/>\n\t<meta property=\"og:image:width\" content=\"1500\" \/>\n\t<meta property=\"og:image:height\" content=\"1500\" \/>\n\t<meta property=\"og:image:type\" content=\"image\/png\" \/>\n<meta name=\"twitter:card\" content=\"summary_large_image\" \/>\n<script type=\"application\/ld+json\" class=\"yoast-schema-graph\">{\"@context\":\"https:\/\/schema.org\",\"@graph\":[{\"@type\":\"WebPage\",\"@id\":\"https:\/\/moto-screenies.de\/fr\/produkt\/vespa-elettrica-vespa-gts-tachoschutzfolie-moto-screenies\/\",\"url\":\"https:\/\/moto-screenies.de\/fr\/produkt\/vespa-elettrica-vespa-gts-tachoschutzfolie-moto-screenies\/\",\"name\":\"Vespa Elettrica - Vespa GTS Tachoschutzfolie Moto Screenies\",\"isPartOf\":{\"@id\":\"https:\/\/moto-screenies.de\/fr\/#website\"},\"primaryImageOfPage\":{\"@id\":\"https:\/\/moto-screenies.de\/fr\/produkt\/vespa-elettrica-vespa-gts-tachoschutzfolie-moto-screenies\/#primaryimage\"},\"image\":{\"@id\":\"https:\/\/moto-screenies.de\/fr\/produkt\/vespa-elettrica-vespa-gts-tachoschutzfolie-moto-screenies\/#primaryimage\"},\"thumbnailUrl\":\"https:\/\/moto-screenies.de\/wp-content\/uploads\/2025\/11\/338281_Product.png\",\"datePublished\":\"2019-12-19T08:40:28+00:00\",\"dateModified\":\"2026-01-26T14:19:08+00:00\",\"description\":\"Entdecken Sie die perfekte Tachoschutzfolie f\u00fcr Vespa Elettrica und Vespa GTS bei Moto Screenies. Sch\u00fctzen Sie Ihr Display stilvoll und effektiv. Jetzt mehr erfahren!\",\"breadcrumb\":{\"@id\":\"https:\/\/moto-screenies.de\/fr\/produkt\/vespa-elettrica-vespa-gts-tachoschutzfolie-moto-screenies\/#breadcrumb\"},\"inLanguage\":\"fr-FR\",\"potentialAction\":[{\"@type\":\"ReadAction\",\"target\":[\"https:\/\/moto-screenies.de\/fr\/produkt\/vespa-elettrica-vespa-gts-tachoschutzfolie-moto-screenies\/\"]}]},{\"@type\":\"ImageObject\",\"inLanguage\":\"fr-FR\",\"@id\":\"https:\/\/moto-screenies.de\/fr\/produkt\/vespa-elettrica-vespa-gts-tachoschutzfolie-moto-screenies\/#primaryimage\",\"url\":\"https:\/\/moto-screenies.de\/wp-content\/uploads\/2025\/11\/338281_Product.png\",\"contentUrl\":\"https:\/\/moto-screenies.de\/wp-content\/uploads\/2025\/11\/338281_Product.png\",\"width\":1500,\"height\":1500,\"caption\":\"Unbenannt-1.png\"},{\"@type\":\"BreadcrumbList\",\"@id\":\"https:\/\/moto-screenies.de\/fr\/produkt\/vespa-elettrica-vespa-gts-tachoschutzfolie-moto-screenies\/#breadcrumb\",\"itemListElement\":[{\"@type\":\"ListItem\",\"position\":1,\"name\":\"Startseite\",\"item\":\"https:\/\/moto-screenies.de\/fr\/\"},{\"@type\":\"ListItem\",\"position\":2,\"name\":\"Boutique\",\"item\":\"https:\/\/moto-screenies.de\/fr\/boutique\/\"},{\"@type\":\"ListItem\",\"position\":3,\"name\":\"Vespa Elettrica &#8211; Vespa GTS Tachoschutzfolie Moto Screenies\"}]},{\"@type\":\"WebSite\",\"@id\":\"https:\/\/moto-screenies.de\/fr\/#website\",\"url\":\"https:\/\/moto-screenies.de\/fr\/\",\"name\":\"Moto Screenies\",\"description\":\"Die Displayschutzfolie f\u00fcr dein Motorrad\",\"publisher\":{\"@id\":\"https:\/\/moto-screenies.de\/fr\/#organization\"},\"alternateName\":\"MS\",\"potentialAction\":[{\"@type\":\"SearchAction\",\"target\":{\"@type\":\"EntryPoint\",\"urlTemplate\":\"https:\/\/moto-screenies.de\/fr\/?s={search_term_string}\"},\"query-input\":{\"@type\":\"PropertyValueSpecification\",\"valueRequired\":true,\"valueName\":\"search_term_string\"}}],\"inLanguage\":\"fr-FR\"},{\"@type\":\"Organization\",\"@id\":\"https:\/\/moto-screenies.de\/fr\/#organization\",\"name\":\"Moto Screenies\",\"url\":\"https:\/\/moto-screenies.de\/fr\/\",\"logo\":{\"@type\":\"ImageObject\",\"inLanguage\":\"fr-FR\",\"@id\":\"https:\/\/moto-screenies.de\/fr\/#\/schema\/logo\/image\/\",\"url\":\"\",\"contentUrl\":\"\",\"caption\":\"Moto Screenies\"},\"image\":{\"@id\":\"https:\/\/moto-screenies.de\/fr\/#\/schema\/logo\/image\/\"}}]}<\/script>\n<!-- \/ Yoast SEO plugin. -->","yoast_head_json":{"title":"Vespa Elettrica - Vespa GTS Tachoschutzfolie Moto Screenies","description":"Entdecken Sie die perfekte Tachoschutzfolie f\u00fcr Vespa Elettrica und Vespa GTS bei Moto Screenies. Sch\u00fctzen Sie Ihr Display stilvoll und effektiv. Jetzt mehr erfahren!","robots":{"index":"index","follow":"follow","max-snippet":"max-snippet:-1","max-image-preview":"max-image-preview:large","max-video-preview":"max-video-preview:-1"},"canonical":"https:\/\/moto-screenies.de\/fr\/produkt\/vespa-elettrica-vespa-gts-tachoschutzfolie-moto-screenies\/","og_locale":"fr_FR","og_type":"article","og_title":"Vespa Elettrica - Vespa GTS Tachoschutzfolie Moto Screenies","og_description":"Entdecken Sie die perfekte Tachoschutzfolie f\u00fcr Vespa Elettrica und Vespa GTS bei Moto Screenies. Sch\u00fctzen Sie Ihr Display stilvoll und effektiv. Jetzt mehr erfahren!","og_url":"https:\/\/moto-screenies.de\/fr\/produkt\/vespa-elettrica-vespa-gts-tachoschutzfolie-moto-screenies\/","og_site_name":"Moto Screenies","article_modified_time":"2026-01-26T14:19:08+00:00","og_image":[{"width":1500,"height":1500,"url":"https:\/\/moto-screenies.de\/wp-content\/uploads\/2025\/11\/338281_Product.png","type":"image\/png"}],"twitter_card":"summary_large_image","schema":{"@context":"https:\/\/schema.org","@graph":[{"@type":"WebPage","@id":"https:\/\/moto-screenies.de\/fr\/produkt\/vespa-elettrica-vespa-gts-tachoschutzfolie-moto-screenies\/","url":"https:\/\/moto-screenies.de\/fr\/produkt\/vespa-elettrica-vespa-gts-tachoschutzfolie-moto-screenies\/","name":"Vespa Elettrica - Vespa GTS Tachoschutzfolie Moto Screenies","isPartOf":{"@id":"https:\/\/moto-screenies.de\/fr\/#website"},"primaryImageOfPage":{"@id":"https:\/\/moto-screenies.de\/fr\/produkt\/vespa-elettrica-vespa-gts-tachoschutzfolie-moto-screenies\/#primaryimage"},"image":{"@id":"https:\/\/moto-screenies.de\/fr\/produkt\/vespa-elettrica-vespa-gts-tachoschutzfolie-moto-screenies\/#primaryimage"},"thumbnailUrl":"https:\/\/moto-screenies.de\/wp-content\/uploads\/2025\/11\/338281_Product.png","datePublished":"2019-12-19T08:40:28+00:00","dateModified":"2026-01-26T14:19:08+00:00","description":"Entdecken Sie die perfekte Tachoschutzfolie f\u00fcr Vespa Elettrica und Vespa GTS bei Moto Screenies. Sch\u00fctzen Sie Ihr Display stilvoll und effektiv. Jetzt mehr erfahren!","breadcrumb":{"@id":"https:\/\/moto-screenies.de\/fr\/produkt\/vespa-elettrica-vespa-gts-tachoschutzfolie-moto-screenies\/#breadcrumb"},"inLanguage":"fr-FR","potentialAction":[{"@type":"ReadAction","target":["https:\/\/moto-screenies.de\/fr\/produkt\/vespa-elettrica-vespa-gts-tachoschutzfolie-moto-screenies\/"]}]},{"@type":"ImageObject","inLanguage":"fr-FR","@id":"https:\/\/moto-screenies.de\/fr\/produkt\/vespa-elettrica-vespa-gts-tachoschutzfolie-moto-screenies\/#primaryimage","url":"https:\/\/moto-screenies.de\/wp-content\/uploads\/2025\/11\/338281_Product.png","contentUrl":"https:\/\/moto-screenies.de\/wp-content\/uploads\/2025\/11\/338281_Product.png","width":1500,"height":1500,"caption":"Unbenannt-1.png"},{"@type":"BreadcrumbList","@id":"https:\/\/moto-screenies.de\/fr\/produkt\/vespa-elettrica-vespa-gts-tachoschutzfolie-moto-screenies\/#breadcrumb","itemListElement":[{"@type":"ListItem","position":1,"name":"Startseite","item":"https:\/\/moto-screenies.de\/fr\/"},{"@type":"ListItem","position":2,"name":"Boutique","item":"https:\/\/moto-screenies.de\/fr\/boutique\/"},{"@type":"ListItem","position":3,"name":"Vespa Elettrica &#8211; Vespa GTS Tachoschutzfolie Moto Screenies"}]},{"@type":"WebSite","@id":"https:\/\/moto-screenies.de\/fr\/#website","url":"https:\/\/moto-screenies.de\/fr\/","name":"Moto Screenies","description":"Die Displayschutzfolie f\u00fcr dein Motorrad","publisher":{"@id":"https:\/\/moto-screenies.de\/fr\/#organization"},"alternateName":"MS","potentialAction":[{"@type":"SearchAction","target":{"@type":"EntryPoint","urlTemplate":"https:\/\/moto-screenies.de\/fr\/?s={search_term_string}"},"query-input":{"@type":"PropertyValueSpecification","valueRequired":true,"valueName":"search_term_string"}}],"inLanguage":"fr-FR"},{"@type":"Organization","@id":"https:\/\/moto-screenies.de\/fr\/#organization","name":"Moto Screenies","url":"https:\/\/moto-screenies.de\/fr\/","logo":{"@type":"ImageObject","inLanguage":"fr-FR","@id":"https:\/\/moto-screenies.de\/fr\/#\/schema\/logo\/image\/","url":"","contentUrl":"","caption":"Moto Screenies"},"image":{"@id":"https:\/\/moto-screenies.de\/fr\/#\/schema\/logo\/image\/"}}]}},"_links":{"self":[{"href":"https:\/\/moto-screenies.de\/fr\/wp-json\/wp\/v2\/product\/190605","targetHints":{"allow":["GET"]}}],"collection":[{"href":"https:\/\/moto-screenies.de\/fr\/wp-json\/wp\/v2\/product"}],"about":[{"href":"https:\/\/moto-screenies.de\/fr\/wp-json\/wp\/v2\/types\/product"}],"replies":[{"embeddable":true,"href":"https:\/\/moto-screenies.de\/fr\/wp-json\/wp\/v2\/comments?post=190605"}],"wp:featuredmedia":[{"embeddable":true,"href":"https:\/\/moto-screenies.de\/fr\/wp-json\/wp\/v2\/media\/219019"}],"wp:attachment":[{"href":"https:\/\/moto-screenies.de\/fr\/wp-json\/wp\/v2\/media?parent=190605"}],"wp:term":[{"taxonomy":"product_brand","embeddable":true,"href":"https:\/\/moto-screenies.de\/fr\/wp-json\/wp\/v2\/product_brand?post=190605"},{"taxonomy":"product_cat","embeddable":true,"href":"https:\/\/moto-screenies.de\/fr\/wp-json\/wp\/v2\/product_cat?post=190605"},{"taxonomy":"product_tag","embeddable":true,"href":"https:\/\/moto-screenies.de\/fr\/wp-json\/wp\/v2\/product_tag?post=190605"}],"curies":[{"name":"wp","href":"https:\/\/api.w.org\/{rel}","templated":true}]}}