{"id":267179,"date":"2026-02-09T07:37:18","date_gmt":"2026-02-09T06:37:18","guid":{"rendered":"https:\/\/moto-screenies.de\/produkt\/tachoschutzfolie-displayschutzfolie-passend-fuer-bmw-r1300rs-2025\/"},"modified":"2026-03-05T18:34:39","modified_gmt":"2026-03-05T17:34:39","slug":"tachoschutzfolie-displayschutzfolie-passend-fuer-bmw-r1300rs-2025","status":"publish","type":"product","link":"https:\/\/moto-screenies.de\/fr\/produkt\/tachoschutzfolie-displayschutzfolie-passend-fuer-bmw-r1300rs-2025\/","title":{"rendered":"Tachoschutzfolie Displayschutzfolie passend f\u00fcr BMW R1300RS 2025+"},"content":{"rendered":"<p>Entdecken Sie die perfekte L\u00f6sung zum Schutz Ihres Motorrad-Tachos mit unserer hochwertigen Tachoschutzfolie Displayschutzfolie, speziell entwickelt f\u00fcr die BMW R1300GS 2024+. Diese pr\u00e4zisionsgeschnittene Folie bietet optimalen Schutz vor Kratzern, Staub und Schmutz, ohne die Sicht auf Ihr Display zu beeintr\u00e4chtigen. Die einfache Installation sorgt daf\u00fcr, dass Sie im Handumdrehen bereit f\u00fcr Ihr n\u00e4chstes Abenteuer sind. Investieren Sie in den Werterhalt Ihres Motorrads und genie\u00dfen Sie eine klare und ungest\u00f6rte Anzeige. Passend f\u00fcr: Tachoschutzfolie Displayschutzfolie passend f\u00fcr BMW R1300GS 2024+.<\/p>\n","protected":false},"excerpt":{"rendered":"<p>Entdecken Sie die perfekte L\u00f6sung zum Schutz Ihres Motorrad-Tachos mit unserer hochwertigen Tachoschutzfolie Displayschutzfolie, speziell entwickelt f\u00fcr die BMW R1300GS 2024+. Diese pr\u00e4zisionsgeschnittene Folie bietet optimalen Schutz vor Kratzern, Staub und Schmutz, ohne die Sicht auf Ihr Display zu beeintr\u00e4chtigen. Die einfache Installation sorgt daf\u00fcr, dass Sie im Handumdrehen bereit f\u00fcr Ihr n\u00e4chstes Abenteuer sind. [&hellip;]<\/p>\n","protected":false},"featured_media":0,"comment_status":"open","ping_status":"closed","template":"","meta":{"_et_pb_use_builder":"","_et_pb_old_content":"","_et_gb_content_width":"","_uf_show_specific_survey":0,"_uf_disable_surveys":false},"product_brand":[],"product_cat":[418],"product_tag":[],"class_list":{"0":"post-267179","1":"product","2":"type-product","3":"status-publish","5":"product_cat-bmw-schutzfolie-fuer-dein-motorrad","6":"product_shipping_class-standard","8":"first","9":"instock","10":"taxable","11":"shipping-taxable","12":"purchasable","13":"product-type-variable"},"yoast_head":"<!-- This site is optimized with the Yoast SEO plugin v27.2 - https:\/\/yoast.com\/product\/yoast-seo-wordpress\/ -->\n<title>Tachoschutzfolie Displayschutzfolie passend f\u00fcr BMW R1300RS 2025+<\/title>\n<meta name=\"description\" content=\"Entdecken Sie die perfekte Tachoschutzfolie f\u00fcr Ihre BMW R1300GS 2024+. Unsere hochwertige Displayschutzfolie bietet optimalen Schutz und klare Sicht. Ideal f\u00fcr Motorradliebhaber!\" \/>\n<meta name=\"robots\" content=\"index, follow, max-snippet:-1, max-image-preview:large, max-video-preview:-1\" \/>\n<link rel=\"canonical\" href=\"https:\/\/moto-screenies.de\/fr\/produkt\/tachoschutzfolie-displayschutzfolie-passend-fuer-bmw-r1300rs-2025\/\" \/>\n<meta property=\"og:locale\" content=\"fr_FR\" \/>\n<meta property=\"og:type\" content=\"article\" \/>\n<meta property=\"og:title\" content=\"Tachoschutzfolie Displayschutzfolie passend f\u00fcr BMW R1300RS 2025+\" \/>\n<meta property=\"og:description\" content=\"Entdecken Sie die perfekte Tachoschutzfolie f\u00fcr Ihre BMW R1300GS 2024+. Unsere hochwertige Displayschutzfolie bietet optimalen Schutz und klare Sicht. Ideal f\u00fcr Motorradliebhaber!\" \/>\n<meta property=\"og:url\" content=\"https:\/\/moto-screenies.de\/fr\/produkt\/tachoschutzfolie-displayschutzfolie-passend-fuer-bmw-r1300rs-2025\/\" \/>\n<meta property=\"og:site_name\" content=\"Moto Screenies\" \/>\n<meta property=\"article:modified_time\" content=\"2026-03-05T17:34:39+00:00\" \/>\n<meta name=\"twitter:card\" content=\"summary_large_image\" \/>\n<script type=\"application\/ld+json\" class=\"yoast-schema-graph\">{\"@context\":\"https:\/\/schema.org\",\"@graph\":[{\"@type\":\"WebPage\",\"@id\":\"https:\/\/moto-screenies.de\/fr\/produkt\/tachoschutzfolie-displayschutzfolie-passend-fuer-bmw-r1300rs-2025\/\",\"url\":\"https:\/\/moto-screenies.de\/fr\/produkt\/tachoschutzfolie-displayschutzfolie-passend-fuer-bmw-r1300rs-2025\/\",\"name\":\"Tachoschutzfolie Displayschutzfolie passend f\u00fcr BMW R1300RS 2025+\",\"isPartOf\":{\"@id\":\"https:\/\/moto-screenies.de\/fr\/#website\"},\"datePublished\":\"2026-02-09T06:37:18+00:00\",\"dateModified\":\"2026-03-05T17:34:39+00:00\",\"description\":\"Entdecken Sie die perfekte Tachoschutzfolie f\u00fcr Ihre BMW R1300GS 2024+. Unsere hochwertige Displayschutzfolie bietet optimalen Schutz und klare Sicht. Ideal f\u00fcr Motorradliebhaber!\",\"breadcrumb\":{\"@id\":\"https:\/\/moto-screenies.de\/fr\/produkt\/tachoschutzfolie-displayschutzfolie-passend-fuer-bmw-r1300rs-2025\/#breadcrumb\"},\"inLanguage\":\"fr-FR\",\"potentialAction\":[{\"@type\":\"ReadAction\",\"target\":[\"https:\/\/moto-screenies.de\/fr\/produkt\/tachoschutzfolie-displayschutzfolie-passend-fuer-bmw-r1300rs-2025\/\"]}]},{\"@type\":\"BreadcrumbList\",\"@id\":\"https:\/\/moto-screenies.de\/fr\/produkt\/tachoschutzfolie-displayschutzfolie-passend-fuer-bmw-r1300rs-2025\/#breadcrumb\",\"itemListElement\":[{\"@type\":\"ListItem\",\"position\":1,\"name\":\"Startseite\",\"item\":\"https:\/\/moto-screenies.de\/fr\/\"},{\"@type\":\"ListItem\",\"position\":2,\"name\":\"Boutique\",\"item\":\"https:\/\/moto-screenies.de\/fr\/boutique\/\"},{\"@type\":\"ListItem\",\"position\":3,\"name\":\"Tachoschutzfolie Displayschutzfolie passend f\u00fcr BMW R1300RS 2025+\"}]},{\"@type\":\"WebSite\",\"@id\":\"https:\/\/moto-screenies.de\/fr\/#website\",\"url\":\"https:\/\/moto-screenies.de\/fr\/\",\"name\":\"Moto Screenies\",\"description\":\"Die Displayschutzfolie f\u00fcr dein Motorrad\",\"publisher\":{\"@id\":\"https:\/\/moto-screenies.de\/fr\/#organization\"},\"alternateName\":\"MS\",\"potentialAction\":[{\"@type\":\"SearchAction\",\"target\":{\"@type\":\"EntryPoint\",\"urlTemplate\":\"https:\/\/moto-screenies.de\/fr\/?s={search_term_string}\"},\"query-input\":{\"@type\":\"PropertyValueSpecification\",\"valueRequired\":true,\"valueName\":\"search_term_string\"}}],\"inLanguage\":\"fr-FR\"},{\"@type\":\"Organization\",\"@id\":\"https:\/\/moto-screenies.de\/fr\/#organization\",\"name\":\"Moto Screenies\",\"url\":\"https:\/\/moto-screenies.de\/fr\/\",\"logo\":{\"@type\":\"ImageObject\",\"inLanguage\":\"fr-FR\",\"@id\":\"https:\/\/moto-screenies.de\/fr\/#\/schema\/logo\/image\/\",\"url\":\"\",\"contentUrl\":\"\",\"caption\":\"Moto Screenies\"},\"image\":{\"@id\":\"https:\/\/moto-screenies.de\/fr\/#\/schema\/logo\/image\/\"}}]}<\/script>\n<!-- \/ Yoast SEO plugin. -->","yoast_head_json":{"title":"Tachoschutzfolie Displayschutzfolie passend f\u00fcr BMW R1300RS 2025+","description":"Entdecken Sie die perfekte Tachoschutzfolie f\u00fcr Ihre BMW R1300GS 2024+. Unsere hochwertige Displayschutzfolie bietet optimalen Schutz und klare Sicht. Ideal f\u00fcr Motorradliebhaber!","robots":{"index":"index","follow":"follow","max-snippet":"max-snippet:-1","max-image-preview":"max-image-preview:large","max-video-preview":"max-video-preview:-1"},"canonical":"https:\/\/moto-screenies.de\/fr\/produkt\/tachoschutzfolie-displayschutzfolie-passend-fuer-bmw-r1300rs-2025\/","og_locale":"fr_FR","og_type":"article","og_title":"Tachoschutzfolie Displayschutzfolie passend f\u00fcr BMW R1300RS 2025+","og_description":"Entdecken Sie die perfekte Tachoschutzfolie f\u00fcr Ihre BMW R1300GS 2024+. Unsere hochwertige Displayschutzfolie bietet optimalen Schutz und klare Sicht. Ideal f\u00fcr Motorradliebhaber!","og_url":"https:\/\/moto-screenies.de\/fr\/produkt\/tachoschutzfolie-displayschutzfolie-passend-fuer-bmw-r1300rs-2025\/","og_site_name":"Moto Screenies","article_modified_time":"2026-03-05T17:34:39+00:00","twitter_card":"summary_large_image","schema":{"@context":"https:\/\/schema.org","@graph":[{"@type":"WebPage","@id":"https:\/\/moto-screenies.de\/fr\/produkt\/tachoschutzfolie-displayschutzfolie-passend-fuer-bmw-r1300rs-2025\/","url":"https:\/\/moto-screenies.de\/fr\/produkt\/tachoschutzfolie-displayschutzfolie-passend-fuer-bmw-r1300rs-2025\/","name":"Tachoschutzfolie Displayschutzfolie passend f\u00fcr BMW R1300RS 2025+","isPartOf":{"@id":"https:\/\/moto-screenies.de\/fr\/#website"},"datePublished":"2026-02-09T06:37:18+00:00","dateModified":"2026-03-05T17:34:39+00:00","description":"Entdecken Sie die perfekte Tachoschutzfolie f\u00fcr Ihre BMW R1300GS 2024+. Unsere hochwertige Displayschutzfolie bietet optimalen Schutz und klare Sicht. Ideal f\u00fcr Motorradliebhaber!","breadcrumb":{"@id":"https:\/\/moto-screenies.de\/fr\/produkt\/tachoschutzfolie-displayschutzfolie-passend-fuer-bmw-r1300rs-2025\/#breadcrumb"},"inLanguage":"fr-FR","potentialAction":[{"@type":"ReadAction","target":["https:\/\/moto-screenies.de\/fr\/produkt\/tachoschutzfolie-displayschutzfolie-passend-fuer-bmw-r1300rs-2025\/"]}]},{"@type":"BreadcrumbList","@id":"https:\/\/moto-screenies.de\/fr\/produkt\/tachoschutzfolie-displayschutzfolie-passend-fuer-bmw-r1300rs-2025\/#breadcrumb","itemListElement":[{"@type":"ListItem","position":1,"name":"Startseite","item":"https:\/\/moto-screenies.de\/fr\/"},{"@type":"ListItem","position":2,"name":"Boutique","item":"https:\/\/moto-screenies.de\/fr\/boutique\/"},{"@type":"ListItem","position":3,"name":"Tachoschutzfolie Displayschutzfolie passend f\u00fcr BMW R1300RS 2025+"}]},{"@type":"WebSite","@id":"https:\/\/moto-screenies.de\/fr\/#website","url":"https:\/\/moto-screenies.de\/fr\/","name":"Moto Screenies","description":"Die Displayschutzfolie f\u00fcr dein Motorrad","publisher":{"@id":"https:\/\/moto-screenies.de\/fr\/#organization"},"alternateName":"MS","potentialAction":[{"@type":"SearchAction","target":{"@type":"EntryPoint","urlTemplate":"https:\/\/moto-screenies.de\/fr\/?s={search_term_string}"},"query-input":{"@type":"PropertyValueSpecification","valueRequired":true,"valueName":"search_term_string"}}],"inLanguage":"fr-FR"},{"@type":"Organization","@id":"https:\/\/moto-screenies.de\/fr\/#organization","name":"Moto Screenies","url":"https:\/\/moto-screenies.de\/fr\/","logo":{"@type":"ImageObject","inLanguage":"fr-FR","@id":"https:\/\/moto-screenies.de\/fr\/#\/schema\/logo\/image\/","url":"","contentUrl":"","caption":"Moto Screenies"},"image":{"@id":"https:\/\/moto-screenies.de\/fr\/#\/schema\/logo\/image\/"}}]}},"_links":{"self":[{"href":"https:\/\/moto-screenies.de\/fr\/wp-json\/wp\/v2\/product\/267179","targetHints":{"allow":["GET"]}}],"collection":[{"href":"https:\/\/moto-screenies.de\/fr\/wp-json\/wp\/v2\/product"}],"about":[{"href":"https:\/\/moto-screenies.de\/fr\/wp-json\/wp\/v2\/types\/product"}],"replies":[{"embeddable":true,"href":"https:\/\/moto-screenies.de\/fr\/wp-json\/wp\/v2\/comments?post=267179"}],"wp:attachment":[{"href":"https:\/\/moto-screenies.de\/fr\/wp-json\/wp\/v2\/media?parent=267179"}],"wp:term":[{"taxonomy":"product_brand","embeddable":true,"href":"https:\/\/moto-screenies.de\/fr\/wp-json\/wp\/v2\/product_brand?post=267179"},{"taxonomy":"product_cat","embeddable":true,"href":"https:\/\/moto-screenies.de\/fr\/wp-json\/wp\/v2\/product_cat?post=267179"},{"taxonomy":"product_tag","embeddable":true,"href":"https:\/\/moto-screenies.de\/fr\/wp-json\/wp\/v2\/product_tag?post=267179"}],"curies":[{"name":"wp","href":"https:\/\/api.w.org\/{rel}","templated":true}]}}